{"id":76,"date":"2023-01-30T16:01:58","date_gmt":"2023-01-30T15:01:58","guid":{"rendered":"https:\/\/www.systra.com\/nordic\/?page_id=76"},"modified":"2024-06-26T19:14:18","modified_gmt":"2024-06-26T17:14:18","slug":"systra-sverige","status":"publish","type":"page","link":"https:\/\/www.systra.com\/sweden\/","title":{"rendered":"Accueil"},"content":{"rendered":"\n<div style=\"height:100px\" aria-hidden=\"true\" class=\"wp-block-spacer\"><\/div>\n\n\n\n<h2 class=\"wp-block-heading\" id=\"h-valkommen-till-systra-sverige\">V\u00c4LKOMMEN TILL SYSTRA SVERIGE!<\/h2>\n\n\n\n<div style=\"height:50px\" aria-hidden=\"true\" class=\"wp-block-spacer\"><\/div>\n\n\n\n<p class=\"has-dirty-purple-color has-text-color\">Att hitta innovativa l\u00f6sningar f\u00f6r ett h\u00e5llbart resande \u00e4r SYSTRAs k\u00e4rnverksamhet. <\/p>\n\n\n\n<div style=\"height:5px\" aria-hidden=\"true\" class=\"wp-block-spacer\"><\/div>\n\n\n\n<ul class=\"wp-block-list\">\n<li>Den st\u00e4ndiga fram\u00e5tandan, utvecklingen, starka teamk\u00e4nslan och h\u00f6ga kompetensen har gett SYSTRA en sj\u00e4lvklar plats i branschen hos s\u00e5v\u00e4l myndigheter och kommuner som privata f\u00f6retag.<\/li>\n<\/ul>\n\n\n\n<div style=\"height:80px\" aria-hidden=\"true\" class=\"wp-block-spacer\"><\/div>\n\n\n\n\n<div class=\"wrapper-home-enjeux block-home alignfull\">\n\t<div>\n\t\t<div class=\"container-lines-enjeux-home\">\n\t\t\t<div class=\"wrapper-lines-1 wrapper-lines\">\n\t\t\t\t<div class=\"first-line\"><\/div>\n\t\t\t\t<div class=\"second-line with-angle\"><\/div>\n\t\t\t\t<div class=\"third-line\"><\/div>\n\t\t\t\t<div class=\"fourth-line with-angle\"><\/div>\n\t\t\t\t<div class=\"fifth-line\"><\/div>\n\t\t\t\t<div class=\"sixth-line\"><\/div>\n\t\t\t\t<div class=\"seventh-line\"><\/div>\n\t\t\t\t<div class=\"eighth-line\"><\/div>\n\t\t\t<\/div>\n\t\t<\/div>\n\t\t<div class=\"enjeux-titre\">\n\t\t\t<h2 class=\"h2like\">Vad \u00e4r du intresserad av?<\/h2>\n\t\t<\/div>\n\n\t\t\n\t\t\t<div class=\"wrapper-content\">\n\n\t\t\t\t\n\t\t\t\t\t<a href=\"https:\/\/www.systra.com\/sweden\/om-oss\/\" class=\"single-enjeux\">\n\t\t\t\t\t\t<img decoding=\"async\" src=\"https:\/\/www.systra.com\/sweden\/wp-content\/uploads\/sites\/13\/2023\/03\/systra_about_us-1-237x310.png\" alt=\"\">\n\t\t\t\t\t\t<span class=\"btn\">\n\t\t\t\t\t\t\t\t\t\t\t\t\t\t\t<span class=\"titre\">OM OSS<\/span>\n\t\t\t\t\t\t\t\t\t\t\t\t\t\t<svg class=\"icon-sprite Icon\"><use xlink:href=\"#icon_fleche\" \/><\/svg>\n\t\t\t\t\t\t<\/span>\n\t\t\t\t\t<\/a>\n\t\t\t\t\n\t\t\t\t\t<a href=\"https:\/\/www.systra.com\/sweden\/karriar\/\" class=\"single-enjeux\">\n\t\t\t\t\t\t<img decoding=\"async\" src=\"https:\/\/www.systra.com\/sweden\/wp-content\/uploads\/sites\/13\/2023\/03\/systra_career-1-237x310.png\" alt=\"\">\n\t\t\t\t\t\t<span class=\"btn\">\n\t\t\t\t\t\t\t\t\t\t\t\t\t\t\t<span class=\"titre\">KARRI\u00c4R<\/span>\n\t\t\t\t\t\t\t\t\t\t\t\t\t\t<svg class=\"icon-sprite Icon\"><use xlink:href=\"#icon_fleche\" \/><\/svg>\n\t\t\t\t\t\t<\/span>\n\t\t\t\t\t<\/a>\n\t\t\t\t\n\t\t\t\t\t<a href=\"https:\/\/www.systra.com\/sweden\/tjanster-2\/\" class=\"single-enjeux\">\n\t\t\t\t\t\t<img decoding=\"async\" src=\"https:\/\/www.systra.com\/sweden\/wp-content\/uploads\/sites\/13\/2023\/03\/systra_tjanster-237x310.png\" alt=\"\">\n\t\t\t\t\t\t<span class=\"btn\">\n\t\t\t\t\t\t\t\t\t\t\t\t\t\t\t<span class=\"titre\">TJ\u00c4NSTER<\/span>\n\t\t\t\t\t\t\t\t\t\t\t\t\t\t<svg class=\"icon-sprite Icon\"><use xlink:href=\"#icon_fleche\" \/><\/svg>\n\t\t\t\t\t\t<\/span>\n\t\t\t\t\t<\/a>\n\t\t\t\t\n\t\t\t\t\t<a href=\"https:\/\/www.systra.com\/sweden\/kontakt\/\" class=\"single-enjeux\">\n\t\t\t\t\t\t<img decoding=\"async\" src=\"https:\/\/www.systra.com\/sweden\/wp-content\/uploads\/sites\/13\/2023\/03\/illustration-page-contact-237x310.jpg\" alt=\"\">\n\t\t\t\t\t\t<span class=\"btn\">\n\t\t\t\t\t\t\t\t\t\t\t\t\t\t\t<span class=\"titre\">KONTAKT<\/span>\n\t\t\t\t\t\t\t\t\t\t\t\t\t\t<svg class=\"icon-sprite Icon\"><use xlink:href=\"#icon_fleche\" \/><\/svg>\n\t\t\t\t\t\t<\/span>\n\t\t\t\t\t<\/a>\n\t\t\t\t\t\t\t<\/div>\n\t\t\t<\/div>\n<\/div>\n\n\n\n\n<div class=\"wrapper-home-actus block-home\">\n\t<div class=\"list-actus-home\">\n\t\t<div class=\"container-lines\">\n\t\t\t<div class=\"wrapper-lines-1 wrapper-lines\">\n\t\t\t\t<div class=\"first-line\"><\/div>\n\t\t\t\t<div class=\"second-line with-angle\"><\/div>\n\t\t\t\t<div class=\"third-line\"><\/div>\n\t\t\t\t<div class=\"fourth-line with-angle\"><\/div>\n\t\t\t\t<div class=\"fifth-line\"><\/div>\n\t\t\t<\/div>\n\t\t\t  \n\t\t\t    <\/div>\n\t\t\t    <div class=\"center940 center940-list-actus-home list-desktop\">\n\t\t\t    \t\t\t\t\t\t\t\t\t\t\t    \t\t\t<div id=\"block-contain\" class=\"is-style-grid-alternate\">\n\t\t\t\t\t\t\t\t<div class=\"cols\">\n\t\t\t\t\t\t\t\t\t\t\t\t\t\t\t\t\t\t\t\n\t\t\t\t\t\t\t\t\t\t\t\t\t\t\t\t\t\t\t\t\t<div class=\"item_col_1\">\t\n\t\t\t\t\t\t\t\t\t\t\t\t\t\t\t\t\t\t\t\t\t\t\t\t\t\t\t\t\t\t\t\t\t\t\t\t\t<a href=\"https:\/\/www.systra.com\/sweden\/news\/ett-banbrytande-projekt-for-svensk-hoghastighetsjarnvag\/\" class=\"block post\">\n\t\t\t\t\t\t\t\t\t\t\t\t\t\t<span class=\"block-wrapper-img\">\n\t\t\t\t\t\t\t\t\t\t\t\t\t\t\t<img decoding=\"async\" src=\"https:\/\/www.systra.com\/sweden\/wp-content\/uploads\/sites\/13\/2026\/04\/systra-sven-assarsson-375x250.jpg\" class=\"size-375x250\" alt=\"\">\n\t\t\t\t\t\t\t\t\t\t\t\t\t\t<\/span>\n\t\t\t\t\t\t\t\t\t\t\t\t\t\t<span class=\"wrapper-actus-list-txt\">\n\t\t\t\t\t\t\t\t\t\t\t\t\t\t\t<span class=\"wrapper-actus-list-date\">13 April 2026<\/span>\n\t\t\t\t\t\t\t\t\t\t\t\t\t\t\t<span class=\"wrapper-actus-list-titre\">\n\t\t\t\t\t\t\t\t\t\t\t\t\t\t\t\t<span class=\"titre\">Ett banbrytande projekt f\u00f6r svensk h\u00f6ghastighetsj\u00e4rnv\u00e4g<\/span>\n\t\t\t\t\t\t\t\t\t\t\t\t\t\t\t\t<svg class=\"icon-sprite Icon\"><use xlink:href=\"#icon_fleche\" \/><\/svg>\n\t\t\t\t\t\t\t\t\t\t\t\t\t\t\t<\/span>\n\t\t\t\t\t\t\t\t\t\t\t\t\t\t<\/span>\n\t\t\t\t\t\t\t\t\t\t\t\t\t<\/a>\n\t\t\t\t\t\t\t\t\t\t\t\t\t\t\t\t\t\t\t\t\t\t\t<\/div>\n\t\t\t\t\t\t\t\t\t\t\t\t\t\t\t\t\t\t\t\t\t<div class=\"item_col_2\">\t\n\t\t\t\t\t\t\t\t\t\t\t\t\t\t\t\t\t\t\t\t\t\t\t\t\t<h2 class=\"home-title-newsroom\">News<\/h2>\n\t\t\t\t\t\t\t\t\t\t\t\t\t\t\t\t\t\t\t\t\t\t\t\t\t\t\t\t\t\t\t\t\t\t\t\t\t<a href=\"https:\/\/www.systra.com\/sweden\/news\/att-bygga-broar-handlar-lika-mycket-om-manniskor-som-om-teknik\/\" class=\"block post\">\n\t\t\t\t\t\t\t\t\t\t\t\t\t\t<span class=\"block-wrapper-img\">\n\t\t\t\t\t\t\t\t\t\t\t\t\t\t\t<img decoding=\"async\" src=\"https:\/\/www.systra.com\/sweden\/wp-content\/uploads\/sites\/13\/2026\/02\/systra-infrastruktur-bro-1-niklas-375x250.jpg\" class=\"size-375x250\" alt=\"\">\n\t\t\t\t\t\t\t\t\t\t\t\t\t\t<\/span>\n\t\t\t\t\t\t\t\t\t\t\t\t\t\t<span class=\"wrapper-actus-list-txt\">\n\t\t\t\t\t\t\t\t\t\t\t\t\t\t\t<span class=\"wrapper-actus-list-date\">17 February 2026<\/span>\n\t\t\t\t\t\t\t\t\t\t\t\t\t\t\t<span class=\"wrapper-actus-list-titre\">\n\t\t\t\t\t\t\t\t\t\t\t\t\t\t\t\t<span class=\"titre\">\u201cAtt bygga broar handlar lika mycket om m\u00e4nniskor som om teknik\u201d<\/span>\n\t\t\t\t\t\t\t\t\t\t\t\t\t\t\t\t<svg class=\"icon-sprite Icon\"><use xlink:href=\"#icon_fleche\" \/><\/svg>\n\t\t\t\t\t\t\t\t\t\t\t\t\t\t\t<\/span>\n\t\t\t\t\t\t\t\t\t\t\t\t\t\t<\/span>\n\t\t\t\t\t\t\t\t\t\t\t\t\t<\/a>\n\t\t\t\t\t\t\t\t\t\t\t\t\t\t\t\t\t\t\t\t\t\t\t<\/div>\n\t\t\t\t\t\t\t\t\t\t\t\t\t\t\t\t\t\t\t\t\n\t\t\t\t\t\t\t\t\t\t\t\t\t\t\t\t\t\t\t\n\t\t\t\t\t\t\t\t\t\t\t\t\t\t\t\t\t\t\t\t\t<div class=\"item_col_3 item-decal-top\">\t\n\t\t\t\t\t\t\t\t\t\t\t\t\t\t\t\t\t\t\t\t\t\t\t\t\t\t\t\t\t\t\t\t\t\t\t\t\t<a href=\"https:\/\/www.systra.com\/sweden\/news\/tekniknatverken-driver-utveckling-och-samarbete-pa-systra\/\" class=\"block post\">\n\t\t\t\t\t\t\t\t\t\t\t\t\t\t<span class=\"block-wrapper-img\">\n\t\t\t\t\t\t\t\t\t\t\t\t\t\t\t<img decoding=\"async\" src=\"https:\/\/www.systra.com\/sweden\/wp-content\/uploads\/sites\/13\/2026\/02\/systra-elin-floren-tekniknatverk-1-375x250.jpg\" class=\"size-375x250\" alt=\"\">\n\t\t\t\t\t\t\t\t\t\t\t\t\t\t<\/span>\n\t\t\t\t\t\t\t\t\t\t\t\t\t\t<span class=\"wrapper-actus-list-txt\">\n\t\t\t\t\t\t\t\t\t\t\t\t\t\t\t<span class=\"wrapper-actus-list-date\">4 February 2026<\/span>\n\t\t\t\t\t\t\t\t\t\t\t\t\t\t\t<span class=\"wrapper-actus-list-titre\">\n\t\t\t\t\t\t\t\t\t\t\t\t\t\t\t\t<span class=\"titre\">Teknikn\u00e4tverken driver utveckling och samarbete p\u00e5 SYSTRA<\/span>\n\t\t\t\t\t\t\t\t\t\t\t\t\t\t\t\t<svg class=\"icon-sprite Icon\"><use xlink:href=\"#icon_fleche\" \/><\/svg>\n\t\t\t\t\t\t\t\t\t\t\t\t\t\t\t<\/span>\n\t\t\t\t\t\t\t\t\t\t\t\t\t\t<\/span>\n\t\t\t\t\t\t\t\t\t\t\t\t\t<\/a>\n\t\t\t\t\t\t\t\t\t\t\t\t\t\t\t\t\t\t\t\t\t\t\t<\/div>\n\t\t\t\t\t\t\t\t\t\t\t\t\t\t\t\t\t\t\t\t\t<div class=\"item_col_4\">\t\n\t\t\t\t\t\t\t\t\t\t\t\t\t\t\t\t\t\t\t\t\t\t\t\t\t\t\t\t\t\t\t\t\t\t\t\t\t<a href=\"https:\/\/www.systra.com\/sweden\/news\/praktik-hos-systra-i-brasilien-gav-nya-perspektiv\/\" class=\"block post\">\n\t\t\t\t\t\t\t\t\t\t\t\t\t\t<span class=\"block-wrapper-img\">\n\t\t\t\t\t\t\t\t\t\t\t\t\t\t\t<img decoding=\"async\" src=\"https:\/\/www.systra.com\/sweden\/wp-content\/uploads\/sites\/13\/2026\/02\/systra-sandra-praktik-brasilien-375x250.jpg\" class=\"size-375x250\" alt=\"\">\n\t\t\t\t\t\t\t\t\t\t\t\t\t\t<\/span>\n\t\t\t\t\t\t\t\t\t\t\t\t\t\t<span class=\"wrapper-actus-list-txt\">\n\t\t\t\t\t\t\t\t\t\t\t\t\t\t\t<span class=\"wrapper-actus-list-date\">4 February 2026<\/span>\n\t\t\t\t\t\t\t\t\t\t\t\t\t\t\t<span class=\"wrapper-actus-list-titre\">\n\t\t\t\t\t\t\t\t\t\t\t\t\t\t\t\t<span class=\"titre\">Praktik hos SYSTRA i Brasilien gav nya perspektiv<\/span>\n\t\t\t\t\t\t\t\t\t\t\t\t\t\t\t\t<svg class=\"icon-sprite Icon\"><use xlink:href=\"#icon_fleche\" \/><\/svg>\n\t\t\t\t\t\t\t\t\t\t\t\t\t\t\t<\/span>\n\t\t\t\t\t\t\t\t\t\t\t\t\t\t<\/span>\n\t\t\t\t\t\t\t\t\t\t\t\t\t<\/a>\n\t\t\t\t\t\t\t\t\t\t\t\t\t\t\t\t\t\t\t\t\t\t\t<\/div>\n\t\t\t\t\t\t\t\t\t\t\t\t\t\t\t\t\t\t\t\t\n\t\t\t\t\t\t\t\t\t\t\t\t\t\t\t\t\t<\/div>\n\t\t\t    \t\t\t<\/div>\n\t\t\t    \t\t\n\t\t\t\t\t\t\t\t    <\/div>\n\t\t\t<\/div>\n\t\t\t<div class=\"wrapper-actus-links dgdgdgg\">\n\t\t\t\t\t\t\t\t<a href=\"https:\/\/www.systra.com\/sweden\/en\/news\/\" class=\"link-actus btn-hover\"><svg class=\"icon-sprite Icon\"><use xlink:href=\"#icon_fleche\" \/><\/svg><span>All the news<\/span><\/a>\n\n\t\t\t\t\t\t\t<\/div>\t\t\t\n\t\t<\/div>\n\n\n<div style=\"height:80px\" aria-hidden=\"true\" class=\"wp-block-spacer\"><\/div>\n\n\n\n<h2 class=\"wp-block-heading\" id=\"h-sociala-medier\">SOCIALA MEDIER<\/h2>\n\n\n\n<div style=\"height:40px\" aria-hidden=\"true\" class=\"wp-block-spacer\"><\/div>\n\n\n\n<div class=\"wp-block-columns is-layout-flex wp-container-core-columns-is-layout-9d6595d7 wp-block-columns-is-layout-flex\">\n<div class=\"wp-block-column is-vertically-aligned-center is-layout-flow wp-block-column-is-layout-flow\">\n<a href=\"https:\/\/www.instagram.com\/livetpasystra\/\" target=\"_blank\" rel=\"noopener noreferrer\" class=\"cta-icon is-style-dirty-purple-background\"><svg aria-hidden=\"true\" focusable=\"false\" data-prefix=\"fab\" data-icon=\"instagram\" class=\"svg-inline--fa fa-instagram fa-w-14 icon-sprite Icon\" role=\"img\" xmlns=\"http:\/\/www.w3.org\/2000\/svg\" viewBox=\"0 0 448 512\" aria-label=\"instagram\"><path fill=\"currentColor\" d=\"M224.1 141c-63.6 0-114.9 51.3-114.9 114.9s51.3 114.9 114.9 114.9S339 319.5 339 255.9 287.7 141 224.1 141zm0 189.6c-41.1 0-74.7-33.5-74.7-74.7s33.5-74.7 74.7-74.7 74.7 33.5 74.7 74.7-33.6 74.7-74.7 74.7zm146.4-194.3c0 14.9-12 26.8-26.8 26.8-14.9 0-26.8-12-26.8-26.8s12-26.8 26.8-26.8 26.8 12 26.8 26.8zm76.1 27.2c-1.7-35.9-9.9-67.7-36.2-93.9-26.2-26.2-58-34.4-93.9-36.2-37-2.1-147.9-2.1-184.9 0-35.8 1.7-67.6 9.9-93.9 36.1s-34.4 58-36.2 93.9c-2.1 37-2.1 147.9 0 184.9 1.7 35.9 9.9 67.7 36.2 93.9s58 34.4 93.9 36.2c37 2.1 147.9 2.1 184.9 0 35.9-1.7 67.7-9.9 93.9-36.2 26.2-26.2 34.4-58 36.2-93.9 2.1-37 2.1-147.8 0-184.8zM398.8 388c-7.8 19.6-22.9 34.7-42.6 42.6-29.5 11.7-99.5 9-132.1 9s-102.7 2.6-132.1-9c-19.6-7.8-34.7-22.9-42.6-42.6-11.7-29.5-9-99.5-9-132.1s-2.6-102.7 9-132.1c7.8-19.6 22.9-34.7 42.6-42.6 29.5-11.7 99.5-9 132.1-9s102.7-2.6 132.1 9c19.6 7.8 34.7 22.9 42.6 42.6 11.7 29.5 9 99.5 9 132.1s2.7 102.7-9 132.1z\"><\/path><\/svg><span>Instagram SYSTRA Sverige<\/span><\/a>\n<\/div>\n\n\n\n<div class=\"wp-block-column is-vertically-aligned-center is-layout-flow wp-block-column-is-layout-flow\">\n<a href=\"https:\/\/www.linkedin.com\/company\/systra-sverige\/\" target=\"_blank\" rel=\"noopener noreferrer\" class=\"cta-icon is-style-pale-mauve-background\"><svg aria-hidden=\"true\" focusable=\"false\" data-prefix=\"fab\" data-icon=\"linkedin\" class=\"svg-inline--fa fa-linkedin fa-w-14 icon-sprite Icon\" role=\"img\" xmlns=\"http:\/\/www.w3.org\/2000\/svg\" viewBox=\"0 0 448 512\" aria-label=\"linkedin\"><path fill=\"currentColor\" d=\"M416 32H31.9C14.3 32 0 46.5 0 64.3v383.4C0 465.5 14.3 480 31.9 480H416c17.6 0 32-14.5 32-32.3V64.3c0-17.8-14.4-32.3-32-32.3zM135.4 416H69V202.2h66.5V416zm-33.2-243c-21.3 0-38.5-17.3-38.5-38.5S80.9 96 102.2 96c21.2 0 38.5 17.3 38.5 38.5 0 21.3-17.2 38.5-38.5 38.5zm282.1 243h-66.4V312c0-24.8-.5-56.7-34.5-56.7-34.6 0-39.9 27-39.9 54.9V416h-66.4V202.2h63.7v29.2h.9c8.9-16.8 30.6-34.5 62.9-34.5 67.2 0 79.7 44.3 79.7 101.9V416z\"><\/path><\/svg><span>Linkedin SYSTRA Sverige<\/span><\/a>\n<\/div>\n<\/div>\n\n\n\n<div style=\"height:100px\" aria-hidden=\"true\" class=\"wp-block-spacer\"><\/div>\n\n\n\n<div class=\"wrapper-home-top block-home\">\n\t<div class=\"center1130\">\n\t\t<div class=\"container-lines-intro-home\">\n\t\t\t<div class=\"wrapper-lines-1 wrapper-lines\">\n\t\t\t\t<div class=\"first-line\"><\/div>\n\t\t\t\t<div class=\"second-line with-angle\"><\/div>\n\t\t\t\t<div class=\"third-line\"><\/div>\n\t\t\t\t<div class=\"fourth-line with-angle\"><\/div>\n\t\t\t\t<div class=\"fifth-line\"><\/div>\n\t\t\t\t<div class=\"sixth-line\"><\/div>\n\t\t\t<\/div>\n\t\t\t<div class=\"wrapper-lines-2 wrapper-lines\">\n\t\t\t\t<div class=\"first-line\"><\/div>\n\t\t\t\t<div class=\"second-line with-angle\"><\/div>\n\t\t\t\t<div class=\"third-line\"><\/div>\n\t\t\t\t<div class=\"fourth-line with-angle\"><\/div>\n\t\t\t\t<div class=\"fifth-line\"><\/div>\n\t\t\t\t<div class=\"sixth-line\"><\/div>\n\t\t\t\t<div class=\"seventh-line\"><\/div>\n\t\t\t<\/div>\n\t\t<\/div>\n\t\t<div class=\"rectangle-left\"><\/div>\n\t\t<div class=\"wrapper-h1\">\n\t\t\t\t\t\t\t<h1 class=\"h1like\">SYSTRA keeps the world moving! Vi tillh\u00f6r SYSTRA Koncernen<\/h1>\n\t\t\t\t\t<\/div>\n\n\t\t<div class=\"conteneur-bloc-intro\">\n\t\t\t<div class=\"wp-block-embed-youtube-bloc-intro systra-mt-0 wp-block-embed is-type-video is-provider-youtube wp-embed-aspect-16-9 wp-has-aspect-ratio box-bloc-intro\">\n\t\t\t\t<div class=\"wp-block-embed__wrapper wrapper-video padding-bloc-intro\">\n                    <iframe loading=\"lazy\" title=\"SYSTRA keeps the world moving\" width=\"640\" height=\"360\" src=\"https:\/\/www.youtube-nocookie.com\/embed\/8IctGQGpKj0?feature=oembed\" frameborder=\"0\" allow=\"accelerometer; autoplay; clipboard-write; encrypted-media; gyroscope; picture-in-picture; web-share\" referrerpolicy=\"strict-origin-when-cross-origin\" allowfullscreen><\/iframe>\t\t\t\t<\/div>\n\t\t\t<\/div>\n\n\t\t\t<div class=\"wrapper-vision box-bloc-intro\">\n\t\t\t\t<div class=\"content-vision\">\n\t\t\t\t\t<div class=\"vision-txt\">\n\t\t\t\t\t\t\t\t\t\t\t<\/div>\n\t\t\t\t\t\t\t\t\t<\/div>\n\t\t\t<\/div>\n\t\t<\/div>\n\t<\/div>\n<\/div>\n\n\n\n<div style=\"height:100px\" aria-hidden=\"true\" class=\"wp-block-spacer\"><\/div>\n","protected":false},"excerpt":{"rendered":"<p>V\u00c4LKOMMEN TILL SYSTRA SVERIGE! Att hitta innovativa l\u00f6sningar f\u00f6r ett h\u00e5llbart resande \u00e4r SYSTRAs k\u00e4rnverksamhet. SOCIALA MEDIER<\/p>\n","protected":false},"author":2,"featured_media":2892,"parent":0,"menu_order":0,"comment_status":"closed","ping_status":"closed","template":"","meta":{"_acf_changed":false,"_relevanssi_hide_post":"","_relevanssi_hide_content":"","_relevanssi_pin_for_all":"","_relevanssi_pin_keywords":"","_relevanssi_unpin_keywords":"","_relevanssi_related_keywords":"","_relevanssi_related_include_ids":"","_relevanssi_related_exclude_ids":"","_relevanssi_related_no_append":"","_relevanssi_related_not_related":"","_relevanssi_related_posts":"1","_relevanssi_noindex_reason":"","footnotes":""},"class_list":["post-76","page","type-page","status-publish","has-post-thumbnail","hentry"],"acf":[],"yoast_head":"<!-- This site is optimized with the Yoast SEO Premium plugin v27.3 (Yoast SEO v27.3) - https:\/\/yoast.com\/product\/yoast-seo-premium-wordpress\/ -->\n<title>V\u00e4lkommen till SYSTRA Sverige - SYSTRA Sverige<\/title>\n<meta name=\"description\" content=\"SYSTRA Sverige, consulting and engineering firm, world leader in public transport infrastructure engineering.\" \/>\n<meta name=\"robots\" content=\"index, follow, max-snippet:-1, max-image-preview:large, max-video-preview:-1\" \/>\n<meta property=\"og:locale\" content=\"en_US\" \/>\n<meta property=\"og:type\" content=\"article\" \/>\n<meta property=\"og:title\" content=\"Accueil\" \/>\n<meta property=\"og:description\" content=\"SYSTRA Sverige, consulting and engineering firm, world leader in public transport infrastructure engineering.\" \/>\n<meta property=\"og:url\" content=\"https:\/\/www.systra.com\/sweden\/\" \/>\n<meta property=\"og:site_name\" content=\"Sweden\" \/>\n<meta property=\"article:modified_time\" content=\"2024-06-26T17:14:18+00:00\" \/>\n<meta property=\"og:image\" content=\"https:\/\/www.systra.com\/sweden\/wp-content\/uploads\/sites\/13\/2023\/05\/5_webb_a.jpg\" \/>\n\t<meta property=\"og:image:width\" content=\"2380\" \/>\n\t<meta property=\"og:image:height\" content=\"1500\" \/>\n\t<meta property=\"og:image:type\" content=\"image\/jpeg\" \/>\n<meta name=\"twitter:card\" content=\"summary_large_image\" \/>\n<meta name=\"twitter:label1\" content=\"Est. reading time\" \/>\n\t<meta name=\"twitter:data1\" content=\"1 minute\" \/>\n<script type=\"application\/ld+json\" class=\"yoast-schema-graph\">{\"@context\":\"https:\\\/\\\/schema.org\",\"@graph\":[{\"@type\":\"WebPage\",\"@id\":\"https:\\\/\\\/www.systra.com\\\/sweden\\\/\",\"url\":\"https:\\\/\\\/www.systra.com\\\/sweden\\\/\",\"name\":\"V\u00e4lkommen till SYSTRA Sverige - SYSTRA Sverige\",\"isPartOf\":{\"@id\":\"https:\\\/\\\/www.systra.com\\\/sweden\\\/#website\"},\"primaryImageOfPage\":{\"@id\":\"https:\\\/\\\/www.systra.com\\\/sweden\\\/#primaryimage\"},\"image\":{\"@id\":\"https:\\\/\\\/www.systra.com\\\/sweden\\\/#primaryimage\"},\"thumbnailUrl\":\"https:\\\/\\\/www.systra.com\\\/sweden\\\/wp-content\\\/uploads\\\/sites\\\/13\\\/2023\\\/05\\\/5_webb_a.jpg\",\"datePublished\":\"2023-01-30T15:01:58+00:00\",\"dateModified\":\"2024-06-26T17:14:18+00:00\",\"description\":\"SYSTRA Sverige, consulting and engineering firm, world leader in public transport infrastructure engineering.\",\"breadcrumb\":{\"@id\":\"https:\\\/\\\/www.systra.com\\\/sweden\\\/#breadcrumb\"},\"inLanguage\":\"en-US\",\"potentialAction\":[{\"@type\":\"ReadAction\",\"target\":[\"https:\\\/\\\/www.systra.com\\\/sweden\\\/\"]}]},{\"@type\":\"ImageObject\",\"inLanguage\":\"en-US\",\"@id\":\"https:\\\/\\\/www.systra.com\\\/sweden\\\/#primaryimage\",\"url\":\"https:\\\/\\\/www.systra.com\\\/sweden\\\/wp-content\\\/uploads\\\/sites\\\/13\\\/2023\\\/05\\\/5_webb_a.jpg\",\"contentUrl\":\"https:\\\/\\\/www.systra.com\\\/sweden\\\/wp-content\\\/uploads\\\/sites\\\/13\\\/2023\\\/05\\\/5_webb_a.jpg\",\"width\":2380,\"height\":1500},{\"@type\":\"BreadcrumbList\",\"@id\":\"https:\\\/\\\/www.systra.com\\\/sweden\\\/#breadcrumb\",\"itemListElement\":[{\"@type\":\"ListItem\",\"position\":1,\"name\":\"Hemsida\",\"item\":\"https:\\\/\\\/www.systra.com\\\/sweden\\\/en\\\/\"},{\"@type\":\"ListItem\",\"position\":2,\"name\":\"Accueil\"}]},{\"@type\":\"WebSite\",\"@id\":\"https:\\\/\\\/www.systra.com\\\/sweden\\\/#website\",\"url\":\"https:\\\/\\\/www.systra.com\\\/sweden\\\/\",\"name\":\"SYSTRA Sweden\",\"description\":\"Un site utilisant Les sites de Systra\",\"potentialAction\":[{\"@type\":\"SearchAction\",\"target\":{\"@type\":\"EntryPoint\",\"urlTemplate\":\"https:\\\/\\\/www.systra.com\\\/sweden\\\/?s={search_term_string}\"},\"query-input\":{\"@type\":\"PropertyValueSpecification\",\"valueRequired\":true,\"valueName\":\"search_term_string\"}}],\"inLanguage\":\"en-US\"}]}<\/script>\n<!-- \/ Yoast SEO Premium plugin. -->","yoast_head_json":{"title":"V\u00e4lkommen till SYSTRA Sverige - SYSTRA Sverige","description":"SYSTRA Sverige, consulting and engineering firm, world leader in public transport infrastructure engineering.","robots":{"index":"index","follow":"follow","max-snippet":"max-snippet:-1","max-image-preview":"max-image-preview:large","max-video-preview":"max-video-preview:-1"},"og_locale":"en_US","og_type":"article","og_title":"Accueil","og_description":"SYSTRA Sverige, consulting and engineering firm, world leader in public transport infrastructure engineering.","og_url":"https:\/\/www.systra.com\/sweden\/","og_site_name":"Sweden","article_modified_time":"2024-06-26T17:14:18+00:00","og_image":[{"width":2380,"height":1500,"url":"https:\/\/www.systra.com\/sweden\/wp-content\/uploads\/sites\/13\/2023\/05\/5_webb_a.jpg","type":"image\/jpeg"}],"twitter_card":"summary_large_image","twitter_misc":{"Est. reading time":"1 minute"},"schema":{"@context":"https:\/\/schema.org","@graph":[{"@type":"WebPage","@id":"https:\/\/www.systra.com\/sweden\/","url":"https:\/\/www.systra.com\/sweden\/","name":"V\u00e4lkommen till SYSTRA Sverige - SYSTRA Sverige","isPartOf":{"@id":"https:\/\/www.systra.com\/sweden\/#website"},"primaryImageOfPage":{"@id":"https:\/\/www.systra.com\/sweden\/#primaryimage"},"image":{"@id":"https:\/\/www.systra.com\/sweden\/#primaryimage"},"thumbnailUrl":"https:\/\/www.systra.com\/sweden\/wp-content\/uploads\/sites\/13\/2023\/05\/5_webb_a.jpg","datePublished":"2023-01-30T15:01:58+00:00","dateModified":"2024-06-26T17:14:18+00:00","description":"SYSTRA Sverige, consulting and engineering firm, world leader in public transport infrastructure engineering.","breadcrumb":{"@id":"https:\/\/www.systra.com\/sweden\/#breadcrumb"},"inLanguage":"en-US","potentialAction":[{"@type":"ReadAction","target":["https:\/\/www.systra.com\/sweden\/"]}]},{"@type":"ImageObject","inLanguage":"en-US","@id":"https:\/\/www.systra.com\/sweden\/#primaryimage","url":"https:\/\/www.systra.com\/sweden\/wp-content\/uploads\/sites\/13\/2023\/05\/5_webb_a.jpg","contentUrl":"https:\/\/www.systra.com\/sweden\/wp-content\/uploads\/sites\/13\/2023\/05\/5_webb_a.jpg","width":2380,"height":1500},{"@type":"BreadcrumbList","@id":"https:\/\/www.systra.com\/sweden\/#breadcrumb","itemListElement":[{"@type":"ListItem","position":1,"name":"Hemsida","item":"https:\/\/www.systra.com\/sweden\/en\/"},{"@type":"ListItem","position":2,"name":"Accueil"}]},{"@type":"WebSite","@id":"https:\/\/www.systra.com\/sweden\/#website","url":"https:\/\/www.systra.com\/sweden\/","name":"SYSTRA Sweden","description":"Un site utilisant Les sites de Systra","potentialAction":[{"@type":"SearchAction","target":{"@type":"EntryPoint","urlTemplate":"https:\/\/www.systra.com\/sweden\/?s={search_term_string}"},"query-input":{"@type":"PropertyValueSpecification","valueRequired":true,"valueName":"search_term_string"}}],"inLanguage":"en-US"}]}},"lang":"sv","translations":{"sv":76},"pll_sync_post":[],"_links":{"self":[{"href":"https:\/\/www.systra.com\/sweden\/wp-json\/wp\/v2\/pages\/76","targetHints":{"allow":["GET"]}}],"collection":[{"href":"https:\/\/www.systra.com\/sweden\/wp-json\/wp\/v2\/pages"}],"about":[{"href":"https:\/\/www.systra.com\/sweden\/wp-json\/wp\/v2\/types\/page"}],"author":[{"embeddable":true,"href":"https:\/\/www.systra.com\/sweden\/wp-json\/wp\/v2\/users\/2"}],"replies":[{"embeddable":true,"href":"https:\/\/www.systra.com\/sweden\/wp-json\/wp\/v2\/comments?post=76"}],"version-history":[{"count":358,"href":"https:\/\/www.systra.com\/sweden\/wp-json\/wp\/v2\/pages\/76\/revisions"}],"predecessor-version":[{"id":7176,"href":"https:\/\/www.systra.com\/sweden\/wp-json\/wp\/v2\/pages\/76\/revisions\/7176"}],"wp:featuredmedia":[{"embeddable":true,"href":"https:\/\/www.systra.com\/sweden\/wp-json\/wp\/v2\/media\/2892"}],"wp:attachment":[{"href":"https:\/\/www.systra.com\/sweden\/wp-json\/wp\/v2\/media?parent=76"}],"curies":[{"name":"wp","href":"https:\/\/api.w.org\/{rel}","templated":true}]}}