{"id":7103,"date":"2024-06-25T16:38:15","date_gmt":"2024-06-25T14:38:15","guid":{"rendered":"https:\/\/www.systra.com\/sweden\/?page_id=7103"},"modified":"2024-07-04T14:25:33","modified_gmt":"2024-07-04T12:25:33","slug":"karriar","status":"publish","type":"page","link":"https:\/\/www.systra.com\/sweden\/karriar\/","title":{"rendered":"\u00a0Karri\u00e4r"},"content":{"rendered":"\n<div class=\"wp-block-columns is-layout-flex wp-container-core-columns-is-layout-9d6595d7 wp-block-columns-is-layout-flex\">\n<div class=\"wp-block-column is-layout-flow wp-block-column-is-layout-flow\">\n<figure class=\"wp-block-image size-large\"><img loading=\"lazy\" decoding=\"async\" width=\"1024\" height=\"645\" src=\"https:\/\/www.systra.com\/sweden\/wp-content\/uploads\/sites\/13\/2023\/03\/systra_career-1-1024x645.png\" alt=\"\" class=\"wp-image-1423\" srcset=\"https:\/\/www.systra.com\/sweden\/wp-content\/uploads\/sites\/13\/2023\/03\/systra_career-1-1024x645.png 1024w, https:\/\/www.systra.com\/sweden\/wp-content\/uploads\/sites\/13\/2023\/03\/systra_career-1-300x189.png 300w, https:\/\/www.systra.com\/sweden\/wp-content\/uploads\/sites\/13\/2023\/03\/systra_career-1-768x484.png 768w, https:\/\/www.systra.com\/sweden\/wp-content\/uploads\/sites\/13\/2023\/03\/systra_career-1-1536x968.png 1536w, https:\/\/www.systra.com\/sweden\/wp-content\/uploads\/sites\/13\/2023\/03\/systra_career-1-2048x1291.png 2048w, https:\/\/www.systra.com\/sweden\/wp-content\/uploads\/sites\/13\/2023\/03\/systra_career-1-474x299.png 474w, https:\/\/www.systra.com\/sweden\/wp-content\/uploads\/sites\/13\/2023\/03\/systra_career-1-1700x1071.png 1700w, https:\/\/www.systra.com\/sweden\/wp-content\/uploads\/sites\/13\/2023\/03\/systra_career-1-1352x852.png 1352w, https:\/\/www.systra.com\/sweden\/wp-content\/uploads\/sites\/13\/2023\/03\/systra_career-1-800x504.png 800w, https:\/\/www.systra.com\/sweden\/wp-content\/uploads\/sites\/13\/2023\/03\/systra_career-1-180x113.png 180w, https:\/\/www.systra.com\/sweden\/wp-content\/uploads\/sites\/13\/2023\/03\/systra_career-1-153x96.png 153w, https:\/\/www.systra.com\/sweden\/wp-content\/uploads\/sites\/13\/2023\/03\/systra_career-1-230x145.png 230w\" sizes=\"auto, (max-width: 1024px) 100vw, 1024px\" \/><\/figure>\n\n\n\n<div style=\"height:50px\" aria-hidden=\"true\" class=\"wp-block-spacer\"><\/div>\n\n\n\n<h2 class=\"wp-block-heading\" id=\"h-varfor-systra\">Varf\u00f6r SYSTRA?<\/h2>\n\n\n\n<div style=\"height:10px\" aria-hidden=\"true\" class=\"wp-block-spacer\"><\/div>\n\n\n\n<p><strong>SYSTRA \u00e4r mer \u00e4n bara en arbetsplats.<\/strong><\/p>\n\n\n\n<div style=\"height:10px\" aria-hidden=\"true\" class=\"wp-block-spacer\"><\/div>\n\n\n\n<p>Vi \u00e4r en gemenskap av m\u00e5nga olika kompetenser och h\u00e5llbarhetsentusiaster som arbetar tillsammans f\u00f6r att skapa en b\u00e4ttre framtid. Det finns m\u00e5nga anledningar till att vara med p\u00e5 resan.<\/p>\n\n\n\n<div style=\"height:20px\" aria-hidden=\"true\" class=\"wp-block-spacer\"><\/div>\n\n\n\n<div class=\"wp-block-buttons is-layout-flex wp-block-buttons-is-layout-flex\">\n<div class=\"wp-block-button has-custom-font-size is-style-offer-button has-large-font-size\"><a class=\"wp-block-button__link wp-element-button\" href=\"https:\/\/www.systra.com\/sweden\/karriar\/varfor-systra\/\" target=\"_blank\" rel=\"noreferrer noopener\">L\u00e4s mer<\/a><\/div>\n<\/div>\n<\/div>\n\n\n\n<div class=\"wp-block-column is-layout-flow wp-block-column-is-layout-flow\">\n<figure class=\"wp-block-image size-large\"><img loading=\"lazy\" decoding=\"async\" width=\"1024\" height=\"645\" src=\"https:\/\/www.systra.com\/sweden\/wp-content\/uploads\/sites\/13\/2024\/06\/221007-systra-helsingborg_a-1024x645.jpg\" alt=\"\" class=\"wp-image-6764\" srcset=\"https:\/\/www.systra.com\/sweden\/wp-content\/uploads\/sites\/13\/2024\/06\/221007-systra-helsingborg_a-1024x645.jpg 1024w, https:\/\/www.systra.com\/sweden\/wp-content\/uploads\/sites\/13\/2024\/06\/221007-systra-helsingborg_a-300x189.jpg 300w, https:\/\/www.systra.com\/sweden\/wp-content\/uploads\/sites\/13\/2024\/06\/221007-systra-helsingborg_a-768x484.jpg 768w, https:\/\/www.systra.com\/sweden\/wp-content\/uploads\/sites\/13\/2024\/06\/221007-systra-helsingborg_a-1536x968.jpg 1536w, https:\/\/www.systra.com\/sweden\/wp-content\/uploads\/sites\/13\/2024\/06\/221007-systra-helsingborg_a-2048x1291.jpg 2048w, https:\/\/www.systra.com\/sweden\/wp-content\/uploads\/sites\/13\/2024\/06\/221007-systra-helsingborg_a-474x299.jpg 474w, https:\/\/www.systra.com\/sweden\/wp-content\/uploads\/sites\/13\/2024\/06\/221007-systra-helsingborg_a-1700x1071.jpg 1700w, https:\/\/www.systra.com\/sweden\/wp-content\/uploads\/sites\/13\/2024\/06\/221007-systra-helsingborg_a-1352x852.jpg 1352w, https:\/\/www.systra.com\/sweden\/wp-content\/uploads\/sites\/13\/2024\/06\/221007-systra-helsingborg_a-800x504.jpg 800w, https:\/\/www.systra.com\/sweden\/wp-content\/uploads\/sites\/13\/2024\/06\/221007-systra-helsingborg_a-180x113.jpg 180w, https:\/\/www.systra.com\/sweden\/wp-content\/uploads\/sites\/13\/2024\/06\/221007-systra-helsingborg_a-153x96.jpg 153w, https:\/\/www.systra.com\/sweden\/wp-content\/uploads\/sites\/13\/2024\/06\/221007-systra-helsingborg_a-230x145.jpg 230w\" sizes=\"auto, (max-width: 1024px) 100vw, 1024px\" \/><\/figure>\n\n\n\n<div style=\"height:50px\" aria-hidden=\"true\" class=\"wp-block-spacer\"><\/div>\n\n\n\n<h2 class=\"wp-block-heading\" id=\"h-livet-pa-systra\">livet p\u00e5 SYSTRA<\/h2>\n\n\n\n<div style=\"height:10px\" aria-hidden=\"true\" class=\"wp-block-spacer\"><\/div>\n\n\n\n<p><strong>Vi p\u00e5 SYSTRA str\u00e4var efter att g\u00f6ra din tid hos oss betydelsefull.<\/strong><\/p>\n\n\n\n<div style=\"height:10px\" aria-hidden=\"true\" class=\"wp-block-spacer\"><\/div>\n\n\n\n<p>Kom in i v\u00e5r v\u00e4rld och bekanta dig med v\u00e5ra medarbetare. Ta del av deras historier och l\u00e5t dig inspireras. Vi ser med sp\u00e4nning fram emot att v\u00e4lkomna dig till v\u00e5r SYSTRA-gemenskap och g\u00f6ra denna resa tillsammans!<\/p>\n\n\n\n<div style=\"height:20px\" aria-hidden=\"true\" class=\"wp-block-spacer\"><\/div>\n\n\n\n<div class=\"wp-block-buttons is-layout-flex wp-block-buttons-is-layout-flex\">\n<div class=\"wp-block-button is-style-offer-button\"><a class=\"wp-block-button__link wp-element-button\" href=\"https:\/\/www.systra.com\/sweden\/karriar\/livet-pa-systra\/\" target=\"_blank\" rel=\"noreferrer noopener\">L\u00e4s mer<\/a><\/div>\n<\/div>\n<\/div>\n<\/div>\n\n\n\n<div style=\"height:80px\" aria-hidden=\"true\" class=\"wp-block-spacer\"><\/div>\n\n\n\n<div class=\"wp-block-columns is-layout-flex wp-container-core-columns-is-layout-9d6595d7 wp-block-columns-is-layout-flex\">\n<div class=\"wp-block-column is-layout-flow wp-block-column-is-layout-flow\">\n<figure class=\"wp-block-image size-large\"><img loading=\"lazy\" decoding=\"async\" width=\"1024\" height=\"645\" src=\"https:\/\/www.systra.com\/sweden\/wp-content\/uploads\/sites\/13\/2024\/06\/header_offre_emploi-2-1024x645.jpg\" alt=\"\" class=\"wp-image-7137\" srcset=\"https:\/\/www.systra.com\/sweden\/wp-content\/uploads\/sites\/13\/2024\/06\/header_offre_emploi-2-1024x645.jpg 1024w, https:\/\/www.systra.com\/sweden\/wp-content\/uploads\/sites\/13\/2024\/06\/header_offre_emploi-2-300x189.jpg 300w, https:\/\/www.systra.com\/sweden\/wp-content\/uploads\/sites\/13\/2024\/06\/header_offre_emploi-2-768x484.jpg 768w, https:\/\/www.systra.com\/sweden\/wp-content\/uploads\/sites\/13\/2024\/06\/header_offre_emploi-2-1536x968.jpg 1536w, https:\/\/www.systra.com\/sweden\/wp-content\/uploads\/sites\/13\/2024\/06\/header_offre_emploi-2-2048x1291.jpg 2048w, https:\/\/www.systra.com\/sweden\/wp-content\/uploads\/sites\/13\/2024\/06\/header_offre_emploi-2-474x299.jpg 474w, https:\/\/www.systra.com\/sweden\/wp-content\/uploads\/sites\/13\/2024\/06\/header_offre_emploi-2-1700x1071.jpg 1700w, https:\/\/www.systra.com\/sweden\/wp-content\/uploads\/sites\/13\/2024\/06\/header_offre_emploi-2-1352x852.jpg 1352w, https:\/\/www.systra.com\/sweden\/wp-content\/uploads\/sites\/13\/2024\/06\/header_offre_emploi-2-800x504.jpg 800w, https:\/\/www.systra.com\/sweden\/wp-content\/uploads\/sites\/13\/2024\/06\/header_offre_emploi-2-180x113.jpg 180w, https:\/\/www.systra.com\/sweden\/wp-content\/uploads\/sites\/13\/2024\/06\/header_offre_emploi-2-153x96.jpg 153w, https:\/\/www.systra.com\/sweden\/wp-content\/uploads\/sites\/13\/2024\/06\/header_offre_emploi-2-230x145.jpg 230w\" sizes=\"auto, (max-width: 1024px) 100vw, 1024px\" \/><\/figure>\n\n\n\n<div style=\"height:50px\" aria-hidden=\"true\" class=\"wp-block-spacer\"><\/div>\n\n\n\n<h2 class=\"wp-block-heading\" id=\"h-lediga-jobb\">Lediga Jobb<\/h2>\n\n\n\n<div style=\"height:10px\" aria-hidden=\"true\" class=\"wp-block-spacer\"><\/div>\n\n\n\n<p>Vill du arbeta f\u00f6r ett v\u00e4rldsledande konsultbolag inom samh\u00e4llsbyggnad och infrastruktur? Vi har p\u00e5b\u00f6rjat resan och vill att du ska h\u00e4nga med och bidra till att f\u00f6rst\u00e4rka och forma verksamheten!<\/p>\n\n\n\n<div style=\"height:10px\" aria-hidden=\"true\" class=\"wp-block-spacer\"><\/div>\n\n\n\n<div class=\"wp-block-buttons is-layout-flex wp-block-buttons-is-layout-flex\">\n<div class=\"wp-block-button is-style-offer-button\"><a class=\"wp-block-button__link wp-element-button\" href=\"https:\/\/www.systra.com\/sweden\/lediga-jobb\/?country=sweden_sv&amp;pa=1\" target=\"_blank\" rel=\"noreferrer noopener\">L\u00e4s mer<\/a><\/div>\n<\/div>\n<\/div>\n\n\n\n<div class=\"wp-block-column is-layout-flow wp-block-column-is-layout-flow\">\n<figure class=\"wp-block-image size-large\"><img loading=\"lazy\" decoding=\"async\" width=\"1024\" height=\"645\" src=\"https:\/\/www.systra.com\/sweden\/wp-content\/uploads\/sites\/13\/2024\/06\/systra_traffa-oss-1024x645.jpg\" alt=\"\" class=\"wp-image-6630\" srcset=\"https:\/\/www.systra.com\/sweden\/wp-content\/uploads\/sites\/13\/2024\/06\/systra_traffa-oss-1024x645.jpg 1024w, https:\/\/www.systra.com\/sweden\/wp-content\/uploads\/sites\/13\/2024\/06\/systra_traffa-oss-300x189.jpg 300w, https:\/\/www.systra.com\/sweden\/wp-content\/uploads\/sites\/13\/2024\/06\/systra_traffa-oss-768x484.jpg 768w, https:\/\/www.systra.com\/sweden\/wp-content\/uploads\/sites\/13\/2024\/06\/systra_traffa-oss-1536x968.jpg 1536w, https:\/\/www.systra.com\/sweden\/wp-content\/uploads\/sites\/13\/2024\/06\/systra_traffa-oss-2048x1291.jpg 2048w, https:\/\/www.systra.com\/sweden\/wp-content\/uploads\/sites\/13\/2024\/06\/systra_traffa-oss-474x299.jpg 474w, https:\/\/www.systra.com\/sweden\/wp-content\/uploads\/sites\/13\/2024\/06\/systra_traffa-oss-1700x1071.jpg 1700w, https:\/\/www.systra.com\/sweden\/wp-content\/uploads\/sites\/13\/2024\/06\/systra_traffa-oss-1352x852.jpg 1352w, https:\/\/www.systra.com\/sweden\/wp-content\/uploads\/sites\/13\/2024\/06\/systra_traffa-oss-800x504.jpg 800w, https:\/\/www.systra.com\/sweden\/wp-content\/uploads\/sites\/13\/2024\/06\/systra_traffa-oss-180x113.jpg 180w, https:\/\/www.systra.com\/sweden\/wp-content\/uploads\/sites\/13\/2024\/06\/systra_traffa-oss-153x96.jpg 153w, https:\/\/www.systra.com\/sweden\/wp-content\/uploads\/sites\/13\/2024\/06\/systra_traffa-oss-230x145.jpg 230w\" sizes=\"auto, (max-width: 1024px) 100vw, 1024px\" \/><\/figure>\n\n\n\n<div style=\"height:50px\" aria-hidden=\"true\" class=\"wp-block-spacer\"><\/div>\n\n\n\n<h2 class=\"wp-block-heading\" id=\"h-studenter\">Studenter<\/h2>\n\n\n\n<div style=\"height:10px\" aria-hidden=\"true\" class=\"wp-block-spacer\"><\/div>\n\n\n\n<p>Vi v\u00e4rderar och vill ta vara p\u00e5 framtidens talanger. D\u00e4rf\u00f6r tar vi emot studenter f\u00f6r praktik\/LIA och examensarbete. Hos oss f\u00e5r du chansen att komma in i ett h\u00e4rligt g\u00e4ng med mycket kunskap, d\u00e4r vi tar vara p\u00e5 nya id\u00e9er och st\u00e4ndigt vill utvecklas.<\/p>\n\n\n\n<div style=\"height:10px\" aria-hidden=\"true\" class=\"wp-block-spacer\"><\/div>\n\n\n\n<div class=\"wp-block-buttons is-layout-flex wp-block-buttons-is-layout-flex\">\n<div class=\"wp-block-button is-style-offer-button\"><a class=\"wp-block-button__link wp-element-button\" href=\"https:\/\/www.systra.com\/sweden\/karriar\/studenter\/\" target=\"_blank\" rel=\"noreferrer noopener\">L\u00e4s mer<\/a><\/div>\n<\/div>\n<\/div>\n<\/div>\n","protected":false},"excerpt":{"rendered":"<p>Varf\u00f6r SYSTRA? SYSTRA \u00e4r mer \u00e4n bara en arbetsplats. Vi \u00e4r en gemenskap av m\u00e5nga olika kompetenser och h\u00e5llbarhetsentusiaster som arbetar tillsammans f\u00f6r att skapa en b\u00e4ttre framtid. Det finns m\u00e5nga anledningar till att vara med p\u00e5 resan. livet p\u00e5 SYSTRA Vi p\u00e5 SYSTRA str\u00e4var efter att g\u00f6ra din tid hos oss betydelsefull. Kom in [&hellip;]<\/p>\n","protected":false},"author":2,"featured_media":4082,"parent":0,"menu_order":0,"comment_status":"closed","ping_status":"closed","template":"","meta":{"_acf_changed":false,"_relevanssi_hide_post":"","_relevanssi_hide_content":"","_relevanssi_pin_for_all":"","_relevanssi_pin_keywords":"","_relevanssi_unpin_keywords":"","_relevanssi_related_keywords":"","_relevanssi_related_include_ids":"","_relevanssi_related_exclude_ids":"","_relevanssi_related_no_append":"","_relevanssi_related_not_related":"","_relevanssi_related_posts":"6506,4055,3768,3966,3742,3906","_relevanssi_noindex_reason":"","footnotes":""},"class_list":["post-7103","page","type-page","status-publish","has-post-thumbnail","hentry"],"acf":[],"yoast_head":"<!-- This site is optimized with the Yoast SEO Premium plugin v27.4 (Yoast SEO v27.4) - https:\/\/yoast.com\/product\/yoast-seo-premium-wordpress\/ -->\n<title>\u00a0Karri\u00e4r - SYSTRA Sweden<\/title>\n<meta name=\"description\" content=\"\u00a0Karri\u00e4r - SYSTRA Nordic, consulting and engineering firm, world leader in public transport infrastructure engineering.\" \/>\n<meta name=\"robots\" content=\"index, follow, max-snippet:-1, max-image-preview:large, max-video-preview:-1\" \/>\n<meta property=\"og:locale\" content=\"en_US\" \/>\n<meta property=\"og:type\" content=\"article\" \/>\n<meta property=\"og:title\" content=\"\u00a0Karri\u00e4r\" \/>\n<meta property=\"og:description\" content=\"\u00a0Karri\u00e4r - SYSTRA Nordic, consulting and engineering firm, world leader in public transport infrastructure engineering.\" \/>\n<meta property=\"og:url\" content=\"https:\/\/www.systra.com\/sweden\/karriar\/\" \/>\n<meta property=\"og:site_name\" content=\"Sweden\" \/>\n<meta property=\"article:modified_time\" content=\"2024-07-04T12:25:33+00:00\" \/>\n<meta property=\"og:image\" content=\"https:\/\/www.systra.com\/sweden\/wp-content\/uploads\/sites\/13\/2024\/03\/traffa-oss-systra_mote-1.jpg\" \/>\n\t<meta property=\"og:image:width\" content=\"1190\" \/>\n\t<meta property=\"og:image:height\" content=\"750\" \/>\n\t<meta property=\"og:image:type\" content=\"image\/jpeg\" \/>\n<meta name=\"twitter:card\" content=\"summary_large_image\" \/>\n<meta name=\"twitter:label1\" content=\"Est. reading time\" \/>\n\t<meta name=\"twitter:data1\" content=\"2 minutes\" \/>\n<script type=\"application\/ld+json\" class=\"yoast-schema-graph\">{\"@context\":\"https:\\\/\\\/schema.org\",\"@graph\":[{\"@type\":\"WebPage\",\"@id\":\"https:\\\/\\\/www.systra.com\\\/sweden\\\/karriar\\\/\",\"url\":\"https:\\\/\\\/www.systra.com\\\/sweden\\\/karriar\\\/\",\"name\":\"\u00a0Karri\u00e4r - SYSTRA Sweden\",\"isPartOf\":{\"@id\":\"https:\\\/\\\/www.systra.com\\\/sweden\\\/#website\"},\"primaryImageOfPage\":{\"@id\":\"https:\\\/\\\/www.systra.com\\\/sweden\\\/karriar\\\/#primaryimage\"},\"image\":{\"@id\":\"https:\\\/\\\/www.systra.com\\\/sweden\\\/karriar\\\/#primaryimage\"},\"thumbnailUrl\":\"https:\\\/\\\/www.systra.com\\\/sweden\\\/wp-content\\\/uploads\\\/sites\\\/13\\\/2024\\\/03\\\/traffa-oss-systra_mote-1.jpg\",\"datePublished\":\"2024-06-25T14:38:15+00:00\",\"dateModified\":\"2024-07-04T12:25:33+00:00\",\"description\":\"\u00a0Karri\u00e4r - SYSTRA Nordic, consulting and engineering firm, world leader in public transport infrastructure engineering.\",\"breadcrumb\":{\"@id\":\"https:\\\/\\\/www.systra.com\\\/sweden\\\/karriar\\\/#breadcrumb\"},\"inLanguage\":\"en-US\",\"potentialAction\":[{\"@type\":\"ReadAction\",\"target\":[\"https:\\\/\\\/www.systra.com\\\/sweden\\\/karriar\\\/\"]}]},{\"@type\":\"ImageObject\",\"inLanguage\":\"en-US\",\"@id\":\"https:\\\/\\\/www.systra.com\\\/sweden\\\/karriar\\\/#primaryimage\",\"url\":\"https:\\\/\\\/www.systra.com\\\/sweden\\\/wp-content\\\/uploads\\\/sites\\\/13\\\/2024\\\/03\\\/traffa-oss-systra_mote-1.jpg\",\"contentUrl\":\"https:\\\/\\\/www.systra.com\\\/sweden\\\/wp-content\\\/uploads\\\/sites\\\/13\\\/2024\\\/03\\\/traffa-oss-systra_mote-1.jpg\",\"width\":1190,\"height\":750,\"caption\":\"Smiling business team standing at convention center. Male and female professionals are discussing during meeting. They are wearing smart casuals.\"},{\"@type\":\"BreadcrumbList\",\"@id\":\"https:\\\/\\\/www.systra.com\\\/sweden\\\/karriar\\\/#breadcrumb\",\"itemListElement\":[{\"@type\":\"ListItem\",\"position\":1,\"name\":\"Hemsida\",\"item\":\"https:\\\/\\\/www.systra.com\\\/sweden\\\/en\\\/\"},{\"@type\":\"ListItem\",\"position\":2,\"name\":\"\u00a0Karri\u00e4r\"}]},{\"@type\":\"WebSite\",\"@id\":\"https:\\\/\\\/www.systra.com\\\/sweden\\\/#website\",\"url\":\"https:\\\/\\\/www.systra.com\\\/sweden\\\/\",\"name\":\"SYSTRA Sweden\",\"description\":\"Un site utilisant Les sites de Systra\",\"potentialAction\":[{\"@type\":\"SearchAction\",\"target\":{\"@type\":\"EntryPoint\",\"urlTemplate\":\"https:\\\/\\\/www.systra.com\\\/sweden\\\/?s={search_term_string}\"},\"query-input\":{\"@type\":\"PropertyValueSpecification\",\"valueRequired\":true,\"valueName\":\"search_term_string\"}}],\"inLanguage\":\"en-US\"}]}<\/script>\n<!-- \/ Yoast SEO Premium plugin. -->","yoast_head_json":{"title":"\u00a0Karri\u00e4r - SYSTRA Sweden","description":"\u00a0Karri\u00e4r - SYSTRA Nordic, consulting and engineering firm, world leader in public transport infrastructure engineering.","robots":{"index":"index","follow":"follow","max-snippet":"max-snippet:-1","max-image-preview":"max-image-preview:large","max-video-preview":"max-video-preview:-1"},"og_locale":"en_US","og_type":"article","og_title":"\u00a0Karri\u00e4r","og_description":"\u00a0Karri\u00e4r - SYSTRA Nordic, consulting and engineering firm, world leader in public transport infrastructure engineering.","og_url":"https:\/\/www.systra.com\/sweden\/karriar\/","og_site_name":"Sweden","article_modified_time":"2024-07-04T12:25:33+00:00","og_image":[{"width":1190,"height":750,"url":"https:\/\/www.systra.com\/sweden\/wp-content\/uploads\/sites\/13\/2024\/03\/traffa-oss-systra_mote-1.jpg","type":"image\/jpeg"}],"twitter_card":"summary_large_image","twitter_misc":{"Est. reading time":"2 minutes"},"schema":{"@context":"https:\/\/schema.org","@graph":[{"@type":"WebPage","@id":"https:\/\/www.systra.com\/sweden\/karriar\/","url":"https:\/\/www.systra.com\/sweden\/karriar\/","name":"\u00a0Karri\u00e4r - SYSTRA Sweden","isPartOf":{"@id":"https:\/\/www.systra.com\/sweden\/#website"},"primaryImageOfPage":{"@id":"https:\/\/www.systra.com\/sweden\/karriar\/#primaryimage"},"image":{"@id":"https:\/\/www.systra.com\/sweden\/karriar\/#primaryimage"},"thumbnailUrl":"https:\/\/www.systra.com\/sweden\/wp-content\/uploads\/sites\/13\/2024\/03\/traffa-oss-systra_mote-1.jpg","datePublished":"2024-06-25T14:38:15+00:00","dateModified":"2024-07-04T12:25:33+00:00","description":"\u00a0Karri\u00e4r - SYSTRA Nordic, consulting and engineering firm, world leader in public transport infrastructure engineering.","breadcrumb":{"@id":"https:\/\/www.systra.com\/sweden\/karriar\/#breadcrumb"},"inLanguage":"en-US","potentialAction":[{"@type":"ReadAction","target":["https:\/\/www.systra.com\/sweden\/karriar\/"]}]},{"@type":"ImageObject","inLanguage":"en-US","@id":"https:\/\/www.systra.com\/sweden\/karriar\/#primaryimage","url":"https:\/\/www.systra.com\/sweden\/wp-content\/uploads\/sites\/13\/2024\/03\/traffa-oss-systra_mote-1.jpg","contentUrl":"https:\/\/www.systra.com\/sweden\/wp-content\/uploads\/sites\/13\/2024\/03\/traffa-oss-systra_mote-1.jpg","width":1190,"height":750,"caption":"Smiling business team standing at convention center. Male and female professionals are discussing during meeting. They are wearing smart casuals."},{"@type":"BreadcrumbList","@id":"https:\/\/www.systra.com\/sweden\/karriar\/#breadcrumb","itemListElement":[{"@type":"ListItem","position":1,"name":"Hemsida","item":"https:\/\/www.systra.com\/sweden\/en\/"},{"@type":"ListItem","position":2,"name":"\u00a0Karri\u00e4r"}]},{"@type":"WebSite","@id":"https:\/\/www.systra.com\/sweden\/#website","url":"https:\/\/www.systra.com\/sweden\/","name":"SYSTRA Sweden","description":"Un site utilisant Les sites de Systra","potentialAction":[{"@type":"SearchAction","target":{"@type":"EntryPoint","urlTemplate":"https:\/\/www.systra.com\/sweden\/?s={search_term_string}"},"query-input":{"@type":"PropertyValueSpecification","valueRequired":true,"valueName":"search_term_string"}}],"inLanguage":"en-US"}]}},"lang":"sv","translations":{"sv":7103},"pll_sync_post":[],"_links":{"self":[{"href":"https:\/\/www.systra.com\/sweden\/wp-json\/wp\/v2\/pages\/7103","targetHints":{"allow":["GET"]}}],"collection":[{"href":"https:\/\/www.systra.com\/sweden\/wp-json\/wp\/v2\/pages"}],"about":[{"href":"https:\/\/www.systra.com\/sweden\/wp-json\/wp\/v2\/types\/page"}],"author":[{"embeddable":true,"href":"https:\/\/www.systra.com\/sweden\/wp-json\/wp\/v2\/users\/2"}],"replies":[{"embeddable":true,"href":"https:\/\/www.systra.com\/sweden\/wp-json\/wp\/v2\/comments?post=7103"}],"version-history":[{"count":37,"href":"https:\/\/www.systra.com\/sweden\/wp-json\/wp\/v2\/pages\/7103\/revisions"}],"predecessor-version":[{"id":7277,"href":"https:\/\/www.systra.com\/sweden\/wp-json\/wp\/v2\/pages\/7103\/revisions\/7277"}],"wp:featuredmedia":[{"embeddable":true,"href":"https:\/\/www.systra.com\/sweden\/wp-json\/wp\/v2\/media\/4082"}],"wp:attachment":[{"href":"https:\/\/www.systra.com\/sweden\/wp-json\/wp\/v2\/media?parent=7103"}],"curies":[{"name":"wp","href":"https:\/\/api.w.org\/{rel}","templated":true}]}}