{"id":4129,"date":"2024-05-22T14:01:04","date_gmt":"2024-05-22T12:01:04","guid":{"rendered":"https:\/\/www.systra.com\/sweden\/?page_id=4129"},"modified":"2025-04-02T17:36:45","modified_gmt":"2025-04-02T15:36:45","slug":"lediga-jobb","status":"publish","type":"page","link":"https:\/\/www.systra.com\/sweden\/lediga-jobb\/","title":{"rendered":"Lediga jobb"},"content":{"rendered":"\n<div class=\"wp-block-cover aligncenter has-parallax wp-duotone-unset-2\" style=\"min-height:356px;aspect-ratio:unset;\" id=\"TalentCommunity\"><span aria-hidden=\"true\" class=\"wp-block-cover__background has-light-eggplant-background-color has-background-dim-80 has-background-dim\"><\/span><div class=\"wp-block-cover__image-background wp-image-10000021012344 has-parallax\" style=\"background-position:50% 50%;background-image:url(https:\/\/www.systra.com\/sweden\/wp-content\/uploads\/2024\/04\/header_offre_emploi-2-scaled.jpg);\"><\/div><div class=\"wp-block-cover__inner-container is-layout-constrained wp-block-cover-is-layout-constrained\">\n<p class=\"has-text-align-center has-blanc-color has-text-color has-link-color wp-elements-719162392242516b26594baacdb7ba83\" style=\"font-size:30px\"><strong>Ingen ledig tj\u00e4nst som passar dig just nu?<\/strong><\/p>\n\n\n\n<div style=\"height:31px\" aria-hidden=\"true\" class=\"wp-block-spacer\"><\/div>\n\n\n\n<p class=\"has-text-align-center has-blanc-color has-text-color has-link-color wp-elements-1ac1839a4095735fc69a468760ce521b\" id=\"Spontanans\u00f6kan\" style=\"font-size:20px\">\u00c4r du nyfiken p\u00e5 att arbeta p\u00e5 SYSTRA men hittar ingen&nbsp;ledig tj\u00e4nst som matchar dina ambitioner? <\/p>\n\n\n\n<div style=\"height:10px\" aria-hidden=\"true\" class=\"wp-block-spacer\"><\/div>\n\n\n\n<p class=\"has-text-align-center has-blanc-color has-text-color has-link-color wp-elements-5e9b659cd2e4e7c09a5a147959e8acc8\" id=\"Spontanans\u00f6kan\" style=\"font-size:20px\">H\u00e4r kan du registrera din intresseanm\u00e4lan f\u00f6r att finnas med i v\u00e5rt kandidatn\u00e4tverk.&nbsp;<\/p>\n\n\n\n<div style=\"height:33px\" aria-hidden=\"true\" class=\"wp-block-spacer\"><\/div>\n\n\n\n<div class=\"wp-block-buttons is-horizontal is-content-justification-center is-layout-flex wp-container-core-buttons-is-layout-9393892f wp-block-buttons-is-layout-flex\">\n<div class=\"wp-block-button has-custom-width wp-block-button__width-25 has-custom-font-size is-style-outline has-medium-font-size is-style-outline--1\"><a class=\"wp-block-button__link has-blanc-color has-blanc-background-color has-text-color has-background has-link-color has-text-align-center wp-element-button\" href=\"https:\/\/join.systra.com\/talent-network\/talentcommunity\" style=\"border-radius:0px\">Registrera dig h\u00e4r!<\/a><\/div>\n<\/div>\n<\/div><\/div>\n\n\n\n<div style=\"height:80px\" aria-hidden=\"true\" class=\"wp-block-spacer\"><\/div>\n\n\n\n<div class=\"wp-block-group who-pattern-content-feed\"><div class=\"wp-block-group__inner-container is-layout-constrained wp-block-group-is-layout-constrained\">\n<div class=\"wp-block-columns is-layout-flex wp-container-core-columns-is-layout-9d6595d7 wp-block-columns-is-layout-flex\">\n<div class=\"wp-block-column is-layout-flow wp-block-column-is-layout-flow\" style=\"flex-basis:66.66%\">\n    <div class=\"who-block-content-feed\">\n        \n\t\t<div class=\"tile tile--page \">\n\t\t<figure class=\"tile__thumbnail\">\n\t\t\t<img loading=\"lazy\" decoding=\"async\" width=\"1024\" height=\"645\" src=\"https:\/\/www.systra.com\/sweden\/wp-content\/uploads\/sites\/13\/2024\/03\/traffa-oss-systra_mote-1-1024x645.jpg\" class=\"attachment-large size-large wp-post-image\" alt=\"\" \/>\n\t\t\t<figcaption class=\"tile__content\">\n\t\t\t\t\t\t\t\t<h3 class=\"tile__title\" style=\"color:#fff !important\">\u00a0Karri\u00e4r<\/h3>\n\n\t\t\t\t<a class=\"tile__link\" href=\"https:\/\/www.systra.com\/sweden\/karriar\/\">\n\t\t\t\t\tRead more\t\t\t\t\t<span class=\"screen-reader-text\"> sur \u00a0Karri\u00e4r<\/span>\n\t\t\t\t<\/a>\n\t\t\t<\/figcaption>\n\t\t<\/figure>\n\t<\/div>\n    <\/div>\n<\/div>\n\n\n\n<div class=\"wp-block-column is-layout-flow wp-block-column-is-layout-flow\" style=\"flex-basis:33.33%\">\n    <div class=\"who-block-content-feed\">\n        \n\t\t<div class=\"tile tile--page \">\n\t\t<figure class=\"tile__thumbnail\">\n\t\t\t<img loading=\"lazy\" decoding=\"async\" width=\"1024\" height=\"645\" src=\"https:\/\/www.systra.com\/sweden\/wp-content\/uploads\/sites\/13\/2023\/03\/systra_about_us-1-1024x645.png\" class=\"attachment-large size-large wp-post-image\" alt=\"\" \/>\n\t\t\t<figcaption class=\"tile__content\">\n\t\t\t\t\t\t\t\t<h3 class=\"tile__title\" style=\"color:#fff !important\">Om oss<\/h3>\n\n\t\t\t\t<a class=\"tile__link\" href=\"https:\/\/www.systra.com\/sweden\/om-oss\/\">\n\t\t\t\t\tRead more\t\t\t\t\t<span class=\"screen-reader-text\"> sur Om oss<\/span>\n\t\t\t\t<\/a>\n\t\t\t<\/figcaption>\n\t\t<\/figure>\n\t<\/div>\n    <\/div>\n<\/div>\n<\/div>\n<\/div><\/div>\n\n\n\n<p><\/p>\n","protected":false},"excerpt":{"rendered":"","protected":false},"author":61,"featured_media":10000021012344,"parent":0,"menu_order":0,"comment_status":"closed","ping_status":"closed","template":"template-job-list.php","meta":{"_acf_changed":false,"_relevanssi_hide_post":"","_relevanssi_hide_content":"","_relevanssi_pin_for_all":"","_relevanssi_pin_keywords":"","_relevanssi_unpin_keywords":"","_relevanssi_related_keywords":"","_relevanssi_related_include_ids":"","_relevanssi_related_exclude_ids":"","_relevanssi_related_no_append":"","_relevanssi_related_not_related":"","_relevanssi_related_posts":"1,3797,3768,3966,3906,4073","_relevanssi_noindex_reason":"","footnotes":""},"class_list":["post-4129","page","type-page","status-publish","has-post-thumbnail","hentry"],"acf":[],"yoast_head":"<!-- This site is optimized with the Yoast SEO Premium plugin v27.4 (Yoast SEO v27.4) - https:\/\/yoast.com\/product\/yoast-seo-premium-wordpress\/ -->\n<title>Lediga jobb - SYSTRA Sweden<\/title>\n<meta name=\"description\" content=\"Lediga jobb - SYSTRA Nordic, consulting and engineering firm, world leader in public transport infrastructure engineering.\" \/>\n<meta name=\"robots\" content=\"index, follow, max-snippet:-1, max-image-preview:large, max-video-preview:-1\" \/>\n<meta property=\"og:locale\" content=\"en_US\" \/>\n<meta property=\"og:type\" content=\"article\" \/>\n<meta property=\"og:title\" content=\"Lediga jobb\" \/>\n<meta property=\"og:description\" content=\"Lediga jobb - SYSTRA Nordic, consulting and engineering firm, world leader in public transport infrastructure engineering.\" \/>\n<meta property=\"og:url\" content=\"https:\/\/www.systra.com\/sweden\/lediga-jobb\/\" \/>\n<meta property=\"og:site_name\" content=\"Sweden\" \/>\n<meta property=\"article:modified_time\" content=\"2025-04-02T15:36:45+00:00\" \/>\n<meta name=\"twitter:card\" content=\"summary_large_image\" \/>\n<meta name=\"twitter:label1\" content=\"Est. reading time\" \/>\n\t<meta name=\"twitter:data1\" content=\"1 minute\" \/>\n<script type=\"application\/ld+json\" class=\"yoast-schema-graph\">{\"@context\":\"https:\\\/\\\/schema.org\",\"@graph\":[{\"@type\":\"WebPage\",\"@id\":\"https:\\\/\\\/www.systra.com\\\/sweden\\\/lediga-jobb\\\/\",\"url\":\"https:\\\/\\\/www.systra.com\\\/sweden\\\/lediga-jobb\\\/\",\"name\":\"Lediga jobb - SYSTRA Sweden\",\"isPartOf\":{\"@id\":\"https:\\\/\\\/www.systra.com\\\/sweden\\\/#website\"},\"primaryImageOfPage\":{\"@id\":\"https:\\\/\\\/www.systra.com\\\/sweden\\\/lediga-jobb\\\/#primaryimage\"},\"image\":{\"@id\":\"https:\\\/\\\/www.systra.com\\\/sweden\\\/lediga-jobb\\\/#primaryimage\"},\"thumbnailUrl\":\"https:\\\/\\\/www.systra.com\\\/sweden\\\/wp-content\\\/uploads\\\/2024\\\/04\\\/header_offre_emploi-2-scaled.jpg\",\"datePublished\":\"2024-05-22T12:01:04+00:00\",\"dateModified\":\"2025-04-02T15:36:45+00:00\",\"description\":\"Lediga jobb - SYSTRA Nordic, consulting and engineering firm, world leader in public transport infrastructure engineering.\",\"breadcrumb\":{\"@id\":\"https:\\\/\\\/www.systra.com\\\/sweden\\\/lediga-jobb\\\/#breadcrumb\"},\"inLanguage\":\"en-US\",\"potentialAction\":[{\"@type\":\"ReadAction\",\"target\":[\"https:\\\/\\\/www.systra.com\\\/sweden\\\/lediga-jobb\\\/\"]}]},{\"@type\":\"ImageObject\",\"inLanguage\":\"en-US\",\"@id\":\"https:\\\/\\\/www.systra.com\\\/sweden\\\/lediga-jobb\\\/#primaryimage\",\"url\":\"https:\\\/\\\/www.systra.com\\\/sweden\\\/wp-content\\\/uploads\\\/2024\\\/04\\\/header_offre_emploi-2-scaled.jpg\",\"contentUrl\":\"https:\\\/\\\/www.systra.com\\\/sweden\\\/wp-content\\\/uploads\\\/2024\\\/04\\\/header_offre_emploi-2-scaled.jpg\"},{\"@type\":\"BreadcrumbList\",\"@id\":\"https:\\\/\\\/www.systra.com\\\/sweden\\\/lediga-jobb\\\/#breadcrumb\",\"itemListElement\":[{\"@type\":\"ListItem\",\"position\":1,\"name\":\"Hemsida\",\"item\":\"https:\\\/\\\/www.systra.com\\\/sweden\\\/en\\\/\"},{\"@type\":\"ListItem\",\"position\":2,\"name\":\"Lediga jobb\"}]},{\"@type\":\"WebSite\",\"@id\":\"https:\\\/\\\/www.systra.com\\\/sweden\\\/#website\",\"url\":\"https:\\\/\\\/www.systra.com\\\/sweden\\\/\",\"name\":\"SYSTRA Sweden\",\"description\":\"Un site utilisant Les sites de Systra\",\"potentialAction\":[{\"@type\":\"SearchAction\",\"target\":{\"@type\":\"EntryPoint\",\"urlTemplate\":\"https:\\\/\\\/www.systra.com\\\/sweden\\\/?s={search_term_string}\"},\"query-input\":{\"@type\":\"PropertyValueSpecification\",\"valueRequired\":true,\"valueName\":\"search_term_string\"}}],\"inLanguage\":\"en-US\"}]}<\/script>\n<!-- \/ Yoast SEO Premium plugin. -->","yoast_head_json":{"title":"Lediga jobb - SYSTRA Sweden","description":"Lediga jobb - SYSTRA Nordic, consulting and engineering firm, world leader in public transport infrastructure engineering.","robots":{"index":"index","follow":"follow","max-snippet":"max-snippet:-1","max-image-preview":"max-image-preview:large","max-video-preview":"max-video-preview:-1"},"og_locale":"en_US","og_type":"article","og_title":"Lediga jobb","og_description":"Lediga jobb - SYSTRA Nordic, consulting and engineering firm, world leader in public transport infrastructure engineering.","og_url":"https:\/\/www.systra.com\/sweden\/lediga-jobb\/","og_site_name":"Sweden","article_modified_time":"2025-04-02T15:36:45+00:00","twitter_card":"summary_large_image","twitter_misc":{"Est. reading time":"1 minute"},"schema":{"@context":"https:\/\/schema.org","@graph":[{"@type":"WebPage","@id":"https:\/\/www.systra.com\/sweden\/lediga-jobb\/","url":"https:\/\/www.systra.com\/sweden\/lediga-jobb\/","name":"Lediga jobb - SYSTRA Sweden","isPartOf":{"@id":"https:\/\/www.systra.com\/sweden\/#website"},"primaryImageOfPage":{"@id":"https:\/\/www.systra.com\/sweden\/lediga-jobb\/#primaryimage"},"image":{"@id":"https:\/\/www.systra.com\/sweden\/lediga-jobb\/#primaryimage"},"thumbnailUrl":"https:\/\/www.systra.com\/sweden\/wp-content\/uploads\/2024\/04\/header_offre_emploi-2-scaled.jpg","datePublished":"2024-05-22T12:01:04+00:00","dateModified":"2025-04-02T15:36:45+00:00","description":"Lediga jobb - SYSTRA Nordic, consulting and engineering firm, world leader in public transport infrastructure engineering.","breadcrumb":{"@id":"https:\/\/www.systra.com\/sweden\/lediga-jobb\/#breadcrumb"},"inLanguage":"en-US","potentialAction":[{"@type":"ReadAction","target":["https:\/\/www.systra.com\/sweden\/lediga-jobb\/"]}]},{"@type":"ImageObject","inLanguage":"en-US","@id":"https:\/\/www.systra.com\/sweden\/lediga-jobb\/#primaryimage","url":"https:\/\/www.systra.com\/sweden\/wp-content\/uploads\/2024\/04\/header_offre_emploi-2-scaled.jpg","contentUrl":"https:\/\/www.systra.com\/sweden\/wp-content\/uploads\/2024\/04\/header_offre_emploi-2-scaled.jpg"},{"@type":"BreadcrumbList","@id":"https:\/\/www.systra.com\/sweden\/lediga-jobb\/#breadcrumb","itemListElement":[{"@type":"ListItem","position":1,"name":"Hemsida","item":"https:\/\/www.systra.com\/sweden\/en\/"},{"@type":"ListItem","position":2,"name":"Lediga jobb"}]},{"@type":"WebSite","@id":"https:\/\/www.systra.com\/sweden\/#website","url":"https:\/\/www.systra.com\/sweden\/","name":"SYSTRA Sweden","description":"Un site utilisant Les sites de Systra","potentialAction":[{"@type":"SearchAction","target":{"@type":"EntryPoint","urlTemplate":"https:\/\/www.systra.com\/sweden\/?s={search_term_string}"},"query-input":{"@type":"PropertyValueSpecification","valueRequired":true,"valueName":"search_term_string"}}],"inLanguage":"en-US"}]}},"lang":"sv","translations":{"sv":4129},"pll_sync_post":[],"_links":{"self":[{"href":"https:\/\/www.systra.com\/sweden\/wp-json\/wp\/v2\/pages\/4129","targetHints":{"allow":["GET"]}}],"collection":[{"href":"https:\/\/www.systra.com\/sweden\/wp-json\/wp\/v2\/pages"}],"about":[{"href":"https:\/\/www.systra.com\/sweden\/wp-json\/wp\/v2\/types\/page"}],"author":[{"embeddable":true,"href":"https:\/\/www.systra.com\/sweden\/wp-json\/wp\/v2\/users\/61"}],"replies":[{"embeddable":true,"href":"https:\/\/www.systra.com\/sweden\/wp-json\/wp\/v2\/comments?post=4129"}],"version-history":[{"count":3,"href":"https:\/\/www.systra.com\/sweden\/wp-json\/wp\/v2\/pages\/4129\/revisions"}],"predecessor-version":[{"id":25772,"href":"https:\/\/www.systra.com\/sweden\/wp-json\/wp\/v2\/pages\/4129\/revisions\/25772"}],"wp:featuredmedia":[{"embeddable":true,"href":"https:\/\/www.systra.com\/sweden\/wp-json\/"}],"wp:attachment":[{"href":"https:\/\/www.systra.com\/sweden\/wp-json\/wp\/v2\/media?parent=4129"}],"curies":[{"name":"wp","href":"https:\/\/api.w.org\/{rel}","templated":true}]}}