{"id":27154,"date":"2025-04-15T09:57:12","date_gmt":"2025-04-15T07:57:12","guid":{"rendered":"https:\/\/www.systra.com\/sweden\/?page_id=27154"},"modified":"2025-04-15T10:34:30","modified_gmt":"2025-04-15T08:34:30","slug":"att-vaga-byta-spar","status":"publish","type":"page","link":"https:\/\/www.systra.com\/sweden\/karriar\/medarbetarportratt\/att-vaga-byta-spar\/","title":{"rendered":"Att v\u00e5ga byta sp\u00e5r"},"content":{"rendered":"\n<div style=\"height:5px\" aria-hidden=\"true\" class=\"wp-block-spacer\"><\/div>\n\n\n\n<div class=\"wp-block-columns is-layout-flex wp-container-core-columns-is-layout-9d6595d7 wp-block-columns-is-layout-flex\">\n<div class=\"wp-block-column is-layout-flow wp-block-column-is-layout-flow\" style=\"flex-basis:33.33%\"><div class=\"wp-block-image is-style-default\">\n<figure class=\"aligncenter size-full\"><img loading=\"lazy\" decoding=\"async\" width=\"499\" height=\"543\" src=\"https:\/\/www.systra.com\/sweden\/wp-content\/uploads\/sites\/13\/2025\/04\/robert-renner-ansikte-bara.png\" alt=\"\" class=\"wp-image-27158\" srcset=\"https:\/\/www.systra.com\/sweden\/wp-content\/uploads\/sites\/13\/2025\/04\/robert-renner-ansikte-bara.png 499w, https:\/\/www.systra.com\/sweden\/wp-content\/uploads\/sites\/13\/2025\/04\/robert-renner-ansikte-bara-276x300.png 276w, https:\/\/www.systra.com\/sweden\/wp-content\/uploads\/sites\/13\/2025\/04\/robert-renner-ansikte-bara-474x516.png 474w, https:\/\/www.systra.com\/sweden\/wp-content\/uploads\/sites\/13\/2025\/04\/robert-renner-ansikte-bara-180x196.png 180w, https:\/\/www.systra.com\/sweden\/wp-content\/uploads\/sites\/13\/2025\/04\/robert-renner-ansikte-bara-153x166.png 153w, https:\/\/www.systra.com\/sweden\/wp-content\/uploads\/sites\/13\/2025\/04\/robert-renner-ansikte-bara-230x250.png 230w\" sizes=\"auto, (max-width: 499px) 100vw, 499px\" \/><\/figure>\n<\/div>\n\n\n<p class=\"has-noir-color has-griplusclair-background-color has-text-color has-background has-link-color wp-elements-2533fc975ffd94e42bc4e2f427cb5d6a\"><mark style=\"background-color:rgba(0, 0, 0, 0)\" class=\"has-inline-color has-noir-color\"><strong>Namn:<\/strong> <\/mark>Robert Rennes<mark style=\"background-color:rgba(0, 0, 0, 0)\" class=\"has-inline-color has-noir-color\"><a href=\"Namn: Per Ackerfeldt\"><br><\/a><strong>Titel<\/strong>: Uppdragsledare<br><strong>Ort:<\/strong> <\/mark>Helsingborg<\/p>\n<\/div>\n\n\n\n<div class=\"wp-block-column is-layout-flow wp-block-column-is-layout-flow\" style=\"flex-basis:66.66%\">\n<p class=\"has-large-font-size\">Robert Renner har alltid s\u00f6kt sig till yrken som bidrar till samh\u00e4llsnytta \u2013 allt fr\u00e5n milit\u00e4rtj\u00e4nstg\u00f6ring och akutsjukv\u00e5rden till infrastruktur. Idag \u00e4r han uppdragsledare p\u00e5 SYSTRA, d\u00e4r han bidrar till att utveckla och f\u00f6rb\u00e4ttra den svenska j\u00e4rnv\u00e4gen.<\/p>\n\n\n\n<div style=\"height:30px\" aria-hidden=\"true\" class=\"wp-block-spacer\"><\/div>\n\n\n\n<h3 class=\"wp-block-heading has-dusty-blue-color has-text-color\" id=\"h-drivkraft-och-utmaningar\">Drivkraft och utmaningar<\/h3>\n\n\n\n<div style=\"height:10px\" aria-hidden=\"true\" class=\"wp-block-spacer\"><\/div>\n\n\n\n<p>Robert uppskattar strukturer som skapar stabilitet i samh\u00e4llet och trivs i en roll d\u00e4r probleml\u00f6sning st\u00e5r i centrum.<\/p>\n\n\n\n<div style=\"height:30px\" aria-hidden=\"true\" class=\"wp-block-spacer\"><\/div>\n\n\n\n<p>\u2013 J\u00e4rnv\u00e4gen \u00e4r framtiden och det \u00e4r sp\u00e4nnande att f\u00e5 vara med och bygga upp j\u00e4rnv\u00e4gsn\u00e4tet nationellt, jag har aldrig trivts s\u00e5 bra i ett yrke som nu! Jag gillar att driva projekt fram\u00e5t och se till att vi levererar resultat. Det handlar b\u00e5de om teknik och att f\u00e5 m\u00e4nniskor att arbeta mot samma m\u00e5l.<\/p>\n\n\n\n<div style=\"height:30px\" aria-hidden=\"true\" class=\"wp-block-spacer\"><\/div>\n\n\n\n<h3 class=\"wp-block-heading has-dusty-blue-color has-text-color\" id=\"h-en-ny-riktning-i-yrkeslivet\">En ny riktning i yrkeslivet<\/h3>\n\n\n\n<div style=\"height:10px\" aria-hidden=\"true\" class=\"wp-block-spacer\"><\/div>\n\n\n\n<p>Efter 15 \u00e5r inom akutsjukv\u00e5rd ville Robert byta bana. Han utbildade sig till anl\u00e4ggningsingenj\u00f6r och har sedan dess haft flera olika roller inom bygg och infrastruktur.<\/p>\n\n\n\n<div style=\"height:30px\" aria-hidden=\"true\" class=\"wp-block-spacer\"><\/div>\n\n\n\n<p>\u2013 M\u00e5let var att arbeta med n\u00e5got best\u00e5ende. Jag ville f\u00f6rst\u00e5 byggprocessen fr\u00e5n grunden f\u00f6r att en dag kunna ta en ledande roll. Efter examen arbetade jag f\u00f6rst som f\u00e4ltgeotekniker och det gav mig bra f\u00f6rst\u00e5else f\u00f6r branschen, det har jag med mig i min nuvarande roll.<\/p>\n\n\n\n<div style=\"height:30px\" aria-hidden=\"true\" class=\"wp-block-spacer\"><\/div>\n\n\n\n<h3 class=\"wp-block-heading has-dusty-blue-color has-text-color\" id=\"h-komplexa-projekt\">Komplexa projekt<\/h3>\n\n\n\n<div style=\"height:10px\" aria-hidden=\"true\" class=\"wp-block-spacer\"><\/div>\n\n\n\n<p>Robert har varit involverad i flera st\u00f6rre projekt, varav N\u00e4ssj\u00f6 T\u00e5gdep\u00e5 och kontaktledningsbytet i \u00d6stersund \u00e4r tv\u00e5 av de uppdrag han \u00e4r mest stolt \u00f6ver.<\/p>\n\n\n\n<div style=\"height:30px\" aria-hidden=\"true\" class=\"wp-block-spacer\"><\/div>\n\n\n\n<p>\u2013 Att skapa fungerande infrastrukturl\u00f6sningar \u00e4r otroligt givande. N\u00e4ssj\u00f6 T\u00e5gdep\u00e5 var ett sp\u00e4nnande och l\u00e4rorikt projekt. Vi b\u00f6rjade som underkonsulter men blev till slut direkt involverade med NCC. Det visar vikten av goda relationer med best\u00e4llare och entrepren\u00f6rer.<\/p>\n\n\n\n<div style=\"height:30px\" aria-hidden=\"true\" class=\"wp-block-spacer\"><\/div>\n\n\n\n<h3 class=\"wp-block-heading has-dusty-blue-color has-text-color\" id=\"h-struktur-och-tydlighet\">Struktur och tydlighet<\/h3>\n\n\n\n<div style=\"height:10px\" aria-hidden=\"true\" class=\"wp-block-spacer\"><\/div>\n\n\n\n<p>Robert anv\u00e4nder sin milit\u00e4ra erfarenhet f\u00f6r att arbeta metodiskt och noggrant i sina projekt.<\/p>\n\n\n\n<div style=\"height:30px\" aria-hidden=\"true\" class=\"wp-block-spacer\"><\/div>\n\n\n\n<p>\u2013 Milit\u00e4ren har l\u00e4rt mig disciplin, ledarskap och hur man f\u00e5r m\u00e4nniskor att prestera tillsammans. Det handlar om att skapa ett team d\u00e4r alla vet vad som f\u00f6rv\u00e4ntas och d\u00e4r man tar ansvar f\u00f6r varandra och sitt arbete. Jag \u00e4r noggrann, men ocks\u00e5 lyh\u00f6rd \u2013 man f\u00e5r aldrig tappa de mjuka parametrarna.<\/p>\n\n\n\n<div style=\"height:30px\" aria-hidden=\"true\" class=\"wp-block-spacer\"><\/div>\n\n\n\n<h3 class=\"wp-block-heading has-dusty-blue-color has-text-color\" id=\"h-frihet-och-utveckling\">frihet och utveckling<\/h3>\n\n\n\n<div style=\"height:10px\" aria-hidden=\"true\" class=\"wp-block-spacer\"><\/div>\n\n\n\n<p>Robert uppskattar friheten han har p\u00e5 SYSTRA och att han f\u00e5r utrymme att utvecklas.<\/p>\n\n\n\n<div style=\"height:30px\" aria-hidden=\"true\" class=\"wp-block-spacer\"><\/div>\n\n\n\n<p>\u2013 Jag har frihet under ansvar och k\u00e4nner att mitt arbete g\u00f6r skillnad. Jag f\u00e5r ta egna initiativ och driva projekt p\u00e5 mitt s\u00e4tt, vilket betyder mycket f\u00f6r mig.<\/p>\n\n\n\n<div style=\"height:30px\" aria-hidden=\"true\" class=\"wp-block-spacer\"><\/div>\n\n\n\n<h3 class=\"wp-block-heading has-dusty-blue-color has-text-color\" id=\"h-balans-och-styrka\">balans och styrka<\/h3>\n\n\n\n<div style=\"height:10px\" aria-hidden=\"true\" class=\"wp-block-spacer\"><\/div>\n\n\n\n<p>F\u00f6r att m\u00e5 bra utanf\u00f6r jobbet \u00e4r tr\u00e4ning en viktig del av Roberts liv.<\/p>\n\n\n\n<div style=\"height:30px\" aria-hidden=\"true\" class=\"wp-block-spacer\"><\/div>\n\n\n\n<p>\u2013 Styrketr\u00e4ning har varit en del av min vardag sedan ton\u00e5ren. Det hj\u00e4lper mig att vara fokuserad och m\u00e5 bra, b\u00e5de fysiskt och mentalt.<\/p>\n<\/div>\n<\/div>\n\n\n\n<div style=\"height:100px\" aria-hidden=\"true\" class=\"wp-block-spacer\"><\/div>\n\n\n\n<div class=\"wp-block-group who-pattern-content-feed\"><div class=\"wp-block-group__inner-container is-layout-constrained wp-block-group-is-layout-constrained\">\n<div class=\"wp-block-columns is-layout-flex wp-container-core-columns-is-layout-9d6595d7 wp-block-columns-is-layout-flex\">\n<div class=\"wp-block-column is-layout-flow wp-block-column-is-layout-flow\">\n    <div class=\"who-block-content-feed\">\n        \n\t\t<div class=\"tile tile--page \">\n\t\t<figure class=\"tile__thumbnail\">\n\t\t\t<img loading=\"lazy\" decoding=\"async\" width=\"1024\" height=\"645\" src=\"https:\/\/www.systra.com\/sweden\/wp-content\/uploads\/sites\/13\/2023\/03\/systra_career-1-1024x645.png\" class=\"attachment-large size-large wp-post-image\" alt=\"\" \/>\n\t\t\t<figcaption class=\"tile__content\">\n\t\t\t\t\t\t\t\t<h3 class=\"tile__title\" style=\"color:#fff !important\">Medarbetarportr\u00e4tt<\/h3>\n\n\t\t\t\t<a class=\"tile__link\" href=\"https:\/\/www.systra.com\/sweden\/karriar\/medarbetarportratt\/\">\n\t\t\t\t\tRead more\t\t\t\t\t<span class=\"screen-reader-text\"> sur Medarbetarportr\u00e4tt<\/span>\n\t\t\t\t<\/a>\n\t\t\t<\/figcaption>\n\t\t<\/figure>\n\t<\/div>\n    <\/div>\n<\/div>\n\n\n\n<div class=\"wp-block-column is-layout-flow wp-block-column-is-layout-flow\">\n    <div class=\"who-block-content-feed\">\n        \n\t\t<div class=\"tile tile--page \">\n\t\t<figure class=\"tile__thumbnail\">\n\t\t\t<img loading=\"lazy\" decoding=\"async\" width=\"1024\" height=\"683\" src=\"https:\/\/www.systra.com\/sweden\/wp-content\/uploads\/2024\/04\/header_offre_emploi-2-1024x683.jpg\" class=\"attachment-large size-large\" alt=\"\" \/>\n\t\t\t<figcaption class=\"tile__content\">\n\t\t\t\t\t\t\t\t<h3 class=\"tile__title\" style=\"color:#fff !important\">Lediga jobb<\/h3>\n\n\t\t\t\t<a class=\"tile__link\" href=\"https:\/\/www.systra.com\/sweden\/lediga-jobb\/\">\n\t\t\t\t\tRead more\t\t\t\t\t<span class=\"screen-reader-text\"> sur Lediga jobb<\/span>\n\t\t\t\t<\/a>\n\t\t\t<\/figcaption>\n\t\t<\/figure>\n\t<\/div>\n    <\/div>\n<\/div>\n<\/div>\n<\/div><\/div>\n","protected":false},"excerpt":{"rendered":"<p>Namn: Robert RennesTitel: UppdragsledareOrt: Helsingborg Robert Renner har alltid s\u00f6kt sig till yrken som bidrar till samh\u00e4llsnytta \u2013 allt fr\u00e5n milit\u00e4rtj\u00e4nstg\u00f6ring och akutsjukv\u00e5rden till infrastruktur. Idag \u00e4r han uppdragsledare p\u00e5 SYSTRA, d\u00e4r han bidrar till att utveckla och f\u00f6rb\u00e4ttra den svenska j\u00e4rnv\u00e4gen. Drivkraft och utmaningar Robert uppskattar strukturer som skapar stabilitet i samh\u00e4llet och trivs [&hellip;]<\/p>\n","protected":false},"author":186,"featured_media":27147,"parent":19224,"menu_order":0,"comment_status":"closed","ping_status":"closed","template":"","meta":{"_acf_changed":false,"_relevanssi_hide_post":"","_relevanssi_hide_content":"","_relevanssi_pin_for_all":"","_relevanssi_pin_keywords":"","_relevanssi_unpin_keywords":"","_relevanssi_related_keywords":"","_relevanssi_related_include_ids":"","_relevanssi_related_exclude_ids":"","_relevanssi_related_no_append":"","_relevanssi_related_not_related":"","_relevanssi_related_posts":"4073,7307,9844,14657,6506,3906","_relevanssi_noindex_reason":"","footnotes":""},"class_list":["post-27154","page","type-page","status-publish","has-post-thumbnail","hentry"],"acf":[],"yoast_head":"<!-- This site is optimized with the Yoast SEO Premium plugin v27.4 (Yoast SEO v27.4) - https:\/\/yoast.com\/product\/yoast-seo-premium-wordpress\/ -->\n<title>Att v\u00e5ga byta sp\u00e5r - SYSTRA Sweden<\/title>\n<meta name=\"description\" content=\"Att v\u00e5ga byta sp\u00e5r - SYSTRA Nordic, consulting and engineering firm, world leader in public transport infrastructure engineering.\" \/>\n<meta name=\"robots\" content=\"index, follow, max-snippet:-1, max-image-preview:large, max-video-preview:-1\" \/>\n<meta property=\"og:locale\" content=\"en_US\" \/>\n<meta property=\"og:type\" content=\"article\" \/>\n<meta property=\"og:title\" content=\"Att v\u00e5ga byta sp\u00e5r\" \/>\n<meta property=\"og:description\" content=\"Att v\u00e5ga byta sp\u00e5r - SYSTRA Nordic, consulting and engineering firm, world leader in public transport infrastructure engineering.\" \/>\n<meta property=\"og:url\" content=\"https:\/\/www.systra.com\/sweden\/karriar\/medarbetarportratt\/att-vaga-byta-spar\/\" \/>\n<meta property=\"og:site_name\" content=\"Sweden\" \/>\n<meta property=\"article:modified_time\" content=\"2025-04-15T08:34:30+00:00\" \/>\n<meta property=\"og:image\" content=\"https:\/\/www.systra.com\/sweden\/wp-content\/uploads\/sites\/13\/2025\/04\/bild-strom-scaled.jpg\" \/>\n\t<meta property=\"og:image:width\" content=\"1920\" \/>\n\t<meta property=\"og:image:height\" content=\"2560\" \/>\n\t<meta property=\"og:image:type\" content=\"image\/jpeg\" \/>\n<meta name=\"twitter:card\" content=\"summary_large_image\" \/>\n<meta name=\"twitter:label1\" content=\"Est. reading time\" \/>\n\t<meta name=\"twitter:data1\" content=\"3 minutes\" \/>\n<script type=\"application\/ld+json\" class=\"yoast-schema-graph\">{\"@context\":\"https:\\\/\\\/schema.org\",\"@graph\":[{\"@type\":\"WebPage\",\"@id\":\"https:\\\/\\\/www.systra.com\\\/sweden\\\/karriar\\\/medarbetarportratt\\\/att-vaga-byta-spar\\\/\",\"url\":\"https:\\\/\\\/www.systra.com\\\/sweden\\\/karriar\\\/medarbetarportratt\\\/att-vaga-byta-spar\\\/\",\"name\":\"Att v\u00e5ga byta sp\u00e5r - SYSTRA Sweden\",\"isPartOf\":{\"@id\":\"https:\\\/\\\/www.systra.com\\\/sweden\\\/#website\"},\"primaryImageOfPage\":{\"@id\":\"https:\\\/\\\/www.systra.com\\\/sweden\\\/karriar\\\/medarbetarportratt\\\/att-vaga-byta-spar\\\/#primaryimage\"},\"image\":{\"@id\":\"https:\\\/\\\/www.systra.com\\\/sweden\\\/karriar\\\/medarbetarportratt\\\/att-vaga-byta-spar\\\/#primaryimage\"},\"thumbnailUrl\":\"https:\\\/\\\/www.systra.com\\\/sweden\\\/wp-content\\\/uploads\\\/sites\\\/13\\\/2025\\\/04\\\/bild-strom-scaled.jpg\",\"datePublished\":\"2025-04-15T07:57:12+00:00\",\"dateModified\":\"2025-04-15T08:34:30+00:00\",\"description\":\"Att v\u00e5ga byta sp\u00e5r - SYSTRA Nordic, consulting and engineering firm, world leader in public transport infrastructure engineering.\",\"breadcrumb\":{\"@id\":\"https:\\\/\\\/www.systra.com\\\/sweden\\\/karriar\\\/medarbetarportratt\\\/att-vaga-byta-spar\\\/#breadcrumb\"},\"inLanguage\":\"en-US\",\"potentialAction\":[{\"@type\":\"ReadAction\",\"target\":[\"https:\\\/\\\/www.systra.com\\\/sweden\\\/karriar\\\/medarbetarportratt\\\/att-vaga-byta-spar\\\/\"]}]},{\"@type\":\"ImageObject\",\"inLanguage\":\"en-US\",\"@id\":\"https:\\\/\\\/www.systra.com\\\/sweden\\\/karriar\\\/medarbetarportratt\\\/att-vaga-byta-spar\\\/#primaryimage\",\"url\":\"https:\\\/\\\/www.systra.com\\\/sweden\\\/wp-content\\\/uploads\\\/sites\\\/13\\\/2025\\\/04\\\/bild-strom-scaled.jpg\",\"contentUrl\":\"https:\\\/\\\/www.systra.com\\\/sweden\\\/wp-content\\\/uploads\\\/sites\\\/13\\\/2025\\\/04\\\/bild-strom-scaled.jpg\",\"width\":1920,\"height\":2560},{\"@type\":\"BreadcrumbList\",\"@id\":\"https:\\\/\\\/www.systra.com\\\/sweden\\\/karriar\\\/medarbetarportratt\\\/att-vaga-byta-spar\\\/#breadcrumb\",\"itemListElement\":[{\"@type\":\"ListItem\",\"position\":1,\"name\":\"Hemsida\",\"item\":\"https:\\\/\\\/www.systra.com\\\/sweden\\\/en\\\/\"},{\"@type\":\"ListItem\",\"position\":2,\"name\":\"\u00a0Karri\u00e4r\",\"item\":\"https:\\\/\\\/www.systra.com\\\/sweden\\\/karriar\\\/\"},{\"@type\":\"ListItem\",\"position\":3,\"name\":\"Medarbetarportr\u00e4tt\",\"item\":\"https:\\\/\\\/www.systra.com\\\/sweden\\\/karriar\\\/medarbetarportratt\\\/\"},{\"@type\":\"ListItem\",\"position\":4,\"name\":\"Att v\u00e5ga byta sp\u00e5r\"}]},{\"@type\":\"WebSite\",\"@id\":\"https:\\\/\\\/www.systra.com\\\/sweden\\\/#website\",\"url\":\"https:\\\/\\\/www.systra.com\\\/sweden\\\/\",\"name\":\"SYSTRA Sweden\",\"description\":\"Un site utilisant Les sites de Systra\",\"potentialAction\":[{\"@type\":\"SearchAction\",\"target\":{\"@type\":\"EntryPoint\",\"urlTemplate\":\"https:\\\/\\\/www.systra.com\\\/sweden\\\/?s={search_term_string}\"},\"query-input\":{\"@type\":\"PropertyValueSpecification\",\"valueRequired\":true,\"valueName\":\"search_term_string\"}}],\"inLanguage\":\"en-US\"}]}<\/script>\n<!-- \/ Yoast SEO Premium plugin. -->","yoast_head_json":{"title":"Att v\u00e5ga byta sp\u00e5r - SYSTRA Sweden","description":"Att v\u00e5ga byta sp\u00e5r - SYSTRA Nordic, consulting and engineering firm, world leader in public transport infrastructure engineering.","robots":{"index":"index","follow":"follow","max-snippet":"max-snippet:-1","max-image-preview":"max-image-preview:large","max-video-preview":"max-video-preview:-1"},"og_locale":"en_US","og_type":"article","og_title":"Att v\u00e5ga byta sp\u00e5r","og_description":"Att v\u00e5ga byta sp\u00e5r - SYSTRA Nordic, consulting and engineering firm, world leader in public transport infrastructure engineering.","og_url":"https:\/\/www.systra.com\/sweden\/karriar\/medarbetarportratt\/att-vaga-byta-spar\/","og_site_name":"Sweden","article_modified_time":"2025-04-15T08:34:30+00:00","og_image":[{"width":1920,"height":2560,"url":"https:\/\/www.systra.com\/sweden\/wp-content\/uploads\/sites\/13\/2025\/04\/bild-strom-scaled.jpg","type":"image\/jpeg"}],"twitter_card":"summary_large_image","twitter_misc":{"Est. reading time":"3 minutes"},"schema":{"@context":"https:\/\/schema.org","@graph":[{"@type":"WebPage","@id":"https:\/\/www.systra.com\/sweden\/karriar\/medarbetarportratt\/att-vaga-byta-spar\/","url":"https:\/\/www.systra.com\/sweden\/karriar\/medarbetarportratt\/att-vaga-byta-spar\/","name":"Att v\u00e5ga byta sp\u00e5r - SYSTRA Sweden","isPartOf":{"@id":"https:\/\/www.systra.com\/sweden\/#website"},"primaryImageOfPage":{"@id":"https:\/\/www.systra.com\/sweden\/karriar\/medarbetarportratt\/att-vaga-byta-spar\/#primaryimage"},"image":{"@id":"https:\/\/www.systra.com\/sweden\/karriar\/medarbetarportratt\/att-vaga-byta-spar\/#primaryimage"},"thumbnailUrl":"https:\/\/www.systra.com\/sweden\/wp-content\/uploads\/sites\/13\/2025\/04\/bild-strom-scaled.jpg","datePublished":"2025-04-15T07:57:12+00:00","dateModified":"2025-04-15T08:34:30+00:00","description":"Att v\u00e5ga byta sp\u00e5r - SYSTRA Nordic, consulting and engineering firm, world leader in public transport infrastructure engineering.","breadcrumb":{"@id":"https:\/\/www.systra.com\/sweden\/karriar\/medarbetarportratt\/att-vaga-byta-spar\/#breadcrumb"},"inLanguage":"en-US","potentialAction":[{"@type":"ReadAction","target":["https:\/\/www.systra.com\/sweden\/karriar\/medarbetarportratt\/att-vaga-byta-spar\/"]}]},{"@type":"ImageObject","inLanguage":"en-US","@id":"https:\/\/www.systra.com\/sweden\/karriar\/medarbetarportratt\/att-vaga-byta-spar\/#primaryimage","url":"https:\/\/www.systra.com\/sweden\/wp-content\/uploads\/sites\/13\/2025\/04\/bild-strom-scaled.jpg","contentUrl":"https:\/\/www.systra.com\/sweden\/wp-content\/uploads\/sites\/13\/2025\/04\/bild-strom-scaled.jpg","width":1920,"height":2560},{"@type":"BreadcrumbList","@id":"https:\/\/www.systra.com\/sweden\/karriar\/medarbetarportratt\/att-vaga-byta-spar\/#breadcrumb","itemListElement":[{"@type":"ListItem","position":1,"name":"Hemsida","item":"https:\/\/www.systra.com\/sweden\/en\/"},{"@type":"ListItem","position":2,"name":"\u00a0Karri\u00e4r","item":"https:\/\/www.systra.com\/sweden\/karriar\/"},{"@type":"ListItem","position":3,"name":"Medarbetarportr\u00e4tt","item":"https:\/\/www.systra.com\/sweden\/karriar\/medarbetarportratt\/"},{"@type":"ListItem","position":4,"name":"Att v\u00e5ga byta sp\u00e5r"}]},{"@type":"WebSite","@id":"https:\/\/www.systra.com\/sweden\/#website","url":"https:\/\/www.systra.com\/sweden\/","name":"SYSTRA Sweden","description":"Un site utilisant Les sites de Systra","potentialAction":[{"@type":"SearchAction","target":{"@type":"EntryPoint","urlTemplate":"https:\/\/www.systra.com\/sweden\/?s={search_term_string}"},"query-input":{"@type":"PropertyValueSpecification","valueRequired":true,"valueName":"search_term_string"}}],"inLanguage":"en-US"}]}},"lang":"sv","translations":{"sv":27154},"pll_sync_post":[],"_links":{"self":[{"href":"https:\/\/www.systra.com\/sweden\/wp-json\/wp\/v2\/pages\/27154","targetHints":{"allow":["GET"]}}],"collection":[{"href":"https:\/\/www.systra.com\/sweden\/wp-json\/wp\/v2\/pages"}],"about":[{"href":"https:\/\/www.systra.com\/sweden\/wp-json\/wp\/v2\/types\/page"}],"author":[{"embeddable":true,"href":"https:\/\/www.systra.com\/sweden\/wp-json\/wp\/v2\/users\/186"}],"replies":[{"embeddable":true,"href":"https:\/\/www.systra.com\/sweden\/wp-json\/wp\/v2\/comments?post=27154"}],"version-history":[{"count":3,"href":"https:\/\/www.systra.com\/sweden\/wp-json\/wp\/v2\/pages\/27154\/revisions"}],"predecessor-version":[{"id":27238,"href":"https:\/\/www.systra.com\/sweden\/wp-json\/wp\/v2\/pages\/27154\/revisions\/27238"}],"up":[{"embeddable":true,"href":"https:\/\/www.systra.com\/sweden\/wp-json\/wp\/v2\/pages\/19224"}],"wp:featuredmedia":[{"embeddable":true,"href":"https:\/\/www.systra.com\/sweden\/wp-json\/wp\/v2\/media\/27147"}],"wp:attachment":[{"href":"https:\/\/www.systra.com\/sweden\/wp-json\/wp\/v2\/media?parent=27154"}],"curies":[{"name":"wp","href":"https:\/\/api.w.org\/{rel}","templated":true}]}}