{"id":25951,"date":"2025-04-15T09:57:24","date_gmt":"2025-04-15T07:57:24","guid":{"rendered":"https:\/\/www.systra.com\/sweden\/?page_id=25951"},"modified":"2025-04-15T10:33:42","modified_gmt":"2025-04-15T08:33:42","slug":"upptackargladje-i-en-teknisk-varld","status":"publish","type":"page","link":"https:\/\/www.systra.com\/sweden\/karriar\/medarbetarportratt\/upptackargladje-i-en-teknisk-varld\/","title":{"rendered":"Uppt\u00e4ckargl\u00e4dje i en teknisk v\u00e4rld"},"content":{"rendered":"\n<div style=\"height:5px\" aria-hidden=\"true\" class=\"wp-block-spacer\"><\/div>\n\n\n\n<div class=\"wp-block-columns is-layout-flex wp-container-core-columns-is-layout-9d6595d7 wp-block-columns-is-layout-flex\">\n<div class=\"wp-block-column is-layout-flow wp-block-column-is-layout-flow\" style=\"flex-basis:33.33%\"><div class=\"wp-block-image is-style-default\">\n<figure class=\"aligncenter size-large\"><img loading=\"lazy\" decoding=\"async\" width=\"778\" height=\"1024\" src=\"https:\/\/www.systra.com\/sweden\/wp-content\/uploads\/sites\/13\/2025\/04\/editeradlovisa-2-778x1024.jpg\" alt=\"\" class=\"wp-image-27144\" srcset=\"https:\/\/www.systra.com\/sweden\/wp-content\/uploads\/sites\/13\/2025\/04\/editeradlovisa-2-778x1024.jpg 778w, https:\/\/www.systra.com\/sweden\/wp-content\/uploads\/sites\/13\/2025\/04\/editeradlovisa-2-228x300.jpg 228w, https:\/\/www.systra.com\/sweden\/wp-content\/uploads\/sites\/13\/2025\/04\/editeradlovisa-2-768x1011.jpg 768w, https:\/\/www.systra.com\/sweden\/wp-content\/uploads\/sites\/13\/2025\/04\/editeradlovisa-2-1166x1536.jpg 1166w, https:\/\/www.systra.com\/sweden\/wp-content\/uploads\/sites\/13\/2025\/04\/editeradlovisa-2-1555x2048.jpg 1555w, https:\/\/www.systra.com\/sweden\/wp-content\/uploads\/sites\/13\/2025\/04\/editeradlovisa-2-474x624.jpg 474w, https:\/\/www.systra.com\/sweden\/wp-content\/uploads\/sites\/13\/2025\/04\/editeradlovisa-2-1700x2239.jpg 1700w, https:\/\/www.systra.com\/sweden\/wp-content\/uploads\/sites\/13\/2025\/04\/editeradlovisa-2-1352x1780.jpg 1352w, https:\/\/www.systra.com\/sweden\/wp-content\/uploads\/sites\/13\/2025\/04\/editeradlovisa-2-800x1053.jpg 800w, https:\/\/www.systra.com\/sweden\/wp-content\/uploads\/sites\/13\/2025\/04\/editeradlovisa-2-180x237.jpg 180w, https:\/\/www.systra.com\/sweden\/wp-content\/uploads\/sites\/13\/2025\/04\/editeradlovisa-2-153x201.jpg 153w, https:\/\/www.systra.com\/sweden\/wp-content\/uploads\/sites\/13\/2025\/04\/editeradlovisa-2-230x303.jpg 230w, https:\/\/www.systra.com\/sweden\/wp-content\/uploads\/sites\/13\/2025\/04\/editeradlovisa-2-scaled.jpg 1944w\" sizes=\"auto, (max-width: 778px) 100vw, 778px\" \/><\/figure>\n<\/div>\n\n\n<p class=\"has-noir-color has-griplusclair-background-color has-text-color has-background has-link-color wp-elements-2e42f76ad78bb56e367fd3bdb6e6e958\"><mark style=\"background-color:rgba(0, 0, 0, 0)\" class=\"has-inline-color has-noir-color\"><strong>Namn:<\/strong> <\/mark>Lovisa Ljungberg<mark style=\"background-color:rgba(0, 0, 0, 0)\" class=\"has-inline-color has-noir-color\"><a href=\"Namn: Per Ackerfeldt\"><br><\/a><strong>Titel<\/strong>: Signalprojekt\u00f6r<br><strong>Ort:<\/strong> Malm\u00f6<\/mark><\/p>\n\n\n\n<div style=\"height:50px\" aria-hidden=\"true\" class=\"wp-block-spacer\"><\/div>\n<\/div>\n\n\n\n<div class=\"wp-block-column is-layout-flow wp-block-column-is-layout-flow\" style=\"flex-basis:66.66%\">\n<p class=\"has-large-font-size\">Lovisa Ljungberg har alltid varit nyfiken p\u00e5 teknik och infrastruktur. Idag arbetar hon som signalprojekt\u00f6r p\u00e5 SYSTRAs kontor i Malm\u00f6. Att jobba med j\u00e4rnv\u00e4g var inget sj\u00e4lvklart val fr\u00e5n b\u00f6rjan, men under sin utbildning i byggteknik med inriktning p\u00e5 j\u00e4rnv\u00e4gsteknik vid Lunds universitet ins\u00e5g hon potentialen inom branschen<\/p>\n\n\n\n<div style=\"height:30px\" aria-hidden=\"true\" class=\"wp-block-spacer\"><\/div>\n\n\n\n<h3 class=\"wp-block-heading has-dusty-blue-color has-text-color\" id=\"h-detaljer-och-samarbete\">Detaljer och samarbete<\/h3>\n\n\n\n<div style=\"height:10px\" aria-hidden=\"true\" class=\"wp-block-spacer\"><\/div>\n\n\n\n<p>Lovisa trivs med den tekniska bredden och samarbetet mellan olika discipliner.<\/p>\n\n\n\n<div style=\"height:30px\" aria-hidden=\"true\" class=\"wp-block-spacer\"><\/div>\n\n\n\n<p>\u2013 Mitt jobb \u00e4r omv\u00e4xlande. En dag kan jag arbeta med detaljritningar till ett signalsk\u00e5p, n\u00e4sta dag med planritningar f\u00f6r en hel station. Vi anpassar och utvecklar signalanl\u00e4ggningar, antingen genom att bygga nytt eller genom att f\u00f6rb\u00e4ttra befintliga system.<\/p>\n\n\n\n<div style=\"height:30px\" aria-hidden=\"true\" class=\"wp-block-spacer\"><\/div>\n\n\n\n<h3 class=\"wp-block-heading has-dusty-blue-color has-text-color\" id=\"h-projekt-som-utmanar\">Projekt som utmanar<\/h3>\n\n\n\n<div style=\"height:10px\" aria-hidden=\"true\" class=\"wp-block-spacer\"><\/div>\n\n\n\n<p>Lovisa arbetar med flera projekt parallellt, d\u00e4ribland ERTMS Lund som hon tycker \u00e4r s\u00e4rskilt sp\u00e4nnande eftersom det \u00e4r ett nytt system f\u00f6r henne och dessutom knyter an till hennes hemstad.<\/p>\n\n\n\n<div style=\"height:30px\" aria-hidden=\"true\" class=\"wp-block-spacer\"><\/div>\n\n\n\n<p>\u2013 Det \u00e4r inspirerande att f\u00e5 jobba med n\u00e5got som \u00e4r b\u00e5de utmanande och l\u00e4rorikt. Jag skriver ett signaltekniskt dokument om tekniska funktionskrav. Att projektet p\u00e5g\u00e5r i min egen stad g\u00f6r det \u00e4nnu mer engagerande.<\/p>\n\n\n\n<div style=\"height:30px\" aria-hidden=\"true\" class=\"wp-block-spacer\"><\/div>\n\n\n\n<h3 class=\"wp-block-heading has-dusty-blue-color has-text-color\" id=\"h-upptackarlust\">Uppt\u00e4ckarlust<\/h3>\n\n\n\n<div style=\"height:10px\" aria-hidden=\"true\" class=\"wp-block-spacer\"><\/div>\n\n\n\n<p>F\u00f6r Lovisa \u00e4r uppt\u00e4ckarlust en naturlig drivkraft, b\u00e5de i jobbet och p\u00e5 fritiden.<\/p>\n\n\n\n<div style=\"height:30px\" aria-hidden=\"true\" class=\"wp-block-spacer\"><\/div>\n\n\n\n<p>\u2013 Jag gillar att vara utomhus och uppt\u00e4cka nya milj\u00f6er. Det kan vara en ny skogsstig, ett caf\u00e9 eller en stadsdel jag inte varit i tidigare. Genom jobbet f\u00e5r jag ocks\u00e5 m\u00f6jlighet att bes\u00f6ka platser jag annars aldrig hade sett, och det \u00e4r en del av charmen.<\/p>\n\n\n\n<div style=\"height:30px\" aria-hidden=\"true\" class=\"wp-block-spacer\"><\/div>\n\n\n\n<h3 class=\"wp-block-heading has-dusty-blue-color has-text-color\" id=\"h-taget-som-framtidens-transportmedel\">T\u00e5get som framtidens transportmedel<\/h3>\n\n\n\n<div style=\"height:10px\" aria-hidden=\"true\" class=\"wp-block-spacer\"><\/div>\n\n\n\n<p>Att arbeta med j\u00e4rnv\u00e4g ger Lovisa en k\u00e4nsla av att bidra till en h\u00e5llbar framtid.<\/p>\n\n\n\n<div style=\"height:30px\" aria-hidden=\"true\" class=\"wp-block-spacer\"><\/div>\n\n\n\n<p>\u2013 J\u00e4rnv\u00e4g \u00e4r ett viktigt transports\u00e4tt och vi arbetar f\u00f6r att g\u00f6ra det \u00e4nnu mer tillg\u00e4ngligt, s\u00e4kert och effektivt. Som till exempel projektet med Varbergstunneln d\u00e4r t\u00e5gtrafiken mellan Lund och G\u00f6teborg ska f\u00f6renklas, det \u00e4r roligt att ha varit en del av det projektet.<\/p>\n\n\n\n<div style=\"height:30px\" aria-hidden=\"true\" class=\"wp-block-spacer\"><\/div>\n\n\n\n<h3 class=\"wp-block-heading has-dusty-blue-color has-text-color has-link-color has-medium-font-size wp-elements-61a32adf67e2cdad3f94412f71b51adf\" id=\"h-hjalpsam-foretagskultur\">Hj\u00e4lpsam f\u00f6retagskultur<\/h3>\n\n\n\n<div style=\"height:10px\" aria-hidden=\"true\" class=\"wp-block-spacer\"><\/div>\n\n\n\n<p>Lovisa ser sig sj\u00e4lv forts\u00e4tta utvecklas inom signalteknik och l\u00e4randet \u00e4r en naturlig del i hennes vardag.<\/p>\n\n\n\n<div style=\"height:30px\" aria-hidden=\"true\" class=\"wp-block-spacer\"><\/div>\n\n\n\n<p>\u2013 Jag uppskattar komplexiteten inom signal. Det finns alltid n\u00e5got nytt att l\u00e4ra sig. Vi g\u00e5r p\u00e5 utbildningar men den st\u00f6rsta utvecklingen sker i det dagliga arbetet. Jag l\u00e4r mig genom att g\u00f6ra, granska och fr\u00e5ga kollegor. Vi har en kultur d\u00e4r vi hj\u00e4lper varandra.<br><br><\/p>\n<\/div>\n<\/div>\n\n\n\n<div style=\"height:100px\" aria-hidden=\"true\" class=\"wp-block-spacer\"><\/div>\n\n\n\n<div style=\"height:40px\" aria-hidden=\"true\" class=\"wp-block-spacer\"><\/div>\n\n\n\n<div class=\"wp-block-group who-pattern-content-feed\"><div class=\"wp-block-group__inner-container is-layout-constrained wp-block-group-is-layout-constrained\">\n<div class=\"wp-block-columns is-layout-flex wp-container-core-columns-is-layout-9d6595d7 wp-block-columns-is-layout-flex\">\n<div class=\"wp-block-column is-layout-flow wp-block-column-is-layout-flow\">\n    <div class=\"who-block-content-feed\">\n        \n\t\t<div class=\"tile tile--page \">\n\t\t<figure class=\"tile__thumbnail\">\n\t\t\t<img loading=\"lazy\" decoding=\"async\" width=\"1024\" height=\"645\" src=\"https:\/\/www.systra.com\/sweden\/wp-content\/uploads\/sites\/13\/2023\/03\/systra_career-1-1024x645.png\" class=\"attachment-large size-large wp-post-image\" alt=\"\" \/>\n\t\t\t<figcaption class=\"tile__content\">\n\t\t\t\t\t\t\t\t<h3 class=\"tile__title\" style=\"color:#fff !important\">Medarbetarportr\u00e4tt<\/h3>\n\n\t\t\t\t<a class=\"tile__link\" href=\"https:\/\/www.systra.com\/sweden\/karriar\/medarbetarportratt\/\">\n\t\t\t\t\tRead more\t\t\t\t\t<span class=\"screen-reader-text\"> sur Medarbetarportr\u00e4tt<\/span>\n\t\t\t\t<\/a>\n\t\t\t<\/figcaption>\n\t\t<\/figure>\n\t<\/div>\n    <\/div>\n<\/div>\n\n\n\n<div class=\"wp-block-column is-layout-flow wp-block-column-is-layout-flow\">\n    <div class=\"who-block-content-feed\">\n        \n\t\t<div class=\"tile tile--page \">\n\t\t<figure class=\"tile__thumbnail\">\n\t\t\t<img loading=\"lazy\" decoding=\"async\" width=\"1024\" height=\"683\" src=\"https:\/\/www.systra.com\/sweden\/wp-content\/uploads\/2024\/04\/header_offre_emploi-2-1024x683.jpg\" class=\"attachment-large size-large\" alt=\"\" \/>\n\t\t\t<figcaption class=\"tile__content\">\n\t\t\t\t\t\t\t\t<h3 class=\"tile__title\" style=\"color:#fff !important\">Lediga jobb<\/h3>\n\n\t\t\t\t<a class=\"tile__link\" href=\"https:\/\/www.systra.com\/sweden\/lediga-jobb\/\">\n\t\t\t\t\tRead more\t\t\t\t\t<span class=\"screen-reader-text\"> sur Lediga jobb<\/span>\n\t\t\t\t<\/a>\n\t\t\t<\/figcaption>\n\t\t<\/figure>\n\t<\/div>\n    <\/div>\n<\/div>\n<\/div>\n<\/div><\/div>\n","protected":false},"excerpt":{"rendered":"<p>Namn: Lovisa LjungbergTitel: Signalprojekt\u00f6rOrt: Malm\u00f6 Lovisa Ljungberg har alltid varit nyfiken p\u00e5 teknik och infrastruktur. Idag arbetar hon som signalprojekt\u00f6r p\u00e5 SYSTRAs kontor i Malm\u00f6. Att jobba med j\u00e4rnv\u00e4g var inget sj\u00e4lvklart val fr\u00e5n b\u00f6rjan, men under sin utbildning i byggteknik med inriktning p\u00e5 j\u00e4rnv\u00e4gsteknik vid Lunds universitet ins\u00e5g hon potentialen inom branschen Detaljer och [&hellip;]<\/p>\n","protected":false},"author":186,"featured_media":27148,"parent":19224,"menu_order":0,"comment_status":"closed","ping_status":"closed","template":"","meta":{"_acf_changed":false,"_relevanssi_hide_post":"","_relevanssi_hide_content":"","_relevanssi_pin_for_all":"","_relevanssi_pin_keywords":"","_relevanssi_unpin_keywords":"","_relevanssi_related_keywords":"","_relevanssi_related_include_ids":"","_relevanssi_related_exclude_ids":"","_relevanssi_related_no_append":"","_relevanssi_related_not_related":"","_relevanssi_related_posts":"4073,7307,9844,14657,6506,3906","_relevanssi_noindex_reason":"","footnotes":""},"class_list":["post-25951","page","type-page","status-publish","has-post-thumbnail","hentry"],"acf":[],"yoast_head":"<!-- This site is optimized with the Yoast SEO Premium plugin v27.4 (Yoast SEO v27.4) - https:\/\/yoast.com\/product\/yoast-seo-premium-wordpress\/ -->\n<title>Uppt\u00e4ckargl\u00e4dje i en teknisk v\u00e4rld - SYSTRA Sweden<\/title>\n<meta name=\"description\" content=\"Uppt\u00e4ckargl\u00e4dje i en teknisk v\u00e4rld - SYSTRA Nordic, consulting and engineering firm, world leader in public transport infrastructure engineering.\" \/>\n<meta name=\"robots\" content=\"index, follow, max-snippet:-1, max-image-preview:large, max-video-preview:-1\" \/>\n<meta property=\"og:locale\" content=\"en_US\" \/>\n<meta property=\"og:type\" content=\"article\" \/>\n<meta property=\"og:title\" content=\"Uppt\u00e4ckargl\u00e4dje i en teknisk v\u00e4rld\" \/>\n<meta property=\"og:description\" content=\"Uppt\u00e4ckargl\u00e4dje i en teknisk v\u00e4rld - SYSTRA Nordic, consulting and engineering firm, world leader in public transport infrastructure engineering.\" \/>\n<meta property=\"og:url\" content=\"https:\/\/www.systra.com\/sweden\/karriar\/medarbetarportratt\/upptackargladje-i-en-teknisk-varld\/\" \/>\n<meta property=\"og:site_name\" content=\"Sweden\" \/>\n<meta property=\"article:modified_time\" content=\"2025-04-15T08:33:42+00:00\" \/>\n<meta property=\"og:image\" content=\"https:\/\/www.systra.com\/sweden\/wp-content\/uploads\/sites\/13\/2025\/04\/bild-pa-bro-scaled.jpg\" \/>\n\t<meta property=\"og:image:width\" content=\"1920\" \/>\n\t<meta property=\"og:image:height\" content=\"2560\" \/>\n\t<meta property=\"og:image:type\" content=\"image\/jpeg\" \/>\n<meta name=\"twitter:card\" content=\"summary_large_image\" \/>\n<meta name=\"twitter:label1\" content=\"Est. reading time\" \/>\n\t<meta name=\"twitter:data1\" content=\"2 minutes\" \/>\n<script type=\"application\/ld+json\" class=\"yoast-schema-graph\">{\"@context\":\"https:\\\/\\\/schema.org\",\"@graph\":[{\"@type\":\"WebPage\",\"@id\":\"https:\\\/\\\/www.systra.com\\\/sweden\\\/karriar\\\/medarbetarportratt\\\/upptackargladje-i-en-teknisk-varld\\\/\",\"url\":\"https:\\\/\\\/www.systra.com\\\/sweden\\\/karriar\\\/medarbetarportratt\\\/upptackargladje-i-en-teknisk-varld\\\/\",\"name\":\"Uppt\u00e4ckargl\u00e4dje i en teknisk v\u00e4rld - SYSTRA Sweden\",\"isPartOf\":{\"@id\":\"https:\\\/\\\/www.systra.com\\\/sweden\\\/#website\"},\"primaryImageOfPage\":{\"@id\":\"https:\\\/\\\/www.systra.com\\\/sweden\\\/karriar\\\/medarbetarportratt\\\/upptackargladje-i-en-teknisk-varld\\\/#primaryimage\"},\"image\":{\"@id\":\"https:\\\/\\\/www.systra.com\\\/sweden\\\/karriar\\\/medarbetarportratt\\\/upptackargladje-i-en-teknisk-varld\\\/#primaryimage\"},\"thumbnailUrl\":\"https:\\\/\\\/www.systra.com\\\/sweden\\\/wp-content\\\/uploads\\\/sites\\\/13\\\/2025\\\/04\\\/bild-pa-bro-scaled.jpg\",\"datePublished\":\"2025-04-15T07:57:24+00:00\",\"dateModified\":\"2025-04-15T08:33:42+00:00\",\"description\":\"Uppt\u00e4ckargl\u00e4dje i en teknisk v\u00e4rld - SYSTRA Nordic, consulting and engineering firm, world leader in public transport infrastructure engineering.\",\"breadcrumb\":{\"@id\":\"https:\\\/\\\/www.systra.com\\\/sweden\\\/karriar\\\/medarbetarportratt\\\/upptackargladje-i-en-teknisk-varld\\\/#breadcrumb\"},\"inLanguage\":\"en-US\",\"potentialAction\":[{\"@type\":\"ReadAction\",\"target\":[\"https:\\\/\\\/www.systra.com\\\/sweden\\\/karriar\\\/medarbetarportratt\\\/upptackargladje-i-en-teknisk-varld\\\/\"]}]},{\"@type\":\"ImageObject\",\"inLanguage\":\"en-US\",\"@id\":\"https:\\\/\\\/www.systra.com\\\/sweden\\\/karriar\\\/medarbetarportratt\\\/upptackargladje-i-en-teknisk-varld\\\/#primaryimage\",\"url\":\"https:\\\/\\\/www.systra.com\\\/sweden\\\/wp-content\\\/uploads\\\/sites\\\/13\\\/2025\\\/04\\\/bild-pa-bro-scaled.jpg\",\"contentUrl\":\"https:\\\/\\\/www.systra.com\\\/sweden\\\/wp-content\\\/uploads\\\/sites\\\/13\\\/2025\\\/04\\\/bild-pa-bro-scaled.jpg\",\"width\":1920,\"height\":2560},{\"@type\":\"BreadcrumbList\",\"@id\":\"https:\\\/\\\/www.systra.com\\\/sweden\\\/karriar\\\/medarbetarportratt\\\/upptackargladje-i-en-teknisk-varld\\\/#breadcrumb\",\"itemListElement\":[{\"@type\":\"ListItem\",\"position\":1,\"name\":\"Hemsida\",\"item\":\"https:\\\/\\\/www.systra.com\\\/sweden\\\/en\\\/\"},{\"@type\":\"ListItem\",\"position\":2,\"name\":\"\u00a0Karri\u00e4r\",\"item\":\"https:\\\/\\\/www.systra.com\\\/sweden\\\/karriar\\\/\"},{\"@type\":\"ListItem\",\"position\":3,\"name\":\"Medarbetarportr\u00e4tt\",\"item\":\"https:\\\/\\\/www.systra.com\\\/sweden\\\/karriar\\\/medarbetarportratt\\\/\"},{\"@type\":\"ListItem\",\"position\":4,\"name\":\"Uppt\u00e4ckargl\u00e4dje i en teknisk v\u00e4rld\"}]},{\"@type\":\"WebSite\",\"@id\":\"https:\\\/\\\/www.systra.com\\\/sweden\\\/#website\",\"url\":\"https:\\\/\\\/www.systra.com\\\/sweden\\\/\",\"name\":\"SYSTRA Sweden\",\"description\":\"Un site utilisant Les sites de Systra\",\"potentialAction\":[{\"@type\":\"SearchAction\",\"target\":{\"@type\":\"EntryPoint\",\"urlTemplate\":\"https:\\\/\\\/www.systra.com\\\/sweden\\\/?s={search_term_string}\"},\"query-input\":{\"@type\":\"PropertyValueSpecification\",\"valueRequired\":true,\"valueName\":\"search_term_string\"}}],\"inLanguage\":\"en-US\"}]}<\/script>\n<!-- \/ Yoast SEO Premium plugin. -->","yoast_head_json":{"title":"Uppt\u00e4ckargl\u00e4dje i en teknisk v\u00e4rld - SYSTRA Sweden","description":"Uppt\u00e4ckargl\u00e4dje i en teknisk v\u00e4rld - SYSTRA Nordic, consulting and engineering firm, world leader in public transport infrastructure engineering.","robots":{"index":"index","follow":"follow","max-snippet":"max-snippet:-1","max-image-preview":"max-image-preview:large","max-video-preview":"max-video-preview:-1"},"og_locale":"en_US","og_type":"article","og_title":"Uppt\u00e4ckargl\u00e4dje i en teknisk v\u00e4rld","og_description":"Uppt\u00e4ckargl\u00e4dje i en teknisk v\u00e4rld - SYSTRA Nordic, consulting and engineering firm, world leader in public transport infrastructure engineering.","og_url":"https:\/\/www.systra.com\/sweden\/karriar\/medarbetarportratt\/upptackargladje-i-en-teknisk-varld\/","og_site_name":"Sweden","article_modified_time":"2025-04-15T08:33:42+00:00","og_image":[{"width":1920,"height":2560,"url":"https:\/\/www.systra.com\/sweden\/wp-content\/uploads\/sites\/13\/2025\/04\/bild-pa-bro-scaled.jpg","type":"image\/jpeg"}],"twitter_card":"summary_large_image","twitter_misc":{"Est. reading time":"2 minutes"},"schema":{"@context":"https:\/\/schema.org","@graph":[{"@type":"WebPage","@id":"https:\/\/www.systra.com\/sweden\/karriar\/medarbetarportratt\/upptackargladje-i-en-teknisk-varld\/","url":"https:\/\/www.systra.com\/sweden\/karriar\/medarbetarportratt\/upptackargladje-i-en-teknisk-varld\/","name":"Uppt\u00e4ckargl\u00e4dje i en teknisk v\u00e4rld - SYSTRA Sweden","isPartOf":{"@id":"https:\/\/www.systra.com\/sweden\/#website"},"primaryImageOfPage":{"@id":"https:\/\/www.systra.com\/sweden\/karriar\/medarbetarportratt\/upptackargladje-i-en-teknisk-varld\/#primaryimage"},"image":{"@id":"https:\/\/www.systra.com\/sweden\/karriar\/medarbetarportratt\/upptackargladje-i-en-teknisk-varld\/#primaryimage"},"thumbnailUrl":"https:\/\/www.systra.com\/sweden\/wp-content\/uploads\/sites\/13\/2025\/04\/bild-pa-bro-scaled.jpg","datePublished":"2025-04-15T07:57:24+00:00","dateModified":"2025-04-15T08:33:42+00:00","description":"Uppt\u00e4ckargl\u00e4dje i en teknisk v\u00e4rld - SYSTRA Nordic, consulting and engineering firm, world leader in public transport infrastructure engineering.","breadcrumb":{"@id":"https:\/\/www.systra.com\/sweden\/karriar\/medarbetarportratt\/upptackargladje-i-en-teknisk-varld\/#breadcrumb"},"inLanguage":"en-US","potentialAction":[{"@type":"ReadAction","target":["https:\/\/www.systra.com\/sweden\/karriar\/medarbetarportratt\/upptackargladje-i-en-teknisk-varld\/"]}]},{"@type":"ImageObject","inLanguage":"en-US","@id":"https:\/\/www.systra.com\/sweden\/karriar\/medarbetarportratt\/upptackargladje-i-en-teknisk-varld\/#primaryimage","url":"https:\/\/www.systra.com\/sweden\/wp-content\/uploads\/sites\/13\/2025\/04\/bild-pa-bro-scaled.jpg","contentUrl":"https:\/\/www.systra.com\/sweden\/wp-content\/uploads\/sites\/13\/2025\/04\/bild-pa-bro-scaled.jpg","width":1920,"height":2560},{"@type":"BreadcrumbList","@id":"https:\/\/www.systra.com\/sweden\/karriar\/medarbetarportratt\/upptackargladje-i-en-teknisk-varld\/#breadcrumb","itemListElement":[{"@type":"ListItem","position":1,"name":"Hemsida","item":"https:\/\/www.systra.com\/sweden\/en\/"},{"@type":"ListItem","position":2,"name":"\u00a0Karri\u00e4r","item":"https:\/\/www.systra.com\/sweden\/karriar\/"},{"@type":"ListItem","position":3,"name":"Medarbetarportr\u00e4tt","item":"https:\/\/www.systra.com\/sweden\/karriar\/medarbetarportratt\/"},{"@type":"ListItem","position":4,"name":"Uppt\u00e4ckargl\u00e4dje i en teknisk v\u00e4rld"}]},{"@type":"WebSite","@id":"https:\/\/www.systra.com\/sweden\/#website","url":"https:\/\/www.systra.com\/sweden\/","name":"SYSTRA Sweden","description":"Un site utilisant Les sites de Systra","potentialAction":[{"@type":"SearchAction","target":{"@type":"EntryPoint","urlTemplate":"https:\/\/www.systra.com\/sweden\/?s={search_term_string}"},"query-input":{"@type":"PropertyValueSpecification","valueRequired":true,"valueName":"search_term_string"}}],"inLanguage":"en-US"}]}},"lang":"sv","translations":{"sv":25951},"pll_sync_post":[],"_links":{"self":[{"href":"https:\/\/www.systra.com\/sweden\/wp-json\/wp\/v2\/pages\/25951","targetHints":{"allow":["GET"]}}],"collection":[{"href":"https:\/\/www.systra.com\/sweden\/wp-json\/wp\/v2\/pages"}],"about":[{"href":"https:\/\/www.systra.com\/sweden\/wp-json\/wp\/v2\/types\/page"}],"author":[{"embeddable":true,"href":"https:\/\/www.systra.com\/sweden\/wp-json\/wp\/v2\/users\/186"}],"replies":[{"embeddable":true,"href":"https:\/\/www.systra.com\/sweden\/wp-json\/wp\/v2\/comments?post=25951"}],"version-history":[{"count":5,"href":"https:\/\/www.systra.com\/sweden\/wp-json\/wp\/v2\/pages\/25951\/revisions"}],"predecessor-version":[{"id":32047,"href":"https:\/\/www.systra.com\/sweden\/wp-json\/wp\/v2\/pages\/25951\/revisions\/32047"}],"up":[{"embeddable":true,"href":"https:\/\/www.systra.com\/sweden\/wp-json\/wp\/v2\/pages\/19224"}],"wp:featuredmedia":[{"embeddable":true,"href":"https:\/\/www.systra.com\/sweden\/wp-json\/wp\/v2\/media\/27148"}],"wp:attachment":[{"href":"https:\/\/www.systra.com\/sweden\/wp-json\/wp\/v2\/media?parent=25951"}],"curies":[{"name":"wp","href":"https:\/\/api.w.org\/{rel}","templated":true}]}}