{"id":2151,"date":"2023-04-13T14:25:08","date_gmt":"2023-04-13T12:25:08","guid":{"rendered":"https:\/\/www.systra.com\/nordic\/?page_id=2151"},"modified":"2024-07-16T18:20:04","modified_gmt":"2024-07-16T16:20:04","slug":"behandling-av-personuppgifter","status":"publish","type":"page","link":"https:\/\/www.systra.com\/sweden\/behandling-av-personuppgifter\/","title":{"rendered":"Behandling av Personuppgifter"},"content":{"rendered":"\n<p>SYSTRA respekterar fysiska personers r\u00e4ttigheter och privatliv och \u00e5tar sig att behandla dina personuppgifter med tillb\u00f6rlig aktsamhet enligt g\u00e4llande regler, till exempel allm\u00e4nna dataskyddsf\u00f6rordningen  (GDPR) som antagits av Europeiska unionen. <\/p>\n\n\n\n<div style=\"height:15px\" aria-hidden=\"true\" class=\"wp-block-spacer\"><\/div>\n\n\n\n<p>H\u00e4r nedan hittar du information om hur SYSTRA behandlar personuppgifter via sin webbplats <a href=\"https:\/\/www.systra.com\/sweden\/\" target=\"_blank\" rel=\"noreferrer noopener\">www.systra.com\/nordic\/<\/a> och vilka r\u00e4ttigheter du har n\u00e4r det g\u00e4ller dina personuppgifter.<\/p>\n\n\n\n<div style=\"height:100px\" aria-hidden=\"true\" class=\"wp-block-spacer\"><\/div>\n\n\n\n<h3 class=\"wp-block-heading\" id=\"h-for-vilka-andamal-behandlas-dina-personuppgifter\">F\u00d6R VILKA \u00c4NDAM\u00c5L BEHANDLAS DINA PERSONUPPGIFTER?<\/h3>\n\n\n\n<div style=\"height:30px\" aria-hidden=\"true\" class=\"wp-block-spacer\"><\/div>\n\n\n\n<p>Dina personuppgifter behandlas av SYSTRA f\u00f6r att:<\/p>\n\n\n\n<div style=\"height:15px\" aria-hidden=\"true\" class=\"wp-block-spacer\"><\/div>\n\n\n\n<ol class=\"wp-block-list\">\n<li>Du ska kunna kontakta SYSTRA  (till exempel via kontaktformul\u00e4r),<\/li>\n\n\n\n<li>F\u00f6rb\u00e4ttra navigeringen p\u00e5  <a href=\"https:\/\/www.systra.com\/sweden\/\" target=\"_blank\" rel=\"noreferrer noopener\">www.systra.com\/nordic\/<\/a>  genom anv\u00e4ndning av \u00ab cookies&nbsp;\u00bb. <\/li>\n<\/ol>\n\n\n\n<div style=\"height:15px\" aria-hidden=\"true\" class=\"wp-block-spacer\"><\/div>\n\n\n\n<p>Information om den behandling av dina personuppgifter som \u00e4r n\u00f6dv\u00e4ndig f\u00f6r att s\u00f6ka jobb hos SYSTRA finns p\u00e5 den s\u00e4rskilda webbplatsen f\u00f6r jobbans\u00f6kningar: <a href=\"https:\/\/jobs.systra.com\/\" target=\"_blank\" rel=\"noreferrer noopener\">www.jobs.systra.com<\/a><\/p>\n\n\n\n<div style=\"height:100px\" aria-hidden=\"true\" class=\"wp-block-spacer\"><\/div>\n\n\n\n<h3 class=\"wp-block-heading\" id=\"h-vem-behandlar-dina-personuppgifter\">VEM BEHANDLAR DINA PERSONUPPGIFTER?<\/h3>\n\n\n\n<div style=\"height:30px\" aria-hidden=\"true\" class=\"wp-block-spacer\"><\/div>\n\n\n\n<p>Dina personuppgifter behandlas av SYSTRA, som personuppgiftsansvarig. Data lagras av Data Campus  (v\u00e4rdtj\u00e4nstleverant\u00f6ren).<\/p>\n\n\n\n<div style=\"height:100px\" aria-hidden=\"true\" class=\"wp-block-spacer\"><\/div>\n\n\n\n<h3 class=\"wp-block-heading\" id=\"h-vilka-kategorier-av-personuppgifter-behandlas-nbsp\">VILKA KATEGORIER AV PERSONUPPGIFTER BEHANDLAS? &nbsp;<\/h3>\n\n\n\n<div style=\"height:30px\" aria-hidden=\"true\" class=\"wp-block-spacer\"><\/div>\n\n\n\n<ul class=\"wp-block-list\">\n<li>N\u00e4r det g\u00e4ller kontaktformul\u00e4r behandlas f\u00f6rnamn, efternamn, telefonnummer, e-postadress, befattning, f\u00f6retag eller medieorganisation samt meddelandets \u00e4mne och inneh\u00e5ll.<\/li>\n\n\n\n<li>Cookies&nbsp;:\n<ul class=\"wp-block-list\">\n<li><strong>Namn:<\/strong> pll_spr\u00e5k<\/li>\n\n\n\n<li><strong>Funktion<\/strong> : Hanterar spr\u00e5kval.<\/li>\n\n\n\n<li><strong>L\u00e4ngd:<\/strong> 1 \u00e5r <\/li>\n\n\n\n<li><strong>Namn:<\/strong> wordpress_test_cookie<\/li>\n\n\n\n<li><strong>Funktion:<\/strong> Kontrollerar om webbl\u00e4saren till\u00e5ter cookies eller inte.<\/li>\n\n\n\n<li><strong>L\u00e4ngd: <\/strong>Session<\/li>\n<\/ul>\n<\/li>\n<\/ul>\n\n\n\n<div style=\"height:100px\" aria-hidden=\"true\" class=\"wp-block-spacer\"><\/div>\n\n\n\n<h3 class=\"wp-block-heading\" id=\"h-vilken-ar-den-rattsliga-grunden\">VILKEN \u00c4R DEN R\u00c4TTSLIGA GRUNDEN?<\/h3>\n\n\n\n<div style=\"height:30px\" aria-hidden=\"true\" class=\"wp-block-spacer\"><\/div>\n\n\n\n<p>Anv\u00e4ndningen av cookies och insamlingen av personuppgifter i samband med kontaktformul\u00e4r grundas p\u00e5 ditt samtycke.<\/p>\n\n\n\n<div style=\"height:100px\" aria-hidden=\"true\" class=\"wp-block-spacer\"><\/div>\n\n\n\n<h3 class=\"wp-block-heading\" id=\"h-vilka-ar-mottagarna-av-dina-personuppgifter\">VILKA \u00c4R MOTTAGARNA AV DINA PERSONUPPGIFTER?<\/h3>\n\n\n\n<div style=\"height:30px\" aria-hidden=\"true\" class=\"wp-block-spacer\"><\/div>\n\n\n\n<p>P\u00e5 SYSTRA \u00e4r det kommunikationsavdelningen och IT-avdelningen som kan komma \u00e5t dina personuppgifter. Inneh\u00e5llet i ditt meddelande som skickas via kontaktformul\u00e4ret \u00f6verf\u00f6rs till ber\u00f6rd avdelning. Om avdelningen ligger utanf\u00f6r Europeiska unionens territorium beg\u00e4rs ditt samtycke till \u00f6verf\u00f6ringen. <\/p>\n\n\n\n<div style=\"height:15px\" aria-hidden=\"true\" class=\"wp-block-spacer\"><\/div>\n\n\n\n<p>Dina personuppgifter \u00f6verf\u00f6rs inte och kan inte kommas \u00e5t av n\u00e5gon utanf\u00f6r SYSTRA-koncernen f\u00f6rutom n\u00e4r det g\u00e4ller Data Campus (v\u00e4rdtj\u00e4nstleverant\u00f6ren) och om en offentlig eller r\u00e4ttslig myndighet beg\u00e4r det.<\/p>\n\n\n\n<div style=\"height:100px\" aria-hidden=\"true\" class=\"wp-block-spacer\"><\/div>\n\n\n\n<h3 class=\"wp-block-heading\" id=\"h-hur-lange-lagras-dina-personuppgifter\">HUR L\u00c4NGE LAGRAS DINA PERSONUPPGIFTER?<\/h3>\n\n\n\n<div style=\"height:30px\" aria-hidden=\"true\" class=\"wp-block-spacer\"><\/div>\n\n\n\n<p>SYSTRA lagrar dina personuppgifter endast s\u00e5 l\u00e4nge det \u00e4r n\u00f6dv\u00e4ndigt f\u00f6r att uppn\u00e5 de \u00e4ndam\u00e5l f\u00f6r vilka de behandlas samt s\u00e5 l\u00e4nge lagen kr\u00e4ver det. Hur l\u00e4nge cookies sparas beskrivs ovan. Personuppgifter som samlas in i samband med kontaktformul\u00e4r lagras i 3 \u00e5r fr\u00e5n den senaste kontakten med personen i fr\u00e5ga.<\/p>\n\n\n\n<div style=\"height:100px\" aria-hidden=\"true\" class=\"wp-block-spacer\"><\/div>\n\n\n\n<h3 class=\"wp-block-heading\" id=\"h-var-lagras-dina-personuppgifter\">VAR LAGRAS DINA PERSONUPPGIFTER?<\/h3>\n\n\n\n<div style=\"height:30px\" aria-hidden=\"true\" class=\"wp-block-spacer\"><\/div>\n\n\n\n<p>Dina personuppgifter lagras i Frankrike av v\u00e4rdtj\u00e4nstleverant\u00f6ren Data Campus.<\/p>\n\n\n\n<div style=\"height:100px\" aria-hidden=\"true\" class=\"wp-block-spacer\"><\/div>\n\n\n\n<h3 class=\"wp-block-heading\" id=\"h-vilka-ataganden-galler-i-samband-med-dina-personuppgifter\">VILKA \u00c5TAGANDEN G\u00c4LLER I SAMBAND MED DINA PERSONUPPGIFTER?<\/h3>\n\n\n\n<div style=\"height:30px\" aria-hidden=\"true\" class=\"wp-block-spacer\"><\/div>\n\n\n\n<p>SYSTRA \u00e5tar sig att endast samla in personuppgifter som \u00e4r n\u00f6dv\u00e4ndiga och i proportionell omfattning i f\u00f6rh\u00e5llande till de \u00e4ndam\u00e5l som beskrivs ovan. F\u00f6r att s\u00e4kerst\u00e4lla att dina personuppgifter \u00e4r skyddade har SYSTRA vidtagit tekniska och organisatoriska \u00e5tg\u00e4rder som garanterar s\u00e4kerheten och konfidentialiteten f\u00f6r dina personuppgifter. SYSTRA har utsett ett dataskyddsombud vars uppgift \u00e4r att \u00f6vervaka att dessa \u00e5tg\u00e4rder till\u00e4mpas. Personuppgifter behandlas p\u00e5 ett transparent s\u00e4tt av SYSTRA och registreras i SYSTRAs register \u00f6ver behandlingsaktiviteter.<\/p>\n\n\n\n<div style=\"height:15px\" aria-hidden=\"true\" class=\"wp-block-spacer\"><\/div>\n\n\n\n<p>F\u00f6r information om detta register eller f\u00f6r fr\u00e5gor ang\u00e5ende dina personuppgifter kontaktar du SYSTRAs dataskyddsombud p\u00e5: <a href=\"mailto:personaldata@systra.com\">personaldata@systra.com<\/a>.<\/p>\n\n\n\n<div style=\"height:100px\" aria-hidden=\"true\" class=\"wp-block-spacer\"><\/div>\n\n\n\n<h3 class=\"wp-block-heading\" id=\"h-vilka-rattigheter-har-du-nar-det-galler-dina-personuppgifter\">VILKA R\u00c4TTIGHETER HAR DU N\u00c4R DET G\u00c4LLER DINA PERSONUPPGIFTER?<\/h3>\n\n\n\n<div style=\"height:30px\" aria-hidden=\"true\" class=\"wp-block-spacer\"><\/div>\n\n\n\n<p>Du har r\u00e4tt att f\u00e5 tillg\u00e5ng till dina personuppgifter och kr\u00e4va att personuppgifter om dig som \u00e4r felaktiga r\u00e4ttas. I vissa fall ger lagen dig \u00e4ven r\u00e4tt att beg\u00e4ra att dina personuppgifter raderas eller flyttas \u00f6ver till annan personuppgiftsansvarig (s\u00e5 kallad dataportabilitet), att inv\u00e4nda mot behandlingen av dina personuppgifter och att begr\u00e4nsa behandlingen av dem. <\/p>\n\n\n\n<div style=\"height:15px\" aria-hidden=\"true\" class=\"wp-block-spacer\"><\/div>\n\n\n\n<p>Eftersom behandlingen av dina personuppgifter i samband med kontaktformul\u00e4r och cookies grundas p\u00e5 ditt samtycke har du r\u00e4tt att n\u00e4r som helst \u00e5terkalla samtycket.<\/p>\n\n\n\n<div style=\"height:15px\" aria-hidden=\"true\" class=\"wp-block-spacer\"><\/div>\n\n\n\n<p>Om du vill ha mer information eller ut\u00f6va dina r\u00e4ttigheter kontaktar du SYSTRAs dataskyddsombud p\u00e5: <a href=\"mailto:personaldata@systra.com\">personaldata@systra.com<\/a>.<\/p>\n\n\n\n<div style=\"height:15px\" aria-hidden=\"true\" class=\"wp-block-spacer\"><\/div>\n\n\n\n<p>Du har ocks\u00e5 r\u00e4tt att inge klagom\u00e5l hos Integritetsskyddsmyndigheten (se <a href=\"https:\/\/edpb.europa.eu\/about-edpb\/board\/members_en\">https:\/\/edpb.europa.eu\/about-edpb\/board\/members_en<\/a>).<\/p>\n\n\n\n<div style=\"height:30px\" aria-hidden=\"true\" class=\"wp-block-spacer\"><\/div>\n\n\n\n<p><strong>Your privacy settings :<\/strong><\/p>\n\n\n\n","protected":false},"excerpt":{"rendered":"<p>SYSTRA respekterar fysiska personers r\u00e4ttigheter och privatliv och \u00e5tar sig att behandla dina personuppgifter med tillb\u00f6rlig aktsamhet enligt g\u00e4llande regler, till exempel allm\u00e4nna dataskyddsf\u00f6rordningen (GDPR) som antagits av Europeiska unionen. H\u00e4r nedan hittar du information om hur SYSTRA behandlar personuppgifter via sin webbplats www.systra.com\/nordic\/ och vilka r\u00e4ttigheter du har n\u00e4r det g\u00e4ller dina personuppgifter. F\u00d6R [&hellip;]<\/p>\n","protected":false},"author":6,"featured_media":2731,"parent":0,"menu_order":0,"comment_status":"closed","ping_status":"closed","template":"","meta":{"_acf_changed":false,"_relevanssi_hide_post":"","_relevanssi_hide_content":"","_relevanssi_pin_for_all":"","_relevanssi_pin_keywords":"","_relevanssi_unpin_keywords":"","_relevanssi_related_keywords":"","_relevanssi_related_include_ids":"","_relevanssi_related_exclude_ids":"","_relevanssi_related_no_append":"","_relevanssi_related_not_related":"","_relevanssi_related_posts":"3797,3966,4073,4055,6506,3906","_relevanssi_noindex_reason":"","footnotes":""},"class_list":["post-2151","page","type-page","status-publish","has-post-thumbnail","hentry"],"acf":[],"yoast_head":"<!-- This site is optimized with the Yoast SEO Premium plugin v27.4 (Yoast SEO v27.4) - https:\/\/yoast.com\/product\/yoast-seo-premium-wordpress\/ -->\n<title>Behandling av Personuppgifter - SYSTRA Sweden<\/title>\n<meta name=\"description\" content=\"Behandling av Personuppgifter - SYSTRA Nordic, consulting and engineering firm, world leader in public transport infrastructure engineering.\" \/>\n<meta name=\"robots\" content=\"index, follow, max-snippet:-1, max-image-preview:large, max-video-preview:-1\" \/>\n<meta property=\"og:locale\" content=\"en_US\" \/>\n<meta property=\"og:type\" content=\"article\" \/>\n<meta property=\"og:title\" content=\"Behandling av Personuppgifter\" \/>\n<meta property=\"og:description\" content=\"Behandling av Personuppgifter - SYSTRA Nordic, consulting and engineering firm, world leader in public transport infrastructure engineering.\" \/>\n<meta property=\"og:url\" content=\"https:\/\/www.systra.com\/sweden\/behandling-av-personuppgifter\/\" \/>\n<meta property=\"og:site_name\" content=\"Sweden\" \/>\n<meta property=\"article:modified_time\" content=\"2024-07-16T16:20:04+00:00\" \/>\n<meta property=\"og:image\" content=\"https:\/\/www.systra.com\/sweden\/wp-content\/uploads\/sites\/13\/2023\/05\/bandeau1.jpg\" \/>\n\t<meta property=\"og:image:width\" content=\"2380\" \/>\n\t<meta property=\"og:image:height\" content=\"1500\" \/>\n\t<meta property=\"og:image:type\" content=\"image\/jpeg\" \/>\n<meta name=\"twitter:card\" content=\"summary_large_image\" \/>\n<meta name=\"twitter:label1\" content=\"Est. reading time\" \/>\n\t<meta name=\"twitter:data1\" content=\"3 minutes\" \/>\n<script type=\"application\/ld+json\" class=\"yoast-schema-graph\">{\"@context\":\"https:\\\/\\\/schema.org\",\"@graph\":[{\"@type\":\"WebPage\",\"@id\":\"https:\\\/\\\/www.systra.com\\\/sweden\\\/behandling-av-personuppgifter\\\/\",\"url\":\"https:\\\/\\\/www.systra.com\\\/sweden\\\/behandling-av-personuppgifter\\\/\",\"name\":\"Behandling av Personuppgifter - SYSTRA Sweden\",\"isPartOf\":{\"@id\":\"https:\\\/\\\/www.systra.com\\\/sweden\\\/#website\"},\"primaryImageOfPage\":{\"@id\":\"https:\\\/\\\/www.systra.com\\\/sweden\\\/behandling-av-personuppgifter\\\/#primaryimage\"},\"image\":{\"@id\":\"https:\\\/\\\/www.systra.com\\\/sweden\\\/behandling-av-personuppgifter\\\/#primaryimage\"},\"thumbnailUrl\":\"https:\\\/\\\/www.systra.com\\\/sweden\\\/wp-content\\\/uploads\\\/sites\\\/13\\\/2023\\\/05\\\/bandeau1.jpg\",\"datePublished\":\"2023-04-13T12:25:08+00:00\",\"dateModified\":\"2024-07-16T16:20:04+00:00\",\"description\":\"Behandling av Personuppgifter - SYSTRA Nordic, consulting and engineering firm, world leader in public transport infrastructure engineering.\",\"breadcrumb\":{\"@id\":\"https:\\\/\\\/www.systra.com\\\/sweden\\\/behandling-av-personuppgifter\\\/#breadcrumb\"},\"inLanguage\":\"en-US\",\"potentialAction\":[{\"@type\":\"ReadAction\",\"target\":[\"https:\\\/\\\/www.systra.com\\\/sweden\\\/behandling-av-personuppgifter\\\/\"]}]},{\"@type\":\"ImageObject\",\"inLanguage\":\"en-US\",\"@id\":\"https:\\\/\\\/www.systra.com\\\/sweden\\\/behandling-av-personuppgifter\\\/#primaryimage\",\"url\":\"https:\\\/\\\/www.systra.com\\\/sweden\\\/wp-content\\\/uploads\\\/sites\\\/13\\\/2023\\\/05\\\/bandeau1.jpg\",\"contentUrl\":\"https:\\\/\\\/www.systra.com\\\/sweden\\\/wp-content\\\/uploads\\\/sites\\\/13\\\/2023\\\/05\\\/bandeau1.jpg\",\"width\":2380,\"height\":1500},{\"@type\":\"BreadcrumbList\",\"@id\":\"https:\\\/\\\/www.systra.com\\\/sweden\\\/behandling-av-personuppgifter\\\/#breadcrumb\",\"itemListElement\":[{\"@type\":\"ListItem\",\"position\":1,\"name\":\"Hemsida\",\"item\":\"https:\\\/\\\/www.systra.com\\\/sweden\\\/en\\\/\"},{\"@type\":\"ListItem\",\"position\":2,\"name\":\"Behandling av Personuppgifter\"}]},{\"@type\":\"WebSite\",\"@id\":\"https:\\\/\\\/www.systra.com\\\/sweden\\\/#website\",\"url\":\"https:\\\/\\\/www.systra.com\\\/sweden\\\/\",\"name\":\"SYSTRA Sweden\",\"description\":\"Un site utilisant Les sites de Systra\",\"potentialAction\":[{\"@type\":\"SearchAction\",\"target\":{\"@type\":\"EntryPoint\",\"urlTemplate\":\"https:\\\/\\\/www.systra.com\\\/sweden\\\/?s={search_term_string}\"},\"query-input\":{\"@type\":\"PropertyValueSpecification\",\"valueRequired\":true,\"valueName\":\"search_term_string\"}}],\"inLanguage\":\"en-US\"}]}<\/script>\n<!-- \/ Yoast SEO Premium plugin. -->","yoast_head_json":{"title":"Behandling av Personuppgifter - SYSTRA Sweden","description":"Behandling av Personuppgifter - SYSTRA Nordic, consulting and engineering firm, world leader in public transport infrastructure engineering.","robots":{"index":"index","follow":"follow","max-snippet":"max-snippet:-1","max-image-preview":"max-image-preview:large","max-video-preview":"max-video-preview:-1"},"og_locale":"en_US","og_type":"article","og_title":"Behandling av Personuppgifter","og_description":"Behandling av Personuppgifter - SYSTRA Nordic, consulting and engineering firm, world leader in public transport infrastructure engineering.","og_url":"https:\/\/www.systra.com\/sweden\/behandling-av-personuppgifter\/","og_site_name":"Sweden","article_modified_time":"2024-07-16T16:20:04+00:00","og_image":[{"width":2380,"height":1500,"url":"https:\/\/www.systra.com\/sweden\/wp-content\/uploads\/sites\/13\/2023\/05\/bandeau1.jpg","type":"image\/jpeg"}],"twitter_card":"summary_large_image","twitter_misc":{"Est. reading time":"3 minutes"},"schema":{"@context":"https:\/\/schema.org","@graph":[{"@type":"WebPage","@id":"https:\/\/www.systra.com\/sweden\/behandling-av-personuppgifter\/","url":"https:\/\/www.systra.com\/sweden\/behandling-av-personuppgifter\/","name":"Behandling av Personuppgifter - SYSTRA Sweden","isPartOf":{"@id":"https:\/\/www.systra.com\/sweden\/#website"},"primaryImageOfPage":{"@id":"https:\/\/www.systra.com\/sweden\/behandling-av-personuppgifter\/#primaryimage"},"image":{"@id":"https:\/\/www.systra.com\/sweden\/behandling-av-personuppgifter\/#primaryimage"},"thumbnailUrl":"https:\/\/www.systra.com\/sweden\/wp-content\/uploads\/sites\/13\/2023\/05\/bandeau1.jpg","datePublished":"2023-04-13T12:25:08+00:00","dateModified":"2024-07-16T16:20:04+00:00","description":"Behandling av Personuppgifter - SYSTRA Nordic, consulting and engineering firm, world leader in public transport infrastructure engineering.","breadcrumb":{"@id":"https:\/\/www.systra.com\/sweden\/behandling-av-personuppgifter\/#breadcrumb"},"inLanguage":"en-US","potentialAction":[{"@type":"ReadAction","target":["https:\/\/www.systra.com\/sweden\/behandling-av-personuppgifter\/"]}]},{"@type":"ImageObject","inLanguage":"en-US","@id":"https:\/\/www.systra.com\/sweden\/behandling-av-personuppgifter\/#primaryimage","url":"https:\/\/www.systra.com\/sweden\/wp-content\/uploads\/sites\/13\/2023\/05\/bandeau1.jpg","contentUrl":"https:\/\/www.systra.com\/sweden\/wp-content\/uploads\/sites\/13\/2023\/05\/bandeau1.jpg","width":2380,"height":1500},{"@type":"BreadcrumbList","@id":"https:\/\/www.systra.com\/sweden\/behandling-av-personuppgifter\/#breadcrumb","itemListElement":[{"@type":"ListItem","position":1,"name":"Hemsida","item":"https:\/\/www.systra.com\/sweden\/en\/"},{"@type":"ListItem","position":2,"name":"Behandling av Personuppgifter"}]},{"@type":"WebSite","@id":"https:\/\/www.systra.com\/sweden\/#website","url":"https:\/\/www.systra.com\/sweden\/","name":"SYSTRA Sweden","description":"Un site utilisant Les sites de Systra","potentialAction":[{"@type":"SearchAction","target":{"@type":"EntryPoint","urlTemplate":"https:\/\/www.systra.com\/sweden\/?s={search_term_string}"},"query-input":{"@type":"PropertyValueSpecification","valueRequired":true,"valueName":"search_term_string"}}],"inLanguage":"en-US"}]}},"lang":"sv","translations":{"sv":2151},"pll_sync_post":[],"_links":{"self":[{"href":"https:\/\/www.systra.com\/sweden\/wp-json\/wp\/v2\/pages\/2151","targetHints":{"allow":["GET"]}}],"collection":[{"href":"https:\/\/www.systra.com\/sweden\/wp-json\/wp\/v2\/pages"}],"about":[{"href":"https:\/\/www.systra.com\/sweden\/wp-json\/wp\/v2\/types\/page"}],"author":[{"embeddable":true,"href":"https:\/\/www.systra.com\/sweden\/wp-json\/wp\/v2\/users\/6"}],"replies":[{"embeddable":true,"href":"https:\/\/www.systra.com\/sweden\/wp-json\/wp\/v2\/comments?post=2151"}],"version-history":[{"count":33,"href":"https:\/\/www.systra.com\/sweden\/wp-json\/wp\/v2\/pages\/2151\/revisions"}],"predecessor-version":[{"id":7376,"href":"https:\/\/www.systra.com\/sweden\/wp-json\/wp\/v2\/pages\/2151\/revisions\/7376"}],"wp:featuredmedia":[{"embeddable":true,"href":"https:\/\/www.systra.com\/sweden\/wp-json\/wp\/v2\/media\/2731"}],"wp:attachment":[{"href":"https:\/\/www.systra.com\/sweden\/wp-json\/wp\/v2\/media?parent=2151"}],"curies":[{"name":"wp","href":"https:\/\/api.w.org\/{rel}","templated":true}]}}