{"id":19251,"date":"2025-01-09T15:38:39","date_gmt":"2025-01-09T14:38:39","guid":{"rendered":"https:\/\/www.systra.com\/sweden\/?page_id=19251"},"modified":"2025-01-13T15:25:05","modified_gmt":"2025-01-13T14:25:05","slug":"saras-vag-in-i-ingenjorsyrket","status":"publish","type":"page","link":"https:\/\/www.systra.com\/sweden\/karriar\/medarbetarportratt\/saras-vag-in-i-ingenjorsyrket\/","title":{"rendered":"Saras v\u00e4g in i ingenj\u00f6rsyrket"},"content":{"rendered":"\n<div style=\"height:5px\" aria-hidden=\"true\" class=\"wp-block-spacer\"><\/div>\n\n\n\n<div class=\"wp-block-columns is-layout-flex wp-container-core-columns-is-layout-9d6595d7 wp-block-columns-is-layout-flex\">\n<div class=\"wp-block-column is-layout-flow wp-block-column-is-layout-flow\" style=\"flex-basis:33.33%\"><div class=\"wp-block-image is-style-default\">\n<figure class=\"aligncenter size-large\"><img loading=\"lazy\" decoding=\"async\" width=\"768\" height=\"1024\" src=\"https:\/\/www.systra.com\/sweden\/wp-content\/uploads\/sites\/13\/2025\/01\/systra-sara-l-3-768x1024.jpg\" alt=\"\" class=\"wp-image-19252\" srcset=\"https:\/\/www.systra.com\/sweden\/wp-content\/uploads\/sites\/13\/2025\/01\/systra-sara-l-3-768x1024.jpg 768w, https:\/\/www.systra.com\/sweden\/wp-content\/uploads\/sites\/13\/2025\/01\/systra-sara-l-3-225x300.jpg 225w, https:\/\/www.systra.com\/sweden\/wp-content\/uploads\/sites\/13\/2025\/01\/systra-sara-l-3-1152x1536.jpg 1152w, https:\/\/www.systra.com\/sweden\/wp-content\/uploads\/sites\/13\/2025\/01\/systra-sara-l-3-1536x2048.jpg 1536w, https:\/\/www.systra.com\/sweden\/wp-content\/uploads\/sites\/13\/2025\/01\/systra-sara-l-3-474x632.jpg 474w, https:\/\/www.systra.com\/sweden\/wp-content\/uploads\/sites\/13\/2025\/01\/systra-sara-l-3-187x250.jpg 187w, https:\/\/www.systra.com\/sweden\/wp-content\/uploads\/sites\/13\/2025\/01\/systra-sara-l-3-1700x2267.jpg 1700w, https:\/\/www.systra.com\/sweden\/wp-content\/uploads\/sites\/13\/2025\/01\/systra-sara-l-3-1352x1803.jpg 1352w, https:\/\/www.systra.com\/sweden\/wp-content\/uploads\/sites\/13\/2025\/01\/systra-sara-l-3-800x1067.jpg 800w, https:\/\/www.systra.com\/sweden\/wp-content\/uploads\/sites\/13\/2025\/01\/systra-sara-l-3-180x240.jpg 180w, https:\/\/www.systra.com\/sweden\/wp-content\/uploads\/sites\/13\/2025\/01\/systra-sara-l-3-153x204.jpg 153w, https:\/\/www.systra.com\/sweden\/wp-content\/uploads\/sites\/13\/2025\/01\/systra-sara-l-3-230x307.jpg 230w, https:\/\/www.systra.com\/sweden\/wp-content\/uploads\/sites\/13\/2025\/01\/systra-sara-l-3-scaled.jpg 1920w\" sizes=\"auto, (max-width: 768px) 100vw, 768px\" \/><\/figure>\n<\/div>\n\n\n<p class=\"has-noir-color has-griplusclair-background-color has-text-color has-background has-link-color wp-elements-0f5dd0f06c814aceabeb5298a992fba8\"><mark style=\"background-color:rgba(0, 0, 0, 0)\" class=\"has-inline-color has-noir-color\"><strong>Namn:<\/strong> <\/mark>Sara Lundgren<mark style=\"background-color:rgba(0, 0, 0, 0)\" class=\"has-inline-color has-noir-color\"><a href=\"Namn: Per Ackerfeldt\"><br><\/a><strong>Titel<\/strong>: Regionchef syd och Aff\u00e4rsomr\u00e5deschef <mark style=\"background-color:rgba(0, 0, 0, 0)\" class=\"has-inline-color has-noir-color\">Civil Design<\/mark><br><strong>Ort:<\/strong> Malm\u00f6<\/mark><\/p>\n<\/div>\n\n\n\n<div class=\"wp-block-column is-layout-flow wp-block-column-is-layout-flow\" style=\"flex-basis:66.66%\">\n<p class=\"has-large-font-size\">\u00d6resundsbron blev v\u00e4gen in i ingenj\u00f6rsyrket f\u00f6r Sara Lundgren som inspireras av monument som knyter ihop l\u00e4nder och st\u00e4der. Hon \u00e4r regionchef i Syd f\u00f6r Civil Design och aff\u00e4rsomr\u00e5deschef nationellt p\u00e5 SYSTRA AB.<\/p>\n\n\n\n<div style=\"height:30px\" aria-hidden=\"true\" class=\"wp-block-spacer\"><\/div>\n\n\n\n<h3 class=\"wp-block-heading has-dusty-blue-color has-text-color\" id=\"h-ett-utmanande-och-spannande-yrke\">Ett utmanande och sp\u00e4nnande yrke<\/h3>\n\n\n\n<div style=\"height:10px\" aria-hidden=\"true\" class=\"wp-block-spacer\"><\/div>\n\n\n\n<p>Sara drivs av utmaningar och att f\u00e5 anstr\u00e4nga sig lite extra f\u00f6r att n\u00e5 resultat. <\/p>\n\n\n\n<div style=\"height:30px\" aria-hidden=\"true\" class=\"wp-block-spacer\"><\/div>\n\n\n\n<p>\u2013 Ingenj\u00f6rsyrket \u00e4r utmanande och jag gillar att hj\u00e4rnan f\u00e5r g\u00e5 p\u00e5 h\u00f6gvarv f\u00f6r att hitta de b\u00e4sta l\u00f6sningarna. Jag l\u00e4r mig n\u00e5got nytt inom samh\u00e4llsbyggnad och infrastruktur varje dag. Det \u00e4r mycket som ska genomf\u00f6ras och hanteras, men jag har nog inte k\u00e4nt mig s\u00e5h\u00e4r glad \u00f6ver att g\u00e5 till jobbet p\u00e5 mycket l\u00e4nge. Det \u00e4r b\u00e5de sv\u00e5rt och roligt i ett!<\/p>\n\n\n\n<div style=\"height:30px\" aria-hidden=\"true\" class=\"wp-block-spacer\"><\/div>\n\n\n\n<h3 class=\"wp-block-heading has-dusty-blue-color has-text-color\" id=\"h-saras-karriarresa\">Saras karri\u00e4rresa<\/h3>\n\n\n\n<div style=\"height:10px\" aria-hidden=\"true\" class=\"wp-block-spacer\"><\/div>\n\n\n\n<p>Sara har tidigare varit arbetsledare i betong- och anl\u00e4ggningsbyggen och avdelningschef p\u00e5 en bro-avdelning. Hos oss p\u00e5 SYSTRA leder hon konsulter inom bland annat bro, arkitektur, geoteknik, VA, v\u00e4g och gata.&nbsp;<\/p>\n\n\n\n<div style=\"height:30px\" aria-hidden=\"true\" class=\"wp-block-spacer\"><\/div>\n\n\n\n<p>\u2013 Det k\u00e4ndes lockande och inspirerande n\u00e4r jag fick f\u00f6rfr\u00e5gan om att b\u00f6rja p\u00e5 SYSTRA. Ut\u00f6ver mitt ansvar f\u00f6r Region Syd \u00e4r jag \u00e4ven delaktig i ett flertal projekt. Det kan handla om allt fr\u00e5n b\u00e4righetsber\u00e4kningar till projektering av en ny fackverksbro i tr\u00e4 \u00f6ver en j\u00e4rnv\u00e4g eller f\u00f6rst\u00e4rkning av en befintlig bro. Varje uppdrag \u00e4r unikt och det vidgar mina vyer. Arbetet kr\u00e4ver framf\u00f6r allt en helhetsf\u00f6rst\u00e5else.<\/p>\n\n\n\n<div style=\"height:30px\" aria-hidden=\"true\" class=\"wp-block-spacer\"><\/div>\n\n\n\n<h3 class=\"wp-block-heading has-dusty-blue-color has-text-color\" id=\"h-att-bygga-en-stark-medarbetarkultur\">Att bygga en stark medarbetarkultur<\/h3>\n\n\n\n<div style=\"height:10px\" aria-hidden=\"true\" class=\"wp-block-spacer\"><\/div>\n\n\n\n<p>V\u00e5ra chefer leder uppdragen, bygger en stark medarbetarkultur och ansvarar f\u00f6r medarbetarnas utveckling. I sitt ledarskap h\u00e4mtar Sara inspiration fr\u00e5n sin tidigare elitkarri\u00e4r inom handboll och hon ser liknelser med sin roll som handbollstr\u00e4nare till tre flicklag.<\/p>\n\n\n\n<div style=\"height:30px\" aria-hidden=\"true\" class=\"wp-block-spacer\"><\/div>\n\n\n\n<p>\u2013 Jobbet handlar om leveranser och i handbollen g\u00e4ller det att vinna matcher. Teamk\u00e4nslan knyter dem samman \u2013 vi k\u00e4mpar och gl\u00e4ds tillsammans. Mitt ledarskap k\u00e4nnetecknas av transparens och \u00e4rlighet. Vi har h\u00f6gt i tak oss kollegorna emellan och jag vill att vi ska vara lika tighta som ett handbollsg\u00e4ng som har k\u00f6rt intervaller ihop i sp\u00f6regn. Den k\u00e4nslan vill jag \u00e5t!<\/p>\n\n\n\n<div style=\"height:30px\" aria-hidden=\"true\" class=\"wp-block-spacer\"><\/div>\n\n\n\n<h3 class=\"wp-block-heading has-dusty-blue-color has-text-color\" id=\"h-internationellt-engagemang\">Internationellt engagemang<\/h3>\n\n\n\n<div style=\"height:10px\" aria-hidden=\"true\" class=\"wp-block-spacer\"><\/div>\n\n\n\n<p>Sara gillar att ha m\u00e5nga bollar i luften och vill g\u00e4rna utvecklas, bland annat genom fler ansvarsomr\u00e5den.<\/p>\n\n\n\n<div style=\"height:30px\" aria-hidden=\"true\" class=\"wp-block-spacer\"><\/div>\n\n\n\n<p>\u2013 Mina kollegor \u00e4r det allra b\u00e4sta med att jobba h\u00e4r, och efter det kommer den internationella aspekten. Genom n\u00e4tverket Women at SYSTRA fick jag chansen att \u00e5ka till huvudkontoret i Paris och jag har s\u00f6kt mig till fler internationella initiativ efter det. Om man engagerar sig finns alla m\u00f6jligheter att n\u00e5 dit man vill!<\/p>\n<\/div>\n<\/div>\n\n\n\n<div style=\"height:100px\" aria-hidden=\"true\" class=\"wp-block-spacer\"><\/div>\n\n\n\n<div class=\"wp-block-group who-pattern-content-feed\"><div class=\"wp-block-group__inner-container is-layout-constrained wp-block-group-is-layout-constrained\">\n<div class=\"wp-block-columns is-layout-flex wp-container-core-columns-is-layout-9d6595d7 wp-block-columns-is-layout-flex\">\n<div class=\"wp-block-column is-layout-flow wp-block-column-is-layout-flow\">\n    <div class=\"who-block-content-feed\">\n        \n\t\t<div class=\"tile tile--page \">\n\t\t<figure class=\"tile__thumbnail\">\n\t\t\t<img loading=\"lazy\" decoding=\"async\" width=\"1024\" height=\"645\" src=\"https:\/\/www.systra.com\/sweden\/wp-content\/uploads\/sites\/13\/2023\/03\/systra_career-1-1024x645.png\" class=\"attachment-large size-large wp-post-image\" alt=\"\" \/>\n\t\t\t<figcaption class=\"tile__content\">\n\t\t\t\t\t\t\t\t<h3 class=\"tile__title\" style=\"color:#fff !important\">Medarbetarportr\u00e4tt<\/h3>\n\n\t\t\t\t<a class=\"tile__link\" href=\"https:\/\/www.systra.com\/sweden\/karriar\/medarbetarportratt\/\">\n\t\t\t\t\tRead more\t\t\t\t\t<span class=\"screen-reader-text\"> sur Medarbetarportr\u00e4tt<\/span>\n\t\t\t\t<\/a>\n\t\t\t<\/figcaption>\n\t\t<\/figure>\n\t<\/div>\n    <\/div>\n<\/div>\n\n\n\n<div class=\"wp-block-column is-layout-flow wp-block-column-is-layout-flow\">\n    <div class=\"who-block-content-feed\">\n        \n\t\t<div class=\"tile tile--page \">\n\t\t<figure class=\"tile__thumbnail\">\n\t\t\t<img loading=\"lazy\" decoding=\"async\" width=\"1024\" height=\"683\" src=\"https:\/\/www.systra.com\/sweden\/wp-content\/uploads\/2024\/04\/header_offre_emploi-2-1024x683.jpg\" class=\"attachment-large size-large\" alt=\"\" \/>\n\t\t\t<figcaption class=\"tile__content\">\n\t\t\t\t\t\t\t\t<h3 class=\"tile__title\" style=\"color:#fff !important\">Lediga jobb<\/h3>\n\n\t\t\t\t<a class=\"tile__link\" href=\"https:\/\/www.systra.com\/sweden\/lediga-jobb\/\">\n\t\t\t\t\tRead more\t\t\t\t\t<span class=\"screen-reader-text\"> sur Lediga jobb<\/span>\n\t\t\t\t<\/a>\n\t\t\t<\/figcaption>\n\t\t<\/figure>\n\t<\/div>\n    <\/div>\n<\/div>\n<\/div>\n<\/div><\/div>\n","protected":false},"excerpt":{"rendered":"<p>Namn: Sara LundgrenTitel: Regionchef syd och Aff\u00e4rsomr\u00e5deschef Civil DesignOrt: Malm\u00f6 \u00d6resundsbron blev v\u00e4gen in i ingenj\u00f6rsyrket f\u00f6r Sara Lundgren som inspireras av monument som knyter ihop l\u00e4nder och st\u00e4der. Hon \u00e4r regionchef i Syd f\u00f6r Civil Design och aff\u00e4rsomr\u00e5deschef nationellt p\u00e5 SYSTRA AB. Ett utmanande och sp\u00e4nnande yrke Sara drivs av utmaningar och att f\u00e5 [&hellip;]<\/p>\n","protected":false},"author":186,"featured_media":7669,"parent":19224,"menu_order":0,"comment_status":"closed","ping_status":"closed","template":"","meta":{"_acf_changed":false,"_relevanssi_hide_post":"","_relevanssi_hide_content":"","_relevanssi_pin_for_all":"","_relevanssi_pin_keywords":"","_relevanssi_unpin_keywords":"","_relevanssi_related_keywords":"","_relevanssi_related_include_ids":"","_relevanssi_related_exclude_ids":"","_relevanssi_related_no_append":"","_relevanssi_related_not_related":"","_relevanssi_related_posts":"4073,7307,9844,14657,6506,3906","_relevanssi_noindex_reason":"","footnotes":""},"class_list":["post-19251","page","type-page","status-publish","has-post-thumbnail","hentry"],"acf":[],"yoast_head":"<!-- This site is optimized with the Yoast SEO Premium plugin v27.4 (Yoast SEO v27.4) - https:\/\/yoast.com\/product\/yoast-seo-premium-wordpress\/ -->\n<title>Saras v\u00e4g in i ingenj\u00f6rsyrket - SYSTRA Sweden<\/title>\n<meta name=\"description\" content=\"Saras v\u00e4g in i ingenj\u00f6rsyrket - SYSTRA Nordic, consulting and engineering firm, world leader in public transport infrastructure engineering.\" \/>\n<meta name=\"robots\" content=\"index, follow, max-snippet:-1, max-image-preview:large, max-video-preview:-1\" \/>\n<meta property=\"og:locale\" content=\"en_US\" \/>\n<meta property=\"og:type\" content=\"article\" \/>\n<meta property=\"og:title\" content=\"Saras v\u00e4g in i ingenj\u00f6rsyrket\" \/>\n<meta property=\"og:description\" content=\"Saras v\u00e4g in i ingenj\u00f6rsyrket - SYSTRA Nordic, consulting and engineering firm, world leader in public transport infrastructure engineering.\" \/>\n<meta property=\"og:url\" content=\"https:\/\/www.systra.com\/sweden\/karriar\/medarbetarportratt\/saras-vag-in-i-ingenjorsyrket\/\" \/>\n<meta property=\"og:site_name\" content=\"Sweden\" \/>\n<meta property=\"article:modified_time\" content=\"2025-01-13T14:25:05+00:00\" \/>\n<meta property=\"og:image\" content=\"https:\/\/www.systra.com\/sweden\/wp-content\/uploads\/sites\/13\/2024\/08\/systra-peberholm-ertms-2.jpg\" \/>\n\t<meta property=\"og:image:width\" content=\"2500\" \/>\n\t<meta property=\"og:image:height\" content=\"1875\" \/>\n\t<meta property=\"og:image:type\" content=\"image\/jpeg\" \/>\n<meta name=\"twitter:card\" content=\"summary_large_image\" \/>\n<meta name=\"twitter:label1\" content=\"Est. reading time\" \/>\n\t<meta name=\"twitter:data1\" content=\"3 minutes\" \/>\n<script type=\"application\/ld+json\" class=\"yoast-schema-graph\">{\"@context\":\"https:\\\/\\\/schema.org\",\"@graph\":[{\"@type\":\"WebPage\",\"@id\":\"https:\\\/\\\/www.systra.com\\\/sweden\\\/karriar\\\/medarbetarportratt\\\/saras-vag-in-i-ingenjorsyrket\\\/\",\"url\":\"https:\\\/\\\/www.systra.com\\\/sweden\\\/karriar\\\/medarbetarportratt\\\/saras-vag-in-i-ingenjorsyrket\\\/\",\"name\":\"Saras v\u00e4g in i ingenj\u00f6rsyrket - SYSTRA Sweden\",\"isPartOf\":{\"@id\":\"https:\\\/\\\/www.systra.com\\\/sweden\\\/#website\"},\"primaryImageOfPage\":{\"@id\":\"https:\\\/\\\/www.systra.com\\\/sweden\\\/karriar\\\/medarbetarportratt\\\/saras-vag-in-i-ingenjorsyrket\\\/#primaryimage\"},\"image\":{\"@id\":\"https:\\\/\\\/www.systra.com\\\/sweden\\\/karriar\\\/medarbetarportratt\\\/saras-vag-in-i-ingenjorsyrket\\\/#primaryimage\"},\"thumbnailUrl\":\"https:\\\/\\\/www.systra.com\\\/sweden\\\/wp-content\\\/uploads\\\/sites\\\/13\\\/2024\\\/08\\\/systra-peberholm-ertms-2.jpg\",\"datePublished\":\"2025-01-09T14:38:39+00:00\",\"dateModified\":\"2025-01-13T14:25:05+00:00\",\"description\":\"Saras v\u00e4g in i ingenj\u00f6rsyrket - SYSTRA Nordic, consulting and engineering firm, world leader in public transport infrastructure engineering.\",\"breadcrumb\":{\"@id\":\"https:\\\/\\\/www.systra.com\\\/sweden\\\/karriar\\\/medarbetarportratt\\\/saras-vag-in-i-ingenjorsyrket\\\/#breadcrumb\"},\"inLanguage\":\"en-US\",\"potentialAction\":[{\"@type\":\"ReadAction\",\"target\":[\"https:\\\/\\\/www.systra.com\\\/sweden\\\/karriar\\\/medarbetarportratt\\\/saras-vag-in-i-ingenjorsyrket\\\/\"]}]},{\"@type\":\"ImageObject\",\"inLanguage\":\"en-US\",\"@id\":\"https:\\\/\\\/www.systra.com\\\/sweden\\\/karriar\\\/medarbetarportratt\\\/saras-vag-in-i-ingenjorsyrket\\\/#primaryimage\",\"url\":\"https:\\\/\\\/www.systra.com\\\/sweden\\\/wp-content\\\/uploads\\\/sites\\\/13\\\/2024\\\/08\\\/systra-peberholm-ertms-2.jpg\",\"contentUrl\":\"https:\\\/\\\/www.systra.com\\\/sweden\\\/wp-content\\\/uploads\\\/sites\\\/13\\\/2024\\\/08\\\/systra-peberholm-ertms-2.jpg\",\"width\":2500,\"height\":1875},{\"@type\":\"BreadcrumbList\",\"@id\":\"https:\\\/\\\/www.systra.com\\\/sweden\\\/karriar\\\/medarbetarportratt\\\/saras-vag-in-i-ingenjorsyrket\\\/#breadcrumb\",\"itemListElement\":[{\"@type\":\"ListItem\",\"position\":1,\"name\":\"Hemsida\",\"item\":\"https:\\\/\\\/www.systra.com\\\/sweden\\\/en\\\/\"},{\"@type\":\"ListItem\",\"position\":2,\"name\":\"\u00a0Karri\u00e4r\",\"item\":\"https:\\\/\\\/www.systra.com\\\/sweden\\\/karriar\\\/\"},{\"@type\":\"ListItem\",\"position\":3,\"name\":\"Medarbetarportr\u00e4tt\",\"item\":\"https:\\\/\\\/www.systra.com\\\/sweden\\\/karriar\\\/medarbetarportratt\\\/\"},{\"@type\":\"ListItem\",\"position\":4,\"name\":\"Saras v\u00e4g in i ingenj\u00f6rsyrket\"}]},{\"@type\":\"WebSite\",\"@id\":\"https:\\\/\\\/www.systra.com\\\/sweden\\\/#website\",\"url\":\"https:\\\/\\\/www.systra.com\\\/sweden\\\/\",\"name\":\"SYSTRA Sweden\",\"description\":\"Un site utilisant Les sites de Systra\",\"potentialAction\":[{\"@type\":\"SearchAction\",\"target\":{\"@type\":\"EntryPoint\",\"urlTemplate\":\"https:\\\/\\\/www.systra.com\\\/sweden\\\/?s={search_term_string}\"},\"query-input\":{\"@type\":\"PropertyValueSpecification\",\"valueRequired\":true,\"valueName\":\"search_term_string\"}}],\"inLanguage\":\"en-US\"}]}<\/script>\n<!-- \/ Yoast SEO Premium plugin. -->","yoast_head_json":{"title":"Saras v\u00e4g in i ingenj\u00f6rsyrket - SYSTRA Sweden","description":"Saras v\u00e4g in i ingenj\u00f6rsyrket - SYSTRA Nordic, consulting and engineering firm, world leader in public transport infrastructure engineering.","robots":{"index":"index","follow":"follow","max-snippet":"max-snippet:-1","max-image-preview":"max-image-preview:large","max-video-preview":"max-video-preview:-1"},"og_locale":"en_US","og_type":"article","og_title":"Saras v\u00e4g in i ingenj\u00f6rsyrket","og_description":"Saras v\u00e4g in i ingenj\u00f6rsyrket - SYSTRA Nordic, consulting and engineering firm, world leader in public transport infrastructure engineering.","og_url":"https:\/\/www.systra.com\/sweden\/karriar\/medarbetarportratt\/saras-vag-in-i-ingenjorsyrket\/","og_site_name":"Sweden","article_modified_time":"2025-01-13T14:25:05+00:00","og_image":[{"width":2500,"height":1875,"url":"https:\/\/www.systra.com\/sweden\/wp-content\/uploads\/sites\/13\/2024\/08\/systra-peberholm-ertms-2.jpg","type":"image\/jpeg"}],"twitter_card":"summary_large_image","twitter_misc":{"Est. reading time":"3 minutes"},"schema":{"@context":"https:\/\/schema.org","@graph":[{"@type":"WebPage","@id":"https:\/\/www.systra.com\/sweden\/karriar\/medarbetarportratt\/saras-vag-in-i-ingenjorsyrket\/","url":"https:\/\/www.systra.com\/sweden\/karriar\/medarbetarportratt\/saras-vag-in-i-ingenjorsyrket\/","name":"Saras v\u00e4g in i ingenj\u00f6rsyrket - SYSTRA Sweden","isPartOf":{"@id":"https:\/\/www.systra.com\/sweden\/#website"},"primaryImageOfPage":{"@id":"https:\/\/www.systra.com\/sweden\/karriar\/medarbetarportratt\/saras-vag-in-i-ingenjorsyrket\/#primaryimage"},"image":{"@id":"https:\/\/www.systra.com\/sweden\/karriar\/medarbetarportratt\/saras-vag-in-i-ingenjorsyrket\/#primaryimage"},"thumbnailUrl":"https:\/\/www.systra.com\/sweden\/wp-content\/uploads\/sites\/13\/2024\/08\/systra-peberholm-ertms-2.jpg","datePublished":"2025-01-09T14:38:39+00:00","dateModified":"2025-01-13T14:25:05+00:00","description":"Saras v\u00e4g in i ingenj\u00f6rsyrket - SYSTRA Nordic, consulting and engineering firm, world leader in public transport infrastructure engineering.","breadcrumb":{"@id":"https:\/\/www.systra.com\/sweden\/karriar\/medarbetarportratt\/saras-vag-in-i-ingenjorsyrket\/#breadcrumb"},"inLanguage":"en-US","potentialAction":[{"@type":"ReadAction","target":["https:\/\/www.systra.com\/sweden\/karriar\/medarbetarportratt\/saras-vag-in-i-ingenjorsyrket\/"]}]},{"@type":"ImageObject","inLanguage":"en-US","@id":"https:\/\/www.systra.com\/sweden\/karriar\/medarbetarportratt\/saras-vag-in-i-ingenjorsyrket\/#primaryimage","url":"https:\/\/www.systra.com\/sweden\/wp-content\/uploads\/sites\/13\/2024\/08\/systra-peberholm-ertms-2.jpg","contentUrl":"https:\/\/www.systra.com\/sweden\/wp-content\/uploads\/sites\/13\/2024\/08\/systra-peberholm-ertms-2.jpg","width":2500,"height":1875},{"@type":"BreadcrumbList","@id":"https:\/\/www.systra.com\/sweden\/karriar\/medarbetarportratt\/saras-vag-in-i-ingenjorsyrket\/#breadcrumb","itemListElement":[{"@type":"ListItem","position":1,"name":"Hemsida","item":"https:\/\/www.systra.com\/sweden\/en\/"},{"@type":"ListItem","position":2,"name":"\u00a0Karri\u00e4r","item":"https:\/\/www.systra.com\/sweden\/karriar\/"},{"@type":"ListItem","position":3,"name":"Medarbetarportr\u00e4tt","item":"https:\/\/www.systra.com\/sweden\/karriar\/medarbetarportratt\/"},{"@type":"ListItem","position":4,"name":"Saras v\u00e4g in i ingenj\u00f6rsyrket"}]},{"@type":"WebSite","@id":"https:\/\/www.systra.com\/sweden\/#website","url":"https:\/\/www.systra.com\/sweden\/","name":"SYSTRA Sweden","description":"Un site utilisant Les sites de Systra","potentialAction":[{"@type":"SearchAction","target":{"@type":"EntryPoint","urlTemplate":"https:\/\/www.systra.com\/sweden\/?s={search_term_string}"},"query-input":{"@type":"PropertyValueSpecification","valueRequired":true,"valueName":"search_term_string"}}],"inLanguage":"en-US"}]}},"lang":"sv","translations":{"sv":19251},"pll_sync_post":[],"_links":{"self":[{"href":"https:\/\/www.systra.com\/sweden\/wp-json\/wp\/v2\/pages\/19251","targetHints":{"allow":["GET"]}}],"collection":[{"href":"https:\/\/www.systra.com\/sweden\/wp-json\/wp\/v2\/pages"}],"about":[{"href":"https:\/\/www.systra.com\/sweden\/wp-json\/wp\/v2\/types\/page"}],"author":[{"embeddable":true,"href":"https:\/\/www.systra.com\/sweden\/wp-json\/wp\/v2\/users\/186"}],"replies":[{"embeddable":true,"href":"https:\/\/www.systra.com\/sweden\/wp-json\/wp\/v2\/comments?post=19251"}],"version-history":[{"count":3,"href":"https:\/\/www.systra.com\/sweden\/wp-json\/wp\/v2\/pages\/19251\/revisions"}],"predecessor-version":[{"id":19304,"href":"https:\/\/www.systra.com\/sweden\/wp-json\/wp\/v2\/pages\/19251\/revisions\/19304"}],"up":[{"embeddable":true,"href":"https:\/\/www.systra.com\/sweden\/wp-json\/wp\/v2\/pages\/19224"}],"wp:featuredmedia":[{"embeddable":true,"href":"https:\/\/www.systra.com\/sweden\/wp-json\/wp\/v2\/media\/7669"}],"wp:attachment":[{"href":"https:\/\/www.systra.com\/sweden\/wp-json\/wp\/v2\/media?parent=19251"}],"curies":[{"name":"wp","href":"https:\/\/api.w.org\/{rel}","templated":true}]}}