{"id":19245,"date":"2025-01-09T15:24:36","date_gmt":"2025-01-09T14:24:36","guid":{"rendered":"https:\/\/www.systra.com\/sweden\/?page_id=19245"},"modified":"2025-01-13T15:23:13","modified_gmt":"2025-01-13T14:23:13","slug":"liene-om-viljan-att-utvecklas","status":"publish","type":"page","link":"https:\/\/www.systra.com\/sweden\/karriar\/medarbetarportratt\/liene-om-viljan-att-utvecklas\/","title":{"rendered":"Liene om viljan att utvecklas"},"content":{"rendered":"\n<div style=\"height:5px\" aria-hidden=\"true\" class=\"wp-block-spacer\"><\/div>\n\n\n\n<div class=\"wp-block-columns is-layout-flex wp-container-core-columns-is-layout-9d6595d7 wp-block-columns-is-layout-flex\">\n<div class=\"wp-block-column is-layout-flow wp-block-column-is-layout-flow\" style=\"flex-basis:33.33%\"><div class=\"wp-block-image is-style-default\">\n<figure class=\"aligncenter size-large\"><img loading=\"lazy\" decoding=\"async\" width=\"1024\" height=\"683\" src=\"https:\/\/www.systra.com\/sweden\/wp-content\/uploads\/sites\/13\/2025\/01\/liene-picture-1-1024x683.jpg\" alt=\"\" class=\"wp-image-19231\" srcset=\"https:\/\/www.systra.com\/sweden\/wp-content\/uploads\/sites\/13\/2025\/01\/liene-picture-1-1024x683.jpg 1024w, https:\/\/www.systra.com\/sweden\/wp-content\/uploads\/sites\/13\/2025\/01\/liene-picture-1-300x200.jpg 300w, https:\/\/www.systra.com\/sweden\/wp-content\/uploads\/sites\/13\/2025\/01\/liene-picture-1-768x512.jpg 768w, https:\/\/www.systra.com\/sweden\/wp-content\/uploads\/sites\/13\/2025\/01\/liene-picture-1-1536x1024.jpg 1536w, https:\/\/www.systra.com\/sweden\/wp-content\/uploads\/sites\/13\/2025\/01\/liene-picture-1-2048x1366.jpg 2048w, https:\/\/www.systra.com\/sweden\/wp-content\/uploads\/sites\/13\/2025\/01\/liene-picture-1-375x250.jpg 375w, https:\/\/www.systra.com\/sweden\/wp-content\/uploads\/sites\/13\/2025\/01\/liene-picture-1-376x250.jpg 376w, https:\/\/www.systra.com\/sweden\/wp-content\/uploads\/sites\/13\/2025\/01\/liene-picture-1-474x316.jpg 474w, https:\/\/www.systra.com\/sweden\/wp-content\/uploads\/sites\/13\/2025\/01\/liene-picture-1-75x50.jpg 75w, https:\/\/www.systra.com\/sweden\/wp-content\/uploads\/sites\/13\/2025\/01\/liene-picture-1-900x600.jpg 900w, https:\/\/www.systra.com\/sweden\/wp-content\/uploads\/sites\/13\/2025\/01\/liene-picture-1-1700x1134.jpg 1700w, https:\/\/www.systra.com\/sweden\/wp-content\/uploads\/sites\/13\/2025\/01\/liene-picture-1-1352x902.jpg 1352w, https:\/\/www.systra.com\/sweden\/wp-content\/uploads\/sites\/13\/2025\/01\/liene-picture-1-800x533.jpg 800w, https:\/\/www.systra.com\/sweden\/wp-content\/uploads\/sites\/13\/2025\/01\/liene-picture-1-180x120.jpg 180w, https:\/\/www.systra.com\/sweden\/wp-content\/uploads\/sites\/13\/2025\/01\/liene-picture-1-153x102.jpg 153w, https:\/\/www.systra.com\/sweden\/wp-content\/uploads\/sites\/13\/2025\/01\/liene-picture-1-230x153.jpg 230w\" sizes=\"auto, (max-width: 1024px) 100vw, 1024px\" \/><\/figure>\n<\/div>\n\n\n<p class=\"has-noir-color has-griplusclair-background-color has-text-color has-background has-link-color wp-elements-82e1850272841ad3a9bfc37c8b4840bf\"><mark style=\"background-color:rgba(0, 0, 0, 0)\" class=\"has-inline-color has-noir-color\"><strong>Namn:<\/strong> <\/mark>Liene Werme<mark style=\"background-color:rgba(0, 0, 0, 0)\" class=\"has-inline-color has-noir-color\"><a href=\"Namn: Per Ackerfeldt\"><br><\/a><strong>Titel<\/strong>: Redovisningsekonom<br><strong>Ort:<\/strong> Stockholm<\/mark><\/p>\n<\/div>\n\n\n\n<div class=\"wp-block-column is-layout-flow wp-block-column-is-layout-flow\" style=\"flex-basis:66.66%\">\n<p class=\"has-large-font-size\">Siffrornas v\u00e4rld lockade Liene till rollen som redovisningsekonom. Kollegorna beskriver Liene som strukturerad, noggrann och att hennes h\u00e4rliga energi l\u00e4tt smittar av sig. Hon ber\u00e4ttar om f\u00f6rdelarna med ett globalt f\u00f6retag.<\/p>\n\n\n\n<div style=\"height:30px\" aria-hidden=\"true\" class=\"wp-block-spacer\"><\/div>\n\n\n\n<h3 class=\"wp-block-heading has-dusty-blue-color has-text-color\" id=\"h-viljan-att-standigt-utvecklas\">Viljan att st\u00e4ndigt utvecklas<\/h3>\n\n\n\n<div style=\"height:10px\" aria-hidden=\"true\" class=\"wp-block-spacer\"><\/div>\n\n\n\n<p>Liene utg\u00e5r fr\u00e5n mottot \u201cDet finns inga problem, bara l\u00f6sningar\u201d. Hon hanterar bland annat tidrapporter och st\u00f6ttar \u00f6vriga i verksamheten n\u00e4r det g\u00e4ller rapporter och faktureringsfr\u00e5gor.<\/p>\n\n\n\n<div style=\"height:30px\" aria-hidden=\"true\" class=\"wp-block-spacer\"><\/div>\n\n\n\n<p>\u2013 Jag \u00e4lskar att jobba p\u00e5 SYSTRA f\u00f6r att det \u00e4r ett globalt f\u00f6retag som utvecklas hela tiden. Varje dag ser annorlunda ut och jag l\u00e4r mig n\u00e5got nytt hela tiden, oavsett om det \u00e4r nya system, rapporteringsverktyg eller nya stora projekt!<\/p>\n\n\n\n<div style=\"height:30px\" aria-hidden=\"true\" class=\"wp-block-spacer\"><\/div>\n\n\n\n<h3 class=\"wp-block-heading has-dusty-blue-color has-text-color\" id=\"h-balans-mellan-arbete-och-fritid\">Balans mellan arbete och fritid<\/h3>\n\n\n\n<div style=\"height:10px\" aria-hidden=\"true\" class=\"wp-block-spacer\"><\/div>\n\n\n\n<p>Liene har alltid n\u00e5got p\u00e5 g\u00e5ng \u2013 volont\u00e4rsarbete p\u00e5 Stockholms lettiska skola, kampsporten Goshin Jutsu eller djupdykning i siffrornas v\u00e4rld. Hon k\u00e4nner stor tillit fr\u00e5n sin chef och ber\u00e4ttar att flexibiliteten g\u00f6r att hon kan f\u00e5 ihop vardagen p\u00e5 spr\u00e5ng.<\/p>\n\n\n\n<div style=\"height:30px\" aria-hidden=\"true\" class=\"wp-block-spacer\"><\/div>\n\n\n\n<p>\u2013 Jag tr\u00e4nar Goshin Jutsu tv\u00e5 g\u00e5nger i veckan och b\u00e5de jag och barnen har m\u00e5nga aktiviteter. Jag undervisar i robotik p\u00e5 en lettisk skola och vi bygger legorobotar som man startar med en app. Det \u00e4r v\u00e4ldigt roligt och sp\u00e4nnande att se barnen bygga \u2013 det \u00e4r precis som att se SYSTRAs projekt v\u00e4xa fram!<\/p>\n\n\n\n<div style=\"height:30px\" aria-hidden=\"true\" class=\"wp-block-spacer\"><\/div>\n\n\n\n<p>B\u00e5de sporten och jobbet p\u00e5 SYSTRA har dessutom \u00f6kat hennes sj\u00e4lvf\u00f6rtroende.<br>\u2013 Kampsporten ger \u00f6kad trygghet och st\u00e4rker mitt t\u00e5lamod och sj\u00e4lvf\u00f6rtroende. Min chef har ocks\u00e5 sagt \u201cDu kan mycket mer \u00e4n du tror!\u201d. Jag har blivit starkare som person och idag litar jag mer p\u00e5 min magk\u00e4nsla.<\/p>\n\n\n\n<div style=\"height:30px\" aria-hidden=\"true\" class=\"wp-block-spacer\"><\/div>\n\n\n\n<h3 class=\"wp-block-heading has-dusty-blue-color has-text-color\" id=\"h-vad-ar-de-storsta-fordelarna-med-att-vara-en-del-av-ett-globalt-foretag\">Vad \u00e4r de st\u00f6rsta f\u00f6rdelarna med att vara en del av ett globalt f\u00f6retag?<\/h3>\n\n\n\n<div style=\"height:10px\" aria-hidden=\"true\" class=\"wp-block-spacer\"><\/div>\n\n\n\n<p>Liene beskriver vardagen p\u00e5 SYSTRA som m\u00e5ngkulturell och berikande. Hon lyfter samarbetet med kollegor som en positiv aspekt och att alla medarbetare har en viktig roll i f\u00f6retagets utveckling.&nbsp;<\/p>\n\n\n\n<div style=\"height:30px\" aria-hidden=\"true\" class=\"wp-block-spacer\"><\/div>\n\n\n\n<p>\u2013 Mina kollegor \u00e4r fr\u00e5n olika delar av v\u00e4rlden \u2013 jag sj\u00e4lv \u00e4r fr\u00e5n Lettland, min nya kollega fr\u00e5n Tjeckien och en annan har sitt ursprung i Asien. Jag har \u00e4ven jobbat n\u00e4ra v\u00e5ra danska kollegor. Det finns s\u00e5 roliga och trevliga kollegor runt omkring mig och vi skrattar tillsammans varje dag.<\/p>\n\n\n\n<div style=\"height:10px\" aria-hidden=\"true\" class=\"wp-block-spacer\"><\/div>\n<\/div>\n<\/div>\n\n\n\n<div style=\"height:60px\" aria-hidden=\"true\" class=\"wp-block-spacer\"><\/div>\n\n\n<div class=\"wp-block-image\">\n<figure class=\"aligncenter size-large is-resized\"><img loading=\"lazy\" decoding=\"async\" width=\"1024\" height=\"683\" src=\"https:\/\/www.systra.com\/sweden\/wp-content\/uploads\/sites\/13\/2025\/01\/liene-picture-2-1024x683.jpg\" alt=\"\" class=\"wp-image-19246\" style=\"width:591px;height:auto\" srcset=\"https:\/\/www.systra.com\/sweden\/wp-content\/uploads\/sites\/13\/2025\/01\/liene-picture-2-1024x683.jpg 1024w, https:\/\/www.systra.com\/sweden\/wp-content\/uploads\/sites\/13\/2025\/01\/liene-picture-2-300x200.jpg 300w, https:\/\/www.systra.com\/sweden\/wp-content\/uploads\/sites\/13\/2025\/01\/liene-picture-2-768x512.jpg 768w, https:\/\/www.systra.com\/sweden\/wp-content\/uploads\/sites\/13\/2025\/01\/liene-picture-2-1536x1024.jpg 1536w, https:\/\/www.systra.com\/sweden\/wp-content\/uploads\/sites\/13\/2025\/01\/liene-picture-2-2048x1366.jpg 2048w, https:\/\/www.systra.com\/sweden\/wp-content\/uploads\/sites\/13\/2025\/01\/liene-picture-2-375x250.jpg 375w, https:\/\/www.systra.com\/sweden\/wp-content\/uploads\/sites\/13\/2025\/01\/liene-picture-2-376x250.jpg 376w, https:\/\/www.systra.com\/sweden\/wp-content\/uploads\/sites\/13\/2025\/01\/liene-picture-2-474x316.jpg 474w, https:\/\/www.systra.com\/sweden\/wp-content\/uploads\/sites\/13\/2025\/01\/liene-picture-2-75x50.jpg 75w, https:\/\/www.systra.com\/sweden\/wp-content\/uploads\/sites\/13\/2025\/01\/liene-picture-2-900x600.jpg 900w, https:\/\/www.systra.com\/sweden\/wp-content\/uploads\/sites\/13\/2025\/01\/liene-picture-2-1700x1134.jpg 1700w, https:\/\/www.systra.com\/sweden\/wp-content\/uploads\/sites\/13\/2025\/01\/liene-picture-2-1352x902.jpg 1352w, https:\/\/www.systra.com\/sweden\/wp-content\/uploads\/sites\/13\/2025\/01\/liene-picture-2-800x533.jpg 800w, https:\/\/www.systra.com\/sweden\/wp-content\/uploads\/sites\/13\/2025\/01\/liene-picture-2-180x120.jpg 180w, https:\/\/www.systra.com\/sweden\/wp-content\/uploads\/sites\/13\/2025\/01\/liene-picture-2-153x102.jpg 153w, https:\/\/www.systra.com\/sweden\/wp-content\/uploads\/sites\/13\/2025\/01\/liene-picture-2-230x153.jpg 230w\" sizes=\"auto, (max-width: 1024px) 100vw, 1024px\" \/><\/figure>\n<\/div>\n\n\n<div style=\"height:100px\" aria-hidden=\"true\" class=\"wp-block-spacer\"><\/div>\n\n\n\n<div class=\"wp-block-group who-pattern-content-feed\"><div class=\"wp-block-group__inner-container is-layout-constrained wp-block-group-is-layout-constrained\">\n<div class=\"wp-block-columns is-layout-flex wp-container-core-columns-is-layout-9d6595d7 wp-block-columns-is-layout-flex\">\n<div class=\"wp-block-column is-layout-flow wp-block-column-is-layout-flow\">\n    <div class=\"who-block-content-feed\">\n        \n\t\t<div class=\"tile tile--page \">\n\t\t<figure class=\"tile__thumbnail\">\n\t\t\t<img loading=\"lazy\" decoding=\"async\" width=\"1024\" height=\"645\" src=\"https:\/\/www.systra.com\/sweden\/wp-content\/uploads\/sites\/13\/2023\/03\/systra_career-1-1024x645.png\" class=\"attachment-large size-large wp-post-image\" alt=\"\" \/>\n\t\t\t<figcaption class=\"tile__content\">\n\t\t\t\t\t\t\t\t<h3 class=\"tile__title\" style=\"color:#fff !important\">Medarbetarportr\u00e4tt<\/h3>\n\n\t\t\t\t<a class=\"tile__link\" href=\"https:\/\/www.systra.com\/sweden\/karriar\/medarbetarportratt\/\">\n\t\t\t\t\tRead more\t\t\t\t\t<span class=\"screen-reader-text\"> sur Medarbetarportr\u00e4tt<\/span>\n\t\t\t\t<\/a>\n\t\t\t<\/figcaption>\n\t\t<\/figure>\n\t<\/div>\n    <\/div>\n<\/div>\n\n\n\n<div class=\"wp-block-column is-layout-flow wp-block-column-is-layout-flow\">\n    <div class=\"who-block-content-feed\">\n        \n\t\t<div class=\"tile tile--page \">\n\t\t<figure class=\"tile__thumbnail\">\n\t\t\t<img loading=\"lazy\" decoding=\"async\" width=\"1024\" height=\"683\" src=\"https:\/\/www.systra.com\/sweden\/wp-content\/uploads\/2024\/04\/header_offre_emploi-2-1024x683.jpg\" class=\"attachment-large size-large\" alt=\"\" \/>\n\t\t\t<figcaption class=\"tile__content\">\n\t\t\t\t\t\t\t\t<h3 class=\"tile__title\" style=\"color:#fff !important\">Lediga jobb<\/h3>\n\n\t\t\t\t<a class=\"tile__link\" href=\"https:\/\/www.systra.com\/sweden\/lediga-jobb\/\">\n\t\t\t\t\tRead more\t\t\t\t\t<span class=\"screen-reader-text\"> sur Lediga jobb<\/span>\n\t\t\t\t<\/a>\n\t\t\t<\/figcaption>\n\t\t<\/figure>\n\t<\/div>\n    <\/div>\n<\/div>\n<\/div>\n<\/div><\/div>\n","protected":false},"excerpt":{"rendered":"<p>Namn: Liene WermeTitel: RedovisningsekonomOrt: Stockholm Siffrornas v\u00e4rld lockade Liene till rollen som redovisningsekonom. Kollegorna beskriver Liene som strukturerad, noggrann och att hennes h\u00e4rliga energi l\u00e4tt smittar av sig. Hon ber\u00e4ttar om f\u00f6rdelarna med ett globalt f\u00f6retag. Viljan att st\u00e4ndigt utvecklas Liene utg\u00e5r fr\u00e5n mottot \u201cDet finns inga problem, bara l\u00f6sningar\u201d. Hon hanterar bland annat tidrapporter [&hellip;]<\/p>\n","protected":false},"author":186,"featured_media":19246,"parent":19224,"menu_order":0,"comment_status":"closed","ping_status":"closed","template":"","meta":{"_acf_changed":false,"_relevanssi_hide_post":"","_relevanssi_hide_content":"","_relevanssi_pin_for_all":"","_relevanssi_pin_keywords":"","_relevanssi_unpin_keywords":"","_relevanssi_related_keywords":"","_relevanssi_related_include_ids":"","_relevanssi_related_exclude_ids":"","_relevanssi_related_no_append":"","_relevanssi_related_not_related":"","_relevanssi_related_posts":"4073,7307,9844,14657,6506,3906","_relevanssi_noindex_reason":"","footnotes":""},"class_list":["post-19245","page","type-page","status-publish","has-post-thumbnail","hentry"],"acf":[],"yoast_head":"<!-- This site is optimized with the Yoast SEO Premium plugin v27.4 (Yoast SEO v27.4) - https:\/\/yoast.com\/product\/yoast-seo-premium-wordpress\/ -->\n<title>Liene om viljan att utvecklas - SYSTRA Sweden<\/title>\n<meta name=\"description\" content=\"Liene om viljan att utvecklas - SYSTRA Nordic, consulting and engineering firm, world leader in public transport infrastructure engineering.\" \/>\n<meta name=\"robots\" content=\"index, follow, max-snippet:-1, max-image-preview:large, max-video-preview:-1\" \/>\n<meta property=\"og:locale\" content=\"en_US\" \/>\n<meta property=\"og:type\" content=\"article\" \/>\n<meta property=\"og:title\" content=\"Liene om viljan att utvecklas\" \/>\n<meta property=\"og:description\" content=\"Liene om viljan att utvecklas - SYSTRA Nordic, consulting and engineering firm, world leader in public transport infrastructure engineering.\" \/>\n<meta property=\"og:url\" content=\"https:\/\/www.systra.com\/sweden\/karriar\/medarbetarportratt\/liene-om-viljan-att-utvecklas\/\" \/>\n<meta property=\"og:site_name\" content=\"Sweden\" \/>\n<meta property=\"article:modified_time\" content=\"2025-01-13T14:23:13+00:00\" \/>\n<meta property=\"og:image\" content=\"https:\/\/www.systra.com\/sweden\/wp-content\/uploads\/sites\/13\/2025\/01\/liene-picture-2.jpg\" \/>\n\t<meta property=\"og:image:width\" content=\"2500\" \/>\n\t<meta property=\"og:image:height\" content=\"1667\" \/>\n\t<meta property=\"og:image:type\" content=\"image\/jpeg\" \/>\n<meta name=\"twitter:card\" content=\"summary_large_image\" \/>\n<meta name=\"twitter:label1\" content=\"Est. reading time\" \/>\n\t<meta name=\"twitter:data1\" content=\"3 minutes\" \/>\n<script type=\"application\/ld+json\" class=\"yoast-schema-graph\">{\"@context\":\"https:\\\/\\\/schema.org\",\"@graph\":[{\"@type\":\"WebPage\",\"@id\":\"https:\\\/\\\/www.systra.com\\\/sweden\\\/karriar\\\/medarbetarportratt\\\/liene-om-viljan-att-utvecklas\\\/\",\"url\":\"https:\\\/\\\/www.systra.com\\\/sweden\\\/karriar\\\/medarbetarportratt\\\/liene-om-viljan-att-utvecklas\\\/\",\"name\":\"Liene om viljan att utvecklas - SYSTRA Sweden\",\"isPartOf\":{\"@id\":\"https:\\\/\\\/www.systra.com\\\/sweden\\\/#website\"},\"primaryImageOfPage\":{\"@id\":\"https:\\\/\\\/www.systra.com\\\/sweden\\\/karriar\\\/medarbetarportratt\\\/liene-om-viljan-att-utvecklas\\\/#primaryimage\"},\"image\":{\"@id\":\"https:\\\/\\\/www.systra.com\\\/sweden\\\/karriar\\\/medarbetarportratt\\\/liene-om-viljan-att-utvecklas\\\/#primaryimage\"},\"thumbnailUrl\":\"https:\\\/\\\/www.systra.com\\\/sweden\\\/wp-content\\\/uploads\\\/sites\\\/13\\\/2025\\\/01\\\/liene-picture-2.jpg\",\"datePublished\":\"2025-01-09T14:24:36+00:00\",\"dateModified\":\"2025-01-13T14:23:13+00:00\",\"description\":\"Liene om viljan att utvecklas - SYSTRA Nordic, consulting and engineering firm, world leader in public transport infrastructure engineering.\",\"breadcrumb\":{\"@id\":\"https:\\\/\\\/www.systra.com\\\/sweden\\\/karriar\\\/medarbetarportratt\\\/liene-om-viljan-att-utvecklas\\\/#breadcrumb\"},\"inLanguage\":\"en-US\",\"potentialAction\":[{\"@type\":\"ReadAction\",\"target\":[\"https:\\\/\\\/www.systra.com\\\/sweden\\\/karriar\\\/medarbetarportratt\\\/liene-om-viljan-att-utvecklas\\\/\"]}]},{\"@type\":\"ImageObject\",\"inLanguage\":\"en-US\",\"@id\":\"https:\\\/\\\/www.systra.com\\\/sweden\\\/karriar\\\/medarbetarportratt\\\/liene-om-viljan-att-utvecklas\\\/#primaryimage\",\"url\":\"https:\\\/\\\/www.systra.com\\\/sweden\\\/wp-content\\\/uploads\\\/sites\\\/13\\\/2025\\\/01\\\/liene-picture-2.jpg\",\"contentUrl\":\"https:\\\/\\\/www.systra.com\\\/sweden\\\/wp-content\\\/uploads\\\/sites\\\/13\\\/2025\\\/01\\\/liene-picture-2.jpg\",\"width\":2500,\"height\":1667},{\"@type\":\"BreadcrumbList\",\"@id\":\"https:\\\/\\\/www.systra.com\\\/sweden\\\/karriar\\\/medarbetarportratt\\\/liene-om-viljan-att-utvecklas\\\/#breadcrumb\",\"itemListElement\":[{\"@type\":\"ListItem\",\"position\":1,\"name\":\"Hemsida\",\"item\":\"https:\\\/\\\/www.systra.com\\\/sweden\\\/en\\\/\"},{\"@type\":\"ListItem\",\"position\":2,\"name\":\"\u00a0Karri\u00e4r\",\"item\":\"https:\\\/\\\/www.systra.com\\\/sweden\\\/karriar\\\/\"},{\"@type\":\"ListItem\",\"position\":3,\"name\":\"Medarbetarportr\u00e4tt\",\"item\":\"https:\\\/\\\/www.systra.com\\\/sweden\\\/karriar\\\/medarbetarportratt\\\/\"},{\"@type\":\"ListItem\",\"position\":4,\"name\":\"Liene om viljan att utvecklas\"}]},{\"@type\":\"WebSite\",\"@id\":\"https:\\\/\\\/www.systra.com\\\/sweden\\\/#website\",\"url\":\"https:\\\/\\\/www.systra.com\\\/sweden\\\/\",\"name\":\"SYSTRA Sweden\",\"description\":\"Un site utilisant Les sites de Systra\",\"potentialAction\":[{\"@type\":\"SearchAction\",\"target\":{\"@type\":\"EntryPoint\",\"urlTemplate\":\"https:\\\/\\\/www.systra.com\\\/sweden\\\/?s={search_term_string}\"},\"query-input\":{\"@type\":\"PropertyValueSpecification\",\"valueRequired\":true,\"valueName\":\"search_term_string\"}}],\"inLanguage\":\"en-US\"}]}<\/script>\n<!-- \/ Yoast SEO Premium plugin. -->","yoast_head_json":{"title":"Liene om viljan att utvecklas - SYSTRA Sweden","description":"Liene om viljan att utvecklas - SYSTRA Nordic, consulting and engineering firm, world leader in public transport infrastructure engineering.","robots":{"index":"index","follow":"follow","max-snippet":"max-snippet:-1","max-image-preview":"max-image-preview:large","max-video-preview":"max-video-preview:-1"},"og_locale":"en_US","og_type":"article","og_title":"Liene om viljan att utvecklas","og_description":"Liene om viljan att utvecklas - SYSTRA Nordic, consulting and engineering firm, world leader in public transport infrastructure engineering.","og_url":"https:\/\/www.systra.com\/sweden\/karriar\/medarbetarportratt\/liene-om-viljan-att-utvecklas\/","og_site_name":"Sweden","article_modified_time":"2025-01-13T14:23:13+00:00","og_image":[{"width":2500,"height":1667,"url":"https:\/\/www.systra.com\/sweden\/wp-content\/uploads\/sites\/13\/2025\/01\/liene-picture-2.jpg","type":"image\/jpeg"}],"twitter_card":"summary_large_image","twitter_misc":{"Est. reading time":"3 minutes"},"schema":{"@context":"https:\/\/schema.org","@graph":[{"@type":"WebPage","@id":"https:\/\/www.systra.com\/sweden\/karriar\/medarbetarportratt\/liene-om-viljan-att-utvecklas\/","url":"https:\/\/www.systra.com\/sweden\/karriar\/medarbetarportratt\/liene-om-viljan-att-utvecklas\/","name":"Liene om viljan att utvecklas - SYSTRA Sweden","isPartOf":{"@id":"https:\/\/www.systra.com\/sweden\/#website"},"primaryImageOfPage":{"@id":"https:\/\/www.systra.com\/sweden\/karriar\/medarbetarportratt\/liene-om-viljan-att-utvecklas\/#primaryimage"},"image":{"@id":"https:\/\/www.systra.com\/sweden\/karriar\/medarbetarportratt\/liene-om-viljan-att-utvecklas\/#primaryimage"},"thumbnailUrl":"https:\/\/www.systra.com\/sweden\/wp-content\/uploads\/sites\/13\/2025\/01\/liene-picture-2.jpg","datePublished":"2025-01-09T14:24:36+00:00","dateModified":"2025-01-13T14:23:13+00:00","description":"Liene om viljan att utvecklas - SYSTRA Nordic, consulting and engineering firm, world leader in public transport infrastructure engineering.","breadcrumb":{"@id":"https:\/\/www.systra.com\/sweden\/karriar\/medarbetarportratt\/liene-om-viljan-att-utvecklas\/#breadcrumb"},"inLanguage":"en-US","potentialAction":[{"@type":"ReadAction","target":["https:\/\/www.systra.com\/sweden\/karriar\/medarbetarportratt\/liene-om-viljan-att-utvecklas\/"]}]},{"@type":"ImageObject","inLanguage":"en-US","@id":"https:\/\/www.systra.com\/sweden\/karriar\/medarbetarportratt\/liene-om-viljan-att-utvecklas\/#primaryimage","url":"https:\/\/www.systra.com\/sweden\/wp-content\/uploads\/sites\/13\/2025\/01\/liene-picture-2.jpg","contentUrl":"https:\/\/www.systra.com\/sweden\/wp-content\/uploads\/sites\/13\/2025\/01\/liene-picture-2.jpg","width":2500,"height":1667},{"@type":"BreadcrumbList","@id":"https:\/\/www.systra.com\/sweden\/karriar\/medarbetarportratt\/liene-om-viljan-att-utvecklas\/#breadcrumb","itemListElement":[{"@type":"ListItem","position":1,"name":"Hemsida","item":"https:\/\/www.systra.com\/sweden\/en\/"},{"@type":"ListItem","position":2,"name":"\u00a0Karri\u00e4r","item":"https:\/\/www.systra.com\/sweden\/karriar\/"},{"@type":"ListItem","position":3,"name":"Medarbetarportr\u00e4tt","item":"https:\/\/www.systra.com\/sweden\/karriar\/medarbetarportratt\/"},{"@type":"ListItem","position":4,"name":"Liene om viljan att utvecklas"}]},{"@type":"WebSite","@id":"https:\/\/www.systra.com\/sweden\/#website","url":"https:\/\/www.systra.com\/sweden\/","name":"SYSTRA Sweden","description":"Un site utilisant Les sites de Systra","potentialAction":[{"@type":"SearchAction","target":{"@type":"EntryPoint","urlTemplate":"https:\/\/www.systra.com\/sweden\/?s={search_term_string}"},"query-input":{"@type":"PropertyValueSpecification","valueRequired":true,"valueName":"search_term_string"}}],"inLanguage":"en-US"}]}},"lang":"sv","translations":{"sv":19245},"pll_sync_post":[],"_links":{"self":[{"href":"https:\/\/www.systra.com\/sweden\/wp-json\/wp\/v2\/pages\/19245","targetHints":{"allow":["GET"]}}],"collection":[{"href":"https:\/\/www.systra.com\/sweden\/wp-json\/wp\/v2\/pages"}],"about":[{"href":"https:\/\/www.systra.com\/sweden\/wp-json\/wp\/v2\/types\/page"}],"author":[{"embeddable":true,"href":"https:\/\/www.systra.com\/sweden\/wp-json\/wp\/v2\/users\/186"}],"replies":[{"embeddable":true,"href":"https:\/\/www.systra.com\/sweden\/wp-json\/wp\/v2\/comments?post=19245"}],"version-history":[{"count":3,"href":"https:\/\/www.systra.com\/sweden\/wp-json\/wp\/v2\/pages\/19245\/revisions"}],"predecessor-version":[{"id":19301,"href":"https:\/\/www.systra.com\/sweden\/wp-json\/wp\/v2\/pages\/19245\/revisions\/19301"}],"up":[{"embeddable":true,"href":"https:\/\/www.systra.com\/sweden\/wp-json\/wp\/v2\/pages\/19224"}],"wp:featuredmedia":[{"embeddable":true,"href":"https:\/\/www.systra.com\/sweden\/wp-json\/wp\/v2\/media\/19246"}],"wp:attachment":[{"href":"https:\/\/www.systra.com\/sweden\/wp-json\/wp\/v2\/media?parent=19245"}],"curies":[{"name":"wp","href":"https:\/\/api.w.org\/{rel}","templated":true}]}}