{"id":19209,"date":"2025-01-09T15:17:40","date_gmt":"2025-01-09T14:17:40","guid":{"rendered":"https:\/\/www.systra.com\/sweden\/?page_id=19209"},"modified":"2025-02-20T11:36:23","modified_gmt":"2025-02-20T10:36:23","slug":"den-intellektuella-utmaningen-lockade-per-till-ingenjorsyrket-2","status":"publish","type":"page","link":"https:\/\/www.systra.com\/sweden\/karriar\/medarbetarportratt\/den-intellektuella-utmaningen-lockade-per-till-ingenjorsyrket\/","title":{"rendered":"Den intellektuella utmaningen lockade Per till ingenj\u00f6rsyrket"},"content":{"rendered":"\n<div style=\"height:5px\" aria-hidden=\"true\" class=\"wp-block-spacer\"><\/div>\n\n\n\n<div class=\"wp-block-columns is-layout-flex wp-container-core-columns-is-layout-9d6595d7 wp-block-columns-is-layout-flex\">\n<div class=\"wp-block-column is-layout-flow wp-block-column-is-layout-flow\" style=\"flex-basis:33.33%\"><div class=\"wp-block-image is-style-default\">\n<figure class=\"aligncenter size-large\"><img loading=\"lazy\" decoding=\"async\" width=\"1024\" height=\"640\" src=\"https:\/\/www.systra.com\/sweden\/wp-content\/uploads\/sites\/13\/2025\/01\/per-picture-2-edited-1024x640.jpg\" alt=\"\" class=\"wp-image-19183\" srcset=\"https:\/\/www.systra.com\/sweden\/wp-content\/uploads\/sites\/13\/2025\/01\/per-picture-2-edited-1024x640.jpg 1024w, https:\/\/www.systra.com\/sweden\/wp-content\/uploads\/sites\/13\/2025\/01\/per-picture-2-edited-300x188.jpg 300w, https:\/\/www.systra.com\/sweden\/wp-content\/uploads\/sites\/13\/2025\/01\/per-picture-2-edited-768x480.jpg 768w, https:\/\/www.systra.com\/sweden\/wp-content\/uploads\/sites\/13\/2025\/01\/per-picture-2-edited-1536x960.jpg 1536w, https:\/\/www.systra.com\/sweden\/wp-content\/uploads\/sites\/13\/2025\/01\/per-picture-2-edited-474x296.jpg 474w, https:\/\/www.systra.com\/sweden\/wp-content\/uploads\/sites\/13\/2025\/01\/per-picture-2-edited-1352x845.jpg 1352w, https:\/\/www.systra.com\/sweden\/wp-content\/uploads\/sites\/13\/2025\/01\/per-picture-2-edited-800x500.jpg 800w, https:\/\/www.systra.com\/sweden\/wp-content\/uploads\/sites\/13\/2025\/01\/per-picture-2-edited-180x113.jpg 180w, https:\/\/www.systra.com\/sweden\/wp-content\/uploads\/sites\/13\/2025\/01\/per-picture-2-edited-153x96.jpg 153w, https:\/\/www.systra.com\/sweden\/wp-content\/uploads\/sites\/13\/2025\/01\/per-picture-2-edited-230x144.jpg 230w, https:\/\/www.systra.com\/sweden\/wp-content\/uploads\/sites\/13\/2025\/01\/per-picture-2-edited.jpg 1616w\" sizes=\"auto, (max-width: 1024px) 100vw, 1024px\" \/><\/figure>\n<\/div>\n\n\n<p class=\"has-noir-color has-griplusclair-background-color has-text-color has-background has-link-color wp-elements-6c342a0bacb84bb34967846bbe05006b\"><mark style=\"background-color:rgba(0, 0, 0, 0)\" class=\"has-inline-color has-noir-color\"><strong>Namn:<\/strong> <\/mark>Per <mark style=\"background-color:rgba(0, 0, 0, 0)\" class=\"has-inline-color has-noir-color\">Ackerfeldt<a href=\"Namn: Per Ackerfeldt\"><br><\/a><strong>Titel<\/strong>: J\u00e4rnv\u00e4gsingenj\u00f6r<br><strong>Ort:<\/strong> G\u00f6teborg<\/mark><\/p>\n<\/div>\n\n\n\n<div class=\"wp-block-column is-layout-flow wp-block-column-is-layout-flow\" style=\"flex-basis:66.66%\">\n<p class=\"has-large-font-size\">V\u00e5r projektingenj\u00f6r och uppdragsledare Per Ackerfeldt drivs av nyfikenhet och jakten p\u00e5 den intellektuella utmaningen f\u00f6rde honom in p\u00e5 ingenj\u00f6rsyrket. Han arbetar bland annat i projektet ERTMS Lund; ett av SYSTRAs st\u00f6rsta j\u00e4rnv\u00e4gsprojekt.<\/p>\n\n\n\n<div style=\"height:30px\" aria-hidden=\"true\" class=\"wp-block-spacer\"><\/div>\n\n\n\n<h3 class=\"wp-block-heading has-dusty-blue-color has-text-color\" id=\"h-pers-karriarresa\">Pers karri\u00e4rresa<\/h3>\n\n\n\n<div style=\"height:10px\" aria-hidden=\"true\" class=\"wp-block-spacer\"><\/div>\n\n\n\n<p>Efter h\u00f6gskoleingenj\u00f6rsexamen i bygg arbetade Per sju \u00e5r i byggbranschen, innan han s\u00f6kte sig till SYSTRA. Per ber\u00e4ttar om viljan att p\u00e5verka samh\u00e4llet och se tydliga resultat.<\/p>\n\n\n\n<div style=\"height:30px\" aria-hidden=\"true\" class=\"wp-block-spacer\"><\/div>\n\n\n\n<p>\u2013 Jag s\u00f6kte mig till SYSTRA f\u00f6r att bli en del av ett internationellt konsultbolag inom infrastruktur. Det h\u00e4ftigaste med j\u00e4rnv\u00e4g \u00e4r att den \u00e4r s\u00e5 best\u00e4ndig \u2013 de ligger d\u00e4r de alltid har legat. Jag vill bidra till att utveckla och effektivisera branschen, ber\u00e4ttar Per.<\/p>\n\n\n\n<div style=\"height:30px\" aria-hidden=\"true\" class=\"wp-block-spacer\"><\/div>\n\n\n\n<h3 class=\"wp-block-heading has-dusty-blue-color has-text-color\" id=\"h-hur-ser-rollen-som-projektingenjor-och-uppdragsledare-ut\">Hur ser rollen som projektingenj\u00f6r och uppdragsledare ut? <\/h3>\n\n\n\n<div style=\"height:10px\" aria-hidden=\"true\" class=\"wp-block-spacer\"><\/div>\n\n\n\n<p>Den tudelade rollen l\u00e4mpar sig perfekt f\u00f6r en person som har viljan att st\u00e4ndigt l\u00e4ra sig nya saker.<\/p>\n\n\n\n<div style=\"height:30px\" aria-hidden=\"true\" class=\"wp-block-spacer\"><\/div>\n\n\n\n<p>\u2013 I min roll som projektingenj\u00f6r ligger fokus p\u00e5 att hantera ekonomin i projektet, men \u00e4ven uppf\u00f6ljningar av tidsplan, merv\u00e4rden, resursplanering med mera. Jobbet som uppdragsledare handlar mer om det kontraktuella mot v\u00e5ra kunder, underr\u00e4ttelser, framdrift och rapportering. Mitt jobb g\u00e5r ut p\u00e5 att r\u00e4kna p\u00e5 projekt och v\u00e4rdera arbetet att ta fram handlingar, granska och projektera.<\/p>\n\n\n\n<div style=\"height:30px\" aria-hidden=\"true\" class=\"wp-block-spacer\"><\/div>\n\n\n\n<h3 class=\"wp-block-heading has-dusty-blue-color has-text-color\" id=\"h-mojlighet-att-vara-en-delaktig-i-sveriges-stora-jarnvagsprojekt\">M\u00f6jlighet att vara en delaktig i Sveriges stora j\u00e4rnv\u00e4gsprojekt<\/h3>\n\n\n\n<div style=\"height:10px\" aria-hidden=\"true\" class=\"wp-block-spacer\"><\/div>\n\n\n\n<p>I ERTMS Lund \u00e4r SYSTRAs uppdrag att projektera fram f\u00f6rfr\u00e5gningsunderlag och bygghandling f\u00f6r byte av signalsystem till ERTMS, p\u00e5 uppdrag av Trafikverket. Per ber\u00e4ttar om upplevelsen kring att tidigt f\u00e5 m\u00f6jligheten att kliva in i komplexa projekt.<\/p>\n\n\n\n<div style=\"height:30px\" aria-hidden=\"true\" class=\"wp-block-spacer\"><\/div>\n\n\n\n<p>\u2013 Mitt arbete kommer med ett stort ansvar \u00f6ver att fatta viktiga beslut. Jag blev involverad i ett av f\u00f6retagets st\u00f6rsta projekt \u2013 ERTMS Lund \u2013 redan fr\u00e5n start och det var extra roligt att f\u00e5 komma in i ett stort projekt tidigt i min karri\u00e4r p\u00e5 SYSTRA.<\/p>\n\n\n\n<div style=\"height:30px\" aria-hidden=\"true\" class=\"wp-block-spacer\"><\/div>\n\n\n\n<h3 class=\"wp-block-heading has-dusty-blue-color has-text-color\" id=\"h-hur-bibehaller-man-gemenskap-i-ett-globalt-foretag\">Hur bibeh\u00e5ller man gemenskap i ett globalt f\u00f6retag? <\/h3>\n\n\n\n<div style=\"height:10px\" aria-hidden=\"true\" class=\"wp-block-spacer\"><\/div>\n\n\n\n<p>Kontor utspridda \u00f6ver hela Sverige och en global verksamhet kr\u00e4ver strukturer och sammanh\u00e5llning. Just gemenskapen \u00e4r n\u00e5got som Per framh\u00e4ver.<\/p>\n\n\n\n<div style=\"height:30px\" aria-hidden=\"true\" class=\"wp-block-spacer\"><\/div>\n\n\n\n<p>\u2013 Det finns ett go, en mentalitet och en gemenskap som genomsyras av att vi alla vill att vi ska komma fram\u00e5t tillsammans. Det finns ingen stolthet i att det h\u00e4r \u00e4r \u201cmitt\u201d utan vi jobbar som ett lag. Vi \u00e4r ett av Sveriges st\u00f6rsta konsultbolag inom infrastruktur och lyckas samtidigt ha en familj\u00e4r kultur utan hierarkier eller prestige. Det uppskattar jag!<\/p>\n<\/div>\n<\/div>\n\n\n\n<div style=\"height:100px\" aria-hidden=\"true\" class=\"wp-block-spacer\"><\/div>\n\n\n\n<div class=\"wp-block-group who-pattern-content-feed\"><div class=\"wp-block-group__inner-container is-layout-constrained wp-block-group-is-layout-constrained\">\n<div class=\"wp-block-columns is-layout-flex wp-container-core-columns-is-layout-9d6595d7 wp-block-columns-is-layout-flex\">\n<div class=\"wp-block-column is-layout-flow wp-block-column-is-layout-flow\">\n    <div class=\"who-block-content-feed\">\n        \n\t\t<div class=\"tile tile--page \">\n\t\t<figure class=\"tile__thumbnail\">\n\t\t\t<img loading=\"lazy\" decoding=\"async\" width=\"1024\" height=\"645\" src=\"https:\/\/www.systra.com\/sweden\/wp-content\/uploads\/sites\/13\/2023\/03\/systra_career-1-1024x645.png\" class=\"attachment-large size-large wp-post-image\" alt=\"\" \/>\n\t\t\t<figcaption class=\"tile__content\">\n\t\t\t\t\t\t\t\t<h3 class=\"tile__title\" style=\"color:#fff !important\">Medarbetarportr\u00e4tt<\/h3>\n\n\t\t\t\t<a class=\"tile__link\" href=\"https:\/\/www.systra.com\/sweden\/karriar\/medarbetarportratt\/\">\n\t\t\t\t\tRead more\t\t\t\t\t<span class=\"screen-reader-text\"> sur Medarbetarportr\u00e4tt<\/span>\n\t\t\t\t<\/a>\n\t\t\t<\/figcaption>\n\t\t<\/figure>\n\t<\/div>\n    <\/div>\n<\/div>\n\n\n\n<div class=\"wp-block-column is-layout-flow wp-block-column-is-layout-flow\">\n    <div class=\"who-block-content-feed\">\n        \n\t\t<div class=\"tile tile--page \">\n\t\t<figure class=\"tile__thumbnail\">\n\t\t\t<img loading=\"lazy\" decoding=\"async\" width=\"1024\" height=\"683\" src=\"https:\/\/www.systra.com\/sweden\/wp-content\/uploads\/2024\/04\/header_offre_emploi-2-1024x683.jpg\" class=\"attachment-large size-large\" alt=\"\" \/>\n\t\t\t<figcaption class=\"tile__content\">\n\t\t\t\t\t\t\t\t<h3 class=\"tile__title\" style=\"color:#fff !important\">Lediga jobb<\/h3>\n\n\t\t\t\t<a class=\"tile__link\" href=\"https:\/\/www.systra.com\/sweden\/lediga-jobb\/\">\n\t\t\t\t\tRead more\t\t\t\t\t<span class=\"screen-reader-text\"> sur Lediga jobb<\/span>\n\t\t\t\t<\/a>\n\t\t\t<\/figcaption>\n\t\t<\/figure>\n\t<\/div>\n    <\/div>\n<\/div>\n<\/div>\n<\/div><\/div>\n","protected":false},"excerpt":{"rendered":"<p>Namn: Per AckerfeldtTitel: J\u00e4rnv\u00e4gsingenj\u00f6rOrt: G\u00f6teborg V\u00e5r projektingenj\u00f6r och uppdragsledare Per Ackerfeldt drivs av nyfikenhet och jakten p\u00e5 den intellektuella utmaningen f\u00f6rde honom in p\u00e5 ingenj\u00f6rsyrket. Han arbetar bland annat i projektet ERTMS Lund; ett av SYSTRAs st\u00f6rsta j\u00e4rnv\u00e4gsprojekt. Pers karri\u00e4rresa Efter h\u00f6gskoleingenj\u00f6rsexamen i bygg arbetade Per sju \u00e5r i byggbranschen, innan han s\u00f6kte sig till [&hellip;]<\/p>\n","protected":false},"author":186,"featured_media":21474,"parent":19224,"menu_order":0,"comment_status":"closed","ping_status":"closed","template":"","meta":{"_acf_changed":false,"_relevanssi_hide_post":"","_relevanssi_hide_content":"","_relevanssi_pin_for_all":"","_relevanssi_pin_keywords":"","_relevanssi_unpin_keywords":"","_relevanssi_related_keywords":"","_relevanssi_related_include_ids":"","_relevanssi_related_exclude_ids":"","_relevanssi_related_no_append":"","_relevanssi_related_not_related":"","_relevanssi_related_posts":"4073,7307,9844,14657,6506,3906","_relevanssi_noindex_reason":"","footnotes":""},"class_list":["post-19209","page","type-page","status-publish","has-post-thumbnail","hentry"],"acf":[],"yoast_head":"<!-- This site is optimized with the Yoast SEO Premium plugin v27.4 (Yoast SEO v27.4) - https:\/\/yoast.com\/product\/yoast-seo-premium-wordpress\/ -->\n<title>Den intellektuella utmaningen lockade Per till ingenj\u00f6rsyrket - SYSTRA Sweden<\/title>\n<meta name=\"description\" content=\"Den intellektuella utmaningen lockade Per till ingenj\u00f6rsyrket - SYSTRA Nordic, consulting and engineering firm, world leader in public transport infrastructure engineering.\" \/>\n<meta name=\"robots\" content=\"index, follow, max-snippet:-1, max-image-preview:large, max-video-preview:-1\" \/>\n<meta property=\"og:locale\" content=\"en_US\" \/>\n<meta property=\"og:type\" content=\"article\" \/>\n<meta property=\"og:title\" content=\"Den intellektuella utmaningen lockade Per till ingenj\u00f6rsyrket\" \/>\n<meta property=\"og:description\" content=\"Den intellektuella utmaningen lockade Per till ingenj\u00f6rsyrket - SYSTRA Nordic, consulting and engineering firm, world leader in public transport infrastructure engineering.\" \/>\n<meta property=\"og:url\" content=\"https:\/\/www.systra.com\/sweden\/karriar\/medarbetarportratt\/den-intellektuella-utmaningen-lockade-per-till-ingenjorsyrket\/\" \/>\n<meta property=\"og:site_name\" content=\"Sweden\" \/>\n<meta property=\"article:modified_time\" content=\"2025-02-20T10:36:23+00:00\" \/>\n<meta property=\"og:image\" content=\"https:\/\/www.systra.com\/sweden\/wp-content\/uploads\/sites\/13\/2025\/02\/systra-per-ackerfeldt_5-kopiera-scaled.jpg\" \/>\n\t<meta property=\"og:image:width\" content=\"2560\" \/>\n\t<meta property=\"og:image:height\" content=\"1614\" \/>\n\t<meta property=\"og:image:type\" content=\"image\/jpeg\" \/>\n<meta name=\"twitter:card\" content=\"summary_large_image\" \/>\n<meta name=\"twitter:label1\" content=\"Est. reading time\" \/>\n\t<meta name=\"twitter:data1\" content=\"3 minutes\" \/>\n<script type=\"application\/ld+json\" class=\"yoast-schema-graph\">{\"@context\":\"https:\\\/\\\/schema.org\",\"@graph\":[{\"@type\":\"WebPage\",\"@id\":\"https:\\\/\\\/www.systra.com\\\/sweden\\\/karriar\\\/medarbetarportratt\\\/den-intellektuella-utmaningen-lockade-per-till-ingenjorsyrket\\\/\",\"url\":\"https:\\\/\\\/www.systra.com\\\/sweden\\\/karriar\\\/medarbetarportratt\\\/den-intellektuella-utmaningen-lockade-per-till-ingenjorsyrket\\\/\",\"name\":\"Den intellektuella utmaningen lockade Per till ingenj\u00f6rsyrket - SYSTRA Sweden\",\"isPartOf\":{\"@id\":\"https:\\\/\\\/www.systra.com\\\/sweden\\\/#website\"},\"primaryImageOfPage\":{\"@id\":\"https:\\\/\\\/www.systra.com\\\/sweden\\\/karriar\\\/medarbetarportratt\\\/den-intellektuella-utmaningen-lockade-per-till-ingenjorsyrket\\\/#primaryimage\"},\"image\":{\"@id\":\"https:\\\/\\\/www.systra.com\\\/sweden\\\/karriar\\\/medarbetarportratt\\\/den-intellektuella-utmaningen-lockade-per-till-ingenjorsyrket\\\/#primaryimage\"},\"thumbnailUrl\":\"https:\\\/\\\/www.systra.com\\\/sweden\\\/wp-content\\\/uploads\\\/sites\\\/13\\\/2025\\\/02\\\/systra-per-ackerfeldt_5-kopiera-scaled.jpg\",\"datePublished\":\"2025-01-09T14:17:40+00:00\",\"dateModified\":\"2025-02-20T10:36:23+00:00\",\"description\":\"Den intellektuella utmaningen lockade Per till ingenj\u00f6rsyrket - SYSTRA Nordic, consulting and engineering firm, world leader in public transport infrastructure engineering.\",\"breadcrumb\":{\"@id\":\"https:\\\/\\\/www.systra.com\\\/sweden\\\/karriar\\\/medarbetarportratt\\\/den-intellektuella-utmaningen-lockade-per-till-ingenjorsyrket\\\/#breadcrumb\"},\"inLanguage\":\"en-US\",\"potentialAction\":[{\"@type\":\"ReadAction\",\"target\":[\"https:\\\/\\\/www.systra.com\\\/sweden\\\/karriar\\\/medarbetarportratt\\\/den-intellektuella-utmaningen-lockade-per-till-ingenjorsyrket\\\/\"]}]},{\"@type\":\"ImageObject\",\"inLanguage\":\"en-US\",\"@id\":\"https:\\\/\\\/www.systra.com\\\/sweden\\\/karriar\\\/medarbetarportratt\\\/den-intellektuella-utmaningen-lockade-per-till-ingenjorsyrket\\\/#primaryimage\",\"url\":\"https:\\\/\\\/www.systra.com\\\/sweden\\\/wp-content\\\/uploads\\\/sites\\\/13\\\/2025\\\/02\\\/systra-per-ackerfeldt_5-kopiera-scaled.jpg\",\"contentUrl\":\"https:\\\/\\\/www.systra.com\\\/sweden\\\/wp-content\\\/uploads\\\/sites\\\/13\\\/2025\\\/02\\\/systra-per-ackerfeldt_5-kopiera-scaled.jpg\",\"width\":2560,\"height\":1614},{\"@type\":\"BreadcrumbList\",\"@id\":\"https:\\\/\\\/www.systra.com\\\/sweden\\\/karriar\\\/medarbetarportratt\\\/den-intellektuella-utmaningen-lockade-per-till-ingenjorsyrket\\\/#breadcrumb\",\"itemListElement\":[{\"@type\":\"ListItem\",\"position\":1,\"name\":\"Hemsida\",\"item\":\"https:\\\/\\\/www.systra.com\\\/sweden\\\/en\\\/\"},{\"@type\":\"ListItem\",\"position\":2,\"name\":\"\u00a0Karri\u00e4r\",\"item\":\"https:\\\/\\\/www.systra.com\\\/sweden\\\/karriar\\\/\"},{\"@type\":\"ListItem\",\"position\":3,\"name\":\"Medarbetarportr\u00e4tt\",\"item\":\"https:\\\/\\\/www.systra.com\\\/sweden\\\/karriar\\\/medarbetarportratt\\\/\"},{\"@type\":\"ListItem\",\"position\":4,\"name\":\"Den intellektuella utmaningen lockade Per till ingenj\u00f6rsyrket\"}]},{\"@type\":\"WebSite\",\"@id\":\"https:\\\/\\\/www.systra.com\\\/sweden\\\/#website\",\"url\":\"https:\\\/\\\/www.systra.com\\\/sweden\\\/\",\"name\":\"SYSTRA Sweden\",\"description\":\"Un site utilisant Les sites de Systra\",\"potentialAction\":[{\"@type\":\"SearchAction\",\"target\":{\"@type\":\"EntryPoint\",\"urlTemplate\":\"https:\\\/\\\/www.systra.com\\\/sweden\\\/?s={search_term_string}\"},\"query-input\":{\"@type\":\"PropertyValueSpecification\",\"valueRequired\":true,\"valueName\":\"search_term_string\"}}],\"inLanguage\":\"en-US\"}]}<\/script>\n<!-- \/ Yoast SEO Premium plugin. -->","yoast_head_json":{"title":"Den intellektuella utmaningen lockade Per till ingenj\u00f6rsyrket - SYSTRA Sweden","description":"Den intellektuella utmaningen lockade Per till ingenj\u00f6rsyrket - SYSTRA Nordic, consulting and engineering firm, world leader in public transport infrastructure engineering.","robots":{"index":"index","follow":"follow","max-snippet":"max-snippet:-1","max-image-preview":"max-image-preview:large","max-video-preview":"max-video-preview:-1"},"og_locale":"en_US","og_type":"article","og_title":"Den intellektuella utmaningen lockade Per till ingenj\u00f6rsyrket","og_description":"Den intellektuella utmaningen lockade Per till ingenj\u00f6rsyrket - SYSTRA Nordic, consulting and engineering firm, world leader in public transport infrastructure engineering.","og_url":"https:\/\/www.systra.com\/sweden\/karriar\/medarbetarportratt\/den-intellektuella-utmaningen-lockade-per-till-ingenjorsyrket\/","og_site_name":"Sweden","article_modified_time":"2025-02-20T10:36:23+00:00","og_image":[{"width":2560,"height":1614,"url":"https:\/\/www.systra.com\/sweden\/wp-content\/uploads\/sites\/13\/2025\/02\/systra-per-ackerfeldt_5-kopiera-scaled.jpg","type":"image\/jpeg"}],"twitter_card":"summary_large_image","twitter_misc":{"Est. reading time":"3 minutes"},"schema":{"@context":"https:\/\/schema.org","@graph":[{"@type":"WebPage","@id":"https:\/\/www.systra.com\/sweden\/karriar\/medarbetarportratt\/den-intellektuella-utmaningen-lockade-per-till-ingenjorsyrket\/","url":"https:\/\/www.systra.com\/sweden\/karriar\/medarbetarportratt\/den-intellektuella-utmaningen-lockade-per-till-ingenjorsyrket\/","name":"Den intellektuella utmaningen lockade Per till ingenj\u00f6rsyrket - SYSTRA Sweden","isPartOf":{"@id":"https:\/\/www.systra.com\/sweden\/#website"},"primaryImageOfPage":{"@id":"https:\/\/www.systra.com\/sweden\/karriar\/medarbetarportratt\/den-intellektuella-utmaningen-lockade-per-till-ingenjorsyrket\/#primaryimage"},"image":{"@id":"https:\/\/www.systra.com\/sweden\/karriar\/medarbetarportratt\/den-intellektuella-utmaningen-lockade-per-till-ingenjorsyrket\/#primaryimage"},"thumbnailUrl":"https:\/\/www.systra.com\/sweden\/wp-content\/uploads\/sites\/13\/2025\/02\/systra-per-ackerfeldt_5-kopiera-scaled.jpg","datePublished":"2025-01-09T14:17:40+00:00","dateModified":"2025-02-20T10:36:23+00:00","description":"Den intellektuella utmaningen lockade Per till ingenj\u00f6rsyrket - SYSTRA Nordic, consulting and engineering firm, world leader in public transport infrastructure engineering.","breadcrumb":{"@id":"https:\/\/www.systra.com\/sweden\/karriar\/medarbetarportratt\/den-intellektuella-utmaningen-lockade-per-till-ingenjorsyrket\/#breadcrumb"},"inLanguage":"en-US","potentialAction":[{"@type":"ReadAction","target":["https:\/\/www.systra.com\/sweden\/karriar\/medarbetarportratt\/den-intellektuella-utmaningen-lockade-per-till-ingenjorsyrket\/"]}]},{"@type":"ImageObject","inLanguage":"en-US","@id":"https:\/\/www.systra.com\/sweden\/karriar\/medarbetarportratt\/den-intellektuella-utmaningen-lockade-per-till-ingenjorsyrket\/#primaryimage","url":"https:\/\/www.systra.com\/sweden\/wp-content\/uploads\/sites\/13\/2025\/02\/systra-per-ackerfeldt_5-kopiera-scaled.jpg","contentUrl":"https:\/\/www.systra.com\/sweden\/wp-content\/uploads\/sites\/13\/2025\/02\/systra-per-ackerfeldt_5-kopiera-scaled.jpg","width":2560,"height":1614},{"@type":"BreadcrumbList","@id":"https:\/\/www.systra.com\/sweden\/karriar\/medarbetarportratt\/den-intellektuella-utmaningen-lockade-per-till-ingenjorsyrket\/#breadcrumb","itemListElement":[{"@type":"ListItem","position":1,"name":"Hemsida","item":"https:\/\/www.systra.com\/sweden\/en\/"},{"@type":"ListItem","position":2,"name":"\u00a0Karri\u00e4r","item":"https:\/\/www.systra.com\/sweden\/karriar\/"},{"@type":"ListItem","position":3,"name":"Medarbetarportr\u00e4tt","item":"https:\/\/www.systra.com\/sweden\/karriar\/medarbetarportratt\/"},{"@type":"ListItem","position":4,"name":"Den intellektuella utmaningen lockade Per till ingenj\u00f6rsyrket"}]},{"@type":"WebSite","@id":"https:\/\/www.systra.com\/sweden\/#website","url":"https:\/\/www.systra.com\/sweden\/","name":"SYSTRA Sweden","description":"Un site utilisant Les sites de Systra","potentialAction":[{"@type":"SearchAction","target":{"@type":"EntryPoint","urlTemplate":"https:\/\/www.systra.com\/sweden\/?s={search_term_string}"},"query-input":{"@type":"PropertyValueSpecification","valueRequired":true,"valueName":"search_term_string"}}],"inLanguage":"en-US"}]}},"lang":"sv","translations":{"sv":19209},"pll_sync_post":[],"_links":{"self":[{"href":"https:\/\/www.systra.com\/sweden\/wp-json\/wp\/v2\/pages\/19209","targetHints":{"allow":["GET"]}}],"collection":[{"href":"https:\/\/www.systra.com\/sweden\/wp-json\/wp\/v2\/pages"}],"about":[{"href":"https:\/\/www.systra.com\/sweden\/wp-json\/wp\/v2\/types\/page"}],"author":[{"embeddable":true,"href":"https:\/\/www.systra.com\/sweden\/wp-json\/wp\/v2\/users\/186"}],"replies":[{"embeddable":true,"href":"https:\/\/www.systra.com\/sweden\/wp-json\/wp\/v2\/comments?post=19209"}],"version-history":[{"count":3,"href":"https:\/\/www.systra.com\/sweden\/wp-json\/wp\/v2\/pages\/19209\/revisions"}],"predecessor-version":[{"id":19303,"href":"https:\/\/www.systra.com\/sweden\/wp-json\/wp\/v2\/pages\/19209\/revisions\/19303"}],"up":[{"embeddable":true,"href":"https:\/\/www.systra.com\/sweden\/wp-json\/wp\/v2\/pages\/19224"}],"wp:featuredmedia":[{"embeddable":true,"href":"https:\/\/www.systra.com\/sweden\/wp-json\/wp\/v2\/media\/21474"}],"wp:attachment":[{"href":"https:\/\/www.systra.com\/sweden\/wp-json\/wp\/v2\/media?parent=19209"}],"curies":[{"name":"wp","href":"https:\/\/api.w.org\/{rel}","templated":true}]}}