{"id":829,"date":"2024-09-09T15:24:57","date_gmt":"2024-09-09T13:24:57","guid":{"rendered":"https:\/\/www.systra.com\/norway\/?page_id=829"},"modified":"2026-02-09T13:49:33","modified_gmt":"2026-02-09T12:49:33","slug":"ambisjoner-og-verdier","status":"publish","type":"page","link":"https:\/\/www.systra.com\/norway\/hvem-er-vi\/ambisjoner-og-verdier\/","title":{"rendered":"Ambisjoner og verdier"},"content":{"rendered":"\n<h2 class=\"wp-block-heading has-light-eggplant-color has-text-color has-link-color wp-elements-c6c59598868ddd5a36e375738999d4a3\" id=\"h-vi-er-et-naert-og-lokalt-konsulentselskap-med-tilgang-til-internasjonal-ekspertise\">\u2018vi er et n\u00e6rt og lokalt konsulentselskap med tilgang til internasjonal ekspertise\u2019<\/h2>\n\n\n\n<div style=\"height:40px\" aria-hidden=\"true\" class=\"wp-block-spacer\"><\/div>\n\n\n\n<div class=\"wp-block-media-text has-media-on-the-right is-stacked-on-mobile has-griplusclair-background-color has-background\"><div class=\"wp-block-media-text__content\">\n<blockquote class=\"wp-block-quote is-style-default has-medium-font-size is-layout-flow wp-block-quote-is-layout-flow\" style=\"text-transform:none\">\n<p>Vi er prosjektspesialister og tekniske r\u00e5dgivere. Gjennom v\u00e5r fagekspertise hjelper vi v\u00e5re oppdragsgivere med \u00e5 lykkes i deres prosjekter. Sammen bidrar vi til et smartere, tryggere og mer b\u00e6rekraftig samfunn.<\/p>\n<cite><br>Magnus Eriksson, daglig leder, SYSTRA Norge<\/cite><\/blockquote>\n<\/div><figure class=\"wp-block-media-text__media\"><img loading=\"lazy\" decoding=\"async\" width=\"2560\" height=\"2225\" src=\"https:\/\/www.systra.com\/norway\/wp-content\/uploads\/sites\/27\/2024\/03\/magnuseriksson_fotopiasonstrod-1-scaled.jpg\" alt=\"\" class=\"wp-image-567 size-full\" srcset=\"https:\/\/www.systra.com\/norway\/wp-content\/uploads\/sites\/27\/2024\/03\/magnuseriksson_fotopiasonstrod-1-scaled.jpg 2560w, https:\/\/www.systra.com\/norway\/wp-content\/uploads\/sites\/27\/2024\/03\/magnuseriksson_fotopiasonstrod-1-300x261.jpg 300w, https:\/\/www.systra.com\/norway\/wp-content\/uploads\/sites\/27\/2024\/03\/magnuseriksson_fotopiasonstrod-1-1024x890.jpg 1024w, https:\/\/www.systra.com\/norway\/wp-content\/uploads\/sites\/27\/2024\/03\/magnuseriksson_fotopiasonstrod-1-768x667.jpg 768w, https:\/\/www.systra.com\/norway\/wp-content\/uploads\/sites\/27\/2024\/03\/magnuseriksson_fotopiasonstrod-1-1536x1335.jpg 1536w, https:\/\/www.systra.com\/norway\/wp-content\/uploads\/sites\/27\/2024\/03\/magnuseriksson_fotopiasonstrod-1-2048x1780.jpg 2048w, https:\/\/www.systra.com\/norway\/wp-content\/uploads\/sites\/27\/2024\/03\/magnuseriksson_fotopiasonstrod-1-474x412.jpg 474w, https:\/\/www.systra.com\/norway\/wp-content\/uploads\/sites\/27\/2024\/03\/magnuseriksson_fotopiasonstrod-1-1700x1477.jpg 1700w, https:\/\/www.systra.com\/norway\/wp-content\/uploads\/sites\/27\/2024\/03\/magnuseriksson_fotopiasonstrod-1-1352x1175.jpg 1352w, https:\/\/www.systra.com\/norway\/wp-content\/uploads\/sites\/27\/2024\/03\/magnuseriksson_fotopiasonstrod-1-800x695.jpg 800w, https:\/\/www.systra.com\/norway\/wp-content\/uploads\/sites\/27\/2024\/03\/magnuseriksson_fotopiasonstrod-1-180x156.jpg 180w, https:\/\/www.systra.com\/norway\/wp-content\/uploads\/sites\/27\/2024\/03\/magnuseriksson_fotopiasonstrod-1-153x133.jpg 153w, https:\/\/www.systra.com\/norway\/wp-content\/uploads\/sites\/27\/2024\/03\/magnuseriksson_fotopiasonstrod-1-230x200.jpg 230w\" sizes=\"auto, (max-width: 2560px) 100vw, 2560px\" \/><\/figure><\/div>\n\n\n\n<div style=\"height:100px\" aria-hidden=\"true\" class=\"wp-block-spacer\"><\/div>\n\n\n\n<h2 class=\"wp-block-heading\" id=\"h-vare-verdier\">V\u00e5RE VerDIER<\/h2>\n\n\n\n<div style=\"height:40px\" aria-hidden=\"true\" class=\"wp-block-spacer\"><\/div>\n\n\n\n<div class=\"wp-block-media-text alignwide is-stacked-on-mobile is-vertically-aligned-center is-image-fill-element has-pale-mauve-background-color has-background\" style=\"grid-template-columns:22% auto\"><figure class=\"wp-block-media-text__media\"><img loading=\"lazy\" decoding=\"async\" width=\"1024\" height=\"936\" src=\"https:\/\/www.systra.com\/norway\/wp-content\/uploads\/sites\/27\/2024\/03\/petrine_systranorge-1024x936.jpg\" alt=\"\" class=\"wp-image-665 size-full\" style=\"object-position:36% 0%\" srcset=\"https:\/\/www.systra.com\/norway\/wp-content\/uploads\/sites\/27\/2024\/03\/petrine_systranorge-1024x936.jpg 1024w, https:\/\/www.systra.com\/norway\/wp-content\/uploads\/sites\/27\/2024\/03\/petrine_systranorge-300x274.jpg 300w, https:\/\/www.systra.com\/norway\/wp-content\/uploads\/sites\/27\/2024\/03\/petrine_systranorge-768x702.jpg 768w, https:\/\/www.systra.com\/norway\/wp-content\/uploads\/sites\/27\/2024\/03\/petrine_systranorge-1536x1405.jpg 1536w, https:\/\/www.systra.com\/norway\/wp-content\/uploads\/sites\/27\/2024\/03\/petrine_systranorge-2048x1873.jpg 2048w, https:\/\/www.systra.com\/norway\/wp-content\/uploads\/sites\/27\/2024\/03\/petrine_systranorge-474x433.jpg 474w, https:\/\/www.systra.com\/norway\/wp-content\/uploads\/sites\/27\/2024\/03\/petrine_systranorge-1700x1555.jpg 1700w, https:\/\/www.systra.com\/norway\/wp-content\/uploads\/sites\/27\/2024\/03\/petrine_systranorge-1352x1236.jpg 1352w, https:\/\/www.systra.com\/norway\/wp-content\/uploads\/sites\/27\/2024\/03\/petrine_systranorge-800x732.jpg 800w, https:\/\/www.systra.com\/norway\/wp-content\/uploads\/sites\/27\/2024\/03\/petrine_systranorge-180x165.jpg 180w, https:\/\/www.systra.com\/norway\/wp-content\/uploads\/sites\/27\/2024\/03\/petrine_systranorge-153x140.jpg 153w, https:\/\/www.systra.com\/norway\/wp-content\/uploads\/sites\/27\/2024\/03\/petrine_systranorge-230x210.jpg 230w\" sizes=\"auto, (max-width: 1024px) 100vw, 1024px\" \/><\/figure><div class=\"wp-block-media-text__content\">\n<h3 class=\"wp-block-heading has-light-eggplant-color has-text-color has-link-color has-medium-font-size wp-elements-b901b6fae1e36ddfa7885f49fffcc494\" id=\"h-excellence\" style=\"text-transform:uppercase\">EXCELLENCE<\/h3>\n\n\n\n<p>For oss er \u2018excellence\u2019 ikke kun et m\u00e5l, men ogs\u00e5 en m\u00e5te \u00e5 jobbe p\u00e5. Vi jobber i stor grad ute hos v\u00e5re oppdragsgivere og sikrer med det det gode relasjoner, tett oppf\u00f8lging og  kvalitet i alle ledd.<\/p>\n<\/div><\/div>\n\n\n\n<div style=\"height:40px\" aria-hidden=\"true\" class=\"wp-block-spacer\"><\/div>\n\n\n\n<div class=\"wp-block-media-text alignwide has-media-on-the-right is-stacked-on-mobile is-image-fill-element\" style=\"grid-template-columns:auto 27%\"><div class=\"wp-block-media-text__content\">\n<h3 class=\"wp-block-heading has-light-eggplant-color has-text-color has-link-color has-medium-font-size wp-elements-d116202c64ee1d720a63c1ded3a01ec9\" id=\"h-connected-teams\" style=\"text-transform:uppercase\">CONNECTED TEAMS<\/h3>\n\n\n\n<p>For \u00e5 best kunne l\u00f8se komplekse utfordringer samarbeider vi ofte p\u00e5 tvers av fagomr\u00e5der.  I stor grad jobber vi i Norge, men gjennom v\u00e5rt internasjonale nettverk har vi ogs\u00e5 erfaringsutveksling og oppdrag  p\u00e5 tvers av landegrenser.  N\u00e6rt og godt teamarbeid er sterke bidragsytere til at vi n\u00e5r m\u00e5lene i samarbeid med v\u00e5re oppdragsgivere. <\/p>\n<\/div><figure class=\"wp-block-media-text__media\"><img loading=\"lazy\" decoding=\"async\" width=\"826\" height=\"829\" src=\"https:\/\/www.systra.com\/norway\/wp-content\/uploads\/sites\/27\/2024\/07\/consulting_liten.jpg\" alt=\"\" class=\"wp-image-4970 size-full\" style=\"object-position:51% 0%\" srcset=\"https:\/\/www.systra.com\/norway\/wp-content\/uploads\/sites\/27\/2024\/07\/consulting_liten.jpg 826w, https:\/\/www.systra.com\/norway\/wp-content\/uploads\/sites\/27\/2024\/07\/consulting_liten-300x300.jpg 300w, https:\/\/www.systra.com\/norway\/wp-content\/uploads\/sites\/27\/2024\/07\/consulting_liten-150x150.jpg 150w, https:\/\/www.systra.com\/norway\/wp-content\/uploads\/sites\/27\/2024\/07\/consulting_liten-768x771.jpg 768w, https:\/\/www.systra.com\/norway\/wp-content\/uploads\/sites\/27\/2024\/07\/consulting_liten-376x376.jpg 376w, https:\/\/www.systra.com\/norway\/wp-content\/uploads\/sites\/27\/2024\/07\/consulting_liten-474x476.jpg 474w, https:\/\/www.systra.com\/norway\/wp-content\/uploads\/sites\/27\/2024\/07\/consulting_liten-800x803.jpg 800w, https:\/\/www.systra.com\/norway\/wp-content\/uploads\/sites\/27\/2024\/07\/consulting_liten-180x181.jpg 180w, https:\/\/www.systra.com\/norway\/wp-content\/uploads\/sites\/27\/2024\/07\/consulting_liten-153x154.jpg 153w, https:\/\/www.systra.com\/norway\/wp-content\/uploads\/sites\/27\/2024\/07\/consulting_liten-230x231.jpg 230w\" sizes=\"auto, (max-width: 826px) 100vw, 826px\" \/><\/figure><\/div>\n\n\n\n<div style=\"height:40px\" aria-hidden=\"true\" class=\"wp-block-spacer\"><\/div>\n\n\n\n<div class=\"wp-block-media-text alignwide is-stacked-on-mobile is-image-fill-element has-pale-mauve-background-color has-background\" style=\"grid-template-columns:22% auto\"><figure class=\"wp-block-media-text__media\"><img loading=\"lazy\" decoding=\"async\" width=\"804\" height=\"804\" src=\"https:\/\/www.systra.com\/norway\/wp-content\/uploads\/sites\/27\/2024\/09\/kari.jpg\" alt=\"\" class=\"wp-image-37272 size-full\" style=\"object-position:50% 50%\" srcset=\"https:\/\/www.systra.com\/norway\/wp-content\/uploads\/sites\/27\/2024\/09\/kari.jpg 804w, https:\/\/www.systra.com\/norway\/wp-content\/uploads\/sites\/27\/2024\/09\/kari-300x300.jpg 300w, https:\/\/www.systra.com\/norway\/wp-content\/uploads\/sites\/27\/2024\/09\/kari-150x150.jpg 150w, https:\/\/www.systra.com\/norway\/wp-content\/uploads\/sites\/27\/2024\/09\/kari-768x768.jpg 768w, https:\/\/www.systra.com\/norway\/wp-content\/uploads\/sites\/27\/2024\/09\/kari-376x376.jpg 376w, https:\/\/www.systra.com\/norway\/wp-content\/uploads\/sites\/27\/2024\/09\/kari-474x474.jpg 474w, https:\/\/www.systra.com\/norway\/wp-content\/uploads\/sites\/27\/2024\/09\/kari-660x660.jpg 660w, https:\/\/www.systra.com\/norway\/wp-content\/uploads\/sites\/27\/2024\/09\/kari-800x800.jpg 800w, https:\/\/www.systra.com\/norway\/wp-content\/uploads\/sites\/27\/2024\/09\/kari-180x180.jpg 180w, https:\/\/www.systra.com\/norway\/wp-content\/uploads\/sites\/27\/2024\/09\/kari-153x153.jpg 153w, https:\/\/www.systra.com\/norway\/wp-content\/uploads\/sites\/27\/2024\/09\/kari-230x230.jpg 230w\" sizes=\"auto, (max-width: 804px) 100vw, 804px\" \/><\/figure><div class=\"wp-block-media-text__content\">\n<h3 class=\"wp-block-heading has-light-eggplant-color has-text-color has-link-color has-medium-font-size wp-elements-a1284cbc0b13e9a961f9d1ed8f2dc679\" id=\"h-bold-leadership\" style=\"text-transform:uppercase\">BOLD LEADERSHIP<\/h3>\n\n\n\n<p>Det er mennesker som arbeider sammen som avgj\u00f8r om et prosjekt lykkes eller ikke. V\u00e5re konsulenter har lang erfaring med \u00e5 skape og lede gode team i komplekse oppgaver. Modig ledelse dreier seg ogs\u00e5 om \u00e5 ta gode valg og \u00e5 ha h\u00f8y etisk standard.<\/p>\n<\/div><\/div>\n\n\n\n<div style=\"height:100px\" aria-hidden=\"true\" class=\"wp-block-spacer\"><\/div>\n","protected":false},"excerpt":{"rendered":"<p>\u2018vi er et n\u00e6rt og lokalt konsulentselskap med tilgang til internasjonal ekspertise\u2019 V\u00e5RE VerDIER EXCELLENCE For oss er \u2018excellence\u2019 ikke kun et m\u00e5l, men ogs\u00e5 en m\u00e5te \u00e5 jobbe p\u00e5. Vi jobber i stor grad ute hos v\u00e5re oppdragsgivere og sikrer med det det gode relasjoner, tett oppf\u00f8lging og kvalitet i alle ledd. CONNECTED TEAMS [&hellip;]<\/p>\n","protected":false},"author":113,"featured_media":5083,"parent":5127,"menu_order":0,"comment_status":"closed","ping_status":"closed","template":"","meta":{"_acf_changed":false,"_relevanssi_hide_post":"","_relevanssi_hide_content":"","_relevanssi_pin_for_all":"","_relevanssi_pin_keywords":"","_relevanssi_unpin_keywords":"","_relevanssi_related_keywords":"","_relevanssi_related_include_ids":"","_relevanssi_related_exclude_ids":"","_relevanssi_related_no_append":"","_relevanssi_related_not_related":"","_relevanssi_related_posts":"1","_relevanssi_noindex_reason":"","footnotes":""},"class_list":["post-829","page","type-page","status-publish","has-post-thumbnail","hentry"],"acf":[],"yoast_head":"<!-- This site is optimized with the Yoast SEO Premium plugin v27.3 (Yoast SEO v27.3) - https:\/\/yoast.com\/product\/yoast-seo-premium-wordpress\/ -->\n<title>Ambisjoner og verdier - Norway<\/title>\n<meta name=\"description\" content=\"Sammen bidrar vi til et smartere, tryggere og mer b\u00e6rekraftig samfunn.\" \/>\n<meta name=\"robots\" content=\"index, follow, max-snippet:-1, max-image-preview:large, max-video-preview:-1\" \/>\n<meta property=\"og:locale\" content=\"nb_NO\" \/>\n<meta property=\"og:type\" content=\"article\" \/>\n<meta property=\"og:title\" content=\"Ambisjoner og verdier\" \/>\n<meta property=\"og:description\" content=\"Sammen bidrar vi til et smartere, tryggere og mer b\u00e6rekraftig samfunn.\" \/>\n<meta property=\"og:url\" content=\"https:\/\/www.systra.com\/norway\/hvem-er-vi\/ambisjoner-og-verdier\/\" \/>\n<meta property=\"og:site_name\" content=\"Norway\" \/>\n<meta property=\"article:modified_time\" content=\"2026-02-09T12:49:33+00:00\" \/>\n<meta property=\"og:image\" content=\"https:\/\/www.systra.com\/norway\/wp-content\/uploads\/sites\/27\/2024\/09\/mastera_lars-joar-og-kari-scaled.jpg\" \/>\n\t<meta property=\"og:image:width\" content=\"2560\" \/>\n\t<meta property=\"og:image:height\" content=\"1172\" \/>\n\t<meta property=\"og:image:type\" content=\"image\/jpeg\" \/>\n<meta name=\"twitter:card\" content=\"summary_large_image\" \/>\n<meta name=\"twitter:label1\" content=\"Ansl. lesetid\" \/>\n\t<meta name=\"twitter:data1\" content=\"2 minutter\" \/>\n<script type=\"application\/ld+json\" class=\"yoast-schema-graph\">{\"@context\":\"https:\\\/\\\/schema.org\",\"@graph\":[{\"@type\":\"WebPage\",\"@id\":\"https:\\\/\\\/www.systra.com\\\/norway\\\/hvem-er-vi\\\/ambisjoner-og-verdier\\\/\",\"url\":\"https:\\\/\\\/www.systra.com\\\/norway\\\/hvem-er-vi\\\/ambisjoner-og-verdier\\\/\",\"name\":\"Ambisjoner og verdier - Norway\",\"isPartOf\":{\"@id\":\"https:\\\/\\\/www.systra.com\\\/norway\\\/#website\"},\"primaryImageOfPage\":{\"@id\":\"https:\\\/\\\/www.systra.com\\\/norway\\\/hvem-er-vi\\\/ambisjoner-og-verdier\\\/#primaryimage\"},\"image\":{\"@id\":\"https:\\\/\\\/www.systra.com\\\/norway\\\/hvem-er-vi\\\/ambisjoner-og-verdier\\\/#primaryimage\"},\"thumbnailUrl\":\"https:\\\/\\\/www.systra.com\\\/norway\\\/wp-content\\\/uploads\\\/sites\\\/27\\\/2024\\\/09\\\/mastera_lars-joar-og-kari-scaled.jpg\",\"datePublished\":\"2024-09-09T13:24:57+00:00\",\"dateModified\":\"2026-02-09T12:49:33+00:00\",\"description\":\"Sammen bidrar vi til et smartere, tryggere og mer b\u00e6rekraftig samfunn.\",\"breadcrumb\":{\"@id\":\"https:\\\/\\\/www.systra.com\\\/norway\\\/hvem-er-vi\\\/ambisjoner-og-verdier\\\/#breadcrumb\"},\"inLanguage\":\"nb-NO\",\"potentialAction\":[{\"@type\":\"ReadAction\",\"target\":[\"https:\\\/\\\/www.systra.com\\\/norway\\\/hvem-er-vi\\\/ambisjoner-og-verdier\\\/\"]}]},{\"@type\":\"ImageObject\",\"inLanguage\":\"nb-NO\",\"@id\":\"https:\\\/\\\/www.systra.com\\\/norway\\\/hvem-er-vi\\\/ambisjoner-og-verdier\\\/#primaryimage\",\"url\":\"https:\\\/\\\/www.systra.com\\\/norway\\\/wp-content\\\/uploads\\\/sites\\\/27\\\/2024\\\/09\\\/mastera_lars-joar-og-kari-scaled.jpg\",\"contentUrl\":\"https:\\\/\\\/www.systra.com\\\/norway\\\/wp-content\\\/uploads\\\/sites\\\/27\\\/2024\\\/09\\\/mastera_lars-joar-og-kari-scaled.jpg\",\"width\":2560,\"height\":1172},{\"@type\":\"BreadcrumbList\",\"@id\":\"https:\\\/\\\/www.systra.com\\\/norway\\\/hvem-er-vi\\\/ambisjoner-og-verdier\\\/#breadcrumb\",\"itemListElement\":[{\"@type\":\"ListItem\",\"position\":1,\"name\":\"Accueil\",\"item\":\"https:\\\/\\\/www.systra.com\\\/norway\\\/\"},{\"@type\":\"ListItem\",\"position\":2,\"name\":\"Hvem Er Vi\",\"item\":\"https:\\\/\\\/www.systra.com\\\/norway\\\/hvem-er-vi\\\/\"},{\"@type\":\"ListItem\",\"position\":3,\"name\":\"Ambisjoner og verdier\"}]},{\"@type\":\"WebSite\",\"@id\":\"https:\\\/\\\/www.systra.com\\\/norway\\\/#website\",\"url\":\"https:\\\/\\\/www.systra.com\\\/norway\\\/\",\"name\":\"Norway\",\"description\":\"\",\"potentialAction\":[{\"@type\":\"SearchAction\",\"target\":{\"@type\":\"EntryPoint\",\"urlTemplate\":\"https:\\\/\\\/www.systra.com\\\/norway\\\/?s={search_term_string}\"},\"query-input\":{\"@type\":\"PropertyValueSpecification\",\"valueRequired\":true,\"valueName\":\"search_term_string\"}}],\"inLanguage\":\"nb-NO\"}]}<\/script>\n<!-- \/ Yoast SEO Premium plugin. -->","yoast_head_json":{"title":"Ambisjoner og verdier - Norway","description":"Sammen bidrar vi til et smartere, tryggere og mer b\u00e6rekraftig samfunn.","robots":{"index":"index","follow":"follow","max-snippet":"max-snippet:-1","max-image-preview":"max-image-preview:large","max-video-preview":"max-video-preview:-1"},"og_locale":"nb_NO","og_type":"article","og_title":"Ambisjoner og verdier","og_description":"Sammen bidrar vi til et smartere, tryggere og mer b\u00e6rekraftig samfunn.","og_url":"https:\/\/www.systra.com\/norway\/hvem-er-vi\/ambisjoner-og-verdier\/","og_site_name":"Norway","article_modified_time":"2026-02-09T12:49:33+00:00","og_image":[{"width":2560,"height":1172,"url":"https:\/\/www.systra.com\/norway\/wp-content\/uploads\/sites\/27\/2024\/09\/mastera_lars-joar-og-kari-scaled.jpg","type":"image\/jpeg"}],"twitter_card":"summary_large_image","twitter_misc":{"Ansl. lesetid":"2 minutter"},"schema":{"@context":"https:\/\/schema.org","@graph":[{"@type":"WebPage","@id":"https:\/\/www.systra.com\/norway\/hvem-er-vi\/ambisjoner-og-verdier\/","url":"https:\/\/www.systra.com\/norway\/hvem-er-vi\/ambisjoner-og-verdier\/","name":"Ambisjoner og verdier - Norway","isPartOf":{"@id":"https:\/\/www.systra.com\/norway\/#website"},"primaryImageOfPage":{"@id":"https:\/\/www.systra.com\/norway\/hvem-er-vi\/ambisjoner-og-verdier\/#primaryimage"},"image":{"@id":"https:\/\/www.systra.com\/norway\/hvem-er-vi\/ambisjoner-og-verdier\/#primaryimage"},"thumbnailUrl":"https:\/\/www.systra.com\/norway\/wp-content\/uploads\/sites\/27\/2024\/09\/mastera_lars-joar-og-kari-scaled.jpg","datePublished":"2024-09-09T13:24:57+00:00","dateModified":"2026-02-09T12:49:33+00:00","description":"Sammen bidrar vi til et smartere, tryggere og mer b\u00e6rekraftig samfunn.","breadcrumb":{"@id":"https:\/\/www.systra.com\/norway\/hvem-er-vi\/ambisjoner-og-verdier\/#breadcrumb"},"inLanguage":"nb-NO","potentialAction":[{"@type":"ReadAction","target":["https:\/\/www.systra.com\/norway\/hvem-er-vi\/ambisjoner-og-verdier\/"]}]},{"@type":"ImageObject","inLanguage":"nb-NO","@id":"https:\/\/www.systra.com\/norway\/hvem-er-vi\/ambisjoner-og-verdier\/#primaryimage","url":"https:\/\/www.systra.com\/norway\/wp-content\/uploads\/sites\/27\/2024\/09\/mastera_lars-joar-og-kari-scaled.jpg","contentUrl":"https:\/\/www.systra.com\/norway\/wp-content\/uploads\/sites\/27\/2024\/09\/mastera_lars-joar-og-kari-scaled.jpg","width":2560,"height":1172},{"@type":"BreadcrumbList","@id":"https:\/\/www.systra.com\/norway\/hvem-er-vi\/ambisjoner-og-verdier\/#breadcrumb","itemListElement":[{"@type":"ListItem","position":1,"name":"Accueil","item":"https:\/\/www.systra.com\/norway\/"},{"@type":"ListItem","position":2,"name":"Hvem Er Vi","item":"https:\/\/www.systra.com\/norway\/hvem-er-vi\/"},{"@type":"ListItem","position":3,"name":"Ambisjoner og verdier"}]},{"@type":"WebSite","@id":"https:\/\/www.systra.com\/norway\/#website","url":"https:\/\/www.systra.com\/norway\/","name":"Norway","description":"","potentialAction":[{"@type":"SearchAction","target":{"@type":"EntryPoint","urlTemplate":"https:\/\/www.systra.com\/norway\/?s={search_term_string}"},"query-input":{"@type":"PropertyValueSpecification","valueRequired":true,"valueName":"search_term_string"}}],"inLanguage":"nb-NO"}]}},"lang":"nb","translations":{"nb":829},"pll_sync_post":[],"_links":{"self":[{"href":"https:\/\/www.systra.com\/norway\/wp-json\/wp\/v2\/pages\/829","targetHints":{"allow":["GET"]}}],"collection":[{"href":"https:\/\/www.systra.com\/norway\/wp-json\/wp\/v2\/pages"}],"about":[{"href":"https:\/\/www.systra.com\/norway\/wp-json\/wp\/v2\/types\/page"}],"author":[{"embeddable":true,"href":"https:\/\/www.systra.com\/norway\/wp-json\/wp\/v2\/users\/113"}],"replies":[{"embeddable":true,"href":"https:\/\/www.systra.com\/norway\/wp-json\/wp\/v2\/comments?post=829"}],"version-history":[{"count":2,"href":"https:\/\/www.systra.com\/norway\/wp-json\/wp\/v2\/pages\/829\/revisions"}],"predecessor-version":[{"id":70728,"href":"https:\/\/www.systra.com\/norway\/wp-json\/wp\/v2\/pages\/829\/revisions\/70728"}],"up":[{"embeddable":true,"href":"https:\/\/www.systra.com\/norway\/wp-json\/wp\/v2\/pages\/5127"}],"wp:featuredmedia":[{"embeddable":true,"href":"https:\/\/www.systra.com\/norway\/wp-json\/wp\/v2\/media\/5083"}],"wp:attachment":[{"href":"https:\/\/www.systra.com\/norway\/wp-json\/wp\/v2\/media?parent=829"}],"curies":[{"name":"wp","href":"https:\/\/api.w.org\/{rel}","templated":true}]}}