{"id":789,"date":"2024-09-09T15:23:46","date_gmt":"2024-09-09T13:23:46","guid":{"rendered":"https:\/\/www.systra.com\/norway\/?page_id=789"},"modified":"2025-09-24T14:15:11","modified_gmt":"2025-09-24T12:15:11","slug":"om-oss","status":"publish","type":"page","link":"https:\/\/www.systra.com\/norway\/hvem-er-vi\/om-oss\/","title":{"rendered":"Om oss"},"content":{"rendered":"\n<h2 class=\"wp-block-heading has-dusty-blue-color has-text-color has-link-color has-large-font-size wp-elements-a084cc8509a1a81602d67a2f73317a59\" id=\"h-bli-med-oss-a-bidra-til-positiv-endring-i-samfunnet\">bli med oss \u00e5 bidra til positiv endring i samfunnet <\/h2>\n\n\n\n<div style=\"height:40px\" aria-hidden=\"true\" class=\"wp-block-spacer\"><\/div>\n\n\n\n<div class=\"wp-block-columns alignwide is-layout-flex wp-container-core-columns-is-layout-9d6595d7 wp-block-columns-is-layout-flex\">\n<div class=\"wp-block-column is-layout-flow wp-block-column-is-layout-flow\">\n<figure class=\"wp-block-image size-large\"><img loading=\"lazy\" decoding=\"async\" width=\"1024\" height=\"683\" src=\"https:\/\/www.systra.com\/norway\/wp-content\/uploads\/sites\/27\/2025\/06\/87451_atkins_0017-1024x683.jpg\" alt=\"\" class=\"wp-image-37161\" srcset=\"https:\/\/www.systra.com\/norway\/wp-content\/uploads\/sites\/27\/2025\/06\/87451_atkins_0017-1024x683.jpg 1024w, https:\/\/www.systra.com\/norway\/wp-content\/uploads\/sites\/27\/2025\/06\/87451_atkins_0017-300x200.jpg 300w, https:\/\/www.systra.com\/norway\/wp-content\/uploads\/sites\/27\/2025\/06\/87451_atkins_0017-768x512.jpg 768w, https:\/\/www.systra.com\/norway\/wp-content\/uploads\/sites\/27\/2025\/06\/87451_atkins_0017-1536x1024.jpg 1536w, https:\/\/www.systra.com\/norway\/wp-content\/uploads\/sites\/27\/2025\/06\/87451_atkins_0017-2048x1365.jpg 2048w, https:\/\/www.systra.com\/norway\/wp-content\/uploads\/sites\/27\/2025\/06\/87451_atkins_0017-375x250.jpg 375w, https:\/\/www.systra.com\/norway\/wp-content\/uploads\/sites\/27\/2025\/06\/87451_atkins_0017-376x250.jpg 376w, https:\/\/www.systra.com\/norway\/wp-content\/uploads\/sites\/27\/2025\/06\/87451_atkins_0017-474x316.jpg 474w, https:\/\/www.systra.com\/norway\/wp-content\/uploads\/sites\/27\/2025\/06\/87451_atkins_0017-75x50.jpg 75w, https:\/\/www.systra.com\/norway\/wp-content\/uploads\/sites\/27\/2025\/06\/87451_atkins_0017-900x600.jpg 900w, https:\/\/www.systra.com\/norway\/wp-content\/uploads\/sites\/27\/2025\/06\/87451_atkins_0017-1700x1133.jpg 1700w, https:\/\/www.systra.com\/norway\/wp-content\/uploads\/sites\/27\/2025\/06\/87451_atkins_0017-1352x901.jpg 1352w, https:\/\/www.systra.com\/norway\/wp-content\/uploads\/sites\/27\/2025\/06\/87451_atkins_0017-800x533.jpg 800w, https:\/\/www.systra.com\/norway\/wp-content\/uploads\/sites\/27\/2025\/06\/87451_atkins_0017-180x120.jpg 180w, https:\/\/www.systra.com\/norway\/wp-content\/uploads\/sites\/27\/2025\/06\/87451_atkins_0017-153x102.jpg 153w, https:\/\/www.systra.com\/norway\/wp-content\/uploads\/sites\/27\/2025\/06\/87451_atkins_0017-230x153.jpg 230w\" sizes=\"auto, (max-width: 1024px) 100vw, 1024px\" \/><\/figure>\n<\/div>\n\n\n\n<div class=\"wp-block-column is-layout-flow wp-block-column-is-layout-flow\">\n<p>SYSTRA Norge er en del av SYSTRA Group, et av verdens ledende konsulentselskaper. Globalt er vi mer enn 11 000 ansatte. Vi ble etablert i Norge i 1987, og 80 av oss er tilknyttet kontoret p\u00e5 Lysaker utenfor Oslo. <\/p>\n\n\n\n<div style=\"height:20px\" aria-hidden=\"true\" class=\"wp-block-spacer\"><\/div>\n\n\n\n<p class=\"has-light-eggplant-color has-text-color has-link-color has-large-font-size wp-elements-0d09e68fb09742d6aa8ac277b2823a8d\"><strong>Vi er prosjektledere, fageksperter og strategisk partner n\u00e5r viktige beslutninger skal tas.<\/strong><\/p>\n\n\n\n<div style=\"height:60px\" aria-hidden=\"true\" class=\"wp-block-spacer\"><\/div>\n<\/div>\n<\/div>\n\n\n\n<div class=\"wp-block-columns is-layout-flex wp-container-core-columns-is-layout-9d6595d7 wp-block-columns-is-layout-flex\">\n<div class=\"wp-block-column is-layout-flow wp-block-column-is-layout-flow\" style=\"flex-basis:33.33%\">\n<div style=\"height:100px\" aria-hidden=\"true\" class=\"wp-block-spacer\"><\/div>\n<\/div>\n\n\n\n<div class=\"wp-block-column is-layout-flow wp-block-column-is-layout-flow\" style=\"flex-basis:33.33%\"><\/div>\n\n\n\n<div class=\"wp-block-column is-layout-flow wp-block-column-is-layout-flow\" style=\"flex-basis:33.33%\"><\/div>\n<\/div>\n\n\n\n<div class=\"wp-block-media-text alignwide is-stacked-on-mobile is-vertically-aligned-center is-image-fill-element is-style-offer-without-rail has-pale-mauve-background-color has-background\" style=\"grid-template-columns:57% auto\"><figure class=\"wp-block-media-text__media\"><img loading=\"lazy\" decoding=\"async\" width=\"1024\" height=\"854\" src=\"https:\/\/www.systra.com\/norway\/wp-content\/uploads\/sites\/27\/2024\/03\/andreas-og-janrune_systranorge_fotocbknap-1024x854.jpg\" alt=\"\" class=\"wp-image-663 size-full\" style=\"object-position:41% 15%\" srcset=\"https:\/\/www.systra.com\/norway\/wp-content\/uploads\/sites\/27\/2024\/03\/andreas-og-janrune_systranorge_fotocbknap-1024x854.jpg 1024w, https:\/\/www.systra.com\/norway\/wp-content\/uploads\/sites\/27\/2024\/03\/andreas-og-janrune_systranorge_fotocbknap-300x250.jpg 300w, https:\/\/www.systra.com\/norway\/wp-content\/uploads\/sites\/27\/2024\/03\/andreas-og-janrune_systranorge_fotocbknap-768x641.jpg 768w, https:\/\/www.systra.com\/norway\/wp-content\/uploads\/sites\/27\/2024\/03\/andreas-og-janrune_systranorge_fotocbknap-1536x1281.jpg 1536w, https:\/\/www.systra.com\/norway\/wp-content\/uploads\/sites\/27\/2024\/03\/andreas-og-janrune_systranorge_fotocbknap-2048x1708.jpg 2048w, https:\/\/www.systra.com\/norway\/wp-content\/uploads\/sites\/27\/2024\/03\/andreas-og-janrune_systranorge_fotocbknap-474x395.jpg 474w, https:\/\/www.systra.com\/norway\/wp-content\/uploads\/sites\/27\/2024\/03\/andreas-og-janrune_systranorge_fotocbknap-1700x1418.jpg 1700w, https:\/\/www.systra.com\/norway\/wp-content\/uploads\/sites\/27\/2024\/03\/andreas-og-janrune_systranorge_fotocbknap-1352x1128.jpg 1352w, https:\/\/www.systra.com\/norway\/wp-content\/uploads\/sites\/27\/2024\/03\/andreas-og-janrune_systranorge_fotocbknap-800x667.jpg 800w, https:\/\/www.systra.com\/norway\/wp-content\/uploads\/sites\/27\/2024\/03\/andreas-og-janrune_systranorge_fotocbknap-180x150.jpg 180w, https:\/\/www.systra.com\/norway\/wp-content\/uploads\/sites\/27\/2024\/03\/andreas-og-janrune_systranorge_fotocbknap-153x128.jpg 153w, https:\/\/www.systra.com\/norway\/wp-content\/uploads\/sites\/27\/2024\/03\/andreas-og-janrune_systranorge_fotocbknap-230x192.jpg 230w\" sizes=\"auto, (max-width: 1024px) 100vw, 1024px\" \/><\/figure><div class=\"wp-block-media-text__content\">\n<div style=\"height:20px\" aria-hidden=\"true\" class=\"wp-block-spacer\"><\/div>\n\n\n\n<h2 class=\"wp-block-heading has-dusty-blue-color has-text-color has-link-color has-large-font-size wp-elements-2a79d85a95d347a7eeae80219e882f99\" id=\"h-hva-vi-gjor\" style=\"text-transform:uppercase\">hva vi gj\u00f8r <\/h2>\n\n\n\n<p>Vi er prosjektledere og r\u00e5dgivere som hjelper v\u00e5re oppdragsgivere med \u00e5 lykkes i store prosjekter. Sammen jobber vi for et bedre samfunn for alle.<br><br><strong>V\u00e5re forretningsomr\u00e5der:<\/strong><\/p>\n\n\n\n<div class=\"wp-block-buttons is-layout-flex wp-block-buttons-is-layout-flex\">\n<div class=\"wp-block-button has-custom-width wp-block-button__width-100 is-style-offer-button\"><a class=\"wp-block-button__link has-medium-font-size has-text-align-left has-custom-font-size wp-element-button\" href=\"https:\/\/www.systra.com\/norway\/markets\/consulting\/\">Consulting <\/a><\/div>\n\n\n\n<div class=\"wp-block-button has-custom-width wp-block-button__width-100 is-style-offer-button\"><a class=\"wp-block-button__link has-medium-font-size has-custom-font-size wp-element-button\" href=\"https:\/\/www.systra.com\/norway\/markets\/rail-consulting\/\">Rail &amp; Transit consulting<\/a><\/div>\n\n\n\n<div class=\"wp-block-button has-custom-width wp-block-button__width-100 is-style-offer-button\"><a class=\"wp-block-button__link has-medium-font-size has-custom-font-size wp-element-button\" href=\"https:\/\/www.systra.com\/norway\/markets\/design-and-build\/\">Design &amp; Build\/prosjektering<\/a><\/div>\n<\/div>\n\n\n\n<p>Det er stor interesse for v\u00e5re tjenester og vi \u00f8nsker \u00e5 utvide teamet med flere fagdyktige og hyggelige folk. Enten du er en erfaren konsulent, eller helt ny til konsulentbransjen, s\u00e5 ta en kikk p\u00e5 v\u00e5re utlyste stillinger. Vi har mange spennende oppdrag!<\/p>\n\n\n\n<div class=\"wp-block-buttons is-layout-flex wp-block-buttons-is-layout-flex\">\n<div class=\"wp-block-button is-style-fill\"><a class=\"wp-block-button__link has-medium-font-size has-custom-font-size wp-element-button\" href=\"https:\/\/www.systra.com\/norway\/jobb-hos-oss\/jobbtilbud\/?country=norway_nb&amp;pa=1\" style=\"border-radius:0px\">LEDIGE STILLINGER<\/a><\/div>\n<\/div>\n\n\n\n<div style=\"height:20px\" aria-hidden=\"true\" class=\"wp-block-spacer\"><\/div>\n<\/div><\/div>\n\n\n\n<div style=\"height:100px\" aria-hidden=\"true\" class=\"wp-block-spacer\"><\/div>\n\n\n\n<div class=\"wp-block-group alignwide who-pattern-content-feed\"><div class=\"wp-block-group__inner-container is-layout-constrained wp-block-group-is-layout-constrained\">\n<div class=\"wp-block-columns is-layout-flex wp-container-core-columns-is-layout-9d6595d7 wp-block-columns-is-layout-flex\">\n<div class=\"wp-block-column is-layout-flow wp-block-column-is-layout-flow\">\n    <div class=\"who-block-content-feed\">\n        \n\t\t<div class=\"tile tile--page \">\n\t\t<figure class=\"tile__thumbnail\">\n\t\t\t<img loading=\"lazy\" decoding=\"async\" width=\"1024\" height=\"469\" src=\"https:\/\/www.systra.com\/norway\/wp-content\/uploads\/sites\/27\/2024\/09\/mastera_lars-joar-og-kari-1024x469.jpg\" class=\"attachment-large size-large wp-post-image\" alt=\"\" \/>\n\t\t\t<figcaption class=\"tile__content\">\n\t\t\t\t\t\t\t\t<h3 class=\"tile__title\" style=\"color:#fff !important\">Ambisjoner og verdier<\/h3>\n\n\t\t\t\t<a class=\"tile__link\" href=\"https:\/\/www.systra.com\/norway\/hvem-er-vi\/ambisjoner-og-verdier\/\">\n\t\t\t\t\tRead more\t\t\t\t\t<span class=\"screen-reader-text\"> sur Ambisjoner og verdier<\/span>\n\t\t\t\t<\/a>\n\t\t\t<\/figcaption>\n\t\t<\/figure>\n\t<\/div>\n    <\/div>\n<\/div>\n\n\n\n<div class=\"wp-block-column is-layout-flow wp-block-column-is-layout-flow\">\n    <div class=\"who-block-content-feed\">\n        \n\t\t<div class=\"tile tile--page \">\n\t\t<figure class=\"tile__thumbnail\">\n\t\t\t<img loading=\"lazy\" decoding=\"async\" width=\"1024\" height=\"434\" src=\"https:\/\/www.systra.com\/norway\/wp-content\/uploads\/sites\/27\/2024\/04\/prekestolen_fotocbknap-1024x434.jpg\" class=\"attachment-large size-large wp-post-image\" alt=\"\" \/>\n\t\t\t<figcaption class=\"tile__content\">\n\t\t\t\t\t\t\t\t<h3 class=\"tile__title\" style=\"color:#fff !important\">B\u00e6rekraft<\/h3>\n\n\t\t\t\t<a class=\"tile__link\" href=\"https:\/\/www.systra.com\/norway\/hvem-er-vi\/baerekraft\/\">\n\t\t\t\t\tRead more\t\t\t\t\t<span class=\"screen-reader-text\"> sur B\u00e6rekraft<\/span>\n\t\t\t\t<\/a>\n\t\t\t<\/figcaption>\n\t\t<\/figure>\n\t<\/div>\n    <\/div>\n<\/div>\n\n\n\n<div class=\"wp-block-column is-layout-flow wp-block-column-is-layout-flow\">\n    <div class=\"who-block-content-feed\">\n        \n\t\t<div class=\"tile tile--page \">\n\t\t<figure class=\"tile__thumbnail\">\n\t\t\t<img loading=\"lazy\" decoding=\"async\" width=\"1024\" height=\"552\" src=\"https:\/\/www.systra.com\/norway\/wp-content\/uploads\/sites\/27\/2025\/11\/87451_atkins_1227-kopi-1024x552.jpg\" class=\"attachment-large size-large wp-post-image\" alt=\"\" \/>\n\t\t\t<figcaption class=\"tile__content\">\n\t\t\t\t\t\t\t\t<h3 class=\"tile__title\" style=\"color:#fff !important\">Hvordan er det \u00e5 jobbe i SYSTRA Norge?<\/h3>\n\n\t\t\t\t<a class=\"tile__link\" href=\"https:\/\/www.systra.com\/norway\/jobb-hos-oss\/vil-du-ha-en-jobb-med-mening\/\">\n\t\t\t\t\tRead more\t\t\t\t\t<span class=\"screen-reader-text\"> sur Hvordan er det \u00e5 jobbe i SYSTRA Norge?<\/span>\n\t\t\t\t<\/a>\n\t\t\t<\/figcaption>\n\t\t<\/figure>\n\t<\/div>\n    <\/div>\n<\/div>\n<\/div>\n<\/div><\/div>\n\n\n\n<div style=\"height:100px\" aria-hidden=\"true\" class=\"wp-block-spacer\"><\/div>\n\n\n\n<div class=\"wp-block-media-text alignwide is-stacked-on-mobile is-vertically-aligned-center is-image-fill-element is-style-offer-without-rail has-pale-mauve-background-color has-background\" style=\"grid-template-columns:45% auto\"><figure class=\"wp-block-media-text__media\"><img loading=\"lazy\" decoding=\"async\" width=\"657\" height=\"387\" src=\"https:\/\/www.systra.com\/norway\/wp-content\/uploads\/sites\/27\/2024\/03\/andreas-og-marita.png\" alt=\"\" class=\"wp-image-128 size-full\" style=\"object-position:81% 50%\" srcset=\"https:\/\/www.systra.com\/norway\/wp-content\/uploads\/sites\/27\/2024\/03\/andreas-og-marita.png 657w, https:\/\/www.systra.com\/norway\/wp-content\/uploads\/sites\/27\/2024\/03\/andreas-og-marita-300x177.png 300w, https:\/\/www.systra.com\/norway\/wp-content\/uploads\/sites\/27\/2024\/03\/andreas-og-marita-474x279.png 474w, https:\/\/www.systra.com\/norway\/wp-content\/uploads\/sites\/27\/2024\/03\/andreas-og-marita-180x106.png 180w, https:\/\/www.systra.com\/norway\/wp-content\/uploads\/sites\/27\/2024\/03\/andreas-og-marita-153x90.png 153w, https:\/\/www.systra.com\/norway\/wp-content\/uploads\/sites\/27\/2024\/03\/andreas-og-marita-230x135.png 230w\" sizes=\"auto, (max-width: 657px) 100vw, 657px\" \/><\/figure><div class=\"wp-block-media-text__content\">\n<div style=\"height:20px\" aria-hidden=\"true\" class=\"wp-block-spacer\"><\/div>\n\n\n\n<h3 class=\"wp-block-heading has-noir-color has-text-color has-link-color wp-elements-3d3b232cb964e825fa5fd5d21f8055b0\" id=\"h-vi-vil-gjerne-mote-deg\">VI VIL GJERNE m\u00f8te deg<\/h3>\n\n\n\n<p>S\u00e5 ta kontakt for en uformell og hyggelig samtale.<\/p>\n\n\n\n<div class=\"wp-block-buttons is-layout-flex wp-block-buttons-is-layout-flex\">\n<div class=\"wp-block-button is-style-fill\"><a class=\"wp-block-button__link has-medium-font-size has-custom-font-size wp-element-button\" href=\"https:\/\/www.systra.com\/norway\/kontakt\/\" style=\"border-radius:0px\">kontakt oss her<\/a><\/div>\n<\/div>\n\n\n\n<div style=\"height:20px\" aria-hidden=\"true\" class=\"wp-block-spacer\"><\/div>\n<\/div><\/div>\n\n\n\n<p><\/p>\n","protected":false},"excerpt":{"rendered":"<p>bli med oss \u00e5 bidra til positiv endring i samfunnet SYSTRA Norge er en del av SYSTRA Group, et av verdens ledende konsulentselskaper. Globalt er vi mer enn 11 000 ansatte. Vi ble etablert i Norge i 1987, og 80 av oss er tilknyttet kontoret p\u00e5 Lysaker utenfor Oslo. Vi er prosjektledere, fageksperter og strategisk [&hellip;]<\/p>\n","protected":false},"author":113,"featured_media":25338,"parent":5127,"menu_order":0,"comment_status":"closed","ping_status":"closed","template":"","meta":{"_acf_changed":false,"_relevanssi_hide_post":"","_relevanssi_hide_content":"","_relevanssi_pin_for_all":"","_relevanssi_pin_keywords":"","_relevanssi_unpin_keywords":"","_relevanssi_related_keywords":"","_relevanssi_related_include_ids":"","_relevanssi_related_exclude_ids":"","_relevanssi_related_no_append":"","_relevanssi_related_not_related":"","_relevanssi_related_posts":"1","_relevanssi_noindex_reason":"","footnotes":""},"class_list":["post-789","page","type-page","status-publish","has-post-thumbnail","hentry"],"acf":[],"yoast_head":"<!-- This site is optimized with the Yoast SEO Premium plugin v27.3 (Yoast SEO v27.3) - https:\/\/yoast.com\/product\/yoast-seo-premium-wordpress\/ -->\n<title>Om oss - Norway<\/title>\n<meta name=\"description\" content=\"SYSTRA Norge er en del av SYSTRA Group, et av verdens ledende konsulentselskaper. Globalt er vi mer enn 11 000 ansatte. Vi ble etablert i Norge i 1987, og 80 av oss er tilknyttet kontoret p\u00e5 Lysaker utenfor Oslo. I SYSTRA Norge jobber vi med oppdrag innenfor: Consulting (prosjektledelse og r\u00e5dgivning) og Rail consulting (jernbaneteknisk r\u00e5dgivning).\" \/>\n<meta name=\"robots\" content=\"index, follow, max-snippet:-1, max-image-preview:large, max-video-preview:-1\" \/>\n<meta property=\"og:locale\" content=\"nb_NO\" \/>\n<meta property=\"og:type\" content=\"article\" \/>\n<meta property=\"og:title\" content=\"Om oss\" \/>\n<meta property=\"og:description\" content=\"SYSTRA Norge er en del av SYSTRA Group, et av verdens ledende konsulentselskaper. Globalt er vi mer enn 11 000 ansatte. Vi ble etablert i Norge i 1987, og 80 av oss er tilknyttet kontoret p\u00e5 Lysaker utenfor Oslo. I SYSTRA Norge jobber vi med oppdrag innenfor: Consulting (prosjektledelse og r\u00e5dgivning) og Rail consulting (jernbaneteknisk r\u00e5dgivning).\" \/>\n<meta property=\"og:url\" content=\"https:\/\/www.systra.com\/norway\/hvem-er-vi\/om-oss\/\" \/>\n<meta property=\"og:site_name\" content=\"Norway\" \/>\n<meta property=\"article:modified_time\" content=\"2025-09-24T12:15:11+00:00\" \/>\n<meta property=\"og:image\" content=\"https:\/\/www.systra.com\/norway\/wp-content\/uploads\/sites\/27\/2025\/03\/vidar-nordli-mathisen-jhptz8bzbta-unsplash-scaled.jpg\" \/>\n\t<meta property=\"og:image:width\" content=\"2560\" \/>\n\t<meta property=\"og:image:height\" content=\"1801\" \/>\n\t<meta property=\"og:image:type\" content=\"image\/jpeg\" \/>\n<meta name=\"twitter:card\" content=\"summary_large_image\" \/>\n<meta name=\"twitter:label1\" content=\"Ansl. lesetid\" \/>\n\t<meta name=\"twitter:data1\" content=\"2 minutter\" \/>\n<script type=\"application\/ld+json\" class=\"yoast-schema-graph\">{\"@context\":\"https:\\\/\\\/schema.org\",\"@graph\":[{\"@type\":\"WebPage\",\"@id\":\"https:\\\/\\\/www.systra.com\\\/norway\\\/hvem-er-vi\\\/om-oss\\\/\",\"url\":\"https:\\\/\\\/www.systra.com\\\/norway\\\/hvem-er-vi\\\/om-oss\\\/\",\"name\":\"Om oss - Norway\",\"isPartOf\":{\"@id\":\"https:\\\/\\\/www.systra.com\\\/norway\\\/#website\"},\"primaryImageOfPage\":{\"@id\":\"https:\\\/\\\/www.systra.com\\\/norway\\\/hvem-er-vi\\\/om-oss\\\/#primaryimage\"},\"image\":{\"@id\":\"https:\\\/\\\/www.systra.com\\\/norway\\\/hvem-er-vi\\\/om-oss\\\/#primaryimage\"},\"thumbnailUrl\":\"https:\\\/\\\/www.systra.com\\\/norway\\\/wp-content\\\/uploads\\\/sites\\\/27\\\/2025\\\/03\\\/vidar-nordli-mathisen-jhptz8bzbta-unsplash-scaled.jpg\",\"datePublished\":\"2024-09-09T13:23:46+00:00\",\"dateModified\":\"2025-09-24T12:15:11+00:00\",\"description\":\"SYSTRA Norge er en del av SYSTRA Group, et av verdens ledende konsulentselskaper. Globalt er vi mer enn 11 000 ansatte. Vi ble etablert i Norge i 1987, og 80 av oss er tilknyttet kontoret p\u00e5 Lysaker utenfor Oslo. I SYSTRA Norge jobber vi med oppdrag innenfor: Consulting (prosjektledelse og r\u00e5dgivning) og Rail consulting (jernbaneteknisk r\u00e5dgivning).\",\"breadcrumb\":{\"@id\":\"https:\\\/\\\/www.systra.com\\\/norway\\\/hvem-er-vi\\\/om-oss\\\/#breadcrumb\"},\"inLanguage\":\"nb-NO\",\"potentialAction\":[{\"@type\":\"ReadAction\",\"target\":[\"https:\\\/\\\/www.systra.com\\\/norway\\\/hvem-er-vi\\\/om-oss\\\/\"]}]},{\"@type\":\"ImageObject\",\"inLanguage\":\"nb-NO\",\"@id\":\"https:\\\/\\\/www.systra.com\\\/norway\\\/hvem-er-vi\\\/om-oss\\\/#primaryimage\",\"url\":\"https:\\\/\\\/www.systra.com\\\/norway\\\/wp-content\\\/uploads\\\/sites\\\/27\\\/2025\\\/03\\\/vidar-nordli-mathisen-jhptz8bzbta-unsplash-scaled.jpg\",\"contentUrl\":\"https:\\\/\\\/www.systra.com\\\/norway\\\/wp-content\\\/uploads\\\/sites\\\/27\\\/2025\\\/03\\\/vidar-nordli-mathisen-jhptz8bzbta-unsplash-scaled.jpg\",\"width\":2560,\"height\":1801},{\"@type\":\"BreadcrumbList\",\"@id\":\"https:\\\/\\\/www.systra.com\\\/norway\\\/hvem-er-vi\\\/om-oss\\\/#breadcrumb\",\"itemListElement\":[{\"@type\":\"ListItem\",\"position\":1,\"name\":\"Accueil\",\"item\":\"https:\\\/\\\/www.systra.com\\\/norway\\\/\"},{\"@type\":\"ListItem\",\"position\":2,\"name\":\"Hvem Er Vi\",\"item\":\"https:\\\/\\\/www.systra.com\\\/norway\\\/hvem-er-vi\\\/\"},{\"@type\":\"ListItem\",\"position\":3,\"name\":\"Om oss\"}]},{\"@type\":\"WebSite\",\"@id\":\"https:\\\/\\\/www.systra.com\\\/norway\\\/#website\",\"url\":\"https:\\\/\\\/www.systra.com\\\/norway\\\/\",\"name\":\"Norway\",\"description\":\"\",\"potentialAction\":[{\"@type\":\"SearchAction\",\"target\":{\"@type\":\"EntryPoint\",\"urlTemplate\":\"https:\\\/\\\/www.systra.com\\\/norway\\\/?s={search_term_string}\"},\"query-input\":{\"@type\":\"PropertyValueSpecification\",\"valueRequired\":true,\"valueName\":\"search_term_string\"}}],\"inLanguage\":\"nb-NO\"}]}<\/script>\n<!-- \/ Yoast SEO Premium plugin. -->","yoast_head_json":{"title":"Om oss - Norway","description":"SYSTRA Norge er en del av SYSTRA Group, et av verdens ledende konsulentselskaper. Globalt er vi mer enn 11 000 ansatte. Vi ble etablert i Norge i 1987, og 80 av oss er tilknyttet kontoret p\u00e5 Lysaker utenfor Oslo. I SYSTRA Norge jobber vi med oppdrag innenfor: Consulting (prosjektledelse og r\u00e5dgivning) og Rail consulting (jernbaneteknisk r\u00e5dgivning).","robots":{"index":"index","follow":"follow","max-snippet":"max-snippet:-1","max-image-preview":"max-image-preview:large","max-video-preview":"max-video-preview:-1"},"og_locale":"nb_NO","og_type":"article","og_title":"Om oss","og_description":"SYSTRA Norge er en del av SYSTRA Group, et av verdens ledende konsulentselskaper. Globalt er vi mer enn 11 000 ansatte. Vi ble etablert i Norge i 1987, og 80 av oss er tilknyttet kontoret p\u00e5 Lysaker utenfor Oslo. I SYSTRA Norge jobber vi med oppdrag innenfor: Consulting (prosjektledelse og r\u00e5dgivning) og Rail consulting (jernbaneteknisk r\u00e5dgivning).","og_url":"https:\/\/www.systra.com\/norway\/hvem-er-vi\/om-oss\/","og_site_name":"Norway","article_modified_time":"2025-09-24T12:15:11+00:00","og_image":[{"width":2560,"height":1801,"url":"https:\/\/www.systra.com\/norway\/wp-content\/uploads\/sites\/27\/2025\/03\/vidar-nordli-mathisen-jhptz8bzbta-unsplash-scaled.jpg","type":"image\/jpeg"}],"twitter_card":"summary_large_image","twitter_misc":{"Ansl. lesetid":"2 minutter"},"schema":{"@context":"https:\/\/schema.org","@graph":[{"@type":"WebPage","@id":"https:\/\/www.systra.com\/norway\/hvem-er-vi\/om-oss\/","url":"https:\/\/www.systra.com\/norway\/hvem-er-vi\/om-oss\/","name":"Om oss - Norway","isPartOf":{"@id":"https:\/\/www.systra.com\/norway\/#website"},"primaryImageOfPage":{"@id":"https:\/\/www.systra.com\/norway\/hvem-er-vi\/om-oss\/#primaryimage"},"image":{"@id":"https:\/\/www.systra.com\/norway\/hvem-er-vi\/om-oss\/#primaryimage"},"thumbnailUrl":"https:\/\/www.systra.com\/norway\/wp-content\/uploads\/sites\/27\/2025\/03\/vidar-nordli-mathisen-jhptz8bzbta-unsplash-scaled.jpg","datePublished":"2024-09-09T13:23:46+00:00","dateModified":"2025-09-24T12:15:11+00:00","description":"SYSTRA Norge er en del av SYSTRA Group, et av verdens ledende konsulentselskaper. Globalt er vi mer enn 11 000 ansatte. Vi ble etablert i Norge i 1987, og 80 av oss er tilknyttet kontoret p\u00e5 Lysaker utenfor Oslo. I SYSTRA Norge jobber vi med oppdrag innenfor: Consulting (prosjektledelse og r\u00e5dgivning) og Rail consulting (jernbaneteknisk r\u00e5dgivning).","breadcrumb":{"@id":"https:\/\/www.systra.com\/norway\/hvem-er-vi\/om-oss\/#breadcrumb"},"inLanguage":"nb-NO","potentialAction":[{"@type":"ReadAction","target":["https:\/\/www.systra.com\/norway\/hvem-er-vi\/om-oss\/"]}]},{"@type":"ImageObject","inLanguage":"nb-NO","@id":"https:\/\/www.systra.com\/norway\/hvem-er-vi\/om-oss\/#primaryimage","url":"https:\/\/www.systra.com\/norway\/wp-content\/uploads\/sites\/27\/2025\/03\/vidar-nordli-mathisen-jhptz8bzbta-unsplash-scaled.jpg","contentUrl":"https:\/\/www.systra.com\/norway\/wp-content\/uploads\/sites\/27\/2025\/03\/vidar-nordli-mathisen-jhptz8bzbta-unsplash-scaled.jpg","width":2560,"height":1801},{"@type":"BreadcrumbList","@id":"https:\/\/www.systra.com\/norway\/hvem-er-vi\/om-oss\/#breadcrumb","itemListElement":[{"@type":"ListItem","position":1,"name":"Accueil","item":"https:\/\/www.systra.com\/norway\/"},{"@type":"ListItem","position":2,"name":"Hvem Er Vi","item":"https:\/\/www.systra.com\/norway\/hvem-er-vi\/"},{"@type":"ListItem","position":3,"name":"Om oss"}]},{"@type":"WebSite","@id":"https:\/\/www.systra.com\/norway\/#website","url":"https:\/\/www.systra.com\/norway\/","name":"Norway","description":"","potentialAction":[{"@type":"SearchAction","target":{"@type":"EntryPoint","urlTemplate":"https:\/\/www.systra.com\/norway\/?s={search_term_string}"},"query-input":{"@type":"PropertyValueSpecification","valueRequired":true,"valueName":"search_term_string"}}],"inLanguage":"nb-NO"}]}},"lang":"nb","translations":{"nb":789},"pll_sync_post":[],"_links":{"self":[{"href":"https:\/\/www.systra.com\/norway\/wp-json\/wp\/v2\/pages\/789","targetHints":{"allow":["GET"]}}],"collection":[{"href":"https:\/\/www.systra.com\/norway\/wp-json\/wp\/v2\/pages"}],"about":[{"href":"https:\/\/www.systra.com\/norway\/wp-json\/wp\/v2\/types\/page"}],"author":[{"embeddable":true,"href":"https:\/\/www.systra.com\/norway\/wp-json\/wp\/v2\/users\/113"}],"replies":[{"embeddable":true,"href":"https:\/\/www.systra.com\/norway\/wp-json\/wp\/v2\/comments?post=789"}],"version-history":[{"count":2,"href":"https:\/\/www.systra.com\/norway\/wp-json\/wp\/v2\/pages\/789\/revisions"}],"predecessor-version":[{"id":50027,"href":"https:\/\/www.systra.com\/norway\/wp-json\/wp\/v2\/pages\/789\/revisions\/50027"}],"up":[{"embeddable":true,"href":"https:\/\/www.systra.com\/norway\/wp-json\/wp\/v2\/pages\/5127"}],"wp:featuredmedia":[{"embeddable":true,"href":"https:\/\/www.systra.com\/norway\/wp-json\/wp\/v2\/media\/25338"}],"wp:attachment":[{"href":"https:\/\/www.systra.com\/norway\/wp-json\/wp\/v2\/media?parent=789"}],"curies":[{"name":"wp","href":"https:\/\/api.w.org\/{rel}","templated":true}]}}