{"id":428,"date":"2024-03-15T11:18:11","date_gmt":"2024-03-15T10:18:11","guid":{"rendered":"https:\/\/www.systra.com\/norway\/?page_id=428"},"modified":"2024-06-10T15:57:06","modified_gmt":"2024-06-10T13:57:06","slug":"informasjon-om-personopplysninger","status":"publish","type":"page","link":"https:\/\/www.systra.com\/norway\/informasjon-om-personopplysninger\/","title":{"rendered":"Informasjon om personopplysninger"},"content":{"rendered":"\n<p>Respektfull overfor enkeltpersoners rettigheter og personvern, forplikter SYSTRA seg til \u00e5 behandle dine personopplysninger med omhu, i samsvar med gjeldende regler, spesielt den generelle personvernforordningen (GDPR) vedtatt av Den europeiske union.&nbsp;<br>Nedenfor finner du informasjon om behandlingen utf\u00f8rt av SYSTRA gjennom sitt nettsted <a href=\"http:\/\/www.systra.com\/\" target=\"_blank\" rel=\"noreferrer noopener\">www.systra.com<\/a> og rettighetene du har med hensyn til dine personopplysninger.&nbsp;<\/p>\n\n\n\n<div style=\"height:78px\" aria-hidden=\"true\" class=\"wp-block-spacer\"><\/div>\n\n\n\n<h3 class=\"wp-block-heading\" id=\"h-hva-brukes-dine-personopplysninger-til\">HVA BRUKES DINE PERSONOPPLYSNINGER TIL?<\/h3>\n\n\n\n<div style=\"height:20px\" aria-hidden=\"true\" class=\"wp-block-spacer\"><\/div>\n\n\n\n<div style=\"height:20px\" aria-hidden=\"true\" class=\"wp-block-spacer\"><\/div>\n\n\n\n<p>&nbsp;Dine personopplysninger behandles av SYSTRA for \u00e5:&nbsp;<\/p>\n\n\n\n<ol class=\"wp-block-list\">\n<li>La deg kontakte SYSTRA (kontaktskjema eller medieplass)&nbsp;<\/li>\n\n\n\n<li>Forbedre navigasjonen p\u00e5 <a href=\"http:\/\/www.systra.com\/\" target=\"_blank\" rel=\"noreferrer noopener\">www.systra.com<\/a> ved \u00e5 bruke \u00ab informasjonskapsler \u00bb<\/li>\n<\/ol>\n\n\n\n<p>Informasjon om behandlingen av dine personopplysninger som er n\u00f8dvendig for \u00e5 s\u00f8ke jobb hos SYSTRA er tilgjengelig p\u00e5 nettsiden: <a href=\"https:\/\/jobs.systra.com\/\" target=\"_blank\" rel=\"noreferrer noopener\">https:\/\/jobs.systra.com\/<\/a>&nbsp;<\/p>\n\n\n\n<div style=\"height:78px\" aria-hidden=\"true\" class=\"wp-block-spacer\"><\/div>\n\n\n\n<h3 class=\"wp-block-heading\" id=\"h-hvem-behandler-dine-personopplysninger-nbsp\">HVEM BEHANDLER DINE PERSONOPPLYSNINGER?&nbsp;<\/h3>\n\n\n\n<div style=\"height:20px\" aria-hidden=\"true\" class=\"wp-block-spacer\"><\/div>\n\n\n\n<div style=\"height:20px\" aria-hidden=\"true\" class=\"wp-block-spacer\"><\/div>\n\n\n\n<p>Dine data behandles av SYSTRA, som behandlingsansvarlig. Dataene hostes av Data Campus.&nbsp;<\/p>\n\n\n\n<div style=\"height:78px\" aria-hidden=\"true\" class=\"wp-block-spacer\"><\/div>\n\n\n\n<h3 class=\"wp-block-heading\" id=\"h-hvilke-kategorier-av-data-behandles-nbsp\">HVILKE KATEGORIER AV DATA BEHANDLES?&nbsp;<\/h3>\n\n\n\n<div style=\"height:20px\" aria-hidden=\"true\" class=\"wp-block-spacer\"><\/div>\n\n\n\n<div style=\"height:20px\" aria-hidden=\"true\" class=\"wp-block-spacer\"><\/div>\n\n\n\n<ul class=\"wp-block-list\">\n<li>Vedr\u00f8rende kontaktskjemaet\/media space (mediaplassen): navn, fornavn, telefonnummer, e-postadresse, stilling, selskap eller medieorganisasjon, meldingsemne og innhold.&nbsp;<\/li>\n\n\n\n<li>Informasjonskapsler :&nbsp;\n<ul class=\"wp-block-list\">\n<li><strong>Navn:<\/strong> pll_language&nbsp;<br><strong>Funksjon:<\/strong> Spr\u00e5kvalgsh\u00e5ndtering.<br><strong>Lengde:<\/strong> 1 \u00e5r&nbsp;<\/li>\n\n\n\n<li><strong>Navn:<\/strong> wordpress_test_cookie&nbsp;<br><strong>Funksjon:<\/strong> Test om nettleseren godkjenner informasjonskapsler eller ikke.&nbsp;<br><strong>Lengde:<\/strong> Session&nbsp;<\/li>\n<\/ul>\n<\/li>\n<\/ul>\n\n\n\n<div style=\"height:78px\" aria-hidden=\"true\" class=\"wp-block-spacer\"><\/div>\n\n\n\n<h3 class=\"wp-block-heading\" id=\"h-pa-hvilket-juridisk-grunnlag\">P\u00c5 HVILKET JURIDISK GRUNNLAG?<\/h3>\n\n\n\n<div style=\"height:20px\" aria-hidden=\"true\" class=\"wp-block-spacer\"><\/div>\n\n\n\n<div style=\"height:20px\" aria-hidden=\"true\" class=\"wp-block-spacer\"><\/div>\n\n\n\n<p>Bruken av informasjonskapsler og datainnsamling knyttet til kontaktskjemaet og medieplassen er basert p\u00e5 ditt samtykke.&nbsp;<\/p>\n\n\n\n<div style=\"height:78px\" aria-hidden=\"true\" class=\"wp-block-spacer\"><\/div>\n\n\n\n<h3 class=\"wp-block-heading\" id=\"h-hvem-er-mottakerne-av-dine-data-nbsp\">HVEM ER MOTTAKERNE AV DINE DATA?&nbsp;<\/h3>\n\n\n\n<div style=\"height:20px\" aria-hidden=\"true\" class=\"wp-block-spacer\"><\/div>\n\n\n\n<div style=\"height:19px\" aria-hidden=\"true\" class=\"wp-block-spacer\"><\/div>\n\n\n\n<p>Kommunikasjonsavdelingen og IT-avdelingen til SYSTRA kan f\u00e5 tilgang til dataene dine. Innholdet i meldingen du sender gjennom kontaktskjemaet vil bli overf\u00f8rt til den relevante avdelingen. Siden en slik avdeling kan befinne seg utenfor Den europeiske unionens territorium, vil ditt samtykke til en slik overf\u00f8ring bli forespurt.&nbsp;<br>Dine data vil ikke bli overf\u00f8rt eller f\u00e5tt tilgang til utenfor SYSTRA-gruppen, bortsett fra Data Campus (vertsselskap) og i tilfelle foresp\u00f8rsel fra en offentlig eller rettslig myndighet.&nbsp;<\/p>\n\n\n\n<div style=\"height:78px\" aria-hidden=\"true\" class=\"wp-block-spacer\"><\/div>\n\n\n\n<h3 class=\"wp-block-heading\" id=\"h-hvor-lenge-lagres-dine-personopplysninger-nbsp\">HVOR LENGE LAGRES DINE PERSONOPPLYSNINGER?&nbsp;<\/h3>\n\n\n\n<div style=\"height:20px\" aria-hidden=\"true\" class=\"wp-block-spacer\"><\/div>\n\n\n\n<div style=\"height:20px\" aria-hidden=\"true\" class=\"wp-block-spacer\"><\/div>\n\n\n\n<p>SYSTRA lagrer dataene dine bare for den tiden som er n\u00f8dvendig for \u00e5 oppn\u00e5 form\u00e5lene de behandles for, og for den tiden som er fastsatt av gjeldende lovmessige krav. Varigheten av lagringen av informasjonskapsler er nevnt i punkt 3 ovenfor. Dataene knyttet til kontaktskjemaet\/medieplassen lagres i 3 \u00e5r fra siste kontakt med den ber\u00f8rte personen.&nbsp;<\/p>\n\n\n\n<div style=\"height:78px\" aria-hidden=\"true\" class=\"wp-block-spacer\"><\/div>\n\n\n\n<h3 class=\"wp-block-heading\" id=\"h-hvor-lagres-dine-data-nbsp\">HVOR LAGRES DINE DATA?&nbsp;<\/h3>\n\n\n\n<div style=\"height:20px\" aria-hidden=\"true\" class=\"wp-block-spacer\"><\/div>\n\n\n\n<div style=\"height:20px\" aria-hidden=\"true\" class=\"wp-block-spacer\"><\/div>\n\n\n\n<p>Dine data lagres i Frankrike, av Data Campus, et vertsselskap.&nbsp;<\/p>\n\n\n\n<div style=\"height:78px\" aria-hidden=\"true\" class=\"wp-block-spacer\"><\/div>\n\n\n\n<h3 class=\"wp-block-heading\" id=\"h-hva-er-dine-forpliktelser-angaende-dine-data\">HVA ER DINE FORPLIKTELSER ANG\u00c5ENDE DINE DATA?<\/h3>\n\n\n\n<div style=\"height:20px\" aria-hidden=\"true\" class=\"wp-block-spacer\"><\/div>\n\n\n\n<div style=\"height:20px\" aria-hidden=\"true\" class=\"wp-block-spacer\"><\/div>\n\n\n\n<p>SYSTRA forplikter seg til \u00e5 bare samle inn personopplysninger som er n\u00f8dvendige og proporsjonale med form\u00e5lene nevnt i punkt 1 ovenfor. For \u00e5 sikre beskyttelsen av dataene dine, bruker SYSTRA tekniske og organisatoriske tiltak for \u00e5 garantere sikkerheten og fortroligheten til dine personopplysninger. SYSTRA har utnevnt en databeskyttelsesansvarlig (DPO) for \u00e5 overv\u00e5ke gjennomf\u00f8ringen av disse tiltakene. Data behandles p\u00e5 en gjennomsiktig m\u00e5te av SYSTRA og er registrert i SYSTRAs register over behandlingsaktiviteter.&nbsp;<br>For \u00e5 konsultere dette registeret, eller for sp\u00f8rsm\u00e5l ang\u00e5ende dine personopplysninger, vennligst kontakt SYSTRAs DPO: personaldata@systra.com.&nbsp;<\/p>\n\n\n\n<div style=\"height:78px\" aria-hidden=\"true\" class=\"wp-block-spacer\"><\/div>\n\n\n\n<h3 class=\"wp-block-heading\" id=\"h-hva-er-dine-rettigheter-angaende-dine-personopplysninger-nbsp\">HVA ER DINE RETTIGHETER ANG\u00c5ENDE DINE PERSONOPPLYSNINGER?&nbsp;<\/h3>\n\n\n\n<div style=\"height:20px\" aria-hidden=\"true\" class=\"wp-block-spacer\"><\/div>\n\n\n\n<div style=\"height:20px\" aria-hidden=\"true\" class=\"wp-block-spacer\"><\/div>\n\n\n\n<p>Du har rett til \u00e5 f\u00e5 tilgang til dine personopplysninger og til \u00e5 rette opp opplysninger som er un\u00f8yaktige. I de tilfellene som er fastsatt ved lov, har du ogs\u00e5 rett til sletting, retten til dataportabilitet, retten til \u00e5 protestere og retten til begrensning av behandling. Siden behandlingen av data knyttet til kontaktskjema\/medieplass og informasjonskapsler er basert p\u00e5 ditt samtykke, kan du velge \u00e5 trekke tilbake ditt samtykke n\u00e5r som helst.\u00a0<br>For mer informasjon eller for \u00e5 ut\u00f8ve dine rettigheter, vennligst kontakt SYSTRAs DPO: personaldata@systra.com.\u00a0<br>Du har ogs\u00e5 rett til \u00e5 klage til den kompetente tilsynsmyndigheten (se <a href=\"https:\/\/edpb.europa.eu\/about-edpb\/board\/members_en).\" target=\"_blank\" rel=\"noreferrer noopener\">https:\/\/edpb.europa.eu\/about-edpb\/board\/members_en).<\/a>\u00a0<br>\u00a0<br><strong>Dine personverninnstillinger :\u00a0<\/strong><\/p>\n\n\n\n","protected":false},"excerpt":{"rendered":"<p>Respektfull overfor enkeltpersoners rettigheter og personvern, forplikter SYSTRA seg til \u00e5 behandle dine personopplysninger med omhu, i samsvar med gjeldende regler, spesielt den generelle personvernforordningen (GDPR) vedtatt av Den europeiske union.&nbsp;Nedenfor finner du informasjon om behandlingen utf\u00f8rt av SYSTRA gjennom sitt nettsted www.systra.com og rettighetene du har med hensyn til dine personopplysninger.&nbsp; HVA BRUKES DINE [&hellip;]<\/p>\n","protected":false},"author":113,"featured_media":440,"parent":0,"menu_order":0,"comment_status":"closed","ping_status":"closed","template":"","meta":{"_acf_changed":false,"_relevanssi_hide_post":"","_relevanssi_hide_content":"","_relevanssi_pin_for_all":"","_relevanssi_pin_keywords":"","_relevanssi_unpin_keywords":"","_relevanssi_related_keywords":"","_relevanssi_related_include_ids":"","_relevanssi_related_exclude_ids":"","_relevanssi_related_no_append":"","_relevanssi_related_not_related":"","_relevanssi_related_posts":"1","_relevanssi_noindex_reason":"","footnotes":""},"class_list":["post-428","page","type-page","status-publish","has-post-thumbnail","hentry"],"acf":[],"yoast_head":"<!-- This site is optimized with the Yoast SEO Premium plugin v27.3 (Yoast SEO v27.3) - https:\/\/yoast.com\/product\/yoast-seo-premium-wordpress\/ -->\n<title>Informasjon om personopplysninger - Norway<\/title>\n<meta name=\"robots\" content=\"index, follow, max-snippet:-1, max-image-preview:large, max-video-preview:-1\" \/>\n<meta property=\"og:locale\" content=\"nb_NO\" \/>\n<meta property=\"og:type\" content=\"article\" \/>\n<meta property=\"og:title\" content=\"Informasjon om personopplysninger\" \/>\n<meta property=\"og:description\" content=\"Respektfull overfor enkeltpersoners rettigheter og personvern, forplikter SYSTRA seg til \u00e5 behandle dine personopplysninger med omhu, i samsvar med gjeldende regler, spesielt den generelle personvernforordningen (GDPR) vedtatt av Den europeiske union.&nbsp;Nedenfor finner du informasjon om behandlingen utf\u00f8rt av SYSTRA gjennom sitt nettsted www.systra.com og rettighetene du har med hensyn til dine personopplysninger.&nbsp; HVA BRUKES DINE [&hellip;]\" \/>\n<meta property=\"og:url\" content=\"https:\/\/www.systra.com\/norway\/informasjon-om-personopplysninger\/\" \/>\n<meta property=\"og:site_name\" content=\"Norway\" \/>\n<meta property=\"article:modified_time\" content=\"2024-06-10T13:57:06+00:00\" \/>\n<meta property=\"og:image\" content=\"https:\/\/www.systra.com\/norway\/wp-content\/uploads\/sites\/27\/2024\/03\/personvernopplsyninger-heading-scaled.jpg\" \/>\n\t<meta property=\"og:image:width\" content=\"2560\" \/>\n\t<meta property=\"og:image:height\" content=\"912\" \/>\n\t<meta property=\"og:image:type\" content=\"image\/jpeg\" \/>\n<meta name=\"twitter:card\" content=\"summary_large_image\" \/>\n<meta name=\"twitter:label1\" content=\"Ansl. lesetid\" \/>\n\t<meta name=\"twitter:data1\" content=\"4 minutter\" \/>\n<script type=\"application\/ld+json\" class=\"yoast-schema-graph\">{\"@context\":\"https:\\\/\\\/schema.org\",\"@graph\":[{\"@type\":\"WebPage\",\"@id\":\"https:\\\/\\\/www.systra.com\\\/norway\\\/informasjon-om-personopplysninger\\\/\",\"url\":\"https:\\\/\\\/www.systra.com\\\/norway\\\/informasjon-om-personopplysninger\\\/\",\"name\":\"Informasjon om personopplysninger - Norway\",\"isPartOf\":{\"@id\":\"https:\\\/\\\/www.systra.com\\\/norway\\\/#website\"},\"primaryImageOfPage\":{\"@id\":\"https:\\\/\\\/www.systra.com\\\/norway\\\/informasjon-om-personopplysninger\\\/#primaryimage\"},\"image\":{\"@id\":\"https:\\\/\\\/www.systra.com\\\/norway\\\/informasjon-om-personopplysninger\\\/#primaryimage\"},\"thumbnailUrl\":\"https:\\\/\\\/www.systra.com\\\/norway\\\/wp-content\\\/uploads\\\/sites\\\/27\\\/2024\\\/03\\\/personvernopplsyninger-heading-scaled.jpg\",\"datePublished\":\"2024-03-15T10:18:11+00:00\",\"dateModified\":\"2024-06-10T13:57:06+00:00\",\"breadcrumb\":{\"@id\":\"https:\\\/\\\/www.systra.com\\\/norway\\\/informasjon-om-personopplysninger\\\/#breadcrumb\"},\"inLanguage\":\"nb-NO\",\"potentialAction\":[{\"@type\":\"ReadAction\",\"target\":[\"https:\\\/\\\/www.systra.com\\\/norway\\\/informasjon-om-personopplysninger\\\/\"]}]},{\"@type\":\"ImageObject\",\"inLanguage\":\"nb-NO\",\"@id\":\"https:\\\/\\\/www.systra.com\\\/norway\\\/informasjon-om-personopplysninger\\\/#primaryimage\",\"url\":\"https:\\\/\\\/www.systra.com\\\/norway\\\/wp-content\\\/uploads\\\/sites\\\/27\\\/2024\\\/03\\\/personvernopplsyninger-heading-scaled.jpg\",\"contentUrl\":\"https:\\\/\\\/www.systra.com\\\/norway\\\/wp-content\\\/uploads\\\/sites\\\/27\\\/2024\\\/03\\\/personvernopplsyninger-heading-scaled.jpg\",\"width\":2560,\"height\":912},{\"@type\":\"BreadcrumbList\",\"@id\":\"https:\\\/\\\/www.systra.com\\\/norway\\\/informasjon-om-personopplysninger\\\/#breadcrumb\",\"itemListElement\":[{\"@type\":\"ListItem\",\"position\":1,\"name\":\"Accueil\",\"item\":\"https:\\\/\\\/www.systra.com\\\/norway\\\/\"},{\"@type\":\"ListItem\",\"position\":2,\"name\":\"Informasjon om personopplysninger\"}]},{\"@type\":\"WebSite\",\"@id\":\"https:\\\/\\\/www.systra.com\\\/norway\\\/#website\",\"url\":\"https:\\\/\\\/www.systra.com\\\/norway\\\/\",\"name\":\"Norway\",\"description\":\"\",\"potentialAction\":[{\"@type\":\"SearchAction\",\"target\":{\"@type\":\"EntryPoint\",\"urlTemplate\":\"https:\\\/\\\/www.systra.com\\\/norway\\\/?s={search_term_string}\"},\"query-input\":{\"@type\":\"PropertyValueSpecification\",\"valueRequired\":true,\"valueName\":\"search_term_string\"}}],\"inLanguage\":\"nb-NO\"}]}<\/script>\n<!-- \/ Yoast SEO Premium plugin. -->","yoast_head_json":{"title":"Informasjon om personopplysninger - Norway","robots":{"index":"index","follow":"follow","max-snippet":"max-snippet:-1","max-image-preview":"max-image-preview:large","max-video-preview":"max-video-preview:-1"},"og_locale":"nb_NO","og_type":"article","og_title":"Informasjon om personopplysninger","og_description":"Respektfull overfor enkeltpersoners rettigheter og personvern, forplikter SYSTRA seg til \u00e5 behandle dine personopplysninger med omhu, i samsvar med gjeldende regler, spesielt den generelle personvernforordningen (GDPR) vedtatt av Den europeiske union.&nbsp;Nedenfor finner du informasjon om behandlingen utf\u00f8rt av SYSTRA gjennom sitt nettsted www.systra.com og rettighetene du har med hensyn til dine personopplysninger.&nbsp; HVA BRUKES DINE [&hellip;]","og_url":"https:\/\/www.systra.com\/norway\/informasjon-om-personopplysninger\/","og_site_name":"Norway","article_modified_time":"2024-06-10T13:57:06+00:00","og_image":[{"width":2560,"height":912,"url":"https:\/\/www.systra.com\/norway\/wp-content\/uploads\/sites\/27\/2024\/03\/personvernopplsyninger-heading-scaled.jpg","type":"image\/jpeg"}],"twitter_card":"summary_large_image","twitter_misc":{"Ansl. lesetid":"4 minutter"},"schema":{"@context":"https:\/\/schema.org","@graph":[{"@type":"WebPage","@id":"https:\/\/www.systra.com\/norway\/informasjon-om-personopplysninger\/","url":"https:\/\/www.systra.com\/norway\/informasjon-om-personopplysninger\/","name":"Informasjon om personopplysninger - Norway","isPartOf":{"@id":"https:\/\/www.systra.com\/norway\/#website"},"primaryImageOfPage":{"@id":"https:\/\/www.systra.com\/norway\/informasjon-om-personopplysninger\/#primaryimage"},"image":{"@id":"https:\/\/www.systra.com\/norway\/informasjon-om-personopplysninger\/#primaryimage"},"thumbnailUrl":"https:\/\/www.systra.com\/norway\/wp-content\/uploads\/sites\/27\/2024\/03\/personvernopplsyninger-heading-scaled.jpg","datePublished":"2024-03-15T10:18:11+00:00","dateModified":"2024-06-10T13:57:06+00:00","breadcrumb":{"@id":"https:\/\/www.systra.com\/norway\/informasjon-om-personopplysninger\/#breadcrumb"},"inLanguage":"nb-NO","potentialAction":[{"@type":"ReadAction","target":["https:\/\/www.systra.com\/norway\/informasjon-om-personopplysninger\/"]}]},{"@type":"ImageObject","inLanguage":"nb-NO","@id":"https:\/\/www.systra.com\/norway\/informasjon-om-personopplysninger\/#primaryimage","url":"https:\/\/www.systra.com\/norway\/wp-content\/uploads\/sites\/27\/2024\/03\/personvernopplsyninger-heading-scaled.jpg","contentUrl":"https:\/\/www.systra.com\/norway\/wp-content\/uploads\/sites\/27\/2024\/03\/personvernopplsyninger-heading-scaled.jpg","width":2560,"height":912},{"@type":"BreadcrumbList","@id":"https:\/\/www.systra.com\/norway\/informasjon-om-personopplysninger\/#breadcrumb","itemListElement":[{"@type":"ListItem","position":1,"name":"Accueil","item":"https:\/\/www.systra.com\/norway\/"},{"@type":"ListItem","position":2,"name":"Informasjon om personopplysninger"}]},{"@type":"WebSite","@id":"https:\/\/www.systra.com\/norway\/#website","url":"https:\/\/www.systra.com\/norway\/","name":"Norway","description":"","potentialAction":[{"@type":"SearchAction","target":{"@type":"EntryPoint","urlTemplate":"https:\/\/www.systra.com\/norway\/?s={search_term_string}"},"query-input":{"@type":"PropertyValueSpecification","valueRequired":true,"valueName":"search_term_string"}}],"inLanguage":"nb-NO"}]}},"lang":"nb","translations":{"nb":428},"pll_sync_post":[],"_links":{"self":[{"href":"https:\/\/www.systra.com\/norway\/wp-json\/wp\/v2\/pages\/428","targetHints":{"allow":["GET"]}}],"collection":[{"href":"https:\/\/www.systra.com\/norway\/wp-json\/wp\/v2\/pages"}],"about":[{"href":"https:\/\/www.systra.com\/norway\/wp-json\/wp\/v2\/types\/page"}],"author":[{"embeddable":true,"href":"https:\/\/www.systra.com\/norway\/wp-json\/wp\/v2\/users\/113"}],"replies":[{"embeddable":true,"href":"https:\/\/www.systra.com\/norway\/wp-json\/wp\/v2\/comments?post=428"}],"version-history":[{"count":16,"href":"https:\/\/www.systra.com\/norway\/wp-json\/wp\/v2\/pages\/428\/revisions"}],"predecessor-version":[{"id":3570,"href":"https:\/\/www.systra.com\/norway\/wp-json\/wp\/v2\/pages\/428\/revisions\/3570"}],"wp:featuredmedia":[{"embeddable":true,"href":"https:\/\/www.systra.com\/norway\/wp-json\/wp\/v2\/media\/440"}],"wp:attachment":[{"href":"https:\/\/www.systra.com\/norway\/wp-json\/wp\/v2\/media?parent=428"}],"curies":[{"name":"wp","href":"https:\/\/api.w.org\/{rel}","templated":true}]}}