{"id":25652,"date":"2025-03-28T14:52:48","date_gmt":"2025-03-28T13:52:48","guid":{"rendered":"https:\/\/www.systra.com\/norway\/?page_id=25652"},"modified":"2025-03-28T14:52:48","modified_gmt":"2025-03-28T13:52:48","slug":"digital-accessibility-policy","status":"publish","type":"page","link":"https:\/\/www.systra.com\/norway\/digital-accessibility-policy\/","title":{"rendered":"Digital accessibility policy"},"content":{"rendered":"\n<p>The SYSTRA Group wishes to offer an optimised online experience for as many people as possible, including people with disabilities. As part of this approach, SYSTRA is committed to making its websites accessible in accordance with article 47 of law n\u00b02005-102 of 11 February 2005.<\/p>\n\n\n\n<div style=\"height:10px\" aria-hidden=\"true\" class=\"wp-block-spacer\"><\/div>\n\n\n\n<p>To this end, the SYSTRA Group has implemented a progressive compliance strategy, with an initial evaluation audit (August 2023) aimed at identifying accessibility problems encountered on a representative sample of the site and prioritising the resolution of these problems. This first audit was followed by several batches of corrections, after which a compliance audit was produced.<\/p>\n\n\n\n<div style=\"height:10px\" aria-hidden=\"true\" class=\"wp-block-spacer\"><\/div>\n\n\n\n<p>This accessibility statement applies to the network&#8217;s websites based on the WordPress theme used by the systra.com website.<\/p>\n\n\n\n<div style=\"height:40px\" aria-hidden=\"true\" class=\"wp-block-spacer\"><\/div>\n\n\n\n<h2 class=\"wp-block-heading\" id=\"h-compliance-status\">Compliance status<\/h2>\n\n\n\n<div style=\"height:40px\" aria-hidden=\"true\" class=\"wp-block-spacer\"><\/div>\n\n\n\n<p>The SYSTRA Group&#8217;s network of websites is partially compliant with the criteria of the <a href=\"https:\/\/www.numerique.gouv.fr\/publications\/rgaa-accessibilite\/methode-rgaa\/criteres\/#contenu\">R\u00e9f\u00e9rentiel G\u00e9n\u00e9ral d\u2019Am\u00e9lioration de l\u2019Accessibilit\u00e9 (RGAA) version 4.1<\/a>.<\/p>\n\n\n\n<p>The SYSTRA Group aims to gradually bring its websites into compliance through a continuous improvement process.<\/p>\n\n\n\n<div style=\"height:40px\" aria-hidden=\"true\" class=\"wp-block-spacer\"><\/div>\n\n\n\n<h3 class=\"wp-block-heading\" id=\"h-test-results\">Test results<\/h3>\n\n\n\n<div style=\"height:40px\" aria-hidden=\"true\" class=\"wp-block-spacer\"><\/div>\n\n\n\n<p>The evaluation audit carried out in August 2023 revealed that 41% of the RGAA criteria were initially met.<\/p>\n\n\n\n<div style=\"height:1em\" aria-hidden=\"true\" class=\"wp-block-spacer\"><\/div>\n\n\n\n<p class=\"has-griplusclair-background-color has-background\"><strong>After implementing several batches of corrections, the site&#8217;s RGAA compliance rate was increased to 61% in February 2025.<\/strong><\/p>\n\n\n\n<div style=\"height:1em\" aria-hidden=\"true\" class=\"wp-block-spacer\"><\/div>\n\n\n\n<p><a href=\"https:\/\/ara.numerique.gouv.fr\/rapport\/oCIyYvXPQlVqsGB_A9Pfs\">The results of the audit can be consulted on the ara.numerique.gouv.fr platform.<\/a><\/p>\n\n\n\n<div style=\"height:40px\" aria-hidden=\"true\" class=\"wp-block-spacer\"><\/div>\n\n\n\n<h3 class=\"wp-block-heading\" id=\"h-preparation-of-this-declaration-of-accessibility\">Preparation of this declaration of accessibility<\/h3>\n\n\n\n<div style=\"height:40px\" aria-hidden=\"true\" class=\"wp-block-spacer\"><\/div>\n\n\n\n<p>This declaration was drawn up on 2 January 2024 by Jean-Baptiste Audras, Technical Director and Quality Manager of the Whodunit agency. It was updated on 19 February 2025.<br><\/p>\n\n\n\n<div style=\"height:40px\" aria-hidden=\"true\" class=\"wp-block-spacer\"><\/div>\n\n\n\n<h3 class=\"wp-block-heading\" id=\"h-non-conformity-instances-identified\">non-conformity instances identified<\/h3>\n\n\n\n<div style=\"height:40px\" aria-hidden=\"true\" class=\"wp-block-spacer\"><\/div>\n\n\n\n\n<ul class=\"wp-block-list classic\">\n<li>Some images do not have a relevant text alternative<\/li>\n\n\n\n<li>The source code generated is not valid depending on the type of HTML document<\/li>\n\n\n\n<li>The main content area is not identified using the <code>&lt;main&gt;<\/code><br>element <\/li>\n\n\n\n<li>The information is not sufficiently comprehensible if style sheets are deactivated<\/li>\n\n\n\n<li>Keyboard navigation in the \u2018What do we do\u2019 menu is complex<\/li>\n\n\n\n<li>Not all downloadable office documents are accessible<\/li>\n\n\n\n<li>The SYSTRA presentation video contains text elements integrated into the video but no subtitles corresponding to these text elements<\/li>\n\n\n\n<li>Some language changes are not indicated<\/li>\n\n\n\n<li>Some title levels are not correct<\/li>\n\n\n\n<li>Quotations are not always correctly marked<\/li>\n\n\n\n<li>Text is not always legible when zoomed to 200<\/li>\n\n\n\n<li>Hidden content is not always ignored by assistive technologies<\/li>\n\n\n\n<li>Some links are not explicit<\/li>\n<\/ul>\n\n\n\n\n<div style=\"height:40px\" aria-hidden=\"true\" class=\"wp-block-spacer\"><\/div>\n\n\n\n<h3 class=\"wp-block-heading\" id=\"h-exemptions-for-disproportionate-load\">Exemptions for disproportionate load<\/h3>\n\n\n\n<div style=\"height:40px\" aria-hidden=\"true\" class=\"wp-block-spacer\"><\/div>\n\n\n\n<p>Not applicable.<\/p>\n\n\n\n<div style=\"height:40px\" aria-hidden=\"true\" class=\"wp-block-spacer\"><\/div>\n\n\n\n<h3 class=\"wp-block-heading\" id=\"h-technologies-used-on-the-site\">Technologies used on the site<\/h3>\n\n\n\n<div style=\"height:40px\" aria-hidden=\"true\" class=\"wp-block-spacer\"><\/div>\n\n\n\n<p>WordPress, HTML, CSS, Javascript, jQuery, Matomo.<\/p>\n\n\n\n<div style=\"height:40px\" aria-hidden=\"true\" class=\"wp-block-spacer\"><\/div>\n\n\n\n<h3 class=\"wp-block-heading\" id=\"h-user-agents-assistive-technologies-and-tools-used-to-check-accessibility\">User agents, assistive technologies and tools used to check accessibility<\/h3>\n\n\n\n<div style=\"height:40px\" aria-hidden=\"true\" class=\"wp-block-spacer\"><\/div>\n\n\n\n<p>Content rendition checks were carried out using the following configurations:<\/p>\n\n\n\n\n<ul class=\"wp-block-list classic\">\n<li>Chrome and Firefox with NVDA ;<\/li>\n\n\n\n<li>Safari with VoiceOver ;<\/li>\n<\/ul>\n\n\n\n\n<div style=\"height:10px\" aria-hidden=\"true\" class=\"wp-block-spacer\"><\/div>\n\n\n\n<p>The following code verification tools were used to check compliance with the RGAA tests:<\/p>\n\n\n\n\n<ul class=\"wp-block-list classic\">\n<li>Colour Contrast Analyser ;<\/li>\n\n\n\n<li>\u00ab Web Developer \u00bb Extension ;<\/li>\n\n\n\n<li>\u00ab Assistant RGAA \u00bb Extension ;<\/li>\n\n\n\n<li>WCAG Contrast checker \u00bb Extension ;<\/li>\n\n\n\n<li>\u00ab ARC Toolkit \u00bb Extension ;<\/li>\n\n\n\n<li>\u00ab HeadingsMap \u00bb Extension ;<\/li>\n\n\n\n<li>Development tools integrated into the Firefox browser ;<\/li>\n\n\n\n<li>W3C HTML validator.<\/li>\n<\/ul>\n\n\n\n\n<div style=\"height:40px\" aria-hidden=\"true\" class=\"wp-block-spacer\"><\/div>\n\n\n\n<h3 class=\"wp-block-heading\" id=\"h-pages-of-the-site-checked-for-compliance\">Pages of the site checked for compliance<\/h3>\n\n\n\n<div style=\"height:40px\" aria-hidden=\"true\" class=\"wp-block-spacer\"><\/div>\n\n\n\n<ul class=\"wp-block-list\">\n<li><a href=\"https:\/\/www.systra.com\/en\/\">Home page<\/a><\/li>\n\n\n\n<li><a href=\"https:\/\/www.systra.com\/en\/our-vision\/ambition-values\/\">Ambition<\/a><\/li>\n\n\n\n<li><a href=\"https:\/\/www.systra.com\/en\/our-vision\/\">Hub Vision page<\/a><\/li>\n\n\n\n<li><a href=\"https:\/\/www.systra.com\/en\/commitments\/\">Commitment<\/a><\/li>\n\n\n\n<li><a href=\"https:\/\/www.systra.com\/en\/careers\/why-systra\/\">Careers page<\/a><\/li>\n\n\n\n<li><a href=\"https:\/\/www.systra.com\/en\/markets\/metro\/\">Market page<\/a><\/li>\n\n\n\n<li><a href=\"https:\/\/www.systra.com\/en\/group\/our-projects\/\">Hub projects page<\/a><\/li>\n\n\n\n<li><a href=\"https:\/\/www.systra.com\/en\/project\/bordeaux-tramway-network-france\/\">Project only<\/a><\/li>\n\n\n\n<li><a href=\"https:\/\/www.systra.com\/en\/news\/systra-publishes-its-sustainability-report-2022\/\">News only<\/a><\/li>\n\n\n\n<li><a href=\"https:\/\/www.systra.com\/en\/expert_insights\/driving-energy-transition-a-systemic-approach-for-mobility\/\">Expert view only<\/a><\/li>\n\n\n\n<li><a href=\"https:\/\/www.systra.com\/en\/newsroom-2\/news\/\">News list page<\/a><\/li>\n\n\n\n<li><a href=\"https:\/\/www.systra.com\/en\/newsroom-2\/publications\/\">Publications list page<\/a><\/li>\n\n\n\n<li><a href=\"https:\/\/www.systra.com\/en\/newsroom-2\/media-library\/\">Press relations page<\/a><\/li>\n\n\n\n<li><a href=\"https:\/\/www.systra.com\/en\/experts-insights\/\">Expert&#8217;s insights view list page<\/a><\/li>\n\n\n\n<li><a href=\"https:\/\/www.systra.com\/en\/contact-2\/\">Page with contact form<\/a><\/li>\n\n\n\n<li><a href=\"https:\/\/www.systra.com\/en\/?s=Systra\">Search results page<\/a><\/li>\n\n\n\n<li><a href=\"https:\/\/www.systra.com\/en\/join-us\/\">List of job offers page<\/a><\/li>\n\n\n\n<li><a href=\"https:\/\/www.systra.com\/en\/job-offers\/ecologue-fauniste-h-f-lyon-marseille-en-3488\/\">Job offer page only<\/a><\/li>\n\n\n\n<li><a href=\"https:\/\/www.systra.com\/en\/?page_id=24187532\">Accessibility declaration page (current page)<\/a><\/li>\n<\/ul>\n\n\n\n<div style=\"height:40px\" aria-hidden=\"true\" class=\"wp-block-spacer\"><\/div>\n\n\n\n<h2 class=\"wp-block-heading\" id=\"h-multi-year-compliance-plan\">Multi-year compliance plan<\/h2>\n\n\n\n<div style=\"height:40px\" aria-hidden=\"true\" class=\"wp-block-spacer\"><\/div>\n\n\n\n<p>As part of its multi-annual accessibility plan for the period 2023-2025, the SYSTRA Group has implemented or will implement the following strategy and actions:<\/p>\n\n\n\n<ul class=\"wp-block-list\">\n<li>2023 :\n<ul class=\"wp-block-list\">\n<li>Compliance audit of the systra.com website (carried out in August 2023)<\/li>\n\n\n\n<li>Prioritisation of corrections to non-compliance issues (carried out in November 2023)<\/li>\n\n\n\n<li>Drafting of a provisional declaration of conformity (completed in December 2023)<\/li>\n<\/ul>\n<\/li>\n\n\n\n<li>2024 :\n<ul class=\"wp-block-list\">\n<li>Publication of a provisional statement of compliance<\/li>\n\n\n\n<li>Correction of non-conformity issues identified according to the level of priority defined during the audit (currently being planned)<\/li>\n\n\n\n<li>Re-audit of compliance<\/li>\n<\/ul>\n<\/li>\n\n\n\n<li>2025 : \n<ul class=\"wp-block-list\">\n<li>Publication of the results of the compliance audit<\/li>\n\n\n\n<li>Planning of the remaining corrections and a new compliance audit<\/li>\n<\/ul>\n<\/li>\n<\/ul>\n\n\n\n<div style=\"height:40px\" aria-hidden=\"true\" class=\"wp-block-spacer\"><\/div>\n\n\n\n<h2 class=\"wp-block-heading\" id=\"h-feedback-and-contact\">Feedback and contact<\/h2>\n\n\n\n<div style=\"height:40px\" aria-hidden=\"true\" class=\"wp-block-spacer\"><\/div>\n\n\n\n<p>If you are unable to access content or a service, you can contact the website manager to be directed to an accessible alternative or to obtain the content in another form.<\/p>\n\n\n\n<div style=\"height:40px\" aria-hidden=\"true\" class=\"wp-block-spacer\"><\/div>\n\n\n\n<div class=\"wp-block-columns is-layout-flex wp-container-core-columns-is-layout-9d6595d7 wp-block-columns-is-layout-flex\">\n<div class=\"wp-block-column is-layout-flow wp-block-column-is-layout-flow\" style=\"flex-basis:70%\"><\/div>\n\n\n\n<div class=\"wp-block-column is-layout-flow wp-block-column-is-layout-flow\" style=\"flex-basis:30%\"><\/div>\n<\/div>\n\n\n\n<h3 class=\"wp-block-heading\" id=\"h-remedies\">Remedies<\/h3>\n\n\n\n<div style=\"height:40px\" aria-hidden=\"true\" class=\"wp-block-spacer\"><\/div>\n\n\n\n<p>This procedure should be used in the following case: you have notified the website manager of a lack of accessibility that is preventing you from accessing content or one of the portal&#8217;s services and you have not received a satisfactory response.<\/p>\n\n\n\n\n<ul class=\"wp-block-list classic\">\n<li>Write a message to the \u2018D\u00e9fenseur des droits\u2019 via their<a href=\"https:\/\/formulaire.defenseurdesdroits.fr\/formulaire_saisine\/?locale=en_GB\" target=\"_blank\" rel=\"noreferrer noopener\"> contact form<\/a><\/li>\n\n\n\n<li>Contact the<a href=\"https:\/\/www.defenseurdesdroits.fr\/defender-rights-311\" target=\"_blank\" rel=\"noreferrer noopener\"> \u2018D\u00e9fenseur des droits\u2019 delegate in your region<\/a>&nbsp;<\/li>\n\n\n\n<li>Send a letter by post (free of charge, do not use a stamp):<br>D\u00e9fenseur des droits<br>Free reply 71120<br>75342 Paris CEDEX 07<\/li>\n\n\n\n<li>Contact the \u2018D\u00e9fenseur des droits\u2019 by telephone: 09 69 39 00 00<\/li>\n<\/ul>\n\n","protected":false},"excerpt":{"rendered":"<p>The SYSTRA Group wishes to offer an optimised online experience for as many people as possible, including people with disabilities. As part of this approach, SYSTRA is committed to making its websites accessible in accordance with article 47 of law n\u00b02005-102 of 11 February 2005. To this end, the SYSTRA Group has implemented a progressive [&hellip;]<\/p>\n","protected":false},"author":6,"featured_media":23352,"parent":0,"menu_order":0,"comment_status":"closed","ping_status":"closed","template":"","meta":{"_acf_changed":false,"_relevanssi_hide_post":"","_relevanssi_hide_content":"","_relevanssi_pin_for_all":"","_relevanssi_pin_keywords":"","_relevanssi_unpin_keywords":"","_relevanssi_related_keywords":"","_relevanssi_related_include_ids":"","_relevanssi_related_exclude_ids":"","_relevanssi_related_no_append":"","_relevanssi_related_not_related":"","_relevanssi_related_posts":"4191,4783,4149,1","_relevanssi_noindex_reason":"","footnotes":""},"class_list":["post-25652","page","type-page","status-publish","has-post-thumbnail","hentry"],"acf":[],"yoast_head":"<!-- This site is optimized with the Yoast SEO Premium plugin v27.3 (Yoast SEO v27.3) - https:\/\/yoast.com\/product\/yoast-seo-premium-wordpress\/ -->\n<title>Digital accessibility policy - Norway<\/title>\n<meta name=\"robots\" content=\"index, follow, max-snippet:-1, max-image-preview:large, max-video-preview:-1\" \/>\n<meta property=\"og:locale\" content=\"nb_NO\" \/>\n<meta property=\"og:type\" content=\"article\" \/>\n<meta property=\"og:title\" content=\"Digital accessibility policy\" \/>\n<meta property=\"og:description\" content=\"The SYSTRA Group wishes to offer an optimised online experience for as many people as possible, including people with disabilities. As part of this approach, SYSTRA is committed to making its websites accessible in accordance with article 47 of law n\u00b02005-102 of 11 February 2005. To this end, the SYSTRA Group has implemented a progressive [&hellip;]\" \/>\n<meta property=\"og:url\" content=\"https:\/\/www.systra.com\/norway\/digital-accessibility-policy\/\" \/>\n<meta property=\"og:site_name\" content=\"Norway\" \/>\n<meta property=\"og:image\" content=\"https:\/\/www.systra.com\/norway\/wp-content\/uploads\/sites\/27\/2025\/03\/adobestock_122356898-scaled.jpeg\" \/>\n\t<meta property=\"og:image:width\" content=\"2560\" \/>\n\t<meta property=\"og:image:height\" content=\"1703\" \/>\n\t<meta property=\"og:image:type\" content=\"image\/jpeg\" \/>\n<meta name=\"twitter:card\" content=\"summary_large_image\" \/>\n<meta name=\"twitter:label1\" content=\"Ansl. lesetid\" \/>\n\t<meta name=\"twitter:data1\" content=\"5 minutter\" \/>\n<script type=\"application\/ld+json\" class=\"yoast-schema-graph\">{\"@context\":\"https:\\\/\\\/schema.org\",\"@graph\":[{\"@type\":\"WebPage\",\"@id\":\"https:\\\/\\\/www.systra.com\\\/norway\\\/digital-accessibility-policy\\\/\",\"url\":\"https:\\\/\\\/www.systra.com\\\/norway\\\/digital-accessibility-policy\\\/\",\"name\":\"Digital accessibility policy - Norway\",\"isPartOf\":{\"@id\":\"https:\\\/\\\/www.systra.com\\\/norway\\\/#website\"},\"primaryImageOfPage\":{\"@id\":\"https:\\\/\\\/www.systra.com\\\/norway\\\/digital-accessibility-policy\\\/#primaryimage\"},\"image\":{\"@id\":\"https:\\\/\\\/www.systra.com\\\/norway\\\/digital-accessibility-policy\\\/#primaryimage\"},\"thumbnailUrl\":\"https:\\\/\\\/www.systra.com\\\/norway\\\/wp-content\\\/uploads\\\/sites\\\/27\\\/2025\\\/03\\\/adobestock_122356898-scaled.jpeg\",\"datePublished\":\"2025-03-28T13:52:48+00:00\",\"breadcrumb\":{\"@id\":\"https:\\\/\\\/www.systra.com\\\/norway\\\/digital-accessibility-policy\\\/#breadcrumb\"},\"inLanguage\":\"nb-NO\",\"potentialAction\":[{\"@type\":\"ReadAction\",\"target\":[\"https:\\\/\\\/www.systra.com\\\/norway\\\/digital-accessibility-policy\\\/\"]}]},{\"@type\":\"ImageObject\",\"inLanguage\":\"nb-NO\",\"@id\":\"https:\\\/\\\/www.systra.com\\\/norway\\\/digital-accessibility-policy\\\/#primaryimage\",\"url\":\"https:\\\/\\\/www.systra.com\\\/norway\\\/wp-content\\\/uploads\\\/sites\\\/27\\\/2025\\\/03\\\/adobestock_122356898-scaled.jpeg\",\"contentUrl\":\"https:\\\/\\\/www.systra.com\\\/norway\\\/wp-content\\\/uploads\\\/sites\\\/27\\\/2025\\\/03\\\/adobestock_122356898-scaled.jpeg\",\"width\":2560,\"height\":1703},{\"@type\":\"BreadcrumbList\",\"@id\":\"https:\\\/\\\/www.systra.com\\\/norway\\\/digital-accessibility-policy\\\/#breadcrumb\",\"itemListElement\":[{\"@type\":\"ListItem\",\"position\":1,\"name\":\"Accueil\",\"item\":\"https:\\\/\\\/www.systra.com\\\/norway\\\/\"},{\"@type\":\"ListItem\",\"position\":2,\"name\":\"Digital accessibility policy\"}]},{\"@type\":\"WebSite\",\"@id\":\"https:\\\/\\\/www.systra.com\\\/norway\\\/#website\",\"url\":\"https:\\\/\\\/www.systra.com\\\/norway\\\/\",\"name\":\"Norway\",\"description\":\"\",\"potentialAction\":[{\"@type\":\"SearchAction\",\"target\":{\"@type\":\"EntryPoint\",\"urlTemplate\":\"https:\\\/\\\/www.systra.com\\\/norway\\\/?s={search_term_string}\"},\"query-input\":{\"@type\":\"PropertyValueSpecification\",\"valueRequired\":true,\"valueName\":\"search_term_string\"}}],\"inLanguage\":\"nb-NO\"}]}<\/script>\n<!-- \/ Yoast SEO Premium plugin. -->","yoast_head_json":{"title":"Digital accessibility policy - Norway","robots":{"index":"index","follow":"follow","max-snippet":"max-snippet:-1","max-image-preview":"max-image-preview:large","max-video-preview":"max-video-preview:-1"},"og_locale":"nb_NO","og_type":"article","og_title":"Digital accessibility policy","og_description":"The SYSTRA Group wishes to offer an optimised online experience for as many people as possible, including people with disabilities. As part of this approach, SYSTRA is committed to making its websites accessible in accordance with article 47 of law n\u00b02005-102 of 11 February 2005. To this end, the SYSTRA Group has implemented a progressive [&hellip;]","og_url":"https:\/\/www.systra.com\/norway\/digital-accessibility-policy\/","og_site_name":"Norway","og_image":[{"width":2560,"height":1703,"url":"https:\/\/www.systra.com\/norway\/wp-content\/uploads\/sites\/27\/2025\/03\/adobestock_122356898-scaled.jpeg","type":"image\/jpeg"}],"twitter_card":"summary_large_image","twitter_misc":{"Ansl. lesetid":"5 minutter"},"schema":{"@context":"https:\/\/schema.org","@graph":[{"@type":"WebPage","@id":"https:\/\/www.systra.com\/norway\/digital-accessibility-policy\/","url":"https:\/\/www.systra.com\/norway\/digital-accessibility-policy\/","name":"Digital accessibility policy - Norway","isPartOf":{"@id":"https:\/\/www.systra.com\/norway\/#website"},"primaryImageOfPage":{"@id":"https:\/\/www.systra.com\/norway\/digital-accessibility-policy\/#primaryimage"},"image":{"@id":"https:\/\/www.systra.com\/norway\/digital-accessibility-policy\/#primaryimage"},"thumbnailUrl":"https:\/\/www.systra.com\/norway\/wp-content\/uploads\/sites\/27\/2025\/03\/adobestock_122356898-scaled.jpeg","datePublished":"2025-03-28T13:52:48+00:00","breadcrumb":{"@id":"https:\/\/www.systra.com\/norway\/digital-accessibility-policy\/#breadcrumb"},"inLanguage":"nb-NO","potentialAction":[{"@type":"ReadAction","target":["https:\/\/www.systra.com\/norway\/digital-accessibility-policy\/"]}]},{"@type":"ImageObject","inLanguage":"nb-NO","@id":"https:\/\/www.systra.com\/norway\/digital-accessibility-policy\/#primaryimage","url":"https:\/\/www.systra.com\/norway\/wp-content\/uploads\/sites\/27\/2025\/03\/adobestock_122356898-scaled.jpeg","contentUrl":"https:\/\/www.systra.com\/norway\/wp-content\/uploads\/sites\/27\/2025\/03\/adobestock_122356898-scaled.jpeg","width":2560,"height":1703},{"@type":"BreadcrumbList","@id":"https:\/\/www.systra.com\/norway\/digital-accessibility-policy\/#breadcrumb","itemListElement":[{"@type":"ListItem","position":1,"name":"Accueil","item":"https:\/\/www.systra.com\/norway\/"},{"@type":"ListItem","position":2,"name":"Digital accessibility policy"}]},{"@type":"WebSite","@id":"https:\/\/www.systra.com\/norway\/#website","url":"https:\/\/www.systra.com\/norway\/","name":"Norway","description":"","potentialAction":[{"@type":"SearchAction","target":{"@type":"EntryPoint","urlTemplate":"https:\/\/www.systra.com\/norway\/?s={search_term_string}"},"query-input":{"@type":"PropertyValueSpecification","valueRequired":true,"valueName":"search_term_string"}}],"inLanguage":"nb-NO"}]}},"lang":"nb","translations":{"nb":25652},"pll_sync_post":[],"_links":{"self":[{"href":"https:\/\/www.systra.com\/norway\/wp-json\/wp\/v2\/pages\/25652","targetHints":{"allow":["GET"]}}],"collection":[{"href":"https:\/\/www.systra.com\/norway\/wp-json\/wp\/v2\/pages"}],"about":[{"href":"https:\/\/www.systra.com\/norway\/wp-json\/wp\/v2\/types\/page"}],"author":[{"embeddable":true,"href":"https:\/\/www.systra.com\/norway\/wp-json\/wp\/v2\/users\/6"}],"replies":[{"embeddable":true,"href":"https:\/\/www.systra.com\/norway\/wp-json\/wp\/v2\/comments?post=25652"}],"version-history":[{"count":2,"href":"https:\/\/www.systra.com\/norway\/wp-json\/wp\/v2\/pages\/25652\/revisions"}],"predecessor-version":[{"id":25672,"href":"https:\/\/www.systra.com\/norway\/wp-json\/wp\/v2\/pages\/25652\/revisions\/25672"}],"wp:featuredmedia":[{"embeddable":true,"href":"https:\/\/www.systra.com\/norway\/wp-json\/wp\/v2\/media\/23352"}],"wp:attachment":[{"href":"https:\/\/www.systra.com\/norway\/wp-json\/wp\/v2\/media?parent=25652"}],"curies":[{"name":"wp","href":"https:\/\/api.w.org\/{rel}","templated":true}]}}