{"id":90,"date":"2024-08-05T16:44:39","date_gmt":"2024-08-05T14:44:39","guid":{"rendered":"https:\/\/www.systra.com\/iberica-hispanoamerica\/?page_id=90"},"modified":"2025-01-29T03:16:52","modified_gmt":"2025-01-29T02:16:52","slug":"acerca-de-nosotros","status":"publish","type":"page","link":"https:\/\/www.systra.com\/iberica-hispanoamerica\/quienes-somos\/acerca-de-nosotros\/","title":{"rendered":"Acerca de nosotros"},"content":{"rendered":"\n<p class=\"has-text-align-center\"><\/p>\n\n\n\n<div style=\"height:100px\" aria-hidden=\"true\" class=\"wp-block-spacer\"><\/div>\n\n\n\n<h3 class=\"wp-block-heading has-light-eggplant-color has-text-color has-link-color wp-elements-a3f6222ac2e29c36adfd1276254b8e1c\" id=\"h-systra-en-iberica-e-hispanoamerica\">SYSTRA en iberica e hispanoamerica <\/h3>\n\n\n\n<div style=\"height:50px\" aria-hidden=\"true\" class=\"wp-block-spacer\"><\/div>\n\n\n\n<div class=\"wp-block-media-text has-media-on-the-right is-stacked-on-mobile is-style-offer-without-rail\"><div class=\"wp-block-media-text__content\">\n<div style=\"height:30px\" aria-hidden=\"true\" class=\"wp-block-spacer\"><\/div>\n\n\n\n<p><strong>SYSTRA<\/strong> ha acompa\u00f1ado las redes de metro de Am\u00e9rica Latina desde los a\u00f1os 60, y est\u00e1 presente en Espa\u00f1a y Portugal desde hace m\u00e1s de 25 a\u00f1os. Desde 2023, SYSTRA Subterra, especialista en infraestructuras subterr\u00e1neas, forma parte del grupo.\u200b<\/p>\n\n\n\n<p>Hoy, los m\u00e1s de 200 empleados del grupo SYSTRA en la regi\u00f3n trabajan localmente a partir de nuestras oficinas en Madrid, Bilbao, Oporto, Bogota, Medell\u00edn, Lima, Panam\u00e1 y Santiago de Chile para ofrecer a nuestros clientes las mejores soluciones globales a los desaf\u00edos que enfrentan nuestros pa\u00edses. \u200b<\/p>\n<\/div><figure class=\"wp-block-media-text__media\"><img decoding=\"async\" src=\"https:\/\/www.systra.com\/iberica-hispanoamerica\/wp-content\/uploads\/2019\/06\/bandeau_ville_2-1024x645.jpg\" alt=\"\" class=\"wp-image-10000017184 size-full\" srcset=\"https:\/\/www.systra.com\/iberica-hispanoamerica\/wp-content\/uploads\/2019\/06\/bandeau_ville_2-1024x645.jpg 1024w, https:\/\/www.systra.com\/iberica-hispanoamerica\/wp-content\/uploads\/2019\/06\/bandeau_ville_2-300x189.jpg 300w, https:\/\/www.systra.com\/iberica-hispanoamerica\/wp-content\/uploads\/2019\/06\/bandeau_ville_2-768x484.jpg 768w, https:\/\/www.systra.com\/iberica-hispanoamerica\/wp-content\/uploads\/2019\/06\/bandeau_ville_2-1536x968.jpg 1536w, https:\/\/www.systra.com\/iberica-hispanoamerica\/wp-content\/uploads\/2019\/06\/bandeau_ville_2-2048x1291.jpg 2048w, https:\/\/www.systra.com\/iberica-hispanoamerica\/wp-content\/uploads\/2019\/06\/bandeau_ville_2-474x299.jpg 474w, https:\/\/www.systra.com\/iberica-hispanoamerica\/wp-content\/uploads\/2019\/06\/bandeau_ville_2-1700x1071.jpg 1700w, https:\/\/www.systra.com\/iberica-hispanoamerica\/wp-content\/uploads\/2019\/06\/bandeau_ville_2-1352x852.jpg 1352w, https:\/\/www.systra.com\/iberica-hispanoamerica\/wp-content\/uploads\/2019\/06\/bandeau_ville_2-800x504.jpg 800w, https:\/\/www.systra.com\/iberica-hispanoamerica\/wp-content\/uploads\/2019\/06\/bandeau_ville_2-180x113.jpg 180w, https:\/\/www.systra.com\/iberica-hispanoamerica\/wp-content\/uploads\/2019\/06\/bandeau_ville_2-153x96.jpg 153w, https:\/\/www.systra.com\/iberica-hispanoamerica\/wp-content\/uploads\/2019\/06\/bandeau_ville_2-230x145.jpg 230w\" sizes=\"(max-width: 1024px) 100vw, 1024px\" \/><\/figure><\/div>\n\n\n\n<div style=\"height:100px\" aria-hidden=\"true\" class=\"wp-block-spacer\"><\/div>\n\n\n\n<h3 class=\"wp-block-heading has-text-align-left has-dusty-blue-color has-text-color has-link-color wp-elements-0733d8e194acf7caab0fc6e777bb7717\" id=\"h-lider-mundial-en-soluciones-de-infraestructura\">LIDER MUNDIAL EN SOLUCIONES DE INFRAESTRUCTURA\u200b<\/h3>\n\n\n\n<div style=\"height:30px\" aria-hidden=\"true\" class=\"wp-block-spacer\"><\/div>\n\n\n\n<p>A nuestros expertos los motiva encontrar las respuestas m\u00e1s eficaces y de vanguardia a los mayores desaf\u00edos de las infraestructuras: mejorar el acceso a la educaci\u00f3n y al empleo, tener infraestructuras que favorezcan el acceso al agua y a la energ\u00eda, contribuir a una miner\u00eda m\u00e1s sostenible y eficaz. En todo el mundo, nuestros expertos sue\u00f1an, analizan y recomiendan nuevas y mejores soluciones para mejorar el ma\u00f1ana, ayudando a nuestros clientes a prepararse para los futuros desaf\u00edos. Sustentabilidad, seguridad y \u00e9tica forman parte de los pilares clave de nuestra empresa.\u200b<\/p>\n\n\n\n<div style=\"height:100px\" aria-hidden=\"true\" class=\"wp-block-spacer\"><\/div>\n\n\n\n<h3 class=\"wp-block-heading has-text-align-left has-dirty-purple-color has-text-color has-link-color wp-elements-c7c5f77b77147c5e972547b231130353\" id=\"h-con-systra-la-confianza-transporta-el-mundo\">Con SYSTRA, La confianza transporta el mundo<\/h3>\n\n\n\n<div style=\"height:100px\" aria-hidden=\"true\" class=\"wp-block-spacer\"><\/div>\n\n\n\n<p class=\"has-text-align-left\"><strong>Descubre nuestros proyectos<\/strong><\/p>\n\n\n\n<p class=\"has-text-align-left\">La amplitud de nuestra experiencia nos permite ofrecer servicios especializados que incluyen consultor\u00eda, planificaci\u00f3n estrat\u00e9gica, ingenier\u00eda de detalle, gesti\u00f3n de proyectos, seguimiento y control de obras, y una amplia gama de disciplinas de ingenier\u00eda. \u200b<\/p>\n\n\n\n<div style=\"height:30px\" aria-hidden=\"true\" class=\"wp-block-spacer\"><\/div>\n\n\n\n<div class=\"wp-block-buttons is-content-justification-center is-layout-flex wp-container-core-buttons-is-layout-16018d1d wp-block-buttons-is-layout-flex\">\n<div class=\"wp-block-button is-style-fill\"><a class=\"wp-block-button__link has-text-align-left wp-element-button\" href=\"https:\/\/www.systra.com\/iberica-hispanoamerica\/nuestros-proyectos\/\">Proyectos<\/a><\/div>\n<\/div>\n\n\n\n<div style=\"height:100px\" aria-hidden=\"true\" class=\"wp-block-spacer\"><\/div>\n","protected":false},"excerpt":{"rendered":"<p>SYSTRA en iberica e hispanoamerica LIDER MUNDIAL EN SOLUCIONES DE INFRAESTRUCTURA\u200b A nuestros expertos los motiva encontrar las respuestas m\u00e1s eficaces y de vanguardia a los mayores desaf\u00edos de las infraestructuras: mejorar el acceso a la educaci\u00f3n y al empleo, tener infraestructuras que favorezcan el acceso al agua y a la energ\u00eda, contribuir a una [&hellip;]<\/p>\n","protected":false},"author":2,"featured_media":10000024167335,"parent":86,"menu_order":0,"comment_status":"closed","ping_status":"closed","template":"","meta":{"_acf_changed":false,"_relevanssi_hide_post":"","_relevanssi_hide_content":"","_relevanssi_pin_for_all":"","_relevanssi_pin_keywords":"","_relevanssi_unpin_keywords":"","_relevanssi_related_keywords":"","_relevanssi_related_include_ids":"","_relevanssi_related_exclude_ids":"","_relevanssi_related_no_append":"","_relevanssi_related_not_related":"","_relevanssi_related_posts":"1","_relevanssi_noindex_reason":"","footnotes":""},"class_list":["post-90","page","type-page","status-publish","has-post-thumbnail","hentry"],"acf":[],"yoast_head":"<!-- This site is optimized with the Yoast SEO Premium plugin v27.4 (Yoast SEO v27.4) - https:\/\/yoast.com\/product\/yoast-seo-premium-wordpress\/ -->\n<title>Acerca de nosotros - Ib\u00e9rica &amp; Hispanoam\u00e9rica<\/title>\n<meta name=\"robots\" content=\"index, follow, max-snippet:-1, max-image-preview:large, max-video-preview:-1\" \/>\n<meta property=\"og:locale\" content=\"en_US\" \/>\n<meta property=\"og:type\" content=\"article\" \/>\n<meta property=\"og:title\" content=\"Acerca de nosotros\" \/>\n<meta property=\"og:description\" content=\"SYSTRA en iberica e hispanoamerica LIDER MUNDIAL EN SOLUCIONES DE INFRAESTRUCTURA\u200b A nuestros expertos los motiva encontrar las respuestas m\u00e1s eficaces y de vanguardia a los mayores desaf\u00edos de las infraestructuras: mejorar el acceso a la educaci\u00f3n y al empleo, tener infraestructuras que favorezcan el acceso al agua y a la energ\u00eda, contribuir a una [&hellip;]\" \/>\n<meta property=\"og:url\" content=\"https:\/\/www.systra.com\/iberica-hispanoamerica\/quienes-somos\/acerca-de-nosotros\/\" \/>\n<meta property=\"og:site_name\" content=\"Ib\u00e9rica &amp; Hispanoam\u00e9rica\" \/>\n<meta property=\"article:modified_time\" content=\"2025-01-29T02:16:52+00:00\" \/>\n<meta name=\"twitter:card\" content=\"summary_large_image\" \/>\n<meta name=\"twitter:label1\" content=\"Est. reading time\" \/>\n\t<meta name=\"twitter:data1\" content=\"2 minutes\" \/>\n<script type=\"application\/ld+json\" class=\"yoast-schema-graph\">{\"@context\":\"https:\\\/\\\/schema.org\",\"@graph\":[{\"@type\":\"WebPage\",\"@id\":\"https:\\\/\\\/www.systra.com\\\/iberica-hispanoamerica\\\/quienes-somos\\\/acerca-de-nosotros\\\/\",\"url\":\"https:\\\/\\\/www.systra.com\\\/iberica-hispanoamerica\\\/quienes-somos\\\/acerca-de-nosotros\\\/\",\"name\":\"Acerca de nosotros - Ib\u00e9rica &amp; Hispanoam\u00e9rica\",\"isPartOf\":{\"@id\":\"https:\\\/\\\/www.systra.com\\\/iberica-hispanoamerica\\\/#website\"},\"primaryImageOfPage\":{\"@id\":\"https:\\\/\\\/www.systra.com\\\/iberica-hispanoamerica\\\/quienes-somos\\\/acerca-de-nosotros\\\/#primaryimage\"},\"image\":{\"@id\":\"https:\\\/\\\/www.systra.com\\\/iberica-hispanoamerica\\\/quienes-somos\\\/acerca-de-nosotros\\\/#primaryimage\"},\"thumbnailUrl\":\"https:\\\/\\\/www.systra.com\\\/iberica-hispanoamerica\\\/wp-content\\\/uploads\\\/2024\\\/06\\\/gettyimages-1346412747-scaled.jpg\",\"datePublished\":\"2024-08-05T14:44:39+00:00\",\"dateModified\":\"2025-01-29T02:16:52+00:00\",\"breadcrumb\":{\"@id\":\"https:\\\/\\\/www.systra.com\\\/iberica-hispanoamerica\\\/quienes-somos\\\/acerca-de-nosotros\\\/#breadcrumb\"},\"inLanguage\":\"en-US\",\"potentialAction\":[{\"@type\":\"ReadAction\",\"target\":[\"https:\\\/\\\/www.systra.com\\\/iberica-hispanoamerica\\\/quienes-somos\\\/acerca-de-nosotros\\\/\"]}]},{\"@type\":\"ImageObject\",\"inLanguage\":\"en-US\",\"@id\":\"https:\\\/\\\/www.systra.com\\\/iberica-hispanoamerica\\\/quienes-somos\\\/acerca-de-nosotros\\\/#primaryimage\",\"url\":\"https:\\\/\\\/www.systra.com\\\/iberica-hispanoamerica\\\/wp-content\\\/uploads\\\/2024\\\/06\\\/gettyimages-1346412747-scaled.jpg\",\"contentUrl\":\"https:\\\/\\\/www.systra.com\\\/iberica-hispanoamerica\\\/wp-content\\\/uploads\\\/2024\\\/06\\\/gettyimages-1346412747-scaled.jpg\"},{\"@type\":\"BreadcrumbList\",\"@id\":\"https:\\\/\\\/www.systra.com\\\/iberica-hispanoamerica\\\/quienes-somos\\\/acerca-de-nosotros\\\/#breadcrumb\",\"itemListElement\":[{\"@type\":\"ListItem\",\"position\":1,\"name\":\"Accueil\",\"item\":\"https:\\\/\\\/www.systra.com\\\/iberica-hispanoamerica\\\/\"},{\"@type\":\"ListItem\",\"position\":2,\"name\":\"Qui\u00e9nes somos\",\"item\":\"https:\\\/\\\/www.systra.com\\\/spain-hispanoamerica\\\/quienes-somos\\\/\"},{\"@type\":\"ListItem\",\"position\":3,\"name\":\"Acerca de nosotros\"}]},{\"@type\":\"WebSite\",\"@id\":\"https:\\\/\\\/www.systra.com\\\/iberica-hispanoamerica\\\/#website\",\"url\":\"https:\\\/\\\/www.systra.com\\\/iberica-hispanoamerica\\\/\",\"name\":\"Ib\u00e9rica &amp; Hispanoam\u00e9rica\",\"description\":\"\",\"publisher\":{\"@id\":\"https:\\\/\\\/www.systra.com\\\/iberica-hispanoamerica\\\/#organization\"},\"potentialAction\":[{\"@type\":\"SearchAction\",\"target\":{\"@type\":\"EntryPoint\",\"urlTemplate\":\"https:\\\/\\\/www.systra.com\\\/iberica-hispanoamerica\\\/?s={search_term_string}\"},\"query-input\":{\"@type\":\"PropertyValueSpecification\",\"valueRequired\":true,\"valueName\":\"search_term_string\"}}],\"inLanguage\":\"en-US\"},{\"@type\":\"Organization\",\"@id\":\"https:\\\/\\\/www.systra.com\\\/iberica-hispanoamerica\\\/#organization\",\"name\":\"Ib\u00e9rica &amp; Hispanoam\u00e9rica\",\"url\":\"https:\\\/\\\/www.systra.com\\\/iberica-hispanoamerica\\\/\",\"logo\":{\"@type\":\"ImageObject\",\"inLanguage\":\"en-US\",\"@id\":\"https:\\\/\\\/www.systra.com\\\/iberica-hispanoamerica\\\/#\\\/schema\\\/logo\\\/image\\\/\",\"url\":\"https:\\\/\\\/www.systra.com\\\/iberica-hispanoamerica\\\/wp-content\\\/uploads\\\/sites\\\/30\\\/2024\\\/12\\\/logo3.svg\",\"contentUrl\":\"https:\\\/\\\/www.systra.com\\\/iberica-hispanoamerica\\\/wp-content\\\/uploads\\\/sites\\\/30\\\/2024\\\/12\\\/logo3.svg\",\"width\":468,\"height\":469,\"caption\":\"Ib\u00e9rica &amp; Hispanoam\u00e9rica\"},\"image\":{\"@id\":\"https:\\\/\\\/www.systra.com\\\/iberica-hispanoamerica\\\/#\\\/schema\\\/logo\\\/image\\\/\"}}]}<\/script>\n<!-- \/ Yoast SEO Premium plugin. -->","yoast_head_json":{"title":"Acerca de nosotros - Ib\u00e9rica &amp; Hispanoam\u00e9rica","robots":{"index":"index","follow":"follow","max-snippet":"max-snippet:-1","max-image-preview":"max-image-preview:large","max-video-preview":"max-video-preview:-1"},"og_locale":"en_US","og_type":"article","og_title":"Acerca de nosotros","og_description":"SYSTRA en iberica e hispanoamerica LIDER MUNDIAL EN SOLUCIONES DE INFRAESTRUCTURA\u200b A nuestros expertos los motiva encontrar las respuestas m\u00e1s eficaces y de vanguardia a los mayores desaf\u00edos de las infraestructuras: mejorar el acceso a la educaci\u00f3n y al empleo, tener infraestructuras que favorezcan el acceso al agua y a la energ\u00eda, contribuir a una [&hellip;]","og_url":"https:\/\/www.systra.com\/iberica-hispanoamerica\/quienes-somos\/acerca-de-nosotros\/","og_site_name":"Ib\u00e9rica &amp; Hispanoam\u00e9rica","article_modified_time":"2025-01-29T02:16:52+00:00","twitter_card":"summary_large_image","twitter_misc":{"Est. reading time":"2 minutes"},"schema":{"@context":"https:\/\/schema.org","@graph":[{"@type":"WebPage","@id":"https:\/\/www.systra.com\/iberica-hispanoamerica\/quienes-somos\/acerca-de-nosotros\/","url":"https:\/\/www.systra.com\/iberica-hispanoamerica\/quienes-somos\/acerca-de-nosotros\/","name":"Acerca de nosotros - Ib\u00e9rica &amp; Hispanoam\u00e9rica","isPartOf":{"@id":"https:\/\/www.systra.com\/iberica-hispanoamerica\/#website"},"primaryImageOfPage":{"@id":"https:\/\/www.systra.com\/iberica-hispanoamerica\/quienes-somos\/acerca-de-nosotros\/#primaryimage"},"image":{"@id":"https:\/\/www.systra.com\/iberica-hispanoamerica\/quienes-somos\/acerca-de-nosotros\/#primaryimage"},"thumbnailUrl":"https:\/\/www.systra.com\/iberica-hispanoamerica\/wp-content\/uploads\/2024\/06\/gettyimages-1346412747-scaled.jpg","datePublished":"2024-08-05T14:44:39+00:00","dateModified":"2025-01-29T02:16:52+00:00","breadcrumb":{"@id":"https:\/\/www.systra.com\/iberica-hispanoamerica\/quienes-somos\/acerca-de-nosotros\/#breadcrumb"},"inLanguage":"en-US","potentialAction":[{"@type":"ReadAction","target":["https:\/\/www.systra.com\/iberica-hispanoamerica\/quienes-somos\/acerca-de-nosotros\/"]}]},{"@type":"ImageObject","inLanguage":"en-US","@id":"https:\/\/www.systra.com\/iberica-hispanoamerica\/quienes-somos\/acerca-de-nosotros\/#primaryimage","url":"https:\/\/www.systra.com\/iberica-hispanoamerica\/wp-content\/uploads\/2024\/06\/gettyimages-1346412747-scaled.jpg","contentUrl":"https:\/\/www.systra.com\/iberica-hispanoamerica\/wp-content\/uploads\/2024\/06\/gettyimages-1346412747-scaled.jpg"},{"@type":"BreadcrumbList","@id":"https:\/\/www.systra.com\/iberica-hispanoamerica\/quienes-somos\/acerca-de-nosotros\/#breadcrumb","itemListElement":[{"@type":"ListItem","position":1,"name":"Accueil","item":"https:\/\/www.systra.com\/iberica-hispanoamerica\/"},{"@type":"ListItem","position":2,"name":"Qui\u00e9nes somos","item":"https:\/\/www.systra.com\/spain-hispanoamerica\/quienes-somos\/"},{"@type":"ListItem","position":3,"name":"Acerca de nosotros"}]},{"@type":"WebSite","@id":"https:\/\/www.systra.com\/iberica-hispanoamerica\/#website","url":"https:\/\/www.systra.com\/iberica-hispanoamerica\/","name":"Ib\u00e9rica &amp; Hispanoam\u00e9rica","description":"","publisher":{"@id":"https:\/\/www.systra.com\/iberica-hispanoamerica\/#organization"},"potentialAction":[{"@type":"SearchAction","target":{"@type":"EntryPoint","urlTemplate":"https:\/\/www.systra.com\/iberica-hispanoamerica\/?s={search_term_string}"},"query-input":{"@type":"PropertyValueSpecification","valueRequired":true,"valueName":"search_term_string"}}],"inLanguage":"en-US"},{"@type":"Organization","@id":"https:\/\/www.systra.com\/iberica-hispanoamerica\/#organization","name":"Ib\u00e9rica &amp; Hispanoam\u00e9rica","url":"https:\/\/www.systra.com\/iberica-hispanoamerica\/","logo":{"@type":"ImageObject","inLanguage":"en-US","@id":"https:\/\/www.systra.com\/iberica-hispanoamerica\/#\/schema\/logo\/image\/","url":"https:\/\/www.systra.com\/iberica-hispanoamerica\/wp-content\/uploads\/sites\/30\/2024\/12\/logo3.svg","contentUrl":"https:\/\/www.systra.com\/iberica-hispanoamerica\/wp-content\/uploads\/sites\/30\/2024\/12\/logo3.svg","width":468,"height":469,"caption":"Ib\u00e9rica &amp; Hispanoam\u00e9rica"},"image":{"@id":"https:\/\/www.systra.com\/iberica-hispanoamerica\/#\/schema\/logo\/image\/"}}]}},"lang":"es","translations":{"es":90},"pll_sync_post":[],"_links":{"self":[{"href":"https:\/\/www.systra.com\/iberica-hispanoamerica\/wp-json\/wp\/v2\/pages\/90","targetHints":{"allow":["GET"]}}],"collection":[{"href":"https:\/\/www.systra.com\/iberica-hispanoamerica\/wp-json\/wp\/v2\/pages"}],"about":[{"href":"https:\/\/www.systra.com\/iberica-hispanoamerica\/wp-json\/wp\/v2\/types\/page"}],"author":[{"embeddable":true,"href":"https:\/\/www.systra.com\/iberica-hispanoamerica\/wp-json\/wp\/v2\/users\/2"}],"replies":[{"embeddable":true,"href":"https:\/\/www.systra.com\/iberica-hispanoamerica\/wp-json\/wp\/v2\/comments?post=90"}],"version-history":[{"count":4,"href":"https:\/\/www.systra.com\/iberica-hispanoamerica\/wp-json\/wp\/v2\/pages\/90\/revisions"}],"predecessor-version":[{"id":2722,"href":"https:\/\/www.systra.com\/iberica-hispanoamerica\/wp-json\/wp\/v2\/pages\/90\/revisions\/2722"}],"up":[{"embeddable":true,"href":"https:\/\/www.systra.com\/iberica-hispanoamerica\/wp-json\/wp\/v2\/pages\/86"}],"wp:featuredmedia":[{"embeddable":true,"href":"https:\/\/www.systra.com\/iberica-hispanoamerica\/wp-json\/"}],"wp:attachment":[{"href":"https:\/\/www.systra.com\/iberica-hispanoamerica\/wp-json\/wp\/v2\/media?parent=90"}],"curies":[{"name":"wp","href":"https:\/\/api.w.org\/{rel}","templated":true}]}}