{"id":55046,"date":"2026-01-18T03:37:10","date_gmt":"2026-01-18T02:37:10","guid":{"rendered":"https:\/\/www.systra.com\/iberica-hispanoamerica\/?page_id=55046"},"modified":"2026-02-11T11:52:56","modified_gmt":"2026-02-11T10:52:56","slug":"abigail-ingeniera-de-proyectos","status":"publish","type":"page","link":"https:\/\/www.systra.com\/iberica-hispanoamerica\/abigail-ingeniera-de-proyectos\/","title":{"rendered":"ABIGAIL, Ingeniera de Proyectos"},"content":{"rendered":"\n<div style=\"height:75px\" aria-hidden=\"true\" class=\"wp-block-spacer\"><\/div>\n\n\n\n<p><strong>Abigail Barrig\u00f3n<\/strong>, Ingeniera de Proyectos en SYSTRA, cuenta con m\u00e1s de 18 a\u00f1os de experiencia apoyando al Departamento de Direcci\u00f3n de <strong>Obra del Consorcio de Transportes de Bizkaia en el Metro de Bilbao<\/strong>. Ha participado en proyectos clave de se\u00f1alizaci\u00f3n, material rodante y sistemas de comunicaci\u00f3n, contribuyendo a ampliaciones, nuevas estaciones y procesos de modernizaci\u00f3n tecnol\u00f3gica.<\/p>\n\n\n\n<div style=\"height:100px\" aria-hidden=\"true\" class=\"wp-block-spacer\"><\/div>\n\n\n\n<div class=\"wp-block-columns is-layout-flex wp-container-core-columns-is-layout-9d6595d7 wp-block-columns-is-layout-flex\"><\/div>\n\n\n\n<figure class=\"wp-block-embed is-type-video is-provider-youtube wp-block-embed-youtube wp-embed-aspect-16-9 wp-has-aspect-ratio\"><div class=\"wp-block-embed__wrapper\">\n<div class=\"youtube_wrapper\" videoID=\"eKXY7_U9c8o\"><iframe loading=\"lazy\" title=\"Improving Urban Mobility in Bilbao | Abigail Barrig\u00f3n on Technology &amp; Teamwork | SYSTRA\" width=\"500\" height=\"281\" src=\"https:\/\/www.youtube-nocookie.com\/embed\/eKXY7_U9c8o?feature=oembed\" frameborder=\"0\" allow=\"accelerometer; autoplay; clipboard-write; encrypted-media; gyroscope; picture-in-picture; web-share\" referrerpolicy=\"strict-origin-when-cross-origin\" allowfullscreen><\/iframe><\/div>\n<\/div><\/figure>\n","protected":false},"excerpt":{"rendered":"<p>Abigail Barrig\u00f3n, Ingeniera de Proyectos en SYSTRA, cuenta con m\u00e1s de 18 a\u00f1os de experiencia apoyando al Departamento de Direcci\u00f3n de Obra del Consorcio de Transportes de Bizkaia en el Metro de Bilbao. Ha participado en proyectos clave de se\u00f1alizaci\u00f3n, material rodante y sistemas de comunicaci\u00f3n, contribuyendo a ampliaciones, nuevas estaciones y procesos de modernizaci\u00f3n [&hellip;]<\/p>\n","protected":false},"author":189,"featured_media":10000024201015,"parent":42822,"menu_order":0,"comment_status":"closed","ping_status":"closed","template":"template-collaborateur.php","meta":{"_acf_changed":false,"_relevanssi_hide_post":"","_relevanssi_hide_content":"","_relevanssi_pin_for_all":"","_relevanssi_pin_keywords":"","_relevanssi_unpin_keywords":"","_relevanssi_related_keywords":"","_relevanssi_related_include_ids":"","_relevanssi_related_exclude_ids":"","_relevanssi_related_no_append":"","_relevanssi_related_not_related":"","_relevanssi_related_posts":"24401,27018,47599,1,9224,9295","_relevanssi_noindex_reason":"","footnotes":""},"class_list":["post-55046","page","type-page","status-publish","has-post-thumbnail","hentry"],"acf":[],"yoast_head":"<!-- This site is optimized with the Yoast SEO Premium plugin v27.5 (Yoast SEO v27.5) - https:\/\/yoast.com\/product\/yoast-seo-premium-wordpress\/ -->\n<title>ABIGAIL, Ingeniera de Proyectos - Ib\u00e9rica &amp; Hispanoam\u00e9rica<\/title>\n<meta name=\"robots\" content=\"index, follow, max-snippet:-1, max-image-preview:large, max-video-preview:-1\" \/>\n<meta property=\"og:locale\" content=\"en_US\" \/>\n<meta property=\"og:type\" content=\"article\" \/>\n<meta property=\"og:title\" content=\"ABIGAIL, Ingeniera de Proyectos\" \/>\n<meta property=\"og:description\" content=\"Abigail Barrig\u00f3n, Ingeniera de Proyectos en SYSTRA, cuenta con m\u00e1s de 18 a\u00f1os de experiencia apoyando al Departamento de Direcci\u00f3n de Obra del Consorcio de Transportes de Bizkaia en el Metro de Bilbao. Ha participado en proyectos clave de se\u00f1alizaci\u00f3n, material rodante y sistemas de comunicaci\u00f3n, contribuyendo a ampliaciones, nuevas estaciones y procesos de modernizaci\u00f3n [&hellip;]\" \/>\n<meta property=\"og:url\" content=\"https:\/\/www.systra.com\/iberica-hispanoamerica\/abigail-ingeniera-de-proyectos\/\" \/>\n<meta property=\"og:site_name\" content=\"Ib\u00e9rica &amp; Hispanoam\u00e9rica\" \/>\n<meta property=\"article:modified_time\" content=\"2026-02-11T10:52:56+00:00\" \/>\n<meta name=\"twitter:card\" content=\"summary_large_image\" \/>\n<meta name=\"twitter:label1\" content=\"Est. reading time\" \/>\n\t<meta name=\"twitter:data1\" content=\"1 minute\" \/>\n<script type=\"application\/ld+json\" class=\"yoast-schema-graph\">{\"@context\":\"https:\\\/\\\/schema.org\",\"@graph\":[{\"@type\":\"WebPage\",\"@id\":\"https:\\\/\\\/www.systra.com\\\/iberica-hispanoamerica\\\/abigail-ingeniera-de-proyectos\\\/\",\"url\":\"https:\\\/\\\/www.systra.com\\\/iberica-hispanoamerica\\\/abigail-ingeniera-de-proyectos\\\/\",\"name\":\"ABIGAIL, Ingeniera de Proyectos - Ib\u00e9rica &amp; Hispanoam\u00e9rica\",\"isPartOf\":{\"@id\":\"https:\\\/\\\/www.systra.com\\\/iberica-hispanoamerica\\\/#website\"},\"primaryImageOfPage\":{\"@id\":\"https:\\\/\\\/www.systra.com\\\/iberica-hispanoamerica\\\/abigail-ingeniera-de-proyectos\\\/#primaryimage\"},\"image\":{\"@id\":\"https:\\\/\\\/www.systra.com\\\/iberica-hispanoamerica\\\/abigail-ingeniera-de-proyectos\\\/#primaryimage\"},\"thumbnailUrl\":\"https:\\\/\\\/www.systra.com\\\/iberica-hispanoamerica\\\/wp-content\\\/uploads\\\/2025\\\/06\\\/systra-brand-image-flip.jpg\",\"datePublished\":\"2026-01-18T02:37:10+00:00\",\"dateModified\":\"2026-02-11T10:52:56+00:00\",\"breadcrumb\":{\"@id\":\"https:\\\/\\\/www.systra.com\\\/iberica-hispanoamerica\\\/abigail-ingeniera-de-proyectos\\\/#breadcrumb\"},\"inLanguage\":\"en-US\",\"potentialAction\":[{\"@type\":\"ReadAction\",\"target\":[\"https:\\\/\\\/www.systra.com\\\/iberica-hispanoamerica\\\/abigail-ingeniera-de-proyectos\\\/\"]}]},{\"@type\":\"ImageObject\",\"inLanguage\":\"en-US\",\"@id\":\"https:\\\/\\\/www.systra.com\\\/iberica-hispanoamerica\\\/abigail-ingeniera-de-proyectos\\\/#primaryimage\",\"url\":\"https:\\\/\\\/www.systra.com\\\/iberica-hispanoamerica\\\/wp-content\\\/uploads\\\/2025\\\/06\\\/systra-brand-image-flip.jpg\",\"contentUrl\":\"https:\\\/\\\/www.systra.com\\\/iberica-hispanoamerica\\\/wp-content\\\/uploads\\\/2025\\\/06\\\/systra-brand-image-flip.jpg\"},{\"@type\":\"BreadcrumbList\",\"@id\":\"https:\\\/\\\/www.systra.com\\\/iberica-hispanoamerica\\\/abigail-ingeniera-de-proyectos\\\/#breadcrumb\",\"itemListElement\":[{\"@type\":\"ListItem\",\"position\":1,\"name\":\"Accueil\",\"item\":\"https:\\\/\\\/www.systra.com\\\/iberica-hispanoamerica\\\/\"},{\"@type\":\"ListItem\",\"position\":2,\"name\":\"Nuestros Testimonios\",\"item\":\"https:\\\/\\\/www.systra.com\\\/iberica-hispanoamerica\\\/nuestros-testimonios\\\/\"},{\"@type\":\"ListItem\",\"position\":3,\"name\":\"ABIGAIL, Ingeniera de Proyectos\"}]},{\"@type\":\"WebSite\",\"@id\":\"https:\\\/\\\/www.systra.com\\\/iberica-hispanoamerica\\\/#website\",\"url\":\"https:\\\/\\\/www.systra.com\\\/iberica-hispanoamerica\\\/\",\"name\":\"Ib\u00e9rica &amp; Hispanoam\u00e9rica\",\"description\":\"\",\"publisher\":{\"@id\":\"https:\\\/\\\/www.systra.com\\\/iberica-hispanoamerica\\\/#organization\"},\"potentialAction\":[{\"@type\":\"SearchAction\",\"target\":{\"@type\":\"EntryPoint\",\"urlTemplate\":\"https:\\\/\\\/www.systra.com\\\/iberica-hispanoamerica\\\/?s={search_term_string}\"},\"query-input\":{\"@type\":\"PropertyValueSpecification\",\"valueRequired\":true,\"valueName\":\"search_term_string\"}}],\"inLanguage\":\"en-US\"},{\"@type\":\"Organization\",\"@id\":\"https:\\\/\\\/www.systra.com\\\/iberica-hispanoamerica\\\/#organization\",\"name\":\"Ib\u00e9rica &amp; Hispanoam\u00e9rica\",\"url\":\"https:\\\/\\\/www.systra.com\\\/iberica-hispanoamerica\\\/\",\"logo\":{\"@type\":\"ImageObject\",\"inLanguage\":\"en-US\",\"@id\":\"https:\\\/\\\/www.systra.com\\\/iberica-hispanoamerica\\\/#\\\/schema\\\/logo\\\/image\\\/\",\"url\":\"https:\\\/\\\/www.systra.com\\\/iberica-hispanoamerica\\\/wp-content\\\/uploads\\\/sites\\\/30\\\/2024\\\/12\\\/logo3.svg\",\"contentUrl\":\"https:\\\/\\\/www.systra.com\\\/iberica-hispanoamerica\\\/wp-content\\\/uploads\\\/sites\\\/30\\\/2024\\\/12\\\/logo3.svg\",\"width\":468,\"height\":469,\"caption\":\"Ib\u00e9rica &amp; Hispanoam\u00e9rica\"},\"image\":{\"@id\":\"https:\\\/\\\/www.systra.com\\\/iberica-hispanoamerica\\\/#\\\/schema\\\/logo\\\/image\\\/\"}}]}<\/script>\n<!-- \/ Yoast SEO Premium plugin. -->","yoast_head_json":{"title":"ABIGAIL, Ingeniera de Proyectos - Ib\u00e9rica &amp; Hispanoam\u00e9rica","robots":{"index":"index","follow":"follow","max-snippet":"max-snippet:-1","max-image-preview":"max-image-preview:large","max-video-preview":"max-video-preview:-1"},"og_locale":"en_US","og_type":"article","og_title":"ABIGAIL, Ingeniera de Proyectos","og_description":"Abigail Barrig\u00f3n, Ingeniera de Proyectos en SYSTRA, cuenta con m\u00e1s de 18 a\u00f1os de experiencia apoyando al Departamento de Direcci\u00f3n de Obra del Consorcio de Transportes de Bizkaia en el Metro de Bilbao. Ha participado en proyectos clave de se\u00f1alizaci\u00f3n, material rodante y sistemas de comunicaci\u00f3n, contribuyendo a ampliaciones, nuevas estaciones y procesos de modernizaci\u00f3n [&hellip;]","og_url":"https:\/\/www.systra.com\/iberica-hispanoamerica\/abigail-ingeniera-de-proyectos\/","og_site_name":"Ib\u00e9rica &amp; Hispanoam\u00e9rica","article_modified_time":"2026-02-11T10:52:56+00:00","twitter_card":"summary_large_image","twitter_misc":{"Est. reading time":"1 minute"},"schema":{"@context":"https:\/\/schema.org","@graph":[{"@type":"WebPage","@id":"https:\/\/www.systra.com\/iberica-hispanoamerica\/abigail-ingeniera-de-proyectos\/","url":"https:\/\/www.systra.com\/iberica-hispanoamerica\/abigail-ingeniera-de-proyectos\/","name":"ABIGAIL, Ingeniera de Proyectos - Ib\u00e9rica &amp; Hispanoam\u00e9rica","isPartOf":{"@id":"https:\/\/www.systra.com\/iberica-hispanoamerica\/#website"},"primaryImageOfPage":{"@id":"https:\/\/www.systra.com\/iberica-hispanoamerica\/abigail-ingeniera-de-proyectos\/#primaryimage"},"image":{"@id":"https:\/\/www.systra.com\/iberica-hispanoamerica\/abigail-ingeniera-de-proyectos\/#primaryimage"},"thumbnailUrl":"https:\/\/www.systra.com\/iberica-hispanoamerica\/wp-content\/uploads\/2025\/06\/systra-brand-image-flip.jpg","datePublished":"2026-01-18T02:37:10+00:00","dateModified":"2026-02-11T10:52:56+00:00","breadcrumb":{"@id":"https:\/\/www.systra.com\/iberica-hispanoamerica\/abigail-ingeniera-de-proyectos\/#breadcrumb"},"inLanguage":"en-US","potentialAction":[{"@type":"ReadAction","target":["https:\/\/www.systra.com\/iberica-hispanoamerica\/abigail-ingeniera-de-proyectos\/"]}]},{"@type":"ImageObject","inLanguage":"en-US","@id":"https:\/\/www.systra.com\/iberica-hispanoamerica\/abigail-ingeniera-de-proyectos\/#primaryimage","url":"https:\/\/www.systra.com\/iberica-hispanoamerica\/wp-content\/uploads\/2025\/06\/systra-brand-image-flip.jpg","contentUrl":"https:\/\/www.systra.com\/iberica-hispanoamerica\/wp-content\/uploads\/2025\/06\/systra-brand-image-flip.jpg"},{"@type":"BreadcrumbList","@id":"https:\/\/www.systra.com\/iberica-hispanoamerica\/abigail-ingeniera-de-proyectos\/#breadcrumb","itemListElement":[{"@type":"ListItem","position":1,"name":"Accueil","item":"https:\/\/www.systra.com\/iberica-hispanoamerica\/"},{"@type":"ListItem","position":2,"name":"Nuestros Testimonios","item":"https:\/\/www.systra.com\/iberica-hispanoamerica\/nuestros-testimonios\/"},{"@type":"ListItem","position":3,"name":"ABIGAIL, Ingeniera de Proyectos"}]},{"@type":"WebSite","@id":"https:\/\/www.systra.com\/iberica-hispanoamerica\/#website","url":"https:\/\/www.systra.com\/iberica-hispanoamerica\/","name":"Ib\u00e9rica &amp; Hispanoam\u00e9rica","description":"","publisher":{"@id":"https:\/\/www.systra.com\/iberica-hispanoamerica\/#organization"},"potentialAction":[{"@type":"SearchAction","target":{"@type":"EntryPoint","urlTemplate":"https:\/\/www.systra.com\/iberica-hispanoamerica\/?s={search_term_string}"},"query-input":{"@type":"PropertyValueSpecification","valueRequired":true,"valueName":"search_term_string"}}],"inLanguage":"en-US"},{"@type":"Organization","@id":"https:\/\/www.systra.com\/iberica-hispanoamerica\/#organization","name":"Ib\u00e9rica &amp; Hispanoam\u00e9rica","url":"https:\/\/www.systra.com\/iberica-hispanoamerica\/","logo":{"@type":"ImageObject","inLanguage":"en-US","@id":"https:\/\/www.systra.com\/iberica-hispanoamerica\/#\/schema\/logo\/image\/","url":"https:\/\/www.systra.com\/iberica-hispanoamerica\/wp-content\/uploads\/sites\/30\/2024\/12\/logo3.svg","contentUrl":"https:\/\/www.systra.com\/iberica-hispanoamerica\/wp-content\/uploads\/sites\/30\/2024\/12\/logo3.svg","width":468,"height":469,"caption":"Ib\u00e9rica &amp; Hispanoam\u00e9rica"},"image":{"@id":"https:\/\/www.systra.com\/iberica-hispanoamerica\/#\/schema\/logo\/image\/"}}]}},"lang":"es","translations":{"es":55046},"pll_sync_post":[],"_links":{"self":[{"href":"https:\/\/www.systra.com\/iberica-hispanoamerica\/wp-json\/wp\/v2\/pages\/55046","targetHints":{"allow":["GET"]}}],"collection":[{"href":"https:\/\/www.systra.com\/iberica-hispanoamerica\/wp-json\/wp\/v2\/pages"}],"about":[{"href":"https:\/\/www.systra.com\/iberica-hispanoamerica\/wp-json\/wp\/v2\/types\/page"}],"author":[{"embeddable":true,"href":"https:\/\/www.systra.com\/iberica-hispanoamerica\/wp-json\/wp\/v2\/users\/189"}],"replies":[{"embeddable":true,"href":"https:\/\/www.systra.com\/iberica-hispanoamerica\/wp-json\/wp\/v2\/comments?post=55046"}],"version-history":[{"count":3,"href":"https:\/\/www.systra.com\/iberica-hispanoamerica\/wp-json\/wp\/v2\/pages\/55046\/revisions"}],"predecessor-version":[{"id":55764,"href":"https:\/\/www.systra.com\/iberica-hispanoamerica\/wp-json\/wp\/v2\/pages\/55046\/revisions\/55764"}],"up":[{"embeddable":true,"href":"https:\/\/www.systra.com\/iberica-hispanoamerica\/wp-json\/wp\/v2\/pages\/42822"}],"wp:featuredmedia":[{"embeddable":true,"href":"https:\/\/www.systra.com\/iberica-hispanoamerica\/wp-json\/"}],"wp:attachment":[{"href":"https:\/\/www.systra.com\/iberica-hispanoamerica\/wp-json\/wp\/v2\/media?parent=55046"}],"curies":[{"name":"wp","href":"https:\/\/api.w.org\/{rel}","templated":true}]}}