{"id":55,"date":"2024-08-05T15:36:08","date_gmt":"2024-08-05T13:36:08","guid":{"rendered":"https:\/\/www.systra.com\/iberica-hispanoamerica\/?page_id=55"},"modified":"2025-01-30T17:16:43","modified_gmt":"2025-01-30T16:16:43","slug":"systra-chile","status":"publish","type":"page","link":"https:\/\/www.systra.com\/iberica-hispanoamerica\/nuestra-ubicacion\/systra-chile\/","title":{"rendered":"SYSTRA Chile"},"content":{"rendered":"\n<div style=\"height:50px\" aria-hidden=\"true\" class=\"wp-block-spacer\"><\/div>\n\n\n\n<h2 class=\"wp-block-heading has-text-align-left\" id=\"h-innovacion-en-infraestructura-desde-1967\">Innovaci\u00f3n en infraestructura desde 1967<\/h2>\n\n\n\n<div style=\"height:100px\" aria-hidden=\"true\" class=\"wp-block-spacer\"><\/div>\n\n\n\n<div class=\"wp-block-media-text alignwide has-media-on-the-right is-stacked-on-mobile is-vertically-aligned-center is-style-offer-with-rail\"><div class=\"wp-block-media-text__content\">\n<div style=\"height:30px\" aria-hidden=\"true\" class=\"wp-block-spacer\"><\/div>\n\n\n\n<p class=\"has-text-align-left\">SYSTRA est\u00e1 presente en Chile desde 1967, con la realizaci\u00f3n de un estudio de factibilidad para una red de Metro para la Ciudad de Santiago. A lo largo de los \u00faltimos 57 a\u00f1os, y de los diferentes proyectos que SYSTRA ha dise\u00f1ado, hemos desarrollado conocimiento \u00fanico de los est\u00e1ndares de nuestros clientes y de las cualidades y condiciones de sus infraestructuras, siendo capaces de apoyarlos con pertinencia en la gesti\u00f3n y modernizaci\u00f3n de las mismas.\u200b<\/p>\n\n\n\n<p>\u200b<\/p>\n\n\n\n<p class=\"has-text-align-left\"><strong>En 2024, nuestros m\u00e1s de 40 empleados trabajan d\u00eda a d\u00eda desde nuestras oficinas de Santiago tanto en el \u00e1mbito de la movilidad como del agua, energ\u00eda y miner\u00eda, dando respuestas cotidianas y de proximidad a nuestros clientes. \u200b<\/strong><br><br><\/p>\n<\/div><figure class=\"wp-block-media-text__media\"><img decoding=\"async\" src=\"https:\/\/www.systra.com\/iberica-hispanoamerica\/wp-content\/uploads\/2023\/03\/20230217-chili-efe-2-lignes-suburbaines-santiago-1-1024x680.jpg\" alt=\"\" class=\"wp-image-10000011203839 size-full\" srcset=\"https:\/\/www.systra.com\/iberica-hispanoamerica\/wp-content\/uploads\/2023\/03\/20230217-chili-efe-2-lignes-suburbaines-santiago-1-1024x680.jpg 1024w, https:\/\/www.systra.com\/iberica-hispanoamerica\/wp-content\/uploads\/2023\/03\/20230217-chili-efe-2-lignes-suburbaines-santiago-1-300x199.jpg 300w, https:\/\/www.systra.com\/iberica-hispanoamerica\/wp-content\/uploads\/2023\/03\/20230217-chili-efe-2-lignes-suburbaines-santiago-1-768x510.jpg 768w, https:\/\/www.systra.com\/iberica-hispanoamerica\/wp-content\/uploads\/2023\/03\/20230217-chili-efe-2-lignes-suburbaines-santiago-1-1536x1020.jpg 1536w, https:\/\/www.systra.com\/iberica-hispanoamerica\/wp-content\/uploads\/2023\/03\/20230217-chili-efe-2-lignes-suburbaines-santiago-1-375x250.jpg 375w, https:\/\/www.systra.com\/iberica-hispanoamerica\/wp-content\/uploads\/2023\/03\/20230217-chili-efe-2-lignes-suburbaines-santiago-1-376x250.jpg 376w, https:\/\/www.systra.com\/iberica-hispanoamerica\/wp-content\/uploads\/2023\/03\/20230217-chili-efe-2-lignes-suburbaines-santiago-1-474x315.jpg 474w, https:\/\/www.systra.com\/iberica-hispanoamerica\/wp-content\/uploads\/2023\/03\/20230217-chili-efe-2-lignes-suburbaines-santiago-1-75x50.jpg 75w, https:\/\/www.systra.com\/iberica-hispanoamerica\/wp-content\/uploads\/2023\/03\/20230217-chili-efe-2-lignes-suburbaines-santiago-1-1700x1129.jpg 1700w, https:\/\/www.systra.com\/iberica-hispanoamerica\/wp-content\/uploads\/2023\/03\/20230217-chili-efe-2-lignes-suburbaines-santiago-1-1352x898.jpg 1352w, https:\/\/www.systra.com\/iberica-hispanoamerica\/wp-content\/uploads\/2023\/03\/20230217-chili-efe-2-lignes-suburbaines-santiago-1-800x531.jpg 800w, https:\/\/www.systra.com\/iberica-hispanoamerica\/wp-content\/uploads\/2023\/03\/20230217-chili-efe-2-lignes-suburbaines-santiago-1-180x120.jpg 180w, https:\/\/www.systra.com\/iberica-hispanoamerica\/wp-content\/uploads\/2023\/03\/20230217-chili-efe-2-lignes-suburbaines-santiago-1-153x102.jpg 153w, https:\/\/www.systra.com\/iberica-hispanoamerica\/wp-content\/uploads\/2023\/03\/20230217-chili-efe-2-lignes-suburbaines-santiago-1-230x153.jpg 230w, https:\/\/www.systra.com\/iberica-hispanoamerica\/wp-content\/uploads\/2023\/03\/20230217-chili-efe-2-lignes-suburbaines-santiago-1.jpg 2000w\" sizes=\"(max-width: 1024px) 100vw, 1024px\" \/><\/figure><\/div>\n\n\n\n<div style=\"height:100px\" aria-hidden=\"true\" class=\"wp-block-spacer\"><\/div>\n\n\n\n<div class=\"wp-block-slider-projects\">\n\t\t\t<h2 class=\"h2like\">Proyectos<\/h2>\n\t\t<div class=\"wrapper-content-slider-projects\">\n\t\t\t\t\t<ul class=\"content-slider-projects\">\n\t\t\t\t\t\t\t\t\t<li class=\"single-slider-projects\">\n\t\t\t\t\t\t<img \n\t\t\t\t\t\t\tsrc=\"https:\/\/www.systra.com\/iberica-hispanoamerica\/wp-content\/uploads\/sites\/30\/2024\/11\/san-francisco-474x474.jpg\" \n\t\t\t\t\t\t\talt=\"Hidroel\u00e9ctrica Alto Maipo-Chile\"\n\t\t\t\t\t\t\twidth=\"474\" \n\t\t\t\t\t\t\theight=\"474\"\n\t\t\t\t\t\t\tloading=\"lazy\"\n\t\t\t\t\t\t\tdecoding=\"async\"\n\t\t\t\t\t\t\tclass=\"slider-background-image\"\n\t\t\t\t\t\t>\n\t\t\t\t\t\t<div class=\"slider-content\">\n\t\t\t\t\t\t\t<a href=\"https:\/\/www.systra.com\/iberica-hispanoamerica\/project\/proyecto-hidroelectrico-alto-maipo-el-volcan-suelo-y-alafalfal\/\" class=\"link-slider-projects\">\n\t\t\t\t\t\t\t\t<span>Hidroel\u00e9ctrica Alto Maipo-Chile<\/span>\n\t\t\t\t\t\t\t<\/a>\n\t\t\t\t\t\t<\/div>\n\t\t\t\t\t<\/li>\n\t\t\t\t\t\t\t\t\t<li class=\"single-slider-projects\">\n\t\t\t\t\t\t<img \n\t\t\t\t\t\t\tsrc=\"https:\/\/www.systra.com\/iberica-hispanoamerica\/wp-content\/uploads\/sites\/30\/2024\/11\/dsc00064-474x474.jpg\" \n\t\t\t\t\t\t\talt=\"Mina Atacama Kozan-Chile\"\n\t\t\t\t\t\t\twidth=\"474\" \n\t\t\t\t\t\t\theight=\"474\"\n\t\t\t\t\t\t\tloading=\"lazy\"\n\t\t\t\t\t\t\tdecoding=\"async\"\n\t\t\t\t\t\t\tclass=\"slider-background-image\"\n\t\t\t\t\t\t>\n\t\t\t\t\t\t<div class=\"slider-content\">\n\t\t\t\t\t\t\t<a href=\"https:\/\/www.systra.com\/iberica-hispanoamerica\/asesoria-geotecnica-del-sector-manto-blanco-mina-atacama-kozan\/\" class=\"link-slider-projects\">\n\t\t\t\t\t\t\t\t<span>Mina Atacama Kozan-Chile<\/span>\n\t\t\t\t\t\t\t<\/a>\n\t\t\t\t\t\t<\/div>\n\t\t\t\t\t<\/li>\n\t\t\t\t\t\t\t\t\t<li class=\"single-slider-projects\">\n\t\t\t\t\t\t<img \n\t\t\t\t\t\t\tsrc=\"https:\/\/www.systra.com\/iberica-hispanoamerica\/wp-content\/uploads\/sites\/30\/2024\/11\/mina-collahuasi-web-474x474.jpg\" \n\t\t\t\t\t\t\talt=\"T\u00fanel El Rosario oeste Collahuasi-Chile\"\n\t\t\t\t\t\t\twidth=\"474\" \n\t\t\t\t\t\t\theight=\"474\"\n\t\t\t\t\t\t\tloading=\"lazy\"\n\t\t\t\t\t\t\tdecoding=\"async\"\n\t\t\t\t\t\t\tclass=\"slider-background-image\"\n\t\t\t\t\t\t>\n\t\t\t\t\t\t<div class=\"slider-content\">\n\t\t\t\t\t\t\t<a href=\"https:\/\/www.systra.com\/iberica-hispanoamerica\/optimizacion-de-sostenimientos-del-tunel-el-rosario-oeste-collahuasi\/\" class=\"link-slider-projects\">\n\t\t\t\t\t\t\t\t<span>T\u00fanel El Rosario oeste Collahuasi-Chile<\/span>\n\t\t\t\t\t\t\t<\/a>\n\t\t\t\t\t\t<\/div>\n\t\t\t\t\t<\/li>\n\t\t\t\t\t\t\t\t\t<li class=\"single-slider-projects\">\n\t\t\t\t\t\t<img \n\t\t\t\t\t\t\tsrc=\"https:\/\/www.systra.com\/iberica-hispanoamerica\/wp-content\/uploads\/2021\/12\/chacao-bridge_4-474x474.jpg\" \n\t\t\t\t\t\t\talt=\"Puente Chacao \u2013 Chile\"\n\t\t\t\t\t\t\twidth=\"474\" \n\t\t\t\t\t\t\theight=\"474\"\n\t\t\t\t\t\t\tloading=\"lazy\"\n\t\t\t\t\t\t\tdecoding=\"async\"\n\t\t\t\t\t\t\tclass=\"slider-background-image\"\n\t\t\t\t\t\t>\n\t\t\t\t\t\t<div class=\"slider-content\">\n\t\t\t\t\t\t\t<a href=\"https:\/\/www.systra.com\/iberica-hispanoamerica\/project\/puente-chacao-chile\/\" class=\"link-slider-projects\">\n\t\t\t\t\t\t\t\t<span>Puente Chacao \u2013 Chile<\/span>\n\t\t\t\t\t\t\t<\/a>\n\t\t\t\t\t\t<\/div>\n\t\t\t\t\t<\/li>\n\t\t\t\t\t\t\t\t\t<li class=\"single-slider-projects\">\n\t\t\t\t\t\t<img \n\t\t\t\t\t\t\tsrc=\"https:\/\/www.systra.com\/iberica-hispanoamerica\/wp-content\/uploads\/sites\/30\/2025\/01\/gettyimages-1298740185-3-1-474x474.jpg\" \n\t\t\t\t\t\t\talt=\"Ingenieria de sistemas para el metro de Santiago, Chile.\"\n\t\t\t\t\t\t\twidth=\"474\" \n\t\t\t\t\t\t\theight=\"474\"\n\t\t\t\t\t\t\tloading=\"lazy\"\n\t\t\t\t\t\t\tdecoding=\"async\"\n\t\t\t\t\t\t\tclass=\"slider-background-image\"\n\t\t\t\t\t\t>\n\t\t\t\t\t\t<div class=\"slider-content\">\n\t\t\t\t\t\t\t<a href=\"https:\/\/www.systra.com\/iberica-hispanoamerica\/project\/santiago-metro-chile\/\" class=\"link-slider-projects\">\n\t\t\t\t\t\t\t\t<span>Ingenieria de sistemas para el metro de Santiago, Chile.<\/span>\n\t\t\t\t\t\t\t<\/a>\n\t\t\t\t\t\t<\/div>\n\t\t\t\t\t<\/li>\n\t\t\t\t\t\t\t\t\t<li class=\"single-slider-projects\">\n\t\t\t\t\t\t<img \n\t\t\t\t\t\t\tsrc=\"https:\/\/www.systra.com\/iberica-hispanoamerica\/wp-content\/uploads\/sites\/30\/2025\/01\/2009-getty-176157410-474x474.jpg\" \n\t\t\t\t\t\t\talt=\"Modelo de obsolescencia para la red ferroviaria chilena \u2013 Chile\"\n\t\t\t\t\t\t\twidth=\"474\" \n\t\t\t\t\t\t\theight=\"474\"\n\t\t\t\t\t\t\tloading=\"lazy\"\n\t\t\t\t\t\t\tdecoding=\"async\"\n\t\t\t\t\t\t\tclass=\"slider-background-image\"\n\t\t\t\t\t\t>\n\t\t\t\t\t\t<div class=\"slider-content\">\n\t\t\t\t\t\t\t<a href=\"https:\/\/www.systra.com\/iberica-hispanoamerica\/project\/modelo-de-obsolescencia-para-la-red-ferroviaria-chilena-chile\/\" class=\"link-slider-projects\">\n\t\t\t\t\t\t\t\t<span>Modelo de obsolescencia para la red ferroviaria chilena \u2013 Chile<\/span>\n\t\t\t\t\t\t\t<\/a>\n\t\t\t\t\t\t<\/div>\n\t\t\t\t\t<\/li>\n\t\t\t\t\t\t\t\t\t<li class=\"single-slider-projects\">\n\t\t\t\t\t\t<img \n\t\t\t\t\t\t\tsrc=\"https:\/\/www.systra.com\/iberica-hispanoamerica\/wp-content\/uploads\/sites\/30\/2025\/01\/medioambiente-768x512-2-474x474.jpg\" \n\t\t\t\t\t\t\talt=\"Ingenier\u00eda de detalle: Am\u00e9rico Vespucio Oriente. El Salto \u2013 Pr\u00edncipe de Gales, Chile\"\n\t\t\t\t\t\t\twidth=\"474\" \n\t\t\t\t\t\t\theight=\"474\"\n\t\t\t\t\t\t\tloading=\"lazy\"\n\t\t\t\t\t\t\tdecoding=\"async\"\n\t\t\t\t\t\t\tclass=\"slider-background-image\"\n\t\t\t\t\t\t>\n\t\t\t\t\t\t<div class=\"slider-content\">\n\t\t\t\t\t\t\t<a href=\"https:\/\/www.systra.com\/iberica-hispanoamerica\/project\/ingenieria-detalle-americo-vespucio-oriente-el-salto-principe-de-gales\/\" class=\"link-slider-projects\">\n\t\t\t\t\t\t\t\t<span>Ingenier\u00eda de detalle: Am\u00e9rico Vespucio Oriente. El Salto \u2013 Pr\u00edncipe de Gales, Chile<\/span>\n\t\t\t\t\t\t\t<\/a>\n\t\t\t\t\t\t<\/div>\n\t\t\t\t\t<\/li>\n\t\t\t\t\t\t\t\t\t<li class=\"single-slider-projects\">\n\t\t\t\t\t\t<img \n\t\t\t\t\t\t\tsrc=\"https:\/\/www.systra.com\/iberica-hispanoamerica\/wp-content\/uploads\/sites\/30\/2025\/01\/avoii-1.jpg\" \n\t\t\t\t\t\t\talt=\"Concesi\u00f3n Am\u00e9rico Vespucio Oriente \u2013 Tramo Avenida Pr\u00edncipe de Gales \u2013 Los Presidentes (AVO II), Chile\"\n\t\t\t\t\t\t\twidth=\"474\" \n\t\t\t\t\t\t\theight=\"474\"\n\t\t\t\t\t\t\tloading=\"lazy\"\n\t\t\t\t\t\t\tdecoding=\"async\"\n\t\t\t\t\t\t\tclass=\"slider-background-image\"\n\t\t\t\t\t\t>\n\t\t\t\t\t\t<div class=\"slider-content\">\n\t\t\t\t\t\t\t<a href=\"https:\/\/www.systra.com\/iberica-hispanoamerica\/project\/concesion-americo-vespucio-oriente-tramo-avenida-principe-de-gales-los-presidentes-avo-ii\/\" class=\"link-slider-projects\">\n\t\t\t\t\t\t\t\t<span>Concesi\u00f3n Am\u00e9rico Vespucio Oriente \u2013 Tramo Avenida Pr\u00edncipe de Gales \u2013 Los Presidentes (AVO II), Chile<\/span>\n\t\t\t\t\t\t\t<\/a>\n\t\t\t\t\t\t<\/div>\n\t\t\t\t\t<\/li>\n\t\t\t\t\t\t\t\t\t<li class=\"single-slider-projects\">\n\t\t\t\t\t\t<img \n\t\t\t\t\t\t\tsrc=\"https:\/\/www.systra.com\/iberica-hispanoamerica\/wp-content\/uploads\/sites\/30\/2025\/01\/chamisero-2-474x474.jpg\" \n\t\t\t\t\t\t\talt=\"Ingenier\u00eda de detalle y Supervisi\u00f3n de obra Radial Nororiente, T\u00fanel Chamisero 2 &#8211; Chile\"\n\t\t\t\t\t\t\twidth=\"474\" \n\t\t\t\t\t\t\theight=\"474\"\n\t\t\t\t\t\t\tloading=\"lazy\"\n\t\t\t\t\t\t\tdecoding=\"async\"\n\t\t\t\t\t\t\tclass=\"slider-background-image\"\n\t\t\t\t\t\t>\n\t\t\t\t\t\t<div class=\"slider-content\">\n\t\t\t\t\t\t\t<a href=\"https:\/\/www.systra.com\/iberica-hispanoamerica\/project\/ingenieria-de-detalle-y-supervision-de-obra-radial-nororiente-tunel-chamisero-2-chile\/\" class=\"link-slider-projects\">\n\t\t\t\t\t\t\t\t<span>Ingenier\u00eda de detalle y Supervisi\u00f3n de obra Radial Nororiente, T\u00fanel Chamisero 2 &#8211; Chile<\/span>\n\t\t\t\t\t\t\t<\/a>\n\t\t\t\t\t\t<\/div>\n\t\t\t\t\t<\/li>\n\t\t\t\t\t\t\t\t\t<li class=\"single-slider-projects\">\n\t\t\t\t\t\t<img \n\t\t\t\t\t\t\tsrc=\"https:\/\/www.systra.com\/iberica-hispanoamerica\/wp-content\/uploads\/sites\/30\/2025\/01\/l7-474x474.jpeg\" \n\t\t\t\t\t\t\talt=\"Ingenieria de detalle del tramo B de la Linea 7 del Metro de Santiago, Chile\"\n\t\t\t\t\t\t\twidth=\"474\" \n\t\t\t\t\t\t\theight=\"474\"\n\t\t\t\t\t\t\tloading=\"lazy\"\n\t\t\t\t\t\t\tdecoding=\"async\"\n\t\t\t\t\t\t\tclass=\"slider-background-image\"\n\t\t\t\t\t\t>\n\t\t\t\t\t\t<div class=\"slider-content\">\n\t\t\t\t\t\t\t<a href=\"https:\/\/www.systra.com\/iberica-hispanoamerica\/project\/ingenieria-de-detalle-del-tramo-b-de-la-linea-7-del-metro-de-santiago-chile\/\" class=\"link-slider-projects\">\n\t\t\t\t\t\t\t\t<span>Ingenieria de detalle del tramo B de la Linea 7 del Metro de Santiago, Chile<\/span>\n\t\t\t\t\t\t\t<\/a>\n\t\t\t\t\t\t<\/div>\n\t\t\t\t\t<\/li>\n\t\t\t\t\t\t\t<\/ul>\n\t\t\t\t\t\t<\/div>\n\t<\/div>\n\n\n<div style=\"height:100px\" aria-hidden=\"true\" class=\"wp-block-spacer\"><\/div>\n\n\n\n<div class=\"wp-block-group\"><div class=\"wp-block-group__inner-container is-layout-constrained wp-block-group-is-layout-constrained\">\n<h3 class=\"wp-block-heading\" id=\"h-contacto\">Contacto<\/h3>\n\n\n\n<div style=\"height:30px\" aria-hidden=\"true\" class=\"wp-block-spacer\"><\/div>\n\n\n\n<p><strong>Chile<\/strong><\/p>\n\n\n\n<p><a href=\"mailto:systra.chile@systra.com\">systra.chile@systra.com<\/a><\/p>\n\n\n\n<div style=\"height:80px\" aria-hidden=\"true\" class=\"wp-block-spacer\"><\/div>\n\n\n\n<h3 class=\"wp-block-heading\" id=\"h-ubicacion\">Ubicaci\u00f3n<\/h3>\n\n\n\n<div style=\"height:30px\" aria-hidden=\"true\" class=\"wp-block-spacer\"><\/div>\n\n\n\n<p><strong>Santiago de Chile<\/strong><\/p>\n\n\n\n<p><strong>SYSTRA Agencia en Chile :<\/strong><\/p>\n\n\n\n<p>Merced 480, 8320148 Santiago,<\/p>\n\n\n\n<p>Regi\u00f3n Metropolitana, Chile<\/p>\n\n\n\n<div style=\"height:30px\" aria-hidden=\"true\" class=\"wp-block-spacer\"><\/div>\n\n\n\n<p><strong>SYSTRA Subterra<\/strong><\/p>\n\n\n\n<p>Calle Alfredo Barros Errazuriz N1960, <\/p>\n\n\n\n<p>piso 9, Providencia, Santiago, Chile.<\/p>\n<\/div><\/div>\n\n\n\n<div style=\"height:100px\" aria-hidden=\"true\" class=\"wp-block-spacer\"><\/div>\n\n\n\n<div class=\"wp-block-buttons is-content-justification-center is-layout-flex wp-container-core-buttons-is-layout-16018d1d wp-block-buttons-is-layout-flex\">\n<div class=\"wp-block-button\"><a class=\"wp-block-button__link has-dusty-blue-background-color has-background wp-element-button\" href=\"https:\/\/www.systra.com\/iberica-hispanoamerica\/\">volver a SYSTRA Ib\u00e9ria &amp; Hispanoamerica<\/a><\/div>\n<\/div>\n","protected":false},"excerpt":{"rendered":"<p>Innovaci\u00f3n en infraestructura desde 1967 Contacto Chile systra.chile@systra.com Ubicaci\u00f3n Santiago de Chile SYSTRA Agencia en Chile : Merced 480, 8320148 Santiago, Regi\u00f3n Metropolitana, Chile SYSTRA Subterra Calle Alfredo Barros Errazuriz N1960, piso 9, Providencia, Santiago, Chile.<\/p>\n","protected":false},"author":2,"featured_media":10000024167335,"parent":1727,"menu_order":0,"comment_status":"closed","ping_status":"closed","template":"","meta":{"_acf_changed":false,"_relevanssi_hide_post":"","_relevanssi_hide_content":"","_relevanssi_pin_for_all":"","_relevanssi_pin_keywords":"","_relevanssi_unpin_keywords":"","_relevanssi_related_keywords":"","_relevanssi_related_include_ids":"","_relevanssi_related_exclude_ids":"","_relevanssi_related_no_append":"","_relevanssi_related_not_related":"","_relevanssi_related_posts":"1","_relevanssi_noindex_reason":"","footnotes":""},"class_list":["post-55","page","type-page","status-publish","has-post-thumbnail","hentry"],"acf":[],"yoast_head":"<!-- This site is optimized with the Yoast SEO Premium plugin v27.4 (Yoast SEO v27.4) - https:\/\/yoast.com\/product\/yoast-seo-premium-wordpress\/ -->\n<title>SYSTRA Chile - Ib\u00e9rica &amp; Hispanoam\u00e9rica<\/title>\n<meta name=\"robots\" content=\"index, follow, max-snippet:-1, max-image-preview:large, max-video-preview:-1\" \/>\n<meta property=\"og:locale\" content=\"en_US\" \/>\n<meta property=\"og:type\" content=\"article\" \/>\n<meta property=\"og:title\" content=\"SYSTRA Chile\" \/>\n<meta property=\"og:description\" content=\"Innovaci\u00f3n en infraestructura desde 1967 Contacto Chile systra.chile@systra.com Ubicaci\u00f3n Santiago de Chile SYSTRA Agencia en Chile : Merced 480, 8320148 Santiago, Regi\u00f3n Metropolitana, Chile SYSTRA Subterra Calle Alfredo Barros Errazuriz N1960, piso 9, Providencia, Santiago, Chile.\" \/>\n<meta property=\"og:url\" content=\"https:\/\/www.systra.com\/iberica-hispanoamerica\/nuestra-ubicacion\/systra-chile\/\" \/>\n<meta property=\"og:site_name\" content=\"Ib\u00e9rica &amp; Hispanoam\u00e9rica\" \/>\n<meta property=\"article:modified_time\" content=\"2025-01-30T16:16:43+00:00\" \/>\n<meta name=\"twitter:card\" content=\"summary_large_image\" \/>\n<meta name=\"twitter:label1\" content=\"Est. reading time\" \/>\n\t<meta name=\"twitter:data1\" content=\"2 minutes\" \/>\n<script type=\"application\/ld+json\" class=\"yoast-schema-graph\">{\"@context\":\"https:\\\/\\\/schema.org\",\"@graph\":[{\"@type\":\"WebPage\",\"@id\":\"https:\\\/\\\/www.systra.com\\\/iberica-hispanoamerica\\\/nuestra-ubicacion\\\/systra-chile\\\/\",\"url\":\"https:\\\/\\\/www.systra.com\\\/iberica-hispanoamerica\\\/nuestra-ubicacion\\\/systra-chile\\\/\",\"name\":\"SYSTRA Chile - Ib\u00e9rica &amp; Hispanoam\u00e9rica\",\"isPartOf\":{\"@id\":\"https:\\\/\\\/www.systra.com\\\/iberica-hispanoamerica\\\/#website\"},\"primaryImageOfPage\":{\"@id\":\"https:\\\/\\\/www.systra.com\\\/iberica-hispanoamerica\\\/nuestra-ubicacion\\\/systra-chile\\\/#primaryimage\"},\"image\":{\"@id\":\"https:\\\/\\\/www.systra.com\\\/iberica-hispanoamerica\\\/nuestra-ubicacion\\\/systra-chile\\\/#primaryimage\"},\"thumbnailUrl\":\"https:\\\/\\\/www.systra.com\\\/iberica-hispanoamerica\\\/wp-content\\\/uploads\\\/2024\\\/06\\\/gettyimages-1346412747-scaled.jpg\",\"datePublished\":\"2024-08-05T13:36:08+00:00\",\"dateModified\":\"2025-01-30T16:16:43+00:00\",\"breadcrumb\":{\"@id\":\"https:\\\/\\\/www.systra.com\\\/iberica-hispanoamerica\\\/nuestra-ubicacion\\\/systra-chile\\\/#breadcrumb\"},\"inLanguage\":\"en-US\",\"potentialAction\":[{\"@type\":\"ReadAction\",\"target\":[\"https:\\\/\\\/www.systra.com\\\/iberica-hispanoamerica\\\/nuestra-ubicacion\\\/systra-chile\\\/\"]}]},{\"@type\":\"ImageObject\",\"inLanguage\":\"en-US\",\"@id\":\"https:\\\/\\\/www.systra.com\\\/iberica-hispanoamerica\\\/nuestra-ubicacion\\\/systra-chile\\\/#primaryimage\",\"url\":\"https:\\\/\\\/www.systra.com\\\/iberica-hispanoamerica\\\/wp-content\\\/uploads\\\/2024\\\/06\\\/gettyimages-1346412747-scaled.jpg\",\"contentUrl\":\"https:\\\/\\\/www.systra.com\\\/iberica-hispanoamerica\\\/wp-content\\\/uploads\\\/2024\\\/06\\\/gettyimages-1346412747-scaled.jpg\"},{\"@type\":\"BreadcrumbList\",\"@id\":\"https:\\\/\\\/www.systra.com\\\/iberica-hispanoamerica\\\/nuestra-ubicacion\\\/systra-chile\\\/#breadcrumb\",\"itemListElement\":[{\"@type\":\"ListItem\",\"position\":1,\"name\":\"Accueil\",\"item\":\"https:\\\/\\\/www.systra.com\\\/iberica-hispanoamerica\\\/\"},{\"@type\":\"ListItem\",\"position\":2,\"name\":\"Nuestra ubicaci\u00f3n\",\"item\":\"https:\\\/\\\/www.systra.com\\\/spain-hispanoamerica\\\/nuestra-ubicacion\\\/\"},{\"@type\":\"ListItem\",\"position\":3,\"name\":\"SYSTRA Chile\"}]},{\"@type\":\"WebSite\",\"@id\":\"https:\\\/\\\/www.systra.com\\\/iberica-hispanoamerica\\\/#website\",\"url\":\"https:\\\/\\\/www.systra.com\\\/iberica-hispanoamerica\\\/\",\"name\":\"Ib\u00e9rica &amp; Hispanoam\u00e9rica\",\"description\":\"\",\"publisher\":{\"@id\":\"https:\\\/\\\/www.systra.com\\\/iberica-hispanoamerica\\\/#organization\"},\"potentialAction\":[{\"@type\":\"SearchAction\",\"target\":{\"@type\":\"EntryPoint\",\"urlTemplate\":\"https:\\\/\\\/www.systra.com\\\/iberica-hispanoamerica\\\/?s={search_term_string}\"},\"query-input\":{\"@type\":\"PropertyValueSpecification\",\"valueRequired\":true,\"valueName\":\"search_term_string\"}}],\"inLanguage\":\"en-US\"},{\"@type\":\"Organization\",\"@id\":\"https:\\\/\\\/www.systra.com\\\/iberica-hispanoamerica\\\/#organization\",\"name\":\"Ib\u00e9rica &amp; Hispanoam\u00e9rica\",\"url\":\"https:\\\/\\\/www.systra.com\\\/iberica-hispanoamerica\\\/\",\"logo\":{\"@type\":\"ImageObject\",\"inLanguage\":\"en-US\",\"@id\":\"https:\\\/\\\/www.systra.com\\\/iberica-hispanoamerica\\\/#\\\/schema\\\/logo\\\/image\\\/\",\"url\":\"https:\\\/\\\/www.systra.com\\\/iberica-hispanoamerica\\\/wp-content\\\/uploads\\\/sites\\\/30\\\/2024\\\/12\\\/logo3.svg\",\"contentUrl\":\"https:\\\/\\\/www.systra.com\\\/iberica-hispanoamerica\\\/wp-content\\\/uploads\\\/sites\\\/30\\\/2024\\\/12\\\/logo3.svg\",\"width\":468,\"height\":469,\"caption\":\"Ib\u00e9rica &amp; Hispanoam\u00e9rica\"},\"image\":{\"@id\":\"https:\\\/\\\/www.systra.com\\\/iberica-hispanoamerica\\\/#\\\/schema\\\/logo\\\/image\\\/\"}}]}<\/script>\n<!-- \/ Yoast SEO Premium plugin. -->","yoast_head_json":{"title":"SYSTRA Chile - Ib\u00e9rica &amp; Hispanoam\u00e9rica","robots":{"index":"index","follow":"follow","max-snippet":"max-snippet:-1","max-image-preview":"max-image-preview:large","max-video-preview":"max-video-preview:-1"},"og_locale":"en_US","og_type":"article","og_title":"SYSTRA Chile","og_description":"Innovaci\u00f3n en infraestructura desde 1967 Contacto Chile systra.chile@systra.com Ubicaci\u00f3n Santiago de Chile SYSTRA Agencia en Chile : Merced 480, 8320148 Santiago, Regi\u00f3n Metropolitana, Chile SYSTRA Subterra Calle Alfredo Barros Errazuriz N1960, piso 9, Providencia, Santiago, Chile.","og_url":"https:\/\/www.systra.com\/iberica-hispanoamerica\/nuestra-ubicacion\/systra-chile\/","og_site_name":"Ib\u00e9rica &amp; Hispanoam\u00e9rica","article_modified_time":"2025-01-30T16:16:43+00:00","twitter_card":"summary_large_image","twitter_misc":{"Est. reading time":"2 minutes"},"schema":{"@context":"https:\/\/schema.org","@graph":[{"@type":"WebPage","@id":"https:\/\/www.systra.com\/iberica-hispanoamerica\/nuestra-ubicacion\/systra-chile\/","url":"https:\/\/www.systra.com\/iberica-hispanoamerica\/nuestra-ubicacion\/systra-chile\/","name":"SYSTRA Chile - Ib\u00e9rica &amp; Hispanoam\u00e9rica","isPartOf":{"@id":"https:\/\/www.systra.com\/iberica-hispanoamerica\/#website"},"primaryImageOfPage":{"@id":"https:\/\/www.systra.com\/iberica-hispanoamerica\/nuestra-ubicacion\/systra-chile\/#primaryimage"},"image":{"@id":"https:\/\/www.systra.com\/iberica-hispanoamerica\/nuestra-ubicacion\/systra-chile\/#primaryimage"},"thumbnailUrl":"https:\/\/www.systra.com\/iberica-hispanoamerica\/wp-content\/uploads\/2024\/06\/gettyimages-1346412747-scaled.jpg","datePublished":"2024-08-05T13:36:08+00:00","dateModified":"2025-01-30T16:16:43+00:00","breadcrumb":{"@id":"https:\/\/www.systra.com\/iberica-hispanoamerica\/nuestra-ubicacion\/systra-chile\/#breadcrumb"},"inLanguage":"en-US","potentialAction":[{"@type":"ReadAction","target":["https:\/\/www.systra.com\/iberica-hispanoamerica\/nuestra-ubicacion\/systra-chile\/"]}]},{"@type":"ImageObject","inLanguage":"en-US","@id":"https:\/\/www.systra.com\/iberica-hispanoamerica\/nuestra-ubicacion\/systra-chile\/#primaryimage","url":"https:\/\/www.systra.com\/iberica-hispanoamerica\/wp-content\/uploads\/2024\/06\/gettyimages-1346412747-scaled.jpg","contentUrl":"https:\/\/www.systra.com\/iberica-hispanoamerica\/wp-content\/uploads\/2024\/06\/gettyimages-1346412747-scaled.jpg"},{"@type":"BreadcrumbList","@id":"https:\/\/www.systra.com\/iberica-hispanoamerica\/nuestra-ubicacion\/systra-chile\/#breadcrumb","itemListElement":[{"@type":"ListItem","position":1,"name":"Accueil","item":"https:\/\/www.systra.com\/iberica-hispanoamerica\/"},{"@type":"ListItem","position":2,"name":"Nuestra ubicaci\u00f3n","item":"https:\/\/www.systra.com\/spain-hispanoamerica\/nuestra-ubicacion\/"},{"@type":"ListItem","position":3,"name":"SYSTRA Chile"}]},{"@type":"WebSite","@id":"https:\/\/www.systra.com\/iberica-hispanoamerica\/#website","url":"https:\/\/www.systra.com\/iberica-hispanoamerica\/","name":"Ib\u00e9rica &amp; Hispanoam\u00e9rica","description":"","publisher":{"@id":"https:\/\/www.systra.com\/iberica-hispanoamerica\/#organization"},"potentialAction":[{"@type":"SearchAction","target":{"@type":"EntryPoint","urlTemplate":"https:\/\/www.systra.com\/iberica-hispanoamerica\/?s={search_term_string}"},"query-input":{"@type":"PropertyValueSpecification","valueRequired":true,"valueName":"search_term_string"}}],"inLanguage":"en-US"},{"@type":"Organization","@id":"https:\/\/www.systra.com\/iberica-hispanoamerica\/#organization","name":"Ib\u00e9rica &amp; Hispanoam\u00e9rica","url":"https:\/\/www.systra.com\/iberica-hispanoamerica\/","logo":{"@type":"ImageObject","inLanguage":"en-US","@id":"https:\/\/www.systra.com\/iberica-hispanoamerica\/#\/schema\/logo\/image\/","url":"https:\/\/www.systra.com\/iberica-hispanoamerica\/wp-content\/uploads\/sites\/30\/2024\/12\/logo3.svg","contentUrl":"https:\/\/www.systra.com\/iberica-hispanoamerica\/wp-content\/uploads\/sites\/30\/2024\/12\/logo3.svg","width":468,"height":469,"caption":"Ib\u00e9rica &amp; Hispanoam\u00e9rica"},"image":{"@id":"https:\/\/www.systra.com\/iberica-hispanoamerica\/#\/schema\/logo\/image\/"}}]}},"lang":"es","translations":{"es":55},"pll_sync_post":[],"_links":{"self":[{"href":"https:\/\/www.systra.com\/iberica-hispanoamerica\/wp-json\/wp\/v2\/pages\/55","targetHints":{"allow":["GET"]}}],"collection":[{"href":"https:\/\/www.systra.com\/iberica-hispanoamerica\/wp-json\/wp\/v2\/pages"}],"about":[{"href":"https:\/\/www.systra.com\/iberica-hispanoamerica\/wp-json\/wp\/v2\/types\/page"}],"author":[{"embeddable":true,"href":"https:\/\/www.systra.com\/iberica-hispanoamerica\/wp-json\/wp\/v2\/users\/2"}],"replies":[{"embeddable":true,"href":"https:\/\/www.systra.com\/iberica-hispanoamerica\/wp-json\/wp\/v2\/comments?post=55"}],"version-history":[{"count":3,"href":"https:\/\/www.systra.com\/iberica-hispanoamerica\/wp-json\/wp\/v2\/pages\/55\/revisions"}],"predecessor-version":[{"id":2952,"href":"https:\/\/www.systra.com\/iberica-hispanoamerica\/wp-json\/wp\/v2\/pages\/55\/revisions\/2952"}],"up":[{"embeddable":true,"href":"https:\/\/www.systra.com\/iberica-hispanoamerica\/wp-json\/wp\/v2\/pages\/1727"}],"wp:featuredmedia":[{"embeddable":true,"href":"https:\/\/www.systra.com\/iberica-hispanoamerica\/wp-json\/"}],"wp:attachment":[{"href":"https:\/\/www.systra.com\/iberica-hispanoamerica\/wp-json\/wp\/v2\/media?parent=55"}],"curies":[{"name":"wp","href":"https:\/\/api.w.org\/{rel}","templated":true}]}}