{"id":53,"date":"2024-08-05T15:34:43","date_gmt":"2024-08-05T13:34:43","guid":{"rendered":"https:\/\/www.systra.com\/iberica-hispanoamerica\/?page_id=53"},"modified":"2025-01-30T17:17:37","modified_gmt":"2025-01-30T16:17:37","slug":"systra-colombia","status":"publish","type":"page","link":"https:\/\/www.systra.com\/iberica-hispanoamerica\/nuestra-ubicacion\/systra-colombia\/","title":{"rendered":"SYSTRA Colombia"},"content":{"rendered":"\n<div style=\"height:50px\" aria-hidden=\"true\" class=\"wp-block-spacer\"><\/div>\n\n\n\n<h2 class=\"wp-block-heading has-text-align-left\" id=\"h-ingenieria-de-clase-mundial-en-colombia-nbsp\">Ingenier\u00eda de Clase Mundial en Colombia&nbsp;<\/h2>\n\n\n\n<div style=\"height:100px\" aria-hidden=\"true\" class=\"wp-block-spacer\"><\/div>\n\n\n\n<div class=\"wp-block-media-text is-stacked-on-mobile is-style-offer-with-rail\"><figure class=\"wp-block-media-text__media\"><img decoding=\"async\" src=\"https:\/\/www.systra.com\/iberica-hispanoamerica\/wp-content\/uploads\/2022\/09\/bus-bogota-1024x680.jpg\" alt=\"\" class=\"wp-image-1000008923494 size-full\" srcset=\"https:\/\/www.systra.com\/iberica-hispanoamerica\/wp-content\/uploads\/2022\/09\/bus-bogota-1024x680.jpg 1024w, https:\/\/www.systra.com\/iberica-hispanoamerica\/wp-content\/uploads\/2022\/09\/bus-bogota-300x199.jpg 300w, https:\/\/www.systra.com\/iberica-hispanoamerica\/wp-content\/uploads\/2022\/09\/bus-bogota-768x510.jpg 768w, https:\/\/www.systra.com\/iberica-hispanoamerica\/wp-content\/uploads\/2022\/09\/bus-bogota-1536x1020.jpg 1536w, https:\/\/www.systra.com\/iberica-hispanoamerica\/wp-content\/uploads\/2022\/09\/bus-bogota-2048x1360.jpg 2048w, https:\/\/www.systra.com\/iberica-hispanoamerica\/wp-content\/uploads\/2022\/09\/bus-bogota-375x250.jpg 375w, https:\/\/www.systra.com\/iberica-hispanoamerica\/wp-content\/uploads\/2022\/09\/bus-bogota-376x250.jpg 376w, https:\/\/www.systra.com\/iberica-hispanoamerica\/wp-content\/uploads\/2022\/09\/bus-bogota-474x315.jpg 474w, https:\/\/www.systra.com\/iberica-hispanoamerica\/wp-content\/uploads\/2022\/09\/bus-bogota-75x50.jpg 75w, https:\/\/www.systra.com\/iberica-hispanoamerica\/wp-content\/uploads\/2022\/09\/bus-bogota-1700x1129.jpg 1700w, https:\/\/www.systra.com\/iberica-hispanoamerica\/wp-content\/uploads\/2022\/09\/bus-bogota-1352x898.jpg 1352w, https:\/\/www.systra.com\/iberica-hispanoamerica\/wp-content\/uploads\/2022\/09\/bus-bogota-800x531.jpg 800w, https:\/\/www.systra.com\/iberica-hispanoamerica\/wp-content\/uploads\/2022\/09\/bus-bogota-180x120.jpg 180w, https:\/\/www.systra.com\/iberica-hispanoamerica\/wp-content\/uploads\/2022\/09\/bus-bogota-153x102.jpg 153w, https:\/\/www.systra.com\/iberica-hispanoamerica\/wp-content\/uploads\/2022\/09\/bus-bogota-230x153.jpg 230w\" sizes=\"(max-width: 1024px) 100vw, 1024px\" \/><\/figure><div class=\"wp-block-media-text__content\">\n<div style=\"height:30px\" aria-hidden=\"true\" class=\"wp-block-spacer\"><\/div>\n\n\n\n<p>Con proyectos realizados en Colombia desde los a\u00f1os 60, SYSTRA es un actor clave en el desarrollo del transporte p\u00fablico en el pa\u00eds. En los \u00faltimos a\u00f1os, nuestros equipos han participado en la creaci\u00f3n del metro&nbsp;de Bogot\u00e1, con estudios preliminares para la l\u00ednea 1 y su prolongaci\u00f3n, y estudios de construcci\u00f3n para la l\u00ednea 2. <\/p>\n\n\n\n<p>Fuera de la capital, el Grupo tambi\u00e9n participa en planes de movilidad y estudios para telef\u00e9ricos y tranv\u00edas&nbsp;en Cali, Cartagena y Medell\u00edn.<\/p>\n\n\n\n<p>En los \u00faltimos diez a\u00f1os, SYSTRA Subterra tambi\u00e9n ha participado en la construcci\u00f3n de numerosos t\u00faneles para la red de autopistas 4G, lo que est\u00e1 cambiando el tiempo y el coste del transporte de personas y mercanc\u00edas en este pa\u00eds.<\/p>\n\n\n\n<div style=\"height:30px\" aria-hidden=\"true\" class=\"wp-block-spacer\"><\/div>\n<\/div><\/div>\n\n\n\n<div style=\"height:100px\" aria-hidden=\"true\" class=\"wp-block-spacer\"><\/div>\n\n\n\n<div class=\"wp-block-slider-projects\">\n\t\t<div class=\"wrapper-content-slider-projects\">\n\t\t\t\t\t<ul class=\"content-slider-projects\">\n\t\t\t\t\t\t\t\t\t<li class=\"single-slider-projects\">\n\t\t\t\t\t\t<img \n\t\t\t\t\t\t\tsrc=\"https:\/\/www.systra.com\/iberica-hispanoamerica\/wp-content\/uploads\/2021\/08\/bogota-1-474x474.jpg\" \n\t\t\t\t\t\t\talt=\"Bus de Tr\u00e1nsito R\u00e1pido Corredor Verde Carrera 7, Bogot\u00e1, Colombia.\"\n\t\t\t\t\t\t\twidth=\"474\" \n\t\t\t\t\t\t\theight=\"474\"\n\t\t\t\t\t\t\tloading=\"lazy\"\n\t\t\t\t\t\t\tdecoding=\"async\"\n\t\t\t\t\t\t\tclass=\"slider-background-image\"\n\t\t\t\t\t\t>\n\t\t\t\t\t\t<div class=\"slider-content\">\n\t\t\t\t\t\t\t<a href=\"https:\/\/www.systra.com\/iberica-hispanoamerica\/project\/proyecto-de-autobuses-de-transito-rapido-systra-en-colombia\/\" class=\"link-slider-projects\">\n\t\t\t\t\t\t\t\t<span>Bus de Tr\u00e1nsito R\u00e1pido Corredor Verde Carrera 7, Bogot\u00e1, Colombia.<\/span>\n\t\t\t\t\t\t\t<\/a>\n\t\t\t\t\t\t<\/div>\n\t\t\t\t\t<\/li>\n\t\t\t\t\t\t\t\t\t<li class=\"single-slider-projects\">\n\t\t\t\t\t\t<img \n\t\t\t\t\t\t\tsrc=\"https:\/\/www.systra.com\/iberica-hispanoamerica\/wp-content\/uploads\/2022\/02\/bogota-474x450.jpg\" \n\t\t\t\t\t\t\talt=\"L\u00ednea 2 del Bogot\u00e1 Metro &#8211; Colombia\"\n\t\t\t\t\t\t\twidth=\"474\" \n\t\t\t\t\t\t\theight=\"474\"\n\t\t\t\t\t\t\tloading=\"lazy\"\n\t\t\t\t\t\t\tdecoding=\"async\"\n\t\t\t\t\t\t\tclass=\"slider-background-image\"\n\t\t\t\t\t\t>\n\t\t\t\t\t\t<div class=\"slider-content\">\n\t\t\t\t\t\t\t<a href=\"https:\/\/www.systra.com\/iberica-hispanoamerica\/project\/segunda-linea-bogota\/\" class=\"link-slider-projects\">\n\t\t\t\t\t\t\t\t<span>L\u00ednea 2 del Bogot\u00e1 Metro &#8211; Colombia<\/span>\n\t\t\t\t\t\t\t<\/a>\n\t\t\t\t\t\t<\/div>\n\t\t\t\t\t<\/li>\n\t\t\t\t\t\t\t\t\t<li class=\"single-slider-projects\">\n\t\t\t\t\t\t<img \n\t\t\t\t\t\t\tsrc=\"https:\/\/www.systra.com\/iberica-hispanoamerica\/wp-content\/uploads\/sites\/30\/2024\/11\/low-angle-shot-cableway-cloudy-sky-474x474.jpg\" \n\t\t\t\t\t\t\talt=\"Telef\u00e9rico San Rafael- Bogot\u00e1-Colombia\"\n\t\t\t\t\t\t\twidth=\"474\" \n\t\t\t\t\t\t\theight=\"474\"\n\t\t\t\t\t\t\tloading=\"lazy\"\n\t\t\t\t\t\t\tdecoding=\"async\"\n\t\t\t\t\t\t\tclass=\"slider-background-image\"\n\t\t\t\t\t\t>\n\t\t\t\t\t\t<div class=\"slider-content\">\n\t\t\t\t\t\t\t<a href=\"https:\/\/www.systra.com\/iberica-hispanoamerica\/project\/teleferico-san-rafael-bogota-colombia\/\" class=\"link-slider-projects\">\n\t\t\t\t\t\t\t\t<span>Telef\u00e9rico San Rafael- Bogot\u00e1-Colombia<\/span>\n\t\t\t\t\t\t\t<\/a>\n\t\t\t\t\t\t<\/div>\n\t\t\t\t\t<\/li>\n\t\t\t\t\t\t\t\t\t<li class=\"single-slider-projects\">\n\t\t\t\t\t\t<img \n\t\t\t\t\t\t\tsrc=\"https:\/\/www.systra.com\/iberica-hispanoamerica\/wp-content\/uploads\/sites\/30\/2025\/01\/la-quiebra-474x474.jpg\" \n\t\t\t\t\t\t\talt=\"Acompa\u00f1amiento durante ejecuci\u00f3n de\u00a0 obra, T\u00faneles de La Quiebra -Colombia\"\n\t\t\t\t\t\t\twidth=\"474\" \n\t\t\t\t\t\t\theight=\"474\"\n\t\t\t\t\t\t\tloading=\"lazy\"\n\t\t\t\t\t\t\tdecoding=\"async\"\n\t\t\t\t\t\t\tclass=\"slider-background-image\"\n\t\t\t\t\t\t>\n\t\t\t\t\t\t<div class=\"slider-content\">\n\t\t\t\t\t\t\t<a href=\"https:\/\/www.systra.com\/iberica-hispanoamerica\/project\/acompanamiento-durante-ejecucion-de-obra-tuneles-de-la-quiebra-colombia\/\" class=\"link-slider-projects\">\n\t\t\t\t\t\t\t\t<span>Acompa\u00f1amiento durante ejecuci\u00f3n de\u00a0 obra, T\u00faneles de La Quiebra -Colombia<\/span>\n\t\t\t\t\t\t\t<\/a>\n\t\t\t\t\t\t<\/div>\n\t\t\t\t\t<\/li>\n\t\t\t\t\t\t\t<\/ul>\n\t\t\t\t\t\t<\/div>\n\t<\/div>\n\n\n<div style=\"height:100px\" aria-hidden=\"true\" class=\"wp-block-spacer\"><\/div>\n\n\n\n<div class=\"wp-block-group\"><div class=\"wp-block-group__inner-container is-layout-constrained wp-block-group-is-layout-constrained\">\n<h3 class=\"wp-block-heading\" id=\"h-contacto\">Contacto<\/h3>\n\n\n\n<div style=\"height:30px\" aria-hidden=\"true\" class=\"wp-block-spacer\"><\/div>\n\n\n\n<p><strong>Colombia<\/strong><\/p>\n\n\n\n<p><strong><u><a href=\"mailto:systra.colombia@systra.com\">systra.colombia@systra.com<\/a><\/u><\/strong><\/p>\n\n\n\n<div style=\"height:80px\" aria-hidden=\"true\" class=\"wp-block-spacer\"><\/div>\n\n\n\n<h3 class=\"wp-block-heading\" id=\"h-ubicacion\">Ubicaci\u00f3n<\/h3>\n\n\n\n<div style=\"height:30px\" aria-hidden=\"true\" class=\"wp-block-spacer\"><\/div>\n\n\n\n<p><strong>Bogot\u00e1<\/strong><\/p>\n\n\n\n<p>Av carrera 9 # 126 18 oficina 403, <\/p>\n\n\n\n<p>Edificio Rodrigo Duran<\/p>\n\n\n\n<div style=\"height:30px\" aria-hidden=\"true\" class=\"wp-block-spacer\"><\/div>\n\n\n\n<p><strong>Medellin<\/strong><\/p>\n\n\n\n<div style=\"height:30px\" aria-hidden=\"true\" class=\"wp-block-spacer\"><\/div>\n\n\n\n<p>Calle 5A # 43b 25, oficina 808,<\/p>\n\n\n\n<p>Edificio Rodrigo Duran<\/p>\n<\/div><\/div>\n\n\n\n<div style=\"height:100px\" aria-hidden=\"true\" class=\"wp-block-spacer\"><\/div>\n\n\n\n<div class=\"wp-block-buttons is-content-justification-center is-layout-flex wp-container-core-buttons-is-layout-16018d1d wp-block-buttons-is-layout-flex\">\n<div class=\"wp-block-button\"><a class=\"wp-block-button__link has-dusty-blue-background-color has-background wp-element-button\" href=\"https:\/\/www.systra.com\/iberica-hispanoamerica\/\">volver a SYSTRA Ib\u00e9ria &amp; Hispanoamerica<\/a><\/div>\n<\/div>\n","protected":false},"excerpt":{"rendered":"<p>Ingenier\u00eda de Clase Mundial en Colombia&nbsp; Contacto Colombia systra.colombia@systra.com Ubicaci\u00f3n Bogot\u00e1 Av carrera 9 # 126 18 oficina 403, Edificio Rodrigo Duran Medellin Calle 5A # 43b 25, oficina 808, Edificio Rodrigo Duran<\/p>\n","protected":false},"author":2,"featured_media":1000004113302,"parent":1727,"menu_order":0,"comment_status":"closed","ping_status":"closed","template":"","meta":{"_acf_changed":false,"_relevanssi_hide_post":"","_relevanssi_hide_content":"","_relevanssi_pin_for_all":"","_relevanssi_pin_keywords":"","_relevanssi_unpin_keywords":"","_relevanssi_related_keywords":"","_relevanssi_related_include_ids":"","_relevanssi_related_exclude_ids":"","_relevanssi_related_no_append":"","_relevanssi_related_not_related":"","_relevanssi_related_posts":"1","_relevanssi_noindex_reason":"","footnotes":""},"class_list":["post-53","page","type-page","status-publish","has-post-thumbnail","hentry"],"acf":[],"yoast_head":"<!-- This site is optimized with the Yoast SEO Premium plugin v27.3 (Yoast SEO v27.3) - https:\/\/yoast.com\/product\/yoast-seo-premium-wordpress\/ -->\n<title>SYSTRA Colombia - Ib\u00e9rica &amp; Hispanoam\u00e9rica<\/title>\n<meta name=\"robots\" content=\"index, follow, max-snippet:-1, max-image-preview:large, max-video-preview:-1\" \/>\n<meta property=\"og:locale\" content=\"en_US\" \/>\n<meta property=\"og:type\" content=\"article\" \/>\n<meta property=\"og:title\" content=\"SYSTRA Colombia\" \/>\n<meta property=\"og:description\" content=\"Ingenier\u00eda de Clase Mundial en Colombia&nbsp; Contacto Colombia systra.colombia@systra.com Ubicaci\u00f3n Bogot\u00e1 Av carrera 9 # 126 18 oficina 403, Edificio Rodrigo Duran Medellin Calle 5A # 43b 25, oficina 808, Edificio Rodrigo Duran\" \/>\n<meta property=\"og:url\" content=\"https:\/\/www.systra.com\/iberica-hispanoamerica\/nuestra-ubicacion\/systra-colombia\/\" \/>\n<meta property=\"og:site_name\" content=\"Ib\u00e9rica &amp; Hispanoam\u00e9rica\" \/>\n<meta property=\"article:modified_time\" content=\"2025-01-30T16:17:37+00:00\" \/>\n<meta name=\"twitter:card\" content=\"summary_large_image\" \/>\n<meta name=\"twitter:label1\" content=\"Est. reading time\" \/>\n\t<meta name=\"twitter:data1\" content=\"2 minutes\" \/>\n<script type=\"application\/ld+json\" class=\"yoast-schema-graph\">{\"@context\":\"https:\\\/\\\/schema.org\",\"@graph\":[{\"@type\":\"WebPage\",\"@id\":\"https:\\\/\\\/www.systra.com\\\/iberica-hispanoamerica\\\/nuestra-ubicacion\\\/systra-colombia\\\/\",\"url\":\"https:\\\/\\\/www.systra.com\\\/iberica-hispanoamerica\\\/nuestra-ubicacion\\\/systra-colombia\\\/\",\"name\":\"SYSTRA Colombia - Ib\u00e9rica &amp; Hispanoam\u00e9rica\",\"isPartOf\":{\"@id\":\"https:\\\/\\\/www.systra.com\\\/iberica-hispanoamerica\\\/#website\"},\"primaryImageOfPage\":{\"@id\":\"https:\\\/\\\/www.systra.com\\\/iberica-hispanoamerica\\\/nuestra-ubicacion\\\/systra-colombia\\\/#primaryimage\"},\"image\":{\"@id\":\"https:\\\/\\\/www.systra.com\\\/iberica-hispanoamerica\\\/nuestra-ubicacion\\\/systra-colombia\\\/#primaryimage\"},\"thumbnailUrl\":\"https:\\\/\\\/www.systra.com\\\/iberica-hispanoamerica\\\/wp-content\\\/uploads\\\/2021\\\/08\\\/bogota-1.jpg\",\"datePublished\":\"2024-08-05T13:34:43+00:00\",\"dateModified\":\"2025-01-30T16:17:37+00:00\",\"breadcrumb\":{\"@id\":\"https:\\\/\\\/www.systra.com\\\/iberica-hispanoamerica\\\/nuestra-ubicacion\\\/systra-colombia\\\/#breadcrumb\"},\"inLanguage\":\"en-US\",\"potentialAction\":[{\"@type\":\"ReadAction\",\"target\":[\"https:\\\/\\\/www.systra.com\\\/iberica-hispanoamerica\\\/nuestra-ubicacion\\\/systra-colombia\\\/\"]}]},{\"@type\":\"ImageObject\",\"inLanguage\":\"en-US\",\"@id\":\"https:\\\/\\\/www.systra.com\\\/iberica-hispanoamerica\\\/nuestra-ubicacion\\\/systra-colombia\\\/#primaryimage\",\"url\":\"https:\\\/\\\/www.systra.com\\\/iberica-hispanoamerica\\\/wp-content\\\/uploads\\\/2021\\\/08\\\/bogota-1.jpg\",\"contentUrl\":\"https:\\\/\\\/www.systra.com\\\/iberica-hispanoamerica\\\/wp-content\\\/uploads\\\/2021\\\/08\\\/bogota-1.jpg\"},{\"@type\":\"BreadcrumbList\",\"@id\":\"https:\\\/\\\/www.systra.com\\\/iberica-hispanoamerica\\\/nuestra-ubicacion\\\/systra-colombia\\\/#breadcrumb\",\"itemListElement\":[{\"@type\":\"ListItem\",\"position\":1,\"name\":\"Accueil\",\"item\":\"https:\\\/\\\/www.systra.com\\\/iberica-hispanoamerica\\\/\"},{\"@type\":\"ListItem\",\"position\":2,\"name\":\"Nuestra ubicaci\u00f3n\",\"item\":\"https:\\\/\\\/www.systra.com\\\/spain-hispanoamerica\\\/nuestra-ubicacion\\\/\"},{\"@type\":\"ListItem\",\"position\":3,\"name\":\"SYSTRA Colombia\"}]},{\"@type\":\"WebSite\",\"@id\":\"https:\\\/\\\/www.systra.com\\\/iberica-hispanoamerica\\\/#website\",\"url\":\"https:\\\/\\\/www.systra.com\\\/iberica-hispanoamerica\\\/\",\"name\":\"Ib\u00e9rica &amp; Hispanoam\u00e9rica\",\"description\":\"\",\"publisher\":{\"@id\":\"https:\\\/\\\/www.systra.com\\\/iberica-hispanoamerica\\\/#organization\"},\"potentialAction\":[{\"@type\":\"SearchAction\",\"target\":{\"@type\":\"EntryPoint\",\"urlTemplate\":\"https:\\\/\\\/www.systra.com\\\/iberica-hispanoamerica\\\/?s={search_term_string}\"},\"query-input\":{\"@type\":\"PropertyValueSpecification\",\"valueRequired\":true,\"valueName\":\"search_term_string\"}}],\"inLanguage\":\"en-US\"},{\"@type\":\"Organization\",\"@id\":\"https:\\\/\\\/www.systra.com\\\/iberica-hispanoamerica\\\/#organization\",\"name\":\"Ib\u00e9rica &amp; Hispanoam\u00e9rica\",\"url\":\"https:\\\/\\\/www.systra.com\\\/iberica-hispanoamerica\\\/\",\"logo\":{\"@type\":\"ImageObject\",\"inLanguage\":\"en-US\",\"@id\":\"https:\\\/\\\/www.systra.com\\\/iberica-hispanoamerica\\\/#\\\/schema\\\/logo\\\/image\\\/\",\"url\":\"https:\\\/\\\/www.systra.com\\\/iberica-hispanoamerica\\\/wp-content\\\/uploads\\\/sites\\\/30\\\/2024\\\/12\\\/logo3.svg\",\"contentUrl\":\"https:\\\/\\\/www.systra.com\\\/iberica-hispanoamerica\\\/wp-content\\\/uploads\\\/sites\\\/30\\\/2024\\\/12\\\/logo3.svg\",\"width\":468,\"height\":469,\"caption\":\"Ib\u00e9rica &amp; Hispanoam\u00e9rica\"},\"image\":{\"@id\":\"https:\\\/\\\/www.systra.com\\\/iberica-hispanoamerica\\\/#\\\/schema\\\/logo\\\/image\\\/\"}}]}<\/script>\n<!-- \/ Yoast SEO Premium plugin. -->","yoast_head_json":{"title":"SYSTRA Colombia - Ib\u00e9rica &amp; Hispanoam\u00e9rica","robots":{"index":"index","follow":"follow","max-snippet":"max-snippet:-1","max-image-preview":"max-image-preview:large","max-video-preview":"max-video-preview:-1"},"og_locale":"en_US","og_type":"article","og_title":"SYSTRA Colombia","og_description":"Ingenier\u00eda de Clase Mundial en Colombia&nbsp; Contacto Colombia systra.colombia@systra.com Ubicaci\u00f3n Bogot\u00e1 Av carrera 9 # 126 18 oficina 403, Edificio Rodrigo Duran Medellin Calle 5A # 43b 25, oficina 808, Edificio Rodrigo Duran","og_url":"https:\/\/www.systra.com\/iberica-hispanoamerica\/nuestra-ubicacion\/systra-colombia\/","og_site_name":"Ib\u00e9rica &amp; Hispanoam\u00e9rica","article_modified_time":"2025-01-30T16:17:37+00:00","twitter_card":"summary_large_image","twitter_misc":{"Est. reading time":"2 minutes"},"schema":{"@context":"https:\/\/schema.org","@graph":[{"@type":"WebPage","@id":"https:\/\/www.systra.com\/iberica-hispanoamerica\/nuestra-ubicacion\/systra-colombia\/","url":"https:\/\/www.systra.com\/iberica-hispanoamerica\/nuestra-ubicacion\/systra-colombia\/","name":"SYSTRA Colombia - Ib\u00e9rica &amp; Hispanoam\u00e9rica","isPartOf":{"@id":"https:\/\/www.systra.com\/iberica-hispanoamerica\/#website"},"primaryImageOfPage":{"@id":"https:\/\/www.systra.com\/iberica-hispanoamerica\/nuestra-ubicacion\/systra-colombia\/#primaryimage"},"image":{"@id":"https:\/\/www.systra.com\/iberica-hispanoamerica\/nuestra-ubicacion\/systra-colombia\/#primaryimage"},"thumbnailUrl":"https:\/\/www.systra.com\/iberica-hispanoamerica\/wp-content\/uploads\/2021\/08\/bogota-1.jpg","datePublished":"2024-08-05T13:34:43+00:00","dateModified":"2025-01-30T16:17:37+00:00","breadcrumb":{"@id":"https:\/\/www.systra.com\/iberica-hispanoamerica\/nuestra-ubicacion\/systra-colombia\/#breadcrumb"},"inLanguage":"en-US","potentialAction":[{"@type":"ReadAction","target":["https:\/\/www.systra.com\/iberica-hispanoamerica\/nuestra-ubicacion\/systra-colombia\/"]}]},{"@type":"ImageObject","inLanguage":"en-US","@id":"https:\/\/www.systra.com\/iberica-hispanoamerica\/nuestra-ubicacion\/systra-colombia\/#primaryimage","url":"https:\/\/www.systra.com\/iberica-hispanoamerica\/wp-content\/uploads\/2021\/08\/bogota-1.jpg","contentUrl":"https:\/\/www.systra.com\/iberica-hispanoamerica\/wp-content\/uploads\/2021\/08\/bogota-1.jpg"},{"@type":"BreadcrumbList","@id":"https:\/\/www.systra.com\/iberica-hispanoamerica\/nuestra-ubicacion\/systra-colombia\/#breadcrumb","itemListElement":[{"@type":"ListItem","position":1,"name":"Accueil","item":"https:\/\/www.systra.com\/iberica-hispanoamerica\/"},{"@type":"ListItem","position":2,"name":"Nuestra ubicaci\u00f3n","item":"https:\/\/www.systra.com\/spain-hispanoamerica\/nuestra-ubicacion\/"},{"@type":"ListItem","position":3,"name":"SYSTRA Colombia"}]},{"@type":"WebSite","@id":"https:\/\/www.systra.com\/iberica-hispanoamerica\/#website","url":"https:\/\/www.systra.com\/iberica-hispanoamerica\/","name":"Ib\u00e9rica &amp; Hispanoam\u00e9rica","description":"","publisher":{"@id":"https:\/\/www.systra.com\/iberica-hispanoamerica\/#organization"},"potentialAction":[{"@type":"SearchAction","target":{"@type":"EntryPoint","urlTemplate":"https:\/\/www.systra.com\/iberica-hispanoamerica\/?s={search_term_string}"},"query-input":{"@type":"PropertyValueSpecification","valueRequired":true,"valueName":"search_term_string"}}],"inLanguage":"en-US"},{"@type":"Organization","@id":"https:\/\/www.systra.com\/iberica-hispanoamerica\/#organization","name":"Ib\u00e9rica &amp; Hispanoam\u00e9rica","url":"https:\/\/www.systra.com\/iberica-hispanoamerica\/","logo":{"@type":"ImageObject","inLanguage":"en-US","@id":"https:\/\/www.systra.com\/iberica-hispanoamerica\/#\/schema\/logo\/image\/","url":"https:\/\/www.systra.com\/iberica-hispanoamerica\/wp-content\/uploads\/sites\/30\/2024\/12\/logo3.svg","contentUrl":"https:\/\/www.systra.com\/iberica-hispanoamerica\/wp-content\/uploads\/sites\/30\/2024\/12\/logo3.svg","width":468,"height":469,"caption":"Ib\u00e9rica &amp; Hispanoam\u00e9rica"},"image":{"@id":"https:\/\/www.systra.com\/iberica-hispanoamerica\/#\/schema\/logo\/image\/"}}]}},"lang":"es","translations":{"es":53},"pll_sync_post":[],"_links":{"self":[{"href":"https:\/\/www.systra.com\/iberica-hispanoamerica\/wp-json\/wp\/v2\/pages\/53","targetHints":{"allow":["GET"]}}],"collection":[{"href":"https:\/\/www.systra.com\/iberica-hispanoamerica\/wp-json\/wp\/v2\/pages"}],"about":[{"href":"https:\/\/www.systra.com\/iberica-hispanoamerica\/wp-json\/wp\/v2\/types\/page"}],"author":[{"embeddable":true,"href":"https:\/\/www.systra.com\/iberica-hispanoamerica\/wp-json\/wp\/v2\/users\/2"}],"replies":[{"embeddable":true,"href":"https:\/\/www.systra.com\/iberica-hispanoamerica\/wp-json\/wp\/v2\/comments?post=53"}],"version-history":[{"count":3,"href":"https:\/\/www.systra.com\/iberica-hispanoamerica\/wp-json\/wp\/v2\/pages\/53\/revisions"}],"predecessor-version":[{"id":2953,"href":"https:\/\/www.systra.com\/iberica-hispanoamerica\/wp-json\/wp\/v2\/pages\/53\/revisions\/2953"}],"up":[{"embeddable":true,"href":"https:\/\/www.systra.com\/iberica-hispanoamerica\/wp-json\/wp\/v2\/pages\/1727"}],"wp:featuredmedia":[{"embeddable":true,"href":"https:\/\/www.systra.com\/iberica-hispanoamerica\/wp-json\/"}],"wp:attachment":[{"href":"https:\/\/www.systra.com\/iberica-hispanoamerica\/wp-json\/wp\/v2\/media?parent=53"}],"curies":[{"name":"wp","href":"https:\/\/api.w.org\/{rel}","templated":true}]}}