{"id":48,"date":"2024-08-05T15:30:31","date_gmt":"2024-08-05T13:30:31","guid":{"rendered":"https:\/\/www.systra.com\/iberica-hispanoamerica\/?page_id=48"},"modified":"2025-01-30T17:19:03","modified_gmt":"2025-01-30T16:19:03","slug":"systra-panama","status":"publish","type":"page","link":"https:\/\/www.systra.com\/iberica-hispanoamerica\/nuestra-ubicacion\/systra-panama\/","title":{"rendered":"SYSTRA Panam\u00e1"},"content":{"rendered":"\n<div style=\"height:50px\" aria-hidden=\"true\" class=\"wp-block-spacer\"><\/div>\n\n\n\n<h2 class=\"wp-block-heading has-text-align-left\" id=\"h-conectividad-eficiencia-y-seguridad-el-impacto-de-systra-en-la-infraestructura-panamena\">Conectividad, eficiencia y seguridad: El impacto de Systra en la infraestructura paname\u00f1a<\/h2>\n\n\n\n<div style=\"height:100px\" aria-hidden=\"true\" class=\"wp-block-spacer\"><\/div>\n\n\n\n<div class=\"wp-block-media-text is-stacked-on-mobile is-style-offer-with-rail\"><figure class=\"wp-block-media-text__media\"><img decoding=\"async\" src=\"https:\/\/www.systra.com\/iberica-hispanoamerica\/wp-content\/uploads\/2020\/07\/panama-canal-bridge_4-1024x576.jpg\" alt=\"\" class=\"wp-image-1000002156 size-full\" srcset=\"https:\/\/www.systra.com\/iberica-hispanoamerica\/wp-content\/uploads\/2020\/07\/panama-canal-bridge_4-1024x576.jpg 1024w, https:\/\/www.systra.com\/iberica-hispanoamerica\/wp-content\/uploads\/2020\/07\/panama-canal-bridge_4-300x169.jpg 300w, https:\/\/www.systra.com\/iberica-hispanoamerica\/wp-content\/uploads\/2020\/07\/panama-canal-bridge_4-768x432.jpg 768w, https:\/\/www.systra.com\/iberica-hispanoamerica\/wp-content\/uploads\/2020\/07\/panama-canal-bridge_4-1536x864.jpg 1536w, https:\/\/www.systra.com\/iberica-hispanoamerica\/wp-content\/uploads\/2020\/07\/panama-canal-bridge_4-474x266.jpg 474w, https:\/\/www.systra.com\/iberica-hispanoamerica\/wp-content\/uploads\/2020\/07\/panama-canal-bridge_4-1700x956.jpg 1700w, https:\/\/www.systra.com\/iberica-hispanoamerica\/wp-content\/uploads\/2020\/07\/panama-canal-bridge_4-1352x760.jpg 1352w, https:\/\/www.systra.com\/iberica-hispanoamerica\/wp-content\/uploads\/2020\/07\/panama-canal-bridge_4-800x450.jpg 800w, https:\/\/www.systra.com\/iberica-hispanoamerica\/wp-content\/uploads\/2020\/07\/panama-canal-bridge_4-180x101.jpg 180w, https:\/\/www.systra.com\/iberica-hispanoamerica\/wp-content\/uploads\/2020\/07\/panama-canal-bridge_4-153x86.jpg 153w, https:\/\/www.systra.com\/iberica-hispanoamerica\/wp-content\/uploads\/2020\/07\/panama-canal-bridge_4-230x129.jpg 230w, https:\/\/www.systra.com\/iberica-hispanoamerica\/wp-content\/uploads\/2020\/07\/panama-canal-bridge_4.jpg 1970w\" sizes=\"(max-width: 1024px) 100vw, 1024px\" \/><\/figure><div class=\"wp-block-media-text__content\">\n<p>Systra es un actor clave en el desarrollo de la infraestructura de transporte y movilidad en Panam\u00e1, contribuyendo significativamente a la mejora de la conectividad, la eficiencia y la seguridad del sistema de transporte del pa\u00eds<\/p>\n\n\n\n<p>Su enfoque en sostenibilidad y soluciones de largo plazo ha sido fundamental para proyectos emblem\u00e1ticos como el Metro de Panam\u00e1 y el Puente Atl\u00e1ntico.<\/p>\n<\/div><\/div>\n\n\n\n<div style=\"height:200px\" aria-hidden=\"true\" class=\"wp-block-spacer\"><\/div>\n\n\n\n<div class=\"wp-block-slider-projects\">\n\t\t\t<h2 class=\"h2like\">Proyectos<\/h2>\n\t\t<div class=\"wrapper-content-slider-projects\">\n\t\t\t\t\t<ul class=\"content-slider-projects\">\n\t\t\t\t\t\t\t\t\t<li class=\"single-slider-projects\">\n\t\t\t\t\t\t<img \n\t\t\t\t\t\t\tsrc=\"https:\/\/www.systra.com\/iberica-hispanoamerica\/wp-content\/uploads\/2023\/09\/pont-header-panama-474x474.png\" \n\t\t\t\t\t\t\talt=\"Puente Atl\u00e1ntico \u2013 Panam\u00e1\"\n\t\t\t\t\t\t\twidth=\"474\" \n\t\t\t\t\t\t\theight=\"474\"\n\t\t\t\t\t\t\tloading=\"lazy\"\n\t\t\t\t\t\t\tdecoding=\"async\"\n\t\t\t\t\t\t\tclass=\"slider-background-image\"\n\t\t\t\t\t\t>\n\t\t\t\t\t\t<div class=\"slider-content\">\n\t\t\t\t\t\t\t<a href=\"https:\/\/www.systra.com\/iberica-hispanoamerica\/project\/puente-atlantico-panama\/\" class=\"link-slider-projects\">\n\t\t\t\t\t\t\t\t<span>Puente Atl\u00e1ntico \u2013 Panam\u00e1<\/span>\n\t\t\t\t\t\t\t<\/a>\n\t\t\t\t\t\t<\/div>\n\t\t\t\t\t<\/li>\n\t\t\t\t\t\t\t\t\t<li class=\"single-slider-projects\">\n\t\t\t\t\t\t<img \n\t\t\t\t\t\t\tsrc=\"https:\/\/www.systra.com\/iberica-hispanoamerica\/wp-content\/uploads\/sites\/30\/2025\/01\/shutterstock_2334943111-2-474x474.jpg\" \n\t\t\t\t\t\t\talt=\"Metro de Ciudad de Panam\u00e1 extension de L\u00ednea 1-Panam\u00e1\"\n\t\t\t\t\t\t\twidth=\"474\" \n\t\t\t\t\t\t\theight=\"474\"\n\t\t\t\t\t\t\tloading=\"lazy\"\n\t\t\t\t\t\t\tdecoding=\"async\"\n\t\t\t\t\t\t\tclass=\"slider-background-image\"\n\t\t\t\t\t\t>\n\t\t\t\t\t\t<div class=\"slider-content\">\n\t\t\t\t\t\t\t<a href=\"https:\/\/www.systra.com\/iberica-hispanoamerica\/nuestros-proyectos\/metro-panama-extension-de-linea-1\/\" class=\"link-slider-projects\">\n\t\t\t\t\t\t\t\t<span>Metro de Ciudad de Panam\u00e1 extension de L\u00ednea 1-Panam\u00e1<\/span>\n\t\t\t\t\t\t\t<\/a>\n\t\t\t\t\t\t<\/div>\n\t\t\t\t\t<\/li>\n\t\t\t\t\t\t\t<\/ul>\n\t\t\t\t\t\t<\/div>\n\t<\/div>\n\n\n<div style=\"height:100px\" aria-hidden=\"true\" class=\"wp-block-spacer\"><\/div>\n\n\n\n<div class=\"wp-block-buttons is-content-justification-center is-layout-flex wp-container-core-buttons-is-layout-16018d1d wp-block-buttons-is-layout-flex\">\n<div class=\"wp-block-button\"><a class=\"wp-block-button__link has-dusty-blue-background-color has-background wp-element-button\" href=\"https:\/\/www.systra.com\/iberica-hispanoamerica\/\">volver a SYSTRA Ib\u00e9ria &amp; Hispanoamerica<\/a><\/div>\n<\/div>\n","protected":false},"excerpt":{"rendered":"<p>Conectividad, eficiencia y seguridad: El impacto de Systra en la infraestructura paname\u00f1a Systra es un actor clave en el desarrollo de la infraestructura de transporte y movilidad en Panam\u00e1, contribuyendo significativamente a la mejora de la conectividad, la eficiencia y la seguridad del sistema de transporte del pa\u00eds Su enfoque en sostenibilidad y soluciones de [&hellip;]<\/p>\n","protected":false},"author":2,"featured_media":1000002157,"parent":1727,"menu_order":0,"comment_status":"closed","ping_status":"closed","template":"","meta":{"_acf_changed":false,"_relevanssi_hide_post":"","_relevanssi_hide_content":"","_relevanssi_pin_for_all":"","_relevanssi_pin_keywords":"","_relevanssi_unpin_keywords":"","_relevanssi_related_keywords":"","_relevanssi_related_include_ids":"","_relevanssi_related_exclude_ids":"","_relevanssi_related_no_append":"","_relevanssi_related_not_related":"","_relevanssi_related_posts":"1","_relevanssi_noindex_reason":"","footnotes":""},"class_list":["post-48","page","type-page","status-publish","has-post-thumbnail","hentry"],"acf":[],"yoast_head":"<!-- This site is optimized with the Yoast SEO Premium plugin v27.4 (Yoast SEO v27.4) - https:\/\/yoast.com\/product\/yoast-seo-premium-wordpress\/ -->\n<title>SYSTRA Panam\u00e1 - Ib\u00e9rica &amp; Hispanoam\u00e9rica<\/title>\n<meta name=\"robots\" content=\"index, follow, max-snippet:-1, max-image-preview:large, max-video-preview:-1\" \/>\n<meta property=\"og:locale\" content=\"en_US\" \/>\n<meta property=\"og:type\" content=\"article\" \/>\n<meta property=\"og:title\" content=\"SYSTRA Panam\u00e1\" \/>\n<meta property=\"og:description\" content=\"Conectividad, eficiencia y seguridad: El impacto de Systra en la infraestructura paname\u00f1a Systra es un actor clave en el desarrollo de la infraestructura de transporte y movilidad en Panam\u00e1, contribuyendo significativamente a la mejora de la conectividad, la eficiencia y la seguridad del sistema de transporte del pa\u00eds Su enfoque en sostenibilidad y soluciones de [&hellip;]\" \/>\n<meta property=\"og:url\" content=\"https:\/\/www.systra.com\/iberica-hispanoamerica\/nuestra-ubicacion\/systra-panama\/\" \/>\n<meta property=\"og:site_name\" content=\"Ib\u00e9rica &amp; Hispanoam\u00e9rica\" \/>\n<meta property=\"article:modified_time\" content=\"2025-01-30T16:19:03+00:00\" \/>\n<meta name=\"twitter:card\" content=\"summary_large_image\" \/>\n<meta name=\"twitter:label1\" content=\"Est. reading time\" \/>\n\t<meta name=\"twitter:data1\" content=\"1 minute\" \/>\n<script type=\"application\/ld+json\" class=\"yoast-schema-graph\">{\"@context\":\"https:\\\/\\\/schema.org\",\"@graph\":[{\"@type\":\"WebPage\",\"@id\":\"https:\\\/\\\/www.systra.com\\\/iberica-hispanoamerica\\\/nuestra-ubicacion\\\/systra-panama\\\/\",\"url\":\"https:\\\/\\\/www.systra.com\\\/iberica-hispanoamerica\\\/nuestra-ubicacion\\\/systra-panama\\\/\",\"name\":\"SYSTRA Panam\u00e1 - Ib\u00e9rica &amp; Hispanoam\u00e9rica\",\"isPartOf\":{\"@id\":\"https:\\\/\\\/www.systra.com\\\/iberica-hispanoamerica\\\/#website\"},\"primaryImageOfPage\":{\"@id\":\"https:\\\/\\\/www.systra.com\\\/iberica-hispanoamerica\\\/nuestra-ubicacion\\\/systra-panama\\\/#primaryimage\"},\"image\":{\"@id\":\"https:\\\/\\\/www.systra.com\\\/iberica-hispanoamerica\\\/nuestra-ubicacion\\\/systra-panama\\\/#primaryimage\"},\"thumbnailUrl\":\"https:\\\/\\\/www.systra.com\\\/iberica-hispanoamerica\\\/wp-content\\\/uploads\\\/2020\\\/07\\\/panama-canal-bridge_5.jpg\",\"datePublished\":\"2024-08-05T13:30:31+00:00\",\"dateModified\":\"2025-01-30T16:19:03+00:00\",\"breadcrumb\":{\"@id\":\"https:\\\/\\\/www.systra.com\\\/iberica-hispanoamerica\\\/nuestra-ubicacion\\\/systra-panama\\\/#breadcrumb\"},\"inLanguage\":\"en-US\",\"potentialAction\":[{\"@type\":\"ReadAction\",\"target\":[\"https:\\\/\\\/www.systra.com\\\/iberica-hispanoamerica\\\/nuestra-ubicacion\\\/systra-panama\\\/\"]}]},{\"@type\":\"ImageObject\",\"inLanguage\":\"en-US\",\"@id\":\"https:\\\/\\\/www.systra.com\\\/iberica-hispanoamerica\\\/nuestra-ubicacion\\\/systra-panama\\\/#primaryimage\",\"url\":\"https:\\\/\\\/www.systra.com\\\/iberica-hispanoamerica\\\/wp-content\\\/uploads\\\/2020\\\/07\\\/panama-canal-bridge_5.jpg\",\"contentUrl\":\"https:\\\/\\\/www.systra.com\\\/iberica-hispanoamerica\\\/wp-content\\\/uploads\\\/2020\\\/07\\\/panama-canal-bridge_5.jpg\"},{\"@type\":\"BreadcrumbList\",\"@id\":\"https:\\\/\\\/www.systra.com\\\/iberica-hispanoamerica\\\/nuestra-ubicacion\\\/systra-panama\\\/#breadcrumb\",\"itemListElement\":[{\"@type\":\"ListItem\",\"position\":1,\"name\":\"Accueil\",\"item\":\"https:\\\/\\\/www.systra.com\\\/iberica-hispanoamerica\\\/\"},{\"@type\":\"ListItem\",\"position\":2,\"name\":\"Nuestra ubicaci\u00f3n\",\"item\":\"https:\\\/\\\/www.systra.com\\\/spain-hispanoamerica\\\/nuestra-ubicacion\\\/\"},{\"@type\":\"ListItem\",\"position\":3,\"name\":\"SYSTRA Panam\u00e1\"}]},{\"@type\":\"WebSite\",\"@id\":\"https:\\\/\\\/www.systra.com\\\/iberica-hispanoamerica\\\/#website\",\"url\":\"https:\\\/\\\/www.systra.com\\\/iberica-hispanoamerica\\\/\",\"name\":\"Ib\u00e9rica &amp; Hispanoam\u00e9rica\",\"description\":\"\",\"publisher\":{\"@id\":\"https:\\\/\\\/www.systra.com\\\/iberica-hispanoamerica\\\/#organization\"},\"potentialAction\":[{\"@type\":\"SearchAction\",\"target\":{\"@type\":\"EntryPoint\",\"urlTemplate\":\"https:\\\/\\\/www.systra.com\\\/iberica-hispanoamerica\\\/?s={search_term_string}\"},\"query-input\":{\"@type\":\"PropertyValueSpecification\",\"valueRequired\":true,\"valueName\":\"search_term_string\"}}],\"inLanguage\":\"en-US\"},{\"@type\":\"Organization\",\"@id\":\"https:\\\/\\\/www.systra.com\\\/iberica-hispanoamerica\\\/#organization\",\"name\":\"Ib\u00e9rica &amp; Hispanoam\u00e9rica\",\"url\":\"https:\\\/\\\/www.systra.com\\\/iberica-hispanoamerica\\\/\",\"logo\":{\"@type\":\"ImageObject\",\"inLanguage\":\"en-US\",\"@id\":\"https:\\\/\\\/www.systra.com\\\/iberica-hispanoamerica\\\/#\\\/schema\\\/logo\\\/image\\\/\",\"url\":\"https:\\\/\\\/www.systra.com\\\/iberica-hispanoamerica\\\/wp-content\\\/uploads\\\/sites\\\/30\\\/2024\\\/12\\\/logo3.svg\",\"contentUrl\":\"https:\\\/\\\/www.systra.com\\\/iberica-hispanoamerica\\\/wp-content\\\/uploads\\\/sites\\\/30\\\/2024\\\/12\\\/logo3.svg\",\"width\":468,\"height\":469,\"caption\":\"Ib\u00e9rica &amp; Hispanoam\u00e9rica\"},\"image\":{\"@id\":\"https:\\\/\\\/www.systra.com\\\/iberica-hispanoamerica\\\/#\\\/schema\\\/logo\\\/image\\\/\"}}]}<\/script>\n<!-- \/ Yoast SEO Premium plugin. -->","yoast_head_json":{"title":"SYSTRA Panam\u00e1 - Ib\u00e9rica &amp; Hispanoam\u00e9rica","robots":{"index":"index","follow":"follow","max-snippet":"max-snippet:-1","max-image-preview":"max-image-preview:large","max-video-preview":"max-video-preview:-1"},"og_locale":"en_US","og_type":"article","og_title":"SYSTRA Panam\u00e1","og_description":"Conectividad, eficiencia y seguridad: El impacto de Systra en la infraestructura paname\u00f1a Systra es un actor clave en el desarrollo de la infraestructura de transporte y movilidad en Panam\u00e1, contribuyendo significativamente a la mejora de la conectividad, la eficiencia y la seguridad del sistema de transporte del pa\u00eds Su enfoque en sostenibilidad y soluciones de [&hellip;]","og_url":"https:\/\/www.systra.com\/iberica-hispanoamerica\/nuestra-ubicacion\/systra-panama\/","og_site_name":"Ib\u00e9rica &amp; Hispanoam\u00e9rica","article_modified_time":"2025-01-30T16:19:03+00:00","twitter_card":"summary_large_image","twitter_misc":{"Est. reading time":"1 minute"},"schema":{"@context":"https:\/\/schema.org","@graph":[{"@type":"WebPage","@id":"https:\/\/www.systra.com\/iberica-hispanoamerica\/nuestra-ubicacion\/systra-panama\/","url":"https:\/\/www.systra.com\/iberica-hispanoamerica\/nuestra-ubicacion\/systra-panama\/","name":"SYSTRA Panam\u00e1 - Ib\u00e9rica &amp; Hispanoam\u00e9rica","isPartOf":{"@id":"https:\/\/www.systra.com\/iberica-hispanoamerica\/#website"},"primaryImageOfPage":{"@id":"https:\/\/www.systra.com\/iberica-hispanoamerica\/nuestra-ubicacion\/systra-panama\/#primaryimage"},"image":{"@id":"https:\/\/www.systra.com\/iberica-hispanoamerica\/nuestra-ubicacion\/systra-panama\/#primaryimage"},"thumbnailUrl":"https:\/\/www.systra.com\/iberica-hispanoamerica\/wp-content\/uploads\/2020\/07\/panama-canal-bridge_5.jpg","datePublished":"2024-08-05T13:30:31+00:00","dateModified":"2025-01-30T16:19:03+00:00","breadcrumb":{"@id":"https:\/\/www.systra.com\/iberica-hispanoamerica\/nuestra-ubicacion\/systra-panama\/#breadcrumb"},"inLanguage":"en-US","potentialAction":[{"@type":"ReadAction","target":["https:\/\/www.systra.com\/iberica-hispanoamerica\/nuestra-ubicacion\/systra-panama\/"]}]},{"@type":"ImageObject","inLanguage":"en-US","@id":"https:\/\/www.systra.com\/iberica-hispanoamerica\/nuestra-ubicacion\/systra-panama\/#primaryimage","url":"https:\/\/www.systra.com\/iberica-hispanoamerica\/wp-content\/uploads\/2020\/07\/panama-canal-bridge_5.jpg","contentUrl":"https:\/\/www.systra.com\/iberica-hispanoamerica\/wp-content\/uploads\/2020\/07\/panama-canal-bridge_5.jpg"},{"@type":"BreadcrumbList","@id":"https:\/\/www.systra.com\/iberica-hispanoamerica\/nuestra-ubicacion\/systra-panama\/#breadcrumb","itemListElement":[{"@type":"ListItem","position":1,"name":"Accueil","item":"https:\/\/www.systra.com\/iberica-hispanoamerica\/"},{"@type":"ListItem","position":2,"name":"Nuestra ubicaci\u00f3n","item":"https:\/\/www.systra.com\/spain-hispanoamerica\/nuestra-ubicacion\/"},{"@type":"ListItem","position":3,"name":"SYSTRA Panam\u00e1"}]},{"@type":"WebSite","@id":"https:\/\/www.systra.com\/iberica-hispanoamerica\/#website","url":"https:\/\/www.systra.com\/iberica-hispanoamerica\/","name":"Ib\u00e9rica &amp; Hispanoam\u00e9rica","description":"","publisher":{"@id":"https:\/\/www.systra.com\/iberica-hispanoamerica\/#organization"},"potentialAction":[{"@type":"SearchAction","target":{"@type":"EntryPoint","urlTemplate":"https:\/\/www.systra.com\/iberica-hispanoamerica\/?s={search_term_string}"},"query-input":{"@type":"PropertyValueSpecification","valueRequired":true,"valueName":"search_term_string"}}],"inLanguage":"en-US"},{"@type":"Organization","@id":"https:\/\/www.systra.com\/iberica-hispanoamerica\/#organization","name":"Ib\u00e9rica &amp; Hispanoam\u00e9rica","url":"https:\/\/www.systra.com\/iberica-hispanoamerica\/","logo":{"@type":"ImageObject","inLanguage":"en-US","@id":"https:\/\/www.systra.com\/iberica-hispanoamerica\/#\/schema\/logo\/image\/","url":"https:\/\/www.systra.com\/iberica-hispanoamerica\/wp-content\/uploads\/sites\/30\/2024\/12\/logo3.svg","contentUrl":"https:\/\/www.systra.com\/iberica-hispanoamerica\/wp-content\/uploads\/sites\/30\/2024\/12\/logo3.svg","width":468,"height":469,"caption":"Ib\u00e9rica &amp; Hispanoam\u00e9rica"},"image":{"@id":"https:\/\/www.systra.com\/iberica-hispanoamerica\/#\/schema\/logo\/image\/"}}]}},"lang":"es","translations":{"es":48},"pll_sync_post":[],"_links":{"self":[{"href":"https:\/\/www.systra.com\/iberica-hispanoamerica\/wp-json\/wp\/v2\/pages\/48","targetHints":{"allow":["GET"]}}],"collection":[{"href":"https:\/\/www.systra.com\/iberica-hispanoamerica\/wp-json\/wp\/v2\/pages"}],"about":[{"href":"https:\/\/www.systra.com\/iberica-hispanoamerica\/wp-json\/wp\/v2\/types\/page"}],"author":[{"embeddable":true,"href":"https:\/\/www.systra.com\/iberica-hispanoamerica\/wp-json\/wp\/v2\/users\/2"}],"replies":[{"embeddable":true,"href":"https:\/\/www.systra.com\/iberica-hispanoamerica\/wp-json\/wp\/v2\/comments?post=48"}],"version-history":[{"count":4,"href":"https:\/\/www.systra.com\/iberica-hispanoamerica\/wp-json\/wp\/v2\/pages\/48\/revisions"}],"predecessor-version":[{"id":8718,"href":"https:\/\/www.systra.com\/iberica-hispanoamerica\/wp-json\/wp\/v2\/pages\/48\/revisions\/8718"}],"up":[{"embeddable":true,"href":"https:\/\/www.systra.com\/iberica-hispanoamerica\/wp-json\/wp\/v2\/pages\/1727"}],"wp:featuredmedia":[{"embeddable":true,"href":"https:\/\/www.systra.com\/iberica-hispanoamerica\/wp-json\/"}],"wp:attachment":[{"href":"https:\/\/www.systra.com\/iberica-hispanoamerica\/wp-json\/wp\/v2\/media?parent=48"}],"curies":[{"name":"wp","href":"https:\/\/api.w.org\/{rel}","templated":true}]}}