{"id":275,"date":"2024-10-20T17:11:06","date_gmt":"2024-10-20T15:11:06","guid":{"rendered":"https:\/\/www.systra.com\/iberica-hispanoamerica\/?page_id=275"},"modified":"2025-02-07T19:06:31","modified_gmt":"2025-02-07T18:06:31","slug":"mision-y-valores","status":"publish","type":"page","link":"https:\/\/www.systra.com\/iberica-hispanoamerica\/quienes-somos\/ambiciones-y-valores\/","title":{"rendered":"Ambiciones y Valores"},"content":{"rendered":"\n<h2 class=\"wp-block-heading has-text-align-center has-large-font-size\" id=\"h-\"><br><font _mstmutation=\"1\"><\/font><\/h2>\n\n\n\n<h2 class=\"wp-block-heading has-text-align-left\" id=\"h-nuestros-valores-guian-nuestras-acciones-diarias\">Nuestros valores gu\u00edan nuestras acciones diarias<\/h2>\n\n\n\n<div style=\"height:100px\" aria-hidden=\"true\" class=\"wp-block-spacer\"><\/div>\n\n\n\n<div class=\"wp-block-group\"><div class=\"wp-block-group__inner-container is-layout-constrained wp-block-group-is-layout-constrained\">\n<p class=\"has-text-align-left\">Ser identificados como el Equipo Insignia de las soluciones de infraestructura constituye un objetivo tan exigente como inspirador. <\/p>\n\n\n\n<p class=\"has-text-align-left\">Para lograrlo, podemos contar con la movilizaci\u00f3n de todos nuestros colegas, hombres y mujeres, que comparten los valores de SYSTRA: Excelencia, Equipos Conectados, Liderazgo Audaz.<strong><br><\/strong><\/p>\n<\/div><\/div>\n\n\n\n<div style=\"height:100px\" aria-hidden=\"true\" class=\"wp-block-spacer\"><\/div>\n\n\n\n<div class=\"wp-block-media-text has-media-on-the-right is-stacked-on-mobile is-style-default has-griplusclair-background-color has-background\"><div class=\"wp-block-media-text__content\">\n<blockquote class=\"wp-block-quote is-layout-flow wp-block-quote-is-layout-flow\">\n<p>En un mundo en constante movimiento, en el que los desaf\u00edos y oportunidades cambian constantemente, los s\u00f3lidos valores de SYSTRA permiten a nuestros equipos trabajar con pasi\u00f3n para ofrecer a nuestros clientes las mejores soluciones a nivel global.<\/p>\n<cite>Jean-Charles Vollery, director ejecutivo del Grupo SYSTRA<\/cite><\/blockquote>\n<\/div><figure class=\"wp-block-media-text__media\"><img decoding=\"async\" src=\"https:\/\/www.systra.com\/iberica-hispanoamerica\/wp-content\/uploads\/2024\/11\/jean-charles-vollery-ceo-systra-1024x731.jpg\" alt=\"\" class=\"wp-image-10000024177483 size-full\" srcset=\"https:\/\/www.systra.com\/iberica-hispanoamerica\/wp-content\/uploads\/2024\/11\/jean-charles-vollery-ceo-systra-1024x731.jpg 1024w, https:\/\/www.systra.com\/iberica-hispanoamerica\/wp-content\/uploads\/2024\/11\/jean-charles-vollery-ceo-systra-300x214.jpg 300w, https:\/\/www.systra.com\/iberica-hispanoamerica\/wp-content\/uploads\/2024\/11\/jean-charles-vollery-ceo-systra-768x549.jpg 768w, https:\/\/www.systra.com\/iberica-hispanoamerica\/wp-content\/uploads\/2024\/11\/jean-charles-vollery-ceo-systra-1536x1097.jpg 1536w, https:\/\/www.systra.com\/iberica-hispanoamerica\/wp-content\/uploads\/2024\/11\/jean-charles-vollery-ceo-systra-2048x1463.jpg 2048w, https:\/\/www.systra.com\/iberica-hispanoamerica\/wp-content\/uploads\/2024\/11\/jean-charles-vollery-ceo-systra-474x339.jpg 474w, https:\/\/www.systra.com\/iberica-hispanoamerica\/wp-content\/uploads\/2024\/11\/jean-charles-vollery-ceo-systra-1700x1214.jpg 1700w, https:\/\/www.systra.com\/iberica-hispanoamerica\/wp-content\/uploads\/2024\/11\/jean-charles-vollery-ceo-systra-1352x966.jpg 1352w, https:\/\/www.systra.com\/iberica-hispanoamerica\/wp-content\/uploads\/2024\/11\/jean-charles-vollery-ceo-systra-800x571.jpg 800w, https:\/\/www.systra.com\/iberica-hispanoamerica\/wp-content\/uploads\/2024\/11\/jean-charles-vollery-ceo-systra-180x129.jpg 180w, https:\/\/www.systra.com\/iberica-hispanoamerica\/wp-content\/uploads\/2024\/11\/jean-charles-vollery-ceo-systra-153x109.jpg 153w, https:\/\/www.systra.com\/iberica-hispanoamerica\/wp-content\/uploads\/2024\/11\/jean-charles-vollery-ceo-systra-230x164.jpg 230w\" sizes=\"(max-width: 1024px) 100vw, 1024px\" \/><\/figure><\/div>\n\n\n\n<div style=\"height:100px\" aria-hidden=\"true\" class=\"wp-block-spacer\"><\/div>\n\n\n\n<div class=\"wp-block-media-text is-stacked-on-mobile is-style-offer-without-rail\"><figure class=\"wp-block-media-text__media\"><img decoding=\"async\" src=\"https:\/\/www.systra.com\/iberica-hispanoamerica\/wp-content\/uploads\/2024\/07\/photo_dubai_hd-1024x683.jpg\" alt=\"\" class=\"wp-image-10000024167530 size-full\" srcset=\"https:\/\/www.systra.com\/iberica-hispanoamerica\/wp-content\/uploads\/2024\/07\/photo_dubai_hd-1024x683.jpg 1024w, https:\/\/www.systra.com\/iberica-hispanoamerica\/wp-content\/uploads\/2024\/07\/photo_dubai_hd-300x200.jpg 300w, https:\/\/www.systra.com\/iberica-hispanoamerica\/wp-content\/uploads\/2024\/07\/photo_dubai_hd-768x512.jpg 768w, https:\/\/www.systra.com\/iberica-hispanoamerica\/wp-content\/uploads\/2024\/07\/photo_dubai_hd-1536x1024.jpg 1536w, https:\/\/www.systra.com\/iberica-hispanoamerica\/wp-content\/uploads\/2024\/07\/photo_dubai_hd-2048x1365.jpg 2048w, https:\/\/www.systra.com\/iberica-hispanoamerica\/wp-content\/uploads\/2024\/07\/photo_dubai_hd-375x250.jpg 375w, https:\/\/www.systra.com\/iberica-hispanoamerica\/wp-content\/uploads\/2024\/07\/photo_dubai_hd-376x250.jpg 376w, https:\/\/www.systra.com\/iberica-hispanoamerica\/wp-content\/uploads\/2024\/07\/photo_dubai_hd-474x316.jpg 474w, https:\/\/www.systra.com\/iberica-hispanoamerica\/wp-content\/uploads\/2024\/07\/photo_dubai_hd-75x50.jpg 75w, https:\/\/www.systra.com\/iberica-hispanoamerica\/wp-content\/uploads\/2024\/07\/photo_dubai_hd-900x600.jpg 900w, https:\/\/www.systra.com\/iberica-hispanoamerica\/wp-content\/uploads\/2024\/07\/photo_dubai_hd-1700x1133.jpg 1700w, https:\/\/www.systra.com\/iberica-hispanoamerica\/wp-content\/uploads\/2024\/07\/photo_dubai_hd-1352x901.jpg 1352w, https:\/\/www.systra.com\/iberica-hispanoamerica\/wp-content\/uploads\/2024\/07\/photo_dubai_hd-800x533.jpg 800w, https:\/\/www.systra.com\/iberica-hispanoamerica\/wp-content\/uploads\/2024\/07\/photo_dubai_hd-180x120.jpg 180w, https:\/\/www.systra.com\/iberica-hispanoamerica\/wp-content\/uploads\/2024\/07\/photo_dubai_hd-153x102.jpg 153w, https:\/\/www.systra.com\/iberica-hispanoamerica\/wp-content\/uploads\/2024\/07\/photo_dubai_hd-230x153.jpg 230w\" sizes=\"(max-width: 1024px) 100vw, 1024px\" \/><\/figure><div class=\"wp-block-media-text__content\">\n<h3 class=\"wp-block-heading has-dusty-blue-color has-text-color has-link-color wp-elements-760bf35bac1a91feac728e2df9dde45c\" id=\"h-excelencia\">EXCELENCIA<\/h3>\n\n\n\n<p>Arraigada en nuestra cultura de ingenier\u00eda, la excelencia es a la vez un objetivo y una forma de hacer las cosas. Nuestros clientes son ambiciosos y exigentes. <\/p>\n\n\n\n<p>Nuestro compromiso de dise\u00f1ar las mejores soluciones en las mejores condiciones es una promesa de confianza, rendimiento y sostenibilidad.<\/p>\n<\/div><\/div>\n\n\n\n<div style=\"height:100px\" aria-hidden=\"true\" class=\"wp-block-spacer\"><\/div>\n\n\n\n<div class=\"wp-block-media-text has-media-on-the-right is-stacked-on-mobile is-style-offer-without-rail\"><div class=\"wp-block-media-text__content\">\n<h3 class=\"wp-block-heading has-light-eggplant-color has-text-color has-link-color wp-elements-b268704411a5bd1c5e3fc249e01a4473\" id=\"h-equipos-conectados\">EQUIPOS CONECTADOS<\/h3>\n\n\n\n<p>Conectamos a nuestros expertos en todo el Grupo y los coordinamos para dar respuesta a los problemas m\u00e1s complejos. <\/p>\n\n\n\n<p>Yendo m\u00e1s all\u00e1 de las particularidades culturales y t\u00e9cnicas, creamos equipos unidos en torno a un mismo objetivo, en el que el talento de cada individuo contribuye al \u00e9xito de todos.<br><\/p>\n<\/div><figure class=\"wp-block-media-text__media\"><img loading=\"lazy\" decoding=\"async\" width=\"1024\" height=\"768\" src=\"https:\/\/www.systra.com\/iberica-hispanoamerica\/wp-content\/uploads\/sites\/30\/2025\/01\/img_2326-1024x768.jpg\" alt=\"\" class=\"wp-image-2119 size-full\" srcset=\"https:\/\/www.systra.com\/iberica-hispanoamerica\/wp-content\/uploads\/sites\/30\/2025\/01\/img_2326-1024x768.jpg 1024w, https:\/\/www.systra.com\/iberica-hispanoamerica\/wp-content\/uploads\/sites\/30\/2025\/01\/img_2326-300x225.jpg 300w, https:\/\/www.systra.com\/iberica-hispanoamerica\/wp-content\/uploads\/sites\/30\/2025\/01\/img_2326-768x576.jpg 768w, https:\/\/www.systra.com\/iberica-hispanoamerica\/wp-content\/uploads\/sites\/30\/2025\/01\/img_2326-1536x1152.jpg 1536w, https:\/\/www.systra.com\/iberica-hispanoamerica\/wp-content\/uploads\/sites\/30\/2025\/01\/img_2326-2048x1536.jpg 2048w, https:\/\/www.systra.com\/iberica-hispanoamerica\/wp-content\/uploads\/sites\/30\/2025\/01\/img_2326-474x356.jpg 474w, https:\/\/www.systra.com\/iberica-hispanoamerica\/wp-content\/uploads\/sites\/30\/2025\/01\/img_2326-1700x1275.jpg 1700w, https:\/\/www.systra.com\/iberica-hispanoamerica\/wp-content\/uploads\/sites\/30\/2025\/01\/img_2326-1352x1014.jpg 1352w, https:\/\/www.systra.com\/iberica-hispanoamerica\/wp-content\/uploads\/sites\/30\/2025\/01\/img_2326-800x600.jpg 800w, https:\/\/www.systra.com\/iberica-hispanoamerica\/wp-content\/uploads\/sites\/30\/2025\/01\/img_2326-180x135.jpg 180w, https:\/\/www.systra.com\/iberica-hispanoamerica\/wp-content\/uploads\/sites\/30\/2025\/01\/img_2326-153x115.jpg 153w, https:\/\/www.systra.com\/iberica-hispanoamerica\/wp-content\/uploads\/sites\/30\/2025\/01\/img_2326-230x173.jpg 230w\" sizes=\"auto, (max-width: 1024px) 100vw, 1024px\" \/><\/figure><\/div>\n\n\n\n<div style=\"height:100px\" aria-hidden=\"true\" class=\"wp-block-spacer\"><\/div>\n\n\n\n<p><\/p>\n\n\n\n<div class=\"wp-block-media-text is-stacked-on-mobile is-style-offer-without-rail\"><figure class=\"wp-block-media-text__media\"><img decoding=\"async\" src=\"https:\/\/www.systra.com\/iberica-hispanoamerica\/wp-content\/uploads\/2020\/07\/panama-canal-bridge_1-1024x576.jpg\" alt=\"\" class=\"wp-image-1000002154 size-full\" srcset=\"https:\/\/www.systra.com\/iberica-hispanoamerica\/wp-content\/uploads\/2020\/07\/panama-canal-bridge_1-1024x576.jpg 1024w, https:\/\/www.systra.com\/iberica-hispanoamerica\/wp-content\/uploads\/2020\/07\/panama-canal-bridge_1-300x169.jpg 300w, https:\/\/www.systra.com\/iberica-hispanoamerica\/wp-content\/uploads\/2020\/07\/panama-canal-bridge_1-768x432.jpg 768w, https:\/\/www.systra.com\/iberica-hispanoamerica\/wp-content\/uploads\/2020\/07\/panama-canal-bridge_1-1536x864.jpg 1536w, https:\/\/www.systra.com\/iberica-hispanoamerica\/wp-content\/uploads\/2020\/07\/panama-canal-bridge_1-2048x1152.jpg 2048w, https:\/\/www.systra.com\/iberica-hispanoamerica\/wp-content\/uploads\/2020\/07\/panama-canal-bridge_1-474x266.jpg 474w, https:\/\/www.systra.com\/iberica-hispanoamerica\/wp-content\/uploads\/2020\/07\/panama-canal-bridge_1-1700x956.jpg 1700w, https:\/\/www.systra.com\/iberica-hispanoamerica\/wp-content\/uploads\/2020\/07\/panama-canal-bridge_1-1352x760.jpg 1352w, https:\/\/www.systra.com\/iberica-hispanoamerica\/wp-content\/uploads\/2020\/07\/panama-canal-bridge_1-800x450.jpg 800w, https:\/\/www.systra.com\/iberica-hispanoamerica\/wp-content\/uploads\/2020\/07\/panama-canal-bridge_1-180x101.jpg 180w, https:\/\/www.systra.com\/iberica-hispanoamerica\/wp-content\/uploads\/2020\/07\/panama-canal-bridge_1-153x86.jpg 153w, https:\/\/www.systra.com\/iberica-hispanoamerica\/wp-content\/uploads\/2020\/07\/panama-canal-bridge_1-230x129.jpg 230w\" sizes=\"(max-width: 1024px) 100vw, 1024px\" \/><\/figure><div class=\"wp-block-media-text__content\">\n<h3 class=\"wp-block-heading has-khaki-color has-text-color has-link-color wp-elements-abbaaa038ec606542652d45c48bf39e4\" id=\"h-liderazgo-audaz\">LIDERAZGO AUD\u00c1Z<\/h3>\n\n\n\n<p>Los proyectos que acompa\u00f1amos transforman profundamente la movilidad. A trav\u00e9s de nuestra capacidad de innovaci\u00f3n y nuestro conocimiento en gesti\u00f3n de proyectos, aportamos respuestas frescas a nuestros clientes y el liderazgo audaz necesario para el cambio.<\/p>\n\n\n\n<p>Nuestra tarea es considerar, dise\u00f1ar e imaginar hoy las soluciones de movilidad del ma\u00f1ana.<\/p>\n<\/div><\/div>\n\n\n\n<div style=\"height:100px\" aria-hidden=\"true\" class=\"wp-block-spacer\"><\/div>\n\n\n\n<p><\/p>\n","protected":false},"excerpt":{"rendered":"<p>Nuestros valores gu\u00edan nuestras acciones diarias Ser identificados como el Equipo Insignia de las soluciones de infraestructura constituye un objetivo tan exigente como inspirador. Para lograrlo, podemos contar con la movilizaci\u00f3n de todos nuestros colegas, hombres y mujeres, que comparten los valores de SYSTRA: Excelencia, Equipos Conectados, Liderazgo Audaz. EXCELENCIA Arraigada en nuestra cultura de [&hellip;]<\/p>\n","protected":false},"author":175,"featured_media":2366,"parent":86,"menu_order":0,"comment_status":"closed","ping_status":"closed","template":"","meta":{"_acf_changed":false,"_relevanssi_hide_post":"","_relevanssi_hide_content":"","_relevanssi_pin_for_all":"","_relevanssi_pin_keywords":"","_relevanssi_unpin_keywords":"","_relevanssi_related_keywords":"","_relevanssi_related_include_ids":"","_relevanssi_related_exclude_ids":"","_relevanssi_related_no_append":"","_relevanssi_related_not_related":"","_relevanssi_related_posts":"1","_relevanssi_noindex_reason":"","footnotes":""},"class_list":["post-275","page","type-page","status-publish","has-post-thumbnail","hentry"],"acf":[],"yoast_head":"<!-- This site is optimized with the Yoast SEO Premium plugin v27.4 (Yoast SEO v27.4) - https:\/\/yoast.com\/product\/yoast-seo-premium-wordpress\/ -->\n<title>Ambiciones y Valores - Ib\u00e9rica &amp; Hispanoam\u00e9rica<\/title>\n<meta name=\"robots\" content=\"index, follow, max-snippet:-1, max-image-preview:large, max-video-preview:-1\" \/>\n<meta property=\"og:locale\" content=\"en_US\" \/>\n<meta property=\"og:type\" content=\"article\" \/>\n<meta property=\"og:title\" content=\"Ambiciones y Valores\" \/>\n<meta property=\"og:description\" content=\"Nuestros valores gu\u00edan nuestras acciones diarias Ser identificados como el Equipo Insignia de las soluciones de infraestructura constituye un objetivo tan exigente como inspirador. Para lograrlo, podemos contar con la movilizaci\u00f3n de todos nuestros colegas, hombres y mujeres, que comparten los valores de SYSTRA: Excelencia, Equipos Conectados, Liderazgo Audaz. EXCELENCIA Arraigada en nuestra cultura de [&hellip;]\" \/>\n<meta property=\"og:url\" content=\"https:\/\/www.systra.com\/iberica-hispanoamerica\/quienes-somos\/ambiciones-y-valores\/\" \/>\n<meta property=\"og:site_name\" content=\"Ib\u00e9rica &amp; Hispanoam\u00e9rica\" \/>\n<meta property=\"article:modified_time\" content=\"2025-02-07T18:06:31+00:00\" \/>\n<meta property=\"og:image\" content=\"https:\/\/www.systra.com\/iberica-hispanoamerica\/wp-content\/uploads\/sites\/30\/2025\/01\/2019-capa-lyon-tram-t6-36-1024x683.jpg\" \/>\n\t<meta property=\"og:image:width\" content=\"1024\" \/>\n\t<meta property=\"og:image:height\" content=\"683\" \/>\n\t<meta property=\"og:image:type\" content=\"image\/jpeg\" \/>\n<meta name=\"twitter:card\" content=\"summary_large_image\" \/>\n<meta name=\"twitter:label1\" content=\"Est. reading time\" \/>\n\t<meta name=\"twitter:data1\" content=\"2 minutes\" \/>\n<script type=\"application\/ld+json\" class=\"yoast-schema-graph\">{\"@context\":\"https:\\\/\\\/schema.org\",\"@graph\":[{\"@type\":\"WebPage\",\"@id\":\"https:\\\/\\\/www.systra.com\\\/iberica-hispanoamerica\\\/quienes-somos\\\/ambiciones-y-valores\\\/\",\"url\":\"https:\\\/\\\/www.systra.com\\\/iberica-hispanoamerica\\\/quienes-somos\\\/ambiciones-y-valores\\\/\",\"name\":\"Ambiciones y Valores - Ib\u00e9rica &amp; Hispanoam\u00e9rica\",\"isPartOf\":{\"@id\":\"https:\\\/\\\/www.systra.com\\\/iberica-hispanoamerica\\\/#website\"},\"primaryImageOfPage\":{\"@id\":\"https:\\\/\\\/www.systra.com\\\/iberica-hispanoamerica\\\/quienes-somos\\\/ambiciones-y-valores\\\/#primaryimage\"},\"image\":{\"@id\":\"https:\\\/\\\/www.systra.com\\\/iberica-hispanoamerica\\\/quienes-somos\\\/ambiciones-y-valores\\\/#primaryimage\"},\"thumbnailUrl\":\"https:\\\/\\\/www.systra.com\\\/iberica-hispanoamerica\\\/wp-content\\\/uploads\\\/sites\\\/30\\\/2025\\\/01\\\/2019-capa-lyon-tram-t6-36.jpg\",\"datePublished\":\"2024-10-20T15:11:06+00:00\",\"dateModified\":\"2025-02-07T18:06:31+00:00\",\"breadcrumb\":{\"@id\":\"https:\\\/\\\/www.systra.com\\\/iberica-hispanoamerica\\\/quienes-somos\\\/ambiciones-y-valores\\\/#breadcrumb\"},\"inLanguage\":\"en-US\",\"potentialAction\":[{\"@type\":\"ReadAction\",\"target\":[\"https:\\\/\\\/www.systra.com\\\/iberica-hispanoamerica\\\/quienes-somos\\\/ambiciones-y-valores\\\/\"]}]},{\"@type\":\"ImageObject\",\"inLanguage\":\"en-US\",\"@id\":\"https:\\\/\\\/www.systra.com\\\/iberica-hispanoamerica\\\/quienes-somos\\\/ambiciones-y-valores\\\/#primaryimage\",\"url\":\"https:\\\/\\\/www.systra.com\\\/iberica-hispanoamerica\\\/wp-content\\\/uploads\\\/sites\\\/30\\\/2025\\\/01\\\/2019-capa-lyon-tram-t6-36.jpg\",\"contentUrl\":\"https:\\\/\\\/www.systra.com\\\/iberica-hispanoamerica\\\/wp-content\\\/uploads\\\/sites\\\/30\\\/2025\\\/01\\\/2019-capa-lyon-tram-t6-36.jpg\",\"width\":7952,\"height\":5304},{\"@type\":\"BreadcrumbList\",\"@id\":\"https:\\\/\\\/www.systra.com\\\/iberica-hispanoamerica\\\/quienes-somos\\\/ambiciones-y-valores\\\/#breadcrumb\",\"itemListElement\":[{\"@type\":\"ListItem\",\"position\":1,\"name\":\"Accueil\",\"item\":\"https:\\\/\\\/www.systra.com\\\/iberica-hispanoamerica\\\/\"},{\"@type\":\"ListItem\",\"position\":2,\"name\":\"Qui\u00e9nes somos\",\"item\":\"https:\\\/\\\/www.systra.com\\\/spain-hispanoamerica\\\/quienes-somos\\\/\"},{\"@type\":\"ListItem\",\"position\":3,\"name\":\"Ambiciones y Valores\"}]},{\"@type\":\"WebSite\",\"@id\":\"https:\\\/\\\/www.systra.com\\\/iberica-hispanoamerica\\\/#website\",\"url\":\"https:\\\/\\\/www.systra.com\\\/iberica-hispanoamerica\\\/\",\"name\":\"Ib\u00e9rica &amp; Hispanoam\u00e9rica\",\"description\":\"\",\"publisher\":{\"@id\":\"https:\\\/\\\/www.systra.com\\\/iberica-hispanoamerica\\\/#organization\"},\"potentialAction\":[{\"@type\":\"SearchAction\",\"target\":{\"@type\":\"EntryPoint\",\"urlTemplate\":\"https:\\\/\\\/www.systra.com\\\/iberica-hispanoamerica\\\/?s={search_term_string}\"},\"query-input\":{\"@type\":\"PropertyValueSpecification\",\"valueRequired\":true,\"valueName\":\"search_term_string\"}}],\"inLanguage\":\"en-US\"},{\"@type\":\"Organization\",\"@id\":\"https:\\\/\\\/www.systra.com\\\/iberica-hispanoamerica\\\/#organization\",\"name\":\"Ib\u00e9rica &amp; Hispanoam\u00e9rica\",\"url\":\"https:\\\/\\\/www.systra.com\\\/iberica-hispanoamerica\\\/\",\"logo\":{\"@type\":\"ImageObject\",\"inLanguage\":\"en-US\",\"@id\":\"https:\\\/\\\/www.systra.com\\\/iberica-hispanoamerica\\\/#\\\/schema\\\/logo\\\/image\\\/\",\"url\":\"https:\\\/\\\/www.systra.com\\\/iberica-hispanoamerica\\\/wp-content\\\/uploads\\\/sites\\\/30\\\/2024\\\/12\\\/logo3.svg\",\"contentUrl\":\"https:\\\/\\\/www.systra.com\\\/iberica-hispanoamerica\\\/wp-content\\\/uploads\\\/sites\\\/30\\\/2024\\\/12\\\/logo3.svg\",\"width\":468,\"height\":469,\"caption\":\"Ib\u00e9rica &amp; Hispanoam\u00e9rica\"},\"image\":{\"@id\":\"https:\\\/\\\/www.systra.com\\\/iberica-hispanoamerica\\\/#\\\/schema\\\/logo\\\/image\\\/\"}}]}<\/script>\n<!-- \/ Yoast SEO Premium plugin. -->","yoast_head_json":{"title":"Ambiciones y Valores - Ib\u00e9rica &amp; Hispanoam\u00e9rica","robots":{"index":"index","follow":"follow","max-snippet":"max-snippet:-1","max-image-preview":"max-image-preview:large","max-video-preview":"max-video-preview:-1"},"og_locale":"en_US","og_type":"article","og_title":"Ambiciones y Valores","og_description":"Nuestros valores gu\u00edan nuestras acciones diarias Ser identificados como el Equipo Insignia de las soluciones de infraestructura constituye un objetivo tan exigente como inspirador. Para lograrlo, podemos contar con la movilizaci\u00f3n de todos nuestros colegas, hombres y mujeres, que comparten los valores de SYSTRA: Excelencia, Equipos Conectados, Liderazgo Audaz. EXCELENCIA Arraigada en nuestra cultura de [&hellip;]","og_url":"https:\/\/www.systra.com\/iberica-hispanoamerica\/quienes-somos\/ambiciones-y-valores\/","og_site_name":"Ib\u00e9rica &amp; Hispanoam\u00e9rica","article_modified_time":"2025-02-07T18:06:31+00:00","og_image":[{"width":1024,"height":683,"url":"https:\/\/www.systra.com\/iberica-hispanoamerica\/wp-content\/uploads\/sites\/30\/2025\/01\/2019-capa-lyon-tram-t6-36-1024x683.jpg","type":"image\/jpeg"}],"twitter_card":"summary_large_image","twitter_misc":{"Est. reading time":"2 minutes"},"schema":{"@context":"https:\/\/schema.org","@graph":[{"@type":"WebPage","@id":"https:\/\/www.systra.com\/iberica-hispanoamerica\/quienes-somos\/ambiciones-y-valores\/","url":"https:\/\/www.systra.com\/iberica-hispanoamerica\/quienes-somos\/ambiciones-y-valores\/","name":"Ambiciones y Valores - Ib\u00e9rica &amp; Hispanoam\u00e9rica","isPartOf":{"@id":"https:\/\/www.systra.com\/iberica-hispanoamerica\/#website"},"primaryImageOfPage":{"@id":"https:\/\/www.systra.com\/iberica-hispanoamerica\/quienes-somos\/ambiciones-y-valores\/#primaryimage"},"image":{"@id":"https:\/\/www.systra.com\/iberica-hispanoamerica\/quienes-somos\/ambiciones-y-valores\/#primaryimage"},"thumbnailUrl":"https:\/\/www.systra.com\/iberica-hispanoamerica\/wp-content\/uploads\/sites\/30\/2025\/01\/2019-capa-lyon-tram-t6-36.jpg","datePublished":"2024-10-20T15:11:06+00:00","dateModified":"2025-02-07T18:06:31+00:00","breadcrumb":{"@id":"https:\/\/www.systra.com\/iberica-hispanoamerica\/quienes-somos\/ambiciones-y-valores\/#breadcrumb"},"inLanguage":"en-US","potentialAction":[{"@type":"ReadAction","target":["https:\/\/www.systra.com\/iberica-hispanoamerica\/quienes-somos\/ambiciones-y-valores\/"]}]},{"@type":"ImageObject","inLanguage":"en-US","@id":"https:\/\/www.systra.com\/iberica-hispanoamerica\/quienes-somos\/ambiciones-y-valores\/#primaryimage","url":"https:\/\/www.systra.com\/iberica-hispanoamerica\/wp-content\/uploads\/sites\/30\/2025\/01\/2019-capa-lyon-tram-t6-36.jpg","contentUrl":"https:\/\/www.systra.com\/iberica-hispanoamerica\/wp-content\/uploads\/sites\/30\/2025\/01\/2019-capa-lyon-tram-t6-36.jpg","width":7952,"height":5304},{"@type":"BreadcrumbList","@id":"https:\/\/www.systra.com\/iberica-hispanoamerica\/quienes-somos\/ambiciones-y-valores\/#breadcrumb","itemListElement":[{"@type":"ListItem","position":1,"name":"Accueil","item":"https:\/\/www.systra.com\/iberica-hispanoamerica\/"},{"@type":"ListItem","position":2,"name":"Qui\u00e9nes somos","item":"https:\/\/www.systra.com\/spain-hispanoamerica\/quienes-somos\/"},{"@type":"ListItem","position":3,"name":"Ambiciones y Valores"}]},{"@type":"WebSite","@id":"https:\/\/www.systra.com\/iberica-hispanoamerica\/#website","url":"https:\/\/www.systra.com\/iberica-hispanoamerica\/","name":"Ib\u00e9rica &amp; Hispanoam\u00e9rica","description":"","publisher":{"@id":"https:\/\/www.systra.com\/iberica-hispanoamerica\/#organization"},"potentialAction":[{"@type":"SearchAction","target":{"@type":"EntryPoint","urlTemplate":"https:\/\/www.systra.com\/iberica-hispanoamerica\/?s={search_term_string}"},"query-input":{"@type":"PropertyValueSpecification","valueRequired":true,"valueName":"search_term_string"}}],"inLanguage":"en-US"},{"@type":"Organization","@id":"https:\/\/www.systra.com\/iberica-hispanoamerica\/#organization","name":"Ib\u00e9rica &amp; Hispanoam\u00e9rica","url":"https:\/\/www.systra.com\/iberica-hispanoamerica\/","logo":{"@type":"ImageObject","inLanguage":"en-US","@id":"https:\/\/www.systra.com\/iberica-hispanoamerica\/#\/schema\/logo\/image\/","url":"https:\/\/www.systra.com\/iberica-hispanoamerica\/wp-content\/uploads\/sites\/30\/2024\/12\/logo3.svg","contentUrl":"https:\/\/www.systra.com\/iberica-hispanoamerica\/wp-content\/uploads\/sites\/30\/2024\/12\/logo3.svg","width":468,"height":469,"caption":"Ib\u00e9rica &amp; Hispanoam\u00e9rica"},"image":{"@id":"https:\/\/www.systra.com\/iberica-hispanoamerica\/#\/schema\/logo\/image\/"}}]}},"lang":"es","translations":{"es":275},"pll_sync_post":[],"_links":{"self":[{"href":"https:\/\/www.systra.com\/iberica-hispanoamerica\/wp-json\/wp\/v2\/pages\/275","targetHints":{"allow":["GET"]}}],"collection":[{"href":"https:\/\/www.systra.com\/iberica-hispanoamerica\/wp-json\/wp\/v2\/pages"}],"about":[{"href":"https:\/\/www.systra.com\/iberica-hispanoamerica\/wp-json\/wp\/v2\/types\/page"}],"author":[{"embeddable":true,"href":"https:\/\/www.systra.com\/iberica-hispanoamerica\/wp-json\/wp\/v2\/users\/175"}],"replies":[{"embeddable":true,"href":"https:\/\/www.systra.com\/iberica-hispanoamerica\/wp-json\/wp\/v2\/comments?post=275"}],"version-history":[{"count":2,"href":"https:\/\/www.systra.com\/iberica-hispanoamerica\/wp-json\/wp\/v2\/pages\/275\/revisions"}],"predecessor-version":[{"id":4051,"href":"https:\/\/www.systra.com\/iberica-hispanoamerica\/wp-json\/wp\/v2\/pages\/275\/revisions\/4051"}],"up":[{"embeddable":true,"href":"https:\/\/www.systra.com\/iberica-hispanoamerica\/wp-json\/wp\/v2\/pages\/86"}],"wp:featuredmedia":[{"embeddable":true,"href":"https:\/\/www.systra.com\/iberica-hispanoamerica\/wp-json\/wp\/v2\/media\/2366"}],"wp:attachment":[{"href":"https:\/\/www.systra.com\/iberica-hispanoamerica\/wp-json\/wp\/v2\/media?parent=275"}],"curies":[{"name":"wp","href":"https:\/\/api.w.org\/{rel}","templated":true}]}}