{"id":2131,"date":"2025-01-23T12:26:38","date_gmt":"2025-01-23T11:26:38","guid":{"rendered":"https:\/\/www.systra.com\/iberica-hispanoamerica\/?page_id=2131"},"modified":"2025-02-07T17:01:53","modified_gmt":"2025-02-07T16:01:53","slug":"portugal","status":"publish","type":"page","link":"https:\/\/www.systra.com\/iberica-hispanoamerica\/nuestra-ubicacion\/systra-portugal\/","title":{"rendered":"SYSTRA Portugal"},"content":{"rendered":"\n<div style=\"height:50px\" aria-hidden=\"true\" class=\"wp-block-spacer\"><\/div>\n\n\n\n<h3 class=\"wp-block-heading\" id=\"h-systra-y-subterra-aceleran-la-transformacion-del-transporte-en-espana-y-portugal\">SYSTRA y Subterra aceleran la transformaci\u00f3n del transporte en Espa\u00f1a y Portugal<\/h3>\n\n\n\n<div style=\"height:100px\" aria-hidden=\"true\" class=\"wp-block-spacer\"><\/div>\n\n\n\n<div class=\"wp-block-media-text is-stacked-on-mobile is-style-offer-with-rail\"><figure class=\"wp-block-media-text__media\"><img loading=\"lazy\" decoding=\"async\" width=\"1024\" height=\"768\" src=\"https:\/\/www.systra.com\/iberica-hispanoamerica\/wp-content\/uploads\/sites\/30\/2025\/01\/liam-mckay-vhwyqxswhg0-unsplash-1024x768.jpg\" alt=\"\" class=\"wp-image-2134 size-full\" srcset=\"https:\/\/www.systra.com\/iberica-hispanoamerica\/wp-content\/uploads\/sites\/30\/2025\/01\/liam-mckay-vhwyqxswhg0-unsplash-1024x768.jpg 1024w, https:\/\/www.systra.com\/iberica-hispanoamerica\/wp-content\/uploads\/sites\/30\/2025\/01\/liam-mckay-vhwyqxswhg0-unsplash-300x225.jpg 300w, https:\/\/www.systra.com\/iberica-hispanoamerica\/wp-content\/uploads\/sites\/30\/2025\/01\/liam-mckay-vhwyqxswhg0-unsplash-768x576.jpg 768w, https:\/\/www.systra.com\/iberica-hispanoamerica\/wp-content\/uploads\/sites\/30\/2025\/01\/liam-mckay-vhwyqxswhg0-unsplash-1536x1152.jpg 1536w, https:\/\/www.systra.com\/iberica-hispanoamerica\/wp-content\/uploads\/sites\/30\/2025\/01\/liam-mckay-vhwyqxswhg0-unsplash-2048x1536.jpg 2048w, https:\/\/www.systra.com\/iberica-hispanoamerica\/wp-content\/uploads\/sites\/30\/2025\/01\/liam-mckay-vhwyqxswhg0-unsplash-474x356.jpg 474w, https:\/\/www.systra.com\/iberica-hispanoamerica\/wp-content\/uploads\/sites\/30\/2025\/01\/liam-mckay-vhwyqxswhg0-unsplash-1700x1275.jpg 1700w, https:\/\/www.systra.com\/iberica-hispanoamerica\/wp-content\/uploads\/sites\/30\/2025\/01\/liam-mckay-vhwyqxswhg0-unsplash-1352x1014.jpg 1352w, https:\/\/www.systra.com\/iberica-hispanoamerica\/wp-content\/uploads\/sites\/30\/2025\/01\/liam-mckay-vhwyqxswhg0-unsplash-800x600.jpg 800w, https:\/\/www.systra.com\/iberica-hispanoamerica\/wp-content\/uploads\/sites\/30\/2025\/01\/liam-mckay-vhwyqxswhg0-unsplash-180x135.jpg 180w, https:\/\/www.systra.com\/iberica-hispanoamerica\/wp-content\/uploads\/sites\/30\/2025\/01\/liam-mckay-vhwyqxswhg0-unsplash-153x115.jpg 153w, https:\/\/www.systra.com\/iberica-hispanoamerica\/wp-content\/uploads\/sites\/30\/2025\/01\/liam-mckay-vhwyqxswhg0-unsplash-230x173.jpg 230w\" sizes=\"auto, (max-width: 1024px) 100vw, 1024px\" \/><\/figure><div class=\"wp-block-media-text__content\">\n<p>SYSTRA es una empresa de ingenier\u00eda y consultor\u00eda de renombre mundial especializada en el dise\u00f1o, construcci\u00f3n y supervisi\u00f3n de infraestructuras en sectores estrat\u00e9gicos como el transporte, la miner\u00eda, el agua y la energ\u00eda.<br>En Portugal, SYSTRA tiene una oficina permanente en Oporto, desde donde lidera proyectos estrat\u00e9gicos que impulsan el desarrollo econ\u00f3mico y sostenible del pa\u00eds. La empresa trabaja en estrecha colaboraci\u00f3n con clientes p\u00fablicos y privados, ofreciendo soluciones adaptadas al contexto local y respaldadas por su amplia experiencia global.<\/p>\n\n\n\n<p><\/p>\n<\/div><\/div>\n\n\n\n<div style=\"height:100px\" aria-hidden=\"true\" class=\"wp-block-spacer\"><\/div>\n\n\n\n<p>Entre las principales \u00e1reas de actividad de SYSTRA en Portugal destacan:<\/p>\n\n\n\n<div style=\"height:50px\" aria-hidden=\"true\" class=\"wp-block-spacer\"><\/div>\n\n\n\n<ul class=\"wp-block-list\">\n<li>Alta Velocidad Ferroviaria: Contribuyendo al desarrollo de la red de alta velocidad en Portugal, mejorando la conectividad a nivel nacional e internacional.<\/li>\n\n\n\n<li>Infraestructuras Mineras: Proporcionar soluciones de ingenier\u00eda para la explotaci\u00f3n sostenible de los recursos minerales, optimizando los procesos y garantizando la seguridad.<\/li>\n\n\n\n<li>Gesti\u00f3n del Agua: Desarrollo de sistemas de abastecimiento, tratamiento y distribuci\u00f3n de agua, as\u00ed como soluciones para la gesti\u00f3n eficiente de los recursos h\u00eddricos.<\/li>\n\n\n\n<li>Energ\u00eda: Participaci\u00f3n en proyectos de infraestructuras energ\u00e9ticas, incluidas las energ\u00edas renovables, con especial atenci\u00f3n a la sostenibilidad y la eficiencia.<\/li>\n\n\n\n<li>Supervisi\u00f3n de obras: Gesti\u00f3n integral y control de calidad de proyectos de construcci\u00f3n y modernizaci\u00f3n de infraestructuras.<\/li>\n<\/ul>\n\n\n\n<div style=\"height:50px\" aria-hidden=\"true\" class=\"wp-block-spacer\"><\/div>\n\n\n\n<p>SYSTRA tambi\u00e9n es miembro activo de la Plataforma Ferroviaria Portuguesa (PFP), lo que refuerza su compromiso con el progreso del sector ferroviario del pa\u00eds.<br>Con su presencia permanente en Portugal y su capacidad para trabajar en proyectos complejos en diversos sectores, SYSTRA se ha consolidado como un socio esencial en la transformaci\u00f3n y modernizaci\u00f3n de las infraestructuras del pa\u00eds, promoviendo un desarrollo sostenible y resiliente.<\/p>\n\n\n\n<div style=\"height:100px\" aria-hidden=\"true\" class=\"wp-block-spacer\"><\/div>\n\n\n\n<div class=\"wp-block-group\"><div class=\"wp-block-group__inner-container is-layout-constrained wp-block-group-is-layout-constrained\">\n<h3 class=\"wp-block-heading\" id=\"h-contacto\">Contacto<\/h3>\n\n\n\n<div style=\"height:30px\" aria-hidden=\"true\" class=\"wp-block-spacer\"><\/div>\n\n\n\n<p><strong>Portugal<\/strong><\/p>\n\n\n\n<p><a href=\"mailto:systra.portugal@systra.com\">systra.portugal@systra.com<\/a><\/p>\n\n\n\n<p><\/p>\n\n\n\n<div style=\"height:100px\" aria-hidden=\"true\" class=\"wp-block-spacer\"><\/div>\n\n\n\n<h3 class=\"wp-block-heading\" id=\"h-ubicacion\">Ubicaci\u00f3n<\/h3>\n\n\n\n<div style=\"height:30px\" aria-hidden=\"true\" class=\"wp-block-spacer\"><\/div>\n\n\n\n<p><strong>Porto<\/strong><\/p>\n\n\n\n<p>R. de Augusto Rosa 79, 4000-098 Porto, Portugal<\/p>\n\n\n\n<div style=\"height:100px\" aria-hidden=\"true\" class=\"wp-block-spacer\"><\/div>\n\n\n\n<div class=\"wp-block-buttons is-content-justification-center is-layout-flex wp-container-core-buttons-is-layout-16018d1d wp-block-buttons-is-layout-flex\">\n<div class=\"wp-block-button\"><a class=\"wp-block-button__link has-dusty-blue-background-color has-background wp-element-button\" href=\"https:\/\/www.systra.com\/iberica-hispanoamerica\/\">volver a SYSTRA Ib\u00e9ria &amp; Hispanoamerica<\/a><\/div>\n<\/div>\n<\/div><\/div>\n","protected":false},"excerpt":{"rendered":"<p>SYSTRA y Subterra aceleran la transformaci\u00f3n del transporte en Espa\u00f1a y Portugal SYSTRA es una empresa de ingenier\u00eda y consultor\u00eda de renombre mundial especializada en el dise\u00f1o, construcci\u00f3n y supervisi\u00f3n de infraestructuras en sectores estrat\u00e9gicos como el transporte, la miner\u00eda, el agua y la energ\u00eda.En Portugal, SYSTRA tiene una oficina permanente en Oporto, desde donde [&hellip;]<\/p>\n","protected":false},"author":175,"featured_media":4030,"parent":1727,"menu_order":0,"comment_status":"closed","ping_status":"closed","template":"","meta":{"_acf_changed":false,"_relevanssi_hide_post":"","_relevanssi_hide_content":"","_relevanssi_pin_for_all":"","_relevanssi_pin_keywords":"","_relevanssi_unpin_keywords":"","_relevanssi_related_keywords":"","_relevanssi_related_include_ids":"","_relevanssi_related_exclude_ids":"","_relevanssi_related_no_append":"","_relevanssi_related_not_related":"","_relevanssi_related_posts":"1","_relevanssi_noindex_reason":"","footnotes":""},"class_list":["post-2131","page","type-page","status-publish","has-post-thumbnail","hentry"],"acf":[],"yoast_head":"<!-- This site is optimized with the Yoast SEO Premium plugin v27.3 (Yoast SEO v27.3) - https:\/\/yoast.com\/product\/yoast-seo-premium-wordpress\/ -->\n<title>SYSTRA Portugal - Ib\u00e9rica &amp; Hispanoam\u00e9rica<\/title>\n<meta name=\"robots\" content=\"index, follow, max-snippet:-1, max-image-preview:large, max-video-preview:-1\" \/>\n<meta property=\"og:locale\" content=\"en_US\" \/>\n<meta property=\"og:type\" content=\"article\" \/>\n<meta property=\"og:title\" content=\"SYSTRA Portugal\" \/>\n<meta property=\"og:description\" content=\"SYSTRA y Subterra aceleran la transformaci\u00f3n del transporte en Espa\u00f1a y Portugal SYSTRA es una empresa de ingenier\u00eda y consultor\u00eda de renombre mundial especializada en el dise\u00f1o, construcci\u00f3n y supervisi\u00f3n de infraestructuras en sectores estrat\u00e9gicos como el transporte, la miner\u00eda, el agua y la energ\u00eda.En Portugal, SYSTRA tiene una oficina permanente en Oporto, desde donde [&hellip;]\" \/>\n<meta property=\"og:url\" content=\"https:\/\/www.systra.com\/iberica-hispanoamerica\/nuestra-ubicacion\/systra-portugal\/\" \/>\n<meta property=\"og:site_name\" content=\"Ib\u00e9rica &amp; Hispanoam\u00e9rica\" \/>\n<meta property=\"article:modified_time\" content=\"2025-02-07T16:01:53+00:00\" \/>\n<meta property=\"og:image\" content=\"https:\/\/www.systra.com\/iberica-hispanoamerica\/wp-content\/uploads\/sites\/30\/2025\/02\/dom-luis-i-bridge-sunset-with-tram-crossing-porto-portugal-scaled.jpg\" \/>\n\t<meta property=\"og:image:width\" content=\"2560\" \/>\n\t<meta property=\"og:image:height\" content=\"1710\" \/>\n\t<meta property=\"og:image:type\" content=\"image\/jpeg\" \/>\n<meta name=\"twitter:card\" content=\"summary_large_image\" \/>\n<meta name=\"twitter:label1\" content=\"Est. reading time\" \/>\n\t<meta name=\"twitter:data1\" content=\"2 minutes\" \/>\n<script type=\"application\/ld+json\" class=\"yoast-schema-graph\">{\"@context\":\"https:\\\/\\\/schema.org\",\"@graph\":[{\"@type\":\"WebPage\",\"@id\":\"https:\\\/\\\/www.systra.com\\\/iberica-hispanoamerica\\\/nuestra-ubicacion\\\/systra-portugal\\\/\",\"url\":\"https:\\\/\\\/www.systra.com\\\/iberica-hispanoamerica\\\/nuestra-ubicacion\\\/systra-portugal\\\/\",\"name\":\"SYSTRA Portugal - Ib\u00e9rica &amp; Hispanoam\u00e9rica\",\"isPartOf\":{\"@id\":\"https:\\\/\\\/www.systra.com\\\/iberica-hispanoamerica\\\/#website\"},\"primaryImageOfPage\":{\"@id\":\"https:\\\/\\\/www.systra.com\\\/iberica-hispanoamerica\\\/nuestra-ubicacion\\\/systra-portugal\\\/#primaryimage\"},\"image\":{\"@id\":\"https:\\\/\\\/www.systra.com\\\/iberica-hispanoamerica\\\/nuestra-ubicacion\\\/systra-portugal\\\/#primaryimage\"},\"thumbnailUrl\":\"https:\\\/\\\/www.systra.com\\\/iberica-hispanoamerica\\\/wp-content\\\/uploads\\\/sites\\\/30\\\/2025\\\/02\\\/dom-luis-i-bridge-sunset-with-tram-crossing-porto-portugal-scaled.jpg\",\"datePublished\":\"2025-01-23T11:26:38+00:00\",\"dateModified\":\"2025-02-07T16:01:53+00:00\",\"breadcrumb\":{\"@id\":\"https:\\\/\\\/www.systra.com\\\/iberica-hispanoamerica\\\/nuestra-ubicacion\\\/systra-portugal\\\/#breadcrumb\"},\"inLanguage\":\"en-US\",\"potentialAction\":[{\"@type\":\"ReadAction\",\"target\":[\"https:\\\/\\\/www.systra.com\\\/iberica-hispanoamerica\\\/nuestra-ubicacion\\\/systra-portugal\\\/\"]}]},{\"@type\":\"ImageObject\",\"inLanguage\":\"en-US\",\"@id\":\"https:\\\/\\\/www.systra.com\\\/iberica-hispanoamerica\\\/nuestra-ubicacion\\\/systra-portugal\\\/#primaryimage\",\"url\":\"https:\\\/\\\/www.systra.com\\\/iberica-hispanoamerica\\\/wp-content\\\/uploads\\\/sites\\\/30\\\/2025\\\/02\\\/dom-luis-i-bridge-sunset-with-tram-crossing-porto-portugal-scaled.jpg\",\"contentUrl\":\"https:\\\/\\\/www.systra.com\\\/iberica-hispanoamerica\\\/wp-content\\\/uploads\\\/sites\\\/30\\\/2025\\\/02\\\/dom-luis-i-bridge-sunset-with-tram-crossing-porto-portugal-scaled.jpg\",\"width\":2560,\"height\":1710,\"caption\":\"A modern tram crosses the iconic Dom Luis I Bridge over the Douro River in Porto, Portugal. The sunset illuminates historic buildings and rooftops, blending charm and infrastructure.\"},{\"@type\":\"BreadcrumbList\",\"@id\":\"https:\\\/\\\/www.systra.com\\\/iberica-hispanoamerica\\\/nuestra-ubicacion\\\/systra-portugal\\\/#breadcrumb\",\"itemListElement\":[{\"@type\":\"ListItem\",\"position\":1,\"name\":\"Accueil\",\"item\":\"https:\\\/\\\/www.systra.com\\\/iberica-hispanoamerica\\\/\"},{\"@type\":\"ListItem\",\"position\":2,\"name\":\"Nuestra ubicaci\u00f3n\",\"item\":\"https:\\\/\\\/www.systra.com\\\/spain-hispanoamerica\\\/nuestra-ubicacion\\\/\"},{\"@type\":\"ListItem\",\"position\":3,\"name\":\"SYSTRA Portugal\"}]},{\"@type\":\"WebSite\",\"@id\":\"https:\\\/\\\/www.systra.com\\\/iberica-hispanoamerica\\\/#website\",\"url\":\"https:\\\/\\\/www.systra.com\\\/iberica-hispanoamerica\\\/\",\"name\":\"Ib\u00e9rica &amp; Hispanoam\u00e9rica\",\"description\":\"\",\"publisher\":{\"@id\":\"https:\\\/\\\/www.systra.com\\\/iberica-hispanoamerica\\\/#organization\"},\"potentialAction\":[{\"@type\":\"SearchAction\",\"target\":{\"@type\":\"EntryPoint\",\"urlTemplate\":\"https:\\\/\\\/www.systra.com\\\/iberica-hispanoamerica\\\/?s={search_term_string}\"},\"query-input\":{\"@type\":\"PropertyValueSpecification\",\"valueRequired\":true,\"valueName\":\"search_term_string\"}}],\"inLanguage\":\"en-US\"},{\"@type\":\"Organization\",\"@id\":\"https:\\\/\\\/www.systra.com\\\/iberica-hispanoamerica\\\/#organization\",\"name\":\"Ib\u00e9rica &amp; Hispanoam\u00e9rica\",\"url\":\"https:\\\/\\\/www.systra.com\\\/iberica-hispanoamerica\\\/\",\"logo\":{\"@type\":\"ImageObject\",\"inLanguage\":\"en-US\",\"@id\":\"https:\\\/\\\/www.systra.com\\\/iberica-hispanoamerica\\\/#\\\/schema\\\/logo\\\/image\\\/\",\"url\":\"https:\\\/\\\/www.systra.com\\\/iberica-hispanoamerica\\\/wp-content\\\/uploads\\\/sites\\\/30\\\/2024\\\/12\\\/logo3.svg\",\"contentUrl\":\"https:\\\/\\\/www.systra.com\\\/iberica-hispanoamerica\\\/wp-content\\\/uploads\\\/sites\\\/30\\\/2024\\\/12\\\/logo3.svg\",\"width\":468,\"height\":469,\"caption\":\"Ib\u00e9rica &amp; Hispanoam\u00e9rica\"},\"image\":{\"@id\":\"https:\\\/\\\/www.systra.com\\\/iberica-hispanoamerica\\\/#\\\/schema\\\/logo\\\/image\\\/\"}}]}<\/script>\n<!-- \/ Yoast SEO Premium plugin. -->","yoast_head_json":{"title":"SYSTRA Portugal - Ib\u00e9rica &amp; Hispanoam\u00e9rica","robots":{"index":"index","follow":"follow","max-snippet":"max-snippet:-1","max-image-preview":"max-image-preview:large","max-video-preview":"max-video-preview:-1"},"og_locale":"en_US","og_type":"article","og_title":"SYSTRA Portugal","og_description":"SYSTRA y Subterra aceleran la transformaci\u00f3n del transporte en Espa\u00f1a y Portugal SYSTRA es una empresa de ingenier\u00eda y consultor\u00eda de renombre mundial especializada en el dise\u00f1o, construcci\u00f3n y supervisi\u00f3n de infraestructuras en sectores estrat\u00e9gicos como el transporte, la miner\u00eda, el agua y la energ\u00eda.En Portugal, SYSTRA tiene una oficina permanente en Oporto, desde donde [&hellip;]","og_url":"https:\/\/www.systra.com\/iberica-hispanoamerica\/nuestra-ubicacion\/systra-portugal\/","og_site_name":"Ib\u00e9rica &amp; Hispanoam\u00e9rica","article_modified_time":"2025-02-07T16:01:53+00:00","og_image":[{"width":2560,"height":1710,"url":"https:\/\/www.systra.com\/iberica-hispanoamerica\/wp-content\/uploads\/sites\/30\/2025\/02\/dom-luis-i-bridge-sunset-with-tram-crossing-porto-portugal-scaled.jpg","type":"image\/jpeg"}],"twitter_card":"summary_large_image","twitter_misc":{"Est. reading time":"2 minutes"},"schema":{"@context":"https:\/\/schema.org","@graph":[{"@type":"WebPage","@id":"https:\/\/www.systra.com\/iberica-hispanoamerica\/nuestra-ubicacion\/systra-portugal\/","url":"https:\/\/www.systra.com\/iberica-hispanoamerica\/nuestra-ubicacion\/systra-portugal\/","name":"SYSTRA Portugal - Ib\u00e9rica &amp; Hispanoam\u00e9rica","isPartOf":{"@id":"https:\/\/www.systra.com\/iberica-hispanoamerica\/#website"},"primaryImageOfPage":{"@id":"https:\/\/www.systra.com\/iberica-hispanoamerica\/nuestra-ubicacion\/systra-portugal\/#primaryimage"},"image":{"@id":"https:\/\/www.systra.com\/iberica-hispanoamerica\/nuestra-ubicacion\/systra-portugal\/#primaryimage"},"thumbnailUrl":"https:\/\/www.systra.com\/iberica-hispanoamerica\/wp-content\/uploads\/sites\/30\/2025\/02\/dom-luis-i-bridge-sunset-with-tram-crossing-porto-portugal-scaled.jpg","datePublished":"2025-01-23T11:26:38+00:00","dateModified":"2025-02-07T16:01:53+00:00","breadcrumb":{"@id":"https:\/\/www.systra.com\/iberica-hispanoamerica\/nuestra-ubicacion\/systra-portugal\/#breadcrumb"},"inLanguage":"en-US","potentialAction":[{"@type":"ReadAction","target":["https:\/\/www.systra.com\/iberica-hispanoamerica\/nuestra-ubicacion\/systra-portugal\/"]}]},{"@type":"ImageObject","inLanguage":"en-US","@id":"https:\/\/www.systra.com\/iberica-hispanoamerica\/nuestra-ubicacion\/systra-portugal\/#primaryimage","url":"https:\/\/www.systra.com\/iberica-hispanoamerica\/wp-content\/uploads\/sites\/30\/2025\/02\/dom-luis-i-bridge-sunset-with-tram-crossing-porto-portugal-scaled.jpg","contentUrl":"https:\/\/www.systra.com\/iberica-hispanoamerica\/wp-content\/uploads\/sites\/30\/2025\/02\/dom-luis-i-bridge-sunset-with-tram-crossing-porto-portugal-scaled.jpg","width":2560,"height":1710,"caption":"A modern tram crosses the iconic Dom Luis I Bridge over the Douro River in Porto, Portugal. The sunset illuminates historic buildings and rooftops, blending charm and infrastructure."},{"@type":"BreadcrumbList","@id":"https:\/\/www.systra.com\/iberica-hispanoamerica\/nuestra-ubicacion\/systra-portugal\/#breadcrumb","itemListElement":[{"@type":"ListItem","position":1,"name":"Accueil","item":"https:\/\/www.systra.com\/iberica-hispanoamerica\/"},{"@type":"ListItem","position":2,"name":"Nuestra ubicaci\u00f3n","item":"https:\/\/www.systra.com\/spain-hispanoamerica\/nuestra-ubicacion\/"},{"@type":"ListItem","position":3,"name":"SYSTRA Portugal"}]},{"@type":"WebSite","@id":"https:\/\/www.systra.com\/iberica-hispanoamerica\/#website","url":"https:\/\/www.systra.com\/iberica-hispanoamerica\/","name":"Ib\u00e9rica &amp; Hispanoam\u00e9rica","description":"","publisher":{"@id":"https:\/\/www.systra.com\/iberica-hispanoamerica\/#organization"},"potentialAction":[{"@type":"SearchAction","target":{"@type":"EntryPoint","urlTemplate":"https:\/\/www.systra.com\/iberica-hispanoamerica\/?s={search_term_string}"},"query-input":{"@type":"PropertyValueSpecification","valueRequired":true,"valueName":"search_term_string"}}],"inLanguage":"en-US"},{"@type":"Organization","@id":"https:\/\/www.systra.com\/iberica-hispanoamerica\/#organization","name":"Ib\u00e9rica &amp; Hispanoam\u00e9rica","url":"https:\/\/www.systra.com\/iberica-hispanoamerica\/","logo":{"@type":"ImageObject","inLanguage":"en-US","@id":"https:\/\/www.systra.com\/iberica-hispanoamerica\/#\/schema\/logo\/image\/","url":"https:\/\/www.systra.com\/iberica-hispanoamerica\/wp-content\/uploads\/sites\/30\/2024\/12\/logo3.svg","contentUrl":"https:\/\/www.systra.com\/iberica-hispanoamerica\/wp-content\/uploads\/sites\/30\/2024\/12\/logo3.svg","width":468,"height":469,"caption":"Ib\u00e9rica &amp; Hispanoam\u00e9rica"},"image":{"@id":"https:\/\/www.systra.com\/iberica-hispanoamerica\/#\/schema\/logo\/image\/"}}]}},"lang":"es","translations":{"es":2131},"pll_sync_post":[],"_links":{"self":[{"href":"https:\/\/www.systra.com\/iberica-hispanoamerica\/wp-json\/wp\/v2\/pages\/2131","targetHints":{"allow":["GET"]}}],"collection":[{"href":"https:\/\/www.systra.com\/iberica-hispanoamerica\/wp-json\/wp\/v2\/pages"}],"about":[{"href":"https:\/\/www.systra.com\/iberica-hispanoamerica\/wp-json\/wp\/v2\/types\/page"}],"author":[{"embeddable":true,"href":"https:\/\/www.systra.com\/iberica-hispanoamerica\/wp-json\/wp\/v2\/users\/175"}],"replies":[{"embeddable":true,"href":"https:\/\/www.systra.com\/iberica-hispanoamerica\/wp-json\/wp\/v2\/comments?post=2131"}],"version-history":[{"count":2,"href":"https:\/\/www.systra.com\/iberica-hispanoamerica\/wp-json\/wp\/v2\/pages\/2131\/revisions"}],"predecessor-version":[{"id":2951,"href":"https:\/\/www.systra.com\/iberica-hispanoamerica\/wp-json\/wp\/v2\/pages\/2131\/revisions\/2951"}],"up":[{"embeddable":true,"href":"https:\/\/www.systra.com\/iberica-hispanoamerica\/wp-json\/wp\/v2\/pages\/1727"}],"wp:featuredmedia":[{"embeddable":true,"href":"https:\/\/www.systra.com\/iberica-hispanoamerica\/wp-json\/wp\/v2\/media\/4030"}],"wp:attachment":[{"href":"https:\/\/www.systra.com\/iberica-hispanoamerica\/wp-json\/wp\/v2\/media?parent=2131"}],"curies":[{"name":"wp","href":"https:\/\/api.w.org\/{rel}","templated":true}]}}