{"id":1108,"date":"2024-12-12T11:09:03","date_gmt":"2024-12-12T10:09:03","guid":{"rendered":"https:\/\/www.systra.com\/iberica-hispanoamerica\/?page_id=1108"},"modified":"2025-01-21T15:03:46","modified_gmt":"2025-01-21T14:03:46","slug":"informacion-sobre-datos-personales","status":"publish","type":"page","link":"https:\/\/www.systra.com\/iberica-hispanoamerica\/informacion-sobre-datos-personales\/","title":{"rendered":"Informaci\u00f3n sobre datos personales"},"content":{"rendered":"\n<p>Respetuosa con los derechos y la privacidad de las personas, SYSTRA se compromete a tratar sus datos personales con diligencia, de conformidad con la normativa aplicable, en particular el Reglamento General de Protecci\u00f3n de Datos (RGPD) adoptado por la Uni\u00f3n Europea<\/p>\n\n\n\n<p>A continuaci\u00f3n encontrar\u00e1 informaci\u00f3n relativa al tratamiento efectuado por SYSTRA a trav\u00e9s de su sitio web www.systra.com y a los derechos que le asisten en relaci\u00f3n con sus datos personales..<\/p>\n\n\n\n<div style=\"height:100px\" aria-hidden=\"true\" class=\"wp-block-spacer\"><\/div>\n\n\n\n<h3 class=\"wp-block-heading\" id=\"h-con-que-fines-se-tratan-sus-datos-personales\">\u00bfCon qu\u00e9 fines se tratan sus datos personales?<\/h3>\n\n\n\n<div style=\"height:30px\" aria-hidden=\"true\" class=\"wp-block-spacer\"><\/div>\n\n\n\n<p>Sus datos personales son tratados por SYSTRA con el fin de:<\/p>\n\n\n\n<div style=\"height:30px\" aria-hidden=\"true\" class=\"wp-block-spacer\"><\/div>\n\n\n\n<ol class=\"wp-block-list\">\n<li>Permitirle ponerse en contacto con SYSTRA (formulario de contacto o espacio multimedia),<\/li>\n<\/ol>\n\n\n\n<div style=\"height:20px\" aria-hidden=\"true\" class=\"wp-block-spacer\"><\/div>\n\n\n\n<ol class=\"wp-block-list\">\n<li>Mejorar la navegaci\u00f3n en www.systra.com mediante el uso de \u00abcookies\u00bb.<\/li>\n<\/ol>\n\n\n\n<div style=\"height:30px\" aria-hidden=\"true\" class=\"wp-block-spacer\"><\/div>\n\n\n\n<p>La informaci\u00f3n sobre el tratamiento de sus datos personales necesarios para solicitar un empleo en SYSTRA est\u00e1 disponible en el sitio web: <a href=\"https:\/\/jobs.systra.com\/\">https:\/\/jobs.systra.com\/<\/a><\/p>\n\n\n\n<div style=\"height:100px\" aria-hidden=\"true\" class=\"wp-block-spacer\"><\/div>\n\n\n\n<h3 class=\"wp-block-heading\" id=\"h-quien-procesa-sus-datos-personales\">\u00bfQui\u00e9n procesa sus datos personales?<\/h3>\n\n\n\n<div style=\"height:30px\" aria-hidden=\"true\" class=\"wp-block-spacer\"><\/div>\n\n\n\n<p>Sus datos son tratados por SYSTRA, como responsable del tratamiento. Los datos est\u00e1n alojados en Data Campus.<\/p>\n\n\n\n<div style=\"height:100px\" aria-hidden=\"true\" class=\"wp-block-spacer\"><\/div>\n\n\n\n<h3 class=\"wp-block-heading\" id=\"h-que-categorias-de-datos-se-procesan-nbsp\">\u00bfQu\u00e9 categor\u00edas de datos se procesan? &nbsp;<\/h3>\n\n\n\n<div style=\"height:30px\" aria-hidden=\"true\" class=\"wp-block-spacer\"><\/div>\n\n\n\n<p>En relaci\u00f3n con el formulario de contacto\/espacio multimedia: nombre, apellidos, n\u00famero de tel\u00e9fono, direcci\u00f3n de correo electr\u00f3nico, cargo, empresa u organizaci\u00f3n medi\u00e1tica, asunto y contenido del mensaje.<\/p>\n\n\n\n<div style=\"height:20px\" aria-hidden=\"true\" class=\"wp-block-spacer\"><\/div>\n\n\n\n<p>Cookies:<\/p>\n\n\n\n<div style=\"height:30px\" aria-hidden=\"true\" class=\"wp-block-spacer\"><\/div>\n\n\n\n<ul class=\"wp-block-list\">\n<li><strong>Nombre:<\/strong> pll_language<br><b>Funci\u00f3<\/b><strong>n:<\/strong> Gesti\u00f3n de la elecci\u00f3n de idioma <br><strong>Duraci\u00f3n:<\/strong> 1 a\u00f1o<\/li>\n<\/ul>\n\n\n\n<div style=\"height:20px\" aria-hidden=\"true\" class=\"wp-block-spacer\"><\/div>\n\n\n\n<ul class=\"wp-block-list\">\n<li><strong>Nombre:<\/strong> wordpress_test_cookie<br><strong>Funci\u00f3n:<\/strong> Probar si el navegador autoriza o no las cookies<br><strong>Duraci\u00f3n: <\/strong>Sesi\u00f3n<\/li>\n<\/ul>\n\n\n\n<div style=\"height:100px\" aria-hidden=\"true\" class=\"wp-block-spacer\"><\/div>\n\n\n\n<h3 class=\"wp-block-heading\" id=\"h-con-que-fundamento-juridico\">\u00bfCon qu\u00e9 fundamento jur\u00eddico?<\/h3>\n\n\n\n<div style=\"height:30px\" aria-hidden=\"true\" class=\"wp-block-spacer\"><\/div>\n\n\n\n<p>El uso de cookies y la recopilaci\u00f3n de datos relacionados con el formulario de contacto y el espacio multimedia se basan en su consentimiento.<\/p>\n\n\n\n<div style=\"height:100px\" aria-hidden=\"true\" class=\"wp-block-spacer\"><\/div>\n\n\n\n<h3 class=\"wp-block-heading\" id=\"h-quienes-son-los-destinatarios-de-sus-datos\">\u00bfQui\u00e9nes son los destinatarios de sus datos?<\/h3>\n\n\n\n<div style=\"height:30px\" aria-hidden=\"true\" class=\"wp-block-spacer\"><\/div>\n\n\n\n<p>El Departamento de Comunicaci\u00f3n y el Departamento de Inform\u00e1tica de SYSTRA podr\u00e1n acceder a sus datos. El contenido de su mensaje enviado a trav\u00e9s del formulario de contacto ser\u00e1 transferido al departamento correspondiente. Dado que dicho departamento puede estar situado fuera del territorio de la Uni\u00f3n Europea, se le solicitar\u00e1 su consentimiento para dicha transferencia.<\/p>\n\n\n\n<div style=\"height:20px\" aria-hidden=\"true\" class=\"wp-block-spacer\"><\/div>\n\n\n\n<p>Sus datos no ser\u00e1n transferidos ni se acceder\u00e1 a ellos fuera del grupo SYSTRA, excepto para\u2013Data Campus (empresa de alojamiento) y en caso de solicitud por parte de una autoridad p\u00fablica o judicial.<\/p>\n\n\n\n<div style=\"height:100px\" aria-hidden=\"true\" class=\"wp-block-spacer\"><\/div>\n\n\n\n<h3 class=\"wp-block-heading\" id=\"h-cuanto-tiempo-se-guardan-sus-datos-personales\">\u00bfCu\u00e1nto tiempo se guardan sus datos personales?<\/h3>\n\n\n\n<div style=\"height:30px\" aria-hidden=\"true\" class=\"wp-block-spacer\"><\/div>\n\n\n\n<p>SYSTRA almacena sus datos \u00fanicamente durante el tiempo necesario para alcanzar los fines para los que se procesan, y durante el tiempo previsto por los requisitos legales aplicables. La duraci\u00f3n de la conservaci\u00f3n de las cookies se menciona en el punto 3 anterior. Los datos relativos al formulario de contacto\/espacio multimedia se conservan durante 3 a\u00f1os a partir del \u00faltimo contacto con el interesado.<\/p>\n\n\n\n<div style=\"height:100px\" aria-hidden=\"true\" class=\"wp-block-spacer\"><\/div>\n\n\n\n<h3 class=\"wp-block-heading\" id=\"h-donde-se-almacenan-sus-datos\">\u00bfD\u00f3nde se almacenan sus datos?<\/h3>\n\n\n\n<div style=\"height:30px\" aria-hidden=\"true\" class=\"wp-block-spacer\"><\/div>\n\n\n\n<p>Sus datos son almacenados en Francia, por Data Campus, una empresa de alojamiento.<\/p>\n\n\n\n<div style=\"height:100px\" aria-hidden=\"true\" class=\"wp-block-spacer\"><\/div>\n\n\n\n<h3 class=\"wp-block-heading\" id=\"h-que-compromisos-existen-en-relacion-con-sus-datos\">\u00bfQu\u00e9 compromisos existen en relaci\u00f3n con sus datos?<\/h3>\n\n\n\n<div style=\"height:30px\" aria-hidden=\"true\" class=\"wp-block-spacer\"><\/div>\n\n\n\n<p>SYSTRA se compromete a recoger \u00fanicamente los datos personales que sean necesarios y proporcionados a los fines mencionados en el punto 1 anterior. Para garantizar la protecci\u00f3n de sus datos, SYSTRA aplica medidas t\u00e9cnicas y organizativas que garantizan la seguridad y confidencialidad de sus datos personales. SYSTRA ha designado a un responsable de la protecci\u00f3n de datos (RPD) para supervisar la aplicaci\u00f3n de estas medidas. SYSTRA trata los datos de forma transparente y los inscribe en el registro de actividades de tratamiento de datos de SYSTRA.<\/p>\n\n\n\n<div style=\"height:20px\" aria-hidden=\"true\" class=\"wp-block-spacer\"><\/div>\n\n\n\n<p>Para consultar este registro o para cualquier cuesti\u00f3n relativa a sus datos personales, p\u00f3ngase en contacto con el RPD de SYSTRA: <a href=\"mailto:personaldata@systra.com\">personaldata@systra.com<\/a>.<\/p>\n\n\n\n<div style=\"height:100px\" aria-hidden=\"true\" class=\"wp-block-spacer\"><\/div>\n\n\n\n<h3 class=\"wp-block-heading\" id=\"h-cuales-son-sus-derechos-en-relacion-con-sus-datos-personales\">\u00bfCu\u00e1les son sus derechos en relaci\u00f3n con sus datos personales?<\/h3>\n\n\n\n<div style=\"height:30px\" aria-hidden=\"true\" class=\"wp-block-spacer\"><\/div>\n\n\n\n<p>Tiene derecho a acceder a sus datos personales y a rectificar los que sean inexactos. En los casos previstos por la ley, tambi\u00e9n tiene derecho a la supresi\u00f3n, a la portabilidad de los datos, a oponerse y a la limitaci\u00f3n del tratamiento. Dado que el tratamiento de los datos relacionados con el formulario de contacto\/espacio multimedia y las cookies se basa en su consentimiento, usted puede decidir retirar su consentimiento en cualquier momento.<\/p>\n\n\n\n<p>Para m\u00e1s informaci\u00f3n o para ejercer sus derechos, p\u00f3ngase en contacto con el RPD de SYSTRA: <a href=\"mailto:personaldata@systra.com\">personaldata@systra.com<\/a>.<\/p>\n\n\n\n<p>Tambi\u00e9n tiene derecho a presentar una reclamaci\u00f3n ante la autoridad de control competente (v\u00e9ase <a href=\"https:\/\/edpb.europa.eu\/about-edpb\/board\/members_en\">https:\/\/edpb.europa.eu\/about-edpb\/board\/members_en<\/a>).<\/p>\n\n\n\n<div style=\"height:30px\" aria-hidden=\"true\" class=\"wp-block-spacer\"><\/div>\n\n\n\n<p><strong>Tu configuraci\u00f3n de privacidad:<\/strong><\/p>\n\n\n\n\n\n\n<p><\/p>\n","protected":false},"excerpt":{"rendered":"<p>Respetuosa con los derechos y la privacidad de las personas, SYSTRA se compromete a tratar sus datos personales con diligencia, de conformidad con la normativa aplicable, en particular el Reglamento General de Protecci\u00f3n de Datos (RGPD) adoptado por la Uni\u00f3n Europea A continuaci\u00f3n encontrar\u00e1 informaci\u00f3n relativa al tratamiento efectuado por SYSTRA a trav\u00e9s de su [&hellip;]<\/p>\n","protected":false},"author":6,"featured_media":10000016858023,"parent":0,"menu_order":0,"comment_status":"closed","ping_status":"closed","template":"","meta":{"_acf_changed":false,"_relevanssi_hide_post":"","_relevanssi_hide_content":"","_relevanssi_pin_for_all":"","_relevanssi_pin_keywords":"","_relevanssi_unpin_keywords":"","_relevanssi_related_keywords":"","_relevanssi_related_include_ids":"","_relevanssi_related_exclude_ids":"","_relevanssi_related_no_append":"","_relevanssi_related_not_related":"","_relevanssi_related_posts":"1","_relevanssi_noindex_reason":"","footnotes":""},"class_list":["post-1108","page","type-page","status-publish","has-post-thumbnail","hentry"],"acf":[],"yoast_head":"<!-- This site is optimized with the Yoast SEO Premium plugin v27.4 (Yoast SEO v27.4) - https:\/\/yoast.com\/product\/yoast-seo-premium-wordpress\/ -->\n<title>Informaci\u00f3n sobre datos personales - Ib\u00e9rica &amp; Hispanoam\u00e9rica<\/title>\n<meta name=\"robots\" content=\"index, follow, max-snippet:-1, max-image-preview:large, max-video-preview:-1\" \/>\n<meta property=\"og:locale\" content=\"en_US\" \/>\n<meta property=\"og:type\" content=\"article\" \/>\n<meta property=\"og:title\" content=\"Informaci\u00f3n sobre datos personales\" \/>\n<meta property=\"og:description\" content=\"Respetuosa con los derechos y la privacidad de las personas, SYSTRA se compromete a tratar sus datos personales con diligencia, de conformidad con la normativa aplicable, en particular el Reglamento General de Protecci\u00f3n de Datos (RGPD) adoptado por la Uni\u00f3n Europea A continuaci\u00f3n encontrar\u00e1 informaci\u00f3n relativa al tratamiento efectuado por SYSTRA a trav\u00e9s de su [&hellip;]\" \/>\n<meta property=\"og:url\" content=\"https:\/\/www.systra.com\/iberica-hispanoamerica\/informacion-sobre-datos-personales\/\" \/>\n<meta property=\"og:site_name\" content=\"Ib\u00e9rica &amp; Hispanoam\u00e9rica\" \/>\n<meta property=\"article:modified_time\" content=\"2025-01-21T14:03:46+00:00\" \/>\n<meta name=\"twitter:card\" content=\"summary_large_image\" \/>\n<meta name=\"twitter:label1\" content=\"Est. reading time\" \/>\n\t<meta name=\"twitter:data1\" content=\"3 minutes\" \/>\n<script type=\"application\/ld+json\" class=\"yoast-schema-graph\">{\"@context\":\"https:\\\/\\\/schema.org\",\"@graph\":[{\"@type\":\"WebPage\",\"@id\":\"https:\\\/\\\/www.systra.com\\\/iberica-hispanoamerica\\\/informacion-sobre-datos-personales\\\/\",\"url\":\"https:\\\/\\\/www.systra.com\\\/iberica-hispanoamerica\\\/informacion-sobre-datos-personales\\\/\",\"name\":\"Informaci\u00f3n sobre datos personales - Ib\u00e9rica &amp; Hispanoam\u00e9rica\",\"isPartOf\":{\"@id\":\"https:\\\/\\\/www.systra.com\\\/iberica-hispanoamerica\\\/#website\"},\"primaryImageOfPage\":{\"@id\":\"https:\\\/\\\/www.systra.com\\\/iberica-hispanoamerica\\\/informacion-sobre-datos-personales\\\/#primaryimage\"},\"image\":{\"@id\":\"https:\\\/\\\/www.systra.com\\\/iberica-hispanoamerica\\\/informacion-sobre-datos-personales\\\/#primaryimage\"},\"thumbnailUrl\":\"https:\\\/\\\/www.systra.com\\\/iberica-hispanoamerica\\\/wp-content\\\/uploads\\\/2023\\\/11\\\/philipp-katzenberger-iijruoerocq-unsplash-scaled-1.jpg\",\"datePublished\":\"2024-12-12T10:09:03+00:00\",\"dateModified\":\"2025-01-21T14:03:46+00:00\",\"breadcrumb\":{\"@id\":\"https:\\\/\\\/www.systra.com\\\/iberica-hispanoamerica\\\/informacion-sobre-datos-personales\\\/#breadcrumb\"},\"inLanguage\":\"en-US\",\"potentialAction\":[{\"@type\":\"ReadAction\",\"target\":[\"https:\\\/\\\/www.systra.com\\\/iberica-hispanoamerica\\\/informacion-sobre-datos-personales\\\/\"]}]},{\"@type\":\"ImageObject\",\"inLanguage\":\"en-US\",\"@id\":\"https:\\\/\\\/www.systra.com\\\/iberica-hispanoamerica\\\/informacion-sobre-datos-personales\\\/#primaryimage\",\"url\":\"https:\\\/\\\/www.systra.com\\\/iberica-hispanoamerica\\\/wp-content\\\/uploads\\\/2023\\\/11\\\/philipp-katzenberger-iijruoerocq-unsplash-scaled-1.jpg\",\"contentUrl\":\"https:\\\/\\\/www.systra.com\\\/iberica-hispanoamerica\\\/wp-content\\\/uploads\\\/2023\\\/11\\\/philipp-katzenberger-iijruoerocq-unsplash-scaled-1.jpg\"},{\"@type\":\"BreadcrumbList\",\"@id\":\"https:\\\/\\\/www.systra.com\\\/iberica-hispanoamerica\\\/informacion-sobre-datos-personales\\\/#breadcrumb\",\"itemListElement\":[{\"@type\":\"ListItem\",\"position\":1,\"name\":\"Accueil\",\"item\":\"https:\\\/\\\/www.systra.com\\\/iberica-hispanoamerica\\\/\"},{\"@type\":\"ListItem\",\"position\":2,\"name\":\"Informaci\u00f3n sobre datos personales\"}]},{\"@type\":\"WebSite\",\"@id\":\"https:\\\/\\\/www.systra.com\\\/iberica-hispanoamerica\\\/#website\",\"url\":\"https:\\\/\\\/www.systra.com\\\/iberica-hispanoamerica\\\/\",\"name\":\"Ib\u00e9rica &amp; Hispanoam\u00e9rica\",\"description\":\"\",\"publisher\":{\"@id\":\"https:\\\/\\\/www.systra.com\\\/iberica-hispanoamerica\\\/#organization\"},\"potentialAction\":[{\"@type\":\"SearchAction\",\"target\":{\"@type\":\"EntryPoint\",\"urlTemplate\":\"https:\\\/\\\/www.systra.com\\\/iberica-hispanoamerica\\\/?s={search_term_string}\"},\"query-input\":{\"@type\":\"PropertyValueSpecification\",\"valueRequired\":true,\"valueName\":\"search_term_string\"}}],\"inLanguage\":\"en-US\"},{\"@type\":\"Organization\",\"@id\":\"https:\\\/\\\/www.systra.com\\\/iberica-hispanoamerica\\\/#organization\",\"name\":\"Ib\u00e9rica &amp; Hispanoam\u00e9rica\",\"url\":\"https:\\\/\\\/www.systra.com\\\/iberica-hispanoamerica\\\/\",\"logo\":{\"@type\":\"ImageObject\",\"inLanguage\":\"en-US\",\"@id\":\"https:\\\/\\\/www.systra.com\\\/iberica-hispanoamerica\\\/#\\\/schema\\\/logo\\\/image\\\/\",\"url\":\"https:\\\/\\\/www.systra.com\\\/iberica-hispanoamerica\\\/wp-content\\\/uploads\\\/sites\\\/30\\\/2024\\\/12\\\/logo3.svg\",\"contentUrl\":\"https:\\\/\\\/www.systra.com\\\/iberica-hispanoamerica\\\/wp-content\\\/uploads\\\/sites\\\/30\\\/2024\\\/12\\\/logo3.svg\",\"width\":468,\"height\":469,\"caption\":\"Ib\u00e9rica &amp; Hispanoam\u00e9rica\"},\"image\":{\"@id\":\"https:\\\/\\\/www.systra.com\\\/iberica-hispanoamerica\\\/#\\\/schema\\\/logo\\\/image\\\/\"}}]}<\/script>\n<!-- \/ Yoast SEO Premium plugin. -->","yoast_head_json":{"title":"Informaci\u00f3n sobre datos personales - Ib\u00e9rica &amp; Hispanoam\u00e9rica","robots":{"index":"index","follow":"follow","max-snippet":"max-snippet:-1","max-image-preview":"max-image-preview:large","max-video-preview":"max-video-preview:-1"},"og_locale":"en_US","og_type":"article","og_title":"Informaci\u00f3n sobre datos personales","og_description":"Respetuosa con los derechos y la privacidad de las personas, SYSTRA se compromete a tratar sus datos personales con diligencia, de conformidad con la normativa aplicable, en particular el Reglamento General de Protecci\u00f3n de Datos (RGPD) adoptado por la Uni\u00f3n Europea A continuaci\u00f3n encontrar\u00e1 informaci\u00f3n relativa al tratamiento efectuado por SYSTRA a trav\u00e9s de su [&hellip;]","og_url":"https:\/\/www.systra.com\/iberica-hispanoamerica\/informacion-sobre-datos-personales\/","og_site_name":"Ib\u00e9rica &amp; Hispanoam\u00e9rica","article_modified_time":"2025-01-21T14:03:46+00:00","twitter_card":"summary_large_image","twitter_misc":{"Est. reading time":"3 minutes"},"schema":{"@context":"https:\/\/schema.org","@graph":[{"@type":"WebPage","@id":"https:\/\/www.systra.com\/iberica-hispanoamerica\/informacion-sobre-datos-personales\/","url":"https:\/\/www.systra.com\/iberica-hispanoamerica\/informacion-sobre-datos-personales\/","name":"Informaci\u00f3n sobre datos personales - Ib\u00e9rica &amp; Hispanoam\u00e9rica","isPartOf":{"@id":"https:\/\/www.systra.com\/iberica-hispanoamerica\/#website"},"primaryImageOfPage":{"@id":"https:\/\/www.systra.com\/iberica-hispanoamerica\/informacion-sobre-datos-personales\/#primaryimage"},"image":{"@id":"https:\/\/www.systra.com\/iberica-hispanoamerica\/informacion-sobre-datos-personales\/#primaryimage"},"thumbnailUrl":"https:\/\/www.systra.com\/iberica-hispanoamerica\/wp-content\/uploads\/2023\/11\/philipp-katzenberger-iijruoerocq-unsplash-scaled-1.jpg","datePublished":"2024-12-12T10:09:03+00:00","dateModified":"2025-01-21T14:03:46+00:00","breadcrumb":{"@id":"https:\/\/www.systra.com\/iberica-hispanoamerica\/informacion-sobre-datos-personales\/#breadcrumb"},"inLanguage":"en-US","potentialAction":[{"@type":"ReadAction","target":["https:\/\/www.systra.com\/iberica-hispanoamerica\/informacion-sobre-datos-personales\/"]}]},{"@type":"ImageObject","inLanguage":"en-US","@id":"https:\/\/www.systra.com\/iberica-hispanoamerica\/informacion-sobre-datos-personales\/#primaryimage","url":"https:\/\/www.systra.com\/iberica-hispanoamerica\/wp-content\/uploads\/2023\/11\/philipp-katzenberger-iijruoerocq-unsplash-scaled-1.jpg","contentUrl":"https:\/\/www.systra.com\/iberica-hispanoamerica\/wp-content\/uploads\/2023\/11\/philipp-katzenberger-iijruoerocq-unsplash-scaled-1.jpg"},{"@type":"BreadcrumbList","@id":"https:\/\/www.systra.com\/iberica-hispanoamerica\/informacion-sobre-datos-personales\/#breadcrumb","itemListElement":[{"@type":"ListItem","position":1,"name":"Accueil","item":"https:\/\/www.systra.com\/iberica-hispanoamerica\/"},{"@type":"ListItem","position":2,"name":"Informaci\u00f3n sobre datos personales"}]},{"@type":"WebSite","@id":"https:\/\/www.systra.com\/iberica-hispanoamerica\/#website","url":"https:\/\/www.systra.com\/iberica-hispanoamerica\/","name":"Ib\u00e9rica &amp; Hispanoam\u00e9rica","description":"","publisher":{"@id":"https:\/\/www.systra.com\/iberica-hispanoamerica\/#organization"},"potentialAction":[{"@type":"SearchAction","target":{"@type":"EntryPoint","urlTemplate":"https:\/\/www.systra.com\/iberica-hispanoamerica\/?s={search_term_string}"},"query-input":{"@type":"PropertyValueSpecification","valueRequired":true,"valueName":"search_term_string"}}],"inLanguage":"en-US"},{"@type":"Organization","@id":"https:\/\/www.systra.com\/iberica-hispanoamerica\/#organization","name":"Ib\u00e9rica &amp; Hispanoam\u00e9rica","url":"https:\/\/www.systra.com\/iberica-hispanoamerica\/","logo":{"@type":"ImageObject","inLanguage":"en-US","@id":"https:\/\/www.systra.com\/iberica-hispanoamerica\/#\/schema\/logo\/image\/","url":"https:\/\/www.systra.com\/iberica-hispanoamerica\/wp-content\/uploads\/sites\/30\/2024\/12\/logo3.svg","contentUrl":"https:\/\/www.systra.com\/iberica-hispanoamerica\/wp-content\/uploads\/sites\/30\/2024\/12\/logo3.svg","width":468,"height":469,"caption":"Ib\u00e9rica &amp; Hispanoam\u00e9rica"},"image":{"@id":"https:\/\/www.systra.com\/iberica-hispanoamerica\/#\/schema\/logo\/image\/"}}]}},"lang":"es","translations":{"es":1108},"pll_sync_post":[],"_links":{"self":[{"href":"https:\/\/www.systra.com\/iberica-hispanoamerica\/wp-json\/wp\/v2\/pages\/1108","targetHints":{"allow":["GET"]}}],"collection":[{"href":"https:\/\/www.systra.com\/iberica-hispanoamerica\/wp-json\/wp\/v2\/pages"}],"about":[{"href":"https:\/\/www.systra.com\/iberica-hispanoamerica\/wp-json\/wp\/v2\/types\/page"}],"author":[{"embeddable":true,"href":"https:\/\/www.systra.com\/iberica-hispanoamerica\/wp-json\/wp\/v2\/users\/6"}],"replies":[{"embeddable":true,"href":"https:\/\/www.systra.com\/iberica-hispanoamerica\/wp-json\/wp\/v2\/comments?post=1108"}],"version-history":[{"count":3,"href":"https:\/\/www.systra.com\/iberica-hispanoamerica\/wp-json\/wp\/v2\/pages\/1108\/revisions"}],"predecessor-version":[{"id":1206,"href":"https:\/\/www.systra.com\/iberica-hispanoamerica\/wp-json\/wp\/v2\/pages\/1108\/revisions\/1206"}],"wp:featuredmedia":[{"embeddable":true,"href":"https:\/\/www.systra.com\/iberica-hispanoamerica\/wp-json\/"}],"wp:attachment":[{"href":"https:\/\/www.systra.com\/iberica-hispanoamerica\/wp-json\/wp\/v2\/media?parent=1108"}],"curies":[{"name":"wp","href":"https:\/\/api.w.org\/{rel}","templated":true}]}}