{"id":8648,"date":"2024-09-19T21:18:22","date_gmt":"2024-09-19T19:18:22","guid":{"rendered":"https:\/\/www.systra.com\/france\/?page_id=8648"},"modified":"2024-09-23T10:43:31","modified_gmt":"2024-09-23T08:43:31","slug":"jean-luc-wojtowicki-chef-de-projet-acoustique-et-vibration","status":"publish","type":"page","link":"https:\/\/www.systra.com\/france\/jean-luc-wojtowicki\/","title":{"rendered":"Jean-Luc WOJTOWICKI, Chef de projet acoustique et vibration"},"content":{"rendered":"\n<div style=\"height:100px\" aria-hidden=\"true\" class=\"wp-block-spacer\"><\/div>\n\n\n\n<div class=\"wp-block-columns is-layout-flex wp-container-core-columns-is-layout-9d6595d7 wp-block-columns-is-layout-flex\">\n<div class=\"wp-block-column is-layout-flow wp-block-column-is-layout-flow\" style=\"flex-basis:33.33%\"><div class=\"wp-block-image\">\n<figure class=\"aligncenter size-full\"><img decoding=\"async\" width=\"420\" height=\"420\" src=\"https:\/\/www.systra.com\/france\/wp-content\/uploads\/sites\/4\/2024\/09\/view.jpg\" alt=\"\" class=\"wp-image-8650\" srcset=\"https:\/\/www.systra.com\/france\/wp-content\/uploads\/sites\/4\/2024\/09\/view.jpg 420w, https:\/\/www.systra.com\/france\/wp-content\/uploads\/sites\/4\/2024\/09\/view-300x300.jpg 300w, https:\/\/www.systra.com\/france\/wp-content\/uploads\/sites\/4\/2024\/09\/view-150x150.jpg 150w, https:\/\/www.systra.com\/france\/wp-content\/uploads\/sites\/4\/2024\/09\/view-376x376.jpg 376w, https:\/\/www.systra.com\/france\/wp-content\/uploads\/sites\/4\/2024\/09\/view-180x180.jpg 180w, https:\/\/www.systra.com\/france\/wp-content\/uploads\/sites\/4\/2024\/09\/view-153x153.jpg 153w, https:\/\/www.systra.com\/france\/wp-content\/uploads\/sites\/4\/2024\/09\/view-230x230.jpg 230w\" sizes=\"(max-width: 420px) 100vw, 420px\" \/><\/figure>\n<\/div>\n\n\n<p class=\"has-pale-mauve-background-color has-background\"><strong>Jean-Luc WOJTOWICKI<\/strong><br><mark class=\"has-inline-color has-dusty-blue-color\">Direction Projets Urbains <\/mark> <mark class=\"has-inline-color has-dusty-blue-color\"><br><\/mark>Lyon<\/p>\n<\/div>\n\n\n\n<div class=\"wp-block-column is-layout-flow wp-block-column-is-layout-flow\" style=\"flex-basis:66.66%\">\n<h3 class=\"wp-block-heading has-dusty-blue-color has-text-color\" id=\"h-quel-est-votre-metier-nbsp\">Quel est votre m\u00e9tier\u202f?&nbsp;<\/h3>\n\n\n\n<div style=\"height:20px\" aria-hidden=\"true\" class=\"wp-block-spacer\"><\/div>\n\n\n\n<p>Quand on parle de l\u2019\u00e9quipe acoustique, on nous appelle \u00ab&nbsp;les acousticiens&nbsp;\u00bb, mais en fait, je suis ing\u00e9nieur en g\u00e9nie m\u00e9canique avec une sp\u00e9cialit\u00e9 en acoustique et vibration. Les profils dans l\u2019\u00e9quipe acoustique et vibration (A&amp;V) de SYSTRA sont divers, mais nous avons tous en commun une formation ou une exp\u00e9rience en acoustique. Mon r\u00f4le dans l\u2019\u00e9quipe A&amp;V est partag\u00e9 entre plusieurs missions&nbsp;: de la gestion de projets en acoustique et vibration, \u00e9tablissement d\u2019offres, expertise technique, animation R&amp;D du p\u00f4le, de la r\u00e9alisation aussi\u2026 En fait, les missions sont diversifi\u00e9es et comme nous sommes une petite \u00e9quipe, cela demande une grande adaptabilit\u00e9.<\/p>\n\n\n\n<div style=\"height:20px\" aria-hidden=\"true\" class=\"wp-block-spacer\"><\/div>\n\n\n\n<p>Notre mission principale consiste \u00e0 r\u00e9aliser toutes les \u00e9tudes li\u00e9es aux impacts des bruits et des vibrations des projets&nbsp;de mobilit\u00e9&nbsp;de la pr\u00e9vision \u00e0 la conception des infrastructures, \u00e0 participer aux conceptions des gares et stations pour assurer le niveau de confort acoustique et de s\u00e9curit\u00e9 requis. Nous sommes aussi&nbsp;sollicit\u00e9s pour des projets d\u2019am\u00e9nagement tels que des espaces publics d\u00e8s que des probl\u00e9matiques acoustiques ou vibratoires sont pr\u00e9sentes.<\/p>\n\n\n\n<div style=\"height:20px\" aria-hidden=\"true\" class=\"wp-block-spacer\"><\/div>\n\n\n\n<div style=\"height:60px\" aria-hidden=\"true\" class=\"wp-block-spacer\"><\/div>\n\n\n\n<h3 class=\"wp-block-heading has-dusty-blue-color has-text-color\" id=\"h-pourriez-vous-decrire-une-journee-type\">Pourriez-vous d\u00e9crire une journ\u00e9e type ?<\/h3>\n\n\n\n<div style=\"height:20px\" aria-hidden=\"true\" class=\"wp-block-spacer\"><\/div>\n\n\n\n<p>La plupart du temps c\u2019est un travail de bureau avec l\u2019utilisation d\u2019outils num\u00e9riques de simulation d\u00e9di\u00e9s \u00e0 notre m\u00e9tier. Mais les journ\u00e9es les plus motivantes sont certainement celles qu\u2019on passe hors du bureau, notamment sur le terrain pour r\u00e9aliser des essais. <\/p>\n\n\n\n<div style=\"height:20px\" aria-hidden=\"true\" class=\"wp-block-spacer\"><\/div>\n\n\n\n<p>Nous sommes appel\u00e9s aussi sur des missions internationales donc nous avons l\u2019opportunit\u00e9 de partir partout o\u00f9 il y a des projets qui requi\u00e8rent notre expertise.<\/p>\n\n\n\n<div style=\"height:60px\" aria-hidden=\"true\" class=\"wp-block-spacer\"><\/div>\n\n\n\n<h3 class=\"wp-block-heading has-dusty-blue-color has-text-color\" id=\"h-les-3-qualites-ou-competences-importantes-dans-votre-metier\">Les 3 qualit\u00e9s ou comp\u00e9tences importantes dans votre m\u00e9tier\u202f?<\/h3>\n\n\n\n<div style=\"height:20px\" aria-hidden=\"true\" class=\"wp-block-spacer\"><\/div>\n\n\n\n<p>La principale qualit\u00e9 \u00e0 avoir est d\u2019\u00eatre ouvert aux autres disciplines et m\u00e9tiers. Chez SYSTRA, nous avons la chance de c\u00f4toyer des coll\u00e8gues avec un panel de comp\u00e9tences et d\u2019expertise tellement diversifi\u00e9 qu\u2019il faut sans cesse se remettre en question. &nbsp;<\/p>\n\n\n\n<div style=\"height:20px\" aria-hidden=\"true\" class=\"wp-block-spacer\"><\/div>\n\n\n\n<p>Pour le m\u00e9tier d\u2019acousticien, l\u2019atout principal est d\u2019avoir un bon sens physique et savoir expliquer simplement des choses complexes. Il faut savoir \u00eatre p\u00e9dagogue pour que nos recommandations soient prises en compte.<\/p>\n\n\n\n<div style=\"height:20px\" aria-hidden=\"true\" class=\"wp-block-spacer\"><\/div>\n\n\n\n<p>Finalement, je pense que notre sp\u00e9cialit\u00e9 permet de garder un niveau de technicit\u00e9 \u00e9lev\u00e9 pour celui ou celle qui a l\u2019app\u00e9tence pour les notions un peu th\u00e9oriques (transform\u00e9e de Fourier, nombres complexes, calcul matriciel, mod\u00e9lisation&#8230;) tout en restant proche de la r\u00e9alit\u00e9 terrain en r\u00e9alisant des essais sur site par exemple. Donc, la qualit\u00e9 principale est de savoir faire le grand \u00e9cart entre les deux.<\/p>\n\n\n\n<div style=\"height:60px\" aria-hidden=\"true\" class=\"wp-block-spacer\"><\/div>\n\n\n\n<h3 class=\"wp-block-heading has-dusty-blue-color has-text-color\" id=\"h-pourquoi-systra-nbsp\">POURQUOI SYSTRA&nbsp;?<\/h3>\n\n\n\n<div style=\"height:20px\" aria-hidden=\"true\" class=\"wp-block-spacer\"><\/div>\n\n\n\n<p>J\u2019ai eu l\u2019opportunit\u00e9 de travailler dans plusieurs secteurs&nbsp;: recherche appliqu\u00e9e, industrie chimique, plasturgie, industrie m\u00e9canique, automobile, a\u00e9ronautique. J\u2019ai choisi SYSTRA en 2022 parce que je ne connaissais pas le domaine ferroviaire et je cherchais \u00e0 \u0153uvrer dans un secteur en accord avec mes valeurs personnelles. J\u2019ai d\u00e9couvert que SYSTRA, c\u2019est bien plus que du ferroviaire. J\u2019en d\u00e9couvre tous les jours et c\u2019est \u00e7a qui me motive.<\/p>\n\n\n\n<div style=\"height:100px\" aria-hidden=\"true\" class=\"wp-block-spacer\"><\/div>\n<\/div>\n<\/div>\n","protected":false},"excerpt":{"rendered":"<p>Jean-Luc WOJTOWICKIDirection Projets Urbains Lyon Quel est votre m\u00e9tier\u202f?&nbsp; Quand on parle de l\u2019\u00e9quipe acoustique, on nous appelle \u00ab&nbsp;les acousticiens&nbsp;\u00bb, mais en fait, je suis ing\u00e9nieur en g\u00e9nie m\u00e9canique avec une sp\u00e9cialit\u00e9 en acoustique et vibration. Les profils dans l\u2019\u00e9quipe acoustique et vibration (A&amp;V) de SYSTRA sont divers, mais nous avons tous en commun une [&hellip;]<\/p>\n","protected":false},"author":25,"featured_media":3261,"parent":0,"menu_order":14,"comment_status":"closed","ping_status":"closed","template":"template-collaborateur.php","meta":{"_acf_changed":false,"_relevanssi_hide_post":"","_relevanssi_hide_content":"","_relevanssi_pin_for_all":"","_relevanssi_pin_keywords":"","_relevanssi_unpin_keywords":"","_relevanssi_related_keywords":"","_relevanssi_related_include_ids":"","_relevanssi_related_exclude_ids":"","_relevanssi_related_no_append":"","_relevanssi_related_not_related":"","_relevanssi_related_posts":"1","_relevanssi_noindex_reason":"","footnotes":""},"class_list":["post-8648","page","type-page","status-publish","has-post-thumbnail","hentry"],"acf":[],"yoast_head":"<!-- This site is optimized with the Yoast SEO Premium plugin v27.4 (Yoast SEO v27.4) - https:\/\/yoast.com\/product\/yoast-seo-premium-wordpress\/ -->\n<title>Jean-Luc WOJTOWICKI, Chef de projet acoustique et vibration - France<\/title>\n<meta name=\"description\" content=\"Jean-Luc WOJTOWICKIDirection Projets Urbains Lyon Quel est votre m\u00e9tier\u202f?&nbsp; Quand on parle de l\u2019\u00e9quipe acoustique, on nous appelle \u00ab&nbsp;les\" \/>\n<meta name=\"robots\" content=\"index, follow, max-snippet:-1, max-image-preview:large, max-video-preview:-1\" \/>\n<meta property=\"og:locale\" content=\"fr_FR\" \/>\n<meta property=\"og:type\" content=\"article\" \/>\n<meta property=\"og:title\" content=\"Jean-Luc WOJTOWICKI, Chef de projet acoustique et vibration\" \/>\n<meta property=\"og:description\" content=\"Jean-Luc WOJTOWICKIDirection Projets Urbains Lyon Quel est votre m\u00e9tier\u202f?&nbsp; Quand on parle de l\u2019\u00e9quipe acoustique, on nous appelle \u00ab&nbsp;les\" \/>\n<meta property=\"og:url\" content=\"https:\/\/www.systra.com\/france\/jean-luc-wojtowicki\/\" \/>\n<meta property=\"og:site_name\" content=\"France\" \/>\n<meta property=\"article:publisher\" content=\"https:\/\/www.facebook.com\/SYSTRA\" \/>\n<meta property=\"article:modified_time\" content=\"2024-09-23T08:43:31+00:00\" \/>\n<meta property=\"og:image\" content=\"https:\/\/www.systra.com\/france\/wp-content\/uploads\/sites\/4\/2021\/08\/illustration-interview.jpg\" \/>\n\t<meta property=\"og:image:width\" content=\"2350\" \/>\n\t<meta property=\"og:image:height\" content=\"1500\" \/>\n\t<meta property=\"og:image:type\" content=\"image\/jpeg\" \/>\n<meta name=\"twitter:card\" content=\"summary_large_image\" \/>\n<meta name=\"twitter:site\" content=\"@SYSTRA_LTD\" \/>\n<meta name=\"twitter:label1\" content=\"Dur\u00e9e de lecture estim\u00e9e\" \/>\n\t<meta name=\"twitter:data1\" content=\"3 minutes\" \/>\n<script type=\"application\/ld+json\" class=\"yoast-schema-graph\">{\"@context\":\"https:\\\/\\\/schema.org\",\"@graph\":[{\"@type\":\"WebPage\",\"@id\":\"https:\\\/\\\/www.systra.com\\\/france\\\/jean-luc-wojtowicki\\\/\",\"url\":\"https:\\\/\\\/www.systra.com\\\/france\\\/jean-luc-wojtowicki\\\/\",\"name\":\"Jean-Luc WOJTOWICKI, Chef de projet acoustique et vibration - France\",\"isPartOf\":{\"@id\":\"https:\\\/\\\/www.systra.com\\\/france\\\/#website\"},\"primaryImageOfPage\":{\"@id\":\"https:\\\/\\\/www.systra.com\\\/france\\\/jean-luc-wojtowicki\\\/#primaryimage\"},\"image\":{\"@id\":\"https:\\\/\\\/www.systra.com\\\/france\\\/jean-luc-wojtowicki\\\/#primaryimage\"},\"thumbnailUrl\":\"https:\\\/\\\/www.systra.com\\\/france\\\/wp-content\\\/uploads\\\/sites\\\/4\\\/2021\\\/08\\\/illustration-interview.jpg\",\"datePublished\":\"2024-09-19T19:18:22+00:00\",\"dateModified\":\"2024-09-23T08:43:31+00:00\",\"description\":\"Jean-Luc WOJTOWICKIDirection Projets Urbains Lyon Quel est votre m\u00e9tier\u202f?&nbsp; Quand on parle de l\u2019\u00e9quipe acoustique, on nous appelle \u00ab&nbsp;les\",\"breadcrumb\":{\"@id\":\"https:\\\/\\\/www.systra.com\\\/france\\\/jean-luc-wojtowicki\\\/#breadcrumb\"},\"inLanguage\":\"fr-FR\",\"potentialAction\":[{\"@type\":\"ReadAction\",\"target\":[\"https:\\\/\\\/www.systra.com\\\/france\\\/jean-luc-wojtowicki\\\/\"]}]},{\"@type\":\"ImageObject\",\"inLanguage\":\"fr-FR\",\"@id\":\"https:\\\/\\\/www.systra.com\\\/france\\\/jean-luc-wojtowicki\\\/#primaryimage\",\"url\":\"https:\\\/\\\/www.systra.com\\\/france\\\/wp-content\\\/uploads\\\/sites\\\/4\\\/2021\\\/08\\\/illustration-interview.jpg\",\"contentUrl\":\"https:\\\/\\\/www.systra.com\\\/france\\\/wp-content\\\/uploads\\\/sites\\\/4\\\/2021\\\/08\\\/illustration-interview.jpg\",\"width\":2350,\"height\":1500},{\"@type\":\"BreadcrumbList\",\"@id\":\"https:\\\/\\\/www.systra.com\\\/france\\\/jean-luc-wojtowicki\\\/#breadcrumb\",\"itemListElement\":[{\"@type\":\"ListItem\",\"position\":1,\"name\":\"Accueil\",\"item\":\"https:\\\/\\\/www.systra.com\\\/france\\\/\"},{\"@type\":\"ListItem\",\"position\":2,\"name\":\"Jean-Luc WOJTOWICKI, Chef de projet acoustique et vibration\"}]},{\"@type\":\"WebSite\",\"@id\":\"https:\\\/\\\/www.systra.com\\\/france\\\/#website\",\"url\":\"https:\\\/\\\/www.systra.com\\\/france\\\/\",\"name\":\"France\",\"description\":\"La confiance transporte le monde\",\"publisher\":{\"@id\":\"https:\\\/\\\/www.systra.com\\\/france\\\/#organization\"},\"potentialAction\":[{\"@type\":\"SearchAction\",\"target\":{\"@type\":\"EntryPoint\",\"urlTemplate\":\"https:\\\/\\\/www.systra.com\\\/france\\\/?s={search_term_string}\"},\"query-input\":{\"@type\":\"PropertyValueSpecification\",\"valueRequired\":true,\"valueName\":\"search_term_string\"}}],\"inLanguage\":\"fr-FR\"},{\"@type\":\"Organization\",\"@id\":\"https:\\\/\\\/www.systra.com\\\/france\\\/#organization\",\"name\":\"Systra France\",\"url\":\"https:\\\/\\\/www.systra.com\\\/france\\\/\",\"logo\":{\"@type\":\"ImageObject\",\"inLanguage\":\"fr-FR\",\"@id\":\"https:\\\/\\\/www.systra.com\\\/france\\\/#\\\/schema\\\/logo\\\/image\\\/\",\"url\":\"https:\\\/\\\/www.systra.com\\\/france\\\/wp-content\\\/uploads\\\/sites\\\/4\\\/2021\\\/03\\\/systra_logo_svg.svg\",\"contentUrl\":\"https:\\\/\\\/www.systra.com\\\/france\\\/wp-content\\\/uploads\\\/sites\\\/4\\\/2021\\\/03\\\/systra_logo_svg.svg\",\"width\":179,\"height\":34,\"caption\":\"Systra France\"},\"image\":{\"@id\":\"https:\\\/\\\/www.systra.com\\\/france\\\/#\\\/schema\\\/logo\\\/image\\\/\"},\"sameAs\":[\"https:\\\/\\\/www.facebook.com\\\/SYSTRA\",\"https:\\\/\\\/x.com\\\/SYSTRA_LTD\",\"https:\\\/\\\/www.linkedin.com\\\/company\\\/systra\\\/\"]}]}<\/script>\n<!-- \/ Yoast SEO Premium plugin. -->","yoast_head_json":{"title":"Jean-Luc WOJTOWICKI, Chef de projet acoustique et vibration - France","description":"Jean-Luc WOJTOWICKIDirection Projets Urbains Lyon Quel est votre m\u00e9tier\u202f?&nbsp; Quand on parle de l\u2019\u00e9quipe acoustique, on nous appelle \u00ab&nbsp;les","robots":{"index":"index","follow":"follow","max-snippet":"max-snippet:-1","max-image-preview":"max-image-preview:large","max-video-preview":"max-video-preview:-1"},"og_locale":"fr_FR","og_type":"article","og_title":"Jean-Luc WOJTOWICKI, Chef de projet acoustique et vibration","og_description":"Jean-Luc WOJTOWICKIDirection Projets Urbains Lyon Quel est votre m\u00e9tier\u202f?&nbsp; Quand on parle de l\u2019\u00e9quipe acoustique, on nous appelle \u00ab&nbsp;les","og_url":"https:\/\/www.systra.com\/france\/jean-luc-wojtowicki\/","og_site_name":"France","article_publisher":"https:\/\/www.facebook.com\/SYSTRA","article_modified_time":"2024-09-23T08:43:31+00:00","og_image":[{"width":2350,"height":1500,"url":"https:\/\/www.systra.com\/france\/wp-content\/uploads\/sites\/4\/2021\/08\/illustration-interview.jpg","type":"image\/jpeg"}],"twitter_card":"summary_large_image","twitter_site":"@SYSTRA_LTD","twitter_misc":{"Dur\u00e9e de lecture estim\u00e9e":"3 minutes"},"schema":{"@context":"https:\/\/schema.org","@graph":[{"@type":"WebPage","@id":"https:\/\/www.systra.com\/france\/jean-luc-wojtowicki\/","url":"https:\/\/www.systra.com\/france\/jean-luc-wojtowicki\/","name":"Jean-Luc WOJTOWICKI, Chef de projet acoustique et vibration - France","isPartOf":{"@id":"https:\/\/www.systra.com\/france\/#website"},"primaryImageOfPage":{"@id":"https:\/\/www.systra.com\/france\/jean-luc-wojtowicki\/#primaryimage"},"image":{"@id":"https:\/\/www.systra.com\/france\/jean-luc-wojtowicki\/#primaryimage"},"thumbnailUrl":"https:\/\/www.systra.com\/france\/wp-content\/uploads\/sites\/4\/2021\/08\/illustration-interview.jpg","datePublished":"2024-09-19T19:18:22+00:00","dateModified":"2024-09-23T08:43:31+00:00","description":"Jean-Luc WOJTOWICKIDirection Projets Urbains Lyon Quel est votre m\u00e9tier\u202f?&nbsp; Quand on parle de l\u2019\u00e9quipe acoustique, on nous appelle \u00ab&nbsp;les","breadcrumb":{"@id":"https:\/\/www.systra.com\/france\/jean-luc-wojtowicki\/#breadcrumb"},"inLanguage":"fr-FR","potentialAction":[{"@type":"ReadAction","target":["https:\/\/www.systra.com\/france\/jean-luc-wojtowicki\/"]}]},{"@type":"ImageObject","inLanguage":"fr-FR","@id":"https:\/\/www.systra.com\/france\/jean-luc-wojtowicki\/#primaryimage","url":"https:\/\/www.systra.com\/france\/wp-content\/uploads\/sites\/4\/2021\/08\/illustration-interview.jpg","contentUrl":"https:\/\/www.systra.com\/france\/wp-content\/uploads\/sites\/4\/2021\/08\/illustration-interview.jpg","width":2350,"height":1500},{"@type":"BreadcrumbList","@id":"https:\/\/www.systra.com\/france\/jean-luc-wojtowicki\/#breadcrumb","itemListElement":[{"@type":"ListItem","position":1,"name":"Accueil","item":"https:\/\/www.systra.com\/france\/"},{"@type":"ListItem","position":2,"name":"Jean-Luc WOJTOWICKI, Chef de projet acoustique et vibration"}]},{"@type":"WebSite","@id":"https:\/\/www.systra.com\/france\/#website","url":"https:\/\/www.systra.com\/france\/","name":"France","description":"La confiance transporte le monde","publisher":{"@id":"https:\/\/www.systra.com\/france\/#organization"},"potentialAction":[{"@type":"SearchAction","target":{"@type":"EntryPoint","urlTemplate":"https:\/\/www.systra.com\/france\/?s={search_term_string}"},"query-input":{"@type":"PropertyValueSpecification","valueRequired":true,"valueName":"search_term_string"}}],"inLanguage":"fr-FR"},{"@type":"Organization","@id":"https:\/\/www.systra.com\/france\/#organization","name":"Systra France","url":"https:\/\/www.systra.com\/france\/","logo":{"@type":"ImageObject","inLanguage":"fr-FR","@id":"https:\/\/www.systra.com\/france\/#\/schema\/logo\/image\/","url":"https:\/\/www.systra.com\/france\/wp-content\/uploads\/sites\/4\/2021\/03\/systra_logo_svg.svg","contentUrl":"https:\/\/www.systra.com\/france\/wp-content\/uploads\/sites\/4\/2021\/03\/systra_logo_svg.svg","width":179,"height":34,"caption":"Systra France"},"image":{"@id":"https:\/\/www.systra.com\/france\/#\/schema\/logo\/image\/"},"sameAs":["https:\/\/www.facebook.com\/SYSTRA","https:\/\/x.com\/SYSTRA_LTD","https:\/\/www.linkedin.com\/company\/systra\/"]}]}},"lang":"fr","translations":{"fr":8648},"pll_sync_post":[],"_links":{"self":[{"href":"https:\/\/www.systra.com\/france\/wp-json\/wp\/v2\/pages\/8648","targetHints":{"allow":["GET"]}}],"collection":[{"href":"https:\/\/www.systra.com\/france\/wp-json\/wp\/v2\/pages"}],"about":[{"href":"https:\/\/www.systra.com\/france\/wp-json\/wp\/v2\/types\/page"}],"author":[{"embeddable":true,"href":"https:\/\/www.systra.com\/france\/wp-json\/wp\/v2\/users\/25"}],"replies":[{"embeddable":true,"href":"https:\/\/www.systra.com\/france\/wp-json\/wp\/v2\/comments?post=8648"}],"version-history":[{"count":5,"href":"https:\/\/www.systra.com\/france\/wp-json\/wp\/v2\/pages\/8648\/revisions"}],"predecessor-version":[{"id":9230,"href":"https:\/\/www.systra.com\/france\/wp-json\/wp\/v2\/pages\/8648\/revisions\/9230"}],"wp:featuredmedia":[{"embeddable":true,"href":"https:\/\/www.systra.com\/france\/wp-json\/wp\/v2\/media\/3261"}],"wp:attachment":[{"href":"https:\/\/www.systra.com\/france\/wp-json\/wp\/v2\/media?parent=8648"}],"curies":[{"name":"wp","href":"https:\/\/api.w.org\/{rel}","templated":true}]}}