{"id":8642,"date":"2024-09-19T21:05:51","date_gmt":"2024-09-19T19:05:51","guid":{"rendered":"https:\/\/www.systra.com\/france\/?page_id=8642"},"modified":"2025-09-11T18:13:04","modified_gmt":"2025-09-11T16:13:04","slug":"jules-lefrere-paysagiste","status":"publish","type":"page","link":"https:\/\/www.systra.com\/france\/jules-lefrere-paysagiste\/","title":{"rendered":"Jules LEFRERE, Paysagiste"},"content":{"rendered":"\n<div style=\"height:100px\" aria-hidden=\"true\" class=\"wp-block-spacer\"><\/div>\n\n\n\n<div class=\"wp-block-columns is-layout-flex wp-container-core-columns-is-layout-9d6595d7 wp-block-columns-is-layout-flex\">\n<div class=\"wp-block-column is-layout-flow wp-block-column-is-layout-flow\" style=\"flex-basis:33.33%\"><div class=\"wp-block-image\">\n<figure class=\"aligncenter size-full\"><img decoding=\"async\" width=\"928\" height=\"1392\" src=\"https:\/\/www.systra.com\/france\/wp-content\/uploads\/sites\/4\/2024\/09\/jules-lefrere-2.jpg\" alt=\"\" class=\"wp-image-8644\" srcset=\"https:\/\/www.systra.com\/france\/wp-content\/uploads\/sites\/4\/2024\/09\/jules-lefrere-2.jpg 928w, https:\/\/www.systra.com\/france\/wp-content\/uploads\/sites\/4\/2024\/09\/jules-lefrere-2-200x300.jpg 200w, https:\/\/www.systra.com\/france\/wp-content\/uploads\/sites\/4\/2024\/09\/jules-lefrere-2-683x1024.jpg 683w, https:\/\/www.systra.com\/france\/wp-content\/uploads\/sites\/4\/2024\/09\/jules-lefrere-2-768x1152.jpg 768w, https:\/\/www.systra.com\/france\/wp-content\/uploads\/sites\/4\/2024\/09\/jules-lefrere-2-474x711.jpg 474w, https:\/\/www.systra.com\/france\/wp-content\/uploads\/sites\/4\/2024\/09\/jules-lefrere-2-800x1200.jpg 800w, https:\/\/www.systra.com\/france\/wp-content\/uploads\/sites\/4\/2024\/09\/jules-lefrere-2-180x270.jpg 180w, https:\/\/www.systra.com\/france\/wp-content\/uploads\/sites\/4\/2024\/09\/jules-lefrere-2-153x230.jpg 153w, https:\/\/www.systra.com\/france\/wp-content\/uploads\/sites\/4\/2024\/09\/jules-lefrere-2-230x345.jpg 230w\" sizes=\"(max-width: 928px) 100vw, 928px\" \/><\/figure>\n<\/div>\n\n\n<p class=\"has-pale-mauve-background-color has-background\"><strong>Jules LEFRERE<\/strong><br><mark class=\"has-inline-color has-dusty-blue-color\">Direction Conseil, Am\u00e9nagement <\/mark> <mark style=\"background-color:rgba(0, 0, 0, 0)\" class=\"has-inline-color has-dusty-blue-color\">&amp; Territoires<\/mark><mark class=\"has-inline-color has-dusty-blue-color\"><br><\/mark>Paris<\/p>\n<\/div>\n\n\n\n<div class=\"wp-block-column is-layout-flow wp-block-column-is-layout-flow\" style=\"flex-basis:66.66%\">\n<h3 class=\"wp-block-heading has-dusty-blue-color has-text-color\" id=\"h-quel-est-votre-metier-nbsp\">Quel est votre m\u00e9tier\u202f?&nbsp;<\/h3>\n\n\n\n<div style=\"height:20px\" aria-hidden=\"true\" class=\"wp-block-spacer\"><\/div>\n\n\n\n<p>Apr\u00e8s un cursus de 5 ans \u00e0 l\u2019\u00c9cole Nationale Sup\u00e9rieure de la Nature et du Paysage de Blois, j\u2019ai obtenu un dipl\u00f4me d\u2019ing\u00e9nieur paysagiste. On pense souvent que je passe mes journ\u00e9es \u00e0 travailler en ext\u00e9rieur ou parfois m\u00eame que je suis jardinier\u2026 En r\u00e9alit\u00e9, mon travail se rapproche bien plus de celui de l\u2019architecte, car il s\u2019agit de concevoir l&#8217;architecture des espaces ext\u00e9rieurs, dont le v\u00e9g\u00e9tal fait notamment partie. D\u2019ailleurs, comme le titre d\u2019&#8221;Architecte&#8221;, celui de &#8220;Paysagiste-Concepteur&#8221; est prot\u00e9g\u00e9 par l\u2019\u00c9tat, ce qui souligne la sp\u00e9cificit\u00e9 de cette comp\u00e9tence..<\/p>\n\n\n\n<div style=\"height:20px\" aria-hidden=\"true\" class=\"wp-block-spacer\"><\/div>\n\n\n\n<p>Ma carri\u00e8re a commenc\u00e9 dans une entreprise sp\u00e9cialis\u00e9e en phytorem\u00e9diation, o\u00f9 j\u2019ai d\u00e9couvert le pouvoir des v\u00e9g\u00e9taux, comme le traitement de pollutions dans l\u2019eau avec une approche \u00e9cologique, sans forc\u00e9ment recourir \u00e0 des \u00e9quipements techniques et on\u00e9reux. J\u2019ai eu l\u2019opportunit\u00e9 de travailler sur une vari\u00e9t\u00e9 de projets en France et \u00e0 l\u2019international, en particulier sur le traitement de l\u2019eau : baignades naturelles, restauration de lagunes en parcs ornithologiques\u2026 de l\u2019appel d\u2019offres \u00e0 la conception, jusqu\u2019au suivi de chantier.&nbsp;<\/p>\n\n\n\n<div style=\"height:20px\" aria-hidden=\"true\" class=\"wp-block-spacer\"><\/div>\n\n\n\n<p>Au sein de SYSTRA, j\u2019interviens dans la conception des am\u00e9nagements ext\u00e9rieurs en lien avec les \u00e9quipements ferroviaires. Cela peut concerner un parvis de gare, le traitement paysager d\u2019un sout\u00e8nement de voie, ou encore la cr\u00e9ation d\u2019une zone humide pour g\u00e9rer les eaux pluviales\u2026 Plus largement, je travaille aussi sur l\u2019am\u00e9nagement d&#8217;espaces publics, tant en milieu urbain que rural. Mon r\u00f4le commence d\u00e8s les premi\u00e8res phases des projets, et s\u2019\u00e9tend \u00e0 toutes les \u00e9tapes, du diagnostic \u00e0 la conception, jusqu\u2019\u00e0 la r\u00e9alisation.<\/p>\n\n\n\n<div style=\"height:20px\" aria-hidden=\"true\" class=\"wp-block-spacer\"><\/div>\n\n\n\n<p>Mon leitmotiv est d\u2019int\u00e9grer concr\u00e8tement les aspects environnementaux dans nos am\u00e9nagements, notamment pour atteindre des objectifs tels que le rafra\u00eechissement urbain, la d\u00e9simperm\u00e9abilisation des sols, la gestion alternative des eaux pluviales, et, plus globalement, l\u2019am\u00e9lioration de la qualit\u00e9 de vie des usagers et habitants, ainsi que de la faune et de la flore<\/p>\n\n\n\n<div style=\"height:20px\" aria-hidden=\"true\" class=\"wp-block-spacer\"><\/div>\n\n\n\n<div style=\"height:60px\" aria-hidden=\"true\" class=\"wp-block-spacer\"><\/div>\n\n\n\n<h3 class=\"wp-block-heading has-dusty-blue-color has-text-color\" id=\"h-pourriez-vous-decrire-une-journee-type\">Pourriez-vous d\u00e9crire une journ\u00e9e type ?<\/h3>\n\n\n\n<div style=\"height:20px\" aria-hidden=\"true\" class=\"wp-block-spacer\"><\/div>\n\n\n\n<p>Mes journ\u00e9es sont tr\u00e8s vari\u00e9es, partag\u00e9es entre le bureau et le terrain. Je dirais donc que je n\u2019ai pas vraiment de journ\u00e9e type, et c\u2019est justement ce qui me pla\u00eet&nbsp;et m\u2019anime&nbsp;!<\/p>\n\n\n\n<div style=\"height:20px\" aria-hidden=\"true\" class=\"wp-block-spacer\"><\/div>\n\n\n\n<p>Je peux aussi bien dessiner un plan paysager le matin pour un projet A, puis me rendre sur un chantier l\u2019apr\u00e8s-midi pour assurer le suivi des travaux sur un projet B, que me d\u00e9placer \u00e0 l\u2019autre bout de la France pour r\u00e9aliser une \u00e9tude paysag\u00e8re li\u00e9e au futur passage d\u2019une voie ferr\u00e9e dans un p\u00e9rim\u00e8tre de Monument Historique, r\u00e9pondre \u00e0 un appel d\u2019offre, ou parfois, passer une journ\u00e9e \u00e0 envoyer des mails et passer des coups de t\u00e9l\u00e9phone avec une multitude d\u2019intervenants.<\/p>\n\n\n\n<div style=\"height:60px\" aria-hidden=\"true\" class=\"wp-block-spacer\"><\/div>\n\n\n\n<h3 class=\"wp-block-heading has-dusty-blue-color has-text-color\" id=\"h-les-3-qualites-ou-competences-importantes-dans-votre-metier\">Les 3 qualit\u00e9s ou comp\u00e9tences importantes dans votre m\u00e9tier\u202f?<\/h3>\n\n\n\n<div style=\"height:20px\" aria-hidden=\"true\" class=\"wp-block-spacer\"><\/div>\n\n\n\n<p>Avant tout, je pense que l\u2019ouverture d\u2019esprit et la curiosit\u00e9 sont des qualit\u00e9s indispensables pour un paysagiste-concepteur, car elles nourrissent la cr\u00e9ativit\u00e9. Le paysagiste se nourrit de tout ce qui l\u2019entoure pour donner forme \u00e0 des espaces singuliers, en lien avec leur environnement physique et culturel.<\/p>\n\n\n\n<div style=\"height:20px\" aria-hidden=\"true\" class=\"wp-block-spacer\"><\/div>\n\n\n\n<p>Ensuite, l\u2019\u00e9coute est une comp\u00e9tence cl\u00e9. Comme le disait Michel Corajoud, l\u2019un des plus grands paysagistes de notre \u00e9poque : &#8220;Faire du paysage, c&#8217;est comme entrer dans une conversation.&#8221; L\u2019id\u00e9e est qu\u2019il faut \u00e9couter avant de s\u2019exprimer, afin de s\u2019inscrire dans une continuit\u00e9 la plus juste et adapt\u00e9e au contexte naturel, social, historique, etc.<\/p>\n\n\n\n<div style=\"height:20px\" aria-hidden=\"true\" class=\"wp-block-spacer\"><\/div>\n\n\n\n<p>Enfin, il est n\u00e9cessaire d\u2019avoir de solides comp\u00e9tences techniques. Cet aspect est essentiel pour assurer la bonne r\u00e9alisation d\u2019un projet. Apr\u00e8s la phase cr\u00e9ative, le paysagiste doit s\u2019assurer de la faisabilit\u00e9 technique et \u00e9conomique de ses propositions. Cela passe par un choix adapt\u00e9 de v\u00e9g\u00e9taux, le respect des usages existants et des attentes potentielles, une attention particuli\u00e8re \u00e0 la topographie associ\u00e9e \u00e0 l\u2019hydrographie, le choix du mobilier et de l\u2019\u00e9clairage, l\u2019accessibilit\u00e9 au sens large, tout en prenant en compte les aspects r\u00e9glementaires qui r\u00e9gissent l\u2019espace public.<\/p>\n\n\n\n<div style=\"height:60px\" aria-hidden=\"true\" class=\"wp-block-spacer\"><\/div>\n\n\n\n<h3 class=\"wp-block-heading has-dusty-blue-color has-text-color\" id=\"h-pourquoi-systra-nbsp\">POURQUOI SYSTRA&nbsp;?<\/h3>\n\n\n\n<div style=\"height:20px\" aria-hidden=\"true\" class=\"wp-block-spacer\"><\/div>\n\n\n\n<p>Apr\u00e8s une dizaine d\u2019ann\u00e9es d\u2019exp\u00e9rience dans une PME sp\u00e9cialis\u00e9e en phytorem\u00e9diation, j\u2019ai ressenti le besoin de prendre un nouveau cap. L\u2019id\u00e9e de travailler en tant que paysagiste au sein d\u2019une entreprise d\u2019ing\u00e9nierie d\u2019une telle envergure m\u2019a d\u2019abord intrigu\u00e9. Lors de l\u2019entretien, j\u2019ai r\u00e9alis\u00e9 l\u2019opportunit\u00e9 qui s\u2019offrait \u00e0 moi de contribuer au d\u00e9veloppement du p\u00f4le paysage au sein de SYSTRA. J\u2019ai \u00e9t\u00e9 s\u00e9duit par cette dynamique et par le d\u00e9fi qu\u2019elle repr\u00e9sentait. Aujourd\u2019hui, apr\u00e8s un an de travail, l\u2019activit\u00e9 est bien lanc\u00e9e et un horizon de travail dynamique et prometteur se dessine.<\/p>\n\n\n\n<div style=\"height:100px\" aria-hidden=\"true\" class=\"wp-block-spacer\"><\/div>\n<\/div>\n<\/div>\n\n\n\n<div style=\"height:100px\" aria-hidden=\"true\" class=\"wp-block-spacer\"><\/div>\n\n\n\n<p><\/p>\n","protected":false},"excerpt":{"rendered":"<p>Jules LEFREREDirection Conseil, Am\u00e9nagement &amp; TerritoiresParis Quel est votre m\u00e9tier\u202f?&nbsp; Apr\u00e8s un cursus de 5 ans \u00e0 l\u2019\u00c9cole Nationale Sup\u00e9rieure de la Nature et du Paysage de Blois, j\u2019ai obtenu un dipl\u00f4me d\u2019ing\u00e9nieur paysagiste. On pense souvent que je passe mes journ\u00e9es \u00e0 travailler en ext\u00e9rieur ou parfois m\u00eame que je suis jardinier\u2026 En r\u00e9alit\u00e9, [&hellip;]<\/p>\n","protected":false},"author":25,"featured_media":3261,"parent":0,"menu_order":14,"comment_status":"closed","ping_status":"closed","template":"template-collaborateur.php","meta":{"_acf_changed":false,"_relevanssi_hide_post":"","_relevanssi_hide_content":"","_relevanssi_pin_for_all":"","_relevanssi_pin_keywords":"","_relevanssi_unpin_keywords":"","_relevanssi_related_keywords":"","_relevanssi_related_include_ids":"","_relevanssi_related_exclude_ids":"","_relevanssi_related_no_append":"","_relevanssi_related_not_related":"","_relevanssi_related_posts":"1","_relevanssi_noindex_reason":"","footnotes":""},"class_list":["post-8642","page","type-page","status-publish","has-post-thumbnail","hentry"],"acf":[],"yoast_head":"<!-- This site is optimized with the Yoast SEO Premium plugin v27.4 (Yoast SEO v27.4) - https:\/\/yoast.com\/product\/yoast-seo-premium-wordpress\/ -->\n<title>Jules LEFRERE, Paysagiste - France<\/title>\n<meta name=\"description\" content=\"Jules LEFREREDirection Conseil, Am\u00e9nagement &amp; TerritoiresParis Quel est votre m\u00e9tier\u202f?&nbsp; Apr\u00e8s un cursus de 5 ans \u00e0 l\u2019\u00c9cole Nationale Sup\u00e9rieure\" \/>\n<meta name=\"robots\" content=\"index, follow, max-snippet:-1, max-image-preview:large, max-video-preview:-1\" \/>\n<meta property=\"og:locale\" content=\"fr_FR\" \/>\n<meta property=\"og:type\" content=\"article\" \/>\n<meta property=\"og:title\" content=\"Jules LEFRERE, Paysagiste\" \/>\n<meta property=\"og:description\" content=\"Jules LEFREREDirection Conseil, Am\u00e9nagement &amp; TerritoiresParis Quel est votre m\u00e9tier\u202f?&nbsp; Apr\u00e8s un cursus de 5 ans \u00e0 l\u2019\u00c9cole Nationale Sup\u00e9rieure\" \/>\n<meta property=\"og:url\" content=\"https:\/\/www.systra.com\/france\/jules-lefrere-paysagiste\/\" \/>\n<meta property=\"og:site_name\" content=\"France\" \/>\n<meta property=\"article:publisher\" content=\"https:\/\/www.facebook.com\/SYSTRA\" \/>\n<meta property=\"article:modified_time\" content=\"2025-09-11T16:13:04+00:00\" \/>\n<meta property=\"og:image\" content=\"https:\/\/www.systra.com\/france\/wp-content\/uploads\/sites\/4\/2021\/08\/illustration-interview.jpg\" \/>\n\t<meta property=\"og:image:width\" content=\"2350\" \/>\n\t<meta property=\"og:image:height\" content=\"1500\" \/>\n\t<meta property=\"og:image:type\" content=\"image\/jpeg\" \/>\n<meta name=\"twitter:card\" content=\"summary_large_image\" \/>\n<meta name=\"twitter:site\" content=\"@SYSTRA_LTD\" \/>\n<meta name=\"twitter:label1\" content=\"Dur\u00e9e de lecture estim\u00e9e\" \/>\n\t<meta name=\"twitter:data1\" content=\"5 minutes\" \/>\n<script type=\"application\/ld+json\" class=\"yoast-schema-graph\">{\"@context\":\"https:\\\/\\\/schema.org\",\"@graph\":[{\"@type\":\"WebPage\",\"@id\":\"https:\\\/\\\/www.systra.com\\\/france\\\/jules-lefrere-paysagiste\\\/\",\"url\":\"https:\\\/\\\/www.systra.com\\\/france\\\/jules-lefrere-paysagiste\\\/\",\"name\":\"Jules LEFRERE, Paysagiste - France\",\"isPartOf\":{\"@id\":\"https:\\\/\\\/www.systra.com\\\/france\\\/#website\"},\"primaryImageOfPage\":{\"@id\":\"https:\\\/\\\/www.systra.com\\\/france\\\/jules-lefrere-paysagiste\\\/#primaryimage\"},\"image\":{\"@id\":\"https:\\\/\\\/www.systra.com\\\/france\\\/jules-lefrere-paysagiste\\\/#primaryimage\"},\"thumbnailUrl\":\"https:\\\/\\\/www.systra.com\\\/france\\\/wp-content\\\/uploads\\\/sites\\\/4\\\/2021\\\/08\\\/illustration-interview.jpg\",\"datePublished\":\"2024-09-19T19:05:51+00:00\",\"dateModified\":\"2025-09-11T16:13:04+00:00\",\"description\":\"Jules LEFREREDirection Conseil, Am\u00e9nagement &amp; TerritoiresParis Quel est votre m\u00e9tier\u202f?&nbsp; Apr\u00e8s un cursus de 5 ans \u00e0 l\u2019\u00c9cole Nationale Sup\u00e9rieure\",\"breadcrumb\":{\"@id\":\"https:\\\/\\\/www.systra.com\\\/france\\\/jules-lefrere-paysagiste\\\/#breadcrumb\"},\"inLanguage\":\"fr-FR\",\"potentialAction\":[{\"@type\":\"ReadAction\",\"target\":[\"https:\\\/\\\/www.systra.com\\\/france\\\/jules-lefrere-paysagiste\\\/\"]}]},{\"@type\":\"ImageObject\",\"inLanguage\":\"fr-FR\",\"@id\":\"https:\\\/\\\/www.systra.com\\\/france\\\/jules-lefrere-paysagiste\\\/#primaryimage\",\"url\":\"https:\\\/\\\/www.systra.com\\\/france\\\/wp-content\\\/uploads\\\/sites\\\/4\\\/2021\\\/08\\\/illustration-interview.jpg\",\"contentUrl\":\"https:\\\/\\\/www.systra.com\\\/france\\\/wp-content\\\/uploads\\\/sites\\\/4\\\/2021\\\/08\\\/illustration-interview.jpg\",\"width\":2350,\"height\":1500},{\"@type\":\"BreadcrumbList\",\"@id\":\"https:\\\/\\\/www.systra.com\\\/france\\\/jules-lefrere-paysagiste\\\/#breadcrumb\",\"itemListElement\":[{\"@type\":\"ListItem\",\"position\":1,\"name\":\"Accueil\",\"item\":\"https:\\\/\\\/www.systra.com\\\/france\\\/\"},{\"@type\":\"ListItem\",\"position\":2,\"name\":\"Jules LEFRERE, Paysagiste\"}]},{\"@type\":\"WebSite\",\"@id\":\"https:\\\/\\\/www.systra.com\\\/france\\\/#website\",\"url\":\"https:\\\/\\\/www.systra.com\\\/france\\\/\",\"name\":\"France\",\"description\":\"La confiance transporte le monde\",\"publisher\":{\"@id\":\"https:\\\/\\\/www.systra.com\\\/france\\\/#organization\"},\"potentialAction\":[{\"@type\":\"SearchAction\",\"target\":{\"@type\":\"EntryPoint\",\"urlTemplate\":\"https:\\\/\\\/www.systra.com\\\/france\\\/?s={search_term_string}\"},\"query-input\":{\"@type\":\"PropertyValueSpecification\",\"valueRequired\":true,\"valueName\":\"search_term_string\"}}],\"inLanguage\":\"fr-FR\"},{\"@type\":\"Organization\",\"@id\":\"https:\\\/\\\/www.systra.com\\\/france\\\/#organization\",\"name\":\"Systra France\",\"url\":\"https:\\\/\\\/www.systra.com\\\/france\\\/\",\"logo\":{\"@type\":\"ImageObject\",\"inLanguage\":\"fr-FR\",\"@id\":\"https:\\\/\\\/www.systra.com\\\/france\\\/#\\\/schema\\\/logo\\\/image\\\/\",\"url\":\"https:\\\/\\\/www.systra.com\\\/france\\\/wp-content\\\/uploads\\\/sites\\\/4\\\/2021\\\/03\\\/systra_logo_svg.svg\",\"contentUrl\":\"https:\\\/\\\/www.systra.com\\\/france\\\/wp-content\\\/uploads\\\/sites\\\/4\\\/2021\\\/03\\\/systra_logo_svg.svg\",\"width\":179,\"height\":34,\"caption\":\"Systra France\"},\"image\":{\"@id\":\"https:\\\/\\\/www.systra.com\\\/france\\\/#\\\/schema\\\/logo\\\/image\\\/\"},\"sameAs\":[\"https:\\\/\\\/www.facebook.com\\\/SYSTRA\",\"https:\\\/\\\/x.com\\\/SYSTRA_LTD\",\"https:\\\/\\\/www.linkedin.com\\\/company\\\/systra\\\/\"]}]}<\/script>\n<!-- \/ Yoast SEO Premium plugin. -->","yoast_head_json":{"title":"Jules LEFRERE, Paysagiste - France","description":"Jules LEFREREDirection Conseil, Am\u00e9nagement &amp; TerritoiresParis Quel est votre m\u00e9tier\u202f?&nbsp; Apr\u00e8s un cursus de 5 ans \u00e0 l\u2019\u00c9cole Nationale Sup\u00e9rieure","robots":{"index":"index","follow":"follow","max-snippet":"max-snippet:-1","max-image-preview":"max-image-preview:large","max-video-preview":"max-video-preview:-1"},"og_locale":"fr_FR","og_type":"article","og_title":"Jules LEFRERE, Paysagiste","og_description":"Jules LEFREREDirection Conseil, Am\u00e9nagement &amp; TerritoiresParis Quel est votre m\u00e9tier\u202f?&nbsp; Apr\u00e8s un cursus de 5 ans \u00e0 l\u2019\u00c9cole Nationale Sup\u00e9rieure","og_url":"https:\/\/www.systra.com\/france\/jules-lefrere-paysagiste\/","og_site_name":"France","article_publisher":"https:\/\/www.facebook.com\/SYSTRA","article_modified_time":"2025-09-11T16:13:04+00:00","og_image":[{"width":2350,"height":1500,"url":"https:\/\/www.systra.com\/france\/wp-content\/uploads\/sites\/4\/2021\/08\/illustration-interview.jpg","type":"image\/jpeg"}],"twitter_card":"summary_large_image","twitter_site":"@SYSTRA_LTD","twitter_misc":{"Dur\u00e9e de lecture estim\u00e9e":"5 minutes"},"schema":{"@context":"https:\/\/schema.org","@graph":[{"@type":"WebPage","@id":"https:\/\/www.systra.com\/france\/jules-lefrere-paysagiste\/","url":"https:\/\/www.systra.com\/france\/jules-lefrere-paysagiste\/","name":"Jules LEFRERE, Paysagiste - France","isPartOf":{"@id":"https:\/\/www.systra.com\/france\/#website"},"primaryImageOfPage":{"@id":"https:\/\/www.systra.com\/france\/jules-lefrere-paysagiste\/#primaryimage"},"image":{"@id":"https:\/\/www.systra.com\/france\/jules-lefrere-paysagiste\/#primaryimage"},"thumbnailUrl":"https:\/\/www.systra.com\/france\/wp-content\/uploads\/sites\/4\/2021\/08\/illustration-interview.jpg","datePublished":"2024-09-19T19:05:51+00:00","dateModified":"2025-09-11T16:13:04+00:00","description":"Jules LEFREREDirection Conseil, Am\u00e9nagement &amp; TerritoiresParis Quel est votre m\u00e9tier\u202f?&nbsp; Apr\u00e8s un cursus de 5 ans \u00e0 l\u2019\u00c9cole Nationale Sup\u00e9rieure","breadcrumb":{"@id":"https:\/\/www.systra.com\/france\/jules-lefrere-paysagiste\/#breadcrumb"},"inLanguage":"fr-FR","potentialAction":[{"@type":"ReadAction","target":["https:\/\/www.systra.com\/france\/jules-lefrere-paysagiste\/"]}]},{"@type":"ImageObject","inLanguage":"fr-FR","@id":"https:\/\/www.systra.com\/france\/jules-lefrere-paysagiste\/#primaryimage","url":"https:\/\/www.systra.com\/france\/wp-content\/uploads\/sites\/4\/2021\/08\/illustration-interview.jpg","contentUrl":"https:\/\/www.systra.com\/france\/wp-content\/uploads\/sites\/4\/2021\/08\/illustration-interview.jpg","width":2350,"height":1500},{"@type":"BreadcrumbList","@id":"https:\/\/www.systra.com\/france\/jules-lefrere-paysagiste\/#breadcrumb","itemListElement":[{"@type":"ListItem","position":1,"name":"Accueil","item":"https:\/\/www.systra.com\/france\/"},{"@type":"ListItem","position":2,"name":"Jules LEFRERE, Paysagiste"}]},{"@type":"WebSite","@id":"https:\/\/www.systra.com\/france\/#website","url":"https:\/\/www.systra.com\/france\/","name":"France","description":"La confiance transporte le monde","publisher":{"@id":"https:\/\/www.systra.com\/france\/#organization"},"potentialAction":[{"@type":"SearchAction","target":{"@type":"EntryPoint","urlTemplate":"https:\/\/www.systra.com\/france\/?s={search_term_string}"},"query-input":{"@type":"PropertyValueSpecification","valueRequired":true,"valueName":"search_term_string"}}],"inLanguage":"fr-FR"},{"@type":"Organization","@id":"https:\/\/www.systra.com\/france\/#organization","name":"Systra France","url":"https:\/\/www.systra.com\/france\/","logo":{"@type":"ImageObject","inLanguage":"fr-FR","@id":"https:\/\/www.systra.com\/france\/#\/schema\/logo\/image\/","url":"https:\/\/www.systra.com\/france\/wp-content\/uploads\/sites\/4\/2021\/03\/systra_logo_svg.svg","contentUrl":"https:\/\/www.systra.com\/france\/wp-content\/uploads\/sites\/4\/2021\/03\/systra_logo_svg.svg","width":179,"height":34,"caption":"Systra France"},"image":{"@id":"https:\/\/www.systra.com\/france\/#\/schema\/logo\/image\/"},"sameAs":["https:\/\/www.facebook.com\/SYSTRA","https:\/\/x.com\/SYSTRA_LTD","https:\/\/www.linkedin.com\/company\/systra\/"]}]}},"lang":"fr","translations":{"fr":8642},"pll_sync_post":[],"_links":{"self":[{"href":"https:\/\/www.systra.com\/france\/wp-json\/wp\/v2\/pages\/8642","targetHints":{"allow":["GET"]}}],"collection":[{"href":"https:\/\/www.systra.com\/france\/wp-json\/wp\/v2\/pages"}],"about":[{"href":"https:\/\/www.systra.com\/france\/wp-json\/wp\/v2\/types\/page"}],"author":[{"embeddable":true,"href":"https:\/\/www.systra.com\/france\/wp-json\/wp\/v2\/users\/25"}],"replies":[{"embeddable":true,"href":"https:\/\/www.systra.com\/france\/wp-json\/wp\/v2\/comments?post=8642"}],"version-history":[{"count":3,"href":"https:\/\/www.systra.com\/france\/wp-json\/wp\/v2\/pages\/8642\/revisions"}],"predecessor-version":[{"id":38569,"href":"https:\/\/www.systra.com\/france\/wp-json\/wp\/v2\/pages\/8642\/revisions\/38569"}],"wp:featuredmedia":[{"embeddable":true,"href":"https:\/\/www.systra.com\/france\/wp-json\/wp\/v2\/media\/3261"}],"wp:attachment":[{"href":"https:\/\/www.systra.com\/france\/wp-json\/wp\/v2\/media?parent=8642"}],"curies":[{"name":"wp","href":"https:\/\/api.w.org\/{rel}","templated":true}]}}