{"id":768,"date":"2021-04-06T22:02:31","date_gmt":"2021-04-06T20:02:31","guid":{"rendered":"https:\/\/www.systra.com\/france\/?page_id=768"},"modified":"2025-09-11T18:19:39","modified_gmt":"2025-09-11T16:19:39","slug":"lorena-abad-franco-ingenierie-de-conception-et-de-travaux","status":"publish","type":"page","link":"https:\/\/www.systra.com\/france\/lorena-abad-franco-ingenierie-de-conception-et-de-travaux\/","title":{"rendered":"LORENA ABAD FRANCO, ing\u00e9nieure syst\u00e8mes"},"content":{"rendered":"\n<div style=\"height:100px\" aria-hidden=\"true\" class=\"wp-block-spacer\"><\/div>\n\n\n\n<div class=\"wp-block-columns is-layout-flex wp-container-core-columns-is-layout-9d6595d7 wp-block-columns-is-layout-flex\">\n<div class=\"wp-block-column is-layout-flow wp-block-column-is-layout-flow\" style=\"flex-basis:33.33%\"><div class=\"wp-block-image\">\n<figure class=\"aligncenter size-large\"><img decoding=\"async\" width=\"960\" height=\"960\" src=\"https:\/\/www.systra.com\/france\/wp-content\/uploads\/sites\/4\/2021\/05\/labadfranco.jpg\" alt=\"\" class=\"wp-image-886\" srcset=\"https:\/\/www.systra.com\/france\/wp-content\/uploads\/sites\/4\/2021\/05\/labadfranco.jpg 960w, https:\/\/www.systra.com\/france\/wp-content\/uploads\/sites\/4\/2021\/05\/labadfranco-300x300.jpg 300w, https:\/\/www.systra.com\/france\/wp-content\/uploads\/sites\/4\/2021\/05\/labadfranco-150x150.jpg 150w, https:\/\/www.systra.com\/france\/wp-content\/uploads\/sites\/4\/2021\/05\/labadfranco-768x768.jpg 768w, https:\/\/www.systra.com\/france\/wp-content\/uploads\/sites\/4\/2021\/05\/labadfranco-376x376.jpg 376w, https:\/\/www.systra.com\/france\/wp-content\/uploads\/sites\/4\/2021\/05\/labadfranco-474x474.jpg 474w, https:\/\/www.systra.com\/france\/wp-content\/uploads\/sites\/4\/2021\/05\/labadfranco-660x660.jpg 660w, https:\/\/www.systra.com\/france\/wp-content\/uploads\/sites\/4\/2021\/05\/labadfranco-800x800.jpg 800w, https:\/\/www.systra.com\/france\/wp-content\/uploads\/sites\/4\/2021\/05\/labadfranco-180x180.jpg 180w, https:\/\/www.systra.com\/france\/wp-content\/uploads\/sites\/4\/2021\/05\/labadfranco-153x153.jpg 153w, https:\/\/www.systra.com\/france\/wp-content\/uploads\/sites\/4\/2021\/05\/labadfranco-230x230.jpg 230w\" sizes=\"(max-width: 960px) 100vw, 960px\" \/><\/figure>\n<\/div>\n\n\n<p class=\"has-pale-mauve-background-color has-background\"><strong>Lorena ABAD FRANCO<\/strong><br><span class=\"has-inline-color has-dusty-blue-color\">Direction Syst\u00e8mes <br><\/span><mark style=\"background-color:rgba(0, 0, 0, 0)\" class=\"has-inline-color has-noir-color\">Paris<\/mark><\/p>\n<\/div>\n\n\n\n<div class=\"wp-block-column is-layout-flow wp-block-column-is-layout-flow\" style=\"flex-basis:66.66%\">\n<h3 class=\"wp-block-heading has-dusty-blue-color has-text-color\" id=\"h-quel-est-votre-metier-nbsp\">Quel est votre m\u00e9tier\u202f?&nbsp;<\/h3>\n\n\n\n<div style=\"height:20px\" aria-hidden=\"true\" class=\"wp-block-spacer\"><\/div>\n\n\n\n<p>Je suis Ing\u00e9nieure en Syst\u00e8mes Supervision au sein de la Direction Syst\u00e8mes. Mon r\u00f4le est de d\u00e9finir des solutions permettant aux op\u00e9rateurs de transports urbains&nbsp;de contr\u00f4ler depuis une salle centralis\u00e9e le trafic sur la ligne concern\u00e9e, afin de garantir la circulation fluide des trains et le respect des horaires pr\u00e9vus, mais \u00e9galement de superviser les \u00e9quipements install\u00e9s en gares tels que les cam\u00e9ras de vid\u00e9osurveillance, ascenseurs et escaliers m\u00e9caniques, \u00e9quipements de d\u00e9tection d\u2019incendie, panneaux et haut-parleurs fournissant l\u2019information aux voyageurs. &nbsp;<\/p>\n\n\n\n<div style=\"height:20px\" aria-hidden=\"true\" class=\"wp-block-spacer\"><\/div>\n\n\n\n<p>J\u2019ai suivi une formation d\u2019ing\u00e9nieur en t\u00e9l\u00e9communications avec une sp\u00e9cialit\u00e9 en robotique et supervision, dans mon pays d&#8217;origine, l\u2019Espagne. En 2014, j&#8217;ai effectu\u00e9 un Master sp\u00e9cialis\u00e9 en Syst\u00e8mes de transport guid\u00e9s et urbains \u00e0 l\u2019\u00c9cole des Ponts et Chauss\u00e9es.&nbsp;<\/p>\n\n\n\n<div style=\"height:20px\" aria-hidden=\"true\" class=\"wp-block-spacer\"><\/div>\n\n\n\n<p>Apr\u00e8s deux ans d&#8217;exp\u00e9rience professionnelle dans le secteur naval en Espagne, j&#8217;ai travaill\u00e9 pendant huit ans chez un industriel ferroviaire fran\u00e7ais en tant que responsable technique des syst\u00e8mes de supervision m\u00e9tro. J&#8217;y ai effectu\u00e9 de nombreuses missions \u00e0 l&#8217;international et j&#8217;ai d\u00e9couvert le domaine des transports ferroviaires, qui me passionne. Je suis arriv\u00e9e chez SYSTRA fin 2017 avec l&#8217;objectif d&#8217;acqu\u00e9rir une nouvelle exp\u00e9rience dans le domaine des syst\u00e8mes de transport.<\/p>\n\n\n\n<div style=\"height:60px\" aria-hidden=\"true\" class=\"wp-block-spacer\"><\/div>\n\n\n\n<h3 class=\"wp-block-heading has-dusty-blue-color has-text-color\" id=\"h-quelles-sont-vos-missions-chez-systra\">Quelles sont vos missions chez SYSTRA\u202f?<\/h3>\n\n\n\n<div style=\"height:20px\" aria-hidden=\"true\" class=\"wp-block-spacer\"><\/div>\n\n\n\n<p>A mon arriv\u00e9e, j&#8217;ai travaill\u00e9 pendant un an et demi en Assistance \u00e0 la Ma\u00eetrise d&#8217;Ouvrage de la SNCF, sur les sujets de r\u00e9gulation pour le RER E. Puis, en 2019, j&#8217;ai pris un poste de MOE (ma\u00eetre d\u2019\u0153uvre\/cheffe de projet) pour les automatismes de conduite au sein du projet du Grand Paris Express. Notre mission \u00e9tait de garantir le respect du cahier de charges de la solution d\u00e9ploy\u00e9e, ainsi que d\u2019accompagner notre client dans les prises de d\u00e9cision sur des sujets techniques.<\/p>\n\n\n\n<div style=\"height:20px\" aria-hidden=\"true\" class=\"wp-block-spacer\"><\/div>\n\n\n\n<p>Sur le projet du Grand Paris Express, j\u2019interviens plus particuli\u00e8rement sur les automatismes de conduite des lignes 15, 16 et 17. Mon travail consiste \u00e0 v\u00e9rifier que l\u2019ensemble des exigences de s\u00e9curit\u00e9 du contrat et des normes ferroviaires sont bien respect\u00e9es par les industriels dans leur d\u00e9veloppement.<\/p>\n\n\n\n<div style=\"height:20px\" aria-hidden=\"true\" class=\"wp-block-spacer\"><\/div>\n\n\n\n<p>J&#8217;ai ensuite eu la possibilit\u00e9 d&#8217;\u00e9voluer vers la fonction de responsable d&#8217;\u00e9quipe en charge de la partie &#8220;Poste de Commande Centralis\u00e9e&#8221;. Nous travaillons avec les industriels pour la mise en \u0153uvre du poste de commande centralis\u00e9 des lignes 15, 16 et 17 du Grand Paris.&nbsp;<\/p>\n\n\n\n<div style=\"height:60px\" aria-hidden=\"true\" class=\"wp-block-spacer\"><\/div>\n\n\n\n<h3 class=\"wp-block-heading has-dusty-blue-color has-text-color\" id=\"h-les-3-qualites-ou-competences-importantes-dans-votre-metier\">Les 3 qualit\u00e9s ou comp\u00e9tences importantes dans votre m\u00e9tier\u202f?<\/h3>\n\n\n\n<div style=\"height:20px\" aria-hidden=\"true\" class=\"wp-block-spacer\"><\/div>\n\n\n\n<p>La premi\u00e8re comp\u00e9tence n\u00e9cessaire est une capacit\u00e9 d&#8217;analyse et de synth\u00e8se : tous les jours, nous traitons de nombreuses probl\u00e9matiques techniques. Pour pouvoir garantir une bonne coordination de l&#8217;\u00e9quipe et un travail efficace, il est essentiel de&nbsp;comprendre les enjeux, prioriser et garder en t\u00eate les objectifs du projet.<\/p>\n\n\n\n<div style=\"height:20px\" aria-hidden=\"true\" class=\"wp-block-spacer\"><\/div>\n\n\n\n<p>Dans des projets de grande envergure avec une multitude d\u2019acteurs, une bonne communication est \u00e9galement capitale. Il faut savoir \u00e9couter et comprendre les diff\u00e9rentes approches ainsi qu\u2019\u00eatre capable d\u2019exposer les tenants et aboutissants des sujets tr\u00e8s complexes, tout en s\u2019adaptant aux interlocuteurs qui ne ma\u00eetrisent pas forc\u00e9ment tous les sujets techniques.<\/p>\n\n\n\n<div style=\"height:20px\" aria-hidden=\"true\" class=\"wp-block-spacer\"><\/div>\n\n\n\n<p>La derni\u00e8re qualit\u00e9 indispensable est la proactivit\u00e9, pour r\u00e9soudre les probl\u00e9matiques rencontr\u00e9es, avancer dans le respect des d\u00e9lais et fournir la qualit\u00e9 exig\u00e9e par nos clients.<\/p>\n\n\n\n<div style=\"height:60px\" aria-hidden=\"true\" class=\"wp-block-spacer\"><\/div>\n\n\n\n<h3 class=\"wp-block-heading has-dusty-blue-color has-text-color\" id=\"h-pourquoi-systra-nbsp\">POURQUOI SYSTRA&nbsp;?<\/h3>\n\n\n\n<div style=\"height:20px\" aria-hidden=\"true\" class=\"wp-block-spacer\"><\/div>\n\n\n\n<p>J&#8217;ai rejoint SYSTRA car c\u2019est la r\u00e9f\u00e9rence en termes de conseil dans le secteur du transport, en particulier celui du transport ferroviaire. La diversit\u00e9 et la qualit\u00e9 des profils pr\u00e9sents au sein du Groupe m&#8217;ont permis d&#8217;approfondir mon expertise et d&#8217;avoir des \u00e9changes enrichissants en interne mais \u00e9galement avec les collaborateurs des autres entreprises du secteur (exploitants, constructeurs, autorit\u00e9s organisatrices\u2026).<\/p>\n\n\n\n<div style=\"height:20px\" aria-hidden=\"true\" class=\"wp-block-spacer\"><\/div>\n\n\n\n<p>Par ailleurs, SYSTRA est un groupe qui accompagne le d\u00e9veloppement de ses collaborateurs en leur proposant des opportunit\u00e9s de formation et des occasions d&#8217;\u00e9changes transversaux qui sont tr\u00e8s appr\u00e9ciables. <\/p>\n\n\n\n<div style=\"height:100px\" aria-hidden=\"true\" class=\"wp-block-spacer\"><\/div>\n<\/div>\n<\/div>\n\n\n\n<div style=\"height:100px\" aria-hidden=\"true\" class=\"wp-block-spacer\"><\/div>\n\n\n\n<p><\/p>\n","protected":false},"excerpt":{"rendered":"<p>Lorena ABAD FRANCODirection Syst\u00e8mes Paris Quel est votre m\u00e9tier\u202f?&nbsp; Je suis Ing\u00e9nieure en Syst\u00e8mes Supervision au sein de la Direction Syst\u00e8mes. Mon r\u00f4le est de d\u00e9finir des solutions permettant aux op\u00e9rateurs de transports urbains&nbsp;de contr\u00f4ler depuis une salle centralis\u00e9e le trafic sur la ligne concern\u00e9e, afin de garantir la circulation fluide des trains et le [&hellip;]<\/p>\n","protected":false},"author":29,"featured_media":3261,"parent":0,"menu_order":15,"comment_status":"closed","ping_status":"closed","template":"template-collaborateur.php","meta":{"_acf_changed":false,"_relevanssi_hide_post":"","_relevanssi_hide_content":"","_relevanssi_pin_for_all":"","_relevanssi_pin_keywords":"","_relevanssi_unpin_keywords":"","_relevanssi_related_keywords":"","_relevanssi_related_include_ids":"","_relevanssi_related_exclude_ids":"","_relevanssi_related_no_append":"","_relevanssi_related_not_related":"","_relevanssi_related_posts":"1","_relevanssi_noindex_reason":"","footnotes":""},"class_list":["post-768","page","type-page","status-publish","has-post-thumbnail","hentry"],"acf":[],"yoast_head":"<!-- This site is optimized with the Yoast SEO Premium plugin v27.4 (Yoast SEO v27.4) - https:\/\/yoast.com\/product\/yoast-seo-premium-wordpress\/ -->\n<title>LORENA ABAD FRANCO, ing\u00e9nieure syst\u00e8mes - France<\/title>\n<meta name=\"description\" content=\"Lorena ABAD FRANCODirection Syst\u00e8mes Paris Quel est votre m\u00e9tier\u202f?&nbsp; Je suis Ing\u00e9nieure en Syst\u00e8mes Supervision au sein de la Direction Syst\u00e8mes. Mon\" \/>\n<meta name=\"robots\" content=\"index, follow, max-snippet:-1, max-image-preview:large, max-video-preview:-1\" \/>\n<meta property=\"og:locale\" content=\"fr_FR\" \/>\n<meta property=\"og:type\" content=\"article\" \/>\n<meta property=\"og:title\" content=\"LORENA ABAD FRANCO, ing\u00e9nieure syst\u00e8mes\" \/>\n<meta property=\"og:description\" content=\"Lorena ABAD FRANCODirection Syst\u00e8mes Paris Quel est votre m\u00e9tier\u202f?&nbsp; Je suis Ing\u00e9nieure en Syst\u00e8mes Supervision au sein de la Direction Syst\u00e8mes. Mon\" \/>\n<meta property=\"og:url\" content=\"https:\/\/www.systra.com\/france\/lorena-abad-franco-ingenierie-de-conception-et-de-travaux\/\" \/>\n<meta property=\"og:site_name\" content=\"France\" \/>\n<meta property=\"article:publisher\" content=\"https:\/\/www.facebook.com\/SYSTRA\" \/>\n<meta property=\"article:modified_time\" content=\"2025-09-11T16:19:39+00:00\" \/>\n<meta property=\"og:image\" content=\"https:\/\/www.systra.com\/france\/wp-content\/uploads\/sites\/4\/2021\/08\/illustration-interview.jpg\" \/>\n\t<meta property=\"og:image:width\" content=\"2350\" \/>\n\t<meta property=\"og:image:height\" content=\"1500\" \/>\n\t<meta property=\"og:image:type\" content=\"image\/jpeg\" \/>\n<meta name=\"twitter:card\" content=\"summary_large_image\" \/>\n<meta name=\"twitter:site\" content=\"@SYSTRA_LTD\" \/>\n<meta name=\"twitter:label1\" content=\"Dur\u00e9e de lecture estim\u00e9e\" \/>\n\t<meta name=\"twitter:data1\" content=\"4 minutes\" \/>\n<script type=\"application\/ld+json\" class=\"yoast-schema-graph\">{\"@context\":\"https:\\\/\\\/schema.org\",\"@graph\":[{\"@type\":\"WebPage\",\"@id\":\"https:\\\/\\\/www.systra.com\\\/france\\\/lorena-abad-franco-ingenierie-de-conception-et-de-travaux\\\/\",\"url\":\"https:\\\/\\\/www.systra.com\\\/france\\\/lorena-abad-franco-ingenierie-de-conception-et-de-travaux\\\/\",\"name\":\"LORENA ABAD FRANCO, ing\u00e9nieure syst\u00e8mes - France\",\"isPartOf\":{\"@id\":\"https:\\\/\\\/www.systra.com\\\/france\\\/#website\"},\"primaryImageOfPage\":{\"@id\":\"https:\\\/\\\/www.systra.com\\\/france\\\/lorena-abad-franco-ingenierie-de-conception-et-de-travaux\\\/#primaryimage\"},\"image\":{\"@id\":\"https:\\\/\\\/www.systra.com\\\/france\\\/lorena-abad-franco-ingenierie-de-conception-et-de-travaux\\\/#primaryimage\"},\"thumbnailUrl\":\"https:\\\/\\\/www.systra.com\\\/france\\\/wp-content\\\/uploads\\\/sites\\\/4\\\/2021\\\/08\\\/illustration-interview.jpg\",\"datePublished\":\"2021-04-06T20:02:31+00:00\",\"dateModified\":\"2025-09-11T16:19:39+00:00\",\"description\":\"Lorena ABAD FRANCODirection Syst\u00e8mes Paris Quel est votre m\u00e9tier\u202f?&nbsp; Je suis Ing\u00e9nieure en Syst\u00e8mes Supervision au sein de la Direction Syst\u00e8mes. Mon\",\"breadcrumb\":{\"@id\":\"https:\\\/\\\/www.systra.com\\\/france\\\/lorena-abad-franco-ingenierie-de-conception-et-de-travaux\\\/#breadcrumb\"},\"inLanguage\":\"fr-FR\",\"potentialAction\":[{\"@type\":\"ReadAction\",\"target\":[\"https:\\\/\\\/www.systra.com\\\/france\\\/lorena-abad-franco-ingenierie-de-conception-et-de-travaux\\\/\"]}]},{\"@type\":\"ImageObject\",\"inLanguage\":\"fr-FR\",\"@id\":\"https:\\\/\\\/www.systra.com\\\/france\\\/lorena-abad-franco-ingenierie-de-conception-et-de-travaux\\\/#primaryimage\",\"url\":\"https:\\\/\\\/www.systra.com\\\/france\\\/wp-content\\\/uploads\\\/sites\\\/4\\\/2021\\\/08\\\/illustration-interview.jpg\",\"contentUrl\":\"https:\\\/\\\/www.systra.com\\\/france\\\/wp-content\\\/uploads\\\/sites\\\/4\\\/2021\\\/08\\\/illustration-interview.jpg\",\"width\":2350,\"height\":1500},{\"@type\":\"BreadcrumbList\",\"@id\":\"https:\\\/\\\/www.systra.com\\\/france\\\/lorena-abad-franco-ingenierie-de-conception-et-de-travaux\\\/#breadcrumb\",\"itemListElement\":[{\"@type\":\"ListItem\",\"position\":1,\"name\":\"Accueil\",\"item\":\"https:\\\/\\\/www.systra.com\\\/france\\\/\"},{\"@type\":\"ListItem\",\"position\":2,\"name\":\"LORENA ABAD FRANCO, ing\u00e9nieure syst\u00e8mes\"}]},{\"@type\":\"WebSite\",\"@id\":\"https:\\\/\\\/www.systra.com\\\/france\\\/#website\",\"url\":\"https:\\\/\\\/www.systra.com\\\/france\\\/\",\"name\":\"France\",\"description\":\"La confiance transporte le monde\",\"publisher\":{\"@id\":\"https:\\\/\\\/www.systra.com\\\/france\\\/#organization\"},\"potentialAction\":[{\"@type\":\"SearchAction\",\"target\":{\"@type\":\"EntryPoint\",\"urlTemplate\":\"https:\\\/\\\/www.systra.com\\\/france\\\/?s={search_term_string}\"},\"query-input\":{\"@type\":\"PropertyValueSpecification\",\"valueRequired\":true,\"valueName\":\"search_term_string\"}}],\"inLanguage\":\"fr-FR\"},{\"@type\":\"Organization\",\"@id\":\"https:\\\/\\\/www.systra.com\\\/france\\\/#organization\",\"name\":\"Systra France\",\"url\":\"https:\\\/\\\/www.systra.com\\\/france\\\/\",\"logo\":{\"@type\":\"ImageObject\",\"inLanguage\":\"fr-FR\",\"@id\":\"https:\\\/\\\/www.systra.com\\\/france\\\/#\\\/schema\\\/logo\\\/image\\\/\",\"url\":\"https:\\\/\\\/www.systra.com\\\/france\\\/wp-content\\\/uploads\\\/sites\\\/4\\\/2021\\\/03\\\/systra_logo_svg.svg\",\"contentUrl\":\"https:\\\/\\\/www.systra.com\\\/france\\\/wp-content\\\/uploads\\\/sites\\\/4\\\/2021\\\/03\\\/systra_logo_svg.svg\",\"width\":179,\"height\":34,\"caption\":\"Systra France\"},\"image\":{\"@id\":\"https:\\\/\\\/www.systra.com\\\/france\\\/#\\\/schema\\\/logo\\\/image\\\/\"},\"sameAs\":[\"https:\\\/\\\/www.facebook.com\\\/SYSTRA\",\"https:\\\/\\\/x.com\\\/SYSTRA_LTD\",\"https:\\\/\\\/www.linkedin.com\\\/company\\\/systra\\\/\"]}]}<\/script>\n<!-- \/ Yoast SEO Premium plugin. -->","yoast_head_json":{"title":"LORENA ABAD FRANCO, ing\u00e9nieure syst\u00e8mes - France","description":"Lorena ABAD FRANCODirection Syst\u00e8mes Paris Quel est votre m\u00e9tier\u202f?&nbsp; Je suis Ing\u00e9nieure en Syst\u00e8mes Supervision au sein de la Direction Syst\u00e8mes. Mon","robots":{"index":"index","follow":"follow","max-snippet":"max-snippet:-1","max-image-preview":"max-image-preview:large","max-video-preview":"max-video-preview:-1"},"og_locale":"fr_FR","og_type":"article","og_title":"LORENA ABAD FRANCO, ing\u00e9nieure syst\u00e8mes","og_description":"Lorena ABAD FRANCODirection Syst\u00e8mes Paris Quel est votre m\u00e9tier\u202f?&nbsp; Je suis Ing\u00e9nieure en Syst\u00e8mes Supervision au sein de la Direction Syst\u00e8mes. Mon","og_url":"https:\/\/www.systra.com\/france\/lorena-abad-franco-ingenierie-de-conception-et-de-travaux\/","og_site_name":"France","article_publisher":"https:\/\/www.facebook.com\/SYSTRA","article_modified_time":"2025-09-11T16:19:39+00:00","og_image":[{"width":2350,"height":1500,"url":"https:\/\/www.systra.com\/france\/wp-content\/uploads\/sites\/4\/2021\/08\/illustration-interview.jpg","type":"image\/jpeg"}],"twitter_card":"summary_large_image","twitter_site":"@SYSTRA_LTD","twitter_misc":{"Dur\u00e9e de lecture estim\u00e9e":"4 minutes"},"schema":{"@context":"https:\/\/schema.org","@graph":[{"@type":"WebPage","@id":"https:\/\/www.systra.com\/france\/lorena-abad-franco-ingenierie-de-conception-et-de-travaux\/","url":"https:\/\/www.systra.com\/france\/lorena-abad-franco-ingenierie-de-conception-et-de-travaux\/","name":"LORENA ABAD FRANCO, ing\u00e9nieure syst\u00e8mes - France","isPartOf":{"@id":"https:\/\/www.systra.com\/france\/#website"},"primaryImageOfPage":{"@id":"https:\/\/www.systra.com\/france\/lorena-abad-franco-ingenierie-de-conception-et-de-travaux\/#primaryimage"},"image":{"@id":"https:\/\/www.systra.com\/france\/lorena-abad-franco-ingenierie-de-conception-et-de-travaux\/#primaryimage"},"thumbnailUrl":"https:\/\/www.systra.com\/france\/wp-content\/uploads\/sites\/4\/2021\/08\/illustration-interview.jpg","datePublished":"2021-04-06T20:02:31+00:00","dateModified":"2025-09-11T16:19:39+00:00","description":"Lorena ABAD FRANCODirection Syst\u00e8mes Paris Quel est votre m\u00e9tier\u202f?&nbsp; Je suis Ing\u00e9nieure en Syst\u00e8mes Supervision au sein de la Direction Syst\u00e8mes. Mon","breadcrumb":{"@id":"https:\/\/www.systra.com\/france\/lorena-abad-franco-ingenierie-de-conception-et-de-travaux\/#breadcrumb"},"inLanguage":"fr-FR","potentialAction":[{"@type":"ReadAction","target":["https:\/\/www.systra.com\/france\/lorena-abad-franco-ingenierie-de-conception-et-de-travaux\/"]}]},{"@type":"ImageObject","inLanguage":"fr-FR","@id":"https:\/\/www.systra.com\/france\/lorena-abad-franco-ingenierie-de-conception-et-de-travaux\/#primaryimage","url":"https:\/\/www.systra.com\/france\/wp-content\/uploads\/sites\/4\/2021\/08\/illustration-interview.jpg","contentUrl":"https:\/\/www.systra.com\/france\/wp-content\/uploads\/sites\/4\/2021\/08\/illustration-interview.jpg","width":2350,"height":1500},{"@type":"BreadcrumbList","@id":"https:\/\/www.systra.com\/france\/lorena-abad-franco-ingenierie-de-conception-et-de-travaux\/#breadcrumb","itemListElement":[{"@type":"ListItem","position":1,"name":"Accueil","item":"https:\/\/www.systra.com\/france\/"},{"@type":"ListItem","position":2,"name":"LORENA ABAD FRANCO, ing\u00e9nieure syst\u00e8mes"}]},{"@type":"WebSite","@id":"https:\/\/www.systra.com\/france\/#website","url":"https:\/\/www.systra.com\/france\/","name":"France","description":"La confiance transporte le monde","publisher":{"@id":"https:\/\/www.systra.com\/france\/#organization"},"potentialAction":[{"@type":"SearchAction","target":{"@type":"EntryPoint","urlTemplate":"https:\/\/www.systra.com\/france\/?s={search_term_string}"},"query-input":{"@type":"PropertyValueSpecification","valueRequired":true,"valueName":"search_term_string"}}],"inLanguage":"fr-FR"},{"@type":"Organization","@id":"https:\/\/www.systra.com\/france\/#organization","name":"Systra France","url":"https:\/\/www.systra.com\/france\/","logo":{"@type":"ImageObject","inLanguage":"fr-FR","@id":"https:\/\/www.systra.com\/france\/#\/schema\/logo\/image\/","url":"https:\/\/www.systra.com\/france\/wp-content\/uploads\/sites\/4\/2021\/03\/systra_logo_svg.svg","contentUrl":"https:\/\/www.systra.com\/france\/wp-content\/uploads\/sites\/4\/2021\/03\/systra_logo_svg.svg","width":179,"height":34,"caption":"Systra France"},"image":{"@id":"https:\/\/www.systra.com\/france\/#\/schema\/logo\/image\/"},"sameAs":["https:\/\/www.facebook.com\/SYSTRA","https:\/\/x.com\/SYSTRA_LTD","https:\/\/www.linkedin.com\/company\/systra\/"]}]}},"lang":"fr","translations":{"fr":768},"pll_sync_post":[],"_links":{"self":[{"href":"https:\/\/www.systra.com\/france\/wp-json\/wp\/v2\/pages\/768","targetHints":{"allow":["GET"]}}],"collection":[{"href":"https:\/\/www.systra.com\/france\/wp-json\/wp\/v2\/pages"}],"about":[{"href":"https:\/\/www.systra.com\/france\/wp-json\/wp\/v2\/types\/page"}],"author":[{"embeddable":true,"href":"https:\/\/www.systra.com\/france\/wp-json\/wp\/v2\/users\/29"}],"replies":[{"embeddable":true,"href":"https:\/\/www.systra.com\/france\/wp-json\/wp\/v2\/comments?post=768"}],"version-history":[{"count":3,"href":"https:\/\/www.systra.com\/france\/wp-json\/wp\/v2\/pages\/768\/revisions"}],"predecessor-version":[{"id":38576,"href":"https:\/\/www.systra.com\/france\/wp-json\/wp\/v2\/pages\/768\/revisions\/38576"}],"wp:featuredmedia":[{"embeddable":true,"href":"https:\/\/www.systra.com\/france\/wp-json\/wp\/v2\/media\/3261"}],"wp:attachment":[{"href":"https:\/\/www.systra.com\/france\/wp-json\/wp\/v2\/media?parent=768"}],"curies":[{"name":"wp","href":"https:\/\/api.w.org\/{rel}","templated":true}]}}