{"id":6361,"date":"2024-03-05T10:24:47","date_gmt":"2024-03-05T09:24:47","guid":{"rendered":"https:\/\/www.systra.com\/france\/?page_id=6361"},"modified":"2025-09-11T18:17:36","modified_gmt":"2025-09-11T16:17:36","slug":"martin-deparis-formateur","status":"publish","type":"page","link":"https:\/\/www.systra.com\/france\/nos-metiers\/martin-deparis-formateur\/","title":{"rendered":"Martin DEPARIS, formateur"},"content":{"rendered":"\n<div style=\"height:100px\" aria-hidden=\"true\" class=\"wp-block-spacer\"><\/div>\n\n\n\n<div class=\"wp-block-columns is-layout-flex wp-container-core-columns-is-layout-9d6595d7 wp-block-columns-is-layout-flex\">\n<div class=\"wp-block-column is-layout-flow wp-block-column-is-layout-flow\" style=\"flex-basis:33.33%\"><div class=\"wp-block-image\">\n<figure class=\"aligncenter size-large\"><img decoding=\"async\" width=\"768\" height=\"1024\" src=\"https:\/\/www.systra.com\/france\/wp-content\/uploads\/sites\/4\/2024\/03\/martin-portrait-768x1024.jpg\" alt=\"\" class=\"wp-image-6348\" srcset=\"https:\/\/www.systra.com\/france\/wp-content\/uploads\/sites\/4\/2024\/03\/martin-portrait-768x1024.jpg 768w, https:\/\/www.systra.com\/france\/wp-content\/uploads\/sites\/4\/2024\/03\/martin-portrait-225x300.jpg 225w, https:\/\/www.systra.com\/france\/wp-content\/uploads\/sites\/4\/2024\/03\/martin-portrait-1152x1536.jpg 1152w, https:\/\/www.systra.com\/france\/wp-content\/uploads\/sites\/4\/2024\/03\/martin-portrait-1536x2048.jpg 1536w, https:\/\/www.systra.com\/france\/wp-content\/uploads\/sites\/4\/2024\/03\/martin-portrait-474x632.jpg 474w, https:\/\/www.systra.com\/france\/wp-content\/uploads\/sites\/4\/2024\/03\/martin-portrait-187x250.jpg 187w, https:\/\/www.systra.com\/france\/wp-content\/uploads\/sites\/4\/2024\/03\/martin-portrait-1700x2267.jpg 1700w, https:\/\/www.systra.com\/france\/wp-content\/uploads\/sites\/4\/2024\/03\/martin-portrait-1352x1803.jpg 1352w, https:\/\/www.systra.com\/france\/wp-content\/uploads\/sites\/4\/2024\/03\/martin-portrait-800x1067.jpg 800w, https:\/\/www.systra.com\/france\/wp-content\/uploads\/sites\/4\/2024\/03\/martin-portrait-180x240.jpg 180w, https:\/\/www.systra.com\/france\/wp-content\/uploads\/sites\/4\/2024\/03\/martin-portrait-153x204.jpg 153w, https:\/\/www.systra.com\/france\/wp-content\/uploads\/sites\/4\/2024\/03\/martin-portrait-230x307.jpg 230w, https:\/\/www.systra.com\/france\/wp-content\/uploads\/sites\/4\/2024\/03\/martin-portrait-scaled.jpg 1920w\" sizes=\"(max-width: 768px) 100vw, 768px\" \/><\/figure>\n<\/div>\n\n\n<p class=\"has-pale-mauve-background-color has-background\"><strong>Martin DEPARIS<\/strong><br><span style=\"background-color:rgba(0, 0, 0, 0)\" class=\"has-inline-color has-dusty-blue-color\">Direction Ferroviaire, Structure &amp; \u00c9nergie<br><\/span><mark style=\"background-color:rgba(0, 0, 0, 0)\" class=\"has-inline-color has-noir-color\">Poitiers<\/mark><\/p>\n<\/div>\n\n\n\n<div class=\"wp-block-column is-layout-flow wp-block-column-is-layout-flow\" style=\"flex-basis:66.66%\">\n<h3 class=\"wp-block-heading has-dusty-blue-color has-text-color\" id=\"h-quel-est-votre-metier-nbsp\">Quel est votre m\u00e9tier\u202f?&nbsp;<\/h3>\n\n\n\n<div style=\"height:50px\" aria-hidden=\"true\" class=\"wp-block-spacer\"><\/div>\n\n\n\n<p>Je suis r\u00e9f\u00e9rent m\u00e9tier Voie pour SYSTRA France depuis avril 2022. Je suis entr\u00e9 dans le monde du ferroviaire il y a 16 ans, dans le secteur de la maintenance et travaux voie sur le R\u00e9seau Ferr\u00e9 National (ligne classique et ligne \u00e0 grande vitesse) et dans les Installations Terminales Embranch\u00e9es.<\/p>\n\n\n\n<div style=\"height:100px\" aria-hidden=\"true\" class=\"wp-block-spacer\"><\/div>\n\n\n\n<div style=\"height:0px\" aria-hidden=\"true\" class=\"wp-block-spacer\"><\/div>\n\n\n\n<h3 class=\"wp-block-heading has-dusty-blue-color has-text-color\" id=\"h-quelles-sont-vos-missions-chez-systra\">Quelles sont vos missions chez SYSTRA\u202f?<\/h3>\n\n\n\n<div style=\"height:50px\" aria-hidden=\"true\" class=\"wp-block-spacer\"><\/div>\n\n\n\n<p>Mes missions au sein de l\u2019organisme de formation SYSTRA Acad\u00e9mie s\u2019articulent autour de 3 grands axes :<\/p>\n\n\n\n<div style=\"height:20px\" aria-hidden=\"true\" class=\"wp-block-spacer\"><\/div>\n\n\n\n<ul class=\"wp-block-list\">\n<li><strong>L&#8217;ing\u00e9nierie p\u00e9dagogique<\/strong> : Concevoir des supports \u00e0 destination des formateurs et des participants, ainsi que les outils indispensables \u00e0 l\u2019animation d\u2019une session. Nous pouvons travailler sur des exercices th\u00e9oriques, des cas pratiques, ou encore des proc\u00e9dures selon le besoin. <\/li>\n\n\n\n<li><strong>L&#8217;animation en formation<\/strong> : Je dispense les formations aupr\u00e8s d\u2019un public type : SNCF et autres Gestionnaires d\u2019Infrastructures d\u00e9l\u00e9gu\u00e9s, entreprises de travaux ferroviaires\u2026<\/li>\n\n\n\n<li><strong>L\u2019expertise m\u00e9tier<\/strong> : Je peux \u00eatre appel\u00e9 dans diverses situations telles que l\u2019accompagnement de groupes, la r\u00e9solution de probl\u00e8me terrain, l\u2019animation de groupe de travail, l\u2019am\u00e9lioration de process, le d\u00e9blocage de chantier, la veille terrain \u2026etc.<\/li>\n<\/ul>\n\n\n\n<div style=\"height:60px\" aria-hidden=\"true\" class=\"wp-block-spacer\"><\/div>\n\n\n\n<p>En r\u00e9sum\u00e9, nous r\u00e9pondons de mani\u00e8re personnalis\u00e9e \u00e0 des besoins d\u2019audit et de contr\u00f4le ou encore de diagnostics et de conseils.<\/p>\n\n\n\n<div style=\"height:100px\" aria-hidden=\"true\" class=\"wp-block-spacer\"><\/div>\n\n\n\n<h3 class=\"wp-block-heading has-dusty-blue-color has-text-color\" id=\"h-les-3-qualites-ou-competences-importantes-dans-votre-metier\">Les 3 qualit\u00e9s ou comp\u00e9tences importantes dans votre m\u00e9tier\u202f?<\/h3>\n\n\n\n<div style=\"height:49px\" aria-hidden=\"true\" class=\"wp-block-spacer\"><\/div>\n\n\n\n<ul class=\"wp-block-list\">\n<li><strong>La p\u00e9dagogie <\/strong>: Exercer le m\u00e9tier de formateur demande avant tout d\u2019\u00eatre p\u00e9dagogue, savoir transmettre et partager ses connaissances. Aussi, un formateur doit \u00eatre \u00e0 l\u2019\u00e9coute des apprenants, apprendre d\u2019eux.<\/li>\n\n\n\n<li><strong>La passion <\/strong>: La curiosit\u00e9 et l\u2019humilit\u00e9 : un formateur r\u00e9f\u00e9rent se doit de s\u2019informer en permanence pour r\u00e9pondre efficacement aux \u00e9volutions des m\u00e9tiers tout comme aux nouvelles m\u00e9thodes p\u00e9dagogiques.<\/li>\n\n\n\n<li><strong>La rigueur<\/strong> : Mon m\u00e9tier a un fort impact sur la s\u00e9curit\u00e9, il est imp\u00e9ratif de veiller \u00e0 ce qu\u2019il n\u2019y ait pas de d\u00e9calage entre th\u00e9orie et r\u00e9alit\u00e9 technique. L\u2019exigence et la vigilance assurent une dispense d\u2019excellence.<\/li>\n<\/ul>\n\n\n\n<div style=\"height:100px\" aria-hidden=\"true\" class=\"wp-block-spacer\"><\/div>\n\n\n\n<h3 class=\"wp-block-heading has-dusty-blue-color has-text-color\" id=\"h-pourquoi-systra-nbsp\">POURQUOI SYSTRA&nbsp;?<\/h3>\n\n\n\n<div style=\"height:50px\" aria-hidden=\"true\" class=\"wp-block-spacer\"><\/div>\n\n\n\n<p>Je connaissais SYSTRA depuis longtemps, et la r\u00e9putation de son centre de formation avec des objectifs d\u2019excellence : ce sont des valeurs dans lesquelles je me retrouve.<\/p>\n\n\n\n<div style=\"height:20px\" aria-hidden=\"true\" class=\"wp-block-spacer\"><\/div>\n\n\n\n<p>Selon moi, quand on travaille dans le ferroviaire, il est imp\u00e9ratif de bien connaitre certains acteurs cl\u00e9s du domaine, tel que la SNCF, qui est une entreprise \u00e0 l\u2019initiative de grandes r\u00e9formes ferroviaires. Je savais qu\u2019en travaillant chez SYSTRA j\u2019allais retrouver cette forte culture ferroviaire.<\/p>\n\n\n\n<div style=\"height:20px\" aria-hidden=\"true\" class=\"wp-block-spacer\"><\/div>\n\n\n\n<p>Fort de mes 16 ann\u00e9es d\u2019exp\u00e9rience terrain, j\u2019avais envie de former des cheminots mais aussi des externes, et de participer au projet de SYSTRA qui ne cesse de se d\u00e9velopper en proposant de nouvelles offres de services.<\/p>\n\n\n\n<div style=\"height:20px\" aria-hidden=\"true\" class=\"wp-block-spacer\"><\/div>\n\n\n\n<p>SYSTRA Acad\u00e9mie est en plein essor, il y a un plateau technique \u00e0 Poitiers qui nous permet de concevoir des stages grandeur nature comme en domaine exploit\u00e9, mais sans les risques ferroviaires et \u00e9lectriques.<\/p>\n\n\n\n<div style=\"height:20px\" aria-hidden=\"true\" class=\"wp-block-spacer\"><\/div>\n\n\n\n<p>C\u2019est un projet ambitieux et passionnant et je suis tr\u00e8s heureux d\u2019y participer !<\/p>\n\n\n\n<div style=\"height:100px\" aria-hidden=\"true\" class=\"wp-block-spacer\"><\/div>\n\n\n\n<h3 class=\"wp-block-heading has-dusty-blue-color has-text-color has-link-color wp-elements-320773b0636ea953e02b33f81eedf37a\" id=\"h-comment-expliquer-ton-metier-a-un-enfant\">Comment expliquer ton m\u00e9tier \u00e0 un enfant?<\/h3>\n\n\n\n<div style=\"height:50px\" aria-hidden=\"true\" class=\"wp-block-spacer\"><\/div>\n\n\n\n<p>Mon m\u00e9tier est assez proche de celui d\u2019un ma\u00eetre d\u2019\u00e9cole. Hier, je r\u00e9parais les voies ferr\u00e9es avec l\u2019aide de mes coll\u00e8gues, et j\u2019ai appris beaucoup de choses. Aujourd\u2019hui, j\u2019aide d\u2019autres personnes \u00e0 faire la m\u00eame chose.<\/p>\n<\/div>\n<\/div>\n\n\n\n<div style=\"height:100px\" aria-hidden=\"true\" class=\"wp-block-spacer\"><\/div>\n","protected":false},"excerpt":{"rendered":"<p>Martin DEPARISDirection Ferroviaire, Structure &amp; \u00c9nergiePoitiers Quel est votre m\u00e9tier\u202f?&nbsp; Je suis r\u00e9f\u00e9rent m\u00e9tier Voie pour SYSTRA France depuis avril 2022. Je suis entr\u00e9 dans le monde du ferroviaire il y a 16 ans, dans le secteur de la maintenance et travaux voie sur le R\u00e9seau Ferr\u00e9 National (ligne classique et ligne \u00e0 grande vitesse) [&hellip;]<\/p>\n","protected":false},"author":23,"featured_media":3261,"parent":1958,"menu_order":20,"comment_status":"closed","ping_status":"closed","template":"template-collaborateur.php","meta":{"_acf_changed":false,"_relevanssi_hide_post":"","_relevanssi_hide_content":"","_relevanssi_pin_for_all":"","_relevanssi_pin_keywords":"","_relevanssi_unpin_keywords":"","_relevanssi_related_keywords":"","_relevanssi_related_include_ids":"","_relevanssi_related_exclude_ids":"","_relevanssi_related_no_append":"","_relevanssi_related_not_related":"","_relevanssi_related_posts":"1","_relevanssi_noindex_reason":"","footnotes":""},"class_list":["post-6361","page","type-page","status-publish","has-post-thumbnail","hentry"],"acf":[],"yoast_head":"<!-- This site is optimized with the Yoast SEO Premium plugin v27.4 (Yoast SEO v27.4) - https:\/\/yoast.com\/product\/yoast-seo-premium-wordpress\/ -->\n<title>Martin DEPARIS, formateur - France<\/title>\n<meta name=\"description\" content=\"Martin DEPARISDirection Ferroviaire, Structure &amp; \u00c9nergiePoitiers Quel est votre m\u00e9tier\u202f?&nbsp; Je suis r\u00e9f\u00e9rent m\u00e9tier Voie pour SYSTRA France depuis\" \/>\n<meta name=\"robots\" content=\"index, follow, max-snippet:-1, max-image-preview:large, max-video-preview:-1\" \/>\n<meta property=\"og:locale\" content=\"fr_FR\" \/>\n<meta property=\"og:type\" content=\"article\" \/>\n<meta property=\"og:title\" content=\"Martin DEPARIS, formateur\" \/>\n<meta property=\"og:description\" content=\"Martin DEPARISDirection Ferroviaire, Structure &amp; \u00c9nergiePoitiers Quel est votre m\u00e9tier\u202f?&nbsp; Je suis r\u00e9f\u00e9rent m\u00e9tier Voie pour SYSTRA France depuis\" \/>\n<meta property=\"og:url\" content=\"https:\/\/www.systra.com\/france\/nos-metiers\/martin-deparis-formateur\/\" \/>\n<meta property=\"og:site_name\" content=\"France\" \/>\n<meta property=\"article:publisher\" content=\"https:\/\/www.facebook.com\/SYSTRA\" \/>\n<meta property=\"article:modified_time\" content=\"2025-09-11T16:17:36+00:00\" \/>\n<meta property=\"og:image\" content=\"https:\/\/www.systra.com\/france\/wp-content\/uploads\/sites\/4\/2021\/08\/illustration-interview.jpg\" \/>\n\t<meta property=\"og:image:width\" content=\"2350\" \/>\n\t<meta property=\"og:image:height\" content=\"1500\" \/>\n\t<meta property=\"og:image:type\" content=\"image\/jpeg\" \/>\n<meta name=\"twitter:card\" content=\"summary_large_image\" \/>\n<meta name=\"twitter:site\" content=\"@SYSTRA_LTD\" \/>\n<meta name=\"twitter:label1\" content=\"Dur\u00e9e de lecture estim\u00e9e\" \/>\n\t<meta name=\"twitter:data1\" content=\"3 minutes\" \/>\n<script type=\"application\/ld+json\" class=\"yoast-schema-graph\">{\"@context\":\"https:\\\/\\\/schema.org\",\"@graph\":[{\"@type\":\"WebPage\",\"@id\":\"https:\\\/\\\/www.systra.com\\\/france\\\/nos-metiers\\\/martin-deparis-formateur\\\/\",\"url\":\"https:\\\/\\\/www.systra.com\\\/france\\\/nos-metiers\\\/martin-deparis-formateur\\\/\",\"name\":\"Martin DEPARIS, formateur - France\",\"isPartOf\":{\"@id\":\"https:\\\/\\\/www.systra.com\\\/france\\\/#website\"},\"primaryImageOfPage\":{\"@id\":\"https:\\\/\\\/www.systra.com\\\/france\\\/nos-metiers\\\/martin-deparis-formateur\\\/#primaryimage\"},\"image\":{\"@id\":\"https:\\\/\\\/www.systra.com\\\/france\\\/nos-metiers\\\/martin-deparis-formateur\\\/#primaryimage\"},\"thumbnailUrl\":\"https:\\\/\\\/www.systra.com\\\/france\\\/wp-content\\\/uploads\\\/sites\\\/4\\\/2021\\\/08\\\/illustration-interview.jpg\",\"datePublished\":\"2024-03-05T09:24:47+00:00\",\"dateModified\":\"2025-09-11T16:17:36+00:00\",\"description\":\"Martin DEPARISDirection Ferroviaire, Structure &amp; \u00c9nergiePoitiers Quel est votre m\u00e9tier\u202f?&nbsp; Je suis r\u00e9f\u00e9rent m\u00e9tier Voie pour SYSTRA France depuis\",\"breadcrumb\":{\"@id\":\"https:\\\/\\\/www.systra.com\\\/france\\\/nos-metiers\\\/martin-deparis-formateur\\\/#breadcrumb\"},\"inLanguage\":\"fr-FR\",\"potentialAction\":[{\"@type\":\"ReadAction\",\"target\":[\"https:\\\/\\\/www.systra.com\\\/france\\\/nos-metiers\\\/martin-deparis-formateur\\\/\"]}]},{\"@type\":\"ImageObject\",\"inLanguage\":\"fr-FR\",\"@id\":\"https:\\\/\\\/www.systra.com\\\/france\\\/nos-metiers\\\/martin-deparis-formateur\\\/#primaryimage\",\"url\":\"https:\\\/\\\/www.systra.com\\\/france\\\/wp-content\\\/uploads\\\/sites\\\/4\\\/2021\\\/08\\\/illustration-interview.jpg\",\"contentUrl\":\"https:\\\/\\\/www.systra.com\\\/france\\\/wp-content\\\/uploads\\\/sites\\\/4\\\/2021\\\/08\\\/illustration-interview.jpg\",\"width\":2350,\"height\":1500},{\"@type\":\"BreadcrumbList\",\"@id\":\"https:\\\/\\\/www.systra.com\\\/france\\\/nos-metiers\\\/martin-deparis-formateur\\\/#breadcrumb\",\"itemListElement\":[{\"@type\":\"ListItem\",\"position\":1,\"name\":\"Accueil\",\"item\":\"https:\\\/\\\/www.systra.com\\\/france\\\/\"},{\"@type\":\"ListItem\",\"position\":2,\"name\":\"Nos t\u00e9moignages\",\"item\":\"https:\\\/\\\/www.systra.com\\\/france\\\/nos-temoignages\\\/\"},{\"@type\":\"ListItem\",\"position\":3,\"name\":\"Martin DEPARIS, formateur\"}]},{\"@type\":\"WebSite\",\"@id\":\"https:\\\/\\\/www.systra.com\\\/france\\\/#website\",\"url\":\"https:\\\/\\\/www.systra.com\\\/france\\\/\",\"name\":\"France\",\"description\":\"La confiance transporte le monde\",\"publisher\":{\"@id\":\"https:\\\/\\\/www.systra.com\\\/france\\\/#organization\"},\"potentialAction\":[{\"@type\":\"SearchAction\",\"target\":{\"@type\":\"EntryPoint\",\"urlTemplate\":\"https:\\\/\\\/www.systra.com\\\/france\\\/?s={search_term_string}\"},\"query-input\":{\"@type\":\"PropertyValueSpecification\",\"valueRequired\":true,\"valueName\":\"search_term_string\"}}],\"inLanguage\":\"fr-FR\"},{\"@type\":\"Organization\",\"@id\":\"https:\\\/\\\/www.systra.com\\\/france\\\/#organization\",\"name\":\"Systra France\",\"url\":\"https:\\\/\\\/www.systra.com\\\/france\\\/\",\"logo\":{\"@type\":\"ImageObject\",\"inLanguage\":\"fr-FR\",\"@id\":\"https:\\\/\\\/www.systra.com\\\/france\\\/#\\\/schema\\\/logo\\\/image\\\/\",\"url\":\"https:\\\/\\\/www.systra.com\\\/france\\\/wp-content\\\/uploads\\\/sites\\\/4\\\/2021\\\/03\\\/systra_logo_svg.svg\",\"contentUrl\":\"https:\\\/\\\/www.systra.com\\\/france\\\/wp-content\\\/uploads\\\/sites\\\/4\\\/2021\\\/03\\\/systra_logo_svg.svg\",\"width\":179,\"height\":34,\"caption\":\"Systra France\"},\"image\":{\"@id\":\"https:\\\/\\\/www.systra.com\\\/france\\\/#\\\/schema\\\/logo\\\/image\\\/\"},\"sameAs\":[\"https:\\\/\\\/www.facebook.com\\\/SYSTRA\",\"https:\\\/\\\/x.com\\\/SYSTRA_LTD\",\"https:\\\/\\\/www.linkedin.com\\\/company\\\/systra\\\/\"]}]}<\/script>\n<!-- \/ Yoast SEO Premium plugin. -->","yoast_head_json":{"title":"Martin DEPARIS, formateur - France","description":"Martin DEPARISDirection Ferroviaire, Structure &amp; \u00c9nergiePoitiers Quel est votre m\u00e9tier\u202f?&nbsp; Je suis r\u00e9f\u00e9rent m\u00e9tier Voie pour SYSTRA France depuis","robots":{"index":"index","follow":"follow","max-snippet":"max-snippet:-1","max-image-preview":"max-image-preview:large","max-video-preview":"max-video-preview:-1"},"og_locale":"fr_FR","og_type":"article","og_title":"Martin DEPARIS, formateur","og_description":"Martin DEPARISDirection Ferroviaire, Structure &amp; \u00c9nergiePoitiers Quel est votre m\u00e9tier\u202f?&nbsp; Je suis r\u00e9f\u00e9rent m\u00e9tier Voie pour SYSTRA France depuis","og_url":"https:\/\/www.systra.com\/france\/nos-metiers\/martin-deparis-formateur\/","og_site_name":"France","article_publisher":"https:\/\/www.facebook.com\/SYSTRA","article_modified_time":"2025-09-11T16:17:36+00:00","og_image":[{"width":2350,"height":1500,"url":"https:\/\/www.systra.com\/france\/wp-content\/uploads\/sites\/4\/2021\/08\/illustration-interview.jpg","type":"image\/jpeg"}],"twitter_card":"summary_large_image","twitter_site":"@SYSTRA_LTD","twitter_misc":{"Dur\u00e9e de lecture estim\u00e9e":"3 minutes"},"schema":{"@context":"https:\/\/schema.org","@graph":[{"@type":"WebPage","@id":"https:\/\/www.systra.com\/france\/nos-metiers\/martin-deparis-formateur\/","url":"https:\/\/www.systra.com\/france\/nos-metiers\/martin-deparis-formateur\/","name":"Martin DEPARIS, formateur - France","isPartOf":{"@id":"https:\/\/www.systra.com\/france\/#website"},"primaryImageOfPage":{"@id":"https:\/\/www.systra.com\/france\/nos-metiers\/martin-deparis-formateur\/#primaryimage"},"image":{"@id":"https:\/\/www.systra.com\/france\/nos-metiers\/martin-deparis-formateur\/#primaryimage"},"thumbnailUrl":"https:\/\/www.systra.com\/france\/wp-content\/uploads\/sites\/4\/2021\/08\/illustration-interview.jpg","datePublished":"2024-03-05T09:24:47+00:00","dateModified":"2025-09-11T16:17:36+00:00","description":"Martin DEPARISDirection Ferroviaire, Structure &amp; \u00c9nergiePoitiers Quel est votre m\u00e9tier\u202f?&nbsp; Je suis r\u00e9f\u00e9rent m\u00e9tier Voie pour SYSTRA France depuis","breadcrumb":{"@id":"https:\/\/www.systra.com\/france\/nos-metiers\/martin-deparis-formateur\/#breadcrumb"},"inLanguage":"fr-FR","potentialAction":[{"@type":"ReadAction","target":["https:\/\/www.systra.com\/france\/nos-metiers\/martin-deparis-formateur\/"]}]},{"@type":"ImageObject","inLanguage":"fr-FR","@id":"https:\/\/www.systra.com\/france\/nos-metiers\/martin-deparis-formateur\/#primaryimage","url":"https:\/\/www.systra.com\/france\/wp-content\/uploads\/sites\/4\/2021\/08\/illustration-interview.jpg","contentUrl":"https:\/\/www.systra.com\/france\/wp-content\/uploads\/sites\/4\/2021\/08\/illustration-interview.jpg","width":2350,"height":1500},{"@type":"BreadcrumbList","@id":"https:\/\/www.systra.com\/france\/nos-metiers\/martin-deparis-formateur\/#breadcrumb","itemListElement":[{"@type":"ListItem","position":1,"name":"Accueil","item":"https:\/\/www.systra.com\/france\/"},{"@type":"ListItem","position":2,"name":"Nos t\u00e9moignages","item":"https:\/\/www.systra.com\/france\/nos-temoignages\/"},{"@type":"ListItem","position":3,"name":"Martin DEPARIS, formateur"}]},{"@type":"WebSite","@id":"https:\/\/www.systra.com\/france\/#website","url":"https:\/\/www.systra.com\/france\/","name":"France","description":"La confiance transporte le monde","publisher":{"@id":"https:\/\/www.systra.com\/france\/#organization"},"potentialAction":[{"@type":"SearchAction","target":{"@type":"EntryPoint","urlTemplate":"https:\/\/www.systra.com\/france\/?s={search_term_string}"},"query-input":{"@type":"PropertyValueSpecification","valueRequired":true,"valueName":"search_term_string"}}],"inLanguage":"fr-FR"},{"@type":"Organization","@id":"https:\/\/www.systra.com\/france\/#organization","name":"Systra France","url":"https:\/\/www.systra.com\/france\/","logo":{"@type":"ImageObject","inLanguage":"fr-FR","@id":"https:\/\/www.systra.com\/france\/#\/schema\/logo\/image\/","url":"https:\/\/www.systra.com\/france\/wp-content\/uploads\/sites\/4\/2021\/03\/systra_logo_svg.svg","contentUrl":"https:\/\/www.systra.com\/france\/wp-content\/uploads\/sites\/4\/2021\/03\/systra_logo_svg.svg","width":179,"height":34,"caption":"Systra France"},"image":{"@id":"https:\/\/www.systra.com\/france\/#\/schema\/logo\/image\/"},"sameAs":["https:\/\/www.facebook.com\/SYSTRA","https:\/\/x.com\/SYSTRA_LTD","https:\/\/www.linkedin.com\/company\/systra\/"]}]}},"lang":"fr","translations":{"fr":6361},"pll_sync_post":[],"_links":{"self":[{"href":"https:\/\/www.systra.com\/france\/wp-json\/wp\/v2\/pages\/6361","targetHints":{"allow":["GET"]}}],"collection":[{"href":"https:\/\/www.systra.com\/france\/wp-json\/wp\/v2\/pages"}],"about":[{"href":"https:\/\/www.systra.com\/france\/wp-json\/wp\/v2\/types\/page"}],"author":[{"embeddable":true,"href":"https:\/\/www.systra.com\/france\/wp-json\/wp\/v2\/users\/23"}],"replies":[{"embeddable":true,"href":"https:\/\/www.systra.com\/france\/wp-json\/wp\/v2\/comments?post=6361"}],"version-history":[{"count":3,"href":"https:\/\/www.systra.com\/france\/wp-json\/wp\/v2\/pages\/6361\/revisions"}],"predecessor-version":[{"id":38575,"href":"https:\/\/www.systra.com\/france\/wp-json\/wp\/v2\/pages\/6361\/revisions\/38575"}],"up":[{"embeddable":true,"href":"https:\/\/www.systra.com\/france\/wp-json\/wp\/v2\/pages\/1958"}],"wp:featuredmedia":[{"embeddable":true,"href":"https:\/\/www.systra.com\/france\/wp-json\/wp\/v2\/media\/3261"}],"wp:attachment":[{"href":"https:\/\/www.systra.com\/france\/wp-json\/wp\/v2\/media?parent=6361"}],"curies":[{"name":"wp","href":"https:\/\/api.w.org\/{rel}","templated":true}]}}