{"id":6084,"date":"2023-09-27T13:50:01","date_gmt":"2023-09-27T11:50:01","guid":{"rendered":"https:\/\/www.systra.com\/france\/?page_id=6084"},"modified":"2025-09-11T18:11:20","modified_gmt":"2025-09-11T16:11:20","slug":"quentin-giquel-ecologue","status":"publish","type":"page","link":"https:\/\/www.systra.com\/france\/quentin-giquel-ecologue\/","title":{"rendered":"Quentin GIQUEL, \u00e9cologue"},"content":{"rendered":"\n<div style=\"height:100px\" aria-hidden=\"true\" class=\"wp-block-spacer\"><\/div>\n\n\n\n<div class=\"wp-block-columns is-layout-flex wp-container-core-columns-is-layout-9d6595d7 wp-block-columns-is-layout-flex\">\n<div class=\"wp-block-column is-layout-flow wp-block-column-is-layout-flow\" style=\"flex-basis:33.33%\"><div class=\"wp-block-image\">\n<figure class=\"aligncenter size-large is-resized\"><img decoding=\"async\" width=\"1024\" height=\"996\" src=\"https:\/\/www.systra.com\/france\/wp-content\/uploads\/sites\/4\/2023\/09\/giquel-1-1024x996.png\" alt=\"\" class=\"wp-image-6087\" style=\"width:274px;height:266px\" srcset=\"https:\/\/www.systra.com\/france\/wp-content\/uploads\/sites\/4\/2023\/09\/giquel-1-1024x996.png 1024w, https:\/\/www.systra.com\/france\/wp-content\/uploads\/sites\/4\/2023\/09\/giquel-1-300x292.png 300w, https:\/\/www.systra.com\/france\/wp-content\/uploads\/sites\/4\/2023\/09\/giquel-1-768x747.png 768w, https:\/\/www.systra.com\/france\/wp-content\/uploads\/sites\/4\/2023\/09\/giquel-1-1536x1494.png 1536w, https:\/\/www.systra.com\/france\/wp-content\/uploads\/sites\/4\/2023\/09\/giquel-1-2048x1992.png 2048w, https:\/\/www.systra.com\/france\/wp-content\/uploads\/sites\/4\/2023\/09\/giquel-1-474x461.png 474w, https:\/\/www.systra.com\/france\/wp-content\/uploads\/sites\/4\/2023\/09\/giquel-1-1700x1653.png 1700w, https:\/\/www.systra.com\/france\/wp-content\/uploads\/sites\/4\/2023\/09\/giquel-1-1352x1315.png 1352w, https:\/\/www.systra.com\/france\/wp-content\/uploads\/sites\/4\/2023\/09\/giquel-1-800x778.png 800w, https:\/\/www.systra.com\/france\/wp-content\/uploads\/sites\/4\/2023\/09\/giquel-1-180x175.png 180w, https:\/\/www.systra.com\/france\/wp-content\/uploads\/sites\/4\/2023\/09\/giquel-1-153x149.png 153w, https:\/\/www.systra.com\/france\/wp-content\/uploads\/sites\/4\/2023\/09\/giquel-1-230x224.png 230w\" sizes=\"(max-width: 1024px) 100vw, 1024px\" \/><\/figure>\n<\/div>\n\n\n<p class=\"has-pale-mauve-background-color has-background\"><strong>Quentin GIQUEL <\/strong><br><span style=\"background-color:rgba(0, 0, 0, 0)\" class=\"has-inline-color has-dusty-blue-color\">Direction Conseil, Am\u00e9nagement &amp; Territoires<br><\/span>Nantes<\/p>\n<\/div>\n\n\n\n<div class=\"wp-block-column is-layout-flow wp-block-column-is-layout-flow\" style=\"flex-basis:66.66%\">\n<h3 class=\"wp-block-heading has-dusty-blue-color has-text-color\" id=\"h-quel-est-votre-metier-nbsp\">Quel est votre m\u00e9tier\u202f?&nbsp;<\/h3>\n\n\n\n<div style=\"height:20px\" aria-hidden=\"true\" class=\"wp-block-spacer\"><\/div>\n\n\n\n<p>Je suis charg\u00e9 d\u2019\u00e9tudes environnement et naturaliste. Je r\u00e9alise des dossiers r\u00e9glementaires, tels que des \u00e9tudes d\u2019impact sur l&#8217;environnement, des \u00e9valuations des incidences Natura 2000, des dossier loi sur l\u2019eau, etc.<\/p>\n\n\n\n<div style=\"height:20px\" aria-hidden=\"true\" class=\"wp-block-spacer\"><\/div>\n\n\n\n<p>Parall\u00e8lement \u00e0 cela, je r\u00e9alise des inventaires Faune comme le recensement des oiseaux, les amphibiens, les reptiles, etc&#8230; Ces inventaires interviennent en amont des projets, afin d\u2019identifier les esp\u00e8ces \u00e0 enjeux pr\u00e9sentes sur l\u2019emprise du futur projet. L\u2019objectif est de rechercher des moyens d\u2019\u00e9viter au maximum les impacts sur celles-ci, ou encore de les r\u00e9duire si ce n\u2019est pas possible, et enfin de compenser les impacts restants par des mesures sp\u00e9cifiques qui visent \u00e0 garantir le maintien de ces esp\u00e8ces \u00e0 proximit\u00e9 du site du projet.<\/p>\n\n\n\n<div style=\"height:20px\" aria-hidden=\"true\" class=\"wp-block-spacer\"><\/div>\n\n\n\n<p>Je participe \u00e9galement aux sondages p\u00e9dologiques en vue d\u2019identifier et de caract\u00e9riser les zones humides. Cela consiste, \u00e0 l\u2019aide d&#8217;une tari\u00e8re, \u00e0 faire un sondage dans le sol et d\u2019observer des indices (traces) qui permettent d\u2019identifier les zones humides. 50%&nbsp; des zones humides en France ont disparues entre 1960 et 1990, l\u2019enjeu est donc tr\u00e8s fort et il est indispensable de les inventorier pour \u00e9viter toute destruction et de les compenser dans le cas contraire.<\/p>\n\n\n\n<div style=\"height:20px\" aria-hidden=\"true\" class=\"wp-block-spacer\"><\/div>\n\n\n\n<p>Enfin, je r\u00e9alise des cartographies qui pr\u00e9sentent nos r\u00e9sultats d\u2019investigations joints \u00e0 nos comptes-rendus.<\/p>\n\n\n\n<div style=\"height:60px\" aria-hidden=\"true\" class=\"wp-block-spacer\"><\/div>\n\n\n\n<h3 class=\"wp-block-heading has-dusty-blue-color has-text-color\" id=\"h-quelles-sont-vos-missions-chez-systra\">Quelles sont vos missions chez SYSTRA\u202f?<\/h3>\n\n\n\n<div style=\"height:20px\" aria-hidden=\"true\" class=\"wp-block-spacer\"><\/div>\n\n\n\n<p>J\u2019ai rejoint SYSTRA en octobre 2021 en tant que charg\u00e9 d\u2019\u00e9tudes environnement junior afin de constituer les analyses et dossiers r\u00e9glementaires li\u00e9s \u00e0 l\u2019environnement. Rapidement, j\u2019ai compl\u00e9t\u00e9 mes missions par des inventaires naturalistes, ayant plusieurs ann\u00e9es d\u2019exp\u00e9rience sur ce sujet.<\/p>\n\n\n\n<div style=\"height:60px\" aria-hidden=\"true\" class=\"wp-block-spacer\"><\/div>\n\n\n\n<h3 class=\"wp-block-heading has-dusty-blue-color has-text-color\" id=\"h-les-3-qualites-ou-competences-importantes-dans-votre-metier\">Les 3 qualit\u00e9s ou comp\u00e9tences importantes dans votre m\u00e9tier\u202f?<\/h3>\n\n\n\n<div style=\"height:20px\" aria-hidden=\"true\" class=\"wp-block-spacer\"><\/div>\n\n\n\n<p>Proactivit\u00e9, \u00e9coute et humilit\u00e9 sont les principaux atouts \u00e0 avoir selon moi. <\/p>\n\n\n\n<div style=\"height:20px\" aria-hidden=\"true\" class=\"wp-block-spacer\"><\/div>\n\n\n\n<p>La proactivit\u00e9 est indispensable pour assurer une certaine r\u00e9activit\u00e9 n\u00e9cessaire au client, mais \u00e9galement dans l\u2019organisation de son travail afin de \u00ab jongler \u00bb entre les \u00e9ch\u00e9ances des dossiers et les inventaires naturalistes.<\/p>\n\n\n\n<div style=\"height:20px\" aria-hidden=\"true\" class=\"wp-block-spacer\"><\/div>\n\n\n\n<p>L\u2019\u00e9coute active pour pouvoir r\u00e9pondre de fa\u00e7on juste et \u00e9quilibr\u00e9e aux demandes des clients, leurs sensibilit\u00e9s, leurs craintes. Et \u00e9galement une \u00e9coute aupr\u00e8s de mes coll\u00e8gues qui apportent des informations et r\u00e9ponses pertinentes, riches de leurs exp\u00e9riences.<\/p>\n\n\n\n<div style=\"height:20px\" aria-hidden=\"true\" class=\"wp-block-spacer\"><\/div>\n\n\n\n<p>Enfin, l\u2019humilit\u00e9 car c\u2019est un m\u00e9tier en constante \u00e9volution. Autant pour la r\u00e9daction des dossiers r\u00e9glementaires o\u00f9 la loi \u00e9volue r\u00e9guli\u00e8rement, que pour les inventaires parfois complexes, dont certaines esp\u00e8ces peuvent \u00eatre difficilement identifiables et pour lesquelles il est n\u00e9cessaire de se former voire de r\u00e9apprendre en permanence.<\/p>\n\n\n\n<div style=\"height:60px\" aria-hidden=\"true\" class=\"wp-block-spacer\"><\/div>\n\n\n\n<h3 class=\"wp-block-heading has-dusty-blue-color has-text-color\" id=\"h-pourquoi-systra-nbsp\">POURQUOI SYSTRA&nbsp;?<\/h3>\n\n\n\n<div style=\"height:20px\" aria-hidden=\"true\" class=\"wp-block-spacer\"><\/div>\n\n\n\n<p>J\u2019ai d\u00e9couvert SYSTRA gr\u00e2ce \u00e0 un ami. J\u2019ai rapidement \u00e9t\u00e9 int\u00e9ress\u00e9 par l\u2019entreprise en raison de ses activit\u00e9s orient\u00e9es transport en commun notamment, qui jouent un r\u00f4le essentiel dans la transition \u00e9cologique et la d\u00e9carbonation de nos modes de vie.<\/p>\n\n\n\n<div style=\"height:60px\" aria-hidden=\"true\" class=\"wp-block-spacer\"><\/div>\n\n\n\n<h3 class=\"wp-block-heading has-dusty-blue-color has-text-color\" id=\"h-comment-expliquer-ton-metier-a-un-enfant-nbsp-nbsp\">Comment expliquer ton m\u00e9tier \u00e0 un enfant&nbsp;&nbsp;?<\/h3>\n\n\n\n<div style=\"height:20px\" aria-hidden=\"true\" class=\"wp-block-spacer\"><\/div>\n\n\n\n<p>Je compte les animaux sur des espaces o\u00f9 l\u2019on souhaite cr\u00e9er un am\u00e9nagement. J\u2019identifie ceux qui sont menac\u00e9s et j\u2019\u00e9cris des documents qui permettent de prendre en compte et respecter l\u2019environnement au sens large, afin de ne pas d\u00e9truire le lieu de vie des animaux par exemple et le n\u00f4tre en m\u00eame temps.<\/p>\n\n\n\n<div style=\"height:100px\" aria-hidden=\"true\" class=\"wp-block-spacer\"><\/div>\n<\/div>\n<\/div>\n\n\n\n<div style=\"height:100px\" aria-hidden=\"true\" class=\"wp-block-spacer\"><\/div>\n\n\n\n<p><\/p>\n","protected":false},"excerpt":{"rendered":"<p>Quentin GIQUEL Direction Conseil, Am\u00e9nagement &amp; TerritoiresNantes Quel est votre m\u00e9tier\u202f?&nbsp; Je suis charg\u00e9 d\u2019\u00e9tudes environnement et naturaliste. Je r\u00e9alise des dossiers r\u00e9glementaires, tels que des \u00e9tudes d\u2019impact sur l&#8217;environnement, des \u00e9valuations des incidences Natura 2000, des dossier loi sur l\u2019eau, etc. Parall\u00e8lement \u00e0 cela, je r\u00e9alise des inventaires Faune comme le recensement des oiseaux, [&hellip;]<\/p>\n","protected":false},"author":25,"featured_media":3261,"parent":0,"menu_order":16,"comment_status":"closed","ping_status":"closed","template":"template-collaborateur.php","meta":{"_acf_changed":false,"_relevanssi_hide_post":"","_relevanssi_hide_content":"","_relevanssi_pin_for_all":"","_relevanssi_pin_keywords":"","_relevanssi_unpin_keywords":"","_relevanssi_related_keywords":"","_relevanssi_related_include_ids":"","_relevanssi_related_exclude_ids":"","_relevanssi_related_no_append":"","_relevanssi_related_not_related":"","_relevanssi_related_posts":"1","_relevanssi_noindex_reason":"","footnotes":""},"class_list":["post-6084","page","type-page","status-publish","has-post-thumbnail","hentry"],"acf":[],"yoast_head":"<!-- This site is optimized with the Yoast SEO Premium plugin v27.4 (Yoast SEO v27.4) - https:\/\/yoast.com\/product\/yoast-seo-premium-wordpress\/ -->\n<title>Quentin GIQUEL, \u00e9cologue - France<\/title>\n<meta name=\"description\" content=\"Quentin GIQUEL Direction Conseil, Am\u00e9nagement &amp; TerritoiresNantes Quel est votre m\u00e9tier\u202f?&nbsp; Je suis charg\u00e9 d\u2019\u00e9tudes environnement et naturaliste.\" \/>\n<meta name=\"robots\" content=\"index, follow, max-snippet:-1, max-image-preview:large, max-video-preview:-1\" \/>\n<meta property=\"og:locale\" content=\"fr_FR\" \/>\n<meta property=\"og:type\" content=\"article\" \/>\n<meta property=\"og:title\" content=\"Quentin GIQUEL, \u00e9cologue\" \/>\n<meta property=\"og:description\" content=\"Quentin GIQUEL Direction Conseil, Am\u00e9nagement &amp; TerritoiresNantes Quel est votre m\u00e9tier\u202f?&nbsp; Je suis charg\u00e9 d\u2019\u00e9tudes environnement et naturaliste.\" \/>\n<meta property=\"og:url\" content=\"https:\/\/www.systra.com\/france\/quentin-giquel-ecologue\/\" \/>\n<meta property=\"og:site_name\" content=\"France\" \/>\n<meta property=\"article:publisher\" content=\"https:\/\/www.facebook.com\/SYSTRA\" \/>\n<meta property=\"article:modified_time\" content=\"2025-09-11T16:11:20+00:00\" \/>\n<meta property=\"og:image\" content=\"https:\/\/www.systra.com\/france\/wp-content\/uploads\/sites\/4\/2021\/08\/illustration-interview.jpg\" \/>\n\t<meta property=\"og:image:width\" content=\"2350\" \/>\n\t<meta property=\"og:image:height\" content=\"1500\" \/>\n\t<meta property=\"og:image:type\" content=\"image\/jpeg\" \/>\n<meta name=\"twitter:card\" content=\"summary_large_image\" \/>\n<meta name=\"twitter:site\" content=\"@SYSTRA_LTD\" \/>\n<meta name=\"twitter:label1\" content=\"Dur\u00e9e de lecture estim\u00e9e\" \/>\n\t<meta name=\"twitter:data1\" content=\"3 minutes\" \/>\n<script type=\"application\/ld+json\" class=\"yoast-schema-graph\">{\"@context\":\"https:\\\/\\\/schema.org\",\"@graph\":[{\"@type\":\"WebPage\",\"@id\":\"https:\\\/\\\/www.systra.com\\\/france\\\/quentin-giquel-ecologue\\\/\",\"url\":\"https:\\\/\\\/www.systra.com\\\/france\\\/quentin-giquel-ecologue\\\/\",\"name\":\"Quentin GIQUEL, \u00e9cologue - France\",\"isPartOf\":{\"@id\":\"https:\\\/\\\/www.systra.com\\\/france\\\/#website\"},\"primaryImageOfPage\":{\"@id\":\"https:\\\/\\\/www.systra.com\\\/france\\\/quentin-giquel-ecologue\\\/#primaryimage\"},\"image\":{\"@id\":\"https:\\\/\\\/www.systra.com\\\/france\\\/quentin-giquel-ecologue\\\/#primaryimage\"},\"thumbnailUrl\":\"https:\\\/\\\/www.systra.com\\\/france\\\/wp-content\\\/uploads\\\/sites\\\/4\\\/2021\\\/08\\\/illustration-interview.jpg\",\"datePublished\":\"2023-09-27T11:50:01+00:00\",\"dateModified\":\"2025-09-11T16:11:20+00:00\",\"description\":\"Quentin GIQUEL Direction Conseil, Am\u00e9nagement &amp; TerritoiresNantes Quel est votre m\u00e9tier\u202f?&nbsp; Je suis charg\u00e9 d\u2019\u00e9tudes environnement et naturaliste.\",\"breadcrumb\":{\"@id\":\"https:\\\/\\\/www.systra.com\\\/france\\\/quentin-giquel-ecologue\\\/#breadcrumb\"},\"inLanguage\":\"fr-FR\",\"potentialAction\":[{\"@type\":\"ReadAction\",\"target\":[\"https:\\\/\\\/www.systra.com\\\/france\\\/quentin-giquel-ecologue\\\/\"]}]},{\"@type\":\"ImageObject\",\"inLanguage\":\"fr-FR\",\"@id\":\"https:\\\/\\\/www.systra.com\\\/france\\\/quentin-giquel-ecologue\\\/#primaryimage\",\"url\":\"https:\\\/\\\/www.systra.com\\\/france\\\/wp-content\\\/uploads\\\/sites\\\/4\\\/2021\\\/08\\\/illustration-interview.jpg\",\"contentUrl\":\"https:\\\/\\\/www.systra.com\\\/france\\\/wp-content\\\/uploads\\\/sites\\\/4\\\/2021\\\/08\\\/illustration-interview.jpg\",\"width\":2350,\"height\":1500},{\"@type\":\"BreadcrumbList\",\"@id\":\"https:\\\/\\\/www.systra.com\\\/france\\\/quentin-giquel-ecologue\\\/#breadcrumb\",\"itemListElement\":[{\"@type\":\"ListItem\",\"position\":1,\"name\":\"Accueil\",\"item\":\"https:\\\/\\\/www.systra.com\\\/france\\\/\"},{\"@type\":\"ListItem\",\"position\":2,\"name\":\"Quentin GIQUEL, \u00e9cologue\"}]},{\"@type\":\"WebSite\",\"@id\":\"https:\\\/\\\/www.systra.com\\\/france\\\/#website\",\"url\":\"https:\\\/\\\/www.systra.com\\\/france\\\/\",\"name\":\"France\",\"description\":\"La confiance transporte le monde\",\"publisher\":{\"@id\":\"https:\\\/\\\/www.systra.com\\\/france\\\/#organization\"},\"potentialAction\":[{\"@type\":\"SearchAction\",\"target\":{\"@type\":\"EntryPoint\",\"urlTemplate\":\"https:\\\/\\\/www.systra.com\\\/france\\\/?s={search_term_string}\"},\"query-input\":{\"@type\":\"PropertyValueSpecification\",\"valueRequired\":true,\"valueName\":\"search_term_string\"}}],\"inLanguage\":\"fr-FR\"},{\"@type\":\"Organization\",\"@id\":\"https:\\\/\\\/www.systra.com\\\/france\\\/#organization\",\"name\":\"Systra France\",\"url\":\"https:\\\/\\\/www.systra.com\\\/france\\\/\",\"logo\":{\"@type\":\"ImageObject\",\"inLanguage\":\"fr-FR\",\"@id\":\"https:\\\/\\\/www.systra.com\\\/france\\\/#\\\/schema\\\/logo\\\/image\\\/\",\"url\":\"https:\\\/\\\/www.systra.com\\\/france\\\/wp-content\\\/uploads\\\/sites\\\/4\\\/2021\\\/03\\\/systra_logo_svg.svg\",\"contentUrl\":\"https:\\\/\\\/www.systra.com\\\/france\\\/wp-content\\\/uploads\\\/sites\\\/4\\\/2021\\\/03\\\/systra_logo_svg.svg\",\"width\":179,\"height\":34,\"caption\":\"Systra France\"},\"image\":{\"@id\":\"https:\\\/\\\/www.systra.com\\\/france\\\/#\\\/schema\\\/logo\\\/image\\\/\"},\"sameAs\":[\"https:\\\/\\\/www.facebook.com\\\/SYSTRA\",\"https:\\\/\\\/x.com\\\/SYSTRA_LTD\",\"https:\\\/\\\/www.linkedin.com\\\/company\\\/systra\\\/\"]}]}<\/script>\n<!-- \/ Yoast SEO Premium plugin. -->","yoast_head_json":{"title":"Quentin GIQUEL, \u00e9cologue - France","description":"Quentin GIQUEL Direction Conseil, Am\u00e9nagement &amp; TerritoiresNantes Quel est votre m\u00e9tier\u202f?&nbsp; Je suis charg\u00e9 d\u2019\u00e9tudes environnement et naturaliste.","robots":{"index":"index","follow":"follow","max-snippet":"max-snippet:-1","max-image-preview":"max-image-preview:large","max-video-preview":"max-video-preview:-1"},"og_locale":"fr_FR","og_type":"article","og_title":"Quentin GIQUEL, \u00e9cologue","og_description":"Quentin GIQUEL Direction Conseil, Am\u00e9nagement &amp; TerritoiresNantes Quel est votre m\u00e9tier\u202f?&nbsp; Je suis charg\u00e9 d\u2019\u00e9tudes environnement et naturaliste.","og_url":"https:\/\/www.systra.com\/france\/quentin-giquel-ecologue\/","og_site_name":"France","article_publisher":"https:\/\/www.facebook.com\/SYSTRA","article_modified_time":"2025-09-11T16:11:20+00:00","og_image":[{"width":2350,"height":1500,"url":"https:\/\/www.systra.com\/france\/wp-content\/uploads\/sites\/4\/2021\/08\/illustration-interview.jpg","type":"image\/jpeg"}],"twitter_card":"summary_large_image","twitter_site":"@SYSTRA_LTD","twitter_misc":{"Dur\u00e9e de lecture estim\u00e9e":"3 minutes"},"schema":{"@context":"https:\/\/schema.org","@graph":[{"@type":"WebPage","@id":"https:\/\/www.systra.com\/france\/quentin-giquel-ecologue\/","url":"https:\/\/www.systra.com\/france\/quentin-giquel-ecologue\/","name":"Quentin GIQUEL, \u00e9cologue - France","isPartOf":{"@id":"https:\/\/www.systra.com\/france\/#website"},"primaryImageOfPage":{"@id":"https:\/\/www.systra.com\/france\/quentin-giquel-ecologue\/#primaryimage"},"image":{"@id":"https:\/\/www.systra.com\/france\/quentin-giquel-ecologue\/#primaryimage"},"thumbnailUrl":"https:\/\/www.systra.com\/france\/wp-content\/uploads\/sites\/4\/2021\/08\/illustration-interview.jpg","datePublished":"2023-09-27T11:50:01+00:00","dateModified":"2025-09-11T16:11:20+00:00","description":"Quentin GIQUEL Direction Conseil, Am\u00e9nagement &amp; TerritoiresNantes Quel est votre m\u00e9tier\u202f?&nbsp; Je suis charg\u00e9 d\u2019\u00e9tudes environnement et naturaliste.","breadcrumb":{"@id":"https:\/\/www.systra.com\/france\/quentin-giquel-ecologue\/#breadcrumb"},"inLanguage":"fr-FR","potentialAction":[{"@type":"ReadAction","target":["https:\/\/www.systra.com\/france\/quentin-giquel-ecologue\/"]}]},{"@type":"ImageObject","inLanguage":"fr-FR","@id":"https:\/\/www.systra.com\/france\/quentin-giquel-ecologue\/#primaryimage","url":"https:\/\/www.systra.com\/france\/wp-content\/uploads\/sites\/4\/2021\/08\/illustration-interview.jpg","contentUrl":"https:\/\/www.systra.com\/france\/wp-content\/uploads\/sites\/4\/2021\/08\/illustration-interview.jpg","width":2350,"height":1500},{"@type":"BreadcrumbList","@id":"https:\/\/www.systra.com\/france\/quentin-giquel-ecologue\/#breadcrumb","itemListElement":[{"@type":"ListItem","position":1,"name":"Accueil","item":"https:\/\/www.systra.com\/france\/"},{"@type":"ListItem","position":2,"name":"Quentin GIQUEL, \u00e9cologue"}]},{"@type":"WebSite","@id":"https:\/\/www.systra.com\/france\/#website","url":"https:\/\/www.systra.com\/france\/","name":"France","description":"La confiance transporte le monde","publisher":{"@id":"https:\/\/www.systra.com\/france\/#organization"},"potentialAction":[{"@type":"SearchAction","target":{"@type":"EntryPoint","urlTemplate":"https:\/\/www.systra.com\/france\/?s={search_term_string}"},"query-input":{"@type":"PropertyValueSpecification","valueRequired":true,"valueName":"search_term_string"}}],"inLanguage":"fr-FR"},{"@type":"Organization","@id":"https:\/\/www.systra.com\/france\/#organization","name":"Systra France","url":"https:\/\/www.systra.com\/france\/","logo":{"@type":"ImageObject","inLanguage":"fr-FR","@id":"https:\/\/www.systra.com\/france\/#\/schema\/logo\/image\/","url":"https:\/\/www.systra.com\/france\/wp-content\/uploads\/sites\/4\/2021\/03\/systra_logo_svg.svg","contentUrl":"https:\/\/www.systra.com\/france\/wp-content\/uploads\/sites\/4\/2021\/03\/systra_logo_svg.svg","width":179,"height":34,"caption":"Systra France"},"image":{"@id":"https:\/\/www.systra.com\/france\/#\/schema\/logo\/image\/"},"sameAs":["https:\/\/www.facebook.com\/SYSTRA","https:\/\/x.com\/SYSTRA_LTD","https:\/\/www.linkedin.com\/company\/systra\/"]}]}},"lang":"fr","translations":{"fr":6084},"pll_sync_post":[],"_links":{"self":[{"href":"https:\/\/www.systra.com\/france\/wp-json\/wp\/v2\/pages\/6084","targetHints":{"allow":["GET"]}}],"collection":[{"href":"https:\/\/www.systra.com\/france\/wp-json\/wp\/v2\/pages"}],"about":[{"href":"https:\/\/www.systra.com\/france\/wp-json\/wp\/v2\/types\/page"}],"author":[{"embeddable":true,"href":"https:\/\/www.systra.com\/france\/wp-json\/wp\/v2\/users\/25"}],"replies":[{"embeddable":true,"href":"https:\/\/www.systra.com\/france\/wp-json\/wp\/v2\/comments?post=6084"}],"version-history":[{"count":3,"href":"https:\/\/www.systra.com\/france\/wp-json\/wp\/v2\/pages\/6084\/revisions"}],"predecessor-version":[{"id":38567,"href":"https:\/\/www.systra.com\/france\/wp-json\/wp\/v2\/pages\/6084\/revisions\/38567"}],"wp:featuredmedia":[{"embeddable":true,"href":"https:\/\/www.systra.com\/france\/wp-json\/wp\/v2\/media\/3261"}],"wp:attachment":[{"href":"https:\/\/www.systra.com\/france\/wp-json\/wp\/v2\/media?parent=6084"}],"curies":[{"name":"wp","href":"https:\/\/api.w.org\/{rel}","templated":true}]}}