{"id":5641,"date":"2023-02-24T11:56:31","date_gmt":"2023-02-24T10:56:31","guid":{"rendered":"https:\/\/www.systra.com\/france\/?page_id=5641"},"modified":"2025-09-11T18:09:55","modified_gmt":"2025-09-11T16:09:55","slug":"magali-chauvier-cheffe-de-projet-amo","status":"publish","type":"page","link":"https:\/\/www.systra.com\/france\/magali-chauvier-cheffe-de-projet-amo\/","title":{"rendered":"Magali CHAUVIER, Cheffe de projet AMO"},"content":{"rendered":"\n<div style=\"height:100px\" aria-hidden=\"true\" class=\"wp-block-spacer\"><\/div>\n\n\n\n<div class=\"wp-block-columns is-layout-flex wp-container-core-columns-is-layout-9d6595d7 wp-block-columns-is-layout-flex\">\n<div class=\"wp-block-column is-layout-flow wp-block-column-is-layout-flow\" style=\"flex-basis:33.33%\"><div class=\"wp-block-image\">\n<figure class=\"aligncenter size-full\"><img decoding=\"async\" width=\"571\" height=\"754\" src=\"https:\/\/www.systra.com\/france\/wp-content\/uploads\/sites\/4\/2023\/02\/chauvier-magali-004-002.jpg\" alt=\"\" class=\"wp-image-5642\" srcset=\"https:\/\/www.systra.com\/france\/wp-content\/uploads\/sites\/4\/2023\/02\/chauvier-magali-004-002.jpg 571w, https:\/\/www.systra.com\/france\/wp-content\/uploads\/sites\/4\/2023\/02\/chauvier-magali-004-002-227x300.jpg 227w, https:\/\/www.systra.com\/france\/wp-content\/uploads\/sites\/4\/2023\/02\/chauvier-magali-004-002-474x626.jpg 474w, https:\/\/www.systra.com\/france\/wp-content\/uploads\/sites\/4\/2023\/02\/chauvier-magali-004-002-180x238.jpg 180w, https:\/\/www.systra.com\/france\/wp-content\/uploads\/sites\/4\/2023\/02\/chauvier-magali-004-002-153x202.jpg 153w, https:\/\/www.systra.com\/france\/wp-content\/uploads\/sites\/4\/2023\/02\/chauvier-magali-004-002-230x304.jpg 230w\" sizes=\"(max-width: 571px) 100vw, 571px\" \/><\/figure>\n<\/div>\n\n\n<p class=\"has-pale-mauve-background-color has-background\"><strong>Magali CHAUVIER<\/strong><br><mark class=\"has-inline-color has-dusty-blue-color\">Direction<\/mark><mark style=\"background-color:rgba(0, 0, 0, 0)\" class=\"has-inline-color has-dusty-blue-color\"> Conseil, Am\u00e9nagement &amp; Territoires<\/mark><mark class=\"has-inline-color has-dusty-blue-color\"><br><\/mark>Marseille<\/p>\n<\/div>\n\n\n\n<div class=\"wp-block-column is-layout-flow wp-block-column-is-layout-flow\" style=\"flex-basis:66.66%\">\n<h3 class=\"wp-block-heading has-dusty-blue-color has-text-color\" id=\"h-quel-est-votre-metier-nbsp\">Quel est votre m\u00e9tier\u202f?&nbsp;<\/h3>\n\n\n\n<div style=\"height:20px\" aria-hidden=\"true\" class=\"wp-block-spacer\"><\/div>\n\n\n\n<p>Je suis cheffe de projet dans le cadre de missions de Ma\u00eetrise d\u2019Ouvrage. De mani\u00e8re plus simple, nos donneurs d\u2019ordre chefs de projets qui sont c\u00f4t\u00e9 Maitrise d\u2019Ouvrage sont souvent seuls pour porter leurs op\u00e9rations et notre m\u00e9tier consiste \u00e0 les accompagner et \u00e0 les conseiller dans la r\u00e9alisation de leurs t\u00e2ches quotidiennes tout au long de la vie de leur projet. <\/p>\n\n\n\n<div style=\"height:20px\" aria-hidden=\"true\" class=\"wp-block-spacer\"><\/div>\n\n\n\n<p>Aujourd\u2019hui, je travaille sur plusieurs missions tr\u00e8s vari\u00e9es afin d\u2019accompagner nos clients vers la r\u00e9ussite de leurs projets qu\u2019il s\u2019agisse de r\u00e9novation ferroviaire, ou de d\u00e9molition de b\u00e2timents. Les t\u00e2ches sont ainsi diverses et vari\u00e9es allant de la r\u00e9daction, s\u00e9lection, suivi et facturation de tous les prestataires intervenant comme, entre autres, les maitres d\u2019\u0153uvre et les entreprises travaux, en passant par le suivi des proc\u00e9dures administratives et environnementales par exemple. Chaque mission est tr\u00e8s diverse et d\u00e9pend sp\u00e9cifiquement des besoins de la Maitrise d\u2019Ouvrage.&nbsp;&nbsp;&nbsp;&nbsp;&nbsp;<\/p>\n\n\n\n<div style=\"height:20px\" aria-hidden=\"true\" class=\"wp-block-spacer\"><\/div>\n\n\n\n<p><\/p>\n\n\n\n<div style=\"height:60px\" aria-hidden=\"true\" class=\"wp-block-spacer\"><\/div>\n\n\n\n<h3 class=\"wp-block-heading has-dusty-blue-color has-text-color\" id=\"h-quelles-sont-vos-missions\">Quelles sont vos missions ?<\/h3>\n\n\n\n<div style=\"height:20px\" aria-hidden=\"true\" class=\"wp-block-spacer\"><\/div>\n\n\n\n<p>Agent d\u00e9tach\u00e9 de la SNCF, j\u2019ai occup\u00e9 durant quelques ann\u00e9es un poste de responsable de maitrise d\u2019\u0153uvre g\u00e9n\u00e9rale (Cheffe de projet MOE) avant de rejoindre la Direction de Ma\u00eetrise d\u2019Ouvrage. J\u2019ai eu l\u2019opportunit\u00e9 de travailler sur de nombreux projets allant de l\u2019\u00e9mergence jusqu\u2019\u00e0 la mise en service de projets de transports ferroviaires. <\/p>\n\n\n\n<div style=\"height:20px\" aria-hidden=\"true\" class=\"wp-block-spacer\"><\/div>\n\n\n\n<p>Aujourd\u2019hui, une de mes missions est d\u2019assister notre client, l\u2019EPA Eurom\u00e9diterran\u00e9e sur leurs projets de d\u00e9construction, je participe donc \u00e0 l\u2019un des plus grand projets de r\u00e9novation urbaine d\u2019Europe sous l\u2019impulsion de cette Op\u00e9ration d\u2019Int\u00e9r\u00eat National. <\/p>\n\n\n\n<div style=\"height:60px\" aria-hidden=\"true\" class=\"wp-block-spacer\"><\/div>\n\n\n\n<h3 class=\"wp-block-heading has-dusty-blue-color has-text-color\" id=\"h-les-3-qualites-ou-competences-importantes-dans-votre-metier\">Les 3 qualit\u00e9s ou comp\u00e9tences importantes dans votre m\u00e9tier\u202f?<\/h3>\n\n\n\n<div style=\"height:20px\" aria-hidden=\"true\" class=\"wp-block-spacer\"><\/div>\n\n\n\n<p><strong>Savoir communiquer&nbsp;:<\/strong> Notre m\u00e9tier nous am\u00e8ne \u00e0 c\u00f4toyer un tr\u00e8s grand nombre d\u2019intervenants. Le sens du relationnel et la gestion de l\u2019humain sont primordiaux afin de comprendre les discours de chacun et de les faire converger vers un objectif ultime&nbsp;qui est la r\u00e9ussite du projet. Il est essentiel de savoir communiquer afin de g\u00e9rer les conflits et probl\u00e9matiques rencontr\u00e9es. <\/p>\n\n\n\n<div style=\"height:20px\" aria-hidden=\"true\" class=\"wp-block-spacer\"><\/div>\n\n\n\n<p><strong>Gestion des al\u00e9as du projet :<\/strong> chaque projet constitue un nouveau challenge sem\u00e9 d\u2019embuches. Notre r\u00f4le consiste \u00e0 \u00eatre en premier lieu pro-actif au regard de notre retour d\u2019exp\u00e9rience \u00e0 travers notre mission de conseil. Si des probl\u00e9matiques surgissent, il est de notre ressort d\u2019\u00eatre r\u00e9actif d\u2019une part et de tout mettre en \u0153uvre afin de cl\u00f4turer les incidents d\u2019autre part.<\/p>\n\n\n\n<div style=\"height:20px\" aria-hidden=\"true\" class=\"wp-block-spacer\"><\/div>\n\n\n\n<p><strong>Organisation&nbsp;:<\/strong> il est primordial d\u2019\u00eatre organis\u00e9 face au flot d\u2019informations entrant et sortant chaque jour. Le suivi doit \u00eatre minutieux et \u00e0 jour afin de pouvoir avoir une vision \u00e9clair\u00e9e \u00e0 chaque instant de l\u2019\u00e9tat du projet.<\/p>\n\n\n\n<div style=\"height:60px\" aria-hidden=\"true\" class=\"wp-block-spacer\"><\/div>\n\n\n\n<h3 class=\"wp-block-heading has-dusty-blue-color has-text-color\" id=\"h-pourquoi-systra-nbsp\">POURQUOI SYSTRA&nbsp;?<\/h3>\n\n\n\n<div style=\"height:20px\" aria-hidden=\"true\" class=\"wp-block-spacer\"><\/div>\n\n\n\n<p>J\u2019ai choisi SYSTRA pour avoir une exp\u00e9rience dans l\u2019une des filiales du groupe SNCF afin d\u2019enrichir mon parcours professionnel.<\/p>\n\n\n\n<p>J\u2019appr\u00e9cie notamment la diversit\u00e9 des missions qui me sont confi\u00e9es car SYSTRA est toujours en qu\u00eate de nouvelles exp\u00e9riences.<\/p>\n\n\n\n<p>J\u2019ai \u00e9galement la chance de travailler sur des projets locaux qui me permettent de participer \u00e0 l\u2019\u00e9volution et au changement de la ville o\u00f9 je vis, ce qui me rend encore plus fi\u00e8re.<\/p>\n\n\n\n<div style=\"height:100px\" aria-hidden=\"true\" class=\"wp-block-spacer\"><\/div>\n\n\n\n<h3 class=\"wp-block-heading has-dusty-blue-color has-text-color\" id=\"h-comment-expliquer-ton-metier-a-un-enfant-nbsp\">Comment expliquer ton m\u00e9tier \u00e0 un enfant&nbsp;?<\/h3>\n\n\n\n<div style=\"height:20px\" aria-hidden=\"true\" class=\"wp-block-spacer\"><\/div>\n\n\n\n<p>J\u2019aide les personnes qui veulent construire les trains et les tramways ou d\u2019autres moyens de transport. Souvent ces personnes sont toutes seules et comme il y a beaucoup de travail, moi je les aide.<\/p>\n<\/div>\n<\/div>\n\n\n\n<div style=\"height:100px\" aria-hidden=\"true\" class=\"wp-block-spacer\"><\/div>\n\n\n\n<p><\/p>\n","protected":false},"excerpt":{"rendered":"<p>Magali CHAUVIERDirection Conseil, Am\u00e9nagement &amp; TerritoiresMarseille Quel est votre m\u00e9tier\u202f?&nbsp; Je suis cheffe de projet dans le cadre de missions de Ma\u00eetrise d\u2019Ouvrage. De mani\u00e8re plus simple, nos donneurs d\u2019ordre chefs de projets qui sont c\u00f4t\u00e9 Maitrise d\u2019Ouvrage sont souvent seuls pour porter leurs op\u00e9rations et notre m\u00e9tier consiste \u00e0 les accompagner et \u00e0 les [&hellip;]<\/p>\n","protected":false},"author":25,"featured_media":3261,"parent":0,"menu_order":14,"comment_status":"closed","ping_status":"closed","template":"template-collaborateur.php","meta":{"_acf_changed":false,"_relevanssi_hide_post":"","_relevanssi_hide_content":"","_relevanssi_pin_for_all":"","_relevanssi_pin_keywords":"","_relevanssi_unpin_keywords":"","_relevanssi_related_keywords":"","_relevanssi_related_include_ids":"","_relevanssi_related_exclude_ids":"","_relevanssi_related_no_append":"","_relevanssi_related_not_related":"","_relevanssi_related_posts":"1","_relevanssi_noindex_reason":"","footnotes":""},"class_list":["post-5641","page","type-page","status-publish","has-post-thumbnail","hentry"],"acf":[],"yoast_head":"<!-- This site is optimized with the Yoast SEO Premium plugin v27.4 (Yoast SEO v27.4) - https:\/\/yoast.com\/product\/yoast-seo-premium-wordpress\/ -->\n<title>Magali CHAUVIER, Cheffe de projet AMO - France<\/title>\n<meta name=\"description\" content=\"Magali CHAUVIERDirection Conseil, Am\u00e9nagement &amp; TerritoiresMarseille Quel est votre m\u00e9tier\u202f?&nbsp; Je suis cheffe de projet dans le cadre de missions\" \/>\n<meta name=\"robots\" content=\"index, follow, max-snippet:-1, max-image-preview:large, max-video-preview:-1\" \/>\n<meta property=\"og:locale\" content=\"fr_FR\" \/>\n<meta property=\"og:type\" content=\"article\" \/>\n<meta property=\"og:title\" content=\"Magali CHAUVIER, Cheffe de projet AMO\" \/>\n<meta property=\"og:description\" content=\"Magali CHAUVIERDirection Conseil, Am\u00e9nagement &amp; TerritoiresMarseille Quel est votre m\u00e9tier\u202f?&nbsp; Je suis cheffe de projet dans le cadre de missions\" \/>\n<meta property=\"og:url\" content=\"https:\/\/www.systra.com\/france\/magali-chauvier-cheffe-de-projet-amo\/\" \/>\n<meta property=\"og:site_name\" content=\"France\" \/>\n<meta property=\"article:publisher\" content=\"https:\/\/www.facebook.com\/SYSTRA\" \/>\n<meta property=\"article:modified_time\" content=\"2025-09-11T16:09:55+00:00\" \/>\n<meta property=\"og:image\" content=\"https:\/\/www.systra.com\/france\/wp-content\/uploads\/sites\/4\/2021\/08\/illustration-interview.jpg\" \/>\n\t<meta property=\"og:image:width\" content=\"2350\" \/>\n\t<meta property=\"og:image:height\" content=\"1500\" \/>\n\t<meta property=\"og:image:type\" content=\"image\/jpeg\" \/>\n<meta name=\"twitter:card\" content=\"summary_large_image\" \/>\n<meta name=\"twitter:site\" content=\"@SYSTRA_LTD\" \/>\n<meta name=\"twitter:label1\" content=\"Dur\u00e9e de lecture estim\u00e9e\" \/>\n\t<meta name=\"twitter:data1\" content=\"4 minutes\" \/>\n<script type=\"application\/ld+json\" class=\"yoast-schema-graph\">{\"@context\":\"https:\\\/\\\/schema.org\",\"@graph\":[{\"@type\":\"WebPage\",\"@id\":\"https:\\\/\\\/www.systra.com\\\/france\\\/magali-chauvier-cheffe-de-projet-amo\\\/\",\"url\":\"https:\\\/\\\/www.systra.com\\\/france\\\/magali-chauvier-cheffe-de-projet-amo\\\/\",\"name\":\"Magali CHAUVIER, Cheffe de projet AMO - France\",\"isPartOf\":{\"@id\":\"https:\\\/\\\/www.systra.com\\\/france\\\/#website\"},\"primaryImageOfPage\":{\"@id\":\"https:\\\/\\\/www.systra.com\\\/france\\\/magali-chauvier-cheffe-de-projet-amo\\\/#primaryimage\"},\"image\":{\"@id\":\"https:\\\/\\\/www.systra.com\\\/france\\\/magali-chauvier-cheffe-de-projet-amo\\\/#primaryimage\"},\"thumbnailUrl\":\"https:\\\/\\\/www.systra.com\\\/france\\\/wp-content\\\/uploads\\\/sites\\\/4\\\/2021\\\/08\\\/illustration-interview.jpg\",\"datePublished\":\"2023-02-24T10:56:31+00:00\",\"dateModified\":\"2025-09-11T16:09:55+00:00\",\"description\":\"Magali CHAUVIERDirection Conseil, Am\u00e9nagement &amp; TerritoiresMarseille Quel est votre m\u00e9tier\u202f?&nbsp; Je suis cheffe de projet dans le cadre de missions\",\"breadcrumb\":{\"@id\":\"https:\\\/\\\/www.systra.com\\\/france\\\/magali-chauvier-cheffe-de-projet-amo\\\/#breadcrumb\"},\"inLanguage\":\"fr-FR\",\"potentialAction\":[{\"@type\":\"ReadAction\",\"target\":[\"https:\\\/\\\/www.systra.com\\\/france\\\/magali-chauvier-cheffe-de-projet-amo\\\/\"]}]},{\"@type\":\"ImageObject\",\"inLanguage\":\"fr-FR\",\"@id\":\"https:\\\/\\\/www.systra.com\\\/france\\\/magali-chauvier-cheffe-de-projet-amo\\\/#primaryimage\",\"url\":\"https:\\\/\\\/www.systra.com\\\/france\\\/wp-content\\\/uploads\\\/sites\\\/4\\\/2021\\\/08\\\/illustration-interview.jpg\",\"contentUrl\":\"https:\\\/\\\/www.systra.com\\\/france\\\/wp-content\\\/uploads\\\/sites\\\/4\\\/2021\\\/08\\\/illustration-interview.jpg\",\"width\":2350,\"height\":1500},{\"@type\":\"BreadcrumbList\",\"@id\":\"https:\\\/\\\/www.systra.com\\\/france\\\/magali-chauvier-cheffe-de-projet-amo\\\/#breadcrumb\",\"itemListElement\":[{\"@type\":\"ListItem\",\"position\":1,\"name\":\"Accueil\",\"item\":\"https:\\\/\\\/www.systra.com\\\/france\\\/\"},{\"@type\":\"ListItem\",\"position\":2,\"name\":\"Magali CHAUVIER, Cheffe de projet AMO\"}]},{\"@type\":\"WebSite\",\"@id\":\"https:\\\/\\\/www.systra.com\\\/france\\\/#website\",\"url\":\"https:\\\/\\\/www.systra.com\\\/france\\\/\",\"name\":\"France\",\"description\":\"La confiance transporte le monde\",\"publisher\":{\"@id\":\"https:\\\/\\\/www.systra.com\\\/france\\\/#organization\"},\"potentialAction\":[{\"@type\":\"SearchAction\",\"target\":{\"@type\":\"EntryPoint\",\"urlTemplate\":\"https:\\\/\\\/www.systra.com\\\/france\\\/?s={search_term_string}\"},\"query-input\":{\"@type\":\"PropertyValueSpecification\",\"valueRequired\":true,\"valueName\":\"search_term_string\"}}],\"inLanguage\":\"fr-FR\"},{\"@type\":\"Organization\",\"@id\":\"https:\\\/\\\/www.systra.com\\\/france\\\/#organization\",\"name\":\"Systra France\",\"url\":\"https:\\\/\\\/www.systra.com\\\/france\\\/\",\"logo\":{\"@type\":\"ImageObject\",\"inLanguage\":\"fr-FR\",\"@id\":\"https:\\\/\\\/www.systra.com\\\/france\\\/#\\\/schema\\\/logo\\\/image\\\/\",\"url\":\"https:\\\/\\\/www.systra.com\\\/france\\\/wp-content\\\/uploads\\\/sites\\\/4\\\/2021\\\/03\\\/systra_logo_svg.svg\",\"contentUrl\":\"https:\\\/\\\/www.systra.com\\\/france\\\/wp-content\\\/uploads\\\/sites\\\/4\\\/2021\\\/03\\\/systra_logo_svg.svg\",\"width\":179,\"height\":34,\"caption\":\"Systra France\"},\"image\":{\"@id\":\"https:\\\/\\\/www.systra.com\\\/france\\\/#\\\/schema\\\/logo\\\/image\\\/\"},\"sameAs\":[\"https:\\\/\\\/www.facebook.com\\\/SYSTRA\",\"https:\\\/\\\/x.com\\\/SYSTRA_LTD\",\"https:\\\/\\\/www.linkedin.com\\\/company\\\/systra\\\/\"]}]}<\/script>\n<!-- \/ Yoast SEO Premium plugin. -->","yoast_head_json":{"title":"Magali CHAUVIER, Cheffe de projet AMO - France","description":"Magali CHAUVIERDirection Conseil, Am\u00e9nagement &amp; TerritoiresMarseille Quel est votre m\u00e9tier\u202f?&nbsp; Je suis cheffe de projet dans le cadre de missions","robots":{"index":"index","follow":"follow","max-snippet":"max-snippet:-1","max-image-preview":"max-image-preview:large","max-video-preview":"max-video-preview:-1"},"og_locale":"fr_FR","og_type":"article","og_title":"Magali CHAUVIER, Cheffe de projet AMO","og_description":"Magali CHAUVIERDirection Conseil, Am\u00e9nagement &amp; TerritoiresMarseille Quel est votre m\u00e9tier\u202f?&nbsp; Je suis cheffe de projet dans le cadre de missions","og_url":"https:\/\/www.systra.com\/france\/magali-chauvier-cheffe-de-projet-amo\/","og_site_name":"France","article_publisher":"https:\/\/www.facebook.com\/SYSTRA","article_modified_time":"2025-09-11T16:09:55+00:00","og_image":[{"width":2350,"height":1500,"url":"https:\/\/www.systra.com\/france\/wp-content\/uploads\/sites\/4\/2021\/08\/illustration-interview.jpg","type":"image\/jpeg"}],"twitter_card":"summary_large_image","twitter_site":"@SYSTRA_LTD","twitter_misc":{"Dur\u00e9e de lecture estim\u00e9e":"4 minutes"},"schema":{"@context":"https:\/\/schema.org","@graph":[{"@type":"WebPage","@id":"https:\/\/www.systra.com\/france\/magali-chauvier-cheffe-de-projet-amo\/","url":"https:\/\/www.systra.com\/france\/magali-chauvier-cheffe-de-projet-amo\/","name":"Magali CHAUVIER, Cheffe de projet AMO - France","isPartOf":{"@id":"https:\/\/www.systra.com\/france\/#website"},"primaryImageOfPage":{"@id":"https:\/\/www.systra.com\/france\/magali-chauvier-cheffe-de-projet-amo\/#primaryimage"},"image":{"@id":"https:\/\/www.systra.com\/france\/magali-chauvier-cheffe-de-projet-amo\/#primaryimage"},"thumbnailUrl":"https:\/\/www.systra.com\/france\/wp-content\/uploads\/sites\/4\/2021\/08\/illustration-interview.jpg","datePublished":"2023-02-24T10:56:31+00:00","dateModified":"2025-09-11T16:09:55+00:00","description":"Magali CHAUVIERDirection Conseil, Am\u00e9nagement &amp; TerritoiresMarseille Quel est votre m\u00e9tier\u202f?&nbsp; Je suis cheffe de projet dans le cadre de missions","breadcrumb":{"@id":"https:\/\/www.systra.com\/france\/magali-chauvier-cheffe-de-projet-amo\/#breadcrumb"},"inLanguage":"fr-FR","potentialAction":[{"@type":"ReadAction","target":["https:\/\/www.systra.com\/france\/magali-chauvier-cheffe-de-projet-amo\/"]}]},{"@type":"ImageObject","inLanguage":"fr-FR","@id":"https:\/\/www.systra.com\/france\/magali-chauvier-cheffe-de-projet-amo\/#primaryimage","url":"https:\/\/www.systra.com\/france\/wp-content\/uploads\/sites\/4\/2021\/08\/illustration-interview.jpg","contentUrl":"https:\/\/www.systra.com\/france\/wp-content\/uploads\/sites\/4\/2021\/08\/illustration-interview.jpg","width":2350,"height":1500},{"@type":"BreadcrumbList","@id":"https:\/\/www.systra.com\/france\/magali-chauvier-cheffe-de-projet-amo\/#breadcrumb","itemListElement":[{"@type":"ListItem","position":1,"name":"Accueil","item":"https:\/\/www.systra.com\/france\/"},{"@type":"ListItem","position":2,"name":"Magali CHAUVIER, Cheffe de projet AMO"}]},{"@type":"WebSite","@id":"https:\/\/www.systra.com\/france\/#website","url":"https:\/\/www.systra.com\/france\/","name":"France","description":"La confiance transporte le monde","publisher":{"@id":"https:\/\/www.systra.com\/france\/#organization"},"potentialAction":[{"@type":"SearchAction","target":{"@type":"EntryPoint","urlTemplate":"https:\/\/www.systra.com\/france\/?s={search_term_string}"},"query-input":{"@type":"PropertyValueSpecification","valueRequired":true,"valueName":"search_term_string"}}],"inLanguage":"fr-FR"},{"@type":"Organization","@id":"https:\/\/www.systra.com\/france\/#organization","name":"Systra France","url":"https:\/\/www.systra.com\/france\/","logo":{"@type":"ImageObject","inLanguage":"fr-FR","@id":"https:\/\/www.systra.com\/france\/#\/schema\/logo\/image\/","url":"https:\/\/www.systra.com\/france\/wp-content\/uploads\/sites\/4\/2021\/03\/systra_logo_svg.svg","contentUrl":"https:\/\/www.systra.com\/france\/wp-content\/uploads\/sites\/4\/2021\/03\/systra_logo_svg.svg","width":179,"height":34,"caption":"Systra France"},"image":{"@id":"https:\/\/www.systra.com\/france\/#\/schema\/logo\/image\/"},"sameAs":["https:\/\/www.facebook.com\/SYSTRA","https:\/\/x.com\/SYSTRA_LTD","https:\/\/www.linkedin.com\/company\/systra\/"]}]}},"lang":"fr","translations":{"fr":5641},"pll_sync_post":[],"_links":{"self":[{"href":"https:\/\/www.systra.com\/france\/wp-json\/wp\/v2\/pages\/5641","targetHints":{"allow":["GET"]}}],"collection":[{"href":"https:\/\/www.systra.com\/france\/wp-json\/wp\/v2\/pages"}],"about":[{"href":"https:\/\/www.systra.com\/france\/wp-json\/wp\/v2\/types\/page"}],"author":[{"embeddable":true,"href":"https:\/\/www.systra.com\/france\/wp-json\/wp\/v2\/users\/25"}],"replies":[{"embeddable":true,"href":"https:\/\/www.systra.com\/france\/wp-json\/wp\/v2\/comments?post=5641"}],"version-history":[{"count":3,"href":"https:\/\/www.systra.com\/france\/wp-json\/wp\/v2\/pages\/5641\/revisions"}],"predecessor-version":[{"id":38556,"href":"https:\/\/www.systra.com\/france\/wp-json\/wp\/v2\/pages\/5641\/revisions\/38556"}],"wp:featuredmedia":[{"embeddable":true,"href":"https:\/\/www.systra.com\/france\/wp-json\/wp\/v2\/media\/3261"}],"wp:attachment":[{"href":"https:\/\/www.systra.com\/france\/wp-json\/wp\/v2\/media?parent=5641"}],"curies":[{"name":"wp","href":"https:\/\/api.w.org\/{rel}","templated":true}]}}