{"id":5147,"date":"2022-09-14T09:05:29","date_gmt":"2022-09-14T07:05:29","guid":{"rendered":"https:\/\/www.systra.com\/france\/?page_id=5147"},"modified":"2025-09-11T18:05:49","modified_gmt":"2025-09-11T16:05:49","slug":"nadege-roy-responsable-metier-environnement","status":"publish","type":"page","link":"https:\/\/www.systra.com\/france\/nadege-roy-responsable-metier-environnement\/","title":{"rendered":"Nad\u00e8ge ROY, Responsable environnement"},"content":{"rendered":"\n<div style=\"height:100px\" aria-hidden=\"true\" class=\"wp-block-spacer\"><\/div>\n\n\n\n<div class=\"wp-block-columns is-layout-flex wp-container-core-columns-is-layout-9d6595d7 wp-block-columns-is-layout-flex\">\n<div class=\"wp-block-column is-layout-flow wp-block-column-is-layout-flow\" style=\"flex-basis:33.33%\"><div class=\"wp-block-image\">\n<figure class=\"aligncenter size-large\"><img decoding=\"async\" width=\"1024\" height=\"768\" src=\"https:\/\/www.systra.com\/france\/wp-content\/uploads\/sites\/4\/2022\/09\/photo-nadege-1024x768.jpg\" alt=\"\" class=\"wp-image-5148\" srcset=\"https:\/\/www.systra.com\/france\/wp-content\/uploads\/sites\/4\/2022\/09\/photo-nadege-1024x768.jpg 1024w, https:\/\/www.systra.com\/france\/wp-content\/uploads\/sites\/4\/2022\/09\/photo-nadege-300x225.jpg 300w, https:\/\/www.systra.com\/france\/wp-content\/uploads\/sites\/4\/2022\/09\/photo-nadege-768x576.jpg 768w, https:\/\/www.systra.com\/france\/wp-content\/uploads\/sites\/4\/2022\/09\/photo-nadege-1536x1152.jpg 1536w, https:\/\/www.systra.com\/france\/wp-content\/uploads\/sites\/4\/2022\/09\/photo-nadege-2048x1536.jpg 2048w, https:\/\/www.systra.com\/france\/wp-content\/uploads\/sites\/4\/2022\/09\/photo-nadege-474x356.jpg 474w, https:\/\/www.systra.com\/france\/wp-content\/uploads\/sites\/4\/2022\/09\/photo-nadege-1700x1275.jpg 1700w, https:\/\/www.systra.com\/france\/wp-content\/uploads\/sites\/4\/2022\/09\/photo-nadege-1352x1014.jpg 1352w, https:\/\/www.systra.com\/france\/wp-content\/uploads\/sites\/4\/2022\/09\/photo-nadege-800x600.jpg 800w, https:\/\/www.systra.com\/france\/wp-content\/uploads\/sites\/4\/2022\/09\/photo-nadege-180x135.jpg 180w, https:\/\/www.systra.com\/france\/wp-content\/uploads\/sites\/4\/2022\/09\/photo-nadege-153x115.jpg 153w, https:\/\/www.systra.com\/france\/wp-content\/uploads\/sites\/4\/2022\/09\/photo-nadege-230x173.jpg 230w\" sizes=\"(max-width: 1024px) 100vw, 1024px\" \/><\/figure>\n<\/div>\n\n\n<p class=\"has-pale-mauve-background-color has-background\"><strong>Nad\u00e8ge ROY<\/strong><br><mark class=\"has-inline-color has-dusty-blue-color\">Direction Conseil, Am\u00e9nagement &amp; Territoires<br><\/mark>Bordeaux<\/p>\n<\/div>\n\n\n\n<div class=\"wp-block-column is-layout-flow wp-block-column-is-layout-flow\" style=\"flex-basis:66.66%\">\n<h3 class=\"wp-block-heading has-dusty-blue-color has-text-color\" id=\"h-quel-est-votre-metier-nbsp\">Quel est votre m\u00e9tier\u202f?&nbsp;<\/h3>\n\n\n\n<div style=\"height:20px\" aria-hidden=\"true\" class=\"wp-block-spacer\"><\/div>\n\n\n\n<p>Motiv\u00e9e tr\u00e8s t\u00f4t par la d\u00e9fense de la cause environnementale, je me suis sp\u00e9cialis\u00e9e en droit de l\u2019environnement. Apr\u00e8s quelques exp\u00e9riences dans le monde associatif, j\u2019ai int\u00e9gr\u00e9 par un heureux concours de circonstances les \u00e9quipes de SYSTRA en tant que juriste environnement. J\u2019ai eu la chance de travailler sur des projets stimulants, porteurs de sens et souvent exceptionnels par leur ambition et leur taille. <\/p>\n\n\n\n<div style=\"height:20px\" aria-hidden=\"true\" class=\"wp-block-spacer\"><\/div>\n\n\n\n<p>J\u2019ai \u00e9galement eu le plaisir de d\u00e9couvrir au fil des ann\u00e9es des \u00e9quipes passionn\u00e9es, o\u00f9 l\u2019on travaille dans une ambiance conviviale. &nbsp;&nbsp;&nbsp;&nbsp;&nbsp;<\/p>\n\n\n\n<div style=\"height:20px\" aria-hidden=\"true\" class=\"wp-block-spacer\"><\/div>\n\n\n\n<p>Depuis d\u00e9but 2022, je suis la responsable de l\u2019activit\u00e9 environnement pour SYSTRA France.<\/p>\n\n\n\n<div style=\"height:60px\" aria-hidden=\"true\" class=\"wp-block-spacer\"><\/div>\n\n\n\n<h3 class=\"wp-block-heading has-dusty-blue-color has-text-color\" id=\"h-quelles-sont-vos-missions-au-sein-de-l-equipe-environnement\">Quelles sont vos missions au sein de l&#8217;\u00e9quipe environnement ?<\/h3>\n\n\n\n<div style=\"height:20px\" aria-hidden=\"true\" class=\"wp-block-spacer\"><\/div>\n\n\n\n<p>Nous accompagnons et conseillons nos clients sur tous leurs projets de transition environnementale (pour des infrastructures ou am\u00e9nagement urbain) tout en maitrisant les impacts, respectant la r\u00e9glementation environnementale en constante \u00e9volution, le planning et en anticipant les risques. <\/p>\n\n\n\n<div style=\"height:20px\" aria-hidden=\"true\" class=\"wp-block-spacer\"><\/div>\n\n\n\n<p>En proposant des solutions int\u00e9gr\u00e9es, innovantes et durables&nbsp;: notre ambition est de placer l\u2019environnement au c\u0153ur des projets d\u2019infrastructure et d\u2019am\u00e9nagement pour des villes et des territoires durables<\/p>\n\n\n\n<div style=\"height:20px\" aria-hidden=\"true\" class=\"wp-block-spacer\"><\/div>\n\n\n\n<p>L\u2019\u00e9quipe environnement de SYSTRA France, se compose de profils pluridisciplinaires implant\u00e9s au plus pr\u00e8s de nos clients, sur tout le territoire national, nous sommes mobilis\u00e9s autant sur des projets fran\u00e7ais qu\u2019internationaux.<\/p>\n\n\n\n<div style=\"height:20px\" aria-hidden=\"true\" class=\"wp-block-spacer\"><\/div>\n\n\n\n<p>Notre connaissance des territoires, notre implantation r\u00e9gionale et la connaissance des diff\u00e9rentes \u00e9tapes du cycle de vie d\u2019un projet d\u2019infrastructure ainsi que nos retours sur exp\u00e9riences r\u00e9els nous permettent de b\u00e9n\u00e9ficier d\u2019une vision de l\u2019environnement global de nos projets.<\/p>\n\n\n\n<div style=\"height:20px\" aria-hidden=\"true\" class=\"wp-block-spacer\"><\/div>\n\n\n\n<p>Cette ann\u00e9e encore, nous avons renforc\u00e9 notre \u00e9quipe environnement et recherchons en permanence de nouveaux collaborateurs,&nbsp;nous d\u00e9veloppons, notamment, de nouvelles solutions digitales dans le cadre de nos projets et \u00e9largissons notre offre de service.<\/p>\n\n\n\n<div style=\"height:20px\" aria-hidden=\"true\" class=\"wp-block-spacer\"><\/div>\n\n\n\n<p>La prise de conscience g\u00e9n\u00e9rale li\u00e9e \u00e0 la situation d\u2019urgence climatique actuelle remet, enfin, au centre des d\u00e9bats l\u2019environnement pour en faire un sujet d\u2019importance cruciale dans la conception de n\u2019importe quel projet.<\/p>\n\n\n\n<div style=\"height:60px\" aria-hidden=\"true\" class=\"wp-block-spacer\"><\/div>\n\n\n\n<h3 class=\"wp-block-heading has-dusty-blue-color has-text-color\" id=\"h-les-3-qualites-ou-competences-importantes-dans-votre-metier\">Les 3 qualit\u00e9s ou comp\u00e9tences importantes dans votre m\u00e9tier\u202f?<\/h3>\n\n\n\n<div style=\"height:20px\" aria-hidden=\"true\" class=\"wp-block-spacer\"><\/div>\n\n\n\n<p>Hormis l\u2019expertise technique&nbsp;la p\u00e9dagogie est une qualit\u00e9 cl\u00e9 pour accompagner la ma\u00eetrise d\u2019ouvrage et les chefs de projets dans leurs r\u00e9alisations de leurs projets d\u2019infrastructure et d\u2019am\u00e9nagement du territoire. <\/p>\n\n\n\n<div style=\"height:20px\" aria-hidden=\"true\" class=\"wp-block-spacer\"><\/div>\n\n\n\n<p>Un environnementaliste doit avoir la capacit\u00e9 \u00e0 argumenter et convaincre ses interlocuteurs d\u2019horizon diverse du bien-fond\u00e9 de certaines mesures environnementales.&nbsp;<\/p>\n\n\n\n<div style=\"height:60px\" aria-hidden=\"true\" class=\"wp-block-spacer\"><\/div>\n\n\n\n<h3 class=\"wp-block-heading has-dusty-blue-color has-text-color\" id=\"h-pourquoi-systra-nbsp\">POURQUOI SYSTRA&nbsp;?<\/h3>\n\n\n\n<div style=\"height:20px\" aria-hidden=\"true\" class=\"wp-block-spacer\"><\/div>\n\n\n\n<p>SYSTRA nous offre l\u2019opportunit\u00e9 d\u2019intervenir sur des projets pluridisciplinaires, jusqu\u2019aux plus dimensionnants (M\u00e9tro du Grand Paris, projets d\u2019infrastructures de transport lin\u00e9aire des dizaines de kilom\u00e8tres\u2026) sur lesquels l\u2019\u00e9quipe environnement \u0153uvre pour concilier am\u00e9nagement du territoire et enjeux environnementaux. Nous pouvons participer activement et concr\u00e8tement \u00e0 la transition \u00e9cologique, \u00e0 travers nos m\u00e9tiers au quotidien.<\/p>\n\n\n\n<div style=\"height:100px\" aria-hidden=\"true\" class=\"wp-block-spacer\"><\/div>\n\n\n\n<h3 class=\"wp-block-heading has-dusty-blue-color has-text-color\" id=\"h-comment-expliquer-ton-metier-a-un-enfant-nbsp\">Comment expliquer ton m\u00e9tier \u00e0 un enfant&nbsp;?<\/h3>\n\n\n\n<div style=\"height:20px\" aria-hidden=\"true\" class=\"wp-block-spacer\"><\/div>\n\n\n\n<p>Mon m\u00e9tier est de pr\u00e9server notre plan\u00e8te, c\u2019est la seule sur laquelle on trouve du chocolat blanc, pr\u00e9servons-l\u00e0.<\/p>\n<\/div>\n<\/div>\n\n\n\n<div style=\"height:100px\" aria-hidden=\"true\" class=\"wp-block-spacer\"><\/div>\n\n\n\n<p><\/p>\n","protected":false},"excerpt":{"rendered":"<p>Nad\u00e8ge ROYDirection Conseil, Am\u00e9nagement &amp; TerritoiresBordeaux Quel est votre m\u00e9tier\u202f?&nbsp; Motiv\u00e9e tr\u00e8s t\u00f4t par la d\u00e9fense de la cause environnementale, je me suis sp\u00e9cialis\u00e9e en droit de l\u2019environnement. Apr\u00e8s quelques exp\u00e9riences dans le monde associatif, j\u2019ai int\u00e9gr\u00e9 par un heureux concours de circonstances les \u00e9quipes de SYSTRA en tant que juriste environnement. J\u2019ai eu la [&hellip;]<\/p>\n","protected":false},"author":25,"featured_media":3261,"parent":0,"menu_order":14,"comment_status":"closed","ping_status":"closed","template":"template-collaborateur.php","meta":{"_acf_changed":false,"_relevanssi_hide_post":"","_relevanssi_hide_content":"","_relevanssi_pin_for_all":"","_relevanssi_pin_keywords":"","_relevanssi_unpin_keywords":"","_relevanssi_related_keywords":"","_relevanssi_related_include_ids":"","_relevanssi_related_exclude_ids":"","_relevanssi_related_no_append":"","_relevanssi_related_not_related":"","_relevanssi_related_posts":"1","_relevanssi_noindex_reason":"","footnotes":""},"class_list":["post-5147","page","type-page","status-publish","has-post-thumbnail","hentry"],"acf":[],"yoast_head":"<!-- This site is optimized with the Yoast SEO Premium plugin v27.4 (Yoast SEO v27.4) - https:\/\/yoast.com\/product\/yoast-seo-premium-wordpress\/ -->\n<title>Nad\u00e8ge ROY, Responsable environnement - France<\/title>\n<meta name=\"description\" content=\"Nad\u00e8ge ROYDirection Conseil, Am\u00e9nagement &amp; TerritoiresBordeaux Quel est votre m\u00e9tier\u202f?&nbsp; Motiv\u00e9e tr\u00e8s t\u00f4t par la d\u00e9fense de la cause\" \/>\n<meta name=\"robots\" content=\"index, follow, max-snippet:-1, max-image-preview:large, max-video-preview:-1\" \/>\n<meta property=\"og:locale\" content=\"fr_FR\" \/>\n<meta property=\"og:type\" content=\"article\" \/>\n<meta property=\"og:title\" content=\"Nad\u00e8ge ROY, Responsable environnement\" \/>\n<meta property=\"og:description\" content=\"Nad\u00e8ge ROYDirection Conseil, Am\u00e9nagement &amp; TerritoiresBordeaux Quel est votre m\u00e9tier\u202f?&nbsp; Motiv\u00e9e tr\u00e8s t\u00f4t par la d\u00e9fense de la cause\" \/>\n<meta property=\"og:url\" content=\"https:\/\/www.systra.com\/france\/nadege-roy-responsable-metier-environnement\/\" \/>\n<meta property=\"og:site_name\" content=\"France\" \/>\n<meta property=\"article:publisher\" content=\"https:\/\/www.facebook.com\/SYSTRA\" \/>\n<meta property=\"article:modified_time\" content=\"2025-09-11T16:05:49+00:00\" \/>\n<meta property=\"og:image\" content=\"https:\/\/www.systra.com\/france\/wp-content\/uploads\/sites\/4\/2021\/08\/illustration-interview.jpg\" \/>\n\t<meta property=\"og:image:width\" content=\"2350\" \/>\n\t<meta property=\"og:image:height\" content=\"1500\" \/>\n\t<meta property=\"og:image:type\" content=\"image\/jpeg\" \/>\n<meta name=\"twitter:card\" content=\"summary_large_image\" \/>\n<meta name=\"twitter:site\" content=\"@SYSTRA_LTD\" \/>\n<meta name=\"twitter:label1\" content=\"Dur\u00e9e de lecture estim\u00e9e\" \/>\n\t<meta name=\"twitter:data1\" content=\"3 minutes\" \/>\n<script type=\"application\/ld+json\" class=\"yoast-schema-graph\">{\"@context\":\"https:\\\/\\\/schema.org\",\"@graph\":[{\"@type\":\"WebPage\",\"@id\":\"https:\\\/\\\/www.systra.com\\\/france\\\/nadege-roy-responsable-metier-environnement\\\/\",\"url\":\"https:\\\/\\\/www.systra.com\\\/france\\\/nadege-roy-responsable-metier-environnement\\\/\",\"name\":\"Nad\u00e8ge ROY, Responsable environnement - France\",\"isPartOf\":{\"@id\":\"https:\\\/\\\/www.systra.com\\\/france\\\/#website\"},\"primaryImageOfPage\":{\"@id\":\"https:\\\/\\\/www.systra.com\\\/france\\\/nadege-roy-responsable-metier-environnement\\\/#primaryimage\"},\"image\":{\"@id\":\"https:\\\/\\\/www.systra.com\\\/france\\\/nadege-roy-responsable-metier-environnement\\\/#primaryimage\"},\"thumbnailUrl\":\"https:\\\/\\\/www.systra.com\\\/france\\\/wp-content\\\/uploads\\\/sites\\\/4\\\/2021\\\/08\\\/illustration-interview.jpg\",\"datePublished\":\"2022-09-14T07:05:29+00:00\",\"dateModified\":\"2025-09-11T16:05:49+00:00\",\"description\":\"Nad\u00e8ge ROYDirection Conseil, Am\u00e9nagement &amp; TerritoiresBordeaux Quel est votre m\u00e9tier\u202f?&nbsp; Motiv\u00e9e tr\u00e8s t\u00f4t par la d\u00e9fense de la cause\",\"breadcrumb\":{\"@id\":\"https:\\\/\\\/www.systra.com\\\/france\\\/nadege-roy-responsable-metier-environnement\\\/#breadcrumb\"},\"inLanguage\":\"fr-FR\",\"potentialAction\":[{\"@type\":\"ReadAction\",\"target\":[\"https:\\\/\\\/www.systra.com\\\/france\\\/nadege-roy-responsable-metier-environnement\\\/\"]}]},{\"@type\":\"ImageObject\",\"inLanguage\":\"fr-FR\",\"@id\":\"https:\\\/\\\/www.systra.com\\\/france\\\/nadege-roy-responsable-metier-environnement\\\/#primaryimage\",\"url\":\"https:\\\/\\\/www.systra.com\\\/france\\\/wp-content\\\/uploads\\\/sites\\\/4\\\/2021\\\/08\\\/illustration-interview.jpg\",\"contentUrl\":\"https:\\\/\\\/www.systra.com\\\/france\\\/wp-content\\\/uploads\\\/sites\\\/4\\\/2021\\\/08\\\/illustration-interview.jpg\",\"width\":2350,\"height\":1500},{\"@type\":\"BreadcrumbList\",\"@id\":\"https:\\\/\\\/www.systra.com\\\/france\\\/nadege-roy-responsable-metier-environnement\\\/#breadcrumb\",\"itemListElement\":[{\"@type\":\"ListItem\",\"position\":1,\"name\":\"Accueil\",\"item\":\"https:\\\/\\\/www.systra.com\\\/france\\\/\"},{\"@type\":\"ListItem\",\"position\":2,\"name\":\"Nad\u00e8ge ROY, Responsable environnement\"}]},{\"@type\":\"WebSite\",\"@id\":\"https:\\\/\\\/www.systra.com\\\/france\\\/#website\",\"url\":\"https:\\\/\\\/www.systra.com\\\/france\\\/\",\"name\":\"France\",\"description\":\"La confiance transporte le monde\",\"publisher\":{\"@id\":\"https:\\\/\\\/www.systra.com\\\/france\\\/#organization\"},\"potentialAction\":[{\"@type\":\"SearchAction\",\"target\":{\"@type\":\"EntryPoint\",\"urlTemplate\":\"https:\\\/\\\/www.systra.com\\\/france\\\/?s={search_term_string}\"},\"query-input\":{\"@type\":\"PropertyValueSpecification\",\"valueRequired\":true,\"valueName\":\"search_term_string\"}}],\"inLanguage\":\"fr-FR\"},{\"@type\":\"Organization\",\"@id\":\"https:\\\/\\\/www.systra.com\\\/france\\\/#organization\",\"name\":\"Systra France\",\"url\":\"https:\\\/\\\/www.systra.com\\\/france\\\/\",\"logo\":{\"@type\":\"ImageObject\",\"inLanguage\":\"fr-FR\",\"@id\":\"https:\\\/\\\/www.systra.com\\\/france\\\/#\\\/schema\\\/logo\\\/image\\\/\",\"url\":\"https:\\\/\\\/www.systra.com\\\/france\\\/wp-content\\\/uploads\\\/sites\\\/4\\\/2021\\\/03\\\/systra_logo_svg.svg\",\"contentUrl\":\"https:\\\/\\\/www.systra.com\\\/france\\\/wp-content\\\/uploads\\\/sites\\\/4\\\/2021\\\/03\\\/systra_logo_svg.svg\",\"width\":179,\"height\":34,\"caption\":\"Systra France\"},\"image\":{\"@id\":\"https:\\\/\\\/www.systra.com\\\/france\\\/#\\\/schema\\\/logo\\\/image\\\/\"},\"sameAs\":[\"https:\\\/\\\/www.facebook.com\\\/SYSTRA\",\"https:\\\/\\\/x.com\\\/SYSTRA_LTD\",\"https:\\\/\\\/www.linkedin.com\\\/company\\\/systra\\\/\"]}]}<\/script>\n<!-- \/ Yoast SEO Premium plugin. -->","yoast_head_json":{"title":"Nad\u00e8ge ROY, Responsable environnement - France","description":"Nad\u00e8ge ROYDirection Conseil, Am\u00e9nagement &amp; TerritoiresBordeaux Quel est votre m\u00e9tier\u202f?&nbsp; Motiv\u00e9e tr\u00e8s t\u00f4t par la d\u00e9fense de la cause","robots":{"index":"index","follow":"follow","max-snippet":"max-snippet:-1","max-image-preview":"max-image-preview:large","max-video-preview":"max-video-preview:-1"},"og_locale":"fr_FR","og_type":"article","og_title":"Nad\u00e8ge ROY, Responsable environnement","og_description":"Nad\u00e8ge ROYDirection Conseil, Am\u00e9nagement &amp; TerritoiresBordeaux Quel est votre m\u00e9tier\u202f?&nbsp; Motiv\u00e9e tr\u00e8s t\u00f4t par la d\u00e9fense de la cause","og_url":"https:\/\/www.systra.com\/france\/nadege-roy-responsable-metier-environnement\/","og_site_name":"France","article_publisher":"https:\/\/www.facebook.com\/SYSTRA","article_modified_time":"2025-09-11T16:05:49+00:00","og_image":[{"width":2350,"height":1500,"url":"https:\/\/www.systra.com\/france\/wp-content\/uploads\/sites\/4\/2021\/08\/illustration-interview.jpg","type":"image\/jpeg"}],"twitter_card":"summary_large_image","twitter_site":"@SYSTRA_LTD","twitter_misc":{"Dur\u00e9e de lecture estim\u00e9e":"3 minutes"},"schema":{"@context":"https:\/\/schema.org","@graph":[{"@type":"WebPage","@id":"https:\/\/www.systra.com\/france\/nadege-roy-responsable-metier-environnement\/","url":"https:\/\/www.systra.com\/france\/nadege-roy-responsable-metier-environnement\/","name":"Nad\u00e8ge ROY, Responsable environnement - France","isPartOf":{"@id":"https:\/\/www.systra.com\/france\/#website"},"primaryImageOfPage":{"@id":"https:\/\/www.systra.com\/france\/nadege-roy-responsable-metier-environnement\/#primaryimage"},"image":{"@id":"https:\/\/www.systra.com\/france\/nadege-roy-responsable-metier-environnement\/#primaryimage"},"thumbnailUrl":"https:\/\/www.systra.com\/france\/wp-content\/uploads\/sites\/4\/2021\/08\/illustration-interview.jpg","datePublished":"2022-09-14T07:05:29+00:00","dateModified":"2025-09-11T16:05:49+00:00","description":"Nad\u00e8ge ROYDirection Conseil, Am\u00e9nagement &amp; TerritoiresBordeaux Quel est votre m\u00e9tier\u202f?&nbsp; Motiv\u00e9e tr\u00e8s t\u00f4t par la d\u00e9fense de la cause","breadcrumb":{"@id":"https:\/\/www.systra.com\/france\/nadege-roy-responsable-metier-environnement\/#breadcrumb"},"inLanguage":"fr-FR","potentialAction":[{"@type":"ReadAction","target":["https:\/\/www.systra.com\/france\/nadege-roy-responsable-metier-environnement\/"]}]},{"@type":"ImageObject","inLanguage":"fr-FR","@id":"https:\/\/www.systra.com\/france\/nadege-roy-responsable-metier-environnement\/#primaryimage","url":"https:\/\/www.systra.com\/france\/wp-content\/uploads\/sites\/4\/2021\/08\/illustration-interview.jpg","contentUrl":"https:\/\/www.systra.com\/france\/wp-content\/uploads\/sites\/4\/2021\/08\/illustration-interview.jpg","width":2350,"height":1500},{"@type":"BreadcrumbList","@id":"https:\/\/www.systra.com\/france\/nadege-roy-responsable-metier-environnement\/#breadcrumb","itemListElement":[{"@type":"ListItem","position":1,"name":"Accueil","item":"https:\/\/www.systra.com\/france\/"},{"@type":"ListItem","position":2,"name":"Nad\u00e8ge ROY, Responsable environnement"}]},{"@type":"WebSite","@id":"https:\/\/www.systra.com\/france\/#website","url":"https:\/\/www.systra.com\/france\/","name":"France","description":"La confiance transporte le monde","publisher":{"@id":"https:\/\/www.systra.com\/france\/#organization"},"potentialAction":[{"@type":"SearchAction","target":{"@type":"EntryPoint","urlTemplate":"https:\/\/www.systra.com\/france\/?s={search_term_string}"},"query-input":{"@type":"PropertyValueSpecification","valueRequired":true,"valueName":"search_term_string"}}],"inLanguage":"fr-FR"},{"@type":"Organization","@id":"https:\/\/www.systra.com\/france\/#organization","name":"Systra France","url":"https:\/\/www.systra.com\/france\/","logo":{"@type":"ImageObject","inLanguage":"fr-FR","@id":"https:\/\/www.systra.com\/france\/#\/schema\/logo\/image\/","url":"https:\/\/www.systra.com\/france\/wp-content\/uploads\/sites\/4\/2021\/03\/systra_logo_svg.svg","contentUrl":"https:\/\/www.systra.com\/france\/wp-content\/uploads\/sites\/4\/2021\/03\/systra_logo_svg.svg","width":179,"height":34,"caption":"Systra France"},"image":{"@id":"https:\/\/www.systra.com\/france\/#\/schema\/logo\/image\/"},"sameAs":["https:\/\/www.facebook.com\/SYSTRA","https:\/\/x.com\/SYSTRA_LTD","https:\/\/www.linkedin.com\/company\/systra\/"]}]}},"lang":"fr","translations":{"fr":5147},"pll_sync_post":[],"_links":{"self":[{"href":"https:\/\/www.systra.com\/france\/wp-json\/wp\/v2\/pages\/5147","targetHints":{"allow":["GET"]}}],"collection":[{"href":"https:\/\/www.systra.com\/france\/wp-json\/wp\/v2\/pages"}],"about":[{"href":"https:\/\/www.systra.com\/france\/wp-json\/wp\/v2\/types\/page"}],"author":[{"embeddable":true,"href":"https:\/\/www.systra.com\/france\/wp-json\/wp\/v2\/users\/25"}],"replies":[{"embeddable":true,"href":"https:\/\/www.systra.com\/france\/wp-json\/wp\/v2\/comments?post=5147"}],"version-history":[{"count":3,"href":"https:\/\/www.systra.com\/france\/wp-json\/wp\/v2\/pages\/5147\/revisions"}],"predecessor-version":[{"id":38534,"href":"https:\/\/www.systra.com\/france\/wp-json\/wp\/v2\/pages\/5147\/revisions\/38534"}],"wp:featuredmedia":[{"embeddable":true,"href":"https:\/\/www.systra.com\/france\/wp-json\/wp\/v2\/media\/3261"}],"wp:attachment":[{"href":"https:\/\/www.systra.com\/france\/wp-json\/wp\/v2\/media?parent=5147"}],"curies":[{"name":"wp","href":"https:\/\/api.w.org\/{rel}","templated":true}]}}