{"id":40798,"date":"2025-09-23T10:43:38","date_gmt":"2025-09-23T08:43:38","guid":{"rendered":"https:\/\/www.systra.com\/france\/?page_id=40798"},"modified":"2025-09-23T13:58:54","modified_gmt":"2025-09-23T11:58:54","slug":"isabelle-jaffeux","status":"publish","type":"page","link":"https:\/\/www.systra.com\/france\/isabelle-jaffeux\/","title":{"rendered":"Isabelle Jaffeux"},"content":{"rendered":"\n<h3 class=\"wp-block-heading\" id=\"h-directrice-international\">Directrice International<\/h3>\n\n\n\n<div style=\"height:100px\" aria-hidden=\"true\" class=\"wp-block-spacer\"><\/div>\n\n\n\n<div class=\"wp-block-media-text is-stacked-on-mobile\"><figure class=\"wp-block-media-text__media\"><img decoding=\"async\" width=\"997\" height=\"1024\" src=\"https:\/\/www.systra.com\/france\/wp-content\/uploads\/sites\/4\/2025\/09\/isabelle-jaffeux-1-997x1024.jpg\" alt=\"\" class=\"wp-image-38329 size-full\" srcset=\"https:\/\/www.systra.com\/france\/wp-content\/uploads\/sites\/4\/2025\/09\/isabelle-jaffeux-1-997x1024.jpg 997w, https:\/\/www.systra.com\/france\/wp-content\/uploads\/sites\/4\/2025\/09\/isabelle-jaffeux-1-292x300.jpg 292w, https:\/\/www.systra.com\/france\/wp-content\/uploads\/sites\/4\/2025\/09\/isabelle-jaffeux-1-768x789.jpg 768w, https:\/\/www.systra.com\/france\/wp-content\/uploads\/sites\/4\/2025\/09\/isabelle-jaffeux-1-1495x1536.jpg 1495w\" sizes=\"(max-width: 997px) 100vw, 997px\" \/><\/figure><div class=\"wp-block-media-text__content\">\n<p>Titulaire du DEA Transport de l\u2019Ecole des Ponts et Chauss\u00e9es, Isabelle Jaffeux a d\u00e9di\u00e9 sa premi\u00e8re partie de carri\u00e8re \u00e0 la direction de projets Conseil et Mobilit\u00e9 en France et \u00e0 l\u2019international. Elle a rejoint SYSTRA en 2008 o\u00f9 elle a exerc\u00e9 des fonctions commerciales au sein des R\u00e9gions Afrique, Moyen-Orient &amp; Afrique, a conduit des projets transverses dont le d\u00e9ploiement d\u2019une solution CRM, avant de prendre la direction des Op\u00e9rations de la filiale SYSTRA USA \u00e0 New York.<\/p>\n\n\n\n<p>Aujourd\u2019hui Directrice de l\u2019International, elle coordonne l\u2019activit\u00e9 internationale des Business Units de SYSTRA France avec le Groupe SYSTRA.<\/p>\n<\/div><\/div>\n\n\n\n<div style=\"height:100px\" aria-hidden=\"true\" class=\"wp-block-spacer\"><\/div>\n\n\n\n<div class=\"wp-block-buttons is-layout-flex wp-block-buttons-is-layout-flex\">\n<div class=\"wp-block-button has-custom-width wp-block-button__width-100\"><a class=\"wp-block-button__link has-dirty-purple-background-color has-background wp-element-button\" href=\"https:\/\/www.systra.com\/france\/gouvernance\/\" target=\"_blank\" rel=\"noreferrer noopener\">Gouvernance<\/a><\/div>\n<\/div>\n","protected":false},"excerpt":{"rendered":"<p>Directrice International Titulaire du DEA Transport de l\u2019Ecole des Ponts et Chauss\u00e9es, Isabelle Jaffeux a d\u00e9di\u00e9 sa premi\u00e8re partie de carri\u00e8re \u00e0 la direction de projets Conseil et Mobilit\u00e9 en France et \u00e0 l\u2019international. Elle a rejoint SYSTRA en 2008 o\u00f9 elle a exerc\u00e9 des fonctions commerciales au sein des R\u00e9gions Afrique, Moyen-Orient &amp; Afrique, [&hellip;]<\/p>\n","protected":false},"author":23,"featured_media":0,"parent":0,"menu_order":0,"comment_status":"closed","ping_status":"closed","template":"","meta":{"_acf_changed":false,"_relevanssi_hide_post":"","_relevanssi_hide_content":"","_relevanssi_pin_for_all":"","_relevanssi_pin_keywords":"","_relevanssi_unpin_keywords":"","_relevanssi_related_keywords":"","_relevanssi_related_include_ids":"","_relevanssi_related_exclude_ids":"","_relevanssi_related_no_append":"","_relevanssi_related_not_related":"","_relevanssi_related_posts":"3794,28748,6287,4007,3849,3848","_relevanssi_noindex_reason":"","footnotes":""},"class_list":["post-40798","page","type-page","status-publish","hentry"],"acf":[],"yoast_head":"<!-- This site is optimized with the Yoast SEO Premium plugin v27.4 (Yoast SEO v27.4) - https:\/\/yoast.com\/product\/yoast-seo-premium-wordpress\/ -->\n<title>Isabelle Jaffeux - France<\/title>\n<meta name=\"description\" content=\"Directrice International Titulaire du DEA Transport de l\u2019Ecole des Ponts et Chauss\u00e9es, Isabelle Jaffeux a d\u00e9di\u00e9 sa premi\u00e8re partie de carri\u00e8re \u00e0 la\" \/>\n<meta name=\"robots\" content=\"index, follow, max-snippet:-1, max-image-preview:large, max-video-preview:-1\" \/>\n<meta property=\"og:locale\" content=\"fr_FR\" \/>\n<meta property=\"og:type\" content=\"article\" \/>\n<meta property=\"og:title\" content=\"Isabelle Jaffeux\" \/>\n<meta property=\"og:description\" content=\"Directrice International Titulaire du DEA Transport de l\u2019Ecole des Ponts et Chauss\u00e9es, Isabelle Jaffeux a d\u00e9di\u00e9 sa premi\u00e8re partie de carri\u00e8re \u00e0 la\" \/>\n<meta property=\"og:url\" content=\"https:\/\/www.systra.com\/france\/isabelle-jaffeux\/\" \/>\n<meta property=\"og:site_name\" content=\"France\" \/>\n<meta property=\"article:publisher\" content=\"https:\/\/www.facebook.com\/SYSTRA\" \/>\n<meta property=\"article:modified_time\" content=\"2025-09-23T11:58:54+00:00\" \/>\n<meta property=\"og:image\" content=\"https:\/\/www.systra.com\/france\/wp-content\/uploads\/sites\/4\/2025\/09\/isabelle-jaffeux-1-scaled.jpg\" \/>\n\t<meta property=\"og:image:width\" content=\"2492\" \/>\n\t<meta property=\"og:image:height\" content=\"2560\" \/>\n\t<meta property=\"og:image:type\" content=\"image\/jpeg\" \/>\n<meta name=\"twitter:card\" content=\"summary_large_image\" \/>\n<meta name=\"twitter:site\" content=\"@SYSTRA_LTD\" \/>\n<meta name=\"twitter:label1\" content=\"Dur\u00e9e de lecture estim\u00e9e\" \/>\n\t<meta name=\"twitter:data1\" content=\"1 minute\" \/>\n<script type=\"application\/ld+json\" class=\"yoast-schema-graph\">{\"@context\":\"https:\\\/\\\/schema.org\",\"@graph\":[{\"@type\":\"WebPage\",\"@id\":\"https:\\\/\\\/www.systra.com\\\/france\\\/isabelle-jaffeux\\\/\",\"url\":\"https:\\\/\\\/www.systra.com\\\/france\\\/isabelle-jaffeux\\\/\",\"name\":\"Isabelle Jaffeux - France\",\"isPartOf\":{\"@id\":\"https:\\\/\\\/www.systra.com\\\/france\\\/#website\"},\"primaryImageOfPage\":{\"@id\":\"https:\\\/\\\/www.systra.com\\\/france\\\/isabelle-jaffeux\\\/#primaryimage\"},\"image\":{\"@id\":\"https:\\\/\\\/www.systra.com\\\/france\\\/isabelle-jaffeux\\\/#primaryimage\"},\"thumbnailUrl\":\"https:\\\/\\\/www.systra.com\\\/france\\\/wp-content\\\/uploads\\\/sites\\\/4\\\/2025\\\/09\\\/isabelle-jaffeux-1-997x1024.jpg\",\"datePublished\":\"2025-09-23T08:43:38+00:00\",\"dateModified\":\"2025-09-23T11:58:54+00:00\",\"description\":\"Directrice International Titulaire du DEA Transport de l\u2019Ecole des Ponts et Chauss\u00e9es, Isabelle Jaffeux a d\u00e9di\u00e9 sa premi\u00e8re partie de carri\u00e8re \u00e0 la\",\"breadcrumb\":{\"@id\":\"https:\\\/\\\/www.systra.com\\\/france\\\/isabelle-jaffeux\\\/#breadcrumb\"},\"inLanguage\":\"fr-FR\",\"potentialAction\":[{\"@type\":\"ReadAction\",\"target\":[\"https:\\\/\\\/www.systra.com\\\/france\\\/isabelle-jaffeux\\\/\"]}]},{\"@type\":\"ImageObject\",\"inLanguage\":\"fr-FR\",\"@id\":\"https:\\\/\\\/www.systra.com\\\/france\\\/isabelle-jaffeux\\\/#primaryimage\",\"url\":\"https:\\\/\\\/www.systra.com\\\/france\\\/wp-content\\\/uploads\\\/sites\\\/4\\\/2025\\\/09\\\/isabelle-jaffeux-1-scaled.jpg\",\"contentUrl\":\"https:\\\/\\\/www.systra.com\\\/france\\\/wp-content\\\/uploads\\\/sites\\\/4\\\/2025\\\/09\\\/isabelle-jaffeux-1-scaled.jpg\",\"width\":2492,\"height\":2560},{\"@type\":\"BreadcrumbList\",\"@id\":\"https:\\\/\\\/www.systra.com\\\/france\\\/isabelle-jaffeux\\\/#breadcrumb\",\"itemListElement\":[{\"@type\":\"ListItem\",\"position\":1,\"name\":\"Accueil\",\"item\":\"https:\\\/\\\/www.systra.com\\\/france\\\/\"},{\"@type\":\"ListItem\",\"position\":2,\"name\":\"Isabelle Jaffeux\"}]},{\"@type\":\"WebSite\",\"@id\":\"https:\\\/\\\/www.systra.com\\\/france\\\/#website\",\"url\":\"https:\\\/\\\/www.systra.com\\\/france\\\/\",\"name\":\"France\",\"description\":\"La confiance transporte le monde\",\"publisher\":{\"@id\":\"https:\\\/\\\/www.systra.com\\\/france\\\/#organization\"},\"potentialAction\":[{\"@type\":\"SearchAction\",\"target\":{\"@type\":\"EntryPoint\",\"urlTemplate\":\"https:\\\/\\\/www.systra.com\\\/france\\\/?s={search_term_string}\"},\"query-input\":{\"@type\":\"PropertyValueSpecification\",\"valueRequired\":true,\"valueName\":\"search_term_string\"}}],\"inLanguage\":\"fr-FR\"},{\"@type\":\"Organization\",\"@id\":\"https:\\\/\\\/www.systra.com\\\/france\\\/#organization\",\"name\":\"Systra France\",\"url\":\"https:\\\/\\\/www.systra.com\\\/france\\\/\",\"logo\":{\"@type\":\"ImageObject\",\"inLanguage\":\"fr-FR\",\"@id\":\"https:\\\/\\\/www.systra.com\\\/france\\\/#\\\/schema\\\/logo\\\/image\\\/\",\"url\":\"https:\\\/\\\/www.systra.com\\\/france\\\/wp-content\\\/uploads\\\/sites\\\/4\\\/2021\\\/03\\\/systra_logo_svg.svg\",\"contentUrl\":\"https:\\\/\\\/www.systra.com\\\/france\\\/wp-content\\\/uploads\\\/sites\\\/4\\\/2021\\\/03\\\/systra_logo_svg.svg\",\"width\":179,\"height\":34,\"caption\":\"Systra France\"},\"image\":{\"@id\":\"https:\\\/\\\/www.systra.com\\\/france\\\/#\\\/schema\\\/logo\\\/image\\\/\"},\"sameAs\":[\"https:\\\/\\\/www.facebook.com\\\/SYSTRA\",\"https:\\\/\\\/x.com\\\/SYSTRA_LTD\",\"https:\\\/\\\/www.linkedin.com\\\/company\\\/systra\\\/\"]}]}<\/script>\n<!-- \/ Yoast SEO Premium plugin. -->","yoast_head_json":{"title":"Isabelle Jaffeux - France","description":"Directrice International Titulaire du DEA Transport de l\u2019Ecole des Ponts et Chauss\u00e9es, Isabelle Jaffeux a d\u00e9di\u00e9 sa premi\u00e8re partie de carri\u00e8re \u00e0 la","robots":{"index":"index","follow":"follow","max-snippet":"max-snippet:-1","max-image-preview":"max-image-preview:large","max-video-preview":"max-video-preview:-1"},"og_locale":"fr_FR","og_type":"article","og_title":"Isabelle Jaffeux","og_description":"Directrice International Titulaire du DEA Transport de l\u2019Ecole des Ponts et Chauss\u00e9es, Isabelle Jaffeux a d\u00e9di\u00e9 sa premi\u00e8re partie de carri\u00e8re \u00e0 la","og_url":"https:\/\/www.systra.com\/france\/isabelle-jaffeux\/","og_site_name":"France","article_publisher":"https:\/\/www.facebook.com\/SYSTRA","article_modified_time":"2025-09-23T11:58:54+00:00","og_image":[{"width":2492,"height":2560,"url":"https:\/\/www.systra.com\/france\/wp-content\/uploads\/sites\/4\/2025\/09\/isabelle-jaffeux-1-scaled.jpg","type":"image\/jpeg"}],"twitter_card":"summary_large_image","twitter_site":"@SYSTRA_LTD","twitter_misc":{"Dur\u00e9e de lecture estim\u00e9e":"1 minute"},"schema":{"@context":"https:\/\/schema.org","@graph":[{"@type":"WebPage","@id":"https:\/\/www.systra.com\/france\/isabelle-jaffeux\/","url":"https:\/\/www.systra.com\/france\/isabelle-jaffeux\/","name":"Isabelle Jaffeux - France","isPartOf":{"@id":"https:\/\/www.systra.com\/france\/#website"},"primaryImageOfPage":{"@id":"https:\/\/www.systra.com\/france\/isabelle-jaffeux\/#primaryimage"},"image":{"@id":"https:\/\/www.systra.com\/france\/isabelle-jaffeux\/#primaryimage"},"thumbnailUrl":"https:\/\/www.systra.com\/france\/wp-content\/uploads\/sites\/4\/2025\/09\/isabelle-jaffeux-1-997x1024.jpg","datePublished":"2025-09-23T08:43:38+00:00","dateModified":"2025-09-23T11:58:54+00:00","description":"Directrice International Titulaire du DEA Transport de l\u2019Ecole des Ponts et Chauss\u00e9es, Isabelle Jaffeux a d\u00e9di\u00e9 sa premi\u00e8re partie de carri\u00e8re \u00e0 la","breadcrumb":{"@id":"https:\/\/www.systra.com\/france\/isabelle-jaffeux\/#breadcrumb"},"inLanguage":"fr-FR","potentialAction":[{"@type":"ReadAction","target":["https:\/\/www.systra.com\/france\/isabelle-jaffeux\/"]}]},{"@type":"ImageObject","inLanguage":"fr-FR","@id":"https:\/\/www.systra.com\/france\/isabelle-jaffeux\/#primaryimage","url":"https:\/\/www.systra.com\/france\/wp-content\/uploads\/sites\/4\/2025\/09\/isabelle-jaffeux-1-scaled.jpg","contentUrl":"https:\/\/www.systra.com\/france\/wp-content\/uploads\/sites\/4\/2025\/09\/isabelle-jaffeux-1-scaled.jpg","width":2492,"height":2560},{"@type":"BreadcrumbList","@id":"https:\/\/www.systra.com\/france\/isabelle-jaffeux\/#breadcrumb","itemListElement":[{"@type":"ListItem","position":1,"name":"Accueil","item":"https:\/\/www.systra.com\/france\/"},{"@type":"ListItem","position":2,"name":"Isabelle Jaffeux"}]},{"@type":"WebSite","@id":"https:\/\/www.systra.com\/france\/#website","url":"https:\/\/www.systra.com\/france\/","name":"France","description":"La confiance transporte le monde","publisher":{"@id":"https:\/\/www.systra.com\/france\/#organization"},"potentialAction":[{"@type":"SearchAction","target":{"@type":"EntryPoint","urlTemplate":"https:\/\/www.systra.com\/france\/?s={search_term_string}"},"query-input":{"@type":"PropertyValueSpecification","valueRequired":true,"valueName":"search_term_string"}}],"inLanguage":"fr-FR"},{"@type":"Organization","@id":"https:\/\/www.systra.com\/france\/#organization","name":"Systra France","url":"https:\/\/www.systra.com\/france\/","logo":{"@type":"ImageObject","inLanguage":"fr-FR","@id":"https:\/\/www.systra.com\/france\/#\/schema\/logo\/image\/","url":"https:\/\/www.systra.com\/france\/wp-content\/uploads\/sites\/4\/2021\/03\/systra_logo_svg.svg","contentUrl":"https:\/\/www.systra.com\/france\/wp-content\/uploads\/sites\/4\/2021\/03\/systra_logo_svg.svg","width":179,"height":34,"caption":"Systra France"},"image":{"@id":"https:\/\/www.systra.com\/france\/#\/schema\/logo\/image\/"},"sameAs":["https:\/\/www.facebook.com\/SYSTRA","https:\/\/x.com\/SYSTRA_LTD","https:\/\/www.linkedin.com\/company\/systra\/"]}]}},"lang":"fr","translations":{"fr":40798},"pll_sync_post":[],"_links":{"self":[{"href":"https:\/\/www.systra.com\/france\/wp-json\/wp\/v2\/pages\/40798","targetHints":{"allow":["GET"]}}],"collection":[{"href":"https:\/\/www.systra.com\/france\/wp-json\/wp\/v2\/pages"}],"about":[{"href":"https:\/\/www.systra.com\/france\/wp-json\/wp\/v2\/types\/page"}],"author":[{"embeddable":true,"href":"https:\/\/www.systra.com\/france\/wp-json\/wp\/v2\/users\/23"}],"replies":[{"embeddable":true,"href":"https:\/\/www.systra.com\/france\/wp-json\/wp\/v2\/comments?post=40798"}],"version-history":[{"count":3,"href":"https:\/\/www.systra.com\/france\/wp-json\/wp\/v2\/pages\/40798\/revisions"}],"predecessor-version":[{"id":40852,"href":"https:\/\/www.systra.com\/france\/wp-json\/wp\/v2\/pages\/40798\/revisions\/40852"}],"wp:attachment":[{"href":"https:\/\/www.systra.com\/france\/wp-json\/wp\/v2\/media?parent=40798"}],"curies":[{"name":"wp","href":"https:\/\/api.w.org\/{rel}","templated":true}]}}