{"id":40759,"date":"2025-09-23T10:33:29","date_gmt":"2025-09-23T08:33:29","guid":{"rendered":"https:\/\/www.systra.com\/france\/?page_id=40759"},"modified":"2025-09-23T13:52:19","modified_gmt":"2025-09-23T11:52:19","slug":"sylvie-cassan","status":"publish","type":"page","link":"https:\/\/www.systra.com\/france\/sylvie-cassan\/","title":{"rendered":"Sylvie Cassan"},"content":{"rendered":"\n<h3 class=\"wp-block-heading\" id=\"h-directrice-strategie-et-developpement\">Directrice Strat\u00e9gie et d\u00e9veloppement<\/h3>\n\n\n\n<div style=\"height:100px\" aria-hidden=\"true\" class=\"wp-block-spacer\"><\/div>\n\n\n\n<div class=\"wp-block-media-text is-stacked-on-mobile\"><figure class=\"wp-block-media-text__media\"><img decoding=\"async\" width=\"591\" height=\"591\" src=\"https:\/\/www.systra.com\/france\/wp-content\/uploads\/sites\/4\/2025\/09\/11.png\" alt=\"\" class=\"wp-image-40760 size-full\" srcset=\"https:\/\/www.systra.com\/france\/wp-content\/uploads\/sites\/4\/2025\/09\/11.png 591w, https:\/\/www.systra.com\/france\/wp-content\/uploads\/sites\/4\/2025\/09\/11-300x300.png 300w, https:\/\/www.systra.com\/france\/wp-content\/uploads\/sites\/4\/2025\/09\/11-150x150.png 150w, https:\/\/www.systra.com\/france\/wp-content\/uploads\/sites\/4\/2025\/09\/11-376x376.png 376w, https:\/\/www.systra.com\/france\/wp-content\/uploads\/sites\/4\/2025\/09\/11-474x474.png 474w, https:\/\/www.systra.com\/france\/wp-content\/uploads\/sites\/4\/2025\/09\/11-180x180.png 180w, https:\/\/www.systra.com\/france\/wp-content\/uploads\/sites\/4\/2025\/09\/11-153x153.png 153w, https:\/\/www.systra.com\/france\/wp-content\/uploads\/sites\/4\/2025\/09\/11-230x230.png 230w\" sizes=\"(max-width: 591px) 100vw, 591px\" \/><\/figure><div class=\"wp-block-media-text__content\">\n<p>Dipl\u00f4m\u00e9e d\u2019un Magist\u00e8re Am\u00e9nagement \u00e0 la Sorbonne et d\u2019un EMBA \u00e0 HEC, Sylvie Cassan a plus de 20 ans d\u2019exp\u00e9rience en conseil strat\u00e9gique aupr\u00e8s des acteurs publics et priv\u00e9s des villes et des territoires, avec une forte int\u00e9gration des enjeux de d\u00e9veloppement durable.<\/p>\n\n\n\n<p>Elle pilote la Direction Strat\u00e9gie et d\u00e9veloppement de SYSTRA France, qui s\u2019articule autour des missions de veille commerciale et d\u2019intelligence \u00e9conomique, de transformation culturelle de l\u2019entreprise pour relever les d\u00e9fis de nos clients, dans une relation partenariale fond\u00e9e sur la confiance et l\u2019\u00e9thique, ainsi que des missions de repr\u00e9sentation de l\u2019entreprise.<\/p>\n<\/div><\/div>\n\n\n\n<div style=\"height:100px\" aria-hidden=\"true\" class=\"wp-block-spacer\"><\/div>\n\n\n\n<div class=\"wp-block-buttons is-layout-flex wp-block-buttons-is-layout-flex\">\n<div class=\"wp-block-button has-custom-width wp-block-button__width-100\"><a class=\"wp-block-button__link has-dirty-purple-background-color has-background wp-element-button\" href=\"https:\/\/www.systra.com\/france\/gouvernance\/\" target=\"_blank\" rel=\"noreferrer noopener\">GOUVERNANCE<\/a><\/div>\n<\/div>\n","protected":false},"excerpt":{"rendered":"<p>Directrice Strat\u00e9gie et d\u00e9veloppement Dipl\u00f4m\u00e9e d\u2019un Magist\u00e8re Am\u00e9nagement \u00e0 la Sorbonne et d\u2019un EMBA \u00e0 HEC, Sylvie Cassan a plus de 20 ans d\u2019exp\u00e9rience en conseil strat\u00e9gique aupr\u00e8s des acteurs publics et priv\u00e9s des villes et des territoires, avec une forte int\u00e9gration des enjeux de d\u00e9veloppement durable. Elle pilote la Direction Strat\u00e9gie et d\u00e9veloppement de [&hellip;]<\/p>\n","protected":false},"author":23,"featured_media":0,"parent":0,"menu_order":0,"comment_status":"closed","ping_status":"closed","template":"","meta":{"_acf_changed":false,"_relevanssi_hide_post":"","_relevanssi_hide_content":"","_relevanssi_pin_for_all":"","_relevanssi_pin_keywords":"","_relevanssi_unpin_keywords":"","_relevanssi_related_keywords":"","_relevanssi_related_include_ids":"","_relevanssi_related_exclude_ids":"","_relevanssi_related_no_append":"","_relevanssi_related_not_related":"","_relevanssi_related_posts":"5688,3781,5137,3798,5410,4835","_relevanssi_noindex_reason":"","footnotes":""},"class_list":["post-40759","page","type-page","status-publish","hentry"],"acf":[],"yoast_head":"<!-- This site is optimized with the Yoast SEO Premium plugin v27.4 (Yoast SEO v27.4) - https:\/\/yoast.com\/product\/yoast-seo-premium-wordpress\/ -->\n<title>Sylvie Cassan - France<\/title>\n<meta name=\"description\" content=\"Directrice Strat\u00e9gie et d\u00e9veloppement Dipl\u00f4m\u00e9e d\u2019un Magist\u00e8re Am\u00e9nagement \u00e0 la Sorbonne et d\u2019un EMBA \u00e0 HEC, Sylvie Cassan a plus de 20 ans d\u2019exp\u00e9rience en\" \/>\n<meta name=\"robots\" content=\"index, follow, max-snippet:-1, max-image-preview:large, max-video-preview:-1\" \/>\n<meta property=\"og:locale\" content=\"fr_FR\" \/>\n<meta property=\"og:type\" content=\"article\" \/>\n<meta property=\"og:title\" content=\"Sylvie Cassan\" \/>\n<meta property=\"og:description\" content=\"Directrice Strat\u00e9gie et d\u00e9veloppement Dipl\u00f4m\u00e9e d\u2019un Magist\u00e8re Am\u00e9nagement \u00e0 la Sorbonne et d\u2019un EMBA \u00e0 HEC, Sylvie Cassan a plus de 20 ans d\u2019exp\u00e9rience en\" \/>\n<meta property=\"og:url\" content=\"https:\/\/www.systra.com\/france\/sylvie-cassan\/\" \/>\n<meta property=\"og:site_name\" content=\"France\" \/>\n<meta property=\"article:publisher\" content=\"https:\/\/www.facebook.com\/SYSTRA\" \/>\n<meta property=\"article:modified_time\" content=\"2025-09-23T11:52:19+00:00\" \/>\n<meta property=\"og:image\" content=\"https:\/\/www.systra.com\/france\/wp-content\/uploads\/sites\/4\/2025\/09\/11.png\" \/>\n\t<meta property=\"og:image:width\" content=\"591\" \/>\n\t<meta property=\"og:image:height\" content=\"591\" \/>\n\t<meta property=\"og:image:type\" content=\"image\/png\" \/>\n<meta name=\"twitter:card\" content=\"summary_large_image\" \/>\n<meta name=\"twitter:site\" content=\"@SYSTRA_LTD\" \/>\n<meta name=\"twitter:label1\" content=\"Dur\u00e9e de lecture estim\u00e9e\" \/>\n\t<meta name=\"twitter:data1\" content=\"1 minute\" \/>\n<script type=\"application\/ld+json\" class=\"yoast-schema-graph\">{\"@context\":\"https:\\\/\\\/schema.org\",\"@graph\":[{\"@type\":\"WebPage\",\"@id\":\"https:\\\/\\\/www.systra.com\\\/france\\\/sylvie-cassan\\\/\",\"url\":\"https:\\\/\\\/www.systra.com\\\/france\\\/sylvie-cassan\\\/\",\"name\":\"Sylvie Cassan - France\",\"isPartOf\":{\"@id\":\"https:\\\/\\\/www.systra.com\\\/france\\\/#website\"},\"primaryImageOfPage\":{\"@id\":\"https:\\\/\\\/www.systra.com\\\/france\\\/sylvie-cassan\\\/#primaryimage\"},\"image\":{\"@id\":\"https:\\\/\\\/www.systra.com\\\/france\\\/sylvie-cassan\\\/#primaryimage\"},\"thumbnailUrl\":\"https:\\\/\\\/www.systra.com\\\/france\\\/wp-content\\\/uploads\\\/sites\\\/4\\\/2025\\\/09\\\/11.png\",\"datePublished\":\"2025-09-23T08:33:29+00:00\",\"dateModified\":\"2025-09-23T11:52:19+00:00\",\"description\":\"Directrice Strat\u00e9gie et d\u00e9veloppement Dipl\u00f4m\u00e9e d\u2019un Magist\u00e8re Am\u00e9nagement \u00e0 la Sorbonne et d\u2019un EMBA \u00e0 HEC, Sylvie Cassan a plus de 20 ans d\u2019exp\u00e9rience en\",\"breadcrumb\":{\"@id\":\"https:\\\/\\\/www.systra.com\\\/france\\\/sylvie-cassan\\\/#breadcrumb\"},\"inLanguage\":\"fr-FR\",\"potentialAction\":[{\"@type\":\"ReadAction\",\"target\":[\"https:\\\/\\\/www.systra.com\\\/france\\\/sylvie-cassan\\\/\"]}]},{\"@type\":\"ImageObject\",\"inLanguage\":\"fr-FR\",\"@id\":\"https:\\\/\\\/www.systra.com\\\/france\\\/sylvie-cassan\\\/#primaryimage\",\"url\":\"https:\\\/\\\/www.systra.com\\\/france\\\/wp-content\\\/uploads\\\/sites\\\/4\\\/2025\\\/09\\\/11.png\",\"contentUrl\":\"https:\\\/\\\/www.systra.com\\\/france\\\/wp-content\\\/uploads\\\/sites\\\/4\\\/2025\\\/09\\\/11.png\",\"width\":591,\"height\":591},{\"@type\":\"BreadcrumbList\",\"@id\":\"https:\\\/\\\/www.systra.com\\\/france\\\/sylvie-cassan\\\/#breadcrumb\",\"itemListElement\":[{\"@type\":\"ListItem\",\"position\":1,\"name\":\"Accueil\",\"item\":\"https:\\\/\\\/www.systra.com\\\/france\\\/\"},{\"@type\":\"ListItem\",\"position\":2,\"name\":\"Sylvie Cassan\"}]},{\"@type\":\"WebSite\",\"@id\":\"https:\\\/\\\/www.systra.com\\\/france\\\/#website\",\"url\":\"https:\\\/\\\/www.systra.com\\\/france\\\/\",\"name\":\"France\",\"description\":\"La confiance transporte le monde\",\"publisher\":{\"@id\":\"https:\\\/\\\/www.systra.com\\\/france\\\/#organization\"},\"potentialAction\":[{\"@type\":\"SearchAction\",\"target\":{\"@type\":\"EntryPoint\",\"urlTemplate\":\"https:\\\/\\\/www.systra.com\\\/france\\\/?s={search_term_string}\"},\"query-input\":{\"@type\":\"PropertyValueSpecification\",\"valueRequired\":true,\"valueName\":\"search_term_string\"}}],\"inLanguage\":\"fr-FR\"},{\"@type\":\"Organization\",\"@id\":\"https:\\\/\\\/www.systra.com\\\/france\\\/#organization\",\"name\":\"Systra France\",\"url\":\"https:\\\/\\\/www.systra.com\\\/france\\\/\",\"logo\":{\"@type\":\"ImageObject\",\"inLanguage\":\"fr-FR\",\"@id\":\"https:\\\/\\\/www.systra.com\\\/france\\\/#\\\/schema\\\/logo\\\/image\\\/\",\"url\":\"https:\\\/\\\/www.systra.com\\\/france\\\/wp-content\\\/uploads\\\/sites\\\/4\\\/2021\\\/03\\\/systra_logo_svg.svg\",\"contentUrl\":\"https:\\\/\\\/www.systra.com\\\/france\\\/wp-content\\\/uploads\\\/sites\\\/4\\\/2021\\\/03\\\/systra_logo_svg.svg\",\"width\":179,\"height\":34,\"caption\":\"Systra France\"},\"image\":{\"@id\":\"https:\\\/\\\/www.systra.com\\\/france\\\/#\\\/schema\\\/logo\\\/image\\\/\"},\"sameAs\":[\"https:\\\/\\\/www.facebook.com\\\/SYSTRA\",\"https:\\\/\\\/x.com\\\/SYSTRA_LTD\",\"https:\\\/\\\/www.linkedin.com\\\/company\\\/systra\\\/\"]}]}<\/script>\n<!-- \/ Yoast SEO Premium plugin. -->","yoast_head_json":{"title":"Sylvie Cassan - France","description":"Directrice Strat\u00e9gie et d\u00e9veloppement Dipl\u00f4m\u00e9e d\u2019un Magist\u00e8re Am\u00e9nagement \u00e0 la Sorbonne et d\u2019un EMBA \u00e0 HEC, Sylvie Cassan a plus de 20 ans d\u2019exp\u00e9rience en","robots":{"index":"index","follow":"follow","max-snippet":"max-snippet:-1","max-image-preview":"max-image-preview:large","max-video-preview":"max-video-preview:-1"},"og_locale":"fr_FR","og_type":"article","og_title":"Sylvie Cassan","og_description":"Directrice Strat\u00e9gie et d\u00e9veloppement Dipl\u00f4m\u00e9e d\u2019un Magist\u00e8re Am\u00e9nagement \u00e0 la Sorbonne et d\u2019un EMBA \u00e0 HEC, Sylvie Cassan a plus de 20 ans d\u2019exp\u00e9rience en","og_url":"https:\/\/www.systra.com\/france\/sylvie-cassan\/","og_site_name":"France","article_publisher":"https:\/\/www.facebook.com\/SYSTRA","article_modified_time":"2025-09-23T11:52:19+00:00","og_image":[{"width":591,"height":591,"url":"https:\/\/www.systra.com\/france\/wp-content\/uploads\/sites\/4\/2025\/09\/11.png","type":"image\/png"}],"twitter_card":"summary_large_image","twitter_site":"@SYSTRA_LTD","twitter_misc":{"Dur\u00e9e de lecture estim\u00e9e":"1 minute"},"schema":{"@context":"https:\/\/schema.org","@graph":[{"@type":"WebPage","@id":"https:\/\/www.systra.com\/france\/sylvie-cassan\/","url":"https:\/\/www.systra.com\/france\/sylvie-cassan\/","name":"Sylvie Cassan - France","isPartOf":{"@id":"https:\/\/www.systra.com\/france\/#website"},"primaryImageOfPage":{"@id":"https:\/\/www.systra.com\/france\/sylvie-cassan\/#primaryimage"},"image":{"@id":"https:\/\/www.systra.com\/france\/sylvie-cassan\/#primaryimage"},"thumbnailUrl":"https:\/\/www.systra.com\/france\/wp-content\/uploads\/sites\/4\/2025\/09\/11.png","datePublished":"2025-09-23T08:33:29+00:00","dateModified":"2025-09-23T11:52:19+00:00","description":"Directrice Strat\u00e9gie et d\u00e9veloppement Dipl\u00f4m\u00e9e d\u2019un Magist\u00e8re Am\u00e9nagement \u00e0 la Sorbonne et d\u2019un EMBA \u00e0 HEC, Sylvie Cassan a plus de 20 ans d\u2019exp\u00e9rience en","breadcrumb":{"@id":"https:\/\/www.systra.com\/france\/sylvie-cassan\/#breadcrumb"},"inLanguage":"fr-FR","potentialAction":[{"@type":"ReadAction","target":["https:\/\/www.systra.com\/france\/sylvie-cassan\/"]}]},{"@type":"ImageObject","inLanguage":"fr-FR","@id":"https:\/\/www.systra.com\/france\/sylvie-cassan\/#primaryimage","url":"https:\/\/www.systra.com\/france\/wp-content\/uploads\/sites\/4\/2025\/09\/11.png","contentUrl":"https:\/\/www.systra.com\/france\/wp-content\/uploads\/sites\/4\/2025\/09\/11.png","width":591,"height":591},{"@type":"BreadcrumbList","@id":"https:\/\/www.systra.com\/france\/sylvie-cassan\/#breadcrumb","itemListElement":[{"@type":"ListItem","position":1,"name":"Accueil","item":"https:\/\/www.systra.com\/france\/"},{"@type":"ListItem","position":2,"name":"Sylvie Cassan"}]},{"@type":"WebSite","@id":"https:\/\/www.systra.com\/france\/#website","url":"https:\/\/www.systra.com\/france\/","name":"France","description":"La confiance transporte le monde","publisher":{"@id":"https:\/\/www.systra.com\/france\/#organization"},"potentialAction":[{"@type":"SearchAction","target":{"@type":"EntryPoint","urlTemplate":"https:\/\/www.systra.com\/france\/?s={search_term_string}"},"query-input":{"@type":"PropertyValueSpecification","valueRequired":true,"valueName":"search_term_string"}}],"inLanguage":"fr-FR"},{"@type":"Organization","@id":"https:\/\/www.systra.com\/france\/#organization","name":"Systra France","url":"https:\/\/www.systra.com\/france\/","logo":{"@type":"ImageObject","inLanguage":"fr-FR","@id":"https:\/\/www.systra.com\/france\/#\/schema\/logo\/image\/","url":"https:\/\/www.systra.com\/france\/wp-content\/uploads\/sites\/4\/2021\/03\/systra_logo_svg.svg","contentUrl":"https:\/\/www.systra.com\/france\/wp-content\/uploads\/sites\/4\/2021\/03\/systra_logo_svg.svg","width":179,"height":34,"caption":"Systra France"},"image":{"@id":"https:\/\/www.systra.com\/france\/#\/schema\/logo\/image\/"},"sameAs":["https:\/\/www.facebook.com\/SYSTRA","https:\/\/x.com\/SYSTRA_LTD","https:\/\/www.linkedin.com\/company\/systra\/"]}]}},"lang":"fr","translations":{"fr":40759},"pll_sync_post":[],"_links":{"self":[{"href":"https:\/\/www.systra.com\/france\/wp-json\/wp\/v2\/pages\/40759","targetHints":{"allow":["GET"]}}],"collection":[{"href":"https:\/\/www.systra.com\/france\/wp-json\/wp\/v2\/pages"}],"about":[{"href":"https:\/\/www.systra.com\/france\/wp-json\/wp\/v2\/types\/page"}],"author":[{"embeddable":true,"href":"https:\/\/www.systra.com\/france\/wp-json\/wp\/v2\/users\/23"}],"replies":[{"embeddable":true,"href":"https:\/\/www.systra.com\/france\/wp-json\/wp\/v2\/comments?post=40759"}],"version-history":[{"count":3,"href":"https:\/\/www.systra.com\/france\/wp-json\/wp\/v2\/pages\/40759\/revisions"}],"predecessor-version":[{"id":40850,"href":"https:\/\/www.systra.com\/france\/wp-json\/wp\/v2\/pages\/40759\/revisions\/40850"}],"wp:attachment":[{"href":"https:\/\/www.systra.com\/france\/wp-json\/wp\/v2\/media?parent=40759"}],"curies":[{"name":"wp","href":"https:\/\/api.w.org\/{rel}","templated":true}]}}