{"id":39470,"date":"2025-09-23T10:39:38","date_gmt":"2025-09-23T08:39:38","guid":{"rendered":"https:\/\/www.systra.com\/france\/?page_id=39470"},"modified":"2025-09-23T14:02:23","modified_gmt":"2025-09-23T12:02:23","slug":"jean-yves-reynaud","status":"publish","type":"page","link":"https:\/\/www.systra.com\/france\/jean-yves-reynaud\/","title":{"rendered":"Jean-Yves Reynaud"},"content":{"rendered":"\n<h3 class=\"wp-block-heading\" id=\"h-directeur-adjoint-business-unit-projets-urbains\">Directeur Adjoint Business Unit Projets Urbains<\/h3>\n\n\n\n<div style=\"height:100px\" aria-hidden=\"true\" class=\"wp-block-spacer\"><\/div>\n\n\n\n<div class=\"wp-block-media-text is-stacked-on-mobile\"><figure class=\"wp-block-media-text__media\"><img decoding=\"async\" width=\"591\" height=\"591\" src=\"https:\/\/www.systra.com\/france\/wp-content\/uploads\/sites\/4\/2025\/09\/7.png\" alt=\"\" class=\"wp-image-39471 size-full\" srcset=\"https:\/\/www.systra.com\/france\/wp-content\/uploads\/sites\/4\/2025\/09\/7.png 591w, https:\/\/www.systra.com\/france\/wp-content\/uploads\/sites\/4\/2025\/09\/7-300x300.png 300w, https:\/\/www.systra.com\/france\/wp-content\/uploads\/sites\/4\/2025\/09\/7-150x150.png 150w, https:\/\/www.systra.com\/france\/wp-content\/uploads\/sites\/4\/2025\/09\/7-376x376.png 376w, https:\/\/www.systra.com\/france\/wp-content\/uploads\/sites\/4\/2025\/09\/7-474x474.png 474w, https:\/\/www.systra.com\/france\/wp-content\/uploads\/sites\/4\/2025\/09\/7-180x180.png 180w, https:\/\/www.systra.com\/france\/wp-content\/uploads\/sites\/4\/2025\/09\/7-153x153.png 153w, https:\/\/www.systra.com\/france\/wp-content\/uploads\/sites\/4\/2025\/09\/7-230x230.png 230w\" sizes=\"(max-width: 591px) 100vw, 591px\" \/><\/figure><div class=\"wp-block-media-text__content\">\n<p>Ing\u00e9nieur de l\u2019ISAE-Supa\u00e9ro, et titulaire d\u2019une ma\u00eetrise de M\u00e9canique des Fluides, Jean-Yves Reynaud est Directeur adjoint de la Business Unit Projets Urbains de SYSTRA France. <\/p>\n\n\n\n<p>Depuis plus de 25 ans, il conduit des fonctions op\u00e9rationnelles et commerciales sur de grands projets de transports urbains, notamment des m\u00e9tros et tramways en France et \u00e0 l\u2019international. <\/p>\n\n\n\n<p>Il pilote le d\u00e9veloppement commercial, supervise la production technique et dirige les op\u00e9rations du secteur Nord et \u00cele-de-France.<\/p>\n<\/div><\/div>\n\n\n\n<div style=\"height:100px\" aria-hidden=\"true\" class=\"wp-block-spacer\"><\/div>\n\n\n\n<div class=\"wp-block-buttons is-layout-flex wp-block-buttons-is-layout-flex\">\n<div class=\"wp-block-button has-custom-width wp-block-button__width-100\"><a class=\"wp-block-button__link has-dirty-purple-background-color has-background wp-element-button\" href=\"https:\/\/www.systra.com\/france\/gouvernance\/\">Gouvernance<\/a><\/div>\n<\/div>\n\n\n\n<p><\/p>\n","protected":false},"excerpt":{"rendered":"<p>Directeur Adjoint Business Unit Projets Urbains Ing\u00e9nieur de l\u2019ISAE-Supa\u00e9ro, et titulaire d\u2019une ma\u00eetrise de M\u00e9canique des Fluides, Jean-Yves Reynaud est Directeur adjoint de la Business Unit Projets Urbains de SYSTRA France. Depuis plus de 25 ans, il conduit des fonctions op\u00e9rationnelles et commerciales sur de grands projets de transports urbains, notamment des m\u00e9tros et tramways [&hellip;]<\/p>\n","protected":false},"author":23,"featured_media":0,"parent":0,"menu_order":0,"comment_status":"closed","ping_status":"closed","template":"","meta":{"_acf_changed":false,"_relevanssi_hide_post":"","_relevanssi_hide_content":"","_relevanssi_pin_for_all":"","_relevanssi_pin_keywords":"","_relevanssi_unpin_keywords":"","_relevanssi_related_keywords":"","_relevanssi_related_include_ids":"","_relevanssi_related_exclude_ids":"","_relevanssi_related_no_append":"","_relevanssi_related_not_related":"","_relevanssi_related_posts":"3692,3796,6255,4214,21830,5189","_relevanssi_noindex_reason":"","footnotes":""},"class_list":["post-39470","page","type-page","status-publish","hentry"],"acf":[],"yoast_head":"<!-- This site is optimized with the Yoast SEO Premium plugin v27.4 (Yoast SEO v27.4) - https:\/\/yoast.com\/product\/yoast-seo-premium-wordpress\/ -->\n<title>Jean-Yves Reynaud - France<\/title>\n<meta name=\"description\" content=\"Directeur Adjoint Business Unit Projets Urbains Ing\u00e9nieur de l\u2019ISAE-Supa\u00e9ro, et titulaire d\u2019une ma\u00eetrise de M\u00e9canique des Fluides, Jean-Yves Reynaud est\" \/>\n<meta name=\"robots\" content=\"index, follow, max-snippet:-1, max-image-preview:large, max-video-preview:-1\" \/>\n<meta property=\"og:locale\" content=\"fr_FR\" \/>\n<meta property=\"og:type\" content=\"article\" \/>\n<meta property=\"og:title\" content=\"Jean-Yves Reynaud\" \/>\n<meta property=\"og:description\" content=\"Directeur Adjoint Business Unit Projets Urbains Ing\u00e9nieur de l\u2019ISAE-Supa\u00e9ro, et titulaire d\u2019une ma\u00eetrise de M\u00e9canique des Fluides, Jean-Yves Reynaud est\" \/>\n<meta property=\"og:url\" content=\"https:\/\/www.systra.com\/france\/jean-yves-reynaud\/\" \/>\n<meta property=\"og:site_name\" content=\"France\" \/>\n<meta property=\"article:publisher\" content=\"https:\/\/www.facebook.com\/SYSTRA\" \/>\n<meta property=\"article:modified_time\" content=\"2025-09-23T12:02:23+00:00\" \/>\n<meta property=\"og:image\" content=\"https:\/\/www.systra.com\/france\/wp-content\/uploads\/sites\/4\/2025\/09\/7.png\" \/>\n\t<meta property=\"og:image:width\" content=\"591\" \/>\n\t<meta property=\"og:image:height\" content=\"591\" \/>\n\t<meta property=\"og:image:type\" content=\"image\/png\" \/>\n<meta name=\"twitter:card\" content=\"summary_large_image\" \/>\n<meta name=\"twitter:site\" content=\"@SYSTRA_LTD\" \/>\n<meta name=\"twitter:label1\" content=\"Dur\u00e9e de lecture estim\u00e9e\" \/>\n\t<meta name=\"twitter:data1\" content=\"1 minute\" \/>\n<script type=\"application\/ld+json\" class=\"yoast-schema-graph\">{\"@context\":\"https:\\\/\\\/schema.org\",\"@graph\":[{\"@type\":\"WebPage\",\"@id\":\"https:\\\/\\\/www.systra.com\\\/france\\\/jean-yves-reynaud\\\/\",\"url\":\"https:\\\/\\\/www.systra.com\\\/france\\\/jean-yves-reynaud\\\/\",\"name\":\"Jean-Yves Reynaud - France\",\"isPartOf\":{\"@id\":\"https:\\\/\\\/www.systra.com\\\/france\\\/#website\"},\"primaryImageOfPage\":{\"@id\":\"https:\\\/\\\/www.systra.com\\\/france\\\/jean-yves-reynaud\\\/#primaryimage\"},\"image\":{\"@id\":\"https:\\\/\\\/www.systra.com\\\/france\\\/jean-yves-reynaud\\\/#primaryimage\"},\"thumbnailUrl\":\"https:\\\/\\\/www.systra.com\\\/france\\\/wp-content\\\/uploads\\\/sites\\\/4\\\/2025\\\/09\\\/7.png\",\"datePublished\":\"2025-09-23T08:39:38+00:00\",\"dateModified\":\"2025-09-23T12:02:23+00:00\",\"description\":\"Directeur Adjoint Business Unit Projets Urbains Ing\u00e9nieur de l\u2019ISAE-Supa\u00e9ro, et titulaire d\u2019une ma\u00eetrise de M\u00e9canique des Fluides, Jean-Yves Reynaud est\",\"breadcrumb\":{\"@id\":\"https:\\\/\\\/www.systra.com\\\/france\\\/jean-yves-reynaud\\\/#breadcrumb\"},\"inLanguage\":\"fr-FR\",\"potentialAction\":[{\"@type\":\"ReadAction\",\"target\":[\"https:\\\/\\\/www.systra.com\\\/france\\\/jean-yves-reynaud\\\/\"]}]},{\"@type\":\"ImageObject\",\"inLanguage\":\"fr-FR\",\"@id\":\"https:\\\/\\\/www.systra.com\\\/france\\\/jean-yves-reynaud\\\/#primaryimage\",\"url\":\"https:\\\/\\\/www.systra.com\\\/france\\\/wp-content\\\/uploads\\\/sites\\\/4\\\/2025\\\/09\\\/7.png\",\"contentUrl\":\"https:\\\/\\\/www.systra.com\\\/france\\\/wp-content\\\/uploads\\\/sites\\\/4\\\/2025\\\/09\\\/7.png\",\"width\":591,\"height\":591},{\"@type\":\"BreadcrumbList\",\"@id\":\"https:\\\/\\\/www.systra.com\\\/france\\\/jean-yves-reynaud\\\/#breadcrumb\",\"itemListElement\":[{\"@type\":\"ListItem\",\"position\":1,\"name\":\"Accueil\",\"item\":\"https:\\\/\\\/www.systra.com\\\/france\\\/\"},{\"@type\":\"ListItem\",\"position\":2,\"name\":\"Jean-Yves Reynaud\"}]},{\"@type\":\"WebSite\",\"@id\":\"https:\\\/\\\/www.systra.com\\\/france\\\/#website\",\"url\":\"https:\\\/\\\/www.systra.com\\\/france\\\/\",\"name\":\"France\",\"description\":\"La confiance transporte le monde\",\"publisher\":{\"@id\":\"https:\\\/\\\/www.systra.com\\\/france\\\/#organization\"},\"potentialAction\":[{\"@type\":\"SearchAction\",\"target\":{\"@type\":\"EntryPoint\",\"urlTemplate\":\"https:\\\/\\\/www.systra.com\\\/france\\\/?s={search_term_string}\"},\"query-input\":{\"@type\":\"PropertyValueSpecification\",\"valueRequired\":true,\"valueName\":\"search_term_string\"}}],\"inLanguage\":\"fr-FR\"},{\"@type\":\"Organization\",\"@id\":\"https:\\\/\\\/www.systra.com\\\/france\\\/#organization\",\"name\":\"Systra France\",\"url\":\"https:\\\/\\\/www.systra.com\\\/france\\\/\",\"logo\":{\"@type\":\"ImageObject\",\"inLanguage\":\"fr-FR\",\"@id\":\"https:\\\/\\\/www.systra.com\\\/france\\\/#\\\/schema\\\/logo\\\/image\\\/\",\"url\":\"https:\\\/\\\/www.systra.com\\\/france\\\/wp-content\\\/uploads\\\/sites\\\/4\\\/2021\\\/03\\\/systra_logo_svg.svg\",\"contentUrl\":\"https:\\\/\\\/www.systra.com\\\/france\\\/wp-content\\\/uploads\\\/sites\\\/4\\\/2021\\\/03\\\/systra_logo_svg.svg\",\"width\":179,\"height\":34,\"caption\":\"Systra France\"},\"image\":{\"@id\":\"https:\\\/\\\/www.systra.com\\\/france\\\/#\\\/schema\\\/logo\\\/image\\\/\"},\"sameAs\":[\"https:\\\/\\\/www.facebook.com\\\/SYSTRA\",\"https:\\\/\\\/x.com\\\/SYSTRA_LTD\",\"https:\\\/\\\/www.linkedin.com\\\/company\\\/systra\\\/\"]}]}<\/script>\n<!-- \/ Yoast SEO Premium plugin. -->","yoast_head_json":{"title":"Jean-Yves Reynaud - France","description":"Directeur Adjoint Business Unit Projets Urbains Ing\u00e9nieur de l\u2019ISAE-Supa\u00e9ro, et titulaire d\u2019une ma\u00eetrise de M\u00e9canique des Fluides, Jean-Yves Reynaud est","robots":{"index":"index","follow":"follow","max-snippet":"max-snippet:-1","max-image-preview":"max-image-preview:large","max-video-preview":"max-video-preview:-1"},"og_locale":"fr_FR","og_type":"article","og_title":"Jean-Yves Reynaud","og_description":"Directeur Adjoint Business Unit Projets Urbains Ing\u00e9nieur de l\u2019ISAE-Supa\u00e9ro, et titulaire d\u2019une ma\u00eetrise de M\u00e9canique des Fluides, Jean-Yves Reynaud est","og_url":"https:\/\/www.systra.com\/france\/jean-yves-reynaud\/","og_site_name":"France","article_publisher":"https:\/\/www.facebook.com\/SYSTRA","article_modified_time":"2025-09-23T12:02:23+00:00","og_image":[{"width":591,"height":591,"url":"https:\/\/www.systra.com\/france\/wp-content\/uploads\/sites\/4\/2025\/09\/7.png","type":"image\/png"}],"twitter_card":"summary_large_image","twitter_site":"@SYSTRA_LTD","twitter_misc":{"Dur\u00e9e de lecture estim\u00e9e":"1 minute"},"schema":{"@context":"https:\/\/schema.org","@graph":[{"@type":"WebPage","@id":"https:\/\/www.systra.com\/france\/jean-yves-reynaud\/","url":"https:\/\/www.systra.com\/france\/jean-yves-reynaud\/","name":"Jean-Yves Reynaud - France","isPartOf":{"@id":"https:\/\/www.systra.com\/france\/#website"},"primaryImageOfPage":{"@id":"https:\/\/www.systra.com\/france\/jean-yves-reynaud\/#primaryimage"},"image":{"@id":"https:\/\/www.systra.com\/france\/jean-yves-reynaud\/#primaryimage"},"thumbnailUrl":"https:\/\/www.systra.com\/france\/wp-content\/uploads\/sites\/4\/2025\/09\/7.png","datePublished":"2025-09-23T08:39:38+00:00","dateModified":"2025-09-23T12:02:23+00:00","description":"Directeur Adjoint Business Unit Projets Urbains Ing\u00e9nieur de l\u2019ISAE-Supa\u00e9ro, et titulaire d\u2019une ma\u00eetrise de M\u00e9canique des Fluides, Jean-Yves Reynaud est","breadcrumb":{"@id":"https:\/\/www.systra.com\/france\/jean-yves-reynaud\/#breadcrumb"},"inLanguage":"fr-FR","potentialAction":[{"@type":"ReadAction","target":["https:\/\/www.systra.com\/france\/jean-yves-reynaud\/"]}]},{"@type":"ImageObject","inLanguage":"fr-FR","@id":"https:\/\/www.systra.com\/france\/jean-yves-reynaud\/#primaryimage","url":"https:\/\/www.systra.com\/france\/wp-content\/uploads\/sites\/4\/2025\/09\/7.png","contentUrl":"https:\/\/www.systra.com\/france\/wp-content\/uploads\/sites\/4\/2025\/09\/7.png","width":591,"height":591},{"@type":"BreadcrumbList","@id":"https:\/\/www.systra.com\/france\/jean-yves-reynaud\/#breadcrumb","itemListElement":[{"@type":"ListItem","position":1,"name":"Accueil","item":"https:\/\/www.systra.com\/france\/"},{"@type":"ListItem","position":2,"name":"Jean-Yves Reynaud"}]},{"@type":"WebSite","@id":"https:\/\/www.systra.com\/france\/#website","url":"https:\/\/www.systra.com\/france\/","name":"France","description":"La confiance transporte le monde","publisher":{"@id":"https:\/\/www.systra.com\/france\/#organization"},"potentialAction":[{"@type":"SearchAction","target":{"@type":"EntryPoint","urlTemplate":"https:\/\/www.systra.com\/france\/?s={search_term_string}"},"query-input":{"@type":"PropertyValueSpecification","valueRequired":true,"valueName":"search_term_string"}}],"inLanguage":"fr-FR"},{"@type":"Organization","@id":"https:\/\/www.systra.com\/france\/#organization","name":"Systra France","url":"https:\/\/www.systra.com\/france\/","logo":{"@type":"ImageObject","inLanguage":"fr-FR","@id":"https:\/\/www.systra.com\/france\/#\/schema\/logo\/image\/","url":"https:\/\/www.systra.com\/france\/wp-content\/uploads\/sites\/4\/2021\/03\/systra_logo_svg.svg","contentUrl":"https:\/\/www.systra.com\/france\/wp-content\/uploads\/sites\/4\/2021\/03\/systra_logo_svg.svg","width":179,"height":34,"caption":"Systra France"},"image":{"@id":"https:\/\/www.systra.com\/france\/#\/schema\/logo\/image\/"},"sameAs":["https:\/\/www.facebook.com\/SYSTRA","https:\/\/x.com\/SYSTRA_LTD","https:\/\/www.linkedin.com\/company\/systra\/"]}]}},"lang":"fr","translations":{"fr":39470},"pll_sync_post":[],"_links":{"self":[{"href":"https:\/\/www.systra.com\/france\/wp-json\/wp\/v2\/pages\/39470","targetHints":{"allow":["GET"]}}],"collection":[{"href":"https:\/\/www.systra.com\/france\/wp-json\/wp\/v2\/pages"}],"about":[{"href":"https:\/\/www.systra.com\/france\/wp-json\/wp\/v2\/types\/page"}],"author":[{"embeddable":true,"href":"https:\/\/www.systra.com\/france\/wp-json\/wp\/v2\/users\/23"}],"replies":[{"embeddable":true,"href":"https:\/\/www.systra.com\/france\/wp-json\/wp\/v2\/comments?post=39470"}],"version-history":[{"count":3,"href":"https:\/\/www.systra.com\/france\/wp-json\/wp\/v2\/pages\/39470\/revisions"}],"predecessor-version":[{"id":40856,"href":"https:\/\/www.systra.com\/france\/wp-json\/wp\/v2\/pages\/39470\/revisions\/40856"}],"wp:attachment":[{"href":"https:\/\/www.systra.com\/france\/wp-json\/wp\/v2\/media?parent=39470"}],"curies":[{"name":"wp","href":"https:\/\/api.w.org\/{rel}","templated":true}]}}