{"id":39465,"date":"2025-09-23T10:39:10","date_gmt":"2025-09-23T08:39:10","guid":{"rendered":"https:\/\/www.systra.com\/france\/?page_id=39465"},"modified":"2025-09-23T14:03:08","modified_gmt":"2025-09-23T12:03:08","slug":"philippe-ricci","status":"publish","type":"page","link":"https:\/\/www.systra.com\/france\/philippe-ricci\/","title":{"rendered":"Philippe RICCI"},"content":{"rendered":"\n<h3 class=\"wp-block-heading\" id=\"h-directeur-adjoint-business-unit-ferroviaire-structure-amp-energie\">Directeur Adjoint Business Unit Ferroviaire, Structure &amp; \u00e9nergie<\/h3>\n\n\n\n<div style=\"height:100px\" aria-hidden=\"true\" class=\"wp-block-spacer\"><\/div>\n\n\n\n<div class=\"wp-block-media-text is-stacked-on-mobile\"><figure class=\"wp-block-media-text__media\"><img decoding=\"async\" width=\"354\" height=\"354\" src=\"https:\/\/www.systra.com\/france\/wp-content\/uploads\/sites\/4\/2025\/09\/ricci.png\" alt=\"\" class=\"wp-image-39467 size-full\" srcset=\"https:\/\/www.systra.com\/france\/wp-content\/uploads\/sites\/4\/2025\/09\/ricci.png 354w, https:\/\/www.systra.com\/france\/wp-content\/uploads\/sites\/4\/2025\/09\/ricci-300x300.png 300w, https:\/\/www.systra.com\/france\/wp-content\/uploads\/sites\/4\/2025\/09\/ricci-150x150.png 150w, https:\/\/www.systra.com\/france\/wp-content\/uploads\/sites\/4\/2025\/09\/ricci-180x180.png 180w, https:\/\/www.systra.com\/france\/wp-content\/uploads\/sites\/4\/2025\/09\/ricci-153x153.png 153w, https:\/\/www.systra.com\/france\/wp-content\/uploads\/sites\/4\/2025\/09\/ricci-230x230.png 230w\" sizes=\"(max-width: 354px) 100vw, 354px\" \/><\/figure><div class=\"wp-block-media-text__content\">\n<p>Titulaire d\u2019un dipl\u00f4me d\u2019ing\u00e9nieur ENSEM, fort de plus de 20 ans d\u2019exp\u00e9rience au sein de la SNCF, Philippe Ricci est Directeur adjoint de la Business Unit Ferroviaire Structure &amp; \u00c9nergie&nbsp;de SYSTRA France. <\/p>\n\n\n\n<p>Il participe \u00e0 la strat\u00e9gie de d\u00e9veloppement des projets d\u2019infrastructures ferroviaires, d\u2019ouvrages d\u2019art et de syst\u00e8mes \u00e9nerg\u00e9tiques, et garantit l\u2019efficacit\u00e9 op\u00e9rationnelle, le pilotage des \u00e9quipes et l\u2019innovation au service de la mobilit\u00e9 durable.<\/p>\n<\/div><\/div>\n\n\n\n<div style=\"height:100px\" aria-hidden=\"true\" class=\"wp-block-spacer\"><\/div>\n\n\n\n<div class=\"wp-block-buttons is-layout-flex wp-block-buttons-is-layout-flex\">\n<div class=\"wp-block-button has-custom-width wp-block-button__width-100\"><a class=\"wp-block-button__link has-dirty-purple-background-color has-background wp-element-button\" href=\"https:\/\/www.systra.com\/france\/gouvernance\/\" target=\"_blank\" rel=\"noreferrer noopener\">Gouvernance<\/a><\/div>\n<\/div>\n\n\n\n<p><\/p>\n","protected":false},"excerpt":{"rendered":"<p>Directeur Adjoint Business Unit Ferroviaire, Structure &amp; \u00e9nergie Titulaire d\u2019un dipl\u00f4me d\u2019ing\u00e9nieur ENSEM, fort de plus de 20 ans d\u2019exp\u00e9rience au sein de la SNCF, Philippe Ricci est Directeur adjoint de la Business Unit Ferroviaire Structure &amp; \u00c9nergie&nbsp;de SYSTRA France. Il participe \u00e0 la strat\u00e9gie de d\u00e9veloppement des projets d\u2019infrastructures ferroviaires, d\u2019ouvrages d\u2019art et de [&hellip;]<\/p>\n","protected":false},"author":23,"featured_media":0,"parent":0,"menu_order":0,"comment_status":"closed","ping_status":"closed","template":"","meta":{"_acf_changed":false,"_relevanssi_hide_post":"","_relevanssi_hide_content":"","_relevanssi_pin_for_all":"","_relevanssi_pin_keywords":"","_relevanssi_unpin_keywords":"","_relevanssi_related_keywords":"","_relevanssi_related_include_ids":"","_relevanssi_related_exclude_ids":"","_relevanssi_related_no_append":"","_relevanssi_related_not_related":"","_relevanssi_related_posts":"5457,5308,3848,3793,3692,6031","_relevanssi_noindex_reason":"","footnotes":""},"class_list":["post-39465","page","type-page","status-publish","hentry"],"acf":[],"yoast_head":"<!-- This site is optimized with the Yoast SEO Premium plugin v27.4 (Yoast SEO v27.4) - https:\/\/yoast.com\/product\/yoast-seo-premium-wordpress\/ -->\n<title>Philippe RICCI - France<\/title>\n<meta name=\"description\" content=\"Directeur Adjoint Business Unit Ferroviaire, Structure &amp; \u00e9nergie Titulaire d\u2019un dipl\u00f4me d\u2019ing\u00e9nieur ENSEM, fort de plus de 20 ans d\u2019exp\u00e9rience au sein\" \/>\n<meta name=\"robots\" content=\"index, follow, max-snippet:-1, max-image-preview:large, max-video-preview:-1\" \/>\n<meta property=\"og:locale\" content=\"fr_FR\" \/>\n<meta property=\"og:type\" content=\"article\" \/>\n<meta property=\"og:title\" content=\"Philippe RICCI\" \/>\n<meta property=\"og:description\" content=\"Directeur Adjoint Business Unit Ferroviaire, Structure &amp; \u00e9nergie Titulaire d\u2019un dipl\u00f4me d\u2019ing\u00e9nieur ENSEM, fort de plus de 20 ans d\u2019exp\u00e9rience au sein\" \/>\n<meta property=\"og:url\" content=\"https:\/\/www.systra.com\/france\/philippe-ricci\/\" \/>\n<meta property=\"og:site_name\" content=\"France\" \/>\n<meta property=\"article:publisher\" content=\"https:\/\/www.facebook.com\/SYSTRA\" \/>\n<meta property=\"article:modified_time\" content=\"2025-09-23T12:03:08+00:00\" \/>\n<meta property=\"og:image\" content=\"https:\/\/www.systra.com\/france\/wp-content\/uploads\/sites\/4\/2025\/09\/ricci.png\" \/>\n\t<meta property=\"og:image:width\" content=\"354\" \/>\n\t<meta property=\"og:image:height\" content=\"354\" \/>\n\t<meta property=\"og:image:type\" content=\"image\/png\" \/>\n<meta name=\"twitter:card\" content=\"summary_large_image\" \/>\n<meta name=\"twitter:site\" content=\"@SYSTRA_LTD\" \/>\n<meta name=\"twitter:label1\" content=\"Dur\u00e9e de lecture estim\u00e9e\" \/>\n\t<meta name=\"twitter:data1\" content=\"1 minute\" \/>\n<script type=\"application\/ld+json\" class=\"yoast-schema-graph\">{\"@context\":\"https:\\\/\\\/schema.org\",\"@graph\":[{\"@type\":\"WebPage\",\"@id\":\"https:\\\/\\\/www.systra.com\\\/france\\\/philippe-ricci\\\/\",\"url\":\"https:\\\/\\\/www.systra.com\\\/france\\\/philippe-ricci\\\/\",\"name\":\"Philippe RICCI - France\",\"isPartOf\":{\"@id\":\"https:\\\/\\\/www.systra.com\\\/france\\\/#website\"},\"primaryImageOfPage\":{\"@id\":\"https:\\\/\\\/www.systra.com\\\/france\\\/philippe-ricci\\\/#primaryimage\"},\"image\":{\"@id\":\"https:\\\/\\\/www.systra.com\\\/france\\\/philippe-ricci\\\/#primaryimage\"},\"thumbnailUrl\":\"https:\\\/\\\/www.systra.com\\\/france\\\/wp-content\\\/uploads\\\/sites\\\/4\\\/2025\\\/09\\\/ricci.png\",\"datePublished\":\"2025-09-23T08:39:10+00:00\",\"dateModified\":\"2025-09-23T12:03:08+00:00\",\"description\":\"Directeur Adjoint Business Unit Ferroviaire, Structure &amp; \u00e9nergie Titulaire d\u2019un dipl\u00f4me d\u2019ing\u00e9nieur ENSEM, fort de plus de 20 ans d\u2019exp\u00e9rience au sein\",\"breadcrumb\":{\"@id\":\"https:\\\/\\\/www.systra.com\\\/france\\\/philippe-ricci\\\/#breadcrumb\"},\"inLanguage\":\"fr-FR\",\"potentialAction\":[{\"@type\":\"ReadAction\",\"target\":[\"https:\\\/\\\/www.systra.com\\\/france\\\/philippe-ricci\\\/\"]}]},{\"@type\":\"ImageObject\",\"inLanguage\":\"fr-FR\",\"@id\":\"https:\\\/\\\/www.systra.com\\\/france\\\/philippe-ricci\\\/#primaryimage\",\"url\":\"https:\\\/\\\/www.systra.com\\\/france\\\/wp-content\\\/uploads\\\/sites\\\/4\\\/2025\\\/09\\\/ricci.png\",\"contentUrl\":\"https:\\\/\\\/www.systra.com\\\/france\\\/wp-content\\\/uploads\\\/sites\\\/4\\\/2025\\\/09\\\/ricci.png\",\"width\":354,\"height\":354},{\"@type\":\"BreadcrumbList\",\"@id\":\"https:\\\/\\\/www.systra.com\\\/france\\\/philippe-ricci\\\/#breadcrumb\",\"itemListElement\":[{\"@type\":\"ListItem\",\"position\":1,\"name\":\"Accueil\",\"item\":\"https:\\\/\\\/www.systra.com\\\/france\\\/\"},{\"@type\":\"ListItem\",\"position\":2,\"name\":\"Philippe RICCI\"}]},{\"@type\":\"WebSite\",\"@id\":\"https:\\\/\\\/www.systra.com\\\/france\\\/#website\",\"url\":\"https:\\\/\\\/www.systra.com\\\/france\\\/\",\"name\":\"France\",\"description\":\"La confiance transporte le monde\",\"publisher\":{\"@id\":\"https:\\\/\\\/www.systra.com\\\/france\\\/#organization\"},\"potentialAction\":[{\"@type\":\"SearchAction\",\"target\":{\"@type\":\"EntryPoint\",\"urlTemplate\":\"https:\\\/\\\/www.systra.com\\\/france\\\/?s={search_term_string}\"},\"query-input\":{\"@type\":\"PropertyValueSpecification\",\"valueRequired\":true,\"valueName\":\"search_term_string\"}}],\"inLanguage\":\"fr-FR\"},{\"@type\":\"Organization\",\"@id\":\"https:\\\/\\\/www.systra.com\\\/france\\\/#organization\",\"name\":\"Systra France\",\"url\":\"https:\\\/\\\/www.systra.com\\\/france\\\/\",\"logo\":{\"@type\":\"ImageObject\",\"inLanguage\":\"fr-FR\",\"@id\":\"https:\\\/\\\/www.systra.com\\\/france\\\/#\\\/schema\\\/logo\\\/image\\\/\",\"url\":\"https:\\\/\\\/www.systra.com\\\/france\\\/wp-content\\\/uploads\\\/sites\\\/4\\\/2021\\\/03\\\/systra_logo_svg.svg\",\"contentUrl\":\"https:\\\/\\\/www.systra.com\\\/france\\\/wp-content\\\/uploads\\\/sites\\\/4\\\/2021\\\/03\\\/systra_logo_svg.svg\",\"width\":179,\"height\":34,\"caption\":\"Systra France\"},\"image\":{\"@id\":\"https:\\\/\\\/www.systra.com\\\/france\\\/#\\\/schema\\\/logo\\\/image\\\/\"},\"sameAs\":[\"https:\\\/\\\/www.facebook.com\\\/SYSTRA\",\"https:\\\/\\\/x.com\\\/SYSTRA_LTD\",\"https:\\\/\\\/www.linkedin.com\\\/company\\\/systra\\\/\"]}]}<\/script>\n<!-- \/ Yoast SEO Premium plugin. -->","yoast_head_json":{"title":"Philippe RICCI - France","description":"Directeur Adjoint Business Unit Ferroviaire, Structure &amp; \u00e9nergie Titulaire d\u2019un dipl\u00f4me d\u2019ing\u00e9nieur ENSEM, fort de plus de 20 ans d\u2019exp\u00e9rience au sein","robots":{"index":"index","follow":"follow","max-snippet":"max-snippet:-1","max-image-preview":"max-image-preview:large","max-video-preview":"max-video-preview:-1"},"og_locale":"fr_FR","og_type":"article","og_title":"Philippe RICCI","og_description":"Directeur Adjoint Business Unit Ferroviaire, Structure &amp; \u00e9nergie Titulaire d\u2019un dipl\u00f4me d\u2019ing\u00e9nieur ENSEM, fort de plus de 20 ans d\u2019exp\u00e9rience au sein","og_url":"https:\/\/www.systra.com\/france\/philippe-ricci\/","og_site_name":"France","article_publisher":"https:\/\/www.facebook.com\/SYSTRA","article_modified_time":"2025-09-23T12:03:08+00:00","og_image":[{"width":354,"height":354,"url":"https:\/\/www.systra.com\/france\/wp-content\/uploads\/sites\/4\/2025\/09\/ricci.png","type":"image\/png"}],"twitter_card":"summary_large_image","twitter_site":"@SYSTRA_LTD","twitter_misc":{"Dur\u00e9e de lecture estim\u00e9e":"1 minute"},"schema":{"@context":"https:\/\/schema.org","@graph":[{"@type":"WebPage","@id":"https:\/\/www.systra.com\/france\/philippe-ricci\/","url":"https:\/\/www.systra.com\/france\/philippe-ricci\/","name":"Philippe RICCI - France","isPartOf":{"@id":"https:\/\/www.systra.com\/france\/#website"},"primaryImageOfPage":{"@id":"https:\/\/www.systra.com\/france\/philippe-ricci\/#primaryimage"},"image":{"@id":"https:\/\/www.systra.com\/france\/philippe-ricci\/#primaryimage"},"thumbnailUrl":"https:\/\/www.systra.com\/france\/wp-content\/uploads\/sites\/4\/2025\/09\/ricci.png","datePublished":"2025-09-23T08:39:10+00:00","dateModified":"2025-09-23T12:03:08+00:00","description":"Directeur Adjoint Business Unit Ferroviaire, Structure &amp; \u00e9nergie Titulaire d\u2019un dipl\u00f4me d\u2019ing\u00e9nieur ENSEM, fort de plus de 20 ans d\u2019exp\u00e9rience au sein","breadcrumb":{"@id":"https:\/\/www.systra.com\/france\/philippe-ricci\/#breadcrumb"},"inLanguage":"fr-FR","potentialAction":[{"@type":"ReadAction","target":["https:\/\/www.systra.com\/france\/philippe-ricci\/"]}]},{"@type":"ImageObject","inLanguage":"fr-FR","@id":"https:\/\/www.systra.com\/france\/philippe-ricci\/#primaryimage","url":"https:\/\/www.systra.com\/france\/wp-content\/uploads\/sites\/4\/2025\/09\/ricci.png","contentUrl":"https:\/\/www.systra.com\/france\/wp-content\/uploads\/sites\/4\/2025\/09\/ricci.png","width":354,"height":354},{"@type":"BreadcrumbList","@id":"https:\/\/www.systra.com\/france\/philippe-ricci\/#breadcrumb","itemListElement":[{"@type":"ListItem","position":1,"name":"Accueil","item":"https:\/\/www.systra.com\/france\/"},{"@type":"ListItem","position":2,"name":"Philippe RICCI"}]},{"@type":"WebSite","@id":"https:\/\/www.systra.com\/france\/#website","url":"https:\/\/www.systra.com\/france\/","name":"France","description":"La confiance transporte le monde","publisher":{"@id":"https:\/\/www.systra.com\/france\/#organization"},"potentialAction":[{"@type":"SearchAction","target":{"@type":"EntryPoint","urlTemplate":"https:\/\/www.systra.com\/france\/?s={search_term_string}"},"query-input":{"@type":"PropertyValueSpecification","valueRequired":true,"valueName":"search_term_string"}}],"inLanguage":"fr-FR"},{"@type":"Organization","@id":"https:\/\/www.systra.com\/france\/#organization","name":"Systra France","url":"https:\/\/www.systra.com\/france\/","logo":{"@type":"ImageObject","inLanguage":"fr-FR","@id":"https:\/\/www.systra.com\/france\/#\/schema\/logo\/image\/","url":"https:\/\/www.systra.com\/france\/wp-content\/uploads\/sites\/4\/2021\/03\/systra_logo_svg.svg","contentUrl":"https:\/\/www.systra.com\/france\/wp-content\/uploads\/sites\/4\/2021\/03\/systra_logo_svg.svg","width":179,"height":34,"caption":"Systra France"},"image":{"@id":"https:\/\/www.systra.com\/france\/#\/schema\/logo\/image\/"},"sameAs":["https:\/\/www.facebook.com\/SYSTRA","https:\/\/x.com\/SYSTRA_LTD","https:\/\/www.linkedin.com\/company\/systra\/"]}]}},"lang":"fr","translations":{"fr":39465},"pll_sync_post":[],"_links":{"self":[{"href":"https:\/\/www.systra.com\/france\/wp-json\/wp\/v2\/pages\/39465","targetHints":{"allow":["GET"]}}],"collection":[{"href":"https:\/\/www.systra.com\/france\/wp-json\/wp\/v2\/pages"}],"about":[{"href":"https:\/\/www.systra.com\/france\/wp-json\/wp\/v2\/types\/page"}],"author":[{"embeddable":true,"href":"https:\/\/www.systra.com\/france\/wp-json\/wp\/v2\/users\/23"}],"replies":[{"embeddable":true,"href":"https:\/\/www.systra.com\/france\/wp-json\/wp\/v2\/comments?post=39465"}],"version-history":[{"count":3,"href":"https:\/\/www.systra.com\/france\/wp-json\/wp\/v2\/pages\/39465\/revisions"}],"predecessor-version":[{"id":40857,"href":"https:\/\/www.systra.com\/france\/wp-json\/wp\/v2\/pages\/39465\/revisions\/40857"}],"wp:attachment":[{"href":"https:\/\/www.systra.com\/france\/wp-json\/wp\/v2\/media?parent=39465"}],"curies":[{"name":"wp","href":"https:\/\/api.w.org\/{rel}","templated":true}]}}