{"id":39449,"date":"2025-09-23T10:35:51","date_gmt":"2025-09-23T08:35:51","guid":{"rendered":"https:\/\/www.systra.com\/france\/?page_id=39449"},"modified":"2025-09-23T14:11:09","modified_gmt":"2025-09-23T12:11:09","slug":"nicolas-andrieux","status":"publish","type":"page","link":"https:\/\/www.systra.com\/france\/nicolas-andrieux\/","title":{"rendered":"Nicolas ANDRIEUX"},"content":{"rendered":"\n<h3 class=\"wp-block-heading\" id=\"h-directeur-business-unit-systemes\">Directeur Business Unit Syst\u00e8mes<\/h3>\n\n\n\n<div style=\"height:100px\" aria-hidden=\"true\" class=\"wp-block-spacer\"><\/div>\n\n\n\n<div class=\"wp-block-media-text is-stacked-on-mobile\"><figure class=\"wp-block-media-text__media\"><img decoding=\"async\" width=\"591\" height=\"591\" src=\"https:\/\/www.systra.com\/france\/wp-content\/uploads\/sites\/4\/2025\/09\/15.png\" alt=\"\" class=\"wp-image-39450 size-full\" srcset=\"https:\/\/www.systra.com\/france\/wp-content\/uploads\/sites\/4\/2025\/09\/15.png 591w, https:\/\/www.systra.com\/france\/wp-content\/uploads\/sites\/4\/2025\/09\/15-300x300.png 300w, https:\/\/www.systra.com\/france\/wp-content\/uploads\/sites\/4\/2025\/09\/15-150x150.png 150w, https:\/\/www.systra.com\/france\/wp-content\/uploads\/sites\/4\/2025\/09\/15-376x376.png 376w, https:\/\/www.systra.com\/france\/wp-content\/uploads\/sites\/4\/2025\/09\/15-474x474.png 474w, https:\/\/www.systra.com\/france\/wp-content\/uploads\/sites\/4\/2025\/09\/15-180x180.png 180w, https:\/\/www.systra.com\/france\/wp-content\/uploads\/sites\/4\/2025\/09\/15-153x153.png 153w, https:\/\/www.systra.com\/france\/wp-content\/uploads\/sites\/4\/2025\/09\/15-230x230.png 230w\" sizes=\"(max-width: 591px) 100vw, 591px\" \/><\/figure><div class=\"wp-block-media-text__content\">\n<p>Ing\u00e9nieur dipl\u00f4m\u00e9 de l\u2019INSA Lyon et titulaire d\u2019un MBA de l\u2019IAE de Paris, Nicolas Andrieux est Directeur de la Business Unit Syst\u00e8mes. <\/p>\n\n\n\n<p>Son parcours, en France comme \u00e0 l\u2019international, ainsi que son exp\u00e9rience en management et sa connaissance des enjeux techniques et commerciaux du secteur, constituent des atouts essentiels. <\/p>\n\n\n\n<p>Nicolas Andrieux pilote la strat\u00e9gie et le d\u00e9veloppement de projets syst\u00e8mes, alliant performance \u00e9conomique, management d\u2019\u00e9quipes et innovation en France et \u00e0 l\u2019international.<\/p>\n<\/div><\/div>\n\n\n\n<div style=\"height:100px\" aria-hidden=\"true\" class=\"wp-block-spacer\"><\/div>\n\n\n\n<div class=\"wp-block-buttons is-layout-flex wp-block-buttons-is-layout-flex\">\n<div class=\"wp-block-button has-custom-width wp-block-button__width-100\"><a class=\"wp-block-button__link has-dirty-purple-background-color has-background wp-element-button\" href=\"https:\/\/www.systra.com\/france\/gouvernance\/\" target=\"_blank\" rel=\"noreferrer noopener\">Gouvernance<\/a><\/div>\n<\/div>\n","protected":false},"excerpt":{"rendered":"<p>Directeur Business Unit Syst\u00e8mes Ing\u00e9nieur dipl\u00f4m\u00e9 de l\u2019INSA Lyon et titulaire d\u2019un MBA de l\u2019IAE de Paris, Nicolas Andrieux est Directeur de la Business Unit Syst\u00e8mes. Son parcours, en France comme \u00e0 l\u2019international, ainsi que son exp\u00e9rience en management et sa connaissance des enjeux techniques et commerciaux du secteur, constituent des atouts essentiels. Nicolas Andrieux [&hellip;]<\/p>\n","protected":false},"author":23,"featured_media":0,"parent":0,"menu_order":0,"comment_status":"closed","ping_status":"closed","template":"","meta":{"_acf_changed":false,"_relevanssi_hide_post":"","_relevanssi_hide_content":"","_relevanssi_pin_for_all":"","_relevanssi_pin_keywords":"","_relevanssi_unpin_keywords":"","_relevanssi_related_keywords":"","_relevanssi_related_include_ids":"","_relevanssi_related_exclude_ids":"","_relevanssi_related_no_append":"","_relevanssi_related_not_related":"","_relevanssi_related_posts":"5137,4835,5266,5429,4995,4643","_relevanssi_noindex_reason":"","footnotes":""},"class_list":["post-39449","page","type-page","status-publish","hentry"],"acf":[],"yoast_head":"<!-- This site is optimized with the Yoast SEO Premium plugin v27.4 (Yoast SEO v27.4) - https:\/\/yoast.com\/product\/yoast-seo-premium-wordpress\/ -->\n<title>Nicolas ANDRIEUX - France<\/title>\n<meta name=\"description\" content=\"Directeur Business Unit Syst\u00e8mes Ing\u00e9nieur dipl\u00f4m\u00e9 de l\u2019INSA Lyon et titulaire d\u2019un MBA de l\u2019IAE de Paris, Nicolas Andrieux est Directeur de la Business\" \/>\n<meta name=\"robots\" content=\"index, follow, max-snippet:-1, max-image-preview:large, max-video-preview:-1\" \/>\n<meta property=\"og:locale\" content=\"fr_FR\" \/>\n<meta property=\"og:type\" content=\"article\" \/>\n<meta property=\"og:title\" content=\"Nicolas ANDRIEUX\" \/>\n<meta property=\"og:description\" content=\"Directeur Business Unit Syst\u00e8mes Ing\u00e9nieur dipl\u00f4m\u00e9 de l\u2019INSA Lyon et titulaire d\u2019un MBA de l\u2019IAE de Paris, Nicolas Andrieux est Directeur de la Business\" \/>\n<meta property=\"og:url\" content=\"https:\/\/www.systra.com\/france\/nicolas-andrieux\/\" \/>\n<meta property=\"og:site_name\" content=\"France\" \/>\n<meta property=\"article:publisher\" content=\"https:\/\/www.facebook.com\/SYSTRA\" \/>\n<meta property=\"article:modified_time\" content=\"2025-09-23T12:11:09+00:00\" \/>\n<meta property=\"og:image\" content=\"https:\/\/www.systra.com\/france\/wp-content\/uploads\/sites\/4\/2025\/09\/15.png\" \/>\n\t<meta property=\"og:image:width\" content=\"591\" \/>\n\t<meta property=\"og:image:height\" content=\"591\" \/>\n\t<meta property=\"og:image:type\" content=\"image\/png\" \/>\n<meta name=\"twitter:card\" content=\"summary_large_image\" \/>\n<meta name=\"twitter:site\" content=\"@SYSTRA_LTD\" \/>\n<script type=\"application\/ld+json\" class=\"yoast-schema-graph\">{\"@context\":\"https:\\\/\\\/schema.org\",\"@graph\":[{\"@type\":\"WebPage\",\"@id\":\"https:\\\/\\\/www.systra.com\\\/france\\\/nicolas-andrieux\\\/\",\"url\":\"https:\\\/\\\/www.systra.com\\\/france\\\/nicolas-andrieux\\\/\",\"name\":\"Nicolas ANDRIEUX - France\",\"isPartOf\":{\"@id\":\"https:\\\/\\\/www.systra.com\\\/france\\\/#website\"},\"primaryImageOfPage\":{\"@id\":\"https:\\\/\\\/www.systra.com\\\/france\\\/nicolas-andrieux\\\/#primaryimage\"},\"image\":{\"@id\":\"https:\\\/\\\/www.systra.com\\\/france\\\/nicolas-andrieux\\\/#primaryimage\"},\"thumbnailUrl\":\"https:\\\/\\\/www.systra.com\\\/france\\\/wp-content\\\/uploads\\\/sites\\\/4\\\/2025\\\/09\\\/15.png\",\"datePublished\":\"2025-09-23T08:35:51+00:00\",\"dateModified\":\"2025-09-23T12:11:09+00:00\",\"description\":\"Directeur Business Unit Syst\u00e8mes Ing\u00e9nieur dipl\u00f4m\u00e9 de l\u2019INSA Lyon et titulaire d\u2019un MBA de l\u2019IAE de Paris, Nicolas Andrieux est Directeur de la Business\",\"breadcrumb\":{\"@id\":\"https:\\\/\\\/www.systra.com\\\/france\\\/nicolas-andrieux\\\/#breadcrumb\"},\"inLanguage\":\"fr-FR\",\"potentialAction\":[{\"@type\":\"ReadAction\",\"target\":[\"https:\\\/\\\/www.systra.com\\\/france\\\/nicolas-andrieux\\\/\"]}]},{\"@type\":\"ImageObject\",\"inLanguage\":\"fr-FR\",\"@id\":\"https:\\\/\\\/www.systra.com\\\/france\\\/nicolas-andrieux\\\/#primaryimage\",\"url\":\"https:\\\/\\\/www.systra.com\\\/france\\\/wp-content\\\/uploads\\\/sites\\\/4\\\/2025\\\/09\\\/15.png\",\"contentUrl\":\"https:\\\/\\\/www.systra.com\\\/france\\\/wp-content\\\/uploads\\\/sites\\\/4\\\/2025\\\/09\\\/15.png\",\"width\":591,\"height\":591},{\"@type\":\"BreadcrumbList\",\"@id\":\"https:\\\/\\\/www.systra.com\\\/france\\\/nicolas-andrieux\\\/#breadcrumb\",\"itemListElement\":[{\"@type\":\"ListItem\",\"position\":1,\"name\":\"Accueil\",\"item\":\"https:\\\/\\\/www.systra.com\\\/france\\\/\"},{\"@type\":\"ListItem\",\"position\":2,\"name\":\"Nicolas ANDRIEUX\"}]},{\"@type\":\"WebSite\",\"@id\":\"https:\\\/\\\/www.systra.com\\\/france\\\/#website\",\"url\":\"https:\\\/\\\/www.systra.com\\\/france\\\/\",\"name\":\"France\",\"description\":\"La confiance transporte le monde\",\"publisher\":{\"@id\":\"https:\\\/\\\/www.systra.com\\\/france\\\/#organization\"},\"potentialAction\":[{\"@type\":\"SearchAction\",\"target\":{\"@type\":\"EntryPoint\",\"urlTemplate\":\"https:\\\/\\\/www.systra.com\\\/france\\\/?s={search_term_string}\"},\"query-input\":{\"@type\":\"PropertyValueSpecification\",\"valueRequired\":true,\"valueName\":\"search_term_string\"}}],\"inLanguage\":\"fr-FR\"},{\"@type\":\"Organization\",\"@id\":\"https:\\\/\\\/www.systra.com\\\/france\\\/#organization\",\"name\":\"Systra France\",\"url\":\"https:\\\/\\\/www.systra.com\\\/france\\\/\",\"logo\":{\"@type\":\"ImageObject\",\"inLanguage\":\"fr-FR\",\"@id\":\"https:\\\/\\\/www.systra.com\\\/france\\\/#\\\/schema\\\/logo\\\/image\\\/\",\"url\":\"https:\\\/\\\/www.systra.com\\\/france\\\/wp-content\\\/uploads\\\/sites\\\/4\\\/2021\\\/03\\\/systra_logo_svg.svg\",\"contentUrl\":\"https:\\\/\\\/www.systra.com\\\/france\\\/wp-content\\\/uploads\\\/sites\\\/4\\\/2021\\\/03\\\/systra_logo_svg.svg\",\"width\":179,\"height\":34,\"caption\":\"Systra France\"},\"image\":{\"@id\":\"https:\\\/\\\/www.systra.com\\\/france\\\/#\\\/schema\\\/logo\\\/image\\\/\"},\"sameAs\":[\"https:\\\/\\\/www.facebook.com\\\/SYSTRA\",\"https:\\\/\\\/x.com\\\/SYSTRA_LTD\",\"https:\\\/\\\/www.linkedin.com\\\/company\\\/systra\\\/\"]}]}<\/script>\n<!-- \/ Yoast SEO Premium plugin. -->","yoast_head_json":{"title":"Nicolas ANDRIEUX - France","description":"Directeur Business Unit Syst\u00e8mes Ing\u00e9nieur dipl\u00f4m\u00e9 de l\u2019INSA Lyon et titulaire d\u2019un MBA de l\u2019IAE de Paris, Nicolas Andrieux est Directeur de la Business","robots":{"index":"index","follow":"follow","max-snippet":"max-snippet:-1","max-image-preview":"max-image-preview:large","max-video-preview":"max-video-preview:-1"},"og_locale":"fr_FR","og_type":"article","og_title":"Nicolas ANDRIEUX","og_description":"Directeur Business Unit Syst\u00e8mes Ing\u00e9nieur dipl\u00f4m\u00e9 de l\u2019INSA Lyon et titulaire d\u2019un MBA de l\u2019IAE de Paris, Nicolas Andrieux est Directeur de la Business","og_url":"https:\/\/www.systra.com\/france\/nicolas-andrieux\/","og_site_name":"France","article_publisher":"https:\/\/www.facebook.com\/SYSTRA","article_modified_time":"2025-09-23T12:11:09+00:00","og_image":[{"width":591,"height":591,"url":"https:\/\/www.systra.com\/france\/wp-content\/uploads\/sites\/4\/2025\/09\/15.png","type":"image\/png"}],"twitter_card":"summary_large_image","twitter_site":"@SYSTRA_LTD","schema":{"@context":"https:\/\/schema.org","@graph":[{"@type":"WebPage","@id":"https:\/\/www.systra.com\/france\/nicolas-andrieux\/","url":"https:\/\/www.systra.com\/france\/nicolas-andrieux\/","name":"Nicolas ANDRIEUX - France","isPartOf":{"@id":"https:\/\/www.systra.com\/france\/#website"},"primaryImageOfPage":{"@id":"https:\/\/www.systra.com\/france\/nicolas-andrieux\/#primaryimage"},"image":{"@id":"https:\/\/www.systra.com\/france\/nicolas-andrieux\/#primaryimage"},"thumbnailUrl":"https:\/\/www.systra.com\/france\/wp-content\/uploads\/sites\/4\/2025\/09\/15.png","datePublished":"2025-09-23T08:35:51+00:00","dateModified":"2025-09-23T12:11:09+00:00","description":"Directeur Business Unit Syst\u00e8mes Ing\u00e9nieur dipl\u00f4m\u00e9 de l\u2019INSA Lyon et titulaire d\u2019un MBA de l\u2019IAE de Paris, Nicolas Andrieux est Directeur de la Business","breadcrumb":{"@id":"https:\/\/www.systra.com\/france\/nicolas-andrieux\/#breadcrumb"},"inLanguage":"fr-FR","potentialAction":[{"@type":"ReadAction","target":["https:\/\/www.systra.com\/france\/nicolas-andrieux\/"]}]},{"@type":"ImageObject","inLanguage":"fr-FR","@id":"https:\/\/www.systra.com\/france\/nicolas-andrieux\/#primaryimage","url":"https:\/\/www.systra.com\/france\/wp-content\/uploads\/sites\/4\/2025\/09\/15.png","contentUrl":"https:\/\/www.systra.com\/france\/wp-content\/uploads\/sites\/4\/2025\/09\/15.png","width":591,"height":591},{"@type":"BreadcrumbList","@id":"https:\/\/www.systra.com\/france\/nicolas-andrieux\/#breadcrumb","itemListElement":[{"@type":"ListItem","position":1,"name":"Accueil","item":"https:\/\/www.systra.com\/france\/"},{"@type":"ListItem","position":2,"name":"Nicolas ANDRIEUX"}]},{"@type":"WebSite","@id":"https:\/\/www.systra.com\/france\/#website","url":"https:\/\/www.systra.com\/france\/","name":"France","description":"La confiance transporte le monde","publisher":{"@id":"https:\/\/www.systra.com\/france\/#organization"},"potentialAction":[{"@type":"SearchAction","target":{"@type":"EntryPoint","urlTemplate":"https:\/\/www.systra.com\/france\/?s={search_term_string}"},"query-input":{"@type":"PropertyValueSpecification","valueRequired":true,"valueName":"search_term_string"}}],"inLanguage":"fr-FR"},{"@type":"Organization","@id":"https:\/\/www.systra.com\/france\/#organization","name":"Systra France","url":"https:\/\/www.systra.com\/france\/","logo":{"@type":"ImageObject","inLanguage":"fr-FR","@id":"https:\/\/www.systra.com\/france\/#\/schema\/logo\/image\/","url":"https:\/\/www.systra.com\/france\/wp-content\/uploads\/sites\/4\/2021\/03\/systra_logo_svg.svg","contentUrl":"https:\/\/www.systra.com\/france\/wp-content\/uploads\/sites\/4\/2021\/03\/systra_logo_svg.svg","width":179,"height":34,"caption":"Systra France"},"image":{"@id":"https:\/\/www.systra.com\/france\/#\/schema\/logo\/image\/"},"sameAs":["https:\/\/www.facebook.com\/SYSTRA","https:\/\/x.com\/SYSTRA_LTD","https:\/\/www.linkedin.com\/company\/systra\/"]}]}},"lang":"fr","translations":{"fr":39449},"pll_sync_post":[],"_links":{"self":[{"href":"https:\/\/www.systra.com\/france\/wp-json\/wp\/v2\/pages\/39449","targetHints":{"allow":["GET"]}}],"collection":[{"href":"https:\/\/www.systra.com\/france\/wp-json\/wp\/v2\/pages"}],"about":[{"href":"https:\/\/www.systra.com\/france\/wp-json\/wp\/v2\/types\/page"}],"author":[{"embeddable":true,"href":"https:\/\/www.systra.com\/france\/wp-json\/wp\/v2\/users\/23"}],"replies":[{"embeddable":true,"href":"https:\/\/www.systra.com\/france\/wp-json\/wp\/v2\/comments?post=39449"}],"version-history":[{"count":3,"href":"https:\/\/www.systra.com\/france\/wp-json\/wp\/v2\/pages\/39449\/revisions"}],"predecessor-version":[{"id":40840,"href":"https:\/\/www.systra.com\/france\/wp-json\/wp\/v2\/pages\/39449\/revisions\/40840"}],"wp:attachment":[{"href":"https:\/\/www.systra.com\/france\/wp-json\/wp\/v2\/media?parent=39449"}],"curies":[{"name":"wp","href":"https:\/\/api.w.org\/{rel}","templated":true}]}}