{"id":39445,"date":"2025-09-23T10:33:59","date_gmt":"2025-09-23T08:33:59","guid":{"rendered":"https:\/\/www.systra.com\/france\/?page_id=39445"},"modified":"2025-09-23T14:05:47","modified_gmt":"2025-09-23T12:05:47","slug":"stephane-sirault","status":"publish","type":"page","link":"https:\/\/www.systra.com\/france\/stephane-sirault\/","title":{"rendered":"St\u00e9phane SIRAULT"},"content":{"rendered":"\n<h3 class=\"wp-block-heading\" id=\"h-directeur-performance-operationnelle\">Directeur Performance Op\u00e9rationnelle<\/h3>\n\n\n\n<div style=\"height:100px\" aria-hidden=\"true\" class=\"wp-block-spacer\"><\/div>\n\n\n\n<div class=\"wp-block-media-text is-stacked-on-mobile\"><figure class=\"wp-block-media-text__media\"><img decoding=\"async\" width=\"591\" height=\"591\" src=\"https:\/\/www.systra.com\/france\/wp-content\/uploads\/sites\/4\/2025\/09\/16.png\" alt=\"\" class=\"wp-image-39446 size-full\" srcset=\"https:\/\/www.systra.com\/france\/wp-content\/uploads\/sites\/4\/2025\/09\/16.png 591w, https:\/\/www.systra.com\/france\/wp-content\/uploads\/sites\/4\/2025\/09\/16-300x300.png 300w, https:\/\/www.systra.com\/france\/wp-content\/uploads\/sites\/4\/2025\/09\/16-150x150.png 150w, https:\/\/www.systra.com\/france\/wp-content\/uploads\/sites\/4\/2025\/09\/16-376x376.png 376w, https:\/\/www.systra.com\/france\/wp-content\/uploads\/sites\/4\/2025\/09\/16-474x474.png 474w, https:\/\/www.systra.com\/france\/wp-content\/uploads\/sites\/4\/2025\/09\/16-180x180.png 180w, https:\/\/www.systra.com\/france\/wp-content\/uploads\/sites\/4\/2025\/09\/16-153x153.png 153w, https:\/\/www.systra.com\/france\/wp-content\/uploads\/sites\/4\/2025\/09\/16-230x230.png 230w\" sizes=\"(max-width: 591px) 100vw, 591px\" \/><\/figure><div class=\"wp-block-media-text__content\">\n<p>Titulaire d\u2019un dipl\u00f4me d\u2019\u00e9tudes approfondies en A\u00e9rodynamique et Dynamique des Fluides et fort de 30 ans d\u2019exp\u00e9riences dans l\u2019ing\u00e9nierie des transports, St\u00e9phane Sirault est aujourd\u2019hui Directeur de la Performance Op\u00e9rationnelle.<\/p>\n\n\n\n<p>A ce titre, il pilote les strat\u00e9gies digitale et innovation en lien avec les Business Units et le Groupe SYSTRA, la r\u00e9alisation des audits internes et le d\u00e9ploiement des plans d\u2019actions et de transformation ainsi que les actions transverses sur les m\u00e9tiers du management de projet (animation, formation, expertise).<\/p>\n<\/div><\/div>\n\n\n\n<div style=\"height:100px\" aria-hidden=\"true\" class=\"wp-block-spacer\"><\/div>\n\n\n\n<div class=\"wp-block-buttons is-layout-flex wp-block-buttons-is-layout-flex\">\n<div class=\"wp-block-button has-custom-width wp-block-button__width-100\"><a class=\"wp-block-button__link has-dirty-purple-background-color has-background wp-element-button\" href=\"https:\/\/www.systra.com\/france\/gouvernance\/\" target=\"_blank\" rel=\"noreferrer noopener\">Gouvernance<\/a><\/div>\n<\/div>\n\n\n\n<p><\/p>\n","protected":false},"excerpt":{"rendered":"<p>Directeur Performance Op\u00e9rationnelle Titulaire d\u2019un dipl\u00f4me d\u2019\u00e9tudes approfondies en A\u00e9rodynamique et Dynamique des Fluides et fort de 30 ans d\u2019exp\u00e9riences dans l\u2019ing\u00e9nierie des transports, St\u00e9phane Sirault est aujourd\u2019hui Directeur de la Performance Op\u00e9rationnelle. A ce titre, il pilote les strat\u00e9gies digitale et innovation en lien avec les Business Units et le Groupe SYSTRA, la r\u00e9alisation [&hellip;]<\/p>\n","protected":false},"author":23,"featured_media":0,"parent":0,"menu_order":0,"comment_status":"closed","ping_status":"closed","template":"","meta":{"_acf_changed":false,"_relevanssi_hide_post":"","_relevanssi_hide_content":"","_relevanssi_pin_for_all":"","_relevanssi_pin_keywords":"","_relevanssi_unpin_keywords":"","_relevanssi_related_keywords":"","_relevanssi_related_include_ids":"","_relevanssi_related_exclude_ids":"","_relevanssi_related_no_append":"","_relevanssi_related_not_related":"","_relevanssi_related_posts":"7642,4835,5837,4387,4149,3976","_relevanssi_noindex_reason":"","footnotes":""},"class_list":["post-39445","page","type-page","status-publish","hentry"],"acf":[],"yoast_head":"<!-- This site is optimized with the Yoast SEO Premium plugin v27.4 (Yoast SEO v27.4) - https:\/\/yoast.com\/product\/yoast-seo-premium-wordpress\/ -->\n<title>St\u00e9phane SIRAULT - France<\/title>\n<meta name=\"description\" content=\"Directeur Performance Op\u00e9rationnelle Titulaire d\u2019un dipl\u00f4me d\u2019\u00e9tudes approfondies en A\u00e9rodynamique et Dynamique des Fluides et fort de 30 ans\" \/>\n<meta name=\"robots\" content=\"index, follow, max-snippet:-1, max-image-preview:large, max-video-preview:-1\" \/>\n<meta property=\"og:locale\" content=\"fr_FR\" \/>\n<meta property=\"og:type\" content=\"article\" \/>\n<meta property=\"og:title\" content=\"St\u00e9phane SIRAULT\" \/>\n<meta property=\"og:description\" content=\"Directeur Performance Op\u00e9rationnelle Titulaire d\u2019un dipl\u00f4me d\u2019\u00e9tudes approfondies en A\u00e9rodynamique et Dynamique des Fluides et fort de 30 ans\" \/>\n<meta property=\"og:url\" content=\"https:\/\/www.systra.com\/france\/stephane-sirault\/\" \/>\n<meta property=\"og:site_name\" content=\"France\" \/>\n<meta property=\"article:publisher\" content=\"https:\/\/www.facebook.com\/SYSTRA\" \/>\n<meta property=\"article:modified_time\" content=\"2025-09-23T12:05:47+00:00\" \/>\n<meta property=\"og:image\" content=\"https:\/\/www.systra.com\/france\/wp-content\/uploads\/sites\/4\/2025\/09\/16.png\" \/>\n\t<meta property=\"og:image:width\" content=\"591\" \/>\n\t<meta property=\"og:image:height\" content=\"591\" \/>\n\t<meta property=\"og:image:type\" content=\"image\/png\" \/>\n<meta name=\"twitter:card\" content=\"summary_large_image\" \/>\n<meta name=\"twitter:site\" content=\"@SYSTRA_LTD\" \/>\n<meta name=\"twitter:label1\" content=\"Dur\u00e9e de lecture estim\u00e9e\" \/>\n\t<meta name=\"twitter:data1\" content=\"1 minute\" \/>\n<script type=\"application\/ld+json\" class=\"yoast-schema-graph\">{\"@context\":\"https:\\\/\\\/schema.org\",\"@graph\":[{\"@type\":\"WebPage\",\"@id\":\"https:\\\/\\\/www.systra.com\\\/france\\\/stephane-sirault\\\/\",\"url\":\"https:\\\/\\\/www.systra.com\\\/france\\\/stephane-sirault\\\/\",\"name\":\"St\u00e9phane SIRAULT - France\",\"isPartOf\":{\"@id\":\"https:\\\/\\\/www.systra.com\\\/france\\\/#website\"},\"primaryImageOfPage\":{\"@id\":\"https:\\\/\\\/www.systra.com\\\/france\\\/stephane-sirault\\\/#primaryimage\"},\"image\":{\"@id\":\"https:\\\/\\\/www.systra.com\\\/france\\\/stephane-sirault\\\/#primaryimage\"},\"thumbnailUrl\":\"https:\\\/\\\/www.systra.com\\\/france\\\/wp-content\\\/uploads\\\/sites\\\/4\\\/2025\\\/09\\\/16.png\",\"datePublished\":\"2025-09-23T08:33:59+00:00\",\"dateModified\":\"2025-09-23T12:05:47+00:00\",\"description\":\"Directeur Performance Op\u00e9rationnelle Titulaire d\u2019un dipl\u00f4me d\u2019\u00e9tudes approfondies en A\u00e9rodynamique et Dynamique des Fluides et fort de 30 ans\",\"breadcrumb\":{\"@id\":\"https:\\\/\\\/www.systra.com\\\/france\\\/stephane-sirault\\\/#breadcrumb\"},\"inLanguage\":\"fr-FR\",\"potentialAction\":[{\"@type\":\"ReadAction\",\"target\":[\"https:\\\/\\\/www.systra.com\\\/france\\\/stephane-sirault\\\/\"]}]},{\"@type\":\"ImageObject\",\"inLanguage\":\"fr-FR\",\"@id\":\"https:\\\/\\\/www.systra.com\\\/france\\\/stephane-sirault\\\/#primaryimage\",\"url\":\"https:\\\/\\\/www.systra.com\\\/france\\\/wp-content\\\/uploads\\\/sites\\\/4\\\/2025\\\/09\\\/16.png\",\"contentUrl\":\"https:\\\/\\\/www.systra.com\\\/france\\\/wp-content\\\/uploads\\\/sites\\\/4\\\/2025\\\/09\\\/16.png\",\"width\":591,\"height\":591},{\"@type\":\"BreadcrumbList\",\"@id\":\"https:\\\/\\\/www.systra.com\\\/france\\\/stephane-sirault\\\/#breadcrumb\",\"itemListElement\":[{\"@type\":\"ListItem\",\"position\":1,\"name\":\"Accueil\",\"item\":\"https:\\\/\\\/www.systra.com\\\/france\\\/\"},{\"@type\":\"ListItem\",\"position\":2,\"name\":\"St\u00e9phane SIRAULT\"}]},{\"@type\":\"WebSite\",\"@id\":\"https:\\\/\\\/www.systra.com\\\/france\\\/#website\",\"url\":\"https:\\\/\\\/www.systra.com\\\/france\\\/\",\"name\":\"France\",\"description\":\"La confiance transporte le monde\",\"publisher\":{\"@id\":\"https:\\\/\\\/www.systra.com\\\/france\\\/#organization\"},\"potentialAction\":[{\"@type\":\"SearchAction\",\"target\":{\"@type\":\"EntryPoint\",\"urlTemplate\":\"https:\\\/\\\/www.systra.com\\\/france\\\/?s={search_term_string}\"},\"query-input\":{\"@type\":\"PropertyValueSpecification\",\"valueRequired\":true,\"valueName\":\"search_term_string\"}}],\"inLanguage\":\"fr-FR\"},{\"@type\":\"Organization\",\"@id\":\"https:\\\/\\\/www.systra.com\\\/france\\\/#organization\",\"name\":\"Systra France\",\"url\":\"https:\\\/\\\/www.systra.com\\\/france\\\/\",\"logo\":{\"@type\":\"ImageObject\",\"inLanguage\":\"fr-FR\",\"@id\":\"https:\\\/\\\/www.systra.com\\\/france\\\/#\\\/schema\\\/logo\\\/image\\\/\",\"url\":\"https:\\\/\\\/www.systra.com\\\/france\\\/wp-content\\\/uploads\\\/sites\\\/4\\\/2021\\\/03\\\/systra_logo_svg.svg\",\"contentUrl\":\"https:\\\/\\\/www.systra.com\\\/france\\\/wp-content\\\/uploads\\\/sites\\\/4\\\/2021\\\/03\\\/systra_logo_svg.svg\",\"width\":179,\"height\":34,\"caption\":\"Systra France\"},\"image\":{\"@id\":\"https:\\\/\\\/www.systra.com\\\/france\\\/#\\\/schema\\\/logo\\\/image\\\/\"},\"sameAs\":[\"https:\\\/\\\/www.facebook.com\\\/SYSTRA\",\"https:\\\/\\\/x.com\\\/SYSTRA_LTD\",\"https:\\\/\\\/www.linkedin.com\\\/company\\\/systra\\\/\"]}]}<\/script>\n<!-- \/ Yoast SEO Premium plugin. -->","yoast_head_json":{"title":"St\u00e9phane SIRAULT - France","description":"Directeur Performance Op\u00e9rationnelle Titulaire d\u2019un dipl\u00f4me d\u2019\u00e9tudes approfondies en A\u00e9rodynamique et Dynamique des Fluides et fort de 30 ans","robots":{"index":"index","follow":"follow","max-snippet":"max-snippet:-1","max-image-preview":"max-image-preview:large","max-video-preview":"max-video-preview:-1"},"og_locale":"fr_FR","og_type":"article","og_title":"St\u00e9phane SIRAULT","og_description":"Directeur Performance Op\u00e9rationnelle Titulaire d\u2019un dipl\u00f4me d\u2019\u00e9tudes approfondies en A\u00e9rodynamique et Dynamique des Fluides et fort de 30 ans","og_url":"https:\/\/www.systra.com\/france\/stephane-sirault\/","og_site_name":"France","article_publisher":"https:\/\/www.facebook.com\/SYSTRA","article_modified_time":"2025-09-23T12:05:47+00:00","og_image":[{"width":591,"height":591,"url":"https:\/\/www.systra.com\/france\/wp-content\/uploads\/sites\/4\/2025\/09\/16.png","type":"image\/png"}],"twitter_card":"summary_large_image","twitter_site":"@SYSTRA_LTD","twitter_misc":{"Dur\u00e9e de lecture estim\u00e9e":"1 minute"},"schema":{"@context":"https:\/\/schema.org","@graph":[{"@type":"WebPage","@id":"https:\/\/www.systra.com\/france\/stephane-sirault\/","url":"https:\/\/www.systra.com\/france\/stephane-sirault\/","name":"St\u00e9phane SIRAULT - France","isPartOf":{"@id":"https:\/\/www.systra.com\/france\/#website"},"primaryImageOfPage":{"@id":"https:\/\/www.systra.com\/france\/stephane-sirault\/#primaryimage"},"image":{"@id":"https:\/\/www.systra.com\/france\/stephane-sirault\/#primaryimage"},"thumbnailUrl":"https:\/\/www.systra.com\/france\/wp-content\/uploads\/sites\/4\/2025\/09\/16.png","datePublished":"2025-09-23T08:33:59+00:00","dateModified":"2025-09-23T12:05:47+00:00","description":"Directeur Performance Op\u00e9rationnelle Titulaire d\u2019un dipl\u00f4me d\u2019\u00e9tudes approfondies en A\u00e9rodynamique et Dynamique des Fluides et fort de 30 ans","breadcrumb":{"@id":"https:\/\/www.systra.com\/france\/stephane-sirault\/#breadcrumb"},"inLanguage":"fr-FR","potentialAction":[{"@type":"ReadAction","target":["https:\/\/www.systra.com\/france\/stephane-sirault\/"]}]},{"@type":"ImageObject","inLanguage":"fr-FR","@id":"https:\/\/www.systra.com\/france\/stephane-sirault\/#primaryimage","url":"https:\/\/www.systra.com\/france\/wp-content\/uploads\/sites\/4\/2025\/09\/16.png","contentUrl":"https:\/\/www.systra.com\/france\/wp-content\/uploads\/sites\/4\/2025\/09\/16.png","width":591,"height":591},{"@type":"BreadcrumbList","@id":"https:\/\/www.systra.com\/france\/stephane-sirault\/#breadcrumb","itemListElement":[{"@type":"ListItem","position":1,"name":"Accueil","item":"https:\/\/www.systra.com\/france\/"},{"@type":"ListItem","position":2,"name":"St\u00e9phane SIRAULT"}]},{"@type":"WebSite","@id":"https:\/\/www.systra.com\/france\/#website","url":"https:\/\/www.systra.com\/france\/","name":"France","description":"La confiance transporte le monde","publisher":{"@id":"https:\/\/www.systra.com\/france\/#organization"},"potentialAction":[{"@type":"SearchAction","target":{"@type":"EntryPoint","urlTemplate":"https:\/\/www.systra.com\/france\/?s={search_term_string}"},"query-input":{"@type":"PropertyValueSpecification","valueRequired":true,"valueName":"search_term_string"}}],"inLanguage":"fr-FR"},{"@type":"Organization","@id":"https:\/\/www.systra.com\/france\/#organization","name":"Systra France","url":"https:\/\/www.systra.com\/france\/","logo":{"@type":"ImageObject","inLanguage":"fr-FR","@id":"https:\/\/www.systra.com\/france\/#\/schema\/logo\/image\/","url":"https:\/\/www.systra.com\/france\/wp-content\/uploads\/sites\/4\/2021\/03\/systra_logo_svg.svg","contentUrl":"https:\/\/www.systra.com\/france\/wp-content\/uploads\/sites\/4\/2021\/03\/systra_logo_svg.svg","width":179,"height":34,"caption":"Systra France"},"image":{"@id":"https:\/\/www.systra.com\/france\/#\/schema\/logo\/image\/"},"sameAs":["https:\/\/www.facebook.com\/SYSTRA","https:\/\/x.com\/SYSTRA_LTD","https:\/\/www.linkedin.com\/company\/systra\/"]}]}},"lang":"fr","translations":{"fr":39445},"pll_sync_post":[],"_links":{"self":[{"href":"https:\/\/www.systra.com\/france\/wp-json\/wp\/v2\/pages\/39445","targetHints":{"allow":["GET"]}}],"collection":[{"href":"https:\/\/www.systra.com\/france\/wp-json\/wp\/v2\/pages"}],"about":[{"href":"https:\/\/www.systra.com\/france\/wp-json\/wp\/v2\/types\/page"}],"author":[{"embeddable":true,"href":"https:\/\/www.systra.com\/france\/wp-json\/wp\/v2\/users\/23"}],"replies":[{"embeddable":true,"href":"https:\/\/www.systra.com\/france\/wp-json\/wp\/v2\/comments?post=39445"}],"version-history":[{"count":3,"href":"https:\/\/www.systra.com\/france\/wp-json\/wp\/v2\/pages\/39445\/revisions"}],"predecessor-version":[{"id":40861,"href":"https:\/\/www.systra.com\/france\/wp-json\/wp\/v2\/pages\/39445\/revisions\/40861"}],"wp:attachment":[{"href":"https:\/\/www.systra.com\/france\/wp-json\/wp\/v2\/media?parent=39445"}],"curies":[{"name":"wp","href":"https:\/\/api.w.org\/{rel}","templated":true}]}}