{"id":39407,"date":"2025-09-23T10:25:32","date_gmt":"2025-09-23T08:25:32","guid":{"rendered":"https:\/\/www.systra.com\/france\/?page_id=39407"},"modified":"2025-09-23T14:10:47","modified_gmt":"2025-09-23T12:10:47","slug":"stephane-bagdassarian","status":"publish","type":"page","link":"https:\/\/www.systra.com\/france\/stephane-bagdassarian\/","title":{"rendered":"St\u00e9phane Bagdassarian"},"content":{"rendered":"\n<h3 class=\"wp-block-heading\" id=\"h-directeur-ressources-humaines\">Directeur Ressources Humaines<\/h3>\n\n\n\n<div style=\"height:100px\" aria-hidden=\"true\" class=\"wp-block-spacer\"><\/div>\n\n\n\n<div class=\"wp-block-media-text is-stacked-on-mobile\"><figure class=\"wp-block-media-text__media\"><img decoding=\"async\" width=\"591\" height=\"591\" src=\"https:\/\/www.systra.com\/france\/wp-content\/uploads\/sites\/4\/2025\/09\/10.png\" alt=\"\" class=\"wp-image-39410 size-full\" srcset=\"https:\/\/www.systra.com\/france\/wp-content\/uploads\/sites\/4\/2025\/09\/10.png 591w, https:\/\/www.systra.com\/france\/wp-content\/uploads\/sites\/4\/2025\/09\/10-300x300.png 300w, https:\/\/www.systra.com\/france\/wp-content\/uploads\/sites\/4\/2025\/09\/10-150x150.png 150w, https:\/\/www.systra.com\/france\/wp-content\/uploads\/sites\/4\/2025\/09\/10-376x376.png 376w, https:\/\/www.systra.com\/france\/wp-content\/uploads\/sites\/4\/2025\/09\/10-474x474.png 474w, https:\/\/www.systra.com\/france\/wp-content\/uploads\/sites\/4\/2025\/09\/10-180x180.png 180w, https:\/\/www.systra.com\/france\/wp-content\/uploads\/sites\/4\/2025\/09\/10-153x153.png 153w, https:\/\/www.systra.com\/france\/wp-content\/uploads\/sites\/4\/2025\/09\/10-230x230.png 230w\" sizes=\"(max-width: 591px) 100vw, 591px\" \/><\/figure><div class=\"wp-block-media-text__content\">\n<p>Dipl\u00f4m\u00e9 en droit des affaires et en droit du travail \u00e0 l&#8217;Universit\u00e9 Paris I \u2013 Panth\u00e9on &#8211; Sorbonne, St\u00e9phane Bagdassarian est Directeur des Ressources humaines de SYSTRA France. <\/p>\n\n\n\n<p>Son r\u00f4le est \u00e0 la fois strat\u00e9gique et op\u00e9rationnel, ainsi il d\u00e9finit la strat\u00e9gie RH de la France en alignement avec la vision et les objectifs de l\u2019entreprise et veille \u00e0 sa mise en \u0153uvre, notamment sur les sujets de recrutement, de gestion des talents, d\u2019attractivit\u00e9, de diversit\u00e9\u2026<\/p>\n<\/div><\/div>\n\n\n\n<div style=\"height:100px\" aria-hidden=\"true\" class=\"wp-block-spacer\"><\/div>\n\n\n\n<div class=\"wp-block-buttons is-layout-flex wp-block-buttons-is-layout-flex\">\n<div class=\"wp-block-button has-custom-width wp-block-button__width-100\"><a class=\"wp-block-button__link has-dirty-purple-background-color has-background wp-element-button\" href=\"https:\/\/www.systra.com\/france\/gouvernance\/\" target=\"_blank\" rel=\"noreferrer noopener\">gouvernance<\/a><\/div>\n<\/div>\n\n\n\n<p><\/p>\n\n\n\n<p><\/p>\n","protected":false},"excerpt":{"rendered":"<p>Directeur Ressources Humaines Dipl\u00f4m\u00e9 en droit des affaires et en droit du travail \u00e0 l&#8217;Universit\u00e9 Paris I \u2013 Panth\u00e9on &#8211; Sorbonne, St\u00e9phane Bagdassarian est Directeur des Ressources humaines de SYSTRA France. Son r\u00f4le est \u00e0 la fois strat\u00e9gique et op\u00e9rationnel, ainsi il d\u00e9finit la strat\u00e9gie RH de la France en alignement avec la vision et [&hellip;]<\/p>\n","protected":false},"author":23,"featured_media":0,"parent":0,"menu_order":0,"comment_status":"closed","ping_status":"closed","template":"","meta":{"_acf_changed":false,"_relevanssi_hide_post":"","_relevanssi_hide_content":"","_relevanssi_pin_for_all":"","_relevanssi_pin_keywords":"","_relevanssi_unpin_keywords":"","_relevanssi_related_keywords":"","_relevanssi_related_include_ids":"","_relevanssi_related_exclude_ids":"","_relevanssi_related_no_append":"","_relevanssi_related_not_related":"","_relevanssi_related_posts":"3793,4387,3796,5410,3692,5987","_relevanssi_noindex_reason":"","footnotes":""},"class_list":["post-39407","page","type-page","status-publish","hentry"],"acf":[],"yoast_head":"<!-- This site is optimized with the Yoast SEO Premium plugin v27.4 (Yoast SEO v27.4) - https:\/\/yoast.com\/product\/yoast-seo-premium-wordpress\/ -->\n<title>St\u00e9phane Bagdassarian - France<\/title>\n<meta name=\"description\" content=\"Directeur Ressources Humaines Dipl\u00f4m\u00e9 en droit des affaires et en droit du travail \u00e0 l&#039;Universit\u00e9 Paris I \u2013 Panth\u00e9on - Sorbonne, St\u00e9phane Bagdassarian est\" \/>\n<meta name=\"robots\" content=\"index, follow, max-snippet:-1, max-image-preview:large, max-video-preview:-1\" \/>\n<meta property=\"og:locale\" content=\"fr_FR\" \/>\n<meta property=\"og:type\" content=\"article\" \/>\n<meta property=\"og:title\" content=\"St\u00e9phane Bagdassarian\" \/>\n<meta property=\"og:description\" content=\"Directeur Ressources Humaines Dipl\u00f4m\u00e9 en droit des affaires et en droit du travail \u00e0 l&#039;Universit\u00e9 Paris I \u2013 Panth\u00e9on - Sorbonne, St\u00e9phane Bagdassarian est\" \/>\n<meta property=\"og:url\" content=\"https:\/\/www.systra.com\/france\/stephane-bagdassarian\/\" \/>\n<meta property=\"og:site_name\" content=\"France\" \/>\n<meta property=\"article:publisher\" content=\"https:\/\/www.facebook.com\/SYSTRA\" \/>\n<meta property=\"article:modified_time\" content=\"2025-09-23T12:10:47+00:00\" \/>\n<meta property=\"og:image\" content=\"https:\/\/www.systra.com\/france\/wp-content\/uploads\/sites\/4\/2025\/09\/10.png\" \/>\n\t<meta property=\"og:image:width\" content=\"591\" \/>\n\t<meta property=\"og:image:height\" content=\"591\" \/>\n\t<meta property=\"og:image:type\" content=\"image\/png\" \/>\n<meta name=\"twitter:card\" content=\"summary_large_image\" \/>\n<meta name=\"twitter:site\" content=\"@SYSTRA_LTD\" \/>\n<meta name=\"twitter:label1\" content=\"Dur\u00e9e de lecture estim\u00e9e\" \/>\n\t<meta name=\"twitter:data1\" content=\"1 minute\" \/>\n<script type=\"application\/ld+json\" class=\"yoast-schema-graph\">{\"@context\":\"https:\\\/\\\/schema.org\",\"@graph\":[{\"@type\":\"WebPage\",\"@id\":\"https:\\\/\\\/www.systra.com\\\/france\\\/stephane-bagdassarian\\\/\",\"url\":\"https:\\\/\\\/www.systra.com\\\/france\\\/stephane-bagdassarian\\\/\",\"name\":\"St\u00e9phane Bagdassarian - France\",\"isPartOf\":{\"@id\":\"https:\\\/\\\/www.systra.com\\\/france\\\/#website\"},\"primaryImageOfPage\":{\"@id\":\"https:\\\/\\\/www.systra.com\\\/france\\\/stephane-bagdassarian\\\/#primaryimage\"},\"image\":{\"@id\":\"https:\\\/\\\/www.systra.com\\\/france\\\/stephane-bagdassarian\\\/#primaryimage\"},\"thumbnailUrl\":\"https:\\\/\\\/www.systra.com\\\/france\\\/wp-content\\\/uploads\\\/sites\\\/4\\\/2025\\\/09\\\/10.png\",\"datePublished\":\"2025-09-23T08:25:32+00:00\",\"dateModified\":\"2025-09-23T12:10:47+00:00\",\"description\":\"Directeur Ressources Humaines Dipl\u00f4m\u00e9 en droit des affaires et en droit du travail \u00e0 l'Universit\u00e9 Paris I \u2013 Panth\u00e9on - Sorbonne, St\u00e9phane Bagdassarian est\",\"breadcrumb\":{\"@id\":\"https:\\\/\\\/www.systra.com\\\/france\\\/stephane-bagdassarian\\\/#breadcrumb\"},\"inLanguage\":\"fr-FR\",\"potentialAction\":[{\"@type\":\"ReadAction\",\"target\":[\"https:\\\/\\\/www.systra.com\\\/france\\\/stephane-bagdassarian\\\/\"]}]},{\"@type\":\"ImageObject\",\"inLanguage\":\"fr-FR\",\"@id\":\"https:\\\/\\\/www.systra.com\\\/france\\\/stephane-bagdassarian\\\/#primaryimage\",\"url\":\"https:\\\/\\\/www.systra.com\\\/france\\\/wp-content\\\/uploads\\\/sites\\\/4\\\/2025\\\/09\\\/10.png\",\"contentUrl\":\"https:\\\/\\\/www.systra.com\\\/france\\\/wp-content\\\/uploads\\\/sites\\\/4\\\/2025\\\/09\\\/10.png\",\"width\":591,\"height\":591},{\"@type\":\"BreadcrumbList\",\"@id\":\"https:\\\/\\\/www.systra.com\\\/france\\\/stephane-bagdassarian\\\/#breadcrumb\",\"itemListElement\":[{\"@type\":\"ListItem\",\"position\":1,\"name\":\"Accueil\",\"item\":\"https:\\\/\\\/www.systra.com\\\/france\\\/\"},{\"@type\":\"ListItem\",\"position\":2,\"name\":\"St\u00e9phane Bagdassarian\"}]},{\"@type\":\"WebSite\",\"@id\":\"https:\\\/\\\/www.systra.com\\\/france\\\/#website\",\"url\":\"https:\\\/\\\/www.systra.com\\\/france\\\/\",\"name\":\"France\",\"description\":\"La confiance transporte le monde\",\"publisher\":{\"@id\":\"https:\\\/\\\/www.systra.com\\\/france\\\/#organization\"},\"potentialAction\":[{\"@type\":\"SearchAction\",\"target\":{\"@type\":\"EntryPoint\",\"urlTemplate\":\"https:\\\/\\\/www.systra.com\\\/france\\\/?s={search_term_string}\"},\"query-input\":{\"@type\":\"PropertyValueSpecification\",\"valueRequired\":true,\"valueName\":\"search_term_string\"}}],\"inLanguage\":\"fr-FR\"},{\"@type\":\"Organization\",\"@id\":\"https:\\\/\\\/www.systra.com\\\/france\\\/#organization\",\"name\":\"Systra France\",\"url\":\"https:\\\/\\\/www.systra.com\\\/france\\\/\",\"logo\":{\"@type\":\"ImageObject\",\"inLanguage\":\"fr-FR\",\"@id\":\"https:\\\/\\\/www.systra.com\\\/france\\\/#\\\/schema\\\/logo\\\/image\\\/\",\"url\":\"https:\\\/\\\/www.systra.com\\\/france\\\/wp-content\\\/uploads\\\/sites\\\/4\\\/2021\\\/03\\\/systra_logo_svg.svg\",\"contentUrl\":\"https:\\\/\\\/www.systra.com\\\/france\\\/wp-content\\\/uploads\\\/sites\\\/4\\\/2021\\\/03\\\/systra_logo_svg.svg\",\"width\":179,\"height\":34,\"caption\":\"Systra France\"},\"image\":{\"@id\":\"https:\\\/\\\/www.systra.com\\\/france\\\/#\\\/schema\\\/logo\\\/image\\\/\"},\"sameAs\":[\"https:\\\/\\\/www.facebook.com\\\/SYSTRA\",\"https:\\\/\\\/x.com\\\/SYSTRA_LTD\",\"https:\\\/\\\/www.linkedin.com\\\/company\\\/systra\\\/\"]}]}<\/script>\n<!-- \/ Yoast SEO Premium plugin. -->","yoast_head_json":{"title":"St\u00e9phane Bagdassarian - France","description":"Directeur Ressources Humaines Dipl\u00f4m\u00e9 en droit des affaires et en droit du travail \u00e0 l'Universit\u00e9 Paris I \u2013 Panth\u00e9on - Sorbonne, St\u00e9phane Bagdassarian est","robots":{"index":"index","follow":"follow","max-snippet":"max-snippet:-1","max-image-preview":"max-image-preview:large","max-video-preview":"max-video-preview:-1"},"og_locale":"fr_FR","og_type":"article","og_title":"St\u00e9phane Bagdassarian","og_description":"Directeur Ressources Humaines Dipl\u00f4m\u00e9 en droit des affaires et en droit du travail \u00e0 l'Universit\u00e9 Paris I \u2013 Panth\u00e9on - Sorbonne, St\u00e9phane Bagdassarian est","og_url":"https:\/\/www.systra.com\/france\/stephane-bagdassarian\/","og_site_name":"France","article_publisher":"https:\/\/www.facebook.com\/SYSTRA","article_modified_time":"2025-09-23T12:10:47+00:00","og_image":[{"width":591,"height":591,"url":"https:\/\/www.systra.com\/france\/wp-content\/uploads\/sites\/4\/2025\/09\/10.png","type":"image\/png"}],"twitter_card":"summary_large_image","twitter_site":"@SYSTRA_LTD","twitter_misc":{"Dur\u00e9e de lecture estim\u00e9e":"1 minute"},"schema":{"@context":"https:\/\/schema.org","@graph":[{"@type":"WebPage","@id":"https:\/\/www.systra.com\/france\/stephane-bagdassarian\/","url":"https:\/\/www.systra.com\/france\/stephane-bagdassarian\/","name":"St\u00e9phane Bagdassarian - France","isPartOf":{"@id":"https:\/\/www.systra.com\/france\/#website"},"primaryImageOfPage":{"@id":"https:\/\/www.systra.com\/france\/stephane-bagdassarian\/#primaryimage"},"image":{"@id":"https:\/\/www.systra.com\/france\/stephane-bagdassarian\/#primaryimage"},"thumbnailUrl":"https:\/\/www.systra.com\/france\/wp-content\/uploads\/sites\/4\/2025\/09\/10.png","datePublished":"2025-09-23T08:25:32+00:00","dateModified":"2025-09-23T12:10:47+00:00","description":"Directeur Ressources Humaines Dipl\u00f4m\u00e9 en droit des affaires et en droit du travail \u00e0 l'Universit\u00e9 Paris I \u2013 Panth\u00e9on - Sorbonne, St\u00e9phane Bagdassarian est","breadcrumb":{"@id":"https:\/\/www.systra.com\/france\/stephane-bagdassarian\/#breadcrumb"},"inLanguage":"fr-FR","potentialAction":[{"@type":"ReadAction","target":["https:\/\/www.systra.com\/france\/stephane-bagdassarian\/"]}]},{"@type":"ImageObject","inLanguage":"fr-FR","@id":"https:\/\/www.systra.com\/france\/stephane-bagdassarian\/#primaryimage","url":"https:\/\/www.systra.com\/france\/wp-content\/uploads\/sites\/4\/2025\/09\/10.png","contentUrl":"https:\/\/www.systra.com\/france\/wp-content\/uploads\/sites\/4\/2025\/09\/10.png","width":591,"height":591},{"@type":"BreadcrumbList","@id":"https:\/\/www.systra.com\/france\/stephane-bagdassarian\/#breadcrumb","itemListElement":[{"@type":"ListItem","position":1,"name":"Accueil","item":"https:\/\/www.systra.com\/france\/"},{"@type":"ListItem","position":2,"name":"St\u00e9phane Bagdassarian"}]},{"@type":"WebSite","@id":"https:\/\/www.systra.com\/france\/#website","url":"https:\/\/www.systra.com\/france\/","name":"France","description":"La confiance transporte le monde","publisher":{"@id":"https:\/\/www.systra.com\/france\/#organization"},"potentialAction":[{"@type":"SearchAction","target":{"@type":"EntryPoint","urlTemplate":"https:\/\/www.systra.com\/france\/?s={search_term_string}"},"query-input":{"@type":"PropertyValueSpecification","valueRequired":true,"valueName":"search_term_string"}}],"inLanguage":"fr-FR"},{"@type":"Organization","@id":"https:\/\/www.systra.com\/france\/#organization","name":"Systra France","url":"https:\/\/www.systra.com\/france\/","logo":{"@type":"ImageObject","inLanguage":"fr-FR","@id":"https:\/\/www.systra.com\/france\/#\/schema\/logo\/image\/","url":"https:\/\/www.systra.com\/france\/wp-content\/uploads\/sites\/4\/2021\/03\/systra_logo_svg.svg","contentUrl":"https:\/\/www.systra.com\/france\/wp-content\/uploads\/sites\/4\/2021\/03\/systra_logo_svg.svg","width":179,"height":34,"caption":"Systra France"},"image":{"@id":"https:\/\/www.systra.com\/france\/#\/schema\/logo\/image\/"},"sameAs":["https:\/\/www.facebook.com\/SYSTRA","https:\/\/x.com\/SYSTRA_LTD","https:\/\/www.linkedin.com\/company\/systra\/"]}]}},"lang":"fr","translations":{"fr":39407},"pll_sync_post":[],"_links":{"self":[{"href":"https:\/\/www.systra.com\/france\/wp-json\/wp\/v2\/pages\/39407","targetHints":{"allow":["GET"]}}],"collection":[{"href":"https:\/\/www.systra.com\/france\/wp-json\/wp\/v2\/pages"}],"about":[{"href":"https:\/\/www.systra.com\/france\/wp-json\/wp\/v2\/types\/page"}],"author":[{"embeddable":true,"href":"https:\/\/www.systra.com\/france\/wp-json\/wp\/v2\/users\/23"}],"replies":[{"embeddable":true,"href":"https:\/\/www.systra.com\/france\/wp-json\/wp\/v2\/comments?post=39407"}],"version-history":[{"count":3,"href":"https:\/\/www.systra.com\/france\/wp-json\/wp\/v2\/pages\/39407\/revisions"}],"predecessor-version":[{"id":40865,"href":"https:\/\/www.systra.com\/france\/wp-json\/wp\/v2\/pages\/39407\/revisions\/40865"}],"wp:attachment":[{"href":"https:\/\/www.systra.com\/france\/wp-json\/wp\/v2\/media?parent=39407"}],"curies":[{"name":"wp","href":"https:\/\/api.w.org\/{rel}","templated":true}]}}