{"id":257,"date":"2021-03-19T13:32:00","date_gmt":"2021-03-19T12:32:00","guid":{"rendered":"https:\/\/www.systra.com\/france\/?page_id=257"},"modified":"2025-09-11T18:21:27","modified_gmt":"2025-09-11T16:21:27","slug":"jeremy-perez-responsable-commercial","status":"publish","type":"page","link":"https:\/\/www.systra.com\/france\/jeremy-perez-responsable-commercial\/","title":{"rendered":"J\u00e9r\u00e9my PEREZ, responsable commercial"},"content":{"rendered":"\n<div style=\"height:100px\" aria-hidden=\"true\" class=\"wp-block-spacer\"><\/div>\n\n\n\n<div class=\"wp-block-columns is-layout-flex wp-container-core-columns-is-layout-9d6595d7 wp-block-columns-is-layout-flex\">\n<div class=\"wp-block-column is-layout-flow wp-block-column-is-layout-flow\" style=\"flex-basis:33.33%\"><div class=\"wp-block-image\">\n<figure class=\"aligncenter size-large\"><img decoding=\"async\" width=\"960\" height=\"960\" src=\"https:\/\/www.systra.com\/france\/wp-content\/uploads\/sites\/5\/2021\/03\/jeremy-4.png\" alt=\"\" class=\"wp-image-457\" srcset=\"https:\/\/www.systra.com\/france\/wp-content\/uploads\/sites\/4\/2021\/03\/jeremy-4.png 960w, https:\/\/www.systra.com\/france\/wp-content\/uploads\/sites\/4\/2021\/03\/jeremy-4-300x300.png 300w, https:\/\/www.systra.com\/france\/wp-content\/uploads\/sites\/4\/2021\/03\/jeremy-4-150x150.png 150w, https:\/\/www.systra.com\/france\/wp-content\/uploads\/sites\/4\/2021\/03\/jeremy-4-768x768.png 768w, https:\/\/www.systra.com\/france\/wp-content\/uploads\/sites\/4\/2021\/03\/jeremy-4-376x376.png 376w, https:\/\/www.systra.com\/france\/wp-content\/uploads\/sites\/4\/2021\/03\/jeremy-4-474x474.png 474w, https:\/\/www.systra.com\/france\/wp-content\/uploads\/sites\/4\/2021\/03\/jeremy-4-660x660.png 660w, https:\/\/www.systra.com\/france\/wp-content\/uploads\/sites\/4\/2021\/03\/jeremy-4-800x800.png 800w, https:\/\/www.systra.com\/france\/wp-content\/uploads\/sites\/4\/2021\/03\/jeremy-4-180x180.png 180w, https:\/\/www.systra.com\/france\/wp-content\/uploads\/sites\/4\/2021\/03\/jeremy-4-153x153.png 153w, https:\/\/www.systra.com\/france\/wp-content\/uploads\/sites\/4\/2021\/03\/jeremy-4-230x230.png 230w\" sizes=\"(max-width: 960px) 100vw, 960px\" \/><\/figure>\n<\/div>\n\n\n<p class=\"has-pale-mauve-background-color has-background\"><strong>J\u00e9r\u00e9my PEREZ<\/strong><span class=\"has-inline-color has-dusty-blue-color\"><br>Direction Projets Urbains  <\/span><mark style=\"background-color:rgba(0, 0, 0, 0)\" class=\"has-inline-color has-noir-color\">Toulouse<\/mark><\/p>\n<\/div>\n\n\n\n<div class=\"wp-block-column is-layout-flow wp-block-column-is-layout-flow\" style=\"flex-basis:66.66%\">\n<h3 class=\"wp-block-heading has-dusty-blue-color has-text-color\" id=\"h-quel-est-votre-metier-nbsp\">Quel est votre m\u00e9tier\u202f?&nbsp;<\/h3>\n\n\n\n<div style=\"height:20px\" aria-hidden=\"true\" class=\"wp-block-spacer\"><\/div>\n\n\n\n<p>Apr\u00e8s une formation initiale en urbanisme et dix ann\u00e9es d\u2019exp\u00e9rience en bureau d\u2019\u00e9tudes et en lib\u00e9ral sur les questions r\u00e8glementaires et op\u00e9rationnelles de l\u2019am\u00e9nagement, mon parcours professionnel m\u2019a permis de rejoindre SYSTRA&nbsp;en d\u00e9but d\u2019ann\u00e9e 2020.&nbsp;&nbsp;Au sein de la nouvelle agence SYSTRA de Toulouse, j\u2019ai int\u00e9gr\u00e9 la Direction de Projets Urbains en tant que Responsable du d\u00e9veloppement commercial de la r\u00e9gion sud-ouest.&nbsp;&nbsp; &nbsp;<\/p>\n\n\n\n<div style=\"height:20px\" aria-hidden=\"true\" class=\"wp-block-spacer\"><\/div>\n\n\n\n<p>Mon m\u00e9tier, au croisement de la strat\u00e9gie commerciale, de la technique et de la promotion des activit\u00e9s de SYSTRA,&nbsp;m\u2019am\u00e8ne \u00e0 travailler sur des sujets vari\u00e9s,&nbsp;allant de la ma\u00eetrise d\u2019\u0153uvre&nbsp;urbaine&nbsp;aux syst\u00e8mes de transports,&nbsp;en passant par la planification des mobilit\u00e9s douces.&nbsp;&nbsp;&nbsp;<\/p>\n\n\n\n<div style=\"height:20px\" aria-hidden=\"true\" class=\"wp-block-spacer\"><\/div>\n\n\n\n<p><br>De par&nbsp;la diversit\u00e9&nbsp;des sujets&nbsp;trait\u00e9s,&nbsp;je suis amen\u00e9 \u00e0 travailler avec&nbsp;une \u00e9quipe soud\u00e9e, compos\u00e9e&nbsp;d\u2019ing\u00e9nieurs et d\u2019experts m\u00e9tiers,\u202fce&nbsp;qui&nbsp;nous permet&nbsp;de r\u00e9pondre au mieux aux sollicitations de nos clients.&nbsp;&nbsp;<\/p>\n\n\n\n<div style=\"height:60px\" aria-hidden=\"true\" class=\"wp-block-spacer\"><\/div>\n\n\n\n<h3 class=\"wp-block-heading has-dusty-blue-color has-text-color\" id=\"h-quelles-sont-vos-missions-chez-systra\">Quelles sont vos missions chez SYSTRA\u202f?<\/h3>\n\n\n\n<div style=\"height:20px\" aria-hidden=\"true\" class=\"wp-block-spacer\"><\/div>\n\n\n\n<p>Je travaille au d\u00e9veloppement des activit\u00e9s de&nbsp;la&nbsp;Direction de Projets Urbains, \u00e0 la mise en place de partenariats sp\u00e9cifiques pour les r\u00e9ponses aux appels d\u2019offres et&nbsp;\u00e0 la diversification&nbsp;des activit\u00e9s de SYSTRA&nbsp;en am\u00e9nagement urbain et en b\u00e2timent. Mon poste consiste \u00e9galement,&nbsp;dans&nbsp;le&nbsp;Sud-Ouest, \u00e0 animer le r\u00e9seau commercial entre les&nbsp;Business&nbsp;Units&nbsp;du groupe.&nbsp;Par ailleurs, je&nbsp;participe&nbsp;\u00e0&nbsp;diff\u00e9rents groupes de travail&nbsp;internes&nbsp;sur les nouveaux sujets exploratoires en urbanisme et am\u00e9nagement.&nbsp;<\/p>\n\n\n\n<div style=\"height:20px\" aria-hidden=\"true\" class=\"wp-block-spacer\"><\/div>\n\n\n\n<p>Dans le cadre des appels d\u2019offres, je pilote les \u00e9quipes de r\u00e9f\u00e9rents techniques, participe au&nbsp;staffing,&nbsp;mets&nbsp;en place les strat\u00e9gies de r\u00e9ponses, organise la production et&nbsp;n\u00e9gocie avec les partenaires. J\u2019assure la coh\u00e9rence finale des rendus puis participe aux auditions pour d\u00e9fendre nos propositions.&nbsp;<\/p>\n\n\n\n<div style=\"height:20px\" aria-hidden=\"true\" class=\"wp-block-spacer\"><\/div>\n\n\n\n<p>Largement connu sur les sujets de mobilit\u00e9s et de transports guid\u00e9s, SYSTRA&nbsp;\u0153uvre \u00e9galement dans bien d\u2019autres domaines\u202f: les espaces publics, les data, l\u2019architecture, les paysages, le design de l\u2019information\u2026&nbsp;Mes activit\u00e9s portent sur le d\u00e9ploiement de ces&nbsp;nouvelles&nbsp;activit\u00e9s.&nbsp;&nbsp;&nbsp;<\/p>\n\n\n\n<div style=\"height:60px\" aria-hidden=\"true\" class=\"wp-block-spacer\"><\/div>\n\n\n\n<h3 class=\"wp-block-heading has-dusty-blue-color has-text-color\" id=\"h-les-3-qualites-ou-competences-importantes-dans-votre-metier\">Les 3 qualit\u00e9s ou comp\u00e9tences importantes dans votre m\u00e9tier\u202f?<\/h3>\n\n\n\n<div style=\"height:20px\" aria-hidden=\"true\" class=\"wp-block-spacer\"><\/div>\n\n\n\n<p>L\u2019enjeu&nbsp;au sein de mon poste&nbsp;consiste \u00e0 bien comprendre les besoins de nos clients pour leur proposer des prestations r\u00e9pondant au mieux \u00e0 leurs attentes. <\/p>\n\n\n\n<div style=\"height:20px\" aria-hidden=\"true\" class=\"wp-block-spacer\"><\/div>\n\n\n\n<p>La d\u00e9marche commerciale requiert de la pers\u00e9v\u00e9rance et du dynamisme. Il faut savoir se remettre en question, rebondir&nbsp;pour aller de l\u2019avant\u202f ; c\u2019est tr\u00e8s enrichissant d\u2019un point de vue humain et professionnel.&nbsp;&nbsp;&nbsp; &nbsp; <\/p>\n\n\n\n<div style=\"height:20px\" aria-hidden=\"true\" class=\"wp-block-spacer\"><\/div>\n\n\n\n<p>Cr\u00e9er et maintenir des relations de confiance avec nos clients, partenaires et \u00e9quipes&nbsp;est primordial dans mon m\u00e9tier. Il est toujours motivant de voir que nous&nbsp;d\u00e9livrons des&nbsp;services&nbsp;qui&nbsp;permettent d\u2019am\u00e9liorer la vie de millions d\u2019habitants des territoires.&nbsp;&nbsp;<\/p>\n\n\n\n<div style=\"height:60px\" aria-hidden=\"true\" class=\"wp-block-spacer\"><\/div>\n\n\n\n<h3 class=\"wp-block-heading has-dusty-blue-color has-text-color\" id=\"h-pourquoi-systra-nbsp\">POURQUOI SYSTRA&nbsp;?<\/h3>\n\n\n\n<div style=\"height:20px\" aria-hidden=\"true\" class=\"wp-block-spacer\"><\/div>\n\n\n\n<p>Avant tout, j&#8217;ai une volont\u00e9 de participer \u00e0&nbsp;une ambition commune, celle&nbsp;de SYSTRA\u202f: \u00eatre l\u2019ing\u00e9nierie de r\u00e9f\u00e9rence internationale du savoir-faire \u00e0 la fran\u00e7aise pour toutes les mobilit\u00e9s.&nbsp;Et c&#8217;est aussi une histoire d\u2019amiti\u00e9, puisqu&#8217;un de mes meilleurs amis travaille&nbsp;chez&nbsp;SYSTRA&nbsp;depuis 10 ans. Il m\u2019a invit\u00e9 \u00e0 candidater sur&nbsp;ce poste, assez loin de mon parcours d\u2019origine, mais qui&nbsp;n\u00e9cessitait&nbsp;des comp\u00e9tences que j\u2019avais pu d\u00e9velopper en urbanisme.&nbsp;&nbsp;<\/p>\n\n\n\n<div style=\"height:20px\" aria-hidden=\"true\" class=\"wp-block-spacer\"><\/div>\n\n\n\n<p>Lors de mon recrutement, j\u2019ai \u00e9t\u00e9 frapp\u00e9 par la mani\u00e8re dont on m\u2019a pr\u00e9sent\u00e9 la soci\u00e9t\u00e9, une entreprise \u00e0 taille humaine, consciente de son r\u00f4le pour l\u2019int\u00e9r\u00eat g\u00e9n\u00e9ral et qui valorise toutes ses forces vives.&nbsp;&nbsp;<\/p>\n\n\n\n<div style=\"height:100px\" aria-hidden=\"true\" class=\"wp-block-spacer\"><\/div>\n<\/div>\n<\/div>\n\n\n\n<div style=\"height:100px\" aria-hidden=\"true\" class=\"wp-block-spacer\"><\/div>\n\n\n\n<p><\/p>\n","protected":false},"excerpt":{"rendered":"<p>J\u00e9r\u00e9my PEREZDirection Projets Urbains Toulouse Quel est votre m\u00e9tier\u202f?&nbsp; Apr\u00e8s une formation initiale en urbanisme et dix ann\u00e9es d\u2019exp\u00e9rience en bureau d\u2019\u00e9tudes et en lib\u00e9ral sur les questions r\u00e8glementaires et op\u00e9rationnelles de l\u2019am\u00e9nagement, mon parcours professionnel m\u2019a permis de rejoindre SYSTRA&nbsp;en d\u00e9but d\u2019ann\u00e9e 2020.&nbsp;&nbsp;Au sein de la nouvelle agence SYSTRA de Toulouse, j\u2019ai int\u00e9gr\u00e9 la [&hellip;]<\/p>\n","protected":false},"author":29,"featured_media":3261,"parent":0,"menu_order":17,"comment_status":"closed","ping_status":"closed","template":"template-collaborateur.php","meta":{"_acf_changed":false,"_relevanssi_hide_post":"","_relevanssi_hide_content":"","_relevanssi_pin_for_all":"","_relevanssi_pin_keywords":"","_relevanssi_unpin_keywords":"","_relevanssi_related_keywords":"","_relevanssi_related_include_ids":"","_relevanssi_related_exclude_ids":"","_relevanssi_related_no_append":"","_relevanssi_related_not_related":"","_relevanssi_related_posts":"1","_relevanssi_noindex_reason":"","footnotes":""},"class_list":["post-257","page","type-page","status-publish","has-post-thumbnail","hentry"],"acf":[],"yoast_head":"<!-- This site is optimized with the Yoast SEO Premium plugin v27.4 (Yoast SEO v27.4) - https:\/\/yoast.com\/product\/yoast-seo-premium-wordpress\/ -->\n<title>J\u00e9r\u00e9my PEREZ, responsable commercial - France<\/title>\n<meta name=\"description\" content=\"J\u00e9r\u00e9my PEREZDirection Projets Urbains Toulouse Quel est votre m\u00e9tier\u202f?&nbsp; Apr\u00e8s une formation initiale en urbanisme et dix ann\u00e9es d\u2019exp\u00e9rience en\" \/>\n<meta name=\"robots\" content=\"index, follow, max-snippet:-1, max-image-preview:large, max-video-preview:-1\" \/>\n<meta property=\"og:locale\" content=\"fr_FR\" \/>\n<meta property=\"og:type\" content=\"article\" \/>\n<meta property=\"og:title\" content=\"J\u00e9r\u00e9my PEREZ, responsable commercial\" \/>\n<meta property=\"og:description\" content=\"J\u00e9r\u00e9my PEREZDirection Projets Urbains Toulouse Quel est votre m\u00e9tier\u202f?&nbsp; Apr\u00e8s une formation initiale en urbanisme et dix ann\u00e9es d\u2019exp\u00e9rience en\" \/>\n<meta property=\"og:url\" content=\"https:\/\/www.systra.com\/france\/jeremy-perez-responsable-commercial\/\" \/>\n<meta property=\"og:site_name\" content=\"France\" \/>\n<meta property=\"article:publisher\" content=\"https:\/\/www.facebook.com\/SYSTRA\" \/>\n<meta property=\"article:modified_time\" content=\"2025-09-11T16:21:27+00:00\" \/>\n<meta property=\"og:image\" content=\"https:\/\/www.systra.com\/france\/wp-content\/uploads\/sites\/4\/2021\/08\/illustration-interview.jpg\" \/>\n\t<meta property=\"og:image:width\" content=\"2350\" \/>\n\t<meta property=\"og:image:height\" content=\"1500\" \/>\n\t<meta property=\"og:image:type\" content=\"image\/jpeg\" \/>\n<meta name=\"twitter:card\" content=\"summary_large_image\" \/>\n<meta name=\"twitter:site\" content=\"@SYSTRA_LTD\" \/>\n<meta name=\"twitter:label1\" content=\"Dur\u00e9e de lecture estim\u00e9e\" \/>\n\t<meta name=\"twitter:data1\" content=\"4 minutes\" \/>\n<script type=\"application\/ld+json\" class=\"yoast-schema-graph\">{\"@context\":\"https:\\\/\\\/schema.org\",\"@graph\":[{\"@type\":\"WebPage\",\"@id\":\"https:\\\/\\\/www.systra.com\\\/france\\\/jeremy-perez-responsable-commercial\\\/\",\"url\":\"https:\\\/\\\/www.systra.com\\\/france\\\/jeremy-perez-responsable-commercial\\\/\",\"name\":\"J\u00e9r\u00e9my PEREZ, responsable commercial - France\",\"isPartOf\":{\"@id\":\"https:\\\/\\\/www.systra.com\\\/france\\\/#website\"},\"primaryImageOfPage\":{\"@id\":\"https:\\\/\\\/www.systra.com\\\/france\\\/jeremy-perez-responsable-commercial\\\/#primaryimage\"},\"image\":{\"@id\":\"https:\\\/\\\/www.systra.com\\\/france\\\/jeremy-perez-responsable-commercial\\\/#primaryimage\"},\"thumbnailUrl\":\"https:\\\/\\\/www.systra.com\\\/france\\\/wp-content\\\/uploads\\\/sites\\\/4\\\/2021\\\/08\\\/illustration-interview.jpg\",\"datePublished\":\"2021-03-19T12:32:00+00:00\",\"dateModified\":\"2025-09-11T16:21:27+00:00\",\"description\":\"J\u00e9r\u00e9my PEREZDirection Projets Urbains Toulouse Quel est votre m\u00e9tier\u202f?&nbsp; Apr\u00e8s une formation initiale en urbanisme et dix ann\u00e9es d\u2019exp\u00e9rience en\",\"breadcrumb\":{\"@id\":\"https:\\\/\\\/www.systra.com\\\/france\\\/jeremy-perez-responsable-commercial\\\/#breadcrumb\"},\"inLanguage\":\"fr-FR\",\"potentialAction\":[{\"@type\":\"ReadAction\",\"target\":[\"https:\\\/\\\/www.systra.com\\\/france\\\/jeremy-perez-responsable-commercial\\\/\"]}]},{\"@type\":\"ImageObject\",\"inLanguage\":\"fr-FR\",\"@id\":\"https:\\\/\\\/www.systra.com\\\/france\\\/jeremy-perez-responsable-commercial\\\/#primaryimage\",\"url\":\"https:\\\/\\\/www.systra.com\\\/france\\\/wp-content\\\/uploads\\\/sites\\\/4\\\/2021\\\/08\\\/illustration-interview.jpg\",\"contentUrl\":\"https:\\\/\\\/www.systra.com\\\/france\\\/wp-content\\\/uploads\\\/sites\\\/4\\\/2021\\\/08\\\/illustration-interview.jpg\",\"width\":2350,\"height\":1500},{\"@type\":\"BreadcrumbList\",\"@id\":\"https:\\\/\\\/www.systra.com\\\/france\\\/jeremy-perez-responsable-commercial\\\/#breadcrumb\",\"itemListElement\":[{\"@type\":\"ListItem\",\"position\":1,\"name\":\"Accueil\",\"item\":\"https:\\\/\\\/www.systra.com\\\/france\\\/\"},{\"@type\":\"ListItem\",\"position\":2,\"name\":\"J\u00e9r\u00e9my PEREZ, responsable commercial\"}]},{\"@type\":\"WebSite\",\"@id\":\"https:\\\/\\\/www.systra.com\\\/france\\\/#website\",\"url\":\"https:\\\/\\\/www.systra.com\\\/france\\\/\",\"name\":\"France\",\"description\":\"La confiance transporte le monde\",\"publisher\":{\"@id\":\"https:\\\/\\\/www.systra.com\\\/france\\\/#organization\"},\"potentialAction\":[{\"@type\":\"SearchAction\",\"target\":{\"@type\":\"EntryPoint\",\"urlTemplate\":\"https:\\\/\\\/www.systra.com\\\/france\\\/?s={search_term_string}\"},\"query-input\":{\"@type\":\"PropertyValueSpecification\",\"valueRequired\":true,\"valueName\":\"search_term_string\"}}],\"inLanguage\":\"fr-FR\"},{\"@type\":\"Organization\",\"@id\":\"https:\\\/\\\/www.systra.com\\\/france\\\/#organization\",\"name\":\"Systra France\",\"url\":\"https:\\\/\\\/www.systra.com\\\/france\\\/\",\"logo\":{\"@type\":\"ImageObject\",\"inLanguage\":\"fr-FR\",\"@id\":\"https:\\\/\\\/www.systra.com\\\/france\\\/#\\\/schema\\\/logo\\\/image\\\/\",\"url\":\"https:\\\/\\\/www.systra.com\\\/france\\\/wp-content\\\/uploads\\\/sites\\\/4\\\/2021\\\/03\\\/systra_logo_svg.svg\",\"contentUrl\":\"https:\\\/\\\/www.systra.com\\\/france\\\/wp-content\\\/uploads\\\/sites\\\/4\\\/2021\\\/03\\\/systra_logo_svg.svg\",\"width\":179,\"height\":34,\"caption\":\"Systra France\"},\"image\":{\"@id\":\"https:\\\/\\\/www.systra.com\\\/france\\\/#\\\/schema\\\/logo\\\/image\\\/\"},\"sameAs\":[\"https:\\\/\\\/www.facebook.com\\\/SYSTRA\",\"https:\\\/\\\/x.com\\\/SYSTRA_LTD\",\"https:\\\/\\\/www.linkedin.com\\\/company\\\/systra\\\/\"]}]}<\/script>\n<!-- \/ Yoast SEO Premium plugin. -->","yoast_head_json":{"title":"J\u00e9r\u00e9my PEREZ, responsable commercial - France","description":"J\u00e9r\u00e9my PEREZDirection Projets Urbains Toulouse Quel est votre m\u00e9tier\u202f?&nbsp; Apr\u00e8s une formation initiale en urbanisme et dix ann\u00e9es d\u2019exp\u00e9rience en","robots":{"index":"index","follow":"follow","max-snippet":"max-snippet:-1","max-image-preview":"max-image-preview:large","max-video-preview":"max-video-preview:-1"},"og_locale":"fr_FR","og_type":"article","og_title":"J\u00e9r\u00e9my PEREZ, responsable commercial","og_description":"J\u00e9r\u00e9my PEREZDirection Projets Urbains Toulouse Quel est votre m\u00e9tier\u202f?&nbsp; Apr\u00e8s une formation initiale en urbanisme et dix ann\u00e9es d\u2019exp\u00e9rience en","og_url":"https:\/\/www.systra.com\/france\/jeremy-perez-responsable-commercial\/","og_site_name":"France","article_publisher":"https:\/\/www.facebook.com\/SYSTRA","article_modified_time":"2025-09-11T16:21:27+00:00","og_image":[{"width":2350,"height":1500,"url":"https:\/\/www.systra.com\/france\/wp-content\/uploads\/sites\/4\/2021\/08\/illustration-interview.jpg","type":"image\/jpeg"}],"twitter_card":"summary_large_image","twitter_site":"@SYSTRA_LTD","twitter_misc":{"Dur\u00e9e de lecture estim\u00e9e":"4 minutes"},"schema":{"@context":"https:\/\/schema.org","@graph":[{"@type":"WebPage","@id":"https:\/\/www.systra.com\/france\/jeremy-perez-responsable-commercial\/","url":"https:\/\/www.systra.com\/france\/jeremy-perez-responsable-commercial\/","name":"J\u00e9r\u00e9my PEREZ, responsable commercial - France","isPartOf":{"@id":"https:\/\/www.systra.com\/france\/#website"},"primaryImageOfPage":{"@id":"https:\/\/www.systra.com\/france\/jeremy-perez-responsable-commercial\/#primaryimage"},"image":{"@id":"https:\/\/www.systra.com\/france\/jeremy-perez-responsable-commercial\/#primaryimage"},"thumbnailUrl":"https:\/\/www.systra.com\/france\/wp-content\/uploads\/sites\/4\/2021\/08\/illustration-interview.jpg","datePublished":"2021-03-19T12:32:00+00:00","dateModified":"2025-09-11T16:21:27+00:00","description":"J\u00e9r\u00e9my PEREZDirection Projets Urbains Toulouse Quel est votre m\u00e9tier\u202f?&nbsp; Apr\u00e8s une formation initiale en urbanisme et dix ann\u00e9es d\u2019exp\u00e9rience en","breadcrumb":{"@id":"https:\/\/www.systra.com\/france\/jeremy-perez-responsable-commercial\/#breadcrumb"},"inLanguage":"fr-FR","potentialAction":[{"@type":"ReadAction","target":["https:\/\/www.systra.com\/france\/jeremy-perez-responsable-commercial\/"]}]},{"@type":"ImageObject","inLanguage":"fr-FR","@id":"https:\/\/www.systra.com\/france\/jeremy-perez-responsable-commercial\/#primaryimage","url":"https:\/\/www.systra.com\/france\/wp-content\/uploads\/sites\/4\/2021\/08\/illustration-interview.jpg","contentUrl":"https:\/\/www.systra.com\/france\/wp-content\/uploads\/sites\/4\/2021\/08\/illustration-interview.jpg","width":2350,"height":1500},{"@type":"BreadcrumbList","@id":"https:\/\/www.systra.com\/france\/jeremy-perez-responsable-commercial\/#breadcrumb","itemListElement":[{"@type":"ListItem","position":1,"name":"Accueil","item":"https:\/\/www.systra.com\/france\/"},{"@type":"ListItem","position":2,"name":"J\u00e9r\u00e9my PEREZ, responsable commercial"}]},{"@type":"WebSite","@id":"https:\/\/www.systra.com\/france\/#website","url":"https:\/\/www.systra.com\/france\/","name":"France","description":"La confiance transporte le monde","publisher":{"@id":"https:\/\/www.systra.com\/france\/#organization"},"potentialAction":[{"@type":"SearchAction","target":{"@type":"EntryPoint","urlTemplate":"https:\/\/www.systra.com\/france\/?s={search_term_string}"},"query-input":{"@type":"PropertyValueSpecification","valueRequired":true,"valueName":"search_term_string"}}],"inLanguage":"fr-FR"},{"@type":"Organization","@id":"https:\/\/www.systra.com\/france\/#organization","name":"Systra France","url":"https:\/\/www.systra.com\/france\/","logo":{"@type":"ImageObject","inLanguage":"fr-FR","@id":"https:\/\/www.systra.com\/france\/#\/schema\/logo\/image\/","url":"https:\/\/www.systra.com\/france\/wp-content\/uploads\/sites\/4\/2021\/03\/systra_logo_svg.svg","contentUrl":"https:\/\/www.systra.com\/france\/wp-content\/uploads\/sites\/4\/2021\/03\/systra_logo_svg.svg","width":179,"height":34,"caption":"Systra France"},"image":{"@id":"https:\/\/www.systra.com\/france\/#\/schema\/logo\/image\/"},"sameAs":["https:\/\/www.facebook.com\/SYSTRA","https:\/\/x.com\/SYSTRA_LTD","https:\/\/www.linkedin.com\/company\/systra\/"]}]}},"lang":"fr","translations":{"fr":257},"pll_sync_post":[],"_links":{"self":[{"href":"https:\/\/www.systra.com\/france\/wp-json\/wp\/v2\/pages\/257","targetHints":{"allow":["GET"]}}],"collection":[{"href":"https:\/\/www.systra.com\/france\/wp-json\/wp\/v2\/pages"}],"about":[{"href":"https:\/\/www.systra.com\/france\/wp-json\/wp\/v2\/types\/page"}],"author":[{"embeddable":true,"href":"https:\/\/www.systra.com\/france\/wp-json\/wp\/v2\/users\/29"}],"replies":[{"embeddable":true,"href":"https:\/\/www.systra.com\/france\/wp-json\/wp\/v2\/comments?post=257"}],"version-history":[{"count":3,"href":"https:\/\/www.systra.com\/france\/wp-json\/wp\/v2\/pages\/257\/revisions"}],"predecessor-version":[{"id":38598,"href":"https:\/\/www.systra.com\/france\/wp-json\/wp\/v2\/pages\/257\/revisions\/38598"}],"wp:featuredmedia":[{"embeddable":true,"href":"https:\/\/www.systra.com\/france\/wp-json\/wp\/v2\/media\/3261"}],"wp:attachment":[{"href":"https:\/\/www.systra.com\/france\/wp-json\/wp\/v2\/media?parent=257"}],"curies":[{"name":"wp","href":"https:\/\/api.w.org\/{rel}","templated":true}]}}