{"id":252,"date":"2021-03-19T15:46:46","date_gmt":"2021-03-19T14:46:46","guid":{"rendered":"https:\/\/www.systra.com\/france\/?page_id=252"},"modified":"2025-09-11T18:20:53","modified_gmt":"2025-09-11T16:20:53","slug":"aline-cridelich-surete-de-fonctionnement","status":"publish","type":"page","link":"https:\/\/www.systra.com\/france\/nos-metiers\/aline-cridelich-surete-de-fonctionnement\/","title":{"rendered":"Aline CRIDELICH, Directrice Assurance Syst\u00e8me"},"content":{"rendered":"\n<div style=\"height:100px\" aria-hidden=\"true\" class=\"wp-block-spacer\"><\/div>\n\n\n\n<div class=\"wp-block-columns is-layout-flex wp-container-core-columns-is-layout-9d6595d7 wp-block-columns-is-layout-flex\">\n<div class=\"wp-block-column is-layout-flow wp-block-column-is-layout-flow\" style=\"flex-basis:33.33%\"><div class=\"wp-block-image\">\n<figure class=\"aligncenter size-large\"><img decoding=\"async\" width=\"960\" height=\"960\" src=\"https:\/\/www.systra.com\/france\/wp-content\/uploads\/sites\/4\/2021\/05\/aline.jpg\" alt=\"\" class=\"wp-image-918\" srcset=\"https:\/\/www.systra.com\/france\/wp-content\/uploads\/sites\/4\/2021\/05\/aline.jpg 960w, https:\/\/www.systra.com\/france\/wp-content\/uploads\/sites\/4\/2021\/05\/aline-300x300.jpg 300w, https:\/\/www.systra.com\/france\/wp-content\/uploads\/sites\/4\/2021\/05\/aline-150x150.jpg 150w, https:\/\/www.systra.com\/france\/wp-content\/uploads\/sites\/4\/2021\/05\/aline-768x768.jpg 768w, https:\/\/www.systra.com\/france\/wp-content\/uploads\/sites\/4\/2021\/05\/aline-376x376.jpg 376w, https:\/\/www.systra.com\/france\/wp-content\/uploads\/sites\/4\/2021\/05\/aline-474x474.jpg 474w, https:\/\/www.systra.com\/france\/wp-content\/uploads\/sites\/4\/2021\/05\/aline-660x660.jpg 660w, https:\/\/www.systra.com\/france\/wp-content\/uploads\/sites\/4\/2021\/05\/aline-800x800.jpg 800w, https:\/\/www.systra.com\/france\/wp-content\/uploads\/sites\/4\/2021\/05\/aline-180x180.jpg 180w, https:\/\/www.systra.com\/france\/wp-content\/uploads\/sites\/4\/2021\/05\/aline-153x153.jpg 153w, https:\/\/www.systra.com\/france\/wp-content\/uploads\/sites\/4\/2021\/05\/aline-230x230.jpg 230w\" sizes=\"(max-width: 960px) 100vw, 960px\" \/><\/figure>\n<\/div>\n\n\n<p class=\"has-pale-mauve-background-color has-background\"><strong>Aline CRIDELICH<\/strong><br><span class=\"has-inline-color has-dusty-blue-color\">Direction Syst\u00e8mes<br><\/span><mark style=\"background-color:rgba(0, 0, 0, 0)\" class=\"has-inline-color has-noir-color\">Paris<\/mark><\/p>\n<\/div>\n\n\n\n<div class=\"wp-block-column is-layout-flow wp-block-column-is-layout-flow\" style=\"flex-basis:66.66%\">\n<h3 class=\"wp-block-heading has-dusty-blue-color has-text-color\" id=\"h-quel-est-votre-metier-nbsp\">Quel est votre m\u00e9tier\u202f?&nbsp;<\/h3>\n\n\n\n<div style=\"height:20px\" aria-hidden=\"true\" class=\"wp-block-spacer\"><\/div>\n\n\n\n<p>Je suis Directrice Assurance Syst\u00e8me. Dipl\u00f4m\u00e9e de l\u2019ENSI Bourges, Ecole d\u2019ing\u00e9nieur g\u00e9n\u00e9raliste avec une sp\u00e9cialit\u00e9 Ma\u00eetrise des risques industriels, j\u2019ai d\u00e9cid\u00e9 de poursuivre mes \u00e9tudes avec un Mast\u00e8re Sp\u00e9cialis\u00e9 Syst\u00e8mes de transports ferroviaires et urbains \u00e0 l\u2019\u00c9cole des Ponts et Chauss\u00e9es. Ce Mast\u00e8re m\u2019a permis d\u2019avoir une vision globale des diff\u00e9rents composants d\u2019un projet ferroviaire.<\/p>\n\n\n\n<div style=\"height:20px\" aria-hidden=\"true\" class=\"wp-block-spacer\"><\/div>\n\n\n\n<p>J\u2019ai d\u00e9but\u00e9 ma carri\u00e8re chez un industriel dans le monde de la grande vitesse et des m\u00e9tros, en tant d\u2019ing\u00e9nieur S\u00fbret\u00e9 de Fonctionnement sur le CBTC. Cette premi\u00e8re exp\u00e9rience m\u2019a permis de d\u00e9velopper mes connaissances dans le syst\u00e8me des m\u00e9tros et dans les normes et m\u00e9thodes li\u00e9es \u00e0 la s\u00fbret\u00e9 de fonctionnement. Apr\u00e8s quelques ann\u00e9es pass\u00e9es dans cette entreprise, j\u2019ai d\u00e9cid\u00e9 de rejoindre SYSTRA afin de me lancer un nouveau d\u00e9fi dans ma carri\u00e8re professionnelle. &nbsp;<\/p>\n\n\n\n<div style=\"height:60px\" aria-hidden=\"true\" class=\"wp-block-spacer\"><\/div>\n\n\n\n<h3 class=\"wp-block-heading has-dusty-blue-color has-text-color\" id=\"h-quelles-sont-vos-missions-chez-systra\">Quelles sont vos missions chez SYSTRA\u202f?<\/h3>\n\n\n\n<div style=\"height:20px\" aria-hidden=\"true\" class=\"wp-block-spacer\"><\/div>\n\n\n\n<p>J\u2019ai rejoint SYSTRA en mars 2019 afin de travailler au sein du d\u00e9partement S\u00fbret\u00e9 de Fonctionnement. Depuis, je travaille sur deux gros projets de m\u00e9tro fran\u00e7ais, le Grand Paris Express et la r\u00e9novation du r\u00e9seau lyonnais.<\/p>\n\n\n\n<div style=\"height:20px\" aria-hidden=\"true\" class=\"wp-block-spacer\"><\/div>\n\n\n\n<p>Le premier est le projet de cette d\u00e9cennie permettant de relier l\u2019ensemble des Franciliens entre eux. J\u2019interviens plus particuli\u00e8rement sur les Automatismes de Conduite pour les lignes 15, 16 et 17. Mon travail consiste \u00e0 v\u00e9rifier que l\u2019ensemble des exigences de s\u00e9curit\u00e9 du contrat et des normes ferroviaires, notamment les normes d\u00e9finies par le comit\u00e9 Europ\u00e9en (CENELEC) ainsi que le r\u00e9f\u00e9rentiel r\u00e9glementaire fran\u00e7ais, sont bien respect\u00e9es par les industriels dans leur d\u00e9veloppement.<\/p>\n\n\n\n<div style=\"height:20px\" aria-hidden=\"true\" class=\"wp-block-spacer\"><\/div>\n\n\n\n<p>Le second projet porte sur la modernisation du r\u00e9seau existant \u00e0 Lyon. C\u2019est un projet int\u00e9ressant avec un planning tr\u00e8s serr\u00e9 qui consiste \u00e0 int\u00e9grer un nouveau syst\u00e8me dans une ligne existante. Pour ce projet, mes missions sont multiples. Je m\u2019occupe des Automatismes de Conduite afin de v\u00e9rifier que l\u2019ensemble des \u00e9l\u00e9ments n\u00e9cessaires \u00e0 la mise en service ont \u00e9t\u00e9 r\u00e9alis\u00e9s.<\/p>\n\n\n\n<div style=\"height:60px\" aria-hidden=\"true\" class=\"wp-block-spacer\"><\/div>\n\n\n\n<h3 class=\"wp-block-heading has-dusty-blue-color has-text-color\" id=\"h-les-3-qualites-ou-competences-importantes-dans-votre-metier\">Les 3 qualit\u00e9s ou comp\u00e9tences importantes dans votre m\u00e9tier\u202f?<\/h3>\n\n\n\n<div style=\"height:20px\" aria-hidden=\"true\" class=\"wp-block-spacer\"><\/div>\n\n\n\n<p>Dans un monde o\u00f9 la mobilit\u00e9 est au c\u0153ur des d\u00e9veloppements des grandes m\u00e9tropoles, la s\u00e9curit\u00e9 des utilisateurs et des syst\u00e8mes est un enjeu majeur. Il est donc important en tant qu\u2019ing\u00e9nieur s\u00fbret\u00e9 de fonctionnement d\u2019avoir un esprit d\u2019analyse et de synth\u00e8se.<\/p>\n\n\n\n<div style=\"height:20px\" aria-hidden=\"true\" class=\"wp-block-spacer\"><\/div>\n\n\n\n<p>Ceci permet d\u2019appr\u00e9hender les diff\u00e9rents sujets dans leur globalit\u00e9 tout en gardant un esprit critique sur la solution apport\u00e9e. Etant garante de la s\u00e9curit\u00e9 des passagers \u00e0 bord de nos syst\u00e8mes, la rigueur s\u2019av\u00e8re \u00eatre une qualit\u00e9 fondamentale pour ce m\u00e9tier,&nbsp;: analyser l\u2019ensemble des \u00e9l\u00e9ments et surtout ne rien omettre. &nbsp; <\/p>\n\n\n\n<div style=\"height:60px\" aria-hidden=\"true\" class=\"wp-block-spacer\"><\/div>\n\n\n\n<h3 class=\"wp-block-heading has-dusty-blue-color has-text-color\" id=\"h-pourquoi-systra-nbsp\">POURQUOI SYSTRA&nbsp;?<\/h3>\n\n\n\n<div style=\"height:20px\" aria-hidden=\"true\" class=\"wp-block-spacer\"><\/div>\n\n\n\n<p>Apr\u00e8s avoir pass\u00e9 7 ans chez un industriel, je souhaitais avoir une vision plus compl\u00e8te d\u2019un projet ferroviaire et \u00e9largir mes comp\u00e9tences. SYSTRA est la signature de r\u00e9f\u00e9rence dans le domaine de l\u2019ing\u00e9nierie et du conseil sur la mobilit\u00e9. SYSTRA me donne l\u2019opportunit\u00e9 de grandir professionnellement et de travailler sur des grands projets d\u2019envergure nationaux comme le Grand Paris Express, ou internationaux, comme le m\u00e9tro de Jakarta.<\/p>\n\n\n\n<div style=\"height:100px\" aria-hidden=\"true\" class=\"wp-block-spacer\"><\/div>\n<\/div>\n<\/div>\n\n\n\n<div style=\"height:100px\" aria-hidden=\"true\" class=\"wp-block-spacer\"><\/div>\n","protected":false},"excerpt":{"rendered":"<p>Aline CRIDELICHDirection Syst\u00e8mesParis Quel est votre m\u00e9tier\u202f?&nbsp; Je suis Directrice Assurance Syst\u00e8me. Dipl\u00f4m\u00e9e de l\u2019ENSI Bourges, Ecole d\u2019ing\u00e9nieur g\u00e9n\u00e9raliste avec une sp\u00e9cialit\u00e9 Ma\u00eetrise des risques industriels, j\u2019ai d\u00e9cid\u00e9 de poursuivre mes \u00e9tudes avec un Mast\u00e8re Sp\u00e9cialis\u00e9 Syst\u00e8mes de transports ferroviaires et urbains \u00e0 l\u2019\u00c9cole des Ponts et Chauss\u00e9es. Ce Mast\u00e8re m\u2019a permis d\u2019avoir une vision [&hellip;]<\/p>\n","protected":false},"author":29,"featured_media":3261,"parent":1958,"menu_order":45,"comment_status":"closed","ping_status":"closed","template":"template-collaborateur.php","meta":{"_acf_changed":false,"_relevanssi_hide_post":"","_relevanssi_hide_content":"","_relevanssi_pin_for_all":"","_relevanssi_pin_keywords":"","_relevanssi_unpin_keywords":"","_relevanssi_related_keywords":"","_relevanssi_related_include_ids":"","_relevanssi_related_exclude_ids":"","_relevanssi_related_no_append":"","_relevanssi_related_not_related":"","_relevanssi_related_posts":"1","_relevanssi_noindex_reason":"","footnotes":""},"class_list":["post-252","page","type-page","status-publish","has-post-thumbnail","hentry"],"acf":[],"yoast_head":"<!-- This site is optimized with the Yoast SEO Premium plugin v27.4 (Yoast SEO v27.4) - https:\/\/yoast.com\/product\/yoast-seo-premium-wordpress\/ -->\n<title>Aline CRIDELICH, Directrice Assurance Syst\u00e8me - France<\/title>\n<meta name=\"description\" content=\"Aline CRIDELICHDirection Syst\u00e8mesParis Quel est votre m\u00e9tier\u202f?&nbsp; Je suis Directrice Assurance Syst\u00e8me. Dipl\u00f4m\u00e9e de l\u2019ENSI Bourges, Ecole d\u2019ing\u00e9nieur\" \/>\n<meta name=\"robots\" content=\"index, follow, max-snippet:-1, max-image-preview:large, max-video-preview:-1\" \/>\n<meta property=\"og:locale\" content=\"fr_FR\" \/>\n<meta property=\"og:type\" content=\"article\" \/>\n<meta property=\"og:title\" content=\"Aline CRIDELICH, Directrice Assurance Syst\u00e8me\" \/>\n<meta property=\"og:description\" content=\"Aline CRIDELICHDirection Syst\u00e8mesParis Quel est votre m\u00e9tier\u202f?&nbsp; Je suis Directrice Assurance Syst\u00e8me. Dipl\u00f4m\u00e9e de l\u2019ENSI Bourges, Ecole d\u2019ing\u00e9nieur\" \/>\n<meta property=\"og:url\" content=\"https:\/\/www.systra.com\/france\/nos-metiers\/aline-cridelich-surete-de-fonctionnement\/\" \/>\n<meta property=\"og:site_name\" content=\"France\" \/>\n<meta property=\"article:publisher\" content=\"https:\/\/www.facebook.com\/SYSTRA\" \/>\n<meta property=\"article:modified_time\" content=\"2025-09-11T16:20:53+00:00\" \/>\n<meta property=\"og:image\" content=\"https:\/\/www.systra.com\/france\/wp-content\/uploads\/sites\/4\/2021\/08\/illustration-interview.jpg\" \/>\n\t<meta property=\"og:image:width\" content=\"2350\" \/>\n\t<meta property=\"og:image:height\" content=\"1500\" \/>\n\t<meta property=\"og:image:type\" content=\"image\/jpeg\" \/>\n<meta name=\"twitter:card\" content=\"summary_large_image\" \/>\n<meta name=\"twitter:site\" content=\"@SYSTRA_LTD\" \/>\n<meta name=\"twitter:label1\" content=\"Dur\u00e9e de lecture estim\u00e9e\" \/>\n\t<meta name=\"twitter:data1\" content=\"3 minutes\" \/>\n<script type=\"application\/ld+json\" class=\"yoast-schema-graph\">{\"@context\":\"https:\\\/\\\/schema.org\",\"@graph\":[{\"@type\":\"WebPage\",\"@id\":\"https:\\\/\\\/www.systra.com\\\/france\\\/nos-metiers\\\/aline-cridelich-surete-de-fonctionnement\\\/\",\"url\":\"https:\\\/\\\/www.systra.com\\\/france\\\/nos-metiers\\\/aline-cridelich-surete-de-fonctionnement\\\/\",\"name\":\"Aline CRIDELICH, Directrice Assurance Syst\u00e8me - France\",\"isPartOf\":{\"@id\":\"https:\\\/\\\/www.systra.com\\\/france\\\/#website\"},\"primaryImageOfPage\":{\"@id\":\"https:\\\/\\\/www.systra.com\\\/france\\\/nos-metiers\\\/aline-cridelich-surete-de-fonctionnement\\\/#primaryimage\"},\"image\":{\"@id\":\"https:\\\/\\\/www.systra.com\\\/france\\\/nos-metiers\\\/aline-cridelich-surete-de-fonctionnement\\\/#primaryimage\"},\"thumbnailUrl\":\"https:\\\/\\\/www.systra.com\\\/france\\\/wp-content\\\/uploads\\\/sites\\\/4\\\/2021\\\/08\\\/illustration-interview.jpg\",\"datePublished\":\"2021-03-19T14:46:46+00:00\",\"dateModified\":\"2025-09-11T16:20:53+00:00\",\"description\":\"Aline CRIDELICHDirection Syst\u00e8mesParis Quel est votre m\u00e9tier\u202f?&nbsp; Je suis Directrice Assurance Syst\u00e8me. Dipl\u00f4m\u00e9e de l\u2019ENSI Bourges, Ecole d\u2019ing\u00e9nieur\",\"breadcrumb\":{\"@id\":\"https:\\\/\\\/www.systra.com\\\/france\\\/nos-metiers\\\/aline-cridelich-surete-de-fonctionnement\\\/#breadcrumb\"},\"inLanguage\":\"fr-FR\",\"potentialAction\":[{\"@type\":\"ReadAction\",\"target\":[\"https:\\\/\\\/www.systra.com\\\/france\\\/nos-metiers\\\/aline-cridelich-surete-de-fonctionnement\\\/\"]}]},{\"@type\":\"ImageObject\",\"inLanguage\":\"fr-FR\",\"@id\":\"https:\\\/\\\/www.systra.com\\\/france\\\/nos-metiers\\\/aline-cridelich-surete-de-fonctionnement\\\/#primaryimage\",\"url\":\"https:\\\/\\\/www.systra.com\\\/france\\\/wp-content\\\/uploads\\\/sites\\\/4\\\/2021\\\/08\\\/illustration-interview.jpg\",\"contentUrl\":\"https:\\\/\\\/www.systra.com\\\/france\\\/wp-content\\\/uploads\\\/sites\\\/4\\\/2021\\\/08\\\/illustration-interview.jpg\",\"width\":2350,\"height\":1500},{\"@type\":\"BreadcrumbList\",\"@id\":\"https:\\\/\\\/www.systra.com\\\/france\\\/nos-metiers\\\/aline-cridelich-surete-de-fonctionnement\\\/#breadcrumb\",\"itemListElement\":[{\"@type\":\"ListItem\",\"position\":1,\"name\":\"Accueil\",\"item\":\"https:\\\/\\\/www.systra.com\\\/france\\\/\"},{\"@type\":\"ListItem\",\"position\":2,\"name\":\"Nos t\u00e9moignages\",\"item\":\"https:\\\/\\\/www.systra.com\\\/france\\\/nos-temoignages\\\/\"},{\"@type\":\"ListItem\",\"position\":3,\"name\":\"Aline CRIDELICH, Directrice Assurance Syst\u00e8me\"}]},{\"@type\":\"WebSite\",\"@id\":\"https:\\\/\\\/www.systra.com\\\/france\\\/#website\",\"url\":\"https:\\\/\\\/www.systra.com\\\/france\\\/\",\"name\":\"France\",\"description\":\"La confiance transporte le monde\",\"publisher\":{\"@id\":\"https:\\\/\\\/www.systra.com\\\/france\\\/#organization\"},\"potentialAction\":[{\"@type\":\"SearchAction\",\"target\":{\"@type\":\"EntryPoint\",\"urlTemplate\":\"https:\\\/\\\/www.systra.com\\\/france\\\/?s={search_term_string}\"},\"query-input\":{\"@type\":\"PropertyValueSpecification\",\"valueRequired\":true,\"valueName\":\"search_term_string\"}}],\"inLanguage\":\"fr-FR\"},{\"@type\":\"Organization\",\"@id\":\"https:\\\/\\\/www.systra.com\\\/france\\\/#organization\",\"name\":\"Systra France\",\"url\":\"https:\\\/\\\/www.systra.com\\\/france\\\/\",\"logo\":{\"@type\":\"ImageObject\",\"inLanguage\":\"fr-FR\",\"@id\":\"https:\\\/\\\/www.systra.com\\\/france\\\/#\\\/schema\\\/logo\\\/image\\\/\",\"url\":\"https:\\\/\\\/www.systra.com\\\/france\\\/wp-content\\\/uploads\\\/sites\\\/4\\\/2021\\\/03\\\/systra_logo_svg.svg\",\"contentUrl\":\"https:\\\/\\\/www.systra.com\\\/france\\\/wp-content\\\/uploads\\\/sites\\\/4\\\/2021\\\/03\\\/systra_logo_svg.svg\",\"width\":179,\"height\":34,\"caption\":\"Systra France\"},\"image\":{\"@id\":\"https:\\\/\\\/www.systra.com\\\/france\\\/#\\\/schema\\\/logo\\\/image\\\/\"},\"sameAs\":[\"https:\\\/\\\/www.facebook.com\\\/SYSTRA\",\"https:\\\/\\\/x.com\\\/SYSTRA_LTD\",\"https:\\\/\\\/www.linkedin.com\\\/company\\\/systra\\\/\"]}]}<\/script>\n<!-- \/ Yoast SEO Premium plugin. -->","yoast_head_json":{"title":"Aline CRIDELICH, Directrice Assurance Syst\u00e8me - France","description":"Aline CRIDELICHDirection Syst\u00e8mesParis Quel est votre m\u00e9tier\u202f?&nbsp; Je suis Directrice Assurance Syst\u00e8me. Dipl\u00f4m\u00e9e de l\u2019ENSI Bourges, Ecole d\u2019ing\u00e9nieur","robots":{"index":"index","follow":"follow","max-snippet":"max-snippet:-1","max-image-preview":"max-image-preview:large","max-video-preview":"max-video-preview:-1"},"og_locale":"fr_FR","og_type":"article","og_title":"Aline CRIDELICH, Directrice Assurance Syst\u00e8me","og_description":"Aline CRIDELICHDirection Syst\u00e8mesParis Quel est votre m\u00e9tier\u202f?&nbsp; Je suis Directrice Assurance Syst\u00e8me. Dipl\u00f4m\u00e9e de l\u2019ENSI Bourges, Ecole d\u2019ing\u00e9nieur","og_url":"https:\/\/www.systra.com\/france\/nos-metiers\/aline-cridelich-surete-de-fonctionnement\/","og_site_name":"France","article_publisher":"https:\/\/www.facebook.com\/SYSTRA","article_modified_time":"2025-09-11T16:20:53+00:00","og_image":[{"width":2350,"height":1500,"url":"https:\/\/www.systra.com\/france\/wp-content\/uploads\/sites\/4\/2021\/08\/illustration-interview.jpg","type":"image\/jpeg"}],"twitter_card":"summary_large_image","twitter_site":"@SYSTRA_LTD","twitter_misc":{"Dur\u00e9e de lecture estim\u00e9e":"3 minutes"},"schema":{"@context":"https:\/\/schema.org","@graph":[{"@type":"WebPage","@id":"https:\/\/www.systra.com\/france\/nos-metiers\/aline-cridelich-surete-de-fonctionnement\/","url":"https:\/\/www.systra.com\/france\/nos-metiers\/aline-cridelich-surete-de-fonctionnement\/","name":"Aline CRIDELICH, Directrice Assurance Syst\u00e8me - France","isPartOf":{"@id":"https:\/\/www.systra.com\/france\/#website"},"primaryImageOfPage":{"@id":"https:\/\/www.systra.com\/france\/nos-metiers\/aline-cridelich-surete-de-fonctionnement\/#primaryimage"},"image":{"@id":"https:\/\/www.systra.com\/france\/nos-metiers\/aline-cridelich-surete-de-fonctionnement\/#primaryimage"},"thumbnailUrl":"https:\/\/www.systra.com\/france\/wp-content\/uploads\/sites\/4\/2021\/08\/illustration-interview.jpg","datePublished":"2021-03-19T14:46:46+00:00","dateModified":"2025-09-11T16:20:53+00:00","description":"Aline CRIDELICHDirection Syst\u00e8mesParis Quel est votre m\u00e9tier\u202f?&nbsp; Je suis Directrice Assurance Syst\u00e8me. Dipl\u00f4m\u00e9e de l\u2019ENSI Bourges, Ecole d\u2019ing\u00e9nieur","breadcrumb":{"@id":"https:\/\/www.systra.com\/france\/nos-metiers\/aline-cridelich-surete-de-fonctionnement\/#breadcrumb"},"inLanguage":"fr-FR","potentialAction":[{"@type":"ReadAction","target":["https:\/\/www.systra.com\/france\/nos-metiers\/aline-cridelich-surete-de-fonctionnement\/"]}]},{"@type":"ImageObject","inLanguage":"fr-FR","@id":"https:\/\/www.systra.com\/france\/nos-metiers\/aline-cridelich-surete-de-fonctionnement\/#primaryimage","url":"https:\/\/www.systra.com\/france\/wp-content\/uploads\/sites\/4\/2021\/08\/illustration-interview.jpg","contentUrl":"https:\/\/www.systra.com\/france\/wp-content\/uploads\/sites\/4\/2021\/08\/illustration-interview.jpg","width":2350,"height":1500},{"@type":"BreadcrumbList","@id":"https:\/\/www.systra.com\/france\/nos-metiers\/aline-cridelich-surete-de-fonctionnement\/#breadcrumb","itemListElement":[{"@type":"ListItem","position":1,"name":"Accueil","item":"https:\/\/www.systra.com\/france\/"},{"@type":"ListItem","position":2,"name":"Nos t\u00e9moignages","item":"https:\/\/www.systra.com\/france\/nos-temoignages\/"},{"@type":"ListItem","position":3,"name":"Aline CRIDELICH, Directrice Assurance Syst\u00e8me"}]},{"@type":"WebSite","@id":"https:\/\/www.systra.com\/france\/#website","url":"https:\/\/www.systra.com\/france\/","name":"France","description":"La confiance transporte le monde","publisher":{"@id":"https:\/\/www.systra.com\/france\/#organization"},"potentialAction":[{"@type":"SearchAction","target":{"@type":"EntryPoint","urlTemplate":"https:\/\/www.systra.com\/france\/?s={search_term_string}"},"query-input":{"@type":"PropertyValueSpecification","valueRequired":true,"valueName":"search_term_string"}}],"inLanguage":"fr-FR"},{"@type":"Organization","@id":"https:\/\/www.systra.com\/france\/#organization","name":"Systra France","url":"https:\/\/www.systra.com\/france\/","logo":{"@type":"ImageObject","inLanguage":"fr-FR","@id":"https:\/\/www.systra.com\/france\/#\/schema\/logo\/image\/","url":"https:\/\/www.systra.com\/france\/wp-content\/uploads\/sites\/4\/2021\/03\/systra_logo_svg.svg","contentUrl":"https:\/\/www.systra.com\/france\/wp-content\/uploads\/sites\/4\/2021\/03\/systra_logo_svg.svg","width":179,"height":34,"caption":"Systra France"},"image":{"@id":"https:\/\/www.systra.com\/france\/#\/schema\/logo\/image\/"},"sameAs":["https:\/\/www.facebook.com\/SYSTRA","https:\/\/x.com\/SYSTRA_LTD","https:\/\/www.linkedin.com\/company\/systra\/"]}]}},"lang":"fr","translations":{"fr":252},"pll_sync_post":[],"_links":{"self":[{"href":"https:\/\/www.systra.com\/france\/wp-json\/wp\/v2\/pages\/252","targetHints":{"allow":["GET"]}}],"collection":[{"href":"https:\/\/www.systra.com\/france\/wp-json\/wp\/v2\/pages"}],"about":[{"href":"https:\/\/www.systra.com\/france\/wp-json\/wp\/v2\/types\/page"}],"author":[{"embeddable":true,"href":"https:\/\/www.systra.com\/france\/wp-json\/wp\/v2\/users\/29"}],"replies":[{"embeddable":true,"href":"https:\/\/www.systra.com\/france\/wp-json\/wp\/v2\/comments?post=252"}],"version-history":[{"count":3,"href":"https:\/\/www.systra.com\/france\/wp-json\/wp\/v2\/pages\/252\/revisions"}],"predecessor-version":[{"id":38583,"href":"https:\/\/www.systra.com\/france\/wp-json\/wp\/v2\/pages\/252\/revisions\/38583"}],"up":[{"embeddable":true,"href":"https:\/\/www.systra.com\/france\/wp-json\/wp\/v2\/pages\/1958"}],"wp:featuredmedia":[{"embeddable":true,"href":"https:\/\/www.systra.com\/france\/wp-json\/wp\/v2\/media\/3261"}],"wp:attachment":[{"href":"https:\/\/www.systra.com\/france\/wp-json\/wp\/v2\/media?parent=252"}],"curies":[{"name":"wp","href":"https:\/\/api.w.org\/{rel}","templated":true}]}}