{"id":227,"date":"2021-03-19T12:39:19","date_gmt":"2021-03-19T11:39:19","guid":{"rendered":"https:\/\/www.systra.com\/france\/?page_id=227"},"modified":"2025-09-11T18:14:23","modified_gmt":"2025-09-11T16:14:23","slug":"gaetane-costes-exploitation-et-maintenance","status":"publish","type":"page","link":"https:\/\/www.systra.com\/france\/gaetane-costes-exploitation-et-maintenance\/","title":{"rendered":"Ga\u00ebtane COSTES, ing\u00e9nieur exploitation"},"content":{"rendered":"\n<div style=\"height:100px\" aria-hidden=\"true\" class=\"wp-block-spacer\"><\/div>\n\n\n\n<div class=\"wp-block-columns is-layout-flex wp-container-core-columns-is-layout-9d6595d7 wp-block-columns-is-layout-flex\">\n<div class=\"wp-block-column is-layout-flow wp-block-column-is-layout-flow\" style=\"flex-basis:33.33%\"><div class=\"wp-block-image\">\n<figure class=\"aligncenter size-large\"><img decoding=\"async\" width=\"960\" height=\"960\" src=\"https:\/\/www.systra.com\/france\/wp-content\/uploads\/sites\/4\/2021\/05\/photo-gcostes.jpg\" alt=\"\" class=\"wp-image-909\" srcset=\"https:\/\/www.systra.com\/france\/wp-content\/uploads\/sites\/4\/2021\/05\/photo-gcostes.jpg 960w, https:\/\/www.systra.com\/france\/wp-content\/uploads\/sites\/4\/2021\/05\/photo-gcostes-300x300.jpg 300w, https:\/\/www.systra.com\/france\/wp-content\/uploads\/sites\/4\/2021\/05\/photo-gcostes-150x150.jpg 150w, https:\/\/www.systra.com\/france\/wp-content\/uploads\/sites\/4\/2021\/05\/photo-gcostes-768x768.jpg 768w, https:\/\/www.systra.com\/france\/wp-content\/uploads\/sites\/4\/2021\/05\/photo-gcostes-376x376.jpg 376w, https:\/\/www.systra.com\/france\/wp-content\/uploads\/sites\/4\/2021\/05\/photo-gcostes-474x474.jpg 474w, https:\/\/www.systra.com\/france\/wp-content\/uploads\/sites\/4\/2021\/05\/photo-gcostes-660x660.jpg 660w, https:\/\/www.systra.com\/france\/wp-content\/uploads\/sites\/4\/2021\/05\/photo-gcostes-800x800.jpg 800w, https:\/\/www.systra.com\/france\/wp-content\/uploads\/sites\/4\/2021\/05\/photo-gcostes-180x180.jpg 180w, https:\/\/www.systra.com\/france\/wp-content\/uploads\/sites\/4\/2021\/05\/photo-gcostes-153x153.jpg 153w, https:\/\/www.systra.com\/france\/wp-content\/uploads\/sites\/4\/2021\/05\/photo-gcostes-230x230.jpg 230w\" sizes=\"(max-width: 960px) 100vw, 960px\" \/><\/figure>\n<\/div>\n\n\n<p class=\"has-pale-mauve-background-color has-background\"><strong>Ga\u00ebtane Costes \u00a0<\/strong><br><span class=\"has-inline-color has-dusty-blue-color\">Direction des Projets Urbains<br><\/span><mark style=\"background-color:rgba(0, 0, 0, 0)\" class=\"has-inline-color has-noir-color\">Paris<\/mark><\/p>\n<\/div>\n\n\n\n<div class=\"wp-block-column is-layout-flow wp-block-column-is-layout-flow\" style=\"flex-basis:66.66%\">\n<h3 class=\"wp-block-heading has-dusty-blue-color has-text-color\" id=\"h-quel-est-votre-metier-nbsp\">Quel est votre m\u00e9tier\u202f?&nbsp;<\/h3>\n\n\n\n<div style=\"height:20px\" aria-hidden=\"true\" class=\"wp-block-spacer\"><\/div>\n\n\n\n<p>Apr\u00e8s une formation d\u2019ing\u00e9nieur g\u00e9n\u00e9raliste avec un double dipl\u00f4me de Mast\u00e8re en transport, j\u2019ai d\u00e9but\u00e9 ma carri\u00e8re il y a 5 ans dans le domaine des \u00e9tudes d\u2019exploitation du transport urbain. J\u2019ai ensuite occup\u00e9 un poste de coordinateur projet en phase d\u2019appel d\u2019offres pour une des lignes du Grand Paris, avant de revenir vers le m\u00e9tier de l\u2019exploitation. Aujourd\u2019hui, je suis charg\u00e9e d\u2019\u00e9tudes Exploitation au sein du d\u00e9partement Ing\u00e9nierie d\u2019Exploitation et de Maintenance.<\/p>\n\n\n\n<div style=\"height:20px\" aria-hidden=\"true\" class=\"wp-block-spacer\"><\/div>\n\n\n\n<p>J\u2019interviens en amont de la mise en service des syst\u00e8mes de transport, en France et \u00e0 l\u2019international, sur des \u00e9tudes de conception horaire. Celles-ci visent \u00e0 organiser les circulations des trains sur une plage horaire, \u00e0 produire des programmes pr\u00e9visionnels d\u2019exploitation et leur utilisation au cours de la journ\u00e9e. Elles permettent \u00e9galement de calculer des co\u00fbts d\u2019exploitation, ou encore de r\u00e9aliser des \u00e9tudes de robustesse face aux al\u00e9as qui peuvent se produire sur un r\u00e9seau.<\/p>\n\n\n\n<div style=\"height:60px\" aria-hidden=\"true\" class=\"wp-block-spacer\"><\/div>\n\n\n\n<h3 class=\"wp-block-heading has-dusty-blue-color has-text-color\" id=\"h-quelles-sont-vos-missions-chez-systra\">Quelles sont vos missions chez SYSTRA\u202f?<\/h3>\n\n\n\n<div style=\"height:20px\" aria-hidden=\"true\" class=\"wp-block-spacer\"><\/div>\n\n\n\n<p>Je travaille sur diff\u00e9rents projets de construction ou d\u2019am\u00e9lioration de syst\u00e8mes de transports ferroviaires, qu\u2019il s\u2019agisse de tramway, m\u00e9tro, RER, ferroviaire classique ou encore de Ligne \u00e0 Grande Vitesse.<\/p>\n\n\n\n<div style=\"height:20px\" aria-hidden=\"true\" class=\"wp-block-spacer\"><\/div>\n\n\n\n<p>Au quotidien, j\u2019utilise des outils de simulation, afin de mod\u00e9liser l\u2019infrastructure du syst\u00e8me (stations, vitesses limites, pentes, aiguillages\u2026),&nbsp;et ce qui me permet ensuite de calculer des temps de parcours, de monter des grilles horaires avec diff\u00e9rents mat\u00e9riels roulants.<\/p>\n\n\n\n<div style=\"height:20px\" aria-hidden=\"true\" class=\"wp-block-spacer\"><\/div>\n\n\n\n<p>Ces outils sont souvent essentiels dans la compr\u00e9hension et l\u2019\u00e9valuation de la robustesse des grilles et l\u2019effet des mesures de r\u00e9gulations face \u00e0 des incidents divers&nbsp;: incidents du quotidien, ou bien incidents plus importants, pour lesquels des mesures sp\u00e9cifiques de r\u00e9gulation peuvent \u00eatre mises en place.  En ce moment, je travaille par exemple sur l\u2019am\u00e9lioration des RER B et D et sur un futur m\u00e9tro \u00e0 Tel-Aviv. <\/p>\n\n\n\n<div style=\"height:60px\" aria-hidden=\"true\" class=\"wp-block-spacer\"><\/div>\n\n\n\n<h3 class=\"wp-block-heading has-dusty-blue-color has-text-color\" id=\"h-les-3-qualites-ou-competences-importantes-dans-votre-metier\">Les 3 qualit\u00e9s ou comp\u00e9tences importantes dans votre m\u00e9tier\u202f?<\/h3>\n\n\n\n<div style=\"height:20px\" aria-hidden=\"true\" class=\"wp-block-spacer\"><\/div>\n\n\n\n<p>Tout d\u2019abord, je dirais la p\u00e9dagogie&nbsp;: il est important d\u2019expliquer notre d\u00e9marche et nos r\u00e9sultats \u00e0 nos clients, parfois non sp\u00e9cialistes.<\/p>\n\n\n\n<div style=\"height:20px\" aria-hidden=\"true\" class=\"wp-block-spacer\"><\/div>\n\n\n\n<p>Ensuite, il faut avoir une bonne capacit\u00e9 de synth\u00e8se et savoir prendre du recul, Il faut garder en t\u00eate l\u2019objectif global d\u2019\u00e9tude, sans se perdre dans les d\u00e9tails pratiques ou techniques. <\/p>\n\n\n\n<div style=\"height:20px\" aria-hidden=\"true\" class=\"wp-block-spacer\"><\/div>\n\n\n\n<p>Enfin, la polyvalence et la communication&nbsp;: l\u2019exploitation regroupe beaucoup d\u2019autres syst\u00e8mes (signalisation, voie ferr\u00e9e, mat\u00e9riel roulant, alimentation \u00e9lectrique\u2026). Leurs fonctionnements doivent \u00eatre int\u00e9gr\u00e9s \u00e0 nos mod\u00e9lisations afin de r\u00e9pondre au mieux \u00e0 la demande du client et cela n\u00e9cessite donc de bien se coordonner avec les \u00e9quipes en charge.<\/p>\n\n\n\n<div style=\"height:60px\" aria-hidden=\"true\" class=\"wp-block-spacer\"><\/div>\n\n\n\n<h3 class=\"wp-block-heading has-dusty-blue-color has-text-color\" id=\"h-pourquoi-systra-nbsp\">POURQUOI SYSTRA&nbsp;?<\/h3>\n\n\n\n<div style=\"height:20px\" aria-hidden=\"true\" class=\"wp-block-spacer\"><\/div>\n\n\n\n<p>J\u2019ai rejoint SYSTRA il y a un an car je souhaitais \u00e9voluer sur un poste avec des enjeux complexes et techniques, sur un large panel d\u2019\u00e9tudes, en France comme \u00e0 l\u2019international. J\u2019appr\u00e9cie \u00e9galement de travailler aux c\u00f4t\u00e9s d\u2019experts qui ont la connaissance du terrain et de l\u2019exploitation r\u00e9elle des r\u00e9seaux, pr\u00e9cieuse pour mener \u00e0 bien la r\u00e9alisation des \u00e9tudes.<\/p>\n\n\n\n<div style=\"height:100px\" aria-hidden=\"true\" class=\"wp-block-spacer\"><\/div>\n<\/div>\n<\/div>\n\n\n\n<div style=\"height:100px\" aria-hidden=\"true\" class=\"wp-block-spacer\"><\/div>\n","protected":false},"excerpt":{"rendered":"<p>Ga\u00ebtane Costes \u00a0Direction des Projets UrbainsParis Quel est votre m\u00e9tier\u202f?&nbsp; Apr\u00e8s une formation d\u2019ing\u00e9nieur g\u00e9n\u00e9raliste avec un double dipl\u00f4me de Mast\u00e8re en transport, j\u2019ai d\u00e9but\u00e9 ma carri\u00e8re il y a 5 ans dans le domaine des \u00e9tudes d\u2019exploitation du transport urbain. J\u2019ai ensuite occup\u00e9 un poste de coordinateur projet en phase d\u2019appel d\u2019offres pour une [&hellip;]<\/p>\n","protected":false},"author":29,"featured_media":3261,"parent":0,"menu_order":19,"comment_status":"closed","ping_status":"closed","template":"template-collaborateur.php","meta":{"_acf_changed":false,"_relevanssi_hide_post":"","_relevanssi_hide_content":"","_relevanssi_pin_for_all":"","_relevanssi_pin_keywords":"","_relevanssi_unpin_keywords":"","_relevanssi_related_keywords":"","_relevanssi_related_include_ids":"","_relevanssi_related_exclude_ids":"","_relevanssi_related_no_append":"","_relevanssi_related_not_related":"","_relevanssi_related_posts":"1","_relevanssi_noindex_reason":"","footnotes":""},"class_list":["post-227","page","type-page","status-publish","has-post-thumbnail","hentry"],"acf":[],"yoast_head":"<!-- This site is optimized with the Yoast SEO Premium plugin v27.4 (Yoast SEO v27.4) - https:\/\/yoast.com\/product\/yoast-seo-premium-wordpress\/ -->\n<title>Ga\u00ebtane COSTES, ing\u00e9nieur exploitation - France<\/title>\n<meta name=\"description\" content=\"Ga\u00ebtane Costes \u00a0Direction des Projets UrbainsParis Quel est votre m\u00e9tier\u202f?&nbsp; Apr\u00e8s une formation d\u2019ing\u00e9nieur g\u00e9n\u00e9raliste avec un double dipl\u00f4me de\" \/>\n<meta name=\"robots\" content=\"index, follow, max-snippet:-1, max-image-preview:large, max-video-preview:-1\" \/>\n<meta property=\"og:locale\" content=\"fr_FR\" \/>\n<meta property=\"og:type\" content=\"article\" \/>\n<meta property=\"og:title\" content=\"Ga\u00ebtane COSTES, ing\u00e9nieur exploitation\" \/>\n<meta property=\"og:description\" content=\"Ga\u00ebtane Costes \u00a0Direction des Projets UrbainsParis Quel est votre m\u00e9tier\u202f?&nbsp; Apr\u00e8s une formation d\u2019ing\u00e9nieur g\u00e9n\u00e9raliste avec un double dipl\u00f4me de\" \/>\n<meta property=\"og:url\" content=\"https:\/\/www.systra.com\/france\/gaetane-costes-exploitation-et-maintenance\/\" \/>\n<meta property=\"og:site_name\" content=\"France\" \/>\n<meta property=\"article:publisher\" content=\"https:\/\/www.facebook.com\/SYSTRA\" \/>\n<meta property=\"article:modified_time\" content=\"2025-09-11T16:14:23+00:00\" \/>\n<meta property=\"og:image\" content=\"https:\/\/www.systra.com\/france\/wp-content\/uploads\/sites\/4\/2021\/08\/illustration-interview.jpg\" \/>\n\t<meta property=\"og:image:width\" content=\"2350\" \/>\n\t<meta property=\"og:image:height\" content=\"1500\" \/>\n\t<meta property=\"og:image:type\" content=\"image\/jpeg\" \/>\n<meta name=\"twitter:card\" content=\"summary_large_image\" \/>\n<meta name=\"twitter:site\" content=\"@SYSTRA_LTD\" \/>\n<meta name=\"twitter:label1\" content=\"Dur\u00e9e de lecture estim\u00e9e\" \/>\n\t<meta name=\"twitter:data1\" content=\"3 minutes\" \/>\n<script type=\"application\/ld+json\" class=\"yoast-schema-graph\">{\"@context\":\"https:\\\/\\\/schema.org\",\"@graph\":[{\"@type\":\"WebPage\",\"@id\":\"https:\\\/\\\/www.systra.com\\\/france\\\/gaetane-costes-exploitation-et-maintenance\\\/\",\"url\":\"https:\\\/\\\/www.systra.com\\\/france\\\/gaetane-costes-exploitation-et-maintenance\\\/\",\"name\":\"Ga\u00ebtane COSTES, ing\u00e9nieur exploitation - France\",\"isPartOf\":{\"@id\":\"https:\\\/\\\/www.systra.com\\\/france\\\/#website\"},\"primaryImageOfPage\":{\"@id\":\"https:\\\/\\\/www.systra.com\\\/france\\\/gaetane-costes-exploitation-et-maintenance\\\/#primaryimage\"},\"image\":{\"@id\":\"https:\\\/\\\/www.systra.com\\\/france\\\/gaetane-costes-exploitation-et-maintenance\\\/#primaryimage\"},\"thumbnailUrl\":\"https:\\\/\\\/www.systra.com\\\/france\\\/wp-content\\\/uploads\\\/sites\\\/4\\\/2021\\\/08\\\/illustration-interview.jpg\",\"datePublished\":\"2021-03-19T11:39:19+00:00\",\"dateModified\":\"2025-09-11T16:14:23+00:00\",\"description\":\"Ga\u00ebtane Costes \u00a0Direction des Projets UrbainsParis Quel est votre m\u00e9tier\u202f?&nbsp; Apr\u00e8s une formation d\u2019ing\u00e9nieur g\u00e9n\u00e9raliste avec un double dipl\u00f4me de\",\"breadcrumb\":{\"@id\":\"https:\\\/\\\/www.systra.com\\\/france\\\/gaetane-costes-exploitation-et-maintenance\\\/#breadcrumb\"},\"inLanguage\":\"fr-FR\",\"potentialAction\":[{\"@type\":\"ReadAction\",\"target\":[\"https:\\\/\\\/www.systra.com\\\/france\\\/gaetane-costes-exploitation-et-maintenance\\\/\"]}]},{\"@type\":\"ImageObject\",\"inLanguage\":\"fr-FR\",\"@id\":\"https:\\\/\\\/www.systra.com\\\/france\\\/gaetane-costes-exploitation-et-maintenance\\\/#primaryimage\",\"url\":\"https:\\\/\\\/www.systra.com\\\/france\\\/wp-content\\\/uploads\\\/sites\\\/4\\\/2021\\\/08\\\/illustration-interview.jpg\",\"contentUrl\":\"https:\\\/\\\/www.systra.com\\\/france\\\/wp-content\\\/uploads\\\/sites\\\/4\\\/2021\\\/08\\\/illustration-interview.jpg\",\"width\":2350,\"height\":1500},{\"@type\":\"BreadcrumbList\",\"@id\":\"https:\\\/\\\/www.systra.com\\\/france\\\/gaetane-costes-exploitation-et-maintenance\\\/#breadcrumb\",\"itemListElement\":[{\"@type\":\"ListItem\",\"position\":1,\"name\":\"Accueil\",\"item\":\"https:\\\/\\\/www.systra.com\\\/france\\\/\"},{\"@type\":\"ListItem\",\"position\":2,\"name\":\"Ga\u00ebtane COSTES, ing\u00e9nieur exploitation\"}]},{\"@type\":\"WebSite\",\"@id\":\"https:\\\/\\\/www.systra.com\\\/france\\\/#website\",\"url\":\"https:\\\/\\\/www.systra.com\\\/france\\\/\",\"name\":\"France\",\"description\":\"La confiance transporte le monde\",\"publisher\":{\"@id\":\"https:\\\/\\\/www.systra.com\\\/france\\\/#organization\"},\"potentialAction\":[{\"@type\":\"SearchAction\",\"target\":{\"@type\":\"EntryPoint\",\"urlTemplate\":\"https:\\\/\\\/www.systra.com\\\/france\\\/?s={search_term_string}\"},\"query-input\":{\"@type\":\"PropertyValueSpecification\",\"valueRequired\":true,\"valueName\":\"search_term_string\"}}],\"inLanguage\":\"fr-FR\"},{\"@type\":\"Organization\",\"@id\":\"https:\\\/\\\/www.systra.com\\\/france\\\/#organization\",\"name\":\"Systra France\",\"url\":\"https:\\\/\\\/www.systra.com\\\/france\\\/\",\"logo\":{\"@type\":\"ImageObject\",\"inLanguage\":\"fr-FR\",\"@id\":\"https:\\\/\\\/www.systra.com\\\/france\\\/#\\\/schema\\\/logo\\\/image\\\/\",\"url\":\"https:\\\/\\\/www.systra.com\\\/france\\\/wp-content\\\/uploads\\\/sites\\\/4\\\/2021\\\/03\\\/systra_logo_svg.svg\",\"contentUrl\":\"https:\\\/\\\/www.systra.com\\\/france\\\/wp-content\\\/uploads\\\/sites\\\/4\\\/2021\\\/03\\\/systra_logo_svg.svg\",\"width\":179,\"height\":34,\"caption\":\"Systra France\"},\"image\":{\"@id\":\"https:\\\/\\\/www.systra.com\\\/france\\\/#\\\/schema\\\/logo\\\/image\\\/\"},\"sameAs\":[\"https:\\\/\\\/www.facebook.com\\\/SYSTRA\",\"https:\\\/\\\/x.com\\\/SYSTRA_LTD\",\"https:\\\/\\\/www.linkedin.com\\\/company\\\/systra\\\/\"]}]}<\/script>\n<!-- \/ Yoast SEO Premium plugin. -->","yoast_head_json":{"title":"Ga\u00ebtane COSTES, ing\u00e9nieur exploitation - France","description":"Ga\u00ebtane Costes \u00a0Direction des Projets UrbainsParis Quel est votre m\u00e9tier\u202f?&nbsp; Apr\u00e8s une formation d\u2019ing\u00e9nieur g\u00e9n\u00e9raliste avec un double dipl\u00f4me de","robots":{"index":"index","follow":"follow","max-snippet":"max-snippet:-1","max-image-preview":"max-image-preview:large","max-video-preview":"max-video-preview:-1"},"og_locale":"fr_FR","og_type":"article","og_title":"Ga\u00ebtane COSTES, ing\u00e9nieur exploitation","og_description":"Ga\u00ebtane Costes \u00a0Direction des Projets UrbainsParis Quel est votre m\u00e9tier\u202f?&nbsp; Apr\u00e8s une formation d\u2019ing\u00e9nieur g\u00e9n\u00e9raliste avec un double dipl\u00f4me de","og_url":"https:\/\/www.systra.com\/france\/gaetane-costes-exploitation-et-maintenance\/","og_site_name":"France","article_publisher":"https:\/\/www.facebook.com\/SYSTRA","article_modified_time":"2025-09-11T16:14:23+00:00","og_image":[{"width":2350,"height":1500,"url":"https:\/\/www.systra.com\/france\/wp-content\/uploads\/sites\/4\/2021\/08\/illustration-interview.jpg","type":"image\/jpeg"}],"twitter_card":"summary_large_image","twitter_site":"@SYSTRA_LTD","twitter_misc":{"Dur\u00e9e de lecture estim\u00e9e":"3 minutes"},"schema":{"@context":"https:\/\/schema.org","@graph":[{"@type":"WebPage","@id":"https:\/\/www.systra.com\/france\/gaetane-costes-exploitation-et-maintenance\/","url":"https:\/\/www.systra.com\/france\/gaetane-costes-exploitation-et-maintenance\/","name":"Ga\u00ebtane COSTES, ing\u00e9nieur exploitation - France","isPartOf":{"@id":"https:\/\/www.systra.com\/france\/#website"},"primaryImageOfPage":{"@id":"https:\/\/www.systra.com\/france\/gaetane-costes-exploitation-et-maintenance\/#primaryimage"},"image":{"@id":"https:\/\/www.systra.com\/france\/gaetane-costes-exploitation-et-maintenance\/#primaryimage"},"thumbnailUrl":"https:\/\/www.systra.com\/france\/wp-content\/uploads\/sites\/4\/2021\/08\/illustration-interview.jpg","datePublished":"2021-03-19T11:39:19+00:00","dateModified":"2025-09-11T16:14:23+00:00","description":"Ga\u00ebtane Costes \u00a0Direction des Projets UrbainsParis Quel est votre m\u00e9tier\u202f?&nbsp; Apr\u00e8s une formation d\u2019ing\u00e9nieur g\u00e9n\u00e9raliste avec un double dipl\u00f4me de","breadcrumb":{"@id":"https:\/\/www.systra.com\/france\/gaetane-costes-exploitation-et-maintenance\/#breadcrumb"},"inLanguage":"fr-FR","potentialAction":[{"@type":"ReadAction","target":["https:\/\/www.systra.com\/france\/gaetane-costes-exploitation-et-maintenance\/"]}]},{"@type":"ImageObject","inLanguage":"fr-FR","@id":"https:\/\/www.systra.com\/france\/gaetane-costes-exploitation-et-maintenance\/#primaryimage","url":"https:\/\/www.systra.com\/france\/wp-content\/uploads\/sites\/4\/2021\/08\/illustration-interview.jpg","contentUrl":"https:\/\/www.systra.com\/france\/wp-content\/uploads\/sites\/4\/2021\/08\/illustration-interview.jpg","width":2350,"height":1500},{"@type":"BreadcrumbList","@id":"https:\/\/www.systra.com\/france\/gaetane-costes-exploitation-et-maintenance\/#breadcrumb","itemListElement":[{"@type":"ListItem","position":1,"name":"Accueil","item":"https:\/\/www.systra.com\/france\/"},{"@type":"ListItem","position":2,"name":"Ga\u00ebtane COSTES, ing\u00e9nieur exploitation"}]},{"@type":"WebSite","@id":"https:\/\/www.systra.com\/france\/#website","url":"https:\/\/www.systra.com\/france\/","name":"France","description":"La confiance transporte le monde","publisher":{"@id":"https:\/\/www.systra.com\/france\/#organization"},"potentialAction":[{"@type":"SearchAction","target":{"@type":"EntryPoint","urlTemplate":"https:\/\/www.systra.com\/france\/?s={search_term_string}"},"query-input":{"@type":"PropertyValueSpecification","valueRequired":true,"valueName":"search_term_string"}}],"inLanguage":"fr-FR"},{"@type":"Organization","@id":"https:\/\/www.systra.com\/france\/#organization","name":"Systra France","url":"https:\/\/www.systra.com\/france\/","logo":{"@type":"ImageObject","inLanguage":"fr-FR","@id":"https:\/\/www.systra.com\/france\/#\/schema\/logo\/image\/","url":"https:\/\/www.systra.com\/france\/wp-content\/uploads\/sites\/4\/2021\/03\/systra_logo_svg.svg","contentUrl":"https:\/\/www.systra.com\/france\/wp-content\/uploads\/sites\/4\/2021\/03\/systra_logo_svg.svg","width":179,"height":34,"caption":"Systra France"},"image":{"@id":"https:\/\/www.systra.com\/france\/#\/schema\/logo\/image\/"},"sameAs":["https:\/\/www.facebook.com\/SYSTRA","https:\/\/x.com\/SYSTRA_LTD","https:\/\/www.linkedin.com\/company\/systra\/"]}]}},"lang":"fr","translations":{"fr":227},"pll_sync_post":[],"_links":{"self":[{"href":"https:\/\/www.systra.com\/france\/wp-json\/wp\/v2\/pages\/227","targetHints":{"allow":["GET"]}}],"collection":[{"href":"https:\/\/www.systra.com\/france\/wp-json\/wp\/v2\/pages"}],"about":[{"href":"https:\/\/www.systra.com\/france\/wp-json\/wp\/v2\/types\/page"}],"author":[{"embeddable":true,"href":"https:\/\/www.systra.com\/france\/wp-json\/wp\/v2\/users\/29"}],"replies":[{"embeddable":true,"href":"https:\/\/www.systra.com\/france\/wp-json\/wp\/v2\/comments?post=227"}],"version-history":[{"count":2,"href":"https:\/\/www.systra.com\/france\/wp-json\/wp\/v2\/pages\/227\/revisions"}],"predecessor-version":[{"id":38572,"href":"https:\/\/www.systra.com\/france\/wp-json\/wp\/v2\/pages\/227\/revisions\/38572"}],"wp:featuredmedia":[{"embeddable":true,"href":"https:\/\/www.systra.com\/france\/wp-json\/wp\/v2\/media\/3261"}],"wp:attachment":[{"href":"https:\/\/www.systra.com\/france\/wp-json\/wp\/v2\/media?parent=227"}],"curies":[{"name":"wp","href":"https:\/\/api.w.org\/{rel}","templated":true}]}}