{"id":221,"date":"2021-03-19T10:22:01","date_gmt":"2021-03-19T09:22:01","guid":{"rendered":"https:\/\/www.systra.com\/france\/?page_id=221"},"modified":"2021-08-24T15:22:43","modified_gmt":"2021-08-24T13:22:43","slug":"lise-nelson-ingenierie-de-conception-et-travaux","status":"publish","type":"page","link":"https:\/\/www.systra.com\/france\/lise-nelson-ingenierie-de-conception-et-travaux\/","title":{"rendered":"Lise NELSON, ing\u00e9nieure insertion et plateforme tramway"},"content":{"rendered":"\n<div style=\"height:100px\" aria-hidden=\"true\" class=\"wp-block-spacer\"><\/div>\n\n\n\n<div class=\"wp-block-columns is-layout-flex wp-container-core-columns-is-layout-9d6595d7 wp-block-columns-is-layout-flex\">\n<div class=\"wp-block-column is-layout-flow wp-block-column-is-layout-flow\" style=\"flex-basis:33.33%\">\n<div class=\"wp-block-image\"><figure class=\"aligncenter size-large\"><img decoding=\"async\" width=\"960\" height=\"960\" src=\"https:\/\/www.systra.com\/france\/wp-content\/uploads\/sites\/5\/2021\/03\/lise-2.png\" alt=\"\" class=\"wp-image-465\" srcset=\"https:\/\/www.systra.com\/france\/wp-content\/uploads\/sites\/4\/2021\/03\/lise-2.png 960w, https:\/\/www.systra.com\/france\/wp-content\/uploads\/sites\/4\/2021\/03\/lise-2-300x300.png 300w, https:\/\/www.systra.com\/france\/wp-content\/uploads\/sites\/4\/2021\/03\/lise-2-150x150.png 150w, https:\/\/www.systra.com\/france\/wp-content\/uploads\/sites\/4\/2021\/03\/lise-2-768x768.png 768w, https:\/\/www.systra.com\/france\/wp-content\/uploads\/sites\/4\/2021\/03\/lise-2-376x376.png 376w, https:\/\/www.systra.com\/france\/wp-content\/uploads\/sites\/4\/2021\/03\/lise-2-474x474.png 474w, https:\/\/www.systra.com\/france\/wp-content\/uploads\/sites\/4\/2021\/03\/lise-2-660x660.png 660w, https:\/\/www.systra.com\/france\/wp-content\/uploads\/sites\/4\/2021\/03\/lise-2-800x800.png 800w, https:\/\/www.systra.com\/france\/wp-content\/uploads\/sites\/4\/2021\/03\/lise-2-180x180.png 180w, https:\/\/www.systra.com\/france\/wp-content\/uploads\/sites\/4\/2021\/03\/lise-2-153x153.png 153w, https:\/\/www.systra.com\/france\/wp-content\/uploads\/sites\/4\/2021\/03\/lise-2-230x230.png 230w\" sizes=\"(max-width: 960px) 100vw, 960px\" \/><\/figure><\/div>\n\n\n\n<p class=\"has-pale-mauve-background-color has-background\"><strong>Lise NELSON &nbsp;<\/strong><br><span class=\"has-inline-color has-dusty-blue-color\">Direction Projets Urbains  <br>Lyon<\/span><\/p>\n<\/div>\n\n\n\n<div class=\"wp-block-column is-layout-flow wp-block-column-is-layout-flow\" style=\"flex-basis:66.66%\">\n<h3 class=\"has-dusty-blue-color has-text-color wp-block-heading\">Quel est votre m\u00e9tier\u202f?&nbsp;<\/h3>\n\n\n\n<div style=\"height:20px\" aria-hidden=\"true\" class=\"wp-block-spacer\"><\/div>\n\n\n\n<p>Je suis ing\u00e9nieure insertion et plateforme tramway. Avec mon double dipl\u00f4me d\u2019ing\u00e9nieur fran\u00e7ais et br\u00e9silien, j\u2019ai commenc\u00e9 \u00e0 travailler chez SYSTRA Br\u00e9sil en 2014, sur le projet du tramway de Rio de Janeiro. &nbsp;<\/p>\n\n\n\n<div style=\"height:20px\" aria-hidden=\"true\" class=\"wp-block-spacer\"><\/div>\n\n\n\n<p>Quelques mois plus tard, j\u2019ai rejoint la direction technique et le p\u00f4le Infrastructures Tramway situ\u00e9 \u00e0 Lyon, o\u00f9 j\u2019ai \u00e9volu\u00e9 vers un poste d\u2019ing\u00e9nieur. <\/p>\n\n\n\n<div style=\"height:20px\" aria-hidden=\"true\" class=\"wp-block-spacer\"><\/div>\n\n\n\n<p>Aujourd\u2019hui, j&#8217;effectue des missions de responsable de production des \u00e9tudes de la plateforme tramway, de coordination technique, de responsable synth\u00e8se, et je prends activement part au d\u00e9ploiement du BIM <a>(Building Information Modeling)<\/a> au sein du p\u00f4le. <\/p>\n\n\n\n<div style=\"height:60px\" aria-hidden=\"true\" class=\"wp-block-spacer\"><\/div>\n\n\n\n<h3 class=\"has-dusty-blue-color has-text-color wp-block-heading\">Quelles sont vos missions chez SYSTRA\u202f?<\/h3>\n\n\n\n<div style=\"height:20px\" aria-hidden=\"true\" class=\"wp-block-spacer\"><\/div>\n\n\n\n<p>J\u2019interviens principalement sur deux missions au sein de SYSTRA. Je contribue aux \u00e9tudes d\u2019insertion de la plateforme tramway dans son environnement urbain. Pour cela, je travaille \u00e9troitement avec de nombreux m\u00e9tiers pour int\u00e9grer les attentes de chacune des parties prenantes (architectes\/paysagistes, exploitant de la ligne, utilisateurs, fabricants de mat\u00e9riel roulant). Les contraintes d\u2019autres disciplines sont \u00e9galement int\u00e9gr\u00e9es dans la conception de l\u2019insertion, notamment le syst\u00e8me d\u2019alimentation de la ligne, la r\u00e9alisation de la pose de voie et la maintenance.<\/p>\n\n\n\n<div style=\"height:20px\" aria-hidden=\"true\" class=\"wp-block-spacer\"><\/div>\n\n\n\n<p>Une autre de mes missions consiste \u00e0 concevoir les ouvrages de la plateforme tramway. Il s\u2019agit notamment d\u2019int\u00e9grer dans la conception les caract\u00e9ristiques et contraintes du site, les choix de rev\u00eatements de plateforme des architectes, les contraintes d\u2019encombrement des sous-sols, les contraintes de r\u00e9alisation en phase travaux, avant de proposer une solution int\u00e9gr\u00e9e \u00e0 nos clients.<\/p>\n\n\n\n<div style=\"height:20px\" aria-hidden=\"true\" class=\"wp-block-spacer\"><\/div>\n\n\n\n<p>Mon objectif final est de concevoir une plateforme tramway int\u00e9gr\u00e9e au contexte du projet, robuste, p\u00e9renne, avec un minimum de nuisances g\u00e9n\u00e9r\u00e9es sur son environnement, et r\u00e9pondant aux exigences d\u2019exploitation sp\u00e9cifiques de la ligne.<\/p>\n\n\n\n<div style=\"height:60px\" aria-hidden=\"true\" class=\"wp-block-spacer\"><\/div>\n\n\n\n<h3 class=\"has-dusty-blue-color has-text-color wp-block-heading\">Les 3 qualit\u00e9s ou comp\u00e9tences importantes dans votre m\u00e9tier\u202f?<\/h3>\n\n\n\n<div style=\"height:20px\" aria-hidden=\"true\" class=\"wp-block-spacer\"><\/div>\n\n\n\n<p>L\u2019\u00e9coute&nbsp;est une qualit\u00e9 indispensable pour bien comprendre les attentes venant de <a>cultures m\u00e9tiers vari\u00e9es<\/a>&nbsp; (architecte, urbaniste, mainteneur, exploitant, experts syst\u00e8mes, \u2026). L\u2019esprit de synth\u00e8se est lui aussi n\u00e9cessaire afin d\u2019int\u00e9grer les besoins de chaque partie prenante en un seul produit.&nbsp;<\/p>\n\n\n\n<div style=\"height:20px\" aria-hidden=\"true\" class=\"wp-block-spacer\"><\/div>\n\n\n\n<p>Enfin, avoir une vision \u00ab&nbsp;projet&nbsp;\u00bb au-del\u00e0 de l\u2019expertise est essentiel pour comprendre et respecter les enjeux des projets, que ce soit en termes de co\u00fbts, de d\u00e9lais ou de qualit\u00e9. <\/p>\n\n\n\n<div style=\"height:60px\" aria-hidden=\"true\" class=\"wp-block-spacer\"><\/div>\n\n\n\n<h3 class=\"has-dusty-blue-color has-text-color wp-block-heading\">POURQUOI SYSTRA&nbsp;?<\/h3>\n\n\n\n<div style=\"height:20px\" aria-hidden=\"true\" class=\"wp-block-spacer\"><\/div>\n\n\n\n<p>Le partage des connaissances et l\u2019accompagnement par nos experts sont des points forts au sein de SYSTRA, cela me permet d\u2019apprendre en permanence. &nbsp;Et la vari\u00e9t\u00e9 des missions propos\u00e9es par SYSTRA permet d\u2019avoir une vision globale des enjeux de la mobilit\u00e9. <\/p>\n\n\n\n<div style=\"height:100px\" aria-hidden=\"true\" class=\"wp-block-spacer\"><\/div>\n<\/div>\n<\/div>\n\n\n\n<div style=\"height:100px\" aria-hidden=\"true\" class=\"wp-block-spacer\"><\/div>\n","protected":false},"excerpt":{"rendered":"<p>Lise NELSON &nbsp;Direction Projets Urbains Lyon Quel est votre m\u00e9tier\u202f?&nbsp; Je suis ing\u00e9nieure insertion et plateforme tramway. Avec mon double dipl\u00f4me d\u2019ing\u00e9nieur fran\u00e7ais et br\u00e9silien, j\u2019ai commenc\u00e9 \u00e0 travailler chez SYSTRA Br\u00e9sil en 2014, sur le projet du tramway de Rio de Janeiro. &nbsp; Quelques mois plus tard, j\u2019ai rejoint la direction technique et le [&hellip;]<\/p>\n","protected":false},"author":29,"featured_media":3261,"parent":0,"menu_order":21,"comment_status":"closed","ping_status":"closed","template":"template-collaborateur.php","meta":{"_acf_changed":false,"_relevanssi_hide_post":"","_relevanssi_hide_content":"","_relevanssi_pin_for_all":"","_relevanssi_pin_keywords":"","_relevanssi_unpin_keywords":"","_relevanssi_related_keywords":"","_relevanssi_related_include_ids":"","_relevanssi_related_exclude_ids":"","_relevanssi_related_no_append":"","_relevanssi_related_not_related":"","_relevanssi_related_posts":"1","_relevanssi_noindex_reason":"","footnotes":""},"class_list":["post-221","page","type-page","status-publish","has-post-thumbnail","hentry"],"acf":[],"yoast_head":"<!-- This site is optimized with the Yoast SEO Premium plugin v27.4 (Yoast SEO v27.4) - https:\/\/yoast.com\/product\/yoast-seo-premium-wordpress\/ -->\n<title>Lise NELSON, ing\u00e9nieure insertion et plateforme tramway - France<\/title>\n<meta name=\"description\" content=\"Lise NELSON &nbsp;Direction Projets Urbains Lyon Quel est votre m\u00e9tier\u202f?&nbsp; Je suis ing\u00e9nieure insertion et plateforme tramway. Avec mon double dipl\u00f4me\" \/>\n<meta name=\"robots\" content=\"index, follow, max-snippet:-1, max-image-preview:large, max-video-preview:-1\" \/>\n<meta property=\"og:locale\" content=\"fr_FR\" \/>\n<meta property=\"og:type\" content=\"article\" \/>\n<meta property=\"og:title\" content=\"Lise NELSON, ing\u00e9nieure insertion et plateforme tramway\" \/>\n<meta property=\"og:description\" content=\"Lise NELSON &nbsp;Direction Projets Urbains Lyon Quel est votre m\u00e9tier\u202f?&nbsp; Je suis ing\u00e9nieure insertion et plateforme tramway. Avec mon double dipl\u00f4me\" \/>\n<meta property=\"og:url\" content=\"https:\/\/www.systra.com\/france\/lise-nelson-ingenierie-de-conception-et-travaux\/\" \/>\n<meta property=\"og:site_name\" content=\"France\" \/>\n<meta property=\"article:publisher\" content=\"https:\/\/www.facebook.com\/SYSTRA\" \/>\n<meta property=\"article:modified_time\" content=\"2021-08-24T13:22:43+00:00\" \/>\n<meta property=\"og:image\" content=\"https:\/\/www.systra.com\/france\/wp-content\/uploads\/sites\/4\/2021\/08\/illustration-interview.jpg\" \/>\n\t<meta property=\"og:image:width\" content=\"2350\" \/>\n\t<meta property=\"og:image:height\" content=\"1500\" \/>\n\t<meta property=\"og:image:type\" content=\"image\/jpeg\" \/>\n<meta name=\"twitter:card\" content=\"summary_large_image\" \/>\n<meta name=\"twitter:site\" content=\"@SYSTRA_LTD\" \/>\n<meta name=\"twitter:label1\" content=\"Dur\u00e9e de lecture estim\u00e9e\" \/>\n\t<meta name=\"twitter:data1\" content=\"2 minutes\" \/>\n<script type=\"application\/ld+json\" class=\"yoast-schema-graph\">{\"@context\":\"https:\\\/\\\/schema.org\",\"@graph\":[{\"@type\":\"WebPage\",\"@id\":\"https:\\\/\\\/www.systra.com\\\/france\\\/lise-nelson-ingenierie-de-conception-et-travaux\\\/\",\"url\":\"https:\\\/\\\/www.systra.com\\\/france\\\/lise-nelson-ingenierie-de-conception-et-travaux\\\/\",\"name\":\"Lise NELSON, ing\u00e9nieure insertion et plateforme tramway - France\",\"isPartOf\":{\"@id\":\"https:\\\/\\\/www.systra.com\\\/france\\\/#website\"},\"primaryImageOfPage\":{\"@id\":\"https:\\\/\\\/www.systra.com\\\/france\\\/lise-nelson-ingenierie-de-conception-et-travaux\\\/#primaryimage\"},\"image\":{\"@id\":\"https:\\\/\\\/www.systra.com\\\/france\\\/lise-nelson-ingenierie-de-conception-et-travaux\\\/#primaryimage\"},\"thumbnailUrl\":\"https:\\\/\\\/www.systra.com\\\/france\\\/wp-content\\\/uploads\\\/sites\\\/4\\\/2021\\\/08\\\/illustration-interview.jpg\",\"datePublished\":\"2021-03-19T09:22:01+00:00\",\"dateModified\":\"2021-08-24T13:22:43+00:00\",\"description\":\"Lise NELSON &nbsp;Direction Projets Urbains Lyon Quel est votre m\u00e9tier\u202f?&nbsp; Je suis ing\u00e9nieure insertion et plateforme tramway. Avec mon double dipl\u00f4me\",\"breadcrumb\":{\"@id\":\"https:\\\/\\\/www.systra.com\\\/france\\\/lise-nelson-ingenierie-de-conception-et-travaux\\\/#breadcrumb\"},\"inLanguage\":\"fr-FR\",\"potentialAction\":[{\"@type\":\"ReadAction\",\"target\":[\"https:\\\/\\\/www.systra.com\\\/france\\\/lise-nelson-ingenierie-de-conception-et-travaux\\\/\"]}]},{\"@type\":\"ImageObject\",\"inLanguage\":\"fr-FR\",\"@id\":\"https:\\\/\\\/www.systra.com\\\/france\\\/lise-nelson-ingenierie-de-conception-et-travaux\\\/#primaryimage\",\"url\":\"https:\\\/\\\/www.systra.com\\\/france\\\/wp-content\\\/uploads\\\/sites\\\/4\\\/2021\\\/08\\\/illustration-interview.jpg\",\"contentUrl\":\"https:\\\/\\\/www.systra.com\\\/france\\\/wp-content\\\/uploads\\\/sites\\\/4\\\/2021\\\/08\\\/illustration-interview.jpg\",\"width\":2350,\"height\":1500},{\"@type\":\"BreadcrumbList\",\"@id\":\"https:\\\/\\\/www.systra.com\\\/france\\\/lise-nelson-ingenierie-de-conception-et-travaux\\\/#breadcrumb\",\"itemListElement\":[{\"@type\":\"ListItem\",\"position\":1,\"name\":\"Accueil\",\"item\":\"https:\\\/\\\/www.systra.com\\\/france\\\/\"},{\"@type\":\"ListItem\",\"position\":2,\"name\":\"Lise NELSON, ing\u00e9nieure insertion et plateforme tramway\"}]},{\"@type\":\"WebSite\",\"@id\":\"https:\\\/\\\/www.systra.com\\\/france\\\/#website\",\"url\":\"https:\\\/\\\/www.systra.com\\\/france\\\/\",\"name\":\"France\",\"description\":\"La confiance transporte le monde\",\"publisher\":{\"@id\":\"https:\\\/\\\/www.systra.com\\\/france\\\/#organization\"},\"potentialAction\":[{\"@type\":\"SearchAction\",\"target\":{\"@type\":\"EntryPoint\",\"urlTemplate\":\"https:\\\/\\\/www.systra.com\\\/france\\\/?s={search_term_string}\"},\"query-input\":{\"@type\":\"PropertyValueSpecification\",\"valueRequired\":true,\"valueName\":\"search_term_string\"}}],\"inLanguage\":\"fr-FR\"},{\"@type\":\"Organization\",\"@id\":\"https:\\\/\\\/www.systra.com\\\/france\\\/#organization\",\"name\":\"Systra France\",\"url\":\"https:\\\/\\\/www.systra.com\\\/france\\\/\",\"logo\":{\"@type\":\"ImageObject\",\"inLanguage\":\"fr-FR\",\"@id\":\"https:\\\/\\\/www.systra.com\\\/france\\\/#\\\/schema\\\/logo\\\/image\\\/\",\"url\":\"https:\\\/\\\/www.systra.com\\\/france\\\/wp-content\\\/uploads\\\/sites\\\/4\\\/2021\\\/03\\\/systra_logo_svg.svg\",\"contentUrl\":\"https:\\\/\\\/www.systra.com\\\/france\\\/wp-content\\\/uploads\\\/sites\\\/4\\\/2021\\\/03\\\/systra_logo_svg.svg\",\"width\":179,\"height\":34,\"caption\":\"Systra France\"},\"image\":{\"@id\":\"https:\\\/\\\/www.systra.com\\\/france\\\/#\\\/schema\\\/logo\\\/image\\\/\"},\"sameAs\":[\"https:\\\/\\\/www.facebook.com\\\/SYSTRA\",\"https:\\\/\\\/x.com\\\/SYSTRA_LTD\",\"https:\\\/\\\/www.linkedin.com\\\/company\\\/systra\\\/\"]}]}<\/script>\n<!-- \/ Yoast SEO Premium plugin. -->","yoast_head_json":{"title":"Lise NELSON, ing\u00e9nieure insertion et plateforme tramway - France","description":"Lise NELSON &nbsp;Direction Projets Urbains Lyon Quel est votre m\u00e9tier\u202f?&nbsp; Je suis ing\u00e9nieure insertion et plateforme tramway. Avec mon double dipl\u00f4me","robots":{"index":"index","follow":"follow","max-snippet":"max-snippet:-1","max-image-preview":"max-image-preview:large","max-video-preview":"max-video-preview:-1"},"og_locale":"fr_FR","og_type":"article","og_title":"Lise NELSON, ing\u00e9nieure insertion et plateforme tramway","og_description":"Lise NELSON &nbsp;Direction Projets Urbains Lyon Quel est votre m\u00e9tier\u202f?&nbsp; Je suis ing\u00e9nieure insertion et plateforme tramway. Avec mon double dipl\u00f4me","og_url":"https:\/\/www.systra.com\/france\/lise-nelson-ingenierie-de-conception-et-travaux\/","og_site_name":"France","article_publisher":"https:\/\/www.facebook.com\/SYSTRA","article_modified_time":"2021-08-24T13:22:43+00:00","og_image":[{"width":2350,"height":1500,"url":"https:\/\/www.systra.com\/france\/wp-content\/uploads\/sites\/4\/2021\/08\/illustration-interview.jpg","type":"image\/jpeg"}],"twitter_card":"summary_large_image","twitter_site":"@SYSTRA_LTD","twitter_misc":{"Dur\u00e9e de lecture estim\u00e9e":"2 minutes"},"schema":{"@context":"https:\/\/schema.org","@graph":[{"@type":"WebPage","@id":"https:\/\/www.systra.com\/france\/lise-nelson-ingenierie-de-conception-et-travaux\/","url":"https:\/\/www.systra.com\/france\/lise-nelson-ingenierie-de-conception-et-travaux\/","name":"Lise NELSON, ing\u00e9nieure insertion et plateforme tramway - France","isPartOf":{"@id":"https:\/\/www.systra.com\/france\/#website"},"primaryImageOfPage":{"@id":"https:\/\/www.systra.com\/france\/lise-nelson-ingenierie-de-conception-et-travaux\/#primaryimage"},"image":{"@id":"https:\/\/www.systra.com\/france\/lise-nelson-ingenierie-de-conception-et-travaux\/#primaryimage"},"thumbnailUrl":"https:\/\/www.systra.com\/france\/wp-content\/uploads\/sites\/4\/2021\/08\/illustration-interview.jpg","datePublished":"2021-03-19T09:22:01+00:00","dateModified":"2021-08-24T13:22:43+00:00","description":"Lise NELSON &nbsp;Direction Projets Urbains Lyon Quel est votre m\u00e9tier\u202f?&nbsp; Je suis ing\u00e9nieure insertion et plateforme tramway. Avec mon double dipl\u00f4me","breadcrumb":{"@id":"https:\/\/www.systra.com\/france\/lise-nelson-ingenierie-de-conception-et-travaux\/#breadcrumb"},"inLanguage":"fr-FR","potentialAction":[{"@type":"ReadAction","target":["https:\/\/www.systra.com\/france\/lise-nelson-ingenierie-de-conception-et-travaux\/"]}]},{"@type":"ImageObject","inLanguage":"fr-FR","@id":"https:\/\/www.systra.com\/france\/lise-nelson-ingenierie-de-conception-et-travaux\/#primaryimage","url":"https:\/\/www.systra.com\/france\/wp-content\/uploads\/sites\/4\/2021\/08\/illustration-interview.jpg","contentUrl":"https:\/\/www.systra.com\/france\/wp-content\/uploads\/sites\/4\/2021\/08\/illustration-interview.jpg","width":2350,"height":1500},{"@type":"BreadcrumbList","@id":"https:\/\/www.systra.com\/france\/lise-nelson-ingenierie-de-conception-et-travaux\/#breadcrumb","itemListElement":[{"@type":"ListItem","position":1,"name":"Accueil","item":"https:\/\/www.systra.com\/france\/"},{"@type":"ListItem","position":2,"name":"Lise NELSON, ing\u00e9nieure insertion et plateforme tramway"}]},{"@type":"WebSite","@id":"https:\/\/www.systra.com\/france\/#website","url":"https:\/\/www.systra.com\/france\/","name":"France","description":"La confiance transporte le monde","publisher":{"@id":"https:\/\/www.systra.com\/france\/#organization"},"potentialAction":[{"@type":"SearchAction","target":{"@type":"EntryPoint","urlTemplate":"https:\/\/www.systra.com\/france\/?s={search_term_string}"},"query-input":{"@type":"PropertyValueSpecification","valueRequired":true,"valueName":"search_term_string"}}],"inLanguage":"fr-FR"},{"@type":"Organization","@id":"https:\/\/www.systra.com\/france\/#organization","name":"Systra France","url":"https:\/\/www.systra.com\/france\/","logo":{"@type":"ImageObject","inLanguage":"fr-FR","@id":"https:\/\/www.systra.com\/france\/#\/schema\/logo\/image\/","url":"https:\/\/www.systra.com\/france\/wp-content\/uploads\/sites\/4\/2021\/03\/systra_logo_svg.svg","contentUrl":"https:\/\/www.systra.com\/france\/wp-content\/uploads\/sites\/4\/2021\/03\/systra_logo_svg.svg","width":179,"height":34,"caption":"Systra France"},"image":{"@id":"https:\/\/www.systra.com\/france\/#\/schema\/logo\/image\/"},"sameAs":["https:\/\/www.facebook.com\/SYSTRA","https:\/\/x.com\/SYSTRA_LTD","https:\/\/www.linkedin.com\/company\/systra\/"]}]}},"lang":"fr","translations":{"fr":221},"pll_sync_post":[],"_links":{"self":[{"href":"https:\/\/www.systra.com\/france\/wp-json\/wp\/v2\/pages\/221","targetHints":{"allow":["GET"]}}],"collection":[{"href":"https:\/\/www.systra.com\/france\/wp-json\/wp\/v2\/pages"}],"about":[{"href":"https:\/\/www.systra.com\/france\/wp-json\/wp\/v2\/types\/page"}],"author":[{"embeddable":true,"href":"https:\/\/www.systra.com\/france\/wp-json\/wp\/v2\/users\/29"}],"replies":[{"embeddable":true,"href":"https:\/\/www.systra.com\/france\/wp-json\/wp\/v2\/comments?post=221"}],"version-history":[{"count":5,"href":"https:\/\/www.systra.com\/france\/wp-json\/wp\/v2\/pages\/221\/revisions"}],"predecessor-version":[{"id":3351,"href":"https:\/\/www.systra.com\/france\/wp-json\/wp\/v2\/pages\/221\/revisions\/3351"}],"wp:featuredmedia":[{"embeddable":true,"href":"https:\/\/www.systra.com\/france\/wp-json\/wp\/v2\/media\/3261"}],"wp:attachment":[{"href":"https:\/\/www.systra.com\/france\/wp-json\/wp\/v2\/media?parent=221"}],"curies":[{"name":"wp","href":"https:\/\/api.w.org\/{rel}","templated":true}]}}