{"id":1345,"date":"2021-06-16T10:16:01","date_gmt":"2021-06-16T08:16:01","guid":{"rendered":"https:\/\/www.systra.com\/france\/?page_id=1345"},"modified":"2025-11-05T14:28:14","modified_gmt":"2025-11-05T13:28:14","slug":"et-si-votre-carriere-debutait-chez-systra","status":"publish","type":"page","link":"https:\/\/www.systra.com\/france\/et-si-votre-carriere-debutait-chez-systra\/","title":{"rendered":"Stage et alternance"},"content":{"rendered":"\n<h2 class=\"wp-block-heading has-noir-color has-text-color\" id=\"h-et-si-votre-carriere-debutait-chez-systra\">ET SI VOTRE CARRI\u00c8RE D\u00c9BUTAIT CHEZ SYSTRA ?<\/h2>\n\n\n\n<div style=\"height:60px\" aria-hidden=\"true\" class=\"wp-block-spacer\"><\/div>\n\n\n\n<div class=\"wp-block-group is-style-default has-blanc-background-color has-background\"><div class=\"wp-block-group__inner-container is-layout-flow wp-block-group-is-layout-flow\">\n<div style=\"height:35px\" aria-hidden=\"true\" class=\"wp-block-spacer\"><\/div>\n\n\n\n<p style=\"font-size:18px\"><strong>SYSTRA propose un CDI \u00e0 la moiti\u00e9 de ses stagiaires et alternants<\/strong><\/p>\n\n\n\n<div style=\"height:20px\" aria-hidden=\"true\" class=\"wp-block-spacer\"><\/div>\n\n\n\n<p><strong>Chaque ann\u00e9e, plus de&nbsp;50&nbsp;stagiaires et alternants&nbsp;signent leur&nbsp;premier CDI chez SYSTRA&nbsp;!<\/strong>&nbsp;<\/p>\n\n\n\n<p>Chez SYSTRA France, notre politique de relations \u00e9coles favorise l&#8217;embauche de nos stagiaires et alternants \u00e0 l&#8217;issue de leur contrat. &nbsp;Nous sommes engag\u00e9s dans la formation des \u00e9tudiants aux m\u00e9tiers de l\u2019ing\u00e9nierie, du conseil mais \u00e9galement \u00e0 ceux des fonctions supports.<\/p>\n\n\n\n<div style=\"height:20px\" aria-hidden=\"true\" class=\"wp-block-spacer\"><\/div>\n\n\n\n<p><br><br><strong>Nous avons \u00e0\u00a0c\u0153ur\u00a0de former et recruter les talents de demain aux m\u00e9tiers de l\u2019ing\u00e9nierie.<\/strong>\u00a0Pour cela, nous d\u00e9veloppons des partenariats avec des \u00e9coles de r\u00e9f\u00e9rence comme <strong>l\u2019INSA CVL, l\u2019ESTACA, ENPC\u2026<\/strong><br><br><\/p>\n\n\n\n<div style=\"height:20px\" aria-hidden=\"true\" class=\"wp-block-spacer\"><\/div>\n<\/div><\/div>\n\n\n\n<div style=\"height:100px\" aria-hidden=\"true\" class=\"wp-block-spacer\"><\/div>\n\n\n\n<h3 class=\"wp-block-heading\" id=\"h-une-demarche-gagnant-gagnant-nbsp\">Une d\u00e9marche gagnant-gagnant\u202f&nbsp;<\/h3>\n\n\n\n<div style=\"height:30px\" aria-hidden=\"true\" class=\"wp-block-spacer\"><\/div>\n\n\n\n<p><strong>Les stages et les alternances b\u00e9n\u00e9ficient autant \u00e0 l\u2019\u00e9tudiant(e)&nbsp;qu&#8217;\u00e0 l&#8217;entreprise. <\/strong>Les collaborateurs de SYSTRA poss\u00e8dent des savoir-faire uniques, et la transmission fait partie int\u00e9grante de notre fonctionnement. <\/p>\n\n\n\n<div style=\"height:20px\" aria-hidden=\"true\" class=\"wp-block-spacer\"><\/div>\n\n\n\n<p>\u00catre stagiaire ou alternant, c&#8217;est<strong> apprendre aupr\u00e8s d&#8217;experts reconnus dans plus de 130 sp\u00e9cialit\u00e9s <\/strong>et b\u00e9n\u00e9ficier de leur connaissances pour transformer la mobilit\u00e9 partout en France mais \u00e9galement dans le cadre de nos projets internationaux.<\/p>\n\n\n\n<div style=\"height:80px\" aria-hidden=\"true\" class=\"wp-block-spacer\"><\/div>\n\n\n\n<figure class=\"wp-block-embed aligncenter is-type-video is-provider-youtube wp-block-embed-youtube wp-embed-aspect-16-9 wp-has-aspect-ratio\"><div class=\"wp-block-embed__wrapper\">\n<div class=\"youtube_wrapper\" videoID=\"Nzt9D_tdte0\"><iframe title=\"SYSTRA recrute en stage et en alternance\" width=\"500\" height=\"281\" src=\"https:\/\/www.youtube-nocookie.com\/embed\/Nzt9D_tdte0?feature=oembed\" frameborder=\"0\" allow=\"accelerometer; autoplay; clipboard-write; encrypted-media; gyroscope; picture-in-picture; web-share\" referrerpolicy=\"strict-origin-when-cross-origin\" allowfullscreen><\/iframe><\/div>\n<\/div><\/figure>\n\n\n\n<div style=\"height:110px\" aria-hidden=\"true\" class=\"wp-block-spacer\"><\/div>\n\n\n\n<div class=\"wp-block-group has-light-eggplant-color has-pale-mauve-background-color has-text-color has-background\"><div class=\"wp-block-group__inner-container is-layout-flow wp-block-group-is-layout-flow\">\n<div style=\"height:60px\" aria-hidden=\"true\" class=\"wp-block-spacer\"><\/div>\n\n\n\n<div class=\"wp-block-media-text has-media-on-the-right is-stacked-on-mobile\" style=\"grid-template-columns:auto 32%\"><div class=\"wp-block-media-text__content\">\n<div style=\"height:30px\" aria-hidden=\"true\" class=\"wp-block-spacer\"><\/div>\n\n\n\n<h3 class=\"wp-block-heading has-normal-font-size\" id=\"h-nos-stagiaires-et-alternants-nous-recommandent\">nos stagiaires et alternants nous recommandent ! <\/h3>\n\n\n\n<div style=\"height:20px\" aria-hidden=\"true\" class=\"wp-block-spacer\"><\/div>\n\n\n\n<p>Dans le cadre de l\u2019enqu\u00eate&nbsp;HappyTrainees*, nos stagiaires et alternants estiment \u00eatre&nbsp;bien int\u00e9gr\u00e9s au sein des \u00e9quipes et disent vivre une exp\u00e9rience stimulante, vari\u00e9e et int\u00e9ressante.&nbsp;&nbsp;<\/p>\n\n\n\n<p>*<em>Enqu\u00eate r\u00e9alis\u00e9e de fa\u00e7on anonyme aupr\u00e8s de nos stagiaires et alternants.&nbsp;<\/em><\/p>\n\n\n\n<p><strong>Qu&#8217;attendez-vous pour nous rejoindre ?  <\/strong><\/p>\n<\/div><figure class=\"wp-block-media-text__media\"><img decoding=\"async\" width=\"500\" height=\"494\" src=\"https:\/\/www.systra.com\/france\/wp-content\/uploads\/sites\/4\/2025\/09\/image-18.png\" alt=\"\" class=\"wp-image-40772 size-full\" srcset=\"https:\/\/www.systra.com\/france\/wp-content\/uploads\/sites\/4\/2025\/09\/image-18.png 500w, https:\/\/www.systra.com\/france\/wp-content\/uploads\/sites\/4\/2025\/09\/image-18-300x296.png 300w, https:\/\/www.systra.com\/france\/wp-content\/uploads\/sites\/4\/2025\/09\/image-18-474x468.png 474w, https:\/\/www.systra.com\/france\/wp-content\/uploads\/sites\/4\/2025\/09\/image-18-180x178.png 180w, https:\/\/www.systra.com\/france\/wp-content\/uploads\/sites\/4\/2025\/09\/image-18-153x151.png 153w, https:\/\/www.systra.com\/france\/wp-content\/uploads\/sites\/4\/2025\/09\/image-18-230x227.png 230w\" sizes=\"(max-width: 500px) 100vw, 500px\" \/><\/figure><\/div>\n\n\n\n<div style=\"height:60px\" aria-hidden=\"true\" class=\"wp-block-spacer\"><\/div>\n<\/div><\/div>\n\n\n\n<div style=\"height:100px\" aria-hidden=\"true\" class=\"wp-block-spacer\"><\/div>\n\n\n\n<div class=\"wp-block-columns is-layout-flex wp-container-core-columns-is-layout-9d6595d7 wp-block-columns-is-layout-flex\">\n<div class=\"wp-block-column is-layout-flow wp-block-column-is-layout-flow\"><\/div>\n\n\n\n<div class=\"wp-block-column is-layout-flow wp-block-column-is-layout-flow\" style=\"flex-basis:58%\">\n<div class=\"wp-block-buttons is-layout-flex wp-block-buttons-is-layout-flex\">\n<div class=\"wp-block-button\"><a class=\"wp-block-button__link has-lipstick-color has-pale-mauve-background-color has-text-color has-background wp-element-button\" href=\"https:\/\/www.systra.com\/france\/toutes-les-offres-demploi\/?country=france_fr&amp;pa=1\">Rejoignez-nous<\/a><\/div>\n<\/div>\n\n\n\n<p><\/p>\n<\/div>\n<\/div>\n\n\n\n<p><\/p>\n","protected":false},"excerpt":{"rendered":"<p>ET SI VOTRE CARRI\u00c8RE D\u00c9BUTAIT CHEZ SYSTRA ? SYSTRA propose un CDI \u00e0 la moiti\u00e9 de ses stagiaires et alternants Chaque ann\u00e9e, plus de&nbsp;50&nbsp;stagiaires et alternants&nbsp;signent leur&nbsp;premier CDI chez SYSTRA&nbsp;!&nbsp; Chez SYSTRA France, notre politique de relations \u00e9coles favorise l&#8217;embauche de nos stagiaires et alternants \u00e0 l&#8217;issue de leur contrat. &nbsp;Nous sommes engag\u00e9s dans la [&hellip;]<\/p>\n","protected":false},"author":25,"featured_media":1732,"parent":0,"menu_order":13,"comment_status":"closed","ping_status":"closed","template":"","meta":{"_acf_changed":false,"_relevanssi_hide_post":"","_relevanssi_hide_content":"","_relevanssi_pin_for_all":"","_relevanssi_pin_keywords":"","_relevanssi_unpin_keywords":"","_relevanssi_related_keywords":"","_relevanssi_related_include_ids":"","_relevanssi_related_exclude_ids":"","_relevanssi_related_no_append":"","_relevanssi_related_not_related":"","_relevanssi_related_posts":"1","_relevanssi_noindex_reason":"","footnotes":""},"class_list":["post-1345","page","type-page","status-publish","has-post-thumbnail","hentry"],"acf":[],"yoast_head":"<!-- This site is optimized with the Yoast SEO Premium plugin v27.4 (Yoast SEO v27.4) - https:\/\/yoast.com\/product\/yoast-seo-premium-wordpress\/ -->\n<title>Stage et alternance - France<\/title>\n<meta name=\"description\" content=\"ET SI VOTRE CARRI\u00c8RE D\u00c9BUTAIT CHEZ SYSTRA ? SYSTRA propose un CDI \u00e0 la moiti\u00e9 de ses stagiaires et alternants Chaque ann\u00e9e, plus\" \/>\n<meta name=\"robots\" content=\"index, follow, max-snippet:-1, max-image-preview:large, max-video-preview:-1\" \/>\n<meta property=\"og:locale\" content=\"fr_FR\" \/>\n<meta property=\"og:type\" content=\"article\" \/>\n<meta property=\"og:title\" content=\"Stage et alternance\" \/>\n<meta property=\"og:description\" content=\"ET SI VOTRE CARRI\u00c8RE D\u00c9BUTAIT CHEZ SYSTRA ? SYSTRA propose un CDI \u00e0 la moiti\u00e9 de ses stagiaires et alternants Chaque ann\u00e9e, plus\" \/>\n<meta property=\"og:url\" content=\"https:\/\/www.systra.com\/france\/et-si-votre-carriere-debutait-chez-systra\/\" \/>\n<meta property=\"og:site_name\" content=\"France\" \/>\n<meta property=\"article:publisher\" content=\"https:\/\/www.facebook.com\/SYSTRA\" \/>\n<meta property=\"article:modified_time\" content=\"2025-11-05T13:28:14+00:00\" \/>\n<meta property=\"og:image\" content=\"https:\/\/www.systra.com\/france\/wp-content\/uploads\/sites\/4\/2021\/07\/page-temoignage-scaled.jpg\" \/>\n\t<meta property=\"og:image:width\" content=\"2560\" \/>\n\t<meta property=\"og:image:height\" content=\"1707\" \/>\n\t<meta property=\"og:image:type\" content=\"image\/jpeg\" \/>\n<meta name=\"twitter:card\" content=\"summary_large_image\" \/>\n<meta name=\"twitter:site\" content=\"@SYSTRA_LTD\" \/>\n<meta name=\"twitter:label1\" content=\"Dur\u00e9e de lecture estim\u00e9e\" \/>\n\t<meta name=\"twitter:data1\" content=\"2 minutes\" \/>\n<script type=\"application\/ld+json\" class=\"yoast-schema-graph\">{\"@context\":\"https:\\\/\\\/schema.org\",\"@graph\":[{\"@type\":\"WebPage\",\"@id\":\"https:\\\/\\\/www.systra.com\\\/france\\\/et-si-votre-carriere-debutait-chez-systra\\\/\",\"url\":\"https:\\\/\\\/www.systra.com\\\/france\\\/et-si-votre-carriere-debutait-chez-systra\\\/\",\"name\":\"Stage et alternance - France\",\"isPartOf\":{\"@id\":\"https:\\\/\\\/www.systra.com\\\/france\\\/#website\"},\"primaryImageOfPage\":{\"@id\":\"https:\\\/\\\/www.systra.com\\\/france\\\/et-si-votre-carriere-debutait-chez-systra\\\/#primaryimage\"},\"image\":{\"@id\":\"https:\\\/\\\/www.systra.com\\\/france\\\/et-si-votre-carriere-debutait-chez-systra\\\/#primaryimage\"},\"thumbnailUrl\":\"https:\\\/\\\/www.systra.com\\\/france\\\/wp-content\\\/uploads\\\/sites\\\/4\\\/2021\\\/07\\\/page-temoignage-scaled.jpg\",\"datePublished\":\"2021-06-16T08:16:01+00:00\",\"dateModified\":\"2025-11-05T13:28:14+00:00\",\"description\":\"ET SI VOTRE CARRI\u00c8RE D\u00c9BUTAIT CHEZ SYSTRA ? SYSTRA propose un CDI \u00e0 la moiti\u00e9 de ses stagiaires et alternants Chaque ann\u00e9e, plus\",\"breadcrumb\":{\"@id\":\"https:\\\/\\\/www.systra.com\\\/france\\\/et-si-votre-carriere-debutait-chez-systra\\\/#breadcrumb\"},\"inLanguage\":\"fr-FR\",\"potentialAction\":[{\"@type\":\"ReadAction\",\"target\":[\"https:\\\/\\\/www.systra.com\\\/france\\\/et-si-votre-carriere-debutait-chez-systra\\\/\"]}]},{\"@type\":\"ImageObject\",\"inLanguage\":\"fr-FR\",\"@id\":\"https:\\\/\\\/www.systra.com\\\/france\\\/et-si-votre-carriere-debutait-chez-systra\\\/#primaryimage\",\"url\":\"https:\\\/\\\/www.systra.com\\\/france\\\/wp-content\\\/uploads\\\/sites\\\/4\\\/2021\\\/07\\\/page-temoignage-scaled.jpg\",\"contentUrl\":\"https:\\\/\\\/www.systra.com\\\/france\\\/wp-content\\\/uploads\\\/sites\\\/4\\\/2021\\\/07\\\/page-temoignage-scaled.jpg\",\"width\":2560,\"height\":1707},{\"@type\":\"BreadcrumbList\",\"@id\":\"https:\\\/\\\/www.systra.com\\\/france\\\/et-si-votre-carriere-debutait-chez-systra\\\/#breadcrumb\",\"itemListElement\":[{\"@type\":\"ListItem\",\"position\":1,\"name\":\"Accueil\",\"item\":\"https:\\\/\\\/www.systra.com\\\/france\\\/\"},{\"@type\":\"ListItem\",\"position\":2,\"name\":\"Stage et alternance\"}]},{\"@type\":\"WebSite\",\"@id\":\"https:\\\/\\\/www.systra.com\\\/france\\\/#website\",\"url\":\"https:\\\/\\\/www.systra.com\\\/france\\\/\",\"name\":\"France\",\"description\":\"La confiance transporte le monde\",\"publisher\":{\"@id\":\"https:\\\/\\\/www.systra.com\\\/france\\\/#organization\"},\"potentialAction\":[{\"@type\":\"SearchAction\",\"target\":{\"@type\":\"EntryPoint\",\"urlTemplate\":\"https:\\\/\\\/www.systra.com\\\/france\\\/?s={search_term_string}\"},\"query-input\":{\"@type\":\"PropertyValueSpecification\",\"valueRequired\":true,\"valueName\":\"search_term_string\"}}],\"inLanguage\":\"fr-FR\"},{\"@type\":\"Organization\",\"@id\":\"https:\\\/\\\/www.systra.com\\\/france\\\/#organization\",\"name\":\"Systra France\",\"url\":\"https:\\\/\\\/www.systra.com\\\/france\\\/\",\"logo\":{\"@type\":\"ImageObject\",\"inLanguage\":\"fr-FR\",\"@id\":\"https:\\\/\\\/www.systra.com\\\/france\\\/#\\\/schema\\\/logo\\\/image\\\/\",\"url\":\"https:\\\/\\\/www.systra.com\\\/france\\\/wp-content\\\/uploads\\\/sites\\\/4\\\/2021\\\/03\\\/systra_logo_svg.svg\",\"contentUrl\":\"https:\\\/\\\/www.systra.com\\\/france\\\/wp-content\\\/uploads\\\/sites\\\/4\\\/2021\\\/03\\\/systra_logo_svg.svg\",\"width\":179,\"height\":34,\"caption\":\"Systra France\"},\"image\":{\"@id\":\"https:\\\/\\\/www.systra.com\\\/france\\\/#\\\/schema\\\/logo\\\/image\\\/\"},\"sameAs\":[\"https:\\\/\\\/www.facebook.com\\\/SYSTRA\",\"https:\\\/\\\/x.com\\\/SYSTRA_LTD\",\"https:\\\/\\\/www.linkedin.com\\\/company\\\/systra\\\/\"]}]}<\/script>\n<!-- \/ Yoast SEO Premium plugin. -->","yoast_head_json":{"title":"Stage et alternance - France","description":"ET SI VOTRE CARRI\u00c8RE D\u00c9BUTAIT CHEZ SYSTRA ? SYSTRA propose un CDI \u00e0 la moiti\u00e9 de ses stagiaires et alternants Chaque ann\u00e9e, plus","robots":{"index":"index","follow":"follow","max-snippet":"max-snippet:-1","max-image-preview":"max-image-preview:large","max-video-preview":"max-video-preview:-1"},"og_locale":"fr_FR","og_type":"article","og_title":"Stage et alternance","og_description":"ET SI VOTRE CARRI\u00c8RE D\u00c9BUTAIT CHEZ SYSTRA ? SYSTRA propose un CDI \u00e0 la moiti\u00e9 de ses stagiaires et alternants Chaque ann\u00e9e, plus","og_url":"https:\/\/www.systra.com\/france\/et-si-votre-carriere-debutait-chez-systra\/","og_site_name":"France","article_publisher":"https:\/\/www.facebook.com\/SYSTRA","article_modified_time":"2025-11-05T13:28:14+00:00","og_image":[{"width":2560,"height":1707,"url":"https:\/\/www.systra.com\/france\/wp-content\/uploads\/sites\/4\/2021\/07\/page-temoignage-scaled.jpg","type":"image\/jpeg"}],"twitter_card":"summary_large_image","twitter_site":"@SYSTRA_LTD","twitter_misc":{"Dur\u00e9e de lecture estim\u00e9e":"2 minutes"},"schema":{"@context":"https:\/\/schema.org","@graph":[{"@type":"WebPage","@id":"https:\/\/www.systra.com\/france\/et-si-votre-carriere-debutait-chez-systra\/","url":"https:\/\/www.systra.com\/france\/et-si-votre-carriere-debutait-chez-systra\/","name":"Stage et alternance - France","isPartOf":{"@id":"https:\/\/www.systra.com\/france\/#website"},"primaryImageOfPage":{"@id":"https:\/\/www.systra.com\/france\/et-si-votre-carriere-debutait-chez-systra\/#primaryimage"},"image":{"@id":"https:\/\/www.systra.com\/france\/et-si-votre-carriere-debutait-chez-systra\/#primaryimage"},"thumbnailUrl":"https:\/\/www.systra.com\/france\/wp-content\/uploads\/sites\/4\/2021\/07\/page-temoignage-scaled.jpg","datePublished":"2021-06-16T08:16:01+00:00","dateModified":"2025-11-05T13:28:14+00:00","description":"ET SI VOTRE CARRI\u00c8RE D\u00c9BUTAIT CHEZ SYSTRA ? SYSTRA propose un CDI \u00e0 la moiti\u00e9 de ses stagiaires et alternants Chaque ann\u00e9e, plus","breadcrumb":{"@id":"https:\/\/www.systra.com\/france\/et-si-votre-carriere-debutait-chez-systra\/#breadcrumb"},"inLanguage":"fr-FR","potentialAction":[{"@type":"ReadAction","target":["https:\/\/www.systra.com\/france\/et-si-votre-carriere-debutait-chez-systra\/"]}]},{"@type":"ImageObject","inLanguage":"fr-FR","@id":"https:\/\/www.systra.com\/france\/et-si-votre-carriere-debutait-chez-systra\/#primaryimage","url":"https:\/\/www.systra.com\/france\/wp-content\/uploads\/sites\/4\/2021\/07\/page-temoignage-scaled.jpg","contentUrl":"https:\/\/www.systra.com\/france\/wp-content\/uploads\/sites\/4\/2021\/07\/page-temoignage-scaled.jpg","width":2560,"height":1707},{"@type":"BreadcrumbList","@id":"https:\/\/www.systra.com\/france\/et-si-votre-carriere-debutait-chez-systra\/#breadcrumb","itemListElement":[{"@type":"ListItem","position":1,"name":"Accueil","item":"https:\/\/www.systra.com\/france\/"},{"@type":"ListItem","position":2,"name":"Stage et alternance"}]},{"@type":"WebSite","@id":"https:\/\/www.systra.com\/france\/#website","url":"https:\/\/www.systra.com\/france\/","name":"France","description":"La confiance transporte le monde","publisher":{"@id":"https:\/\/www.systra.com\/france\/#organization"},"potentialAction":[{"@type":"SearchAction","target":{"@type":"EntryPoint","urlTemplate":"https:\/\/www.systra.com\/france\/?s={search_term_string}"},"query-input":{"@type":"PropertyValueSpecification","valueRequired":true,"valueName":"search_term_string"}}],"inLanguage":"fr-FR"},{"@type":"Organization","@id":"https:\/\/www.systra.com\/france\/#organization","name":"Systra France","url":"https:\/\/www.systra.com\/france\/","logo":{"@type":"ImageObject","inLanguage":"fr-FR","@id":"https:\/\/www.systra.com\/france\/#\/schema\/logo\/image\/","url":"https:\/\/www.systra.com\/france\/wp-content\/uploads\/sites\/4\/2021\/03\/systra_logo_svg.svg","contentUrl":"https:\/\/www.systra.com\/france\/wp-content\/uploads\/sites\/4\/2021\/03\/systra_logo_svg.svg","width":179,"height":34,"caption":"Systra France"},"image":{"@id":"https:\/\/www.systra.com\/france\/#\/schema\/logo\/image\/"},"sameAs":["https:\/\/www.facebook.com\/SYSTRA","https:\/\/x.com\/SYSTRA_LTD","https:\/\/www.linkedin.com\/company\/systra\/"]}]}},"lang":"fr","translations":{"fr":1345},"pll_sync_post":[],"_links":{"self":[{"href":"https:\/\/www.systra.com\/france\/wp-json\/wp\/v2\/pages\/1345","targetHints":{"allow":["GET"]}}],"collection":[{"href":"https:\/\/www.systra.com\/france\/wp-json\/wp\/v2\/pages"}],"about":[{"href":"https:\/\/www.systra.com\/france\/wp-json\/wp\/v2\/types\/page"}],"author":[{"embeddable":true,"href":"https:\/\/www.systra.com\/france\/wp-json\/wp\/v2\/users\/25"}],"replies":[{"embeddable":true,"href":"https:\/\/www.systra.com\/france\/wp-json\/wp\/v2\/comments?post=1345"}],"version-history":[{"count":3,"href":"https:\/\/www.systra.com\/france\/wp-json\/wp\/v2\/pages\/1345\/revisions"}],"predecessor-version":[{"id":49043,"href":"https:\/\/www.systra.com\/france\/wp-json\/wp\/v2\/pages\/1345\/revisions\/49043"}],"wp:featuredmedia":[{"embeddable":true,"href":"https:\/\/www.systra.com\/france\/wp-json\/wp\/v2\/media\/1732"}],"wp:attachment":[{"href":"https:\/\/www.systra.com\/france\/wp-json\/wp\/v2\/media?parent=1345"}],"curies":[{"name":"wp","href":"https:\/\/api.w.org\/{rel}","templated":true}]}}