{"id":394,"date":"2023-10-30T13:23:42","date_gmt":"2023-10-30T12:23:42","guid":{"rendered":"https:\/\/www.systra.com\/denmark\/?page_id=394"},"modified":"2024-02-19T12:01:57","modified_gmt":"2024-02-19T11:01:57","slug":"vores-projekter","status":"publish","type":"page","link":"https:\/\/www.systra.com\/denmark\/vores-projekter\/","title":{"rendered":"Projekter"},"content":{"rendered":"","protected":false},"excerpt":{"rendered":"","protected":false},"author":2,"featured_media":801,"parent":0,"menu_order":0,"comment_status":"closed","ping_status":"closed","template":"archive-projects.php","meta":{"_acf_changed":false,"_relevanssi_hide_post":"","_relevanssi_hide_content":"","_relevanssi_pin_for_all":"","_relevanssi_pin_keywords":"","_relevanssi_unpin_keywords":"","_relevanssi_related_keywords":"","_relevanssi_related_include_ids":"","_relevanssi_related_exclude_ids":"","_relevanssi_related_no_append":"","_relevanssi_related_not_related":"","_relevanssi_related_posts":"97","_relevanssi_noindex_reason":"","footnotes":""},"class_list":["post-394","page","type-page","status-publish","has-post-thumbnail","hentry"],"acf":[],"yoast_head":"<!-- This site is optimized with the Yoast SEO Premium plugin v27.4 (Yoast SEO v27.4) - https:\/\/yoast.com\/product\/yoast-seo-premium-wordpress\/ -->\n<title>Projekter - SYSTRA Danmark<\/title>\n<meta name=\"description\" content=\"Projekter - SYSTRA er en af verdens f\u00f8rende ingeni\u00f8r- og r\u00e5dgivningskoncerner med speciale i offentlig transport og mobilitetsl\u00f8sninger.\" \/>\n<meta name=\"robots\" content=\"index, follow, max-snippet:-1, max-image-preview:large, max-video-preview:-1\" \/>\n<meta property=\"og:locale\" content=\"en_US\" \/>\n<meta property=\"og:type\" content=\"article\" \/>\n<meta property=\"og:title\" content=\"Projekter\" \/>\n<meta property=\"og:description\" content=\"Projekter - SYSTRA er en af verdens f\u00f8rende ingeni\u00f8r- og r\u00e5dgivningskoncerner med speciale i offentlig transport og mobilitetsl\u00f8sninger.\" \/>\n<meta property=\"og:url\" content=\"https:\/\/www.systra.com\/denmark\/vores-projekter\/\" \/>\n<meta property=\"og:site_name\" content=\"Denmark\" \/>\n<meta property=\"article:modified_time\" content=\"2024-02-19T11:01:57+00:00\" \/>\n<meta property=\"og:image\" content=\"https:\/\/www.systra.com\/denmark\/wp-content\/uploads\/sites\/26\/2023\/12\/kh-rg_drone_view-spor-og-motorvej-5_th-scaled.jpg\" \/>\n\t<meta property=\"og:image:width\" content=\"2560\" \/>\n\t<meta property=\"og:image:height\" content=\"1705\" \/>\n\t<meta property=\"og:image:type\" content=\"image\/jpeg\" \/>\n<meta name=\"twitter:card\" content=\"summary_large_image\" \/>\n<script type=\"application\/ld+json\" class=\"yoast-schema-graph\">{\"@context\":\"https:\\\/\\\/schema.org\",\"@graph\":[{\"@type\":\"WebPage\",\"@id\":\"https:\\\/\\\/www.systra.com\\\/denmark\\\/vores-projekter\\\/\",\"url\":\"https:\\\/\\\/www.systra.com\\\/denmark\\\/vores-projekter\\\/\",\"name\":\"Projekter - SYSTRA Danmark\",\"isPartOf\":{\"@id\":\"https:\\\/\\\/www.systra.com\\\/denmark\\\/#website\"},\"primaryImageOfPage\":{\"@id\":\"https:\\\/\\\/www.systra.com\\\/denmark\\\/vores-projekter\\\/#primaryimage\"},\"image\":{\"@id\":\"https:\\\/\\\/www.systra.com\\\/denmark\\\/vores-projekter\\\/#primaryimage\"},\"thumbnailUrl\":\"https:\\\/\\\/www.systra.com\\\/denmark\\\/wp-content\\\/uploads\\\/sites\\\/26\\\/2023\\\/12\\\/kh-rg_drone_view-spor-og-motorvej-5_th-scaled.jpg\",\"datePublished\":\"2023-10-30T12:23:42+00:00\",\"dateModified\":\"2024-02-19T11:01:57+00:00\",\"description\":\"Projekter - SYSTRA er en af verdens f\u00f8rende ingeni\u00f8r- og r\u00e5dgivningskoncerner med speciale i offentlig transport og mobilitetsl\u00f8sninger.\",\"breadcrumb\":{\"@id\":\"https:\\\/\\\/www.systra.com\\\/denmark\\\/vores-projekter\\\/#breadcrumb\"},\"inLanguage\":\"en-US\",\"potentialAction\":[{\"@type\":\"ReadAction\",\"target\":[\"https:\\\/\\\/www.systra.com\\\/denmark\\\/vores-projekter\\\/\"]}]},{\"@type\":\"ImageObject\",\"inLanguage\":\"en-US\",\"@id\":\"https:\\\/\\\/www.systra.com\\\/denmark\\\/vores-projekter\\\/#primaryimage\",\"url\":\"https:\\\/\\\/www.systra.com\\\/denmark\\\/wp-content\\\/uploads\\\/sites\\\/26\\\/2023\\\/12\\\/kh-rg_drone_view-spor-og-motorvej-5_th-scaled.jpg\",\"contentUrl\":\"https:\\\/\\\/www.systra.com\\\/denmark\\\/wp-content\\\/uploads\\\/sites\\\/26\\\/2023\\\/12\\\/kh-rg_drone_view-spor-og-motorvej-5_th-scaled.jpg\",\"width\":2560,\"height\":1705,\"caption\":\"Jernbane og motorvej set for oven over vestfyn\"},{\"@type\":\"BreadcrumbList\",\"@id\":\"https:\\\/\\\/www.systra.com\\\/denmark\\\/vores-projekter\\\/#breadcrumb\",\"itemListElement\":[{\"@type\":\"ListItem\",\"position\":1,\"name\":\"Home\",\"item\":\"https:\\\/\\\/www.systra.com\\\/denmark\\\/\"},{\"@type\":\"ListItem\",\"position\":2,\"name\":\"Projekter\"}]},{\"@type\":\"WebSite\",\"@id\":\"https:\\\/\\\/www.systra.com\\\/denmark\\\/#website\",\"url\":\"https:\\\/\\\/www.systra.com\\\/denmark\\\/\",\"name\":\"Denmark\",\"description\":\"Un site utilisant Les sites de Systra\",\"potentialAction\":[{\"@type\":\"SearchAction\",\"target\":{\"@type\":\"EntryPoint\",\"urlTemplate\":\"https:\\\/\\\/www.systra.com\\\/denmark\\\/?s={search_term_string}\"},\"query-input\":{\"@type\":\"PropertyValueSpecification\",\"valueRequired\":true,\"valueName\":\"search_term_string\"}}],\"inLanguage\":\"en-US\"}]}<\/script>\n<!-- \/ Yoast SEO Premium plugin. -->","yoast_head_json":{"title":"Projekter - SYSTRA Danmark","description":"Projekter - SYSTRA er en af verdens f\u00f8rende ingeni\u00f8r- og r\u00e5dgivningskoncerner med speciale i offentlig transport og mobilitetsl\u00f8sninger.","robots":{"index":"index","follow":"follow","max-snippet":"max-snippet:-1","max-image-preview":"max-image-preview:large","max-video-preview":"max-video-preview:-1"},"og_locale":"en_US","og_type":"article","og_title":"Projekter","og_description":"Projekter - SYSTRA er en af verdens f\u00f8rende ingeni\u00f8r- og r\u00e5dgivningskoncerner med speciale i offentlig transport og mobilitetsl\u00f8sninger.","og_url":"https:\/\/www.systra.com\/denmark\/vores-projekter\/","og_site_name":"Denmark","article_modified_time":"2024-02-19T11:01:57+00:00","og_image":[{"width":2560,"height":1705,"url":"https:\/\/www.systra.com\/denmark\/wp-content\/uploads\/sites\/26\/2023\/12\/kh-rg_drone_view-spor-og-motorvej-5_th-scaled.jpg","type":"image\/jpeg"}],"twitter_card":"summary_large_image","schema":{"@context":"https:\/\/schema.org","@graph":[{"@type":"WebPage","@id":"https:\/\/www.systra.com\/denmark\/vores-projekter\/","url":"https:\/\/www.systra.com\/denmark\/vores-projekter\/","name":"Projekter - SYSTRA Danmark","isPartOf":{"@id":"https:\/\/www.systra.com\/denmark\/#website"},"primaryImageOfPage":{"@id":"https:\/\/www.systra.com\/denmark\/vores-projekter\/#primaryimage"},"image":{"@id":"https:\/\/www.systra.com\/denmark\/vores-projekter\/#primaryimage"},"thumbnailUrl":"https:\/\/www.systra.com\/denmark\/wp-content\/uploads\/sites\/26\/2023\/12\/kh-rg_drone_view-spor-og-motorvej-5_th-scaled.jpg","datePublished":"2023-10-30T12:23:42+00:00","dateModified":"2024-02-19T11:01:57+00:00","description":"Projekter - SYSTRA er en af verdens f\u00f8rende ingeni\u00f8r- og r\u00e5dgivningskoncerner med speciale i offentlig transport og mobilitetsl\u00f8sninger.","breadcrumb":{"@id":"https:\/\/www.systra.com\/denmark\/vores-projekter\/#breadcrumb"},"inLanguage":"en-US","potentialAction":[{"@type":"ReadAction","target":["https:\/\/www.systra.com\/denmark\/vores-projekter\/"]}]},{"@type":"ImageObject","inLanguage":"en-US","@id":"https:\/\/www.systra.com\/denmark\/vores-projekter\/#primaryimage","url":"https:\/\/www.systra.com\/denmark\/wp-content\/uploads\/sites\/26\/2023\/12\/kh-rg_drone_view-spor-og-motorvej-5_th-scaled.jpg","contentUrl":"https:\/\/www.systra.com\/denmark\/wp-content\/uploads\/sites\/26\/2023\/12\/kh-rg_drone_view-spor-og-motorvej-5_th-scaled.jpg","width":2560,"height":1705,"caption":"Jernbane og motorvej set for oven over vestfyn"},{"@type":"BreadcrumbList","@id":"https:\/\/www.systra.com\/denmark\/vores-projekter\/#breadcrumb","itemListElement":[{"@type":"ListItem","position":1,"name":"Home","item":"https:\/\/www.systra.com\/denmark\/"},{"@type":"ListItem","position":2,"name":"Projekter"}]},{"@type":"WebSite","@id":"https:\/\/www.systra.com\/denmark\/#website","url":"https:\/\/www.systra.com\/denmark\/","name":"Denmark","description":"Un site utilisant Les sites de Systra","potentialAction":[{"@type":"SearchAction","target":{"@type":"EntryPoint","urlTemplate":"https:\/\/www.systra.com\/denmark\/?s={search_term_string}"},"query-input":{"@type":"PropertyValueSpecification","valueRequired":true,"valueName":"search_term_string"}}],"inLanguage":"en-US"}]}},"lang":"da","translations":{"da":394,"en":397},"pll_sync_post":[],"_links":{"self":[{"href":"https:\/\/www.systra.com\/denmark\/wp-json\/wp\/v2\/pages\/394","targetHints":{"allow":["GET"]}}],"collection":[{"href":"https:\/\/www.systra.com\/denmark\/wp-json\/wp\/v2\/pages"}],"about":[{"href":"https:\/\/www.systra.com\/denmark\/wp-json\/wp\/v2\/types\/page"}],"author":[{"embeddable":true,"href":"https:\/\/www.systra.com\/denmark\/wp-json\/wp\/v2\/users\/2"}],"replies":[{"embeddable":true,"href":"https:\/\/www.systra.com\/denmark\/wp-json\/wp\/v2\/comments?post=394"}],"version-history":[{"count":7,"href":"https:\/\/www.systra.com\/denmark\/wp-json\/wp\/v2\/pages\/394\/revisions"}],"predecessor-version":[{"id":2494,"href":"https:\/\/www.systra.com\/denmark\/wp-json\/wp\/v2\/pages\/394\/revisions\/2494"}],"wp:featuredmedia":[{"embeddable":true,"href":"https:\/\/www.systra.com\/denmark\/wp-json\/wp\/v2\/media\/801"}],"wp:attachment":[{"href":"https:\/\/www.systra.com\/denmark\/wp-json\/wp\/v2\/media?parent=394"}],"curies":[{"name":"wp","href":"https:\/\/api.w.org\/{rel}","templated":true}]}}