{"id":360,"date":"2023-10-30T11:46:36","date_gmt":"2023-10-30T10:46:36","guid":{"rendered":"https:\/\/www.systra.com\/denmark\/?page_id=360"},"modified":"2025-07-02T11:17:23","modified_gmt":"2025-07-02T09:17:23","slug":"systra-denmark","status":"publish","type":"page","link":"https:\/\/www.systra.com\/denmark\/en\/","title":{"rendered":"SYSTRA Denmark"},"content":{"rendered":"\n<div class=\"wrapper-home-top block-home\">\n\t<div class=\"center1130\">\n\t\t<div class=\"container-lines-intro-home\">\n\t\t\t<div class=\"wrapper-lines-1 wrapper-lines\">\n\t\t\t\t<div class=\"first-line\"><\/div>\n\t\t\t\t<div class=\"second-line with-angle\"><\/div>\n\t\t\t\t<div class=\"third-line\"><\/div>\n\t\t\t\t<div class=\"fourth-line with-angle\"><\/div>\n\t\t\t\t<div class=\"fifth-line\"><\/div>\n\t\t\t\t<div class=\"sixth-line\"><\/div>\n\t\t\t<\/div>\n\t\t\t<div class=\"wrapper-lines-2 wrapper-lines\">\n\t\t\t\t<div class=\"first-line\"><\/div>\n\t\t\t\t<div class=\"second-line with-angle\"><\/div>\n\t\t\t\t<div class=\"third-line\"><\/div>\n\t\t\t\t<div class=\"fourth-line with-angle\"><\/div>\n\t\t\t\t<div class=\"fifth-line\"><\/div>\n\t\t\t\t<div class=\"sixth-line\"><\/div>\n\t\t\t\t<div class=\"seventh-line\"><\/div>\n\t\t\t<\/div>\n\t\t<\/div>\n\t\t<div class=\"rectangle-left\"><\/div>\n\t\t<div class=\"wrapper-h1\">\n\t\t\t\t\t\t\t<h1 class=\"h1like\">A world of socially significant infrastructure projects<\/h1>\n\t\t\t\t\t<\/div>\n\n\t\t<div class=\"conteneur-bloc-intro\">\n\t\t\t<div class=\"wp-block-embed-youtube-bloc-intro systra-mt-0 wp-block-embed is-type-video is-provider-youtube wp-embed-aspect-16-9 wp-has-aspect-ratio box-bloc-intro\">\n\t\t\t\t<div class=\"wp-block-embed__wrapper wrapper-video padding-bloc-intro\">\n                    \t\t\t\t<\/div>\n\t\t\t<\/div>\n\n\t\t\t<div class=\"wrapper-vision box-bloc-intro\">\n\t\t\t\t<div class=\"content-vision\">\n\t\t\t\t\t<div class=\"vision-txt\">\n\t\t\t\t\t\t\t\t\t\t\t<\/div>\n\t\t\t\t\t\t\t\t\t<\/div>\n\t\t\t<\/div>\n\t\t<\/div>\n\t<\/div>\n<\/div>\n\n\n\n\n\n<div class=\"wrapper-home-actus block-home\">\n\t<div class=\"list-actus-home\">\n\t\t<div class=\"container-lines\">\n\t\t\t<div class=\"wrapper-lines-1 wrapper-lines\">\n\t\t\t\t<div class=\"first-line\"><\/div>\n\t\t\t\t<div class=\"second-line with-angle\"><\/div>\n\t\t\t\t<div class=\"third-line\"><\/div>\n\t\t\t\t<div class=\"fourth-line with-angle\"><\/div>\n\t\t\t\t<div class=\"fifth-line\"><\/div>\n\t\t\t<\/div>\n\t\t\t  \n\t\t\t    <\/div>\n\t\t\t    <div class=\"center940 center940-list-actus-home list-desktop\">\n\t\t\t    \t\t\t\t\t\t\t\t\t\t\t    \t\t\t<div id=\"block-contain\" class=\"is-style-grid-alternate\">\n\t\t\t\t\t\t\t\t<div class=\"cols\">\n\t\t\t\t\t\t\t\t\t\t\t\t\t\t\t\t\t\t\t\n\t\t\t\t\t\t\t\t\t\t\t\t\t\t\t\t\t\t\t\t\t<div class=\"item_col_1\">\t\n\t\t\t\t\t\t\t\t\t\t\t\t\t\t\t\t\t\t\t\t\t\t\t\t\t\t\t\t\t\t\t\t\t\t\t\t\t<a href=\"https:\/\/www.systra.com\/denmark\/en\/news\/sonu-vinder-titlen-som-aarets-unge-fri-raadgiver-2026-2\/\" class=\"block post\">\n\t\t\t\t\t\t\t\t\t\t\t\t\t\t<span class=\"block-wrapper-img\">\n\t\t\t\t\t\t\t\t\t\t\t\t\t\t\t<img decoding=\"async\" src=\"https:\/\/www.systra.com\/denmark\/wp-content\/uploads\/sites\/26\/2026\/03\/image-74-375x250.jpg\" class=\"size-375x250\" alt=\"\">\n\t\t\t\t\t\t\t\t\t\t\t\t\t\t<\/span>\n\t\t\t\t\t\t\t\t\t\t\t\t\t\t<span class=\"wrapper-actus-list-txt\">\n\t\t\t\t\t\t\t\t\t\t\t\t\t\t\t<span class=\"wrapper-actus-list-date\">13 March 2026<\/span>\n\t\t\t\t\t\t\t\t\t\t\t\t\t\t\t<span class=\"wrapper-actus-list-titre\">\n\t\t\t\t\t\t\t\t\t\t\t\t\t\t\t\t<span class=\"titre\">Sonu is awarded the title of 2026 Young FRI Consultant of the Year<\/span>\n\t\t\t\t\t\t\t\t\t\t\t\t\t\t\t\t<svg class=\"icon-sprite Icon\"><use xlink:href=\"#icon_fleche\" \/><\/svg>\n\t\t\t\t\t\t\t\t\t\t\t\t\t\t\t<\/span>\n\t\t\t\t\t\t\t\t\t\t\t\t\t\t<\/span>\n\t\t\t\t\t\t\t\t\t\t\t\t\t<\/a>\n\t\t\t\t\t\t\t\t\t\t\t\t\t\t\t\t\t\t\t\t\t\t\t<\/div>\n\t\t\t\t\t\t\t\t\t\t\t\t\t\t\t\t\t\t\t\t\t<div class=\"item_col_2\">\t\n\t\t\t\t\t\t\t\t\t\t\t\t\t\t\t\t\t\t\t\t\t\t\t\t\t<h2 class=\"home-title-newsroom\">News<\/h2>\n\t\t\t\t\t\t\t\t\t\t\t\t\t\t\t\t\t\t\t\t\t\t\t\t\t\t\t\t\t\t\t\t\t\t\t\t\t<a href=\"https:\/\/www.systra.com\/denmark\/news\/sonu-vinder-titlen-som-aarets-unge-fri-raadgiver-2026\/\" class=\"block post\">\n\t\t\t\t\t\t\t\t\t\t\t\t\t\t<span class=\"block-wrapper-img\">\n\t\t\t\t\t\t\t\t\t\t\t\t\t\t\t<img decoding=\"async\" src=\"https:\/\/www.systra.com\/denmark\/wp-content\/uploads\/sites\/26\/2026\/03\/image-74-375x250.jpg\" class=\"size-375x250\" alt=\"\">\n\t\t\t\t\t\t\t\t\t\t\t\t\t\t<\/span>\n\t\t\t\t\t\t\t\t\t\t\t\t\t\t<span class=\"wrapper-actus-list-txt\">\n\t\t\t\t\t\t\t\t\t\t\t\t\t\t\t<span class=\"wrapper-actus-list-date\">13 March 2026<\/span>\n\t\t\t\t\t\t\t\t\t\t\t\t\t\t\t<span class=\"wrapper-actus-list-titre\">\n\t\t\t\t\t\t\t\t\t\t\t\t\t\t\t\t<span class=\"titre\">Sonu vinder titlen som \u00c5rets unge FRI r\u00e5dgiver 2026<\/span>\n\t\t\t\t\t\t\t\t\t\t\t\t\t\t\t\t<svg class=\"icon-sprite Icon\"><use xlink:href=\"#icon_fleche\" \/><\/svg>\n\t\t\t\t\t\t\t\t\t\t\t\t\t\t\t<\/span>\n\t\t\t\t\t\t\t\t\t\t\t\t\t\t<\/span>\n\t\t\t\t\t\t\t\t\t\t\t\t\t<\/a>\n\t\t\t\t\t\t\t\t\t\t\t\t\t\t\t\t\t\t\t\t\t\t\t<\/div>\n\t\t\t\t\t\t\t\t\t\t\t\t\t\t\t\t\t\t\t\t\n\t\t\t\t\t\t\t\t\t\t\t\t\t\t\t\t\t\t\t\n\t\t\t\t\t\t\t\t\t\t\t\t\t\t\t\t\t\t\t\t\t<div class=\"item_col_3 item-decal-top\">\t\n\t\t\t\t\t\t\t\t\t\t\t\t\t\t\t\t\t\t\t\t\t\t\t\t\t\t\t\t\t\t\t\t\t\t\t\t\t<a href=\"https:\/\/www.systra.com\/denmark\/en\/news\/julie-will-help-strengthen-the-rail-domain-at-systra-denmark\/\" class=\"block post\">\n\t\t\t\t\t\t\t\t\t\t\t\t\t\t<span class=\"block-wrapper-img\">\n\t\t\t\t\t\t\t\t\t\t\t\t\t\t\t<img decoding=\"async\" src=\"https:\/\/www.systra.com\/denmark\/wp-content\/uploads\/sites\/26\/2024\/01\/baeredygtighed-metro-kobenhavn-by-gron-72-dpi-1-375x250.jpg\" class=\"size-375x250\" alt=\"\">\n\t\t\t\t\t\t\t\t\t\t\t\t\t\t<\/span>\n\t\t\t\t\t\t\t\t\t\t\t\t\t\t<span class=\"wrapper-actus-list-txt\">\n\t\t\t\t\t\t\t\t\t\t\t\t\t\t\t<span class=\"wrapper-actus-list-date\">10 March 2026<\/span>\n\t\t\t\t\t\t\t\t\t\t\t\t\t\t\t<span class=\"wrapper-actus-list-titre\">\n\t\t\t\t\t\t\t\t\t\t\t\t\t\t\t\t<span class=\"titre\">Julie will help strengthen the rail domain at SYSTRA Denmark<\/span>\n\t\t\t\t\t\t\t\t\t\t\t\t\t\t\t\t<svg class=\"icon-sprite Icon\"><use xlink:href=\"#icon_fleche\" \/><\/svg>\n\t\t\t\t\t\t\t\t\t\t\t\t\t\t\t<\/span>\n\t\t\t\t\t\t\t\t\t\t\t\t\t\t<\/span>\n\t\t\t\t\t\t\t\t\t\t\t\t\t<\/a>\n\t\t\t\t\t\t\t\t\t\t\t\t\t\t\t\t\t\t\t\t\t\t\t<\/div>\n\t\t\t\t\t\t\t\t\t\t\t\t\t\t\t\t\t\t\t\t\t<div class=\"item_col_4\">\t\n\t\t\t\t\t\t\t\t\t\t\t\t\t\t\t\t\t\t\t\t\t\t\t\t\t\t\t\t\t\t\t\t\t\t\t\t\t<a href=\"https:\/\/www.systra.com\/denmark\/news\/julie-skal-vaere-med-til-at-styrke-railomraadet-i-systra-danmark\/\" class=\"block post\">\n\t\t\t\t\t\t\t\t\t\t\t\t\t\t<span class=\"block-wrapper-img\">\n\t\t\t\t\t\t\t\t\t\t\t\t\t\t\t<img decoding=\"async\" src=\"https:\/\/www.systra.com\/denmark\/wp-content\/uploads\/sites\/26\/2024\/01\/baeredygtighed-metro-kobenhavn-by-gron-72-dpi-1-375x250.jpg\" class=\"size-375x250\" alt=\"\">\n\t\t\t\t\t\t\t\t\t\t\t\t\t\t<\/span>\n\t\t\t\t\t\t\t\t\t\t\t\t\t\t<span class=\"wrapper-actus-list-txt\">\n\t\t\t\t\t\t\t\t\t\t\t\t\t\t\t<span class=\"wrapper-actus-list-date\">10 March 2026<\/span>\n\t\t\t\t\t\t\t\t\t\t\t\t\t\t\t<span class=\"wrapper-actus-list-titre\">\n\t\t\t\t\t\t\t\t\t\t\t\t\t\t\t\t<span class=\"titre\">Julie skal v\u00e6re med til at styrke railomr\u00e5det i SYSTRA Danmark<\/span>\n\t\t\t\t\t\t\t\t\t\t\t\t\t\t\t\t<svg class=\"icon-sprite Icon\"><use xlink:href=\"#icon_fleche\" \/><\/svg>\n\t\t\t\t\t\t\t\t\t\t\t\t\t\t\t<\/span>\n\t\t\t\t\t\t\t\t\t\t\t\t\t\t<\/span>\n\t\t\t\t\t\t\t\t\t\t\t\t\t<\/a>\n\t\t\t\t\t\t\t\t\t\t\t\t\t\t\t\t\t\t\t\t\t\t\t<\/div>\n\t\t\t\t\t\t\t\t\t\t\t\t\t\t\t\t\t\t\t\t\n\t\t\t\t\t\t\t\t\t\t\t\t\t\t\t\t\t<\/div>\n\t\t\t    \t\t\t<\/div>\n\t\t\t    \t\t\n\t\t\t\t\t\t\t\t    <\/div>\n\t\t\t<\/div>\n\t\t\t<div class=\"wrapper-actus-links dgdgdgg\">\n\t\t\t\t\t\t\t\t<a href=\"https:\/\/www.systra.com\/denmark\/en\/newsroom\/news\/\" class=\"link-actus btn-hover\"><svg class=\"icon-sprite Icon\"><use xlink:href=\"#icon_fleche\" \/><\/svg><span>All the news<\/span><\/a>\n\n\t\t\t\t\t\t\t<\/div>\t\t\t\n\t\t<\/div>\n\n\n<div style=\"height:100px\" aria-hidden=\"true\" class=\"wp-block-spacer\"><\/div>\n\n\n\n\n<div class=\"wrapper-home-enjeux block-home alignfull\">\n\t<div>\n\t\t<div class=\"container-lines-enjeux-home\">\n\t\t\t<div class=\"wrapper-lines-1 wrapper-lines\">\n\t\t\t\t<div class=\"first-line\"><\/div>\n\t\t\t\t<div class=\"second-line with-angle\"><\/div>\n\t\t\t\t<div class=\"third-line\"><\/div>\n\t\t\t\t<div class=\"fourth-line with-angle\"><\/div>\n\t\t\t\t<div class=\"fifth-line\"><\/div>\n\t\t\t\t<div class=\"sixth-line\"><\/div>\n\t\t\t\t<div class=\"seventh-line\"><\/div>\n\t\t\t\t<div class=\"eighth-line\"><\/div>\n\t\t\t<\/div>\n\t\t<\/div>\n\t\t<div class=\"enjeux-titre\">\n\t\t\t<h2 class=\"h2like\">WANT TO KNOW MORE ABOUT US AND OUR PROJECTS?<\/h2>\n\t\t<\/div>\n\n\t\t\n\t\t\t<div class=\"wrapper-content\">\n\n\t\t\t\t\n\t\t\t\t\t<a href=\"https:\/\/www.systra.com\/denmark\/en\/who-we-are\/about-us\/\" class=\"single-enjeux\">\n\t\t\t\t\t\t<img decoding=\"async\" src=\"https:\/\/www.systra.com\/denmark\/wp-content\/uploads\/sites\/26\/2024\/01\/3-237x310.jpg\" alt=\"\">\n\t\t\t\t\t\t<span class=\"btn\">\n\t\t\t\t\t\t\t\t\t\t\t\t\t\t\t<span class=\"titre\">About SYSTRA<\/span>\n\t\t\t\t\t\t\t\t\t\t\t\t\t\t<svg class=\"icon-sprite Icon\"><use xlink:href=\"#icon_fleche\" \/><\/svg>\n\t\t\t\t\t\t<\/span>\n\t\t\t\t\t<\/a>\n\t\t\t\t\n\t\t\t\t\t<a href=\"https:\/\/www.systra.com\/denmark\/en\/job-in-systra\/\" class=\"single-enjeux\">\n\t\t\t\t\t\t<img decoding=\"async\" src=\"https:\/\/www.systra.com\/denmark\/wp-content\/uploads\/sites\/26\/2025\/06\/troelsheien_8500775-01-237x310.jpg\" alt=\"\">\n\t\t\t\t\t\t<span class=\"btn\">\n\t\t\t\t\t\t\t\t\t\t\t\t\t\t\t<span class=\"titre\">Job and Carrier<\/span>\n\t\t\t\t\t\t\t\t\t\t\t\t\t\t<svg class=\"icon-sprite Icon\"><use xlink:href=\"#icon_fleche\" \/><\/svg>\n\t\t\t\t\t\t<\/span>\n\t\t\t\t\t<\/a>\n\t\t\t\t\n\t\t\t\t\t<a href=\"https:\/\/www.systra.com\/denmark\/en\/projects\/\" class=\"single-enjeux\">\n\t\t\t\t\t\t<img decoding=\"async\" src=\"https:\/\/www.systra.com\/denmark\/wp-content\/uploads\/sites\/26\/2024\/01\/baeredygtighed-metro-kobenhavn-by-gron-72-dpi-237x310.jpg\" alt=\"\">\n\t\t\t\t\t\t<span class=\"btn\">\n\t\t\t\t\t\t\t\t\t\t\t\t\t\t\t<span class=\"titre\">Our projects<\/span>\n\t\t\t\t\t\t\t\t\t\t\t\t\t\t<svg class=\"icon-sprite Icon\"><use xlink:href=\"#icon_fleche\" \/><\/svg>\n\t\t\t\t\t\t<\/span>\n\t\t\t\t\t<\/a>\n\t\t\t\t\n\t\t\t\t\t<a href=\"https:\/\/www.systra.com\/denmark\/en\/who-we-are\/sustainability-and-responsibility\/\" class=\"single-enjeux\">\n\t\t\t\t\t\t<img decoding=\"async\" src=\"https:\/\/www.systra.com\/denmark\/wp-content\/uploads\/sites\/26\/2024\/01\/regn-600x377-1-237x310.jpg\" alt=\"\">\n\t\t\t\t\t\t<span class=\"btn\">\n\t\t\t\t\t\t\t\t\t\t\t\t\t\t\t<span class=\"titre\">Sustainability<\/span>\n\t\t\t\t\t\t\t\t\t\t\t\t\t\t<svg class=\"icon-sprite Icon\"><use xlink:href=\"#icon_fleche\" \/><\/svg>\n\t\t\t\t\t\t<\/span>\n\t\t\t\t\t<\/a>\n\t\t\t\t\t\t\t<\/div>\n\t\t\t<\/div>\n<\/div>\n\n\n\n<div class=\"wrapper-home-group block-home\">\n\t<div class=\"home-group-bg\"><\/div>\n\t<div class=\"content-txt\">\n\t\t<div class=\"titre\">A RANGE OF EXPERIENCE FOR THE BENEFIT OF TOMORROW\u2019S MOBILITY<\/div>\n\t\t<blockquote class=\"citation\">\n\t\t\t<svg class=\"icon-sprite Icon\"><use xlink:href=\"#icon_quote\" \/><\/svg>\n\t\t\t<p class=\"citation-excerpt\">\n\t\t\t\t\r\nSYSTRA is one of the world\u2019s leading engineering and consulting groups, specializing in public transport and mobility solutions. For more than 65 years, the group has worked alongside countries and cities to support their development by creating, improving, and modernising their infrastructure.\t\t\t<\/p>\n\t\t\t\t\t<\/blockquote>\n\t<\/div>\n\t\t\t<div class=\"content-img\">\n\t\t\t<a href=\"https:\/\/www.systra.com\/en\/\" class=\"btn-bloc-group-home btn-red-hover\"><span>Learn more about SYSTRA worldwide<\/span><\/a>\n\t\t\t<img decoding=\"async\" src=\"https:\/\/www.systra.com\/denmark\/wp-content\/uploads\/sites\/26\/2024\/02\/logo_mask_img-1.png\" alt=\"\">\n\t\t<\/div>\n\t\t\n<\/div>\n\t    \n\n\n<div style=\"height:100px\" aria-hidden=\"true\" class=\"wp-block-spacer\"><\/div>\n","protected":false},"excerpt":{"rendered":"","protected":false},"author":2,"featured_media":2302,"parent":0,"menu_order":0,"comment_status":"closed","ping_status":"closed","template":"","meta":{"_acf_changed":false,"_relevanssi_hide_post":"","_relevanssi_hide_content":"","_relevanssi_pin_for_all":"","_relevanssi_pin_keywords":"","_relevanssi_unpin_keywords":"","_relevanssi_related_keywords":"","_relevanssi_related_include_ids":"","_relevanssi_related_exclude_ids":"","_relevanssi_related_no_append":"","_relevanssi_related_not_related":"","_relevanssi_related_posts":"97","_relevanssi_noindex_reason":"","footnotes":""},"class_list":["post-360","page","type-page","status-publish","has-post-thumbnail","hentry"],"acf":[],"yoast_head":"<!-- This site is optimized with the Yoast SEO Premium plugin v27.4 (Yoast SEO v27.4) - https:\/\/yoast.com\/product\/yoast-seo-premium-wordpress\/ -->\n<title>SYSTRA Denmark - SYSTRA Danmark<\/title>\n<meta name=\"description\" content=\"SYSTRA Denmark - SYSTRA er en af verdens f\u00f8rende ingeni\u00f8r- og r\u00e5dgivningskoncerner med speciale i offentlig transport og mobilitetsl\u00f8sninger.\" \/>\n<meta name=\"robots\" content=\"index, follow, max-snippet:-1, max-image-preview:large, max-video-preview:-1\" \/>\n<meta property=\"og:locale\" content=\"en_US\" \/>\n<meta property=\"og:type\" content=\"article\" \/>\n<meta property=\"og:title\" content=\"SYSTRA Denmark\" \/>\n<meta property=\"og:description\" content=\"SYSTRA Denmark - SYSTRA er en af verdens f\u00f8rende ingeni\u00f8r- og r\u00e5dgivningskoncerner med speciale i offentlig transport og mobilitetsl\u00f8sninger.\" \/>\n<meta property=\"og:url\" content=\"https:\/\/www.systra.com\/denmark\/en\/\" \/>\n<meta property=\"og:site_name\" content=\"Denmark\" \/>\n<meta property=\"article:modified_time\" content=\"2025-07-02T09:17:23+00:00\" \/>\n<meta property=\"og:image\" content=\"https:\/\/www.systra.com\/denmark\/wp-content\/uploads\/sites\/26\/2024\/02\/barn_kvinde_tog_rejse_2380x1500px.jpg\" \/>\n\t<meta property=\"og:image:width\" content=\"2380\" \/>\n\t<meta property=\"og:image:height\" content=\"1500\" \/>\n\t<meta property=\"og:image:type\" content=\"image\/jpeg\" \/>\n<meta name=\"twitter:card\" content=\"summary_large_image\" \/>\n<meta name=\"twitter:label1\" content=\"Est. reading time\" \/>\n\t<meta name=\"twitter:data1\" content=\"1 minute\" \/>\n<script type=\"application\/ld+json\" class=\"yoast-schema-graph\">{\"@context\":\"https:\\\/\\\/schema.org\",\"@graph\":[{\"@type\":\"WebPage\",\"@id\":\"https:\\\/\\\/www.systra.com\\\/denmark\\\/en\\\/\",\"url\":\"https:\\\/\\\/www.systra.com\\\/denmark\\\/en\\\/\",\"name\":\"SYSTRA Denmark - SYSTRA Danmark\",\"isPartOf\":{\"@id\":\"https:\\\/\\\/www.systra.com\\\/denmark\\\/#website\"},\"primaryImageOfPage\":{\"@id\":\"https:\\\/\\\/www.systra.com\\\/denmark\\\/en\\\/#primaryimage\"},\"image\":{\"@id\":\"https:\\\/\\\/www.systra.com\\\/denmark\\\/en\\\/#primaryimage\"},\"thumbnailUrl\":\"https:\\\/\\\/www.systra.com\\\/denmark\\\/wp-content\\\/uploads\\\/sites\\\/26\\\/2024\\\/02\\\/barn_kvinde_tog_rejse_2380x1500px.jpg\",\"datePublished\":\"2023-10-30T10:46:36+00:00\",\"dateModified\":\"2025-07-02T09:17:23+00:00\",\"description\":\"SYSTRA Denmark - SYSTRA er en af verdens f\u00f8rende ingeni\u00f8r- og r\u00e5dgivningskoncerner med speciale i offentlig transport og mobilitetsl\u00f8sninger.\",\"breadcrumb\":{\"@id\":\"https:\\\/\\\/www.systra.com\\\/denmark\\\/en\\\/#breadcrumb\"},\"inLanguage\":\"en-US\",\"potentialAction\":[{\"@type\":\"ReadAction\",\"target\":[\"https:\\\/\\\/www.systra.com\\\/denmark\\\/en\\\/\"]}]},{\"@type\":\"ImageObject\",\"inLanguage\":\"en-US\",\"@id\":\"https:\\\/\\\/www.systra.com\\\/denmark\\\/en\\\/#primaryimage\",\"url\":\"https:\\\/\\\/www.systra.com\\\/denmark\\\/wp-content\\\/uploads\\\/sites\\\/26\\\/2024\\\/02\\\/barn_kvinde_tog_rejse_2380x1500px.jpg\",\"contentUrl\":\"https:\\\/\\\/www.systra.com\\\/denmark\\\/wp-content\\\/uploads\\\/sites\\\/26\\\/2024\\\/02\\\/barn_kvinde_tog_rejse_2380x1500px.jpg\",\"width\":2380,\"height\":1500,\"caption\":\"Smiling mother showing something to her little daughter while sitting in train and looking through the window.\"},{\"@type\":\"BreadcrumbList\",\"@id\":\"https:\\\/\\\/www.systra.com\\\/denmark\\\/en\\\/#breadcrumb\",\"itemListElement\":[{\"@type\":\"ListItem\",\"position\":1,\"name\":\"Home\",\"item\":\"https:\\\/\\\/www.systra.com\\\/denmark\\\/\"},{\"@type\":\"ListItem\",\"position\":2,\"name\":\"SYSTRA Denmark\"}]},{\"@type\":\"WebSite\",\"@id\":\"https:\\\/\\\/www.systra.com\\\/denmark\\\/#website\",\"url\":\"https:\\\/\\\/www.systra.com\\\/denmark\\\/\",\"name\":\"Denmark\",\"description\":\"Un site utilisant Les sites de Systra\",\"potentialAction\":[{\"@type\":\"SearchAction\",\"target\":{\"@type\":\"EntryPoint\",\"urlTemplate\":\"https:\\\/\\\/www.systra.com\\\/denmark\\\/?s={search_term_string}\"},\"query-input\":{\"@type\":\"PropertyValueSpecification\",\"valueRequired\":true,\"valueName\":\"search_term_string\"}}],\"inLanguage\":\"en-US\"}]}<\/script>\n<!-- \/ Yoast SEO Premium plugin. -->","yoast_head_json":{"title":"SYSTRA Denmark - SYSTRA Danmark","description":"SYSTRA Denmark - SYSTRA er en af verdens f\u00f8rende ingeni\u00f8r- og r\u00e5dgivningskoncerner med speciale i offentlig transport og mobilitetsl\u00f8sninger.","robots":{"index":"index","follow":"follow","max-snippet":"max-snippet:-1","max-image-preview":"max-image-preview:large","max-video-preview":"max-video-preview:-1"},"og_locale":"en_US","og_type":"article","og_title":"SYSTRA Denmark","og_description":"SYSTRA Denmark - SYSTRA er en af verdens f\u00f8rende ingeni\u00f8r- og r\u00e5dgivningskoncerner med speciale i offentlig transport og mobilitetsl\u00f8sninger.","og_url":"https:\/\/www.systra.com\/denmark\/en\/","og_site_name":"Denmark","article_modified_time":"2025-07-02T09:17:23+00:00","og_image":[{"width":2380,"height":1500,"url":"https:\/\/www.systra.com\/denmark\/wp-content\/uploads\/sites\/26\/2024\/02\/barn_kvinde_tog_rejse_2380x1500px.jpg","type":"image\/jpeg"}],"twitter_card":"summary_large_image","twitter_misc":{"Est. reading time":"1 minute"},"schema":{"@context":"https:\/\/schema.org","@graph":[{"@type":"WebPage","@id":"https:\/\/www.systra.com\/denmark\/en\/","url":"https:\/\/www.systra.com\/denmark\/en\/","name":"SYSTRA Denmark - SYSTRA Danmark","isPartOf":{"@id":"https:\/\/www.systra.com\/denmark\/#website"},"primaryImageOfPage":{"@id":"https:\/\/www.systra.com\/denmark\/en\/#primaryimage"},"image":{"@id":"https:\/\/www.systra.com\/denmark\/en\/#primaryimage"},"thumbnailUrl":"https:\/\/www.systra.com\/denmark\/wp-content\/uploads\/sites\/26\/2024\/02\/barn_kvinde_tog_rejse_2380x1500px.jpg","datePublished":"2023-10-30T10:46:36+00:00","dateModified":"2025-07-02T09:17:23+00:00","description":"SYSTRA Denmark - SYSTRA er en af verdens f\u00f8rende ingeni\u00f8r- og r\u00e5dgivningskoncerner med speciale i offentlig transport og mobilitetsl\u00f8sninger.","breadcrumb":{"@id":"https:\/\/www.systra.com\/denmark\/en\/#breadcrumb"},"inLanguage":"en-US","potentialAction":[{"@type":"ReadAction","target":["https:\/\/www.systra.com\/denmark\/en\/"]}]},{"@type":"ImageObject","inLanguage":"en-US","@id":"https:\/\/www.systra.com\/denmark\/en\/#primaryimage","url":"https:\/\/www.systra.com\/denmark\/wp-content\/uploads\/sites\/26\/2024\/02\/barn_kvinde_tog_rejse_2380x1500px.jpg","contentUrl":"https:\/\/www.systra.com\/denmark\/wp-content\/uploads\/sites\/26\/2024\/02\/barn_kvinde_tog_rejse_2380x1500px.jpg","width":2380,"height":1500,"caption":"Smiling mother showing something to her little daughter while sitting in train and looking through the window."},{"@type":"BreadcrumbList","@id":"https:\/\/www.systra.com\/denmark\/en\/#breadcrumb","itemListElement":[{"@type":"ListItem","position":1,"name":"Home","item":"https:\/\/www.systra.com\/denmark\/"},{"@type":"ListItem","position":2,"name":"SYSTRA Denmark"}]},{"@type":"WebSite","@id":"https:\/\/www.systra.com\/denmark\/#website","url":"https:\/\/www.systra.com\/denmark\/","name":"Denmark","description":"Un site utilisant Les sites de Systra","potentialAction":[{"@type":"SearchAction","target":{"@type":"EntryPoint","urlTemplate":"https:\/\/www.systra.com\/denmark\/?s={search_term_string}"},"query-input":{"@type":"PropertyValueSpecification","valueRequired":true,"valueName":"search_term_string"}}],"inLanguage":"en-US"}]}},"lang":"en","translations":{"en":360,"da":355},"pll_sync_post":[],"_links":{"self":[{"href":"https:\/\/www.systra.com\/denmark\/wp-json\/wp\/v2\/pages\/360","targetHints":{"allow":["GET"]}}],"collection":[{"href":"https:\/\/www.systra.com\/denmark\/wp-json\/wp\/v2\/pages"}],"about":[{"href":"https:\/\/www.systra.com\/denmark\/wp-json\/wp\/v2\/types\/page"}],"author":[{"embeddable":true,"href":"https:\/\/www.systra.com\/denmark\/wp-json\/wp\/v2\/users\/2"}],"replies":[{"embeddable":true,"href":"https:\/\/www.systra.com\/denmark\/wp-json\/wp\/v2\/comments?post=360"}],"version-history":[{"count":3,"href":"https:\/\/www.systra.com\/denmark\/wp-json\/wp\/v2\/pages\/360\/revisions"}],"predecessor-version":[{"id":41306,"href":"https:\/\/www.systra.com\/denmark\/wp-json\/wp\/v2\/pages\/360\/revisions\/41306"}],"wp:featuredmedia":[{"embeddable":true,"href":"https:\/\/www.systra.com\/denmark\/wp-json\/wp\/v2\/media\/2302"}],"wp:attachment":[{"href":"https:\/\/www.systra.com\/denmark\/wp-json\/wp\/v2\/media?parent=360"}],"curies":[{"name":"wp","href":"https:\/\/api.w.org\/{rel}","templated":true}]}}