{"id":13203,"date":"2025-02-13T13:28:59","date_gmt":"2025-02-13T12:28:59","guid":{"rendered":"https:\/\/www.systra.com\/denmark\/?page_id=13203"},"modified":"2025-06-30T11:18:17","modified_gmt":"2025-06-30T09:18:17","slug":"ambitions-and-values","status":"publish","type":"page","link":"https:\/\/www.systra.com\/denmark\/en\/who-we-are\/ambitions-and_values\/","title":{"rendered":"Ambitions and Values\u00a0"},"content":{"rendered":"\n<p class=\"has-dusty-blue-color has-text-color has-link-color has-medium-font-size wp-elements-e7b2f5df2f3e3d2e735047067cb0f2fc\"><strong>Being in motion is the heart and backbone of a dynamic society. The solutions we provide at SYSTRA help to drive that movement &#8211; whether it&#8217;s in the physical form of an infrastructure project &#8211; a metro, railway, road or bridge &#8211; or the development of innovative solutions &#8211; utilities, IT, water management and climate adaptation &#8211; that create a safe and sustainable future for all.\u00a0<\/strong><\/p>\n\n\n\n<div style=\"height:100px\" aria-hidden=\"true\" class=\"wp-block-spacer\"><\/div>\n\n\n\n<h2 class=\"wp-block-heading\" id=\"h-a-signature-team-for-transportation-solutions\">&#8216;a signature team for transportation solutions&#8217;<\/h2>\n\n\n\n<div style=\"height:20px\" aria-hidden=\"true\" class=\"wp-block-spacer\"><\/div>\n\n\n\n<div class=\"wp-block-media-text has-media-on-the-right is-stacked-on-mobile\" style=\"grid-template-columns:auto 40%\"><div class=\"wp-block-media-text__content\">\n<blockquote class=\"wp-block-quote is-layout-flow wp-block-quote-is-layout-flow\">\n<p>At SYSTRA, &#8216;being a signature team&#8217; means being involved in complex infrastructure projects that have a real impact on the future of mobility. It&#8217;s about being an attractive partner and supplier when customers and partners are looking for experts who are not only professionally skilled, but who also manage to think sustainably, intelligently and innovatively in the solution of the projects.\u00a0<\/p>\n<cite><em>Eva Rindom, Managing Director, SYSTRA Danmark A\/S<\/em>\u00a0<\/cite><\/blockquote>\n<\/div><figure class=\"wp-block-media-text__media\"><img loading=\"lazy\" decoding=\"async\" width=\"650\" height=\"433\" src=\"https:\/\/www.systra.com\/denmark\/wp-content\/uploads\/sites\/26\/2024\/01\/eva-rindom-small.jpg\" alt=\"\" class=\"wp-image-1337 size-full\" srcset=\"https:\/\/www.systra.com\/denmark\/wp-content\/uploads\/sites\/26\/2024\/01\/eva-rindom-small.jpg 650w, https:\/\/www.systra.com\/denmark\/wp-content\/uploads\/sites\/26\/2024\/01\/eva-rindom-small-300x200.jpg 300w, https:\/\/www.systra.com\/denmark\/wp-content\/uploads\/sites\/26\/2024\/01\/eva-rindom-small-375x250.jpg 375w, https:\/\/www.systra.com\/denmark\/wp-content\/uploads\/sites\/26\/2024\/01\/eva-rindom-small-376x250.jpg 376w, https:\/\/www.systra.com\/denmark\/wp-content\/uploads\/sites\/26\/2024\/01\/eva-rindom-small-474x316.jpg 474w, https:\/\/www.systra.com\/denmark\/wp-content\/uploads\/sites\/26\/2024\/01\/eva-rindom-small-75x50.jpg 75w, https:\/\/www.systra.com\/denmark\/wp-content\/uploads\/sites\/26\/2024\/01\/eva-rindom-small-180x120.jpg 180w, https:\/\/www.systra.com\/denmark\/wp-content\/uploads\/sites\/26\/2024\/01\/eva-rindom-small-153x102.jpg 153w, https:\/\/www.systra.com\/denmark\/wp-content\/uploads\/sites\/26\/2024\/01\/eva-rindom-small-230x153.jpg 230w\" sizes=\"auto, (max-width: 650px) 100vw, 650px\" \/><\/figure><\/div>\n\n\n\n<div style=\"height:100px\" aria-hidden=\"true\" class=\"wp-block-spacer\"><\/div>\n\n\n\n<h2 class=\"wp-block-heading\" id=\"h-our-values\">Our Values\u00a0<\/h2>\n\n\n\n<div style=\"height:100px\" aria-hidden=\"true\" class=\"wp-block-spacer\"><\/div>\n\n\n\n<div class=\"wp-block-media-text is-stacked-on-mobile is-image-fill has-pale-mauve-background-color has-background\" style=\"grid-template-columns:45% auto\"><figure class=\"wp-block-media-text__media\" style=\"background-image:url(https:\/\/www.systra.com\/denmark\/wp-content\/uploads\/sites\/26\/2024\/01\/kh-rg_drone_view-spor-og-motorvej-1_th-1024x682.jpg);background-position:50% 50%\"><img loading=\"lazy\" decoding=\"async\" width=\"1024\" height=\"682\" src=\"https:\/\/www.systra.com\/denmark\/wp-content\/uploads\/sites\/26\/2024\/01\/kh-rg_drone_view-spor-og-motorvej-1_th-1024x682.jpg\" alt=\"\" class=\"wp-image-1325 size-full\" srcset=\"https:\/\/www.systra.com\/denmark\/wp-content\/uploads\/sites\/26\/2024\/01\/kh-rg_drone_view-spor-og-motorvej-1_th-1024x682.jpg 1024w, https:\/\/www.systra.com\/denmark\/wp-content\/uploads\/sites\/26\/2024\/01\/kh-rg_drone_view-spor-og-motorvej-1_th-300x200.jpg 300w, https:\/\/www.systra.com\/denmark\/wp-content\/uploads\/sites\/26\/2024\/01\/kh-rg_drone_view-spor-og-motorvej-1_th-768x512.jpg 768w, https:\/\/www.systra.com\/denmark\/wp-content\/uploads\/sites\/26\/2024\/01\/kh-rg_drone_view-spor-og-motorvej-1_th-1536x1023.jpg 1536w, https:\/\/www.systra.com\/denmark\/wp-content\/uploads\/sites\/26\/2024\/01\/kh-rg_drone_view-spor-og-motorvej-1_th-2048x1364.jpg 2048w, https:\/\/www.systra.com\/denmark\/wp-content\/uploads\/sites\/26\/2024\/01\/kh-rg_drone_view-spor-og-motorvej-1_th-375x250.jpg 375w, https:\/\/www.systra.com\/denmark\/wp-content\/uploads\/sites\/26\/2024\/01\/kh-rg_drone_view-spor-og-motorvej-1_th-376x250.jpg 376w, https:\/\/www.systra.com\/denmark\/wp-content\/uploads\/sites\/26\/2024\/01\/kh-rg_drone_view-spor-og-motorvej-1_th-474x316.jpg 474w, https:\/\/www.systra.com\/denmark\/wp-content\/uploads\/sites\/26\/2024\/01\/kh-rg_drone_view-spor-og-motorvej-1_th-75x50.jpg 75w, https:\/\/www.systra.com\/denmark\/wp-content\/uploads\/sites\/26\/2024\/01\/kh-rg_drone_view-spor-og-motorvej-1_th-900x600.jpg 900w, https:\/\/www.systra.com\/denmark\/wp-content\/uploads\/sites\/26\/2024\/01\/kh-rg_drone_view-spor-og-motorvej-1_th-1700x1133.jpg 1700w, https:\/\/www.systra.com\/denmark\/wp-content\/uploads\/sites\/26\/2024\/01\/kh-rg_drone_view-spor-og-motorvej-1_th-1352x901.jpg 1352w, https:\/\/www.systra.com\/denmark\/wp-content\/uploads\/sites\/26\/2024\/01\/kh-rg_drone_view-spor-og-motorvej-1_th-800x533.jpg 800w, https:\/\/www.systra.com\/denmark\/wp-content\/uploads\/sites\/26\/2024\/01\/kh-rg_drone_view-spor-og-motorvej-1_th-180x120.jpg 180w, https:\/\/www.systra.com\/denmark\/wp-content\/uploads\/sites\/26\/2024\/01\/kh-rg_drone_view-spor-og-motorvej-1_th-153x102.jpg 153w, https:\/\/www.systra.com\/denmark\/wp-content\/uploads\/sites\/26\/2024\/01\/kh-rg_drone_view-spor-og-motorvej-1_th-230x153.jpg 230w\" sizes=\"auto, (max-width: 1024px) 100vw, 1024px\" \/><\/figure><div class=\"wp-block-media-text__content\">\n<p><\/p>\n\n\n\n<h2 class=\"wp-block-heading\" id=\"h-excellence\">EXCELLENCE<\/h2>\n\n\n\n<div style=\"height:20px\" aria-hidden=\"true\" class=\"wp-block-spacer\"><\/div>\n\n\n\n<p>For us, excellence is not only a goal, but also a way of working. Our customers are ambitious and demanding, and they trust us to develop and deliver advanced technical and engineering solutions &#8211; with a focus on safety, performance and sustainability.\u00a0<\/p>\n\n\n\n<div style=\"height:20px\" aria-hidden=\"true\" class=\"wp-block-spacer\"><\/div>\n<\/div><\/div>\n\n\n\n<div style=\"height:20px\" aria-hidden=\"true\" class=\"wp-block-spacer\"><\/div>\n\n\n\n<div style=\"height:100px\" aria-hidden=\"true\" class=\"wp-block-spacer\"><\/div>\n\n\n\n<div style=\"height:20px\" aria-hidden=\"true\" class=\"wp-block-spacer\"><\/div>\n\n\n\n<div class=\"wp-block-media-text has-media-on-the-right is-stacked-on-mobile is-image-fill\" style=\"grid-template-columns:auto 45%\"><div class=\"wp-block-media-text__content\">\n<h2 class=\"wp-block-heading\" id=\"h-connected-teams\">CONNECTED TEAMS<\/h2>\n\n\n\n<div style=\"height:20px\" aria-hidden=\"true\" class=\"wp-block-spacer\"><\/div>\n\n\n\n<p>We achieve the best results through teamwork. We connect and coordinate our multidisciplinary teams to solve complex challenges. By transcending cultural and technical differences, we create teams that work together towards a common goal and where everyone&#8217;s expertise or talent contributes to our overall success.\u00a0<\/p>\n\n\n\n<div style=\"height:20px\" aria-hidden=\"true\" class=\"wp-block-spacer\"><\/div>\n<\/div><figure class=\"wp-block-media-text__media\" style=\"background-image:url(https:\/\/www.systra.com\/denmark\/wp-content\/uploads\/sites\/26\/2024\/10\/troelsheien_8500775-1024x683.jpg);background-position:50% 50%\"><img loading=\"lazy\" decoding=\"async\" width=\"1024\" height=\"683\" src=\"https:\/\/www.systra.com\/denmark\/wp-content\/uploads\/sites\/26\/2024\/10\/troelsheien_8500775-1024x683.jpg\" alt=\"\" class=\"wp-image-12325 size-full\" srcset=\"https:\/\/www.systra.com\/denmark\/wp-content\/uploads\/sites\/26\/2024\/10\/troelsheien_8500775-1024x683.jpg 1024w, https:\/\/www.systra.com\/denmark\/wp-content\/uploads\/sites\/26\/2024\/10\/troelsheien_8500775-300x200.jpg 300w, https:\/\/www.systra.com\/denmark\/wp-content\/uploads\/sites\/26\/2024\/10\/troelsheien_8500775-768x512.jpg 768w, https:\/\/www.systra.com\/denmark\/wp-content\/uploads\/sites\/26\/2024\/10\/troelsheien_8500775-1536x1024.jpg 1536w, https:\/\/www.systra.com\/denmark\/wp-content\/uploads\/sites\/26\/2024\/10\/troelsheien_8500775-474x316.jpg 474w, https:\/\/www.systra.com\/denmark\/wp-content\/uploads\/sites\/26\/2024\/10\/troelsheien_8500775-1352x901.jpg 1352w, https:\/\/www.systra.com\/denmark\/wp-content\/uploads\/sites\/26\/2024\/10\/troelsheien_8500775-800x533.jpg 800w, https:\/\/www.systra.com\/denmark\/wp-content\/uploads\/sites\/26\/2024\/10\/troelsheien_8500775-180x120.jpg 180w, https:\/\/www.systra.com\/denmark\/wp-content\/uploads\/sites\/26\/2024\/10\/troelsheien_8500775-153x102.jpg 153w, https:\/\/www.systra.com\/denmark\/wp-content\/uploads\/sites\/26\/2024\/10\/troelsheien_8500775-230x153.jpg 230w\" sizes=\"auto, (max-width: 1024px) 100vw, 1024px\" \/><\/figure><\/div>\n\n\n\n<div style=\"height:20px\" aria-hidden=\"true\" class=\"wp-block-spacer\"><\/div>\n\n\n\n<div style=\"height:100px\" aria-hidden=\"true\" class=\"wp-block-spacer\"><\/div>\n\n\n\n<div style=\"height:20px\" aria-hidden=\"true\" class=\"wp-block-spacer\"><\/div>\n\n\n\n<div class=\"wp-block-media-text is-stacked-on-mobile is-image-fill has-pale-mauve-background-color has-background\" style=\"grid-template-columns:46% auto\"><figure class=\"wp-block-media-text__media\" style=\"background-image:url(https:\/\/www.systra.com\/denmark\/wp-content\/uploads\/sites\/26\/2024\/10\/bente-1024x769.jpg);background-position:50% 50%\"><img loading=\"lazy\" decoding=\"async\" width=\"1024\" height=\"769\" src=\"https:\/\/www.systra.com\/denmark\/wp-content\/uploads\/sites\/26\/2024\/10\/bente-1024x769.jpg\" alt=\"\" class=\"wp-image-12329 size-full\" srcset=\"https:\/\/www.systra.com\/denmark\/wp-content\/uploads\/sites\/26\/2024\/10\/bente-1024x769.jpg 1024w, https:\/\/www.systra.com\/denmark\/wp-content\/uploads\/sites\/26\/2024\/10\/bente-300x225.jpg 300w, https:\/\/www.systra.com\/denmark\/wp-content\/uploads\/sites\/26\/2024\/10\/bente-768x577.jpg 768w, https:\/\/www.systra.com\/denmark\/wp-content\/uploads\/sites\/26\/2024\/10\/bente-1536x1154.jpg 1536w, https:\/\/www.systra.com\/denmark\/wp-content\/uploads\/sites\/26\/2024\/10\/bente-2048x1539.jpg 2048w, https:\/\/www.systra.com\/denmark\/wp-content\/uploads\/sites\/26\/2024\/10\/bente-474x356.jpg 474w, https:\/\/www.systra.com\/denmark\/wp-content\/uploads\/sites\/26\/2024\/10\/bente-1700x1277.jpg 1700w, https:\/\/www.systra.com\/denmark\/wp-content\/uploads\/sites\/26\/2024\/10\/bente-1352x1016.jpg 1352w, https:\/\/www.systra.com\/denmark\/wp-content\/uploads\/sites\/26\/2024\/10\/bente-800x601.jpg 800w, https:\/\/www.systra.com\/denmark\/wp-content\/uploads\/sites\/26\/2024\/10\/bente-180x135.jpg 180w, https:\/\/www.systra.com\/denmark\/wp-content\/uploads\/sites\/26\/2024\/10\/bente-153x115.jpg 153w, https:\/\/www.systra.com\/denmark\/wp-content\/uploads\/sites\/26\/2024\/10\/bente-230x173.jpg 230w\" sizes=\"auto, (max-width: 1024px) 100vw, 1024px\" \/><\/figure><div class=\"wp-block-media-text__content\">\n<p><\/p>\n\n\n\n<h2 class=\"wp-block-heading\" id=\"h-bold-leadership\">BOLD LEADERSHIP<\/h2>\n\n\n\n<div style=\"height:20px\" aria-hidden=\"true\" class=\"wp-block-spacer\"><\/div>\n\n\n\n<p>We anticipate and respond to change. Our projects impact our society&#8217;s development. Based on our ability to think innovatively and our expertise in project management, we find solutions and provide the leadership needed to implement change. Our job is to consider, design and imagine the infrastructure of tomorrow.\u00a0<\/p>\n\n\n\n<div style=\"height:20px\" aria-hidden=\"true\" class=\"wp-block-spacer\"><\/div>\n<\/div><\/div>\n\n\n\n<div style=\"height:150px\" aria-hidden=\"true\" class=\"wp-block-spacer\"><\/div>\n\n\n\n<h2 class=\"wp-block-heading\" id=\"h-see-more-in-the-video-systra-keeps-the-world-moving\">See more in the video &#8216;SYStra keeps the world moving&#8217;<\/h2>\n\n\n\n<div style=\"height:20px\" aria-hidden=\"true\" class=\"wp-block-spacer\"><\/div>\n\n\n\n<figure class=\"wp-block-embed is-type-video is-provider-youtube wp-block-embed-youtube wp-embed-aspect-16-9 wp-has-aspect-ratio\"><div class=\"wp-block-embed__wrapper\">\n<div class=\"youtube_wrapper\" videoID=\"8IctGQGpKj0\"><iframe loading=\"lazy\" title=\"SYSTRA keeps the world moving\" width=\"500\" height=\"281\" src=\"https:\/\/www.youtube-nocookie.com\/embed\/8IctGQGpKj0?feature=oembed\" frameborder=\"0\" allow=\"accelerometer; autoplay; clipboard-write; encrypted-media; gyroscope; picture-in-picture; web-share\" referrerpolicy=\"strict-origin-when-cross-origin\" allowfullscreen><\/iframe><\/div>\n<\/div><\/figure>\n","protected":false},"excerpt":{"rendered":"<p>Being in motion is the heart and backbone of a dynamic society. The solutions we provide at SYSTRA help to drive that movement &#8211; whether it&#8217;s in the physical form of an infrastructure project &#8211; a metro, railway, road or bridge &#8211; or the development of innovative solutions &#8211; utilities, IT, water management and climate [&hellip;]<\/p>\n","protected":false},"author":159,"featured_media":984,"parent":365,"menu_order":0,"comment_status":"closed","ping_status":"closed","template":"","meta":{"_acf_changed":false,"_relevanssi_hide_post":"","_relevanssi_hide_content":"","_relevanssi_pin_for_all":"","_relevanssi_pin_keywords":"","_relevanssi_unpin_keywords":"","_relevanssi_related_keywords":"","_relevanssi_related_include_ids":"","_relevanssi_related_exclude_ids":"","_relevanssi_related_no_append":"","_relevanssi_related_not_related":"","_relevanssi_related_posts":"795,657,679,886,601,847","_relevanssi_noindex_reason":"","footnotes":""},"class_list":["post-13203","page","type-page","status-publish","has-post-thumbnail","hentry"],"acf":[],"yoast_head":"<!-- This site is optimized with the Yoast SEO Premium plugin v27.4 (Yoast SEO v27.4) - https:\/\/yoast.com\/product\/yoast-seo-premium-wordpress\/ -->\n<title>Ambitions and Values\u00a0 - SYSTRA Danmark<\/title>\n<meta name=\"description\" content=\"Ambitions and Values\u00a0 - SYSTRA er en af verdens f\u00f8rende ingeni\u00f8r- og r\u00e5dgivningskoncerner med speciale i offentlig transport og mobilitetsl\u00f8sninger.\" \/>\n<meta name=\"robots\" content=\"index, follow, max-snippet:-1, max-image-preview:large, max-video-preview:-1\" \/>\n<meta property=\"og:locale\" content=\"en_US\" \/>\n<meta property=\"og:type\" content=\"article\" \/>\n<meta property=\"og:title\" content=\"Ambitions and Values\u00a0\" \/>\n<meta property=\"og:description\" content=\"Ambitions and Values\u00a0 - SYSTRA er en af verdens f\u00f8rende ingeni\u00f8r- og r\u00e5dgivningskoncerner med speciale i offentlig transport og mobilitetsl\u00f8sninger.\" \/>\n<meta property=\"og:url\" content=\"https:\/\/www.systra.com\/denmark\/en\/who-we-are\/ambitions-and_values\/\" \/>\n<meta property=\"og:site_name\" content=\"Denmark\" \/>\n<meta property=\"article:modified_time\" content=\"2025-06-30T09:18:17+00:00\" \/>\n<meta property=\"og:image\" content=\"https:\/\/www.systra.com\/denmark\/wp-content\/uploads\/sites\/26\/2023\/12\/kh_passager-cykel-tog_th-3_mindre-res.jpg\" \/>\n\t<meta property=\"og:image:width\" content=\"2380\" \/>\n\t<meta property=\"og:image:height\" content=\"1500\" \/>\n\t<meta property=\"og:image:type\" content=\"image\/jpeg\" \/>\n<meta name=\"twitter:card\" content=\"summary_large_image\" \/>\n<meta name=\"twitter:label1\" content=\"Est. reading time\" \/>\n\t<meta name=\"twitter:data1\" content=\"2 minutes\" \/>\n<script type=\"application\/ld+json\" class=\"yoast-schema-graph\">{\"@context\":\"https:\\\/\\\/schema.org\",\"@graph\":[{\"@type\":\"WebPage\",\"@id\":\"https:\\\/\\\/www.systra.com\\\/denmark\\\/en\\\/who-we-are\\\/ambitions-and_values\\\/\",\"url\":\"https:\\\/\\\/www.systra.com\\\/denmark\\\/en\\\/who-we-are\\\/ambitions-and_values\\\/\",\"name\":\"Ambitions and Values\u00a0 - SYSTRA Danmark\",\"isPartOf\":{\"@id\":\"https:\\\/\\\/www.systra.com\\\/denmark\\\/#website\"},\"primaryImageOfPage\":{\"@id\":\"https:\\\/\\\/www.systra.com\\\/denmark\\\/en\\\/who-we-are\\\/ambitions-and_values\\\/#primaryimage\"},\"image\":{\"@id\":\"https:\\\/\\\/www.systra.com\\\/denmark\\\/en\\\/who-we-are\\\/ambitions-and_values\\\/#primaryimage\"},\"thumbnailUrl\":\"https:\\\/\\\/www.systra.com\\\/denmark\\\/wp-content\\\/uploads\\\/sites\\\/26\\\/2023\\\/12\\\/kh_passager-cykel-tog_th-3_mindre-res.jpg\",\"datePublished\":\"2025-02-13T12:28:59+00:00\",\"dateModified\":\"2025-06-30T09:18:17+00:00\",\"description\":\"Ambitions and Values\u00a0 - SYSTRA er en af verdens f\u00f8rende ingeni\u00f8r- og r\u00e5dgivningskoncerner med speciale i offentlig transport og mobilitetsl\u00f8sninger.\",\"breadcrumb\":{\"@id\":\"https:\\\/\\\/www.systra.com\\\/denmark\\\/en\\\/who-we-are\\\/ambitions-and_values\\\/#breadcrumb\"},\"inLanguage\":\"en-US\",\"potentialAction\":[{\"@type\":\"ReadAction\",\"target\":[\"https:\\\/\\\/www.systra.com\\\/denmark\\\/en\\\/who-we-are\\\/ambitions-and_values\\\/\"]}]},{\"@type\":\"ImageObject\",\"inLanguage\":\"en-US\",\"@id\":\"https:\\\/\\\/www.systra.com\\\/denmark\\\/en\\\/who-we-are\\\/ambitions-and_values\\\/#primaryimage\",\"url\":\"https:\\\/\\\/www.systra.com\\\/denmark\\\/wp-content\\\/uploads\\\/sites\\\/26\\\/2023\\\/12\\\/kh_passager-cykel-tog_th-3_mindre-res.jpg\",\"contentUrl\":\"https:\\\/\\\/www.systra.com\\\/denmark\\\/wp-content\\\/uploads\\\/sites\\\/26\\\/2023\\\/12\\\/kh_passager-cykel-tog_th-3_mindre-res.jpg\",\"width\":2380,\"height\":1500},{\"@type\":\"BreadcrumbList\",\"@id\":\"https:\\\/\\\/www.systra.com\\\/denmark\\\/en\\\/who-we-are\\\/ambitions-and_values\\\/#breadcrumb\",\"itemListElement\":[{\"@type\":\"ListItem\",\"position\":1,\"name\":\"Home\",\"item\":\"https:\\\/\\\/www.systra.com\\\/denmark\\\/\"},{\"@type\":\"ListItem\",\"position\":2,\"name\":\"Who we are\",\"item\":\"https:\\\/\\\/www.systra.com\\\/denmark\\\/en\\\/who-we-are\\\/\"},{\"@type\":\"ListItem\",\"position\":3,\"name\":\"Ambitions and Values\u00a0\"}]},{\"@type\":\"WebSite\",\"@id\":\"https:\\\/\\\/www.systra.com\\\/denmark\\\/#website\",\"url\":\"https:\\\/\\\/www.systra.com\\\/denmark\\\/\",\"name\":\"Denmark\",\"description\":\"Un site utilisant Les sites de Systra\",\"potentialAction\":[{\"@type\":\"SearchAction\",\"target\":{\"@type\":\"EntryPoint\",\"urlTemplate\":\"https:\\\/\\\/www.systra.com\\\/denmark\\\/?s={search_term_string}\"},\"query-input\":{\"@type\":\"PropertyValueSpecification\",\"valueRequired\":true,\"valueName\":\"search_term_string\"}}],\"inLanguage\":\"en-US\"}]}<\/script>\n<!-- \/ Yoast SEO Premium plugin. -->","yoast_head_json":{"title":"Ambitions and Values\u00a0 - SYSTRA Danmark","description":"Ambitions and Values\u00a0 - SYSTRA er en af verdens f\u00f8rende ingeni\u00f8r- og r\u00e5dgivningskoncerner med speciale i offentlig transport og mobilitetsl\u00f8sninger.","robots":{"index":"index","follow":"follow","max-snippet":"max-snippet:-1","max-image-preview":"max-image-preview:large","max-video-preview":"max-video-preview:-1"},"og_locale":"en_US","og_type":"article","og_title":"Ambitions and Values\u00a0","og_description":"Ambitions and Values\u00a0 - SYSTRA er en af verdens f\u00f8rende ingeni\u00f8r- og r\u00e5dgivningskoncerner med speciale i offentlig transport og mobilitetsl\u00f8sninger.","og_url":"https:\/\/www.systra.com\/denmark\/en\/who-we-are\/ambitions-and_values\/","og_site_name":"Denmark","article_modified_time":"2025-06-30T09:18:17+00:00","og_image":[{"width":2380,"height":1500,"url":"https:\/\/www.systra.com\/denmark\/wp-content\/uploads\/sites\/26\/2023\/12\/kh_passager-cykel-tog_th-3_mindre-res.jpg","type":"image\/jpeg"}],"twitter_card":"summary_large_image","twitter_misc":{"Est. reading time":"2 minutes"},"schema":{"@context":"https:\/\/schema.org","@graph":[{"@type":"WebPage","@id":"https:\/\/www.systra.com\/denmark\/en\/who-we-are\/ambitions-and_values\/","url":"https:\/\/www.systra.com\/denmark\/en\/who-we-are\/ambitions-and_values\/","name":"Ambitions and Values\u00a0 - SYSTRA Danmark","isPartOf":{"@id":"https:\/\/www.systra.com\/denmark\/#website"},"primaryImageOfPage":{"@id":"https:\/\/www.systra.com\/denmark\/en\/who-we-are\/ambitions-and_values\/#primaryimage"},"image":{"@id":"https:\/\/www.systra.com\/denmark\/en\/who-we-are\/ambitions-and_values\/#primaryimage"},"thumbnailUrl":"https:\/\/www.systra.com\/denmark\/wp-content\/uploads\/sites\/26\/2023\/12\/kh_passager-cykel-tog_th-3_mindre-res.jpg","datePublished":"2025-02-13T12:28:59+00:00","dateModified":"2025-06-30T09:18:17+00:00","description":"Ambitions and Values\u00a0 - SYSTRA er en af verdens f\u00f8rende ingeni\u00f8r- og r\u00e5dgivningskoncerner med speciale i offentlig transport og mobilitetsl\u00f8sninger.","breadcrumb":{"@id":"https:\/\/www.systra.com\/denmark\/en\/who-we-are\/ambitions-and_values\/#breadcrumb"},"inLanguage":"en-US","potentialAction":[{"@type":"ReadAction","target":["https:\/\/www.systra.com\/denmark\/en\/who-we-are\/ambitions-and_values\/"]}]},{"@type":"ImageObject","inLanguage":"en-US","@id":"https:\/\/www.systra.com\/denmark\/en\/who-we-are\/ambitions-and_values\/#primaryimage","url":"https:\/\/www.systra.com\/denmark\/wp-content\/uploads\/sites\/26\/2023\/12\/kh_passager-cykel-tog_th-3_mindre-res.jpg","contentUrl":"https:\/\/www.systra.com\/denmark\/wp-content\/uploads\/sites\/26\/2023\/12\/kh_passager-cykel-tog_th-3_mindre-res.jpg","width":2380,"height":1500},{"@type":"BreadcrumbList","@id":"https:\/\/www.systra.com\/denmark\/en\/who-we-are\/ambitions-and_values\/#breadcrumb","itemListElement":[{"@type":"ListItem","position":1,"name":"Home","item":"https:\/\/www.systra.com\/denmark\/"},{"@type":"ListItem","position":2,"name":"Who we are","item":"https:\/\/www.systra.com\/denmark\/en\/who-we-are\/"},{"@type":"ListItem","position":3,"name":"Ambitions and Values\u00a0"}]},{"@type":"WebSite","@id":"https:\/\/www.systra.com\/denmark\/#website","url":"https:\/\/www.systra.com\/denmark\/","name":"Denmark","description":"Un site utilisant Les sites de Systra","potentialAction":[{"@type":"SearchAction","target":{"@type":"EntryPoint","urlTemplate":"https:\/\/www.systra.com\/denmark\/?s={search_term_string}"},"query-input":{"@type":"PropertyValueSpecification","valueRequired":true,"valueName":"search_term_string"}}],"inLanguage":"en-US"}]}},"lang":"en","translations":{"en":13203,"da":1318},"pll_sync_post":[],"_links":{"self":[{"href":"https:\/\/www.systra.com\/denmark\/wp-json\/wp\/v2\/pages\/13203","targetHints":{"allow":["GET"]}}],"collection":[{"href":"https:\/\/www.systra.com\/denmark\/wp-json\/wp\/v2\/pages"}],"about":[{"href":"https:\/\/www.systra.com\/denmark\/wp-json\/wp\/v2\/types\/page"}],"author":[{"embeddable":true,"href":"https:\/\/www.systra.com\/denmark\/wp-json\/wp\/v2\/users\/159"}],"replies":[{"embeddable":true,"href":"https:\/\/www.systra.com\/denmark\/wp-json\/wp\/v2\/comments?post=13203"}],"version-history":[{"count":2,"href":"https:\/\/www.systra.com\/denmark\/wp-json\/wp\/v2\/pages\/13203\/revisions"}],"predecessor-version":[{"id":13205,"href":"https:\/\/www.systra.com\/denmark\/wp-json\/wp\/v2\/pages\/13203\/revisions\/13205"}],"up":[{"embeddable":true,"href":"https:\/\/www.systra.com\/denmark\/wp-json\/wp\/v2\/pages\/365"}],"wp:featuredmedia":[{"embeddable":true,"href":"https:\/\/www.systra.com\/denmark\/wp-json\/wp\/v2\/media\/984"}],"wp:attachment":[{"href":"https:\/\/www.systra.com\/denmark\/wp-json\/wp\/v2\/media?parent=13203"}],"curies":[{"name":"wp","href":"https:\/\/api.w.org\/{rel}","templated":true}]}}