{"id":13198,"date":"2025-02-13T13:29:33","date_gmt":"2025-02-13T12:29:33","guid":{"rendered":"https:\/\/www.systra.com\/denmark\/?page_id=13198"},"modified":"2025-06-27T15:11:58","modified_gmt":"2025-06-27T13:11:58","slug":"about-us","status":"publish","type":"page","link":"https:\/\/www.systra.com\/denmark\/en\/who-we-are\/about-us\/","title":{"rendered":"About us\u00a0"},"content":{"rendered":"\n<h2 class=\"wp-block-heading has-pale-mauve-background-color has-background\" id=\"h-systra-is-one-of-the-world-s-leading-engineering-and-consulting-companies-specialising-in-mobility-solutions-in-denmark-systra-has-been-designing-improving-and-modernising-infrastructure-for-more-than-50-years\">SYSTRA IS ONE OF THE WORLD&#8217;S LEADING ENGINEERING AND CONSULTING COMPANIES SPECIALISING IN MOBILITY SOLUTIONS.\u00a0<br><br>IN DENMARK, SYSTRA HAS BEEN DESIGNING, IMPROVING AND MODERNISING INFRASTRUCTURE FOR MORE THAN 50 YEARS.\u00a0<\/h2>\n\n\n\n<div style=\"height:100px\" aria-hidden=\"true\" class=\"wp-block-spacer\"><\/div>\n\n\n\n<div class=\"wp-block-columns alignwide is-layout-flex wp-container-core-columns-is-layout-9d6595d7 wp-block-columns-is-layout-flex\">\n<div class=\"wp-block-column is-layout-flow wp-block-column-is-layout-flow\" style=\"flex-basis:100%\"><\/div>\n<\/div>\n\n\n\n<div class=\"wp-block-columns is-layout-flex wp-container-core-columns-is-layout-9d6595d7 wp-block-columns-is-layout-flex\">\n<div class=\"wp-block-column is-layout-flow wp-block-column-is-layout-flow\" style=\"flex-basis:33.33%\">\n<h2 class=\"wp-block-heading\" id=\"h-confidence-moves-the-world\">Confidence moves the world<\/h2>\n<\/div>\n\n\n\n<div class=\"wp-block-column is-layout-flow wp-block-column-is-layout-flow\" style=\"flex-basis:66.66%\">\n<p>To ensure an evolving and moving world, we must constantly believe that what we do helps push society in a more innovative, sustainable and safe direction. And that&#8217;s what we do at SYSTRA.\u00a0<\/p>\n\n\n\n<p>Movement is the backbone and heart of our society&#8217;s dynamics. Whether it&#8217;s metro, railway, road, energy, IT or climate adaptation, at SYSTRA we pride ourselves on designing safe, intelligent and sustainable infrastructure solutions.\u00a0<\/p>\n<\/div>\n<\/div>\n\n\n\n<div style=\"height:100px\" aria-hidden=\"true\" class=\"wp-block-spacer\"><\/div>\n\n\n\n<div class=\"wp-block-media-text alignfull has-media-on-the-right is-stacked-on-mobile has-pale-mauve-background-color has-background\" style=\"grid-template-columns:auto 44%\"><div class=\"wp-block-media-text__content\">\n<h2 class=\"wp-block-heading\" id=\"h-local-advisor-with-a-large-international-network\">LOCAL ADVISOR WITH A LARGE INTERNATIONAL NETWORK\u00a0<\/h2>\n\n\n\n<p>As part of the SYSTRA Group, we are more than 10,000 consultants worldwide. In Denmark, we are around 350 project managers, consultants and specialists who work to design safe, intelligent and sustainable infrastructure solutions that strengthen a well-functioning and dynamic society.\u00a0<\/p>\n<\/div><figure class=\"wp-block-media-text__media\"><img decoding=\"async\" src=\"https:\/\/www.systra.com\/denmark\/wp-content\/uploads\/2023\/06\/systra_vignette_dpef.jpg\" alt=\"\" class=\"wp-image-10000013159576 size-full\" srcset=\"https:\/\/www.systra.com\/denmark\/wp-content\/uploads\/2023\/06\/systra_vignette_dpef.jpg 990w, https:\/\/www.systra.com\/denmark\/wp-content\/uploads\/2023\/06\/systra_vignette_dpef-300x200.jpg 300w, https:\/\/www.systra.com\/denmark\/wp-content\/uploads\/2023\/06\/systra_vignette_dpef-768x512.jpg 768w, https:\/\/www.systra.com\/denmark\/wp-content\/uploads\/2023\/06\/systra_vignette_dpef-375x250.jpg 375w, https:\/\/www.systra.com\/denmark\/wp-content\/uploads\/2023\/06\/systra_vignette_dpef-376x250.jpg 376w, https:\/\/www.systra.com\/denmark\/wp-content\/uploads\/2023\/06\/systra_vignette_dpef-474x316.jpg 474w, https:\/\/www.systra.com\/denmark\/wp-content\/uploads\/2023\/06\/systra_vignette_dpef-75x50.jpg 75w, https:\/\/www.systra.com\/denmark\/wp-content\/uploads\/2023\/06\/systra_vignette_dpef-900x600.jpg 900w, https:\/\/www.systra.com\/denmark\/wp-content\/uploads\/2023\/06\/systra_vignette_dpef-800x533.jpg 800w, https:\/\/www.systra.com\/denmark\/wp-content\/uploads\/2023\/06\/systra_vignette_dpef-180x120.jpg 180w, https:\/\/www.systra.com\/denmark\/wp-content\/uploads\/2023\/06\/systra_vignette_dpef-153x102.jpg 153w, https:\/\/www.systra.com\/denmark\/wp-content\/uploads\/2023\/06\/systra_vignette_dpef-230x153.jpg 230w\" sizes=\"(max-width: 990px) 100vw, 990px\" \/><\/figure><\/div>\n\n\n\n<div style=\"height:100px\" aria-hidden=\"true\" class=\"wp-block-spacer\"><\/div>\n\n\n\n<div class=\"wp-block-columns is-layout-flex wp-container-core-columns-is-layout-9d6595d7 wp-block-columns-is-layout-flex\">\n<div class=\"wp-block-column has-blanc-color has-light-eggplant-background-color has-text-color has-background has-link-color wp-elements-53fbdcb2639db435b852308c03557240 is-layout-flow wp-block-column-is-layout-flow\" style=\"flex-basis:33.33%\">\n<h3 class=\"wp-block-heading has-blanc-color has-light-eggplant-background-color has-text-color has-background has-link-color wp-elements-60413227d5ef5bf3db6eb25af7a91c8f\" id=\"h-partnering-with-our-customers-on-the-most-important-projects-of-the-day\">PARTNERING WITH OUR CUSTOMERS ON THE MOST IMPORTANT PROJECTS OF THE DAY\u00a0<\/h3>\n<\/div>\n\n\n\n<div class=\"wp-block-column is-layout-flow wp-block-column-is-layout-flow\" style=\"flex-basis:66.66%\">\n<p>In partnership with our customers, we develop many of today&#8217;s most important infrastructure projects. The interaction with our customers is crucial for us to deliver the best advice and the best results &#8211; that&#8217;s why we call our collaboration with our customers a partnership.\u00a0<\/p>\n\n\n\n<p>Typically, the projects we solve are multidisciplinary, where many of our competences come into play, so our internal collaboration is also important for our solutions. At SYSTRA, we are a network organisation where we work in connected teams &#8211; this means that we collaborate across the board, no matter where we are located.\u00a0<\/p>\n<\/div>\n<\/div>\n\n\n\n<div style=\"height:100px\" aria-hidden=\"true\" class=\"wp-block-spacer\"><\/div>\n\n\n\n<div class=\"wp-block-columns is-layout-flex wp-container-core-columns-is-layout-9d6595d7 wp-block-columns-is-layout-flex\">\n<div class=\"wp-block-column is-layout-flow wp-block-column-is-layout-flow\" style=\"flex-basis:66.66%\">\n<p>For us, every project is unique and customized to the customer&#8217;s specific needs and challenges. We always go the extra mile and think ahead in our solutions to ensure that the advice we provide and the solutions we deliver not only solve today&#8217;s challenges but are also ready for the future. Our advice and solutions are based on extensive experience and knowledge from most of the country&#8217;s most important infrastructure projects.\u00a0<\/p>\n<\/div>\n\n\n\n<div class=\"wp-block-column has-pale-mauve-background-color has-background is-layout-flow wp-block-column-is-layout-flow\" style=\"flex-basis:33.33%\">\n<h3 class=\"wp-block-heading has-pale-mauve-background-color has-background\" id=\"h-every-project-is-unique-in-its-specific-purpose\">EVERY PROJECT IS UNIQUE IN ITS SPECIFIC PURPOSE\u00a0<\/h3>\n<\/div>\n<\/div>\n\n\n\n<div style=\"height:100px\" aria-hidden=\"true\" class=\"wp-block-spacer\"><\/div>\n\n\n\n<div class=\"wp-block-columns is-layout-flex wp-container-core-columns-is-layout-9d6595d7 wp-block-columns-is-layout-flex\">\n<div class=\"wp-block-column has-khaki-background-color has-background is-layout-flow wp-block-column-is-layout-flow\" style=\"flex-basis:33.33%\">\n<h3 class=\"wp-block-heading has-blanc-color has-khaki-background-color has-text-color has-background has-link-color wp-elements-3321425c1b0fcaf114f16b8d5903a9bb\" id=\"h-sustainability-is-an-integrated-part-of-our-approach-to-solutions\">SUSTAINABILITY IS AN INTEGRATED PART OF OUR APPROACH TO SOLUTIONS\u00a0<\/h3>\n<\/div>\n\n\n\n<div class=\"wp-block-column is-layout-flow wp-block-column-is-layout-flow\" style=\"flex-basis:66.66%\">\n<p>It is in the interaction with our customers that we make the biggest difference to the planet and society. In our joint projects, we advise on choices and opt-outs that protect the environment, create durability with care and support community and quality of life. In this way, sustainability naturally becomes an integral part of our approach to project solutions.\u00a0<\/p>\n<\/div>\n<\/div>\n\n\n\n<div style=\"height:100px\" aria-hidden=\"true\" class=\"wp-block-spacer\"><\/div>\n\n\n\n<div class=\"wp-block-columns is-layout-flex wp-container-core-columns-is-layout-9d6595d7 wp-block-columns-is-layout-flex\">\n<div class=\"wp-block-column is-layout-flow wp-block-column-is-layout-flow\" style=\"flex-basis:66.66%\">\n<p>We insist on having an inclusive community where everyone with the right competences can participate &#8211; and where all voices are heard. This is important for our well-being and job satisfaction &#8211; but also for us to be able to use our different perspectives and insights to create the best solutions to the problems of the future.\u00a0<\/p>\n<\/div>\n\n\n\n<div class=\"wp-block-column has-dusty-blue-background-color has-background is-layout-flow wp-block-column-is-layout-flow\" style=\"flex-basis:33.33%\">\n<h3 class=\"wp-block-heading has-blanc-color has-dusty-blue-background-color has-text-color has-background has-link-color wp-elements-bbec58b89a511977333ca557f8803307\" id=\"h-difference-makes-a-difference\">DIFFERENCE MAKES A DIFFERENCE\u00a0<\/h3>\n<\/div>\n<\/div>\n\n\n\n<div style=\"height:100px\" aria-hidden=\"true\" class=\"wp-block-spacer\"><\/div>\n\n\n\n<div class=\"wp-block-media-text alignwide is-stacked-on-mobile has-pale-mauve-background-color has-background\"><figure class=\"wp-block-media-text__media\"><img loading=\"lazy\" decoding=\"async\" width=\"600\" height=\"377\" src=\"https:\/\/www.systra.com\/denmark\/wp-content\/uploads\/sites\/26\/2023\/11\/eva-rindom.jpg\" alt=\"Eva Rindom, administrerende direkt\u00f8r\" class=\"wp-image-638 size-full\" srcset=\"https:\/\/www.systra.com\/denmark\/wp-content\/uploads\/sites\/26\/2023\/11\/eva-rindom.jpg 600w, https:\/\/www.systra.com\/denmark\/wp-content\/uploads\/sites\/26\/2023\/11\/eva-rindom-300x189.jpg 300w, https:\/\/www.systra.com\/denmark\/wp-content\/uploads\/sites\/26\/2023\/11\/eva-rindom-474x298.jpg 474w, https:\/\/www.systra.com\/denmark\/wp-content\/uploads\/sites\/26\/2023\/11\/eva-rindom-180x113.jpg 180w, https:\/\/www.systra.com\/denmark\/wp-content\/uploads\/sites\/26\/2023\/11\/eva-rindom-153x96.jpg 153w, https:\/\/www.systra.com\/denmark\/wp-content\/uploads\/sites\/26\/2023\/11\/eva-rindom-230x145.jpg 230w\" sizes=\"auto, (max-width: 600px) 100vw, 600px\" \/><\/figure><div class=\"wp-block-media-text__content\">\n<div style=\"height:20px\" aria-hidden=\"true\" class=\"wp-block-spacer\"><\/div>\n\n\n\n<blockquote class=\"wp-block-quote is-layout-flow wp-block-quote-is-layout-flow\">\n<p>As part of our ambition to better reflect the diversity in society, SYSTRA Denmark has joined DI&#8217;s strategy for gender diversity; the Gender Diversity Pledge. The goal is that together we will move the Danish business community towards a 40\/60 gender balance by 2030.\u00a0<\/p>\n<cite>Eva Rindom, Managing Director, SYSTRA Danmark A\/S\u00a0<\/cite><\/blockquote>\n\n\n\n<div style=\"height:20px\" aria-hidden=\"true\" class=\"wp-block-spacer\"><\/div>\n<\/div><\/div>\n\n\n\n<div style=\"height:100px\" aria-hidden=\"true\" class=\"wp-block-spacer\"><\/div>\n\n\n\n<p><\/p>\n","protected":false},"excerpt":{"rendered":"<p>SYSTRA IS ONE OF THE WORLD&#8217;S LEADING ENGINEERING AND CONSULTING COMPANIES SPECIALISING IN MOBILITY SOLUTIONS.\u00a0 IN DENMARK, SYSTRA HAS BEEN DESIGNING, IMPROVING AND MODERNISING INFRASTRUCTURE FOR MORE THAN 50 YEARS.\u00a0 Confidence moves the world To ensure an evolving and moving world, we must constantly believe that what we do helps push society in a more [&hellip;]<\/p>\n","protected":false},"author":159,"featured_media":1295,"parent":365,"menu_order":0,"comment_status":"closed","ping_status":"closed","template":"","meta":{"_acf_changed":false,"_relevanssi_hide_post":"","_relevanssi_hide_content":"","_relevanssi_pin_for_all":"","_relevanssi_pin_keywords":"","_relevanssi_unpin_keywords":"","_relevanssi_related_keywords":"","_relevanssi_related_include_ids":"","_relevanssi_related_exclude_ids":"","_relevanssi_related_no_append":"","_relevanssi_related_not_related":"","_relevanssi_related_posts":"834,673,875,508,601,893","_relevanssi_noindex_reason":"","footnotes":""},"class_list":["post-13198","page","type-page","status-publish","has-post-thumbnail","hentry"],"acf":[],"yoast_head":"<!-- This site is optimized with the Yoast SEO Premium plugin v27.4 (Yoast SEO v27.4) - https:\/\/yoast.com\/product\/yoast-seo-premium-wordpress\/ -->\n<title>About us\u00a0 - SYSTRA Danmark<\/title>\n<meta name=\"description\" content=\"About us\u00a0 - SYSTRA er en af verdens f\u00f8rende ingeni\u00f8r- og r\u00e5dgivningskoncerner med speciale i offentlig transport og mobilitetsl\u00f8sninger.\" \/>\n<meta name=\"robots\" content=\"index, follow, max-snippet:-1, max-image-preview:large, max-video-preview:-1\" \/>\n<meta property=\"og:locale\" content=\"en_US\" \/>\n<meta property=\"og:type\" content=\"article\" \/>\n<meta property=\"og:title\" content=\"About us\u00a0\" \/>\n<meta property=\"og:description\" content=\"About us\u00a0 - SYSTRA er en af verdens f\u00f8rende ingeni\u00f8r- og r\u00e5dgivningskoncerner med speciale i offentlig transport og mobilitetsl\u00f8sninger.\" \/>\n<meta property=\"og:url\" content=\"https:\/\/www.systra.com\/denmark\/en\/who-we-are\/about-us\/\" \/>\n<meta property=\"og:site_name\" content=\"Denmark\" \/>\n<meta property=\"article:modified_time\" content=\"2025-06-27T13:11:58+00:00\" \/>\n<meta property=\"og:image\" content=\"https:\/\/www.systra.com\/denmark\/wp-content\/uploads\/sites\/26\/2024\/01\/3.jpg\" \/>\n\t<meta property=\"og:image:width\" content=\"2016\" \/>\n\t<meta property=\"og:image:height\" content=\"1512\" \/>\n\t<meta property=\"og:image:type\" content=\"image\/jpeg\" \/>\n<meta name=\"twitter:card\" content=\"summary_large_image\" \/>\n<meta name=\"twitter:label1\" content=\"Est. reading time\" \/>\n\t<meta name=\"twitter:data1\" content=\"3 minutes\" \/>\n<script type=\"application\/ld+json\" class=\"yoast-schema-graph\">{\"@context\":\"https:\\\/\\\/schema.org\",\"@graph\":[{\"@type\":\"WebPage\",\"@id\":\"https:\\\/\\\/www.systra.com\\\/denmark\\\/en\\\/who-we-are\\\/about-us\\\/\",\"url\":\"https:\\\/\\\/www.systra.com\\\/denmark\\\/en\\\/who-we-are\\\/about-us\\\/\",\"name\":\"About us\u00a0 - SYSTRA Danmark\",\"isPartOf\":{\"@id\":\"https:\\\/\\\/www.systra.com\\\/denmark\\\/#website\"},\"primaryImageOfPage\":{\"@id\":\"https:\\\/\\\/www.systra.com\\\/denmark\\\/en\\\/who-we-are\\\/about-us\\\/#primaryimage\"},\"image\":{\"@id\":\"https:\\\/\\\/www.systra.com\\\/denmark\\\/en\\\/who-we-are\\\/about-us\\\/#primaryimage\"},\"thumbnailUrl\":\"https:\\\/\\\/www.systra.com\\\/denmark\\\/wp-content\\\/uploads\\\/sites\\\/26\\\/2024\\\/01\\\/3.jpg\",\"datePublished\":\"2025-02-13T12:29:33+00:00\",\"dateModified\":\"2025-06-27T13:11:58+00:00\",\"description\":\"About us\u00a0 - SYSTRA er en af verdens f\u00f8rende ingeni\u00f8r- og r\u00e5dgivningskoncerner med speciale i offentlig transport og mobilitetsl\u00f8sninger.\",\"breadcrumb\":{\"@id\":\"https:\\\/\\\/www.systra.com\\\/denmark\\\/en\\\/who-we-are\\\/about-us\\\/#breadcrumb\"},\"inLanguage\":\"en-US\",\"potentialAction\":[{\"@type\":\"ReadAction\",\"target\":[\"https:\\\/\\\/www.systra.com\\\/denmark\\\/en\\\/who-we-are\\\/about-us\\\/\"]}]},{\"@type\":\"ImageObject\",\"inLanguage\":\"en-US\",\"@id\":\"https:\\\/\\\/www.systra.com\\\/denmark\\\/en\\\/who-we-are\\\/about-us\\\/#primaryimage\",\"url\":\"https:\\\/\\\/www.systra.com\\\/denmark\\\/wp-content\\\/uploads\\\/sites\\\/26\\\/2024\\\/01\\\/3.jpg\",\"contentUrl\":\"https:\\\/\\\/www.systra.com\\\/denmark\\\/wp-content\\\/uploads\\\/sites\\\/26\\\/2024\\\/01\\\/3.jpg\",\"width\":2016,\"height\":1512},{\"@type\":\"BreadcrumbList\",\"@id\":\"https:\\\/\\\/www.systra.com\\\/denmark\\\/en\\\/who-we-are\\\/about-us\\\/#breadcrumb\",\"itemListElement\":[{\"@type\":\"ListItem\",\"position\":1,\"name\":\"Home\",\"item\":\"https:\\\/\\\/www.systra.com\\\/denmark\\\/\"},{\"@type\":\"ListItem\",\"position\":2,\"name\":\"Who we are\",\"item\":\"https:\\\/\\\/www.systra.com\\\/denmark\\\/en\\\/who-we-are\\\/\"},{\"@type\":\"ListItem\",\"position\":3,\"name\":\"About us\u00a0\"}]},{\"@type\":\"WebSite\",\"@id\":\"https:\\\/\\\/www.systra.com\\\/denmark\\\/#website\",\"url\":\"https:\\\/\\\/www.systra.com\\\/denmark\\\/\",\"name\":\"Denmark\",\"description\":\"Un site utilisant Les sites de Systra\",\"potentialAction\":[{\"@type\":\"SearchAction\",\"target\":{\"@type\":\"EntryPoint\",\"urlTemplate\":\"https:\\\/\\\/www.systra.com\\\/denmark\\\/?s={search_term_string}\"},\"query-input\":{\"@type\":\"PropertyValueSpecification\",\"valueRequired\":true,\"valueName\":\"search_term_string\"}}],\"inLanguage\":\"en-US\"}]}<\/script>\n<!-- \/ Yoast SEO Premium plugin. -->","yoast_head_json":{"title":"About us\u00a0 - SYSTRA Danmark","description":"About us\u00a0 - SYSTRA er en af verdens f\u00f8rende ingeni\u00f8r- og r\u00e5dgivningskoncerner med speciale i offentlig transport og mobilitetsl\u00f8sninger.","robots":{"index":"index","follow":"follow","max-snippet":"max-snippet:-1","max-image-preview":"max-image-preview:large","max-video-preview":"max-video-preview:-1"},"og_locale":"en_US","og_type":"article","og_title":"About us\u00a0","og_description":"About us\u00a0 - SYSTRA er en af verdens f\u00f8rende ingeni\u00f8r- og r\u00e5dgivningskoncerner med speciale i offentlig transport og mobilitetsl\u00f8sninger.","og_url":"https:\/\/www.systra.com\/denmark\/en\/who-we-are\/about-us\/","og_site_name":"Denmark","article_modified_time":"2025-06-27T13:11:58+00:00","og_image":[{"width":2016,"height":1512,"url":"https:\/\/www.systra.com\/denmark\/wp-content\/uploads\/sites\/26\/2024\/01\/3.jpg","type":"image\/jpeg"}],"twitter_card":"summary_large_image","twitter_misc":{"Est. reading time":"3 minutes"},"schema":{"@context":"https:\/\/schema.org","@graph":[{"@type":"WebPage","@id":"https:\/\/www.systra.com\/denmark\/en\/who-we-are\/about-us\/","url":"https:\/\/www.systra.com\/denmark\/en\/who-we-are\/about-us\/","name":"About us\u00a0 - SYSTRA Danmark","isPartOf":{"@id":"https:\/\/www.systra.com\/denmark\/#website"},"primaryImageOfPage":{"@id":"https:\/\/www.systra.com\/denmark\/en\/who-we-are\/about-us\/#primaryimage"},"image":{"@id":"https:\/\/www.systra.com\/denmark\/en\/who-we-are\/about-us\/#primaryimage"},"thumbnailUrl":"https:\/\/www.systra.com\/denmark\/wp-content\/uploads\/sites\/26\/2024\/01\/3.jpg","datePublished":"2025-02-13T12:29:33+00:00","dateModified":"2025-06-27T13:11:58+00:00","description":"About us\u00a0 - SYSTRA er en af verdens f\u00f8rende ingeni\u00f8r- og r\u00e5dgivningskoncerner med speciale i offentlig transport og mobilitetsl\u00f8sninger.","breadcrumb":{"@id":"https:\/\/www.systra.com\/denmark\/en\/who-we-are\/about-us\/#breadcrumb"},"inLanguage":"en-US","potentialAction":[{"@type":"ReadAction","target":["https:\/\/www.systra.com\/denmark\/en\/who-we-are\/about-us\/"]}]},{"@type":"ImageObject","inLanguage":"en-US","@id":"https:\/\/www.systra.com\/denmark\/en\/who-we-are\/about-us\/#primaryimage","url":"https:\/\/www.systra.com\/denmark\/wp-content\/uploads\/sites\/26\/2024\/01\/3.jpg","contentUrl":"https:\/\/www.systra.com\/denmark\/wp-content\/uploads\/sites\/26\/2024\/01\/3.jpg","width":2016,"height":1512},{"@type":"BreadcrumbList","@id":"https:\/\/www.systra.com\/denmark\/en\/who-we-are\/about-us\/#breadcrumb","itemListElement":[{"@type":"ListItem","position":1,"name":"Home","item":"https:\/\/www.systra.com\/denmark\/"},{"@type":"ListItem","position":2,"name":"Who we are","item":"https:\/\/www.systra.com\/denmark\/en\/who-we-are\/"},{"@type":"ListItem","position":3,"name":"About us\u00a0"}]},{"@type":"WebSite","@id":"https:\/\/www.systra.com\/denmark\/#website","url":"https:\/\/www.systra.com\/denmark\/","name":"Denmark","description":"Un site utilisant Les sites de Systra","potentialAction":[{"@type":"SearchAction","target":{"@type":"EntryPoint","urlTemplate":"https:\/\/www.systra.com\/denmark\/?s={search_term_string}"},"query-input":{"@type":"PropertyValueSpecification","valueRequired":true,"valueName":"search_term_string"}}],"inLanguage":"en-US"}]}},"lang":"en","translations":{"en":13198,"da":1294},"pll_sync_post":[],"_links":{"self":[{"href":"https:\/\/www.systra.com\/denmark\/wp-json\/wp\/v2\/pages\/13198","targetHints":{"allow":["GET"]}}],"collection":[{"href":"https:\/\/www.systra.com\/denmark\/wp-json\/wp\/v2\/pages"}],"about":[{"href":"https:\/\/www.systra.com\/denmark\/wp-json\/wp\/v2\/types\/page"}],"author":[{"embeddable":true,"href":"https:\/\/www.systra.com\/denmark\/wp-json\/wp\/v2\/users\/159"}],"replies":[{"embeddable":true,"href":"https:\/\/www.systra.com\/denmark\/wp-json\/wp\/v2\/comments?post=13198"}],"version-history":[{"count":2,"href":"https:\/\/www.systra.com\/denmark\/wp-json\/wp\/v2\/pages\/13198\/revisions"}],"predecessor-version":[{"id":13202,"href":"https:\/\/www.systra.com\/denmark\/wp-json\/wp\/v2\/pages\/13198\/revisions\/13202"}],"up":[{"embeddable":true,"href":"https:\/\/www.systra.com\/denmark\/wp-json\/wp\/v2\/pages\/365"}],"wp:featuredmedia":[{"embeddable":true,"href":"https:\/\/www.systra.com\/denmark\/wp-json\/wp\/v2\/media\/1295"}],"wp:attachment":[{"href":"https:\/\/www.systra.com\/denmark\/wp-json\/wp\/v2\/media?parent=13198"}],"curies":[{"name":"wp","href":"https:\/\/api.w.org\/{rel}","templated":true}]}}