{"id":13186,"date":"2025-01-13T13:58:18","date_gmt":"2025-01-13T12:58:18","guid":{"rendered":"https:\/\/www.systra.com\/denmark\/?page_id=13186"},"modified":"2026-01-06T14:17:02","modified_gmt":"2026-01-06T13:17:02","slug":"why-choose-a-job-at-systra","status":"publish","type":"page","link":"https:\/\/www.systra.com\/denmark\/en\/job-in-systra\/why-choose-a-job-at-systra\/","title":{"rendered":"Why Choose a Job at SYSTRA?\u00a0"},"content":{"rendered":"\n<h2 class=\"wp-block-heading has-pale-mauve-background-color has-background\" id=\"h-systra-is-a-place-for-you-who-are-passionate-about-your-professional-field-and-who-wish-to-engage-in-an-exciting-and-meaningfull-collaboration-on-socially-significant-projects\">SYSTRA IS A PLACE FOR YOU, WHO ARE PASSIONATE ABOUT YOUR PROFESSIONAL FIELD, AND WHO WISH TO ENGAGE IN AN EXCITING AND MEANINGFULL COLLABORATION ON SOCIALLY SIGNIFICANT PROJECTS<\/h2>\n\n\n\n<div style=\"height:100px\" aria-hidden=\"true\" class=\"wp-block-spacer\"><\/div>\n\n\n\n<div class=\"wp-block-columns is-layout-flex wp-container-core-columns-is-layout-9d6595d7 wp-block-columns-is-layout-flex\">\n<div class=\"wp-block-column is-layout-flow wp-block-column-is-layout-flow\" style=\"flex-basis:66.66%\">\n<p>As infrastructure consultants, we encompass everything from planning, designing, and establishment of railways, roads, and paths, to metros and light rails. Additionally, we work with the transmission and distribution of energy, handling of rainwater and wastewater, and climate change adaptation. Regarding IT, we at SYSTRA work with the development, operation, and maintenance of a wide range of IT solutions.&nbsp;<\/p>\n\n\n\n<div style=\"height:20px\" aria-hidden=\"true\" class=\"wp-block-spacer\"><\/div>\n\n\n\n<p>In Denmark, we are 350 consultants, project managers, and specialists. In addition, we have a strong international collaboration and professional network with colleagues from other parts of the SYSTRA group \u2013 this is what we call &#8216;Connected teams&#8217; at SYSTRA.&nbsp;&nbsp;<\/p>\n\n\n\n<div style=\"height:20px\" aria-hidden=\"true\" class=\"wp-block-spacer\"><\/div>\n\n\n\n<p>We value professionalism highly, and our passion for our field helps make us a strong collaborator for our customers and partners.&nbsp;<\/p>\n\n\n\n<div style=\"height:20px\" aria-hidden=\"true\" class=\"wp-block-spacer\"><\/div>\n\n\n\n<p>At SYSTRA, we combine the best of both worlds. Our strength lies in working in efficient teams supported by leading experts from all over the world. This creates a diverse work environment with good development opportunities. At the same time, you will be equipped to work with some of the world&#8217;s leading experts both in Denmark and abroad. We are currently in a very expansive phase, which means that as an employee at SYSTRA, you can help shape the development of the business.&nbsp;&nbsp;<\/p>\n<\/div>\n\n\n\n<div class=\"wp-block-column is-layout-flow wp-block-column-is-layout-flow\" style=\"flex-basis:33.33%\">\n<h2 class=\"wp-block-heading\" id=\"h-at-systra-you-become-part-of-a-community-of-many-different-professions\">AT SYSTRA, YOU BECOME PART OF A COMMUNITY OF MANY DIFFERENT PROFESSIONS<\/h2>\n<\/div>\n<\/div>\n\n\n\n<div style=\"height:100px\" aria-hidden=\"true\" class=\"wp-block-spacer\"><\/div>\n\n\n\n<div class=\"wrapper-home-work block-home alignfull\">\n\t<div class=\"background\"><\/div>\n\t<div class=\"wrapper-table-work\">\n\t\t<div class=\"center1130 center-table-work\">\n\t\t\t<div class=\"wrapper-singles-left wrapper-card-work\">\n\t\t\t\t\t\t\t\t\t\t<a href=\"https:\/\/www.systra.com\/denmark\/en\/news\/from-denmark-to-saudi-arabia-humphrey-designs-transport-solutions-for-the-middle-east\/\" class=\"table-work-card\"  style=\"background-image: url(https:\/\/www.systra.com\/denmark\/wp-content\/uploads\/sites\/26\/2026\/01\/humphrey-billeder-til-karriereblok-scaled.jpg)\" >\n\t\t\t\t\t\t\t<p class=\"nom\">Humphrey Hodge, Senior Consultant, Roads and Planning<\/p>\n\t\t\t\t\t\t\t<!---------------------------------->\n\t\t\t\t\t\t\t<div class=\"lien_g\">\n\t\t\t\t\t\t\t\t<span class=\"desc\">\n\t\t\t\t\t\t\t\t\t<svg class=\"icon-sprite Icon\"><use xlink:href=\"#icon_quote\" \/><\/svg>\n\t\t\t\t\t\t\t\t\t<p>At SYSTRA, I can work from Denmark and contribute to projects globally, with access to talented colleagues and specialist knowledge wherever I am.<\/p>\n\t\t\t\t\t\t\t\t<\/span>\n\t\t\t\t\t\t\t<\/div>\n\t\t\t\t\t\t\t<!---------------------------------->\n\t\t\t\t\t\t<\/a>\n\t\t\t\t\t\t\t\t\t\t\t<a href=\"\" class=\"table-work-card\"  style=\"background-image: url(https:\/\/www.systra.com\/denmark\/wp-content\/uploads\/sites\/26\/2024\/02\/mads-billeder-til-karriereblok-scaled.jpg)\" >\n\t\t\t\t\t\t\t<p class=\"nom\">Mads Flintrup, Project Leader, Bridges and Structures <\/p>\n\t\t\t\t\t\t\t<!---------------------------------->\n\t\t\t\t\t\t\t<div class=\"lien_g\">\n\t\t\t\t\t\t\t\t<span class=\"desc\">\n\t\t\t\t\t\t\t\t\t<svg class=\"icon-sprite Icon\"><use xlink:href=\"#icon_quote\" \/><\/svg>\n\t\t\t\t\t\t\t\t\t<p>I balance leading exciting projects with creating new opportunities for SYSTRA through my network \u2013 a perfect fit.<\/p>\n\t\t\t\t\t\t\t\t<\/span>\n\t\t\t\t\t\t\t<\/div>\n\t\t\t\t\t\t\t<!---------------------------------->\n\t\t\t\t\t\t<\/a>\n\t\t\t\t\t\t\t\t\t<\/div>\n\t\t\t                    \n\t\t\t<div class=\"table-separator\"><\/div>\n\t\t\t<div class=\"wrapper-singles-right wrapper-card-work\">\n\t\t\t\t\t\t\t\t\t\t<a href=\"\" class=\"table-work-card\"  style=\"background-image: url(https:\/\/www.systra.com\/denmark\/wp-content\/uploads\/sites\/26\/2024\/02\/rasmus_billeder-til-karriereblok-scaled.jpg)\" >\n\t\t\t\t\t\t\t<p class=\"nom\">Rasmus Svith, Department Manager, Roads and Planning<\/p>\n\t\t\t\t\t\t\t<div class=\"lien_g\">\n\t\t\t\t\t\t\t\t<span class=\"desc\">\n\t\t\t\t\t\t\t\t\t<svg class=\"icon-sprite Icon\"><use xlink:href=\"#icon_quote\" \/><\/svg>\n\t\t\t\t\t\t\t\t\t<p>In roads, we focus on construction, urban spaces, and developments. With high demand, we&#039;re seeking more talented colleagues.<\/p>\n\t\t\t\t\t\t\t\t<\/span>\n\t\t\t\t\t\t\t<\/div>\n\t\t\t\t\t\t<\/a>\n\t\t\t\t\t\t\t\t\t\t\t<a href=\"\" class=\"table-work-card\"  style=\"background-image: url(https:\/\/www.systra.com\/denmark\/wp-content\/uploads\/sites\/26\/2024\/02\/lotte_billeder-til-karriereblok-scaled.jpg)\" >\n\t\t\t\t\t\t\t<p class=\"nom\">Lotte Lind Larsen, Senior Consultant, Permanent Way<\/p>\n\t\t\t\t\t\t\t<div class=\"lien_g\">\n\t\t\t\t\t\t\t\t<span class=\"desc\">\n\t\t\t\t\t\t\t\t\t<svg class=\"icon-sprite Icon\"><use xlink:href=\"#icon_quote\" \/><\/svg>\n\t\t\t\t\t\t\t\t\t<p>As a discipline leader, I work closely with teams nationwide, supported by strong communication and effective tools.<\/p>\n\t\t\t\t\t\t\t\t<\/span>\n\t\t\t\t\t\t\t<\/div>\n\t\t\t\t\t\t<\/a>\n\t\t\t\t\t\t\t\t\t<\/div>\n\t\t\t    \n\t\t<\/div>\n\t<\/div>\n\t<div class=\"home-work-top\">\n\t\t<div class=\"center1130\">\n\t\t\t<div class=\"home-work-top-content\">\n\t\t\t\t<svg class=\"icon-sprite deco-home-work-part\"><use xlink:href=\"#icon_deco_systra_blanc\" \/><\/svg>\n\t\t\t\t<div class=\"titre\">\n\t\t\t\t\tInterested In Becoming Part of SYSTRA? \t\t\t\t<\/div>\n\t\t\t\t<div class=\"excerpt\">\n\t\t\t\t\tExplore all open positions by clicking the link below. \r\nAlso feel free to send us an unsolicited application. \t\t\t\t<\/div>\n\t\t\t\t<a href=\"\" class=\"link\"><svg class=\"icon-sprite Icon\"><use xlink:href=\"#icon_account\" \/><\/svg><span>CONTACTS AT SYSTRA IN DENMARK <\/span><\/a>\n\t\t\t<\/div>\n\t\t<\/div>\n\t\t<div class=\"wrapper-table-work-mobileview\">\n\t\t\t<div class=\"wrapper-singles-right wrapper-card-work\">\n\t\t\t\t\t\t\t\t\t\t<div class=\"table-work-card\"  style=\"background-image: url(https:\/\/www.systra.com\/denmark\/wp-content\/uploads\/sites\/26\/2024\/02\/rasmus_billeder-til-karriereblok-scaled.jpg)\" >\n\t\t\t\t\t\t\t<span class=\"nom\">Rasmus Svith, Department Manager, Roads and Planning<\/span>\n\t\t\t\t\t\t<\/span>\n\t\t\t\t\t<\/div>\n\t\t\t\t\t\t\t\t\t\t<div class=\"table-work-card\"  style=\"background-image: url(https:\/\/www.systra.com\/denmark\/wp-content\/uploads\/sites\/26\/2024\/02\/lotte_billeder-til-karriereblok-scaled.jpg)\" >\n\t\t\t\t\t\t\t<span class=\"nom\">Lotte Lind Larsen, Senior Consultant, Permanent Way<\/span>\n\t\t\t\t\t\t<\/span>\n\t\t\t\t\t<\/div>\n\t\t\t\t\t\t\t<\/div>\n\t\t    \n\t<\/div>\n<\/div>\n<div class=\"home-work-bottom\">\n\t\t<div class=\"center1130\">\n\t\t<div class=\"line-work\">\n\t\t\t\t\t\t\t\t\t\t\t<\/div>\n\t\t<div class=\"line-work\">\n\t\t\t\t\t\t\t\t\t\t\t<\/div>\n\t\t<div class=\"line-work-last\">\n\t\t\t\t\t\t\t\t\t<a href=\"https:\/\/jobs.systra.com\/\"  target=\"_blank\" class=\"single-line-work-all btn-hover\"><svg class=\"icon-sprite Icon\"><use xlink:href=\"#icon_list\" \/><\/svg><span>See all job offers<\/span><\/a>\n\t\t\t<\/div>\t\t\t\n<\/div>\n<\/div>\n<\/div>\n\n\n\n<div style=\"height:100px\" aria-hidden=\"true\" class=\"wp-block-spacer\"><\/div>\n\n\n\n<div class=\"wp-block-columns is-layout-flex wp-container-core-columns-is-layout-9d6595d7 wp-block-columns-is-layout-flex\">\n<div class=\"wp-block-column is-layout-flow wp-block-column-is-layout-flow\" style=\"flex-basis:33.33%\">\n<h2 class=\"wp-block-heading\" id=\"h-have-influence-on-your-work-life-nbsp\">HAVE INFLUENCE ON YOUR WORK LIFE&nbsp;<\/h2>\n<\/div>\n\n\n\n<div class=\"wp-block-column is-layout-flow wp-block-column-is-layout-flow\" style=\"flex-basis:66.66%\">\n<p>Our work environment is characterized by responsibility, a high degree of flexibility, and collaboration among diverse, professionally skilled, and supportive colleagues.&nbsp;<\/p>\n\n\n\n<div style=\"height:20px\" aria-hidden=\"true\" class=\"wp-block-spacer\"><\/div>\n\n\n\n<p>At SYSTRA, you have influence on your own tasks. During regular meetings with your manager, you have the opportunity to discuss your preferences for current and future tasks. This is not only about your daily work but also about your development within the tasks, the job, and your future career opportunities.&nbsp;<\/p>\n\n\n\n<div style=\"height:20px\" aria-hidden=\"true\" class=\"wp-block-spacer\"><\/div>\n\n\n\n<p>We develop our workplace based on an understanding that we are all individuals with our own needs, development desires, and preferences. Therefore, flexibility at SYSTRA means providing influence over the framework of our work lives. For the workplace, this means flexible frames for working hours, work location (e.g., remote work), compensation packages, and office spaces.&nbsp;<\/p>\n<\/div>\n<\/div>\n\n\n\n<div style=\"height:100px\" aria-hidden=\"true\" class=\"wp-block-spacer\"><\/div>\n\n\n\n<div class=\"wp-block-media-text alignfull has-media-on-the-right is-stacked-on-mobile is-vertically-aligned-center has-pale-mauve-background-color has-background\" style=\"grid-template-columns:auto 45%\"><div class=\"wp-block-media-text__content\">\n<blockquote class=\"wp-block-quote has-pale-mauve-background-color has-background is-layout-flow wp-block-quote-is-layout-flow\">\n<p>At SYSTRA, we develop our workplace based on the understanding that we are all individuals with our own needs and preferences. Therefore, flexibility at SYSTRA is about providing influence over the framework of our work lives.<\/p>\n<cite>Annelise Zidi, HR-director&nbsp;<\/cite><\/blockquote>\n\n\n\n<div class=\"wp-block-buttons is-layout-flex wp-block-buttons-is-layout-flex\">\n<div class=\"wp-block-button\"><a class=\"wp-block-button__link wp-element-button\" href=\"https:\/\/www.systra.com\/denmark\/en\/news\/influence-and-flexibility\/\">READ MORE&nbsp;<\/a><\/div>\n<\/div>\n\n\n\n<div style=\"height:20px\" aria-hidden=\"true\" class=\"wp-block-spacer\"><\/div>\n<\/div><figure class=\"wp-block-media-text__media\"><img loading=\"lazy\" decoding=\"async\" width=\"1024\" height=\"683\" src=\"https:\/\/www.systra.com\/denmark\/wp-content\/uploads\/sites\/26\/2025\/07\/annelise-small-1024x683.jpg\" alt=\"\" class=\"wp-image-45678 size-full\" srcset=\"https:\/\/www.systra.com\/denmark\/wp-content\/uploads\/sites\/26\/2025\/07\/annelise-small-1024x683.jpg 1024w, https:\/\/www.systra.com\/denmark\/wp-content\/uploads\/sites\/26\/2025\/07\/annelise-small-300x200.jpg 300w, https:\/\/www.systra.com\/denmark\/wp-content\/uploads\/sites\/26\/2025\/07\/annelise-small-768x512.jpg 768w, https:\/\/www.systra.com\/denmark\/wp-content\/uploads\/sites\/26\/2025\/07\/annelise-small-1536x1024.jpg 1536w, https:\/\/www.systra.com\/denmark\/wp-content\/uploads\/sites\/26\/2025\/07\/annelise-small-375x250.jpg 375w, https:\/\/www.systra.com\/denmark\/wp-content\/uploads\/sites\/26\/2025\/07\/annelise-small-376x250.jpg 376w, https:\/\/www.systra.com\/denmark\/wp-content\/uploads\/sites\/26\/2025\/07\/annelise-small-474x316.jpg 474w, https:\/\/www.systra.com\/denmark\/wp-content\/uploads\/sites\/26\/2025\/07\/annelise-small-75x50.jpg 75w, https:\/\/www.systra.com\/denmark\/wp-content\/uploads\/sites\/26\/2025\/07\/annelise-small-900x600.jpg 900w, https:\/\/www.systra.com\/denmark\/wp-content\/uploads\/sites\/26\/2025\/07\/annelise-small-1700x1134.jpg 1700w, https:\/\/www.systra.com\/denmark\/wp-content\/uploads\/sites\/26\/2025\/07\/annelise-small-1352x902.jpg 1352w, https:\/\/www.systra.com\/denmark\/wp-content\/uploads\/sites\/26\/2025\/07\/annelise-small-800x534.jpg 800w, https:\/\/www.systra.com\/denmark\/wp-content\/uploads\/sites\/26\/2025\/07\/annelise-small-180x120.jpg 180w, https:\/\/www.systra.com\/denmark\/wp-content\/uploads\/sites\/26\/2025\/07\/annelise-small-153x102.jpg 153w, https:\/\/www.systra.com\/denmark\/wp-content\/uploads\/sites\/26\/2025\/07\/annelise-small-230x153.jpg 230w\" sizes=\"auto, (max-width: 1024px) 100vw, 1024px\" \/><\/figure><\/div>\n\n\n\n<div style=\"height:100px\" aria-hidden=\"true\" class=\"wp-block-spacer\"><\/div>\n\n\n\n<h2 class=\"wp-block-heading alignwide has-pale-mauve-background-color has-background\" id=\"h-other-benefits-of-working-at-systra-nbsp\">Other benefits of working at SYSTRA&nbsp;<\/h2>\n\n\n\n<div style=\"height:20px\" aria-hidden=\"true\" class=\"wp-block-spacer\"><\/div>\n\n\n\n<p>Besides a strong professional community and flexibility, we also offer other excellent employment conditions, such as:&nbsp;<\/p>\n\n\n\n<p><\/p>\n\n\n\n<ul class=\"wp-block-list\">\n<li>Good maternity and paternity leave conditions&nbsp;<\/li>\n\n\n\n<li>Childcare days for parents with children under 7 years old&nbsp;<\/li>\n\n\n\n<li>Flexible pension schemes&nbsp;<\/li>\n\n\n\n<li>Paid Pension during maternity\/parental leave (in the period of parental benefit)&nbsp;<\/li>\n\n\n\n<li>Senior scheme&nbsp;<\/li>\n\n\n\n<li>Subsidies to internet at home&nbsp;<\/li>\n\n\n\n<li>Phone with free call access in Denmark and many other countries&nbsp;<\/li>\n\n\n\n<li>Gross salary schemes for things like newspapers, massages, health insurance, etc.&nbsp;<\/li>\n\n\n\n<li>Lunch schemes &nbsp;<\/li>\n\n\n\n<li>Social events such as summer parties, Christmas parties, Friday bars&nbsp;&nbsp;<\/li>\n\n\n\n<li>Opportunities to participate in study trips&nbsp;&nbsp;<\/li>\n\n\n\n<li>Automatic membership of our staff association and sports club, which offers board game nights, cultural events, horseback riding, etc.&nbsp;&nbsp;<\/li>\n\n\n\n<li>In some offices, there is access to a gym and, for example, yoga classes&nbsp;&nbsp;<\/li>\n\n\n\n<li>Access to a wide range of discount schemes&nbsp;<\/li>\n<\/ul>\n\n\n\n<div style=\"height:100px\" aria-hidden=\"true\" class=\"wp-block-spacer\"><\/div>\n\n\n\n\n<div class=\"wrapper-home-group block-home\">\n\t<div class=\"home-group-bg\"><\/div>\n\t<div class=\"content-txt\">\n\t\t<div class=\"titre\">CONFIDENCE MOVES THE WORLD <\/div>\n\t\t<blockquote class=\"citation\">\n\t\t\t<svg class=\"icon-sprite Icon\"><use xlink:href=\"#icon_quote\" \/><\/svg>\n\t\t\t<p class=\"citation-excerpt\">\n\t\t\t\tReach out &#8211; all our channels are open \t\t\t<\/p>\n\t\t\t\t\t<\/blockquote>\n\t<\/div>\n\t\t\t<div class=\"content-img\">\n\t\t\t<a href=\"https:\/\/www.systra.com\/denmark\/en\/contact-2\/\" class=\"btn-bloc-group-home btn-red-hover\"><span>Contact SYSTRA in Denmark<\/span><\/a>\n\t\t\t<img decoding=\"async\" src=\"https:\/\/www.systra.com\/denmark\/wp-content\/uploads\/sites\/26\/2024\/02\/logo_mask_img-1.png\" alt=\"\">\n\t\t<\/div>\n\t\t\n<\/div>\n\t    \n\n\n<p><\/p>\n","protected":false},"excerpt":{"rendered":"<p>SYSTRA IS A PLACE FOR YOU, WHO ARE PASSIONATE ABOUT YOUR PROFESSIONAL FIELD, AND WHO WISH TO ENGAGE IN AN EXCITING AND MEANINGFULL COLLABORATION ON SOCIALLY SIGNIFICANT PROJECTS As infrastructure consultants, we encompass everything from planning, designing, and establishment of railways, roads, and paths, to metros and light rails. Additionally, we work with the transmission [&hellip;]<\/p>\n","protected":false},"author":159,"featured_media":12327,"parent":12360,"menu_order":0,"comment_status":"closed","ping_status":"closed","template":"","meta":{"_acf_changed":false,"_relevanssi_hide_post":"","_relevanssi_hide_content":"","_relevanssi_pin_for_all":"","_relevanssi_pin_keywords":"","_relevanssi_unpin_keywords":"","_relevanssi_related_keywords":"","_relevanssi_related_include_ids":"","_relevanssi_related_exclude_ids":"","_relevanssi_related_no_append":"","_relevanssi_related_not_related":"","_relevanssi_related_posts":"468,508,622,886,785,875","_relevanssi_noindex_reason":"","footnotes":""},"class_list":["post-13186","page","type-page","status-publish","has-post-thumbnail","hentry"],"acf":[],"yoast_head":"<!-- This site is optimized with the Yoast SEO Premium plugin v27.4 (Yoast SEO v27.4) - https:\/\/yoast.com\/product\/yoast-seo-premium-wordpress\/ -->\n<title>Why Choose a Job at SYSTRA?\u00a0 - SYSTRA Danmark<\/title>\n<meta name=\"description\" content=\"Why Choose a Job at SYSTRA?\u00a0 - SYSTRA er en af verdens f\u00f8rende ingeni\u00f8r- og r\u00e5dgivningskoncerner med speciale i offentlig transport og mobilitetsl\u00f8sninger.\" \/>\n<meta name=\"robots\" content=\"index, follow, max-snippet:-1, max-image-preview:large, max-video-preview:-1\" \/>\n<meta property=\"og:locale\" content=\"en_US\" \/>\n<meta property=\"og:type\" content=\"article\" \/>\n<meta property=\"og:title\" content=\"Why Choose a Job at SYSTRA?\u00a0\" \/>\n<meta property=\"og:description\" content=\"Why Choose a Job at SYSTRA?\u00a0 - SYSTRA er en af verdens f\u00f8rende ingeni\u00f8r- og r\u00e5dgivningskoncerner med speciale i offentlig transport og mobilitetsl\u00f8sninger.\" \/>\n<meta property=\"og:url\" content=\"https:\/\/www.systra.com\/denmark\/en\/job-in-systra\/why-choose-a-job-at-systra\/\" \/>\n<meta property=\"og:site_name\" content=\"Denmark\" \/>\n<meta property=\"article:modified_time\" content=\"2026-01-06T13:17:02+00:00\" \/>\n<meta property=\"og:image\" content=\"https:\/\/www.systra.com\/denmark\/wp-content\/uploads\/sites\/26\/2024\/10\/2021-capa-copenhagen-c6a3963-scaled-e1728982276953.jpg\" \/>\n\t<meta property=\"og:image:width\" content=\"2560\" \/>\n\t<meta property=\"og:image:height\" content=\"1292\" \/>\n\t<meta property=\"og:image:type\" content=\"image\/jpeg\" \/>\n<meta name=\"twitter:card\" content=\"summary_large_image\" \/>\n<meta name=\"twitter:label1\" content=\"Est. reading time\" \/>\n\t<meta name=\"twitter:data1\" content=\"3 minutes\" \/>\n<script type=\"application\/ld+json\" class=\"yoast-schema-graph\">{\"@context\":\"https:\\\/\\\/schema.org\",\"@graph\":[{\"@type\":\"WebPage\",\"@id\":\"https:\\\/\\\/www.systra.com\\\/denmark\\\/en\\\/job-in-systra\\\/why-choose-a-job-at-systra\\\/\",\"url\":\"https:\\\/\\\/www.systra.com\\\/denmark\\\/en\\\/job-in-systra\\\/why-choose-a-job-at-systra\\\/\",\"name\":\"Why Choose a Job at SYSTRA?\u00a0 - SYSTRA Danmark\",\"isPartOf\":{\"@id\":\"https:\\\/\\\/www.systra.com\\\/denmark\\\/#website\"},\"primaryImageOfPage\":{\"@id\":\"https:\\\/\\\/www.systra.com\\\/denmark\\\/en\\\/job-in-systra\\\/why-choose-a-job-at-systra\\\/#primaryimage\"},\"image\":{\"@id\":\"https:\\\/\\\/www.systra.com\\\/denmark\\\/en\\\/job-in-systra\\\/why-choose-a-job-at-systra\\\/#primaryimage\"},\"thumbnailUrl\":\"https:\\\/\\\/www.systra.com\\\/denmark\\\/wp-content\\\/uploads\\\/sites\\\/26\\\/2024\\\/10\\\/2021-capa-copenhagen-c6a3963-scaled-e1728982276953.jpg\",\"datePublished\":\"2025-01-13T12:58:18+00:00\",\"dateModified\":\"2026-01-06T13:17:02+00:00\",\"description\":\"Why Choose a Job at SYSTRA?\u00a0 - SYSTRA er en af verdens f\u00f8rende ingeni\u00f8r- og r\u00e5dgivningskoncerner med speciale i offentlig transport og mobilitetsl\u00f8sninger.\",\"breadcrumb\":{\"@id\":\"https:\\\/\\\/www.systra.com\\\/denmark\\\/en\\\/job-in-systra\\\/why-choose-a-job-at-systra\\\/#breadcrumb\"},\"inLanguage\":\"en-US\",\"potentialAction\":[{\"@type\":\"ReadAction\",\"target\":[\"https:\\\/\\\/www.systra.com\\\/denmark\\\/en\\\/job-in-systra\\\/why-choose-a-job-at-systra\\\/\"]}]},{\"@type\":\"ImageObject\",\"inLanguage\":\"en-US\",\"@id\":\"https:\\\/\\\/www.systra.com\\\/denmark\\\/en\\\/job-in-systra\\\/why-choose-a-job-at-systra\\\/#primaryimage\",\"url\":\"https:\\\/\\\/www.systra.com\\\/denmark\\\/wp-content\\\/uploads\\\/sites\\\/26\\\/2024\\\/10\\\/2021-capa-copenhagen-c6a3963-scaled-e1728982276953.jpg\",\"contentUrl\":\"https:\\\/\\\/www.systra.com\\\/denmark\\\/wp-content\\\/uploads\\\/sites\\\/26\\\/2024\\\/10\\\/2021-capa-copenhagen-c6a3963-scaled-e1728982276953.jpg\",\"width\":2560,\"height\":1292},{\"@type\":\"BreadcrumbList\",\"@id\":\"https:\\\/\\\/www.systra.com\\\/denmark\\\/en\\\/job-in-systra\\\/why-choose-a-job-at-systra\\\/#breadcrumb\",\"itemListElement\":[{\"@type\":\"ListItem\",\"position\":1,\"name\":\"Home\",\"item\":\"https:\\\/\\\/www.systra.com\\\/denmark\\\/\"},{\"@type\":\"ListItem\",\"position\":2,\"name\":\"Job in SYSTRA\",\"item\":\"https:\\\/\\\/www.systra.com\\\/denmark\\\/en\\\/job-in-systra\\\/\"},{\"@type\":\"ListItem\",\"position\":3,\"name\":\"Why Choose a Job at SYSTRA?\u00a0\"}]},{\"@type\":\"WebSite\",\"@id\":\"https:\\\/\\\/www.systra.com\\\/denmark\\\/#website\",\"url\":\"https:\\\/\\\/www.systra.com\\\/denmark\\\/\",\"name\":\"Denmark\",\"description\":\"Un site utilisant Les sites de Systra\",\"potentialAction\":[{\"@type\":\"SearchAction\",\"target\":{\"@type\":\"EntryPoint\",\"urlTemplate\":\"https:\\\/\\\/www.systra.com\\\/denmark\\\/?s={search_term_string}\"},\"query-input\":{\"@type\":\"PropertyValueSpecification\",\"valueRequired\":true,\"valueName\":\"search_term_string\"}}],\"inLanguage\":\"en-US\"}]}<\/script>\n<!-- \/ Yoast SEO Premium plugin. -->","yoast_head_json":{"title":"Why Choose a Job at SYSTRA?\u00a0 - SYSTRA Danmark","description":"Why Choose a Job at SYSTRA?\u00a0 - SYSTRA er en af verdens f\u00f8rende ingeni\u00f8r- og r\u00e5dgivningskoncerner med speciale i offentlig transport og mobilitetsl\u00f8sninger.","robots":{"index":"index","follow":"follow","max-snippet":"max-snippet:-1","max-image-preview":"max-image-preview:large","max-video-preview":"max-video-preview:-1"},"og_locale":"en_US","og_type":"article","og_title":"Why Choose a Job at SYSTRA?\u00a0","og_description":"Why Choose a Job at SYSTRA?\u00a0 - SYSTRA er en af verdens f\u00f8rende ingeni\u00f8r- og r\u00e5dgivningskoncerner med speciale i offentlig transport og mobilitetsl\u00f8sninger.","og_url":"https:\/\/www.systra.com\/denmark\/en\/job-in-systra\/why-choose-a-job-at-systra\/","og_site_name":"Denmark","article_modified_time":"2026-01-06T13:17:02+00:00","og_image":[{"width":2560,"height":1292,"url":"https:\/\/www.systra.com\/denmark\/wp-content\/uploads\/sites\/26\/2024\/10\/2021-capa-copenhagen-c6a3963-scaled-e1728982276953.jpg","type":"image\/jpeg"}],"twitter_card":"summary_large_image","twitter_misc":{"Est. reading time":"3 minutes"},"schema":{"@context":"https:\/\/schema.org","@graph":[{"@type":"WebPage","@id":"https:\/\/www.systra.com\/denmark\/en\/job-in-systra\/why-choose-a-job-at-systra\/","url":"https:\/\/www.systra.com\/denmark\/en\/job-in-systra\/why-choose-a-job-at-systra\/","name":"Why Choose a Job at SYSTRA?\u00a0 - SYSTRA Danmark","isPartOf":{"@id":"https:\/\/www.systra.com\/denmark\/#website"},"primaryImageOfPage":{"@id":"https:\/\/www.systra.com\/denmark\/en\/job-in-systra\/why-choose-a-job-at-systra\/#primaryimage"},"image":{"@id":"https:\/\/www.systra.com\/denmark\/en\/job-in-systra\/why-choose-a-job-at-systra\/#primaryimage"},"thumbnailUrl":"https:\/\/www.systra.com\/denmark\/wp-content\/uploads\/sites\/26\/2024\/10\/2021-capa-copenhagen-c6a3963-scaled-e1728982276953.jpg","datePublished":"2025-01-13T12:58:18+00:00","dateModified":"2026-01-06T13:17:02+00:00","description":"Why Choose a Job at SYSTRA?\u00a0 - SYSTRA er en af verdens f\u00f8rende ingeni\u00f8r- og r\u00e5dgivningskoncerner med speciale i offentlig transport og mobilitetsl\u00f8sninger.","breadcrumb":{"@id":"https:\/\/www.systra.com\/denmark\/en\/job-in-systra\/why-choose-a-job-at-systra\/#breadcrumb"},"inLanguage":"en-US","potentialAction":[{"@type":"ReadAction","target":["https:\/\/www.systra.com\/denmark\/en\/job-in-systra\/why-choose-a-job-at-systra\/"]}]},{"@type":"ImageObject","inLanguage":"en-US","@id":"https:\/\/www.systra.com\/denmark\/en\/job-in-systra\/why-choose-a-job-at-systra\/#primaryimage","url":"https:\/\/www.systra.com\/denmark\/wp-content\/uploads\/sites\/26\/2024\/10\/2021-capa-copenhagen-c6a3963-scaled-e1728982276953.jpg","contentUrl":"https:\/\/www.systra.com\/denmark\/wp-content\/uploads\/sites\/26\/2024\/10\/2021-capa-copenhagen-c6a3963-scaled-e1728982276953.jpg","width":2560,"height":1292},{"@type":"BreadcrumbList","@id":"https:\/\/www.systra.com\/denmark\/en\/job-in-systra\/why-choose-a-job-at-systra\/#breadcrumb","itemListElement":[{"@type":"ListItem","position":1,"name":"Home","item":"https:\/\/www.systra.com\/denmark\/"},{"@type":"ListItem","position":2,"name":"Job in SYSTRA","item":"https:\/\/www.systra.com\/denmark\/en\/job-in-systra\/"},{"@type":"ListItem","position":3,"name":"Why Choose a Job at SYSTRA?\u00a0"}]},{"@type":"WebSite","@id":"https:\/\/www.systra.com\/denmark\/#website","url":"https:\/\/www.systra.com\/denmark\/","name":"Denmark","description":"Un site utilisant Les sites de Systra","potentialAction":[{"@type":"SearchAction","target":{"@type":"EntryPoint","urlTemplate":"https:\/\/www.systra.com\/denmark\/?s={search_term_string}"},"query-input":{"@type":"PropertyValueSpecification","valueRequired":true,"valueName":"search_term_string"}}],"inLanguage":"en-US"}]}},"lang":"en","translations":{"en":13186,"da":1497},"pll_sync_post":[],"_links":{"self":[{"href":"https:\/\/www.systra.com\/denmark\/wp-json\/wp\/v2\/pages\/13186","targetHints":{"allow":["GET"]}}],"collection":[{"href":"https:\/\/www.systra.com\/denmark\/wp-json\/wp\/v2\/pages"}],"about":[{"href":"https:\/\/www.systra.com\/denmark\/wp-json\/wp\/v2\/types\/page"}],"author":[{"embeddable":true,"href":"https:\/\/www.systra.com\/denmark\/wp-json\/wp\/v2\/users\/159"}],"replies":[{"embeddable":true,"href":"https:\/\/www.systra.com\/denmark\/wp-json\/wp\/v2\/comments?post=13186"}],"version-history":[{"count":3,"href":"https:\/\/www.systra.com\/denmark\/wp-json\/wp\/v2\/pages\/13186\/revisions"}],"predecessor-version":[{"id":63584,"href":"https:\/\/www.systra.com\/denmark\/wp-json\/wp\/v2\/pages\/13186\/revisions\/63584"}],"up":[{"embeddable":true,"href":"https:\/\/www.systra.com\/denmark\/wp-json\/wp\/v2\/pages\/12360"}],"wp:featuredmedia":[{"embeddable":true,"href":"https:\/\/www.systra.com\/denmark\/wp-json\/wp\/v2\/media\/12327"}],"wp:attachment":[{"href":"https:\/\/www.systra.com\/denmark\/wp-json\/wp\/v2\/media?parent=13186"}],"curies":[{"name":"wp","href":"https:\/\/api.w.org\/{rel}","templated":true}]}}