{"id":13183,"date":"2025-01-15T16:30:15","date_gmt":"2025-01-15T15:30:15","guid":{"rendered":"https:\/\/www.systra.com\/denmark\/?page_id=13183"},"modified":"2026-01-05T15:24:06","modified_gmt":"2026-01-05T14:24:06","slug":"are-you-a-student","status":"publish","type":"page","link":"https:\/\/www.systra.com\/denmark\/en\/job-in-systra\/are-you-a-student\/","title":{"rendered":"Are You a Student?\u00a0"},"content":{"rendered":"\n<h2 class=\"wp-block-heading has-pale-mauve-background-color has-background\" id=\"h-is-the-consulting-industry-something-for-you-at-systra-you-become-part-of-a-large-and-exciting-professional-environment-where-you-can-develop-your-career-nbsp\">IS THE CONSULTING INDUSTRY SOMETHING FOR YOU? AT SYSTRA, YOU BECOME PART OF A LARGE AND EXCITING PROFESSIONAL ENVIRONMENT WHERE YOU CAN DEVELOP YOUR CAREER&nbsp;<\/h2>\n\n\n\n<div style=\"height:100px\" aria-hidden=\"true\" class=\"wp-block-spacer\"><\/div>\n\n\n\n<div class=\"wp-block-media-text alignwide is-stacked-on-mobile has-pale-mauve-background-color has-background\" style=\"grid-template-columns:35% auto\"><figure class=\"wp-block-media-text__media\"><img loading=\"lazy\" decoding=\"async\" width=\"1024\" height=\"683\" src=\"https:\/\/www.systra.com\/denmark\/wp-content\/uploads\/sites\/26\/2024\/01\/baeredygtighed-metro-kobenhavn-by-gron-72-dpi-1-1024x683.jpg\" alt=\"\" class=\"wp-image-1661 size-full\" srcset=\"https:\/\/www.systra.com\/denmark\/wp-content\/uploads\/sites\/26\/2024\/01\/baeredygtighed-metro-kobenhavn-by-gron-72-dpi-1-1024x683.jpg 1024w, https:\/\/www.systra.com\/denmark\/wp-content\/uploads\/sites\/26\/2024\/01\/baeredygtighed-metro-kobenhavn-by-gron-72-dpi-1-300x200.jpg 300w, https:\/\/www.systra.com\/denmark\/wp-content\/uploads\/sites\/26\/2024\/01\/baeredygtighed-metro-kobenhavn-by-gron-72-dpi-1-768x512.jpg 768w, https:\/\/www.systra.com\/denmark\/wp-content\/uploads\/sites\/26\/2024\/01\/baeredygtighed-metro-kobenhavn-by-gron-72-dpi-1-375x250.jpg 375w, https:\/\/www.systra.com\/denmark\/wp-content\/uploads\/sites\/26\/2024\/01\/baeredygtighed-metro-kobenhavn-by-gron-72-dpi-1-376x250.jpg 376w, https:\/\/www.systra.com\/denmark\/wp-content\/uploads\/sites\/26\/2024\/01\/baeredygtighed-metro-kobenhavn-by-gron-72-dpi-1-474x316.jpg 474w, https:\/\/www.systra.com\/denmark\/wp-content\/uploads\/sites\/26\/2024\/01\/baeredygtighed-metro-kobenhavn-by-gron-72-dpi-1-75x50.jpg 75w, https:\/\/www.systra.com\/denmark\/wp-content\/uploads\/sites\/26\/2024\/01\/baeredygtighed-metro-kobenhavn-by-gron-72-dpi-1-900x600.jpg 900w, https:\/\/www.systra.com\/denmark\/wp-content\/uploads\/sites\/26\/2024\/01\/baeredygtighed-metro-kobenhavn-by-gron-72-dpi-1-800x533.jpg 800w, https:\/\/www.systra.com\/denmark\/wp-content\/uploads\/sites\/26\/2024\/01\/baeredygtighed-metro-kobenhavn-by-gron-72-dpi-1-180x120.jpg 180w, https:\/\/www.systra.com\/denmark\/wp-content\/uploads\/sites\/26\/2024\/01\/baeredygtighed-metro-kobenhavn-by-gron-72-dpi-1-153x102.jpg 153w, https:\/\/www.systra.com\/denmark\/wp-content\/uploads\/sites\/26\/2024\/01\/baeredygtighed-metro-kobenhavn-by-gron-72-dpi-1-230x153.jpg 230w, https:\/\/www.systra.com\/denmark\/wp-content\/uploads\/sites\/26\/2024\/01\/baeredygtighed-metro-kobenhavn-by-gron-72-dpi-1.jpg 1311w\" sizes=\"auto, (max-width: 1024px) 100vw, 1024px\" \/><\/figure><div class=\"wp-block-media-text__content\">\n<div style=\"height:20px\" aria-hidden=\"true\" class=\"wp-block-spacer\"><\/div>\n\n\n\n<h3 class=\"wp-block-heading\" id=\"h-confidence-moves-the-world\">Confidence moves the world<\/h3>\n\n\n\n<p>SYSTRA is an engineering consultancy. We plan and design bridges, roads and paths, railways, light rails, metros, and energy supply. We do IT development and work with water management and climate change adaptation. Safety and sustainability are important elements in the projects we solve.&nbsp;<\/p>\n\n\n\n<p>As a student at SYSTRA, you will contribute to ensuring that you and everyone else can easily move from one place to another. The projects we solve at SYSTRA are the backbone and heart of a well-functioning and dynamic society.&nbsp;<\/p>\n\n\n\n<div style=\"height:20px\" aria-hidden=\"true\" class=\"wp-block-spacer\"><\/div>\n<\/div><\/div>\n\n\n\n<div style=\"height:100px\" aria-hidden=\"true\" class=\"wp-block-spacer\"><\/div>\n\n\n\n<div class=\"wp-block-columns is-layout-flex wp-container-core-columns-is-layout-9d6595d7 wp-block-columns-is-layout-flex\">\n<div class=\"wp-block-column is-layout-flow wp-block-column-is-layout-flow\" style=\"flex-basis:33.33%\">\n<h2 class=\"wp-block-heading\" id=\"h-looking-for-an-internship-collaboration-on-a-study-project-or-a-student-job-nbsp\">Looking For an Internship, Collaboration on A Study Project, Or a Student Job?&nbsp;<\/h2>\n<\/div>\n\n\n\n<div class=\"wp-block-column is-layout-flow wp-block-column-is-layout-flow\" style=\"flex-basis:66.66%\">\n<p>As an employer, internship provider, or as a collaborator on your study project, we can offer you professional sparring, responsibility, and supportive colleagues who are happy to share their experiences and welcome your input. Here, you become part of a large, dynamic company with career opportunities that may extend beyond the country&#8217;s borders.&nbsp;&nbsp;<\/p>\n\n\n\n<div style=\"height:20px\" aria-hidden=\"true\" class=\"wp-block-spacer\"><\/div>\n\n\n\n<p>Whether you are looking for your first job, an internship, a student job, or a collaborator for your final project, feel free to contact us. Apply <strong>unsolicited <\/strong>or send us an <strong>email<\/strong> outlining the topic you&#8217;d like to explore for your final project in collaboration with SYSTRA.&nbsp;&nbsp;<\/p>\n<\/div>\n<\/div>\n\n\n\n<div style=\"height:100px\" aria-hidden=\"true\" class=\"wp-block-spacer\"><\/div>\n\n\n\n<div class=\"wp-block-media-text alignwide has-media-on-the-right is-stacked-on-mobile has-pale-mauve-background-color has-background\" style=\"grid-template-columns:auto 39%\"><div class=\"wp-block-media-text__content\">\n<div style=\"height:20px\" aria-hidden=\"true\" class=\"wp-block-spacer\"><\/div>\n\n\n\n<h3 class=\"wp-block-heading\" id=\"h-meet-us-at-education-fairs-nbsp\">MEET US AT EDUCATION FAIRS&nbsp;<\/h3>\n\n\n\n<div style=\"height:20px\" aria-hidden=\"true\" class=\"wp-block-spacer\"><\/div>\n\n\n\n<p>We are participating in education fairs such as:&nbsp;<\/p>\n\n\n\n<ul class=\"wp-block-list\">\n<li>DSE fair at DTU in Lyngby&nbsp;<\/li>\n\n\n\n<li>Company Dating at Via College in Horsens&nbsp;<\/li>\n\n\n\n<li>InternshipMatch at Navitas in Aarhus&nbsp;<\/li>\n<\/ul>\n\n\n\n<div style=\"height:20px\" aria-hidden=\"true\" class=\"wp-block-spacer\"><\/div>\n<\/div><figure class=\"wp-block-media-text__media\"><img loading=\"lazy\" decoding=\"async\" width=\"1024\" height=\"645\" src=\"https:\/\/www.systra.com\/denmark\/wp-content\/uploads\/sites\/26\/2024\/01\/website-1024x645.jpg\" alt=\"\" class=\"wp-image-1769 size-full\" srcset=\"https:\/\/www.systra.com\/denmark\/wp-content\/uploads\/sites\/26\/2024\/01\/website-1024x645.jpg 1024w, https:\/\/www.systra.com\/denmark\/wp-content\/uploads\/sites\/26\/2024\/01\/website-300x189.jpg 300w, https:\/\/www.systra.com\/denmark\/wp-content\/uploads\/sites\/26\/2024\/01\/website-768x484.jpg 768w, https:\/\/www.systra.com\/denmark\/wp-content\/uploads\/sites\/26\/2024\/01\/website-1536x968.jpg 1536w, https:\/\/www.systra.com\/denmark\/wp-content\/uploads\/sites\/26\/2024\/01\/website-2048x1291.jpg 2048w, https:\/\/www.systra.com\/denmark\/wp-content\/uploads\/sites\/26\/2024\/01\/website-474x299.jpg 474w, https:\/\/www.systra.com\/denmark\/wp-content\/uploads\/sites\/26\/2024\/01\/website-1700x1071.jpg 1700w, https:\/\/www.systra.com\/denmark\/wp-content\/uploads\/sites\/26\/2024\/01\/website-1352x852.jpg 1352w, https:\/\/www.systra.com\/denmark\/wp-content\/uploads\/sites\/26\/2024\/01\/website-800x504.jpg 800w, https:\/\/www.systra.com\/denmark\/wp-content\/uploads\/sites\/26\/2024\/01\/website-180x113.jpg 180w, https:\/\/www.systra.com\/denmark\/wp-content\/uploads\/sites\/26\/2024\/01\/website-153x96.jpg 153w, https:\/\/www.systra.com\/denmark\/wp-content\/uploads\/sites\/26\/2024\/01\/website-230x145.jpg 230w\" sizes=\"auto, (max-width: 1024px) 100vw, 1024px\" \/><\/figure><\/div>\n\n\n\n<div style=\"height:100px\" aria-hidden=\"true\" class=\"wp-block-spacer\"><\/div>\n\n\n\n<div class=\"wp-block-columns is-layout-flex wp-container-core-columns-is-layout-9d6595d7 wp-block-columns-is-layout-flex\">\n<div class=\"wp-block-column is-layout-flow wp-block-column-is-layout-flow\" style=\"flex-basis:33.33%\">\n<h2 class=\"wp-block-heading\" id=\"h-at-systra-you-are-a-part-of-the-social-community-nbsp\">AT SYSTRA, YOU ARE A PART OF THE SOCIAL COMMUNITY&nbsp;<\/h2>\n<\/div>\n\n\n\n<div class=\"wp-block-column is-layout-flow wp-block-column-is-layout-flow\" style=\"flex-basis:66.66%\">\n<p>At SYSTRA, you also have the opportunity to participate in our events and access our employee benefits:&nbsp;<\/p>\n\n\n\n<ul class=\"wp-block-list\">\n<li>Friday Bars&nbsp;<\/li>\n\n\n\n<li>Christmas Lunch&nbsp;<\/li>\n\n\n\n<li>Summer Party&nbsp;<\/li>\n\n\n\n<li>Staff association with, for example, board game nights, cultural offerings, horseback riding, etc.&nbsp;&nbsp;<\/li>\n\n\n\n<li>Access to gym facilities and, for example, yoga classes&nbsp;&nbsp;<\/li>\n\n\n\n<li>Access to a wide range of discount schemes&#8221;&nbsp;<\/li>\n<\/ul>\n<\/div>\n<\/div>\n\n\n\n<p><\/p>\n","protected":false},"excerpt":{"rendered":"<p>IS THE CONSULTING INDUSTRY SOMETHING FOR YOU? AT SYSTRA, YOU BECOME PART OF A LARGE AND EXCITING PROFESSIONAL ENVIRONMENT WHERE YOU CAN DEVELOP YOUR CAREER&nbsp; Looking For an Internship, Collaboration on A Study Project, Or a Student Job?&nbsp; As an employer, internship provider, or as a collaborator on your study project, we can offer you [&hellip;]<\/p>\n","protected":false},"author":159,"featured_media":1781,"parent":12360,"menu_order":0,"comment_status":"closed","ping_status":"closed","template":"","meta":{"_acf_changed":false,"_relevanssi_hide_post":"","_relevanssi_hide_content":"","_relevanssi_pin_for_all":"","_relevanssi_pin_keywords":"","_relevanssi_unpin_keywords":"","_relevanssi_related_keywords":"","_relevanssi_related_include_ids":"","_relevanssi_related_exclude_ids":"","_relevanssi_related_no_append":"","_relevanssi_related_not_related":"","_relevanssi_related_posts":"471,508,760,468,867,622","_relevanssi_noindex_reason":"","footnotes":""},"class_list":["post-13183","page","type-page","status-publish","has-post-thumbnail","hentry"],"acf":[],"yoast_head":"<!-- This site is optimized with the Yoast SEO Premium plugin v27.4 (Yoast SEO v27.4) - https:\/\/yoast.com\/product\/yoast-seo-premium-wordpress\/ -->\n<title>Are You a Student?\u00a0 - SYSTRA Danmark<\/title>\n<meta name=\"description\" content=\"Are You a Student?\u00a0 - SYSTRA er en af verdens f\u00f8rende ingeni\u00f8r- og r\u00e5dgivningskoncerner med speciale i offentlig transport og mobilitetsl\u00f8sninger.\" \/>\n<meta name=\"robots\" content=\"index, follow, max-snippet:-1, max-image-preview:large, max-video-preview:-1\" \/>\n<meta property=\"og:locale\" content=\"en_US\" \/>\n<meta property=\"og:type\" content=\"article\" \/>\n<meta property=\"og:title\" content=\"Are You a Student?\u00a0\" \/>\n<meta property=\"og:description\" content=\"Are You a Student?\u00a0 - SYSTRA er en af verdens f\u00f8rende ingeni\u00f8r- og r\u00e5dgivningskoncerner med speciale i offentlig transport og mobilitetsl\u00f8sninger.\" \/>\n<meta property=\"og:url\" content=\"https:\/\/www.systra.com\/denmark\/en\/job-in-systra\/are-you-a-student\/\" \/>\n<meta property=\"og:site_name\" content=\"Denmark\" \/>\n<meta property=\"article:modified_time\" content=\"2026-01-05T14:24:06+00:00\" \/>\n<meta property=\"og:image\" content=\"https:\/\/www.systra.com\/denmark\/wp-content\/uploads\/sites\/26\/2024\/01\/istock-1010059710_website-scaled.jpg\" \/>\n\t<meta property=\"og:image:width\" content=\"2560\" \/>\n\t<meta property=\"og:image:height\" content=\"1613\" \/>\n\t<meta property=\"og:image:type\" content=\"image\/jpeg\" \/>\n<meta name=\"twitter:card\" content=\"summary_large_image\" \/>\n<meta name=\"twitter:label1\" content=\"Est. reading time\" \/>\n\t<meta name=\"twitter:data1\" content=\"3 minutes\" \/>\n<script type=\"application\/ld+json\" class=\"yoast-schema-graph\">{\"@context\":\"https:\\\/\\\/schema.org\",\"@graph\":[{\"@type\":\"WebPage\",\"@id\":\"https:\\\/\\\/www.systra.com\\\/denmark\\\/en\\\/job-in-systra\\\/are-you-a-student\\\/\",\"url\":\"https:\\\/\\\/www.systra.com\\\/denmark\\\/en\\\/job-in-systra\\\/are-you-a-student\\\/\",\"name\":\"Are You a Student?\u00a0 - SYSTRA Danmark\",\"isPartOf\":{\"@id\":\"https:\\\/\\\/www.systra.com\\\/denmark\\\/#website\"},\"primaryImageOfPage\":{\"@id\":\"https:\\\/\\\/www.systra.com\\\/denmark\\\/en\\\/job-in-systra\\\/are-you-a-student\\\/#primaryimage\"},\"image\":{\"@id\":\"https:\\\/\\\/www.systra.com\\\/denmark\\\/en\\\/job-in-systra\\\/are-you-a-student\\\/#primaryimage\"},\"thumbnailUrl\":\"https:\\\/\\\/www.systra.com\\\/denmark\\\/wp-content\\\/uploads\\\/sites\\\/26\\\/2024\\\/01\\\/istock-1010059710_website-scaled.jpg\",\"datePublished\":\"2025-01-15T15:30:15+00:00\",\"dateModified\":\"2026-01-05T14:24:06+00:00\",\"description\":\"Are You a Student?\u00a0 - SYSTRA er en af verdens f\u00f8rende ingeni\u00f8r- og r\u00e5dgivningskoncerner med speciale i offentlig transport og mobilitetsl\u00f8sninger.\",\"breadcrumb\":{\"@id\":\"https:\\\/\\\/www.systra.com\\\/denmark\\\/en\\\/job-in-systra\\\/are-you-a-student\\\/#breadcrumb\"},\"inLanguage\":\"en-US\",\"potentialAction\":[{\"@type\":\"ReadAction\",\"target\":[\"https:\\\/\\\/www.systra.com\\\/denmark\\\/en\\\/job-in-systra\\\/are-you-a-student\\\/\"]}]},{\"@type\":\"ImageObject\",\"inLanguage\":\"en-US\",\"@id\":\"https:\\\/\\\/www.systra.com\\\/denmark\\\/en\\\/job-in-systra\\\/are-you-a-student\\\/#primaryimage\",\"url\":\"https:\\\/\\\/www.systra.com\\\/denmark\\\/wp-content\\\/uploads\\\/sites\\\/26\\\/2024\\\/01\\\/istock-1010059710_website-scaled.jpg\",\"contentUrl\":\"https:\\\/\\\/www.systra.com\\\/denmark\\\/wp-content\\\/uploads\\\/sites\\\/26\\\/2024\\\/01\\\/istock-1010059710_website-scaled.jpg\",\"width\":2560,\"height\":1613,\"caption\":\"Female student sitting amongst classmates and smiling in lecture room. University students in classroom after lecture.\"},{\"@type\":\"BreadcrumbList\",\"@id\":\"https:\\\/\\\/www.systra.com\\\/denmark\\\/en\\\/job-in-systra\\\/are-you-a-student\\\/#breadcrumb\",\"itemListElement\":[{\"@type\":\"ListItem\",\"position\":1,\"name\":\"Home\",\"item\":\"https:\\\/\\\/www.systra.com\\\/denmark\\\/\"},{\"@type\":\"ListItem\",\"position\":2,\"name\":\"Job in SYSTRA\",\"item\":\"https:\\\/\\\/www.systra.com\\\/denmark\\\/en\\\/job-in-systra\\\/\"},{\"@type\":\"ListItem\",\"position\":3,\"name\":\"Are You a Student?\u00a0\"}]},{\"@type\":\"WebSite\",\"@id\":\"https:\\\/\\\/www.systra.com\\\/denmark\\\/#website\",\"url\":\"https:\\\/\\\/www.systra.com\\\/denmark\\\/\",\"name\":\"Denmark\",\"description\":\"Un site utilisant Les sites de Systra\",\"potentialAction\":[{\"@type\":\"SearchAction\",\"target\":{\"@type\":\"EntryPoint\",\"urlTemplate\":\"https:\\\/\\\/www.systra.com\\\/denmark\\\/?s={search_term_string}\"},\"query-input\":{\"@type\":\"PropertyValueSpecification\",\"valueRequired\":true,\"valueName\":\"search_term_string\"}}],\"inLanguage\":\"en-US\"}]}<\/script>\n<!-- \/ Yoast SEO Premium plugin. -->","yoast_head_json":{"title":"Are You a Student?\u00a0 - SYSTRA Danmark","description":"Are You a Student?\u00a0 - SYSTRA er en af verdens f\u00f8rende ingeni\u00f8r- og r\u00e5dgivningskoncerner med speciale i offentlig transport og mobilitetsl\u00f8sninger.","robots":{"index":"index","follow":"follow","max-snippet":"max-snippet:-1","max-image-preview":"max-image-preview:large","max-video-preview":"max-video-preview:-1"},"og_locale":"en_US","og_type":"article","og_title":"Are You a Student?\u00a0","og_description":"Are You a Student?\u00a0 - SYSTRA er en af verdens f\u00f8rende ingeni\u00f8r- og r\u00e5dgivningskoncerner med speciale i offentlig transport og mobilitetsl\u00f8sninger.","og_url":"https:\/\/www.systra.com\/denmark\/en\/job-in-systra\/are-you-a-student\/","og_site_name":"Denmark","article_modified_time":"2026-01-05T14:24:06+00:00","og_image":[{"width":2560,"height":1613,"url":"https:\/\/www.systra.com\/denmark\/wp-content\/uploads\/sites\/26\/2024\/01\/istock-1010059710_website-scaled.jpg","type":"image\/jpeg"}],"twitter_card":"summary_large_image","twitter_misc":{"Est. reading time":"3 minutes"},"schema":{"@context":"https:\/\/schema.org","@graph":[{"@type":"WebPage","@id":"https:\/\/www.systra.com\/denmark\/en\/job-in-systra\/are-you-a-student\/","url":"https:\/\/www.systra.com\/denmark\/en\/job-in-systra\/are-you-a-student\/","name":"Are You a Student?\u00a0 - SYSTRA Danmark","isPartOf":{"@id":"https:\/\/www.systra.com\/denmark\/#website"},"primaryImageOfPage":{"@id":"https:\/\/www.systra.com\/denmark\/en\/job-in-systra\/are-you-a-student\/#primaryimage"},"image":{"@id":"https:\/\/www.systra.com\/denmark\/en\/job-in-systra\/are-you-a-student\/#primaryimage"},"thumbnailUrl":"https:\/\/www.systra.com\/denmark\/wp-content\/uploads\/sites\/26\/2024\/01\/istock-1010059710_website-scaled.jpg","datePublished":"2025-01-15T15:30:15+00:00","dateModified":"2026-01-05T14:24:06+00:00","description":"Are You a Student?\u00a0 - SYSTRA er en af verdens f\u00f8rende ingeni\u00f8r- og r\u00e5dgivningskoncerner med speciale i offentlig transport og mobilitetsl\u00f8sninger.","breadcrumb":{"@id":"https:\/\/www.systra.com\/denmark\/en\/job-in-systra\/are-you-a-student\/#breadcrumb"},"inLanguage":"en-US","potentialAction":[{"@type":"ReadAction","target":["https:\/\/www.systra.com\/denmark\/en\/job-in-systra\/are-you-a-student\/"]}]},{"@type":"ImageObject","inLanguage":"en-US","@id":"https:\/\/www.systra.com\/denmark\/en\/job-in-systra\/are-you-a-student\/#primaryimage","url":"https:\/\/www.systra.com\/denmark\/wp-content\/uploads\/sites\/26\/2024\/01\/istock-1010059710_website-scaled.jpg","contentUrl":"https:\/\/www.systra.com\/denmark\/wp-content\/uploads\/sites\/26\/2024\/01\/istock-1010059710_website-scaled.jpg","width":2560,"height":1613,"caption":"Female student sitting amongst classmates and smiling in lecture room. University students in classroom after lecture."},{"@type":"BreadcrumbList","@id":"https:\/\/www.systra.com\/denmark\/en\/job-in-systra\/are-you-a-student\/#breadcrumb","itemListElement":[{"@type":"ListItem","position":1,"name":"Home","item":"https:\/\/www.systra.com\/denmark\/"},{"@type":"ListItem","position":2,"name":"Job in SYSTRA","item":"https:\/\/www.systra.com\/denmark\/en\/job-in-systra\/"},{"@type":"ListItem","position":3,"name":"Are You a Student?\u00a0"}]},{"@type":"WebSite","@id":"https:\/\/www.systra.com\/denmark\/#website","url":"https:\/\/www.systra.com\/denmark\/","name":"Denmark","description":"Un site utilisant Les sites de Systra","potentialAction":[{"@type":"SearchAction","target":{"@type":"EntryPoint","urlTemplate":"https:\/\/www.systra.com\/denmark\/?s={search_term_string}"},"query-input":{"@type":"PropertyValueSpecification","valueRequired":true,"valueName":"search_term_string"}}],"inLanguage":"en-US"}]}},"lang":"en","translations":{"en":13183,"da":1502},"pll_sync_post":[],"_links":{"self":[{"href":"https:\/\/www.systra.com\/denmark\/wp-json\/wp\/v2\/pages\/13183","targetHints":{"allow":["GET"]}}],"collection":[{"href":"https:\/\/www.systra.com\/denmark\/wp-json\/wp\/v2\/pages"}],"about":[{"href":"https:\/\/www.systra.com\/denmark\/wp-json\/wp\/v2\/types\/page"}],"author":[{"embeddable":true,"href":"https:\/\/www.systra.com\/denmark\/wp-json\/wp\/v2\/users\/159"}],"replies":[{"embeddable":true,"href":"https:\/\/www.systra.com\/denmark\/wp-json\/wp\/v2\/comments?post=13183"}],"version-history":[{"count":3,"href":"https:\/\/www.systra.com\/denmark\/wp-json\/wp\/v2\/pages\/13183\/revisions"}],"predecessor-version":[{"id":63490,"href":"https:\/\/www.systra.com\/denmark\/wp-json\/wp\/v2\/pages\/13183\/revisions\/63490"}],"up":[{"embeddable":true,"href":"https:\/\/www.systra.com\/denmark\/wp-json\/wp\/v2\/pages\/12360"}],"wp:featuredmedia":[{"embeddable":true,"href":"https:\/\/www.systra.com\/denmark\/wp-json\/wp\/v2\/media\/1781"}],"wp:attachment":[{"href":"https:\/\/www.systra.com\/denmark\/wp-json\/wp\/v2\/media?parent=13183"}],"curies":[{"name":"wp","href":"https:\/\/api.w.org\/{rel}","templated":true}]}}