{"id":1318,"date":"2024-01-20T12:54:44","date_gmt":"2024-01-20T11:54:44","guid":{"rendered":"https:\/\/www.systra.com\/denmark\/?page_id=1318"},"modified":"2024-10-15T10:54:17","modified_gmt":"2024-10-15T08:54:17","slug":"ambitioner-og-vaerdier","status":"publish","type":"page","link":"https:\/\/www.systra.com\/denmark\/hvem-vi-er\/ambitioner-og-vaerdier\/","title":{"rendered":"Ambitioner og v\u00e6rdier"},"content":{"rendered":"\n<p class=\"has-dusty-blue-color has-text-color has-link-color has-medium-font-size wp-elements-3d3f9f33d4e4b59209109a84622d621e\"><strong>At v\u00e6re i bev\u00e6gelse er hjertet og rygraden i et dynamisk samfund. De l\u00f8sninger, som vi leverer <strong>i SYSTRA <\/strong>, er med til at skubbe til den bev\u00e6gelse &#8211; uanset om det er i den fysiske form af et infrastrukturprojekt &#8211; en metro, en jernbane, vej eller bro &#8211; eller udvikling af innovative l\u00f8sninger &#8211; forsyning, it, h\u00e5ndtering af vand og klimatilpasning &#8211;  som skaber en sikker og b\u00e6redygtig  fremtid for alle.<\/strong><\/p>\n\n\n\n<div style=\"height:100px\" aria-hidden=\"true\" class=\"wp-block-spacer\"><\/div>\n\n\n\n<h2 class=\"wp-block-heading\" id=\"h-a-signature-team-for-transportation-solutions\">&#8216;a signature team for transportation solutions&#8217;<\/h2>\n\n\n\n<div style=\"height:20px\" aria-hidden=\"true\" class=\"wp-block-spacer\"><\/div>\n\n\n\n<div class=\"wp-block-media-text has-media-on-the-right is-stacked-on-mobile\" style=\"grid-template-columns:auto 40%\"><div class=\"wp-block-media-text__content\">\n<blockquote class=\"wp-block-quote is-layout-flow wp-block-quote-is-layout-flow\">\n<p>I SYSTRA betyder det &#8216;at v\u00e6re et signature team&#8217;, at vi er med p\u00e5 komplekse infrastrukturprojekter, som har en reel indflydelse p\u00e5 fremtidens mobilitet. Det handler om at v\u00e6re en attraktiv samarbejdspartner og leverand\u00f8r, n\u00e5r kunder og partnere s\u00f8ger eksperter, som ikke kun er fagligt dygtige, men som ogs\u00e5 form\u00e5r at t\u00e6nke b\u00e6redygtigt, intelligent og innovativt i l\u00f8sningen af projekterne.<\/p>\n<cite>Eva Rindom, administrerende direkt\u00f8r, SYSTRA Danmark A\/S<\/cite><\/blockquote>\n<\/div><figure class=\"wp-block-media-text__media\"><img loading=\"lazy\" decoding=\"async\" width=\"650\" height=\"433\" src=\"https:\/\/www.systra.com\/denmark\/wp-content\/uploads\/sites\/26\/2024\/01\/eva-rindom-small.jpg\" alt=\"\" class=\"wp-image-1337 size-full\" srcset=\"https:\/\/www.systra.com\/denmark\/wp-content\/uploads\/sites\/26\/2024\/01\/eva-rindom-small.jpg 650w, https:\/\/www.systra.com\/denmark\/wp-content\/uploads\/sites\/26\/2024\/01\/eva-rindom-small-300x200.jpg 300w, https:\/\/www.systra.com\/denmark\/wp-content\/uploads\/sites\/26\/2024\/01\/eva-rindom-small-375x250.jpg 375w, https:\/\/www.systra.com\/denmark\/wp-content\/uploads\/sites\/26\/2024\/01\/eva-rindom-small-376x250.jpg 376w, https:\/\/www.systra.com\/denmark\/wp-content\/uploads\/sites\/26\/2024\/01\/eva-rindom-small-474x316.jpg 474w, https:\/\/www.systra.com\/denmark\/wp-content\/uploads\/sites\/26\/2024\/01\/eva-rindom-small-75x50.jpg 75w, https:\/\/www.systra.com\/denmark\/wp-content\/uploads\/sites\/26\/2024\/01\/eva-rindom-small-180x120.jpg 180w, https:\/\/www.systra.com\/denmark\/wp-content\/uploads\/sites\/26\/2024\/01\/eva-rindom-small-153x102.jpg 153w, https:\/\/www.systra.com\/denmark\/wp-content\/uploads\/sites\/26\/2024\/01\/eva-rindom-small-230x153.jpg 230w\" sizes=\"auto, (max-width: 650px) 100vw, 650px\" \/><\/figure><\/div>\n\n\n\n<div style=\"height:100px\" aria-hidden=\"true\" class=\"wp-block-spacer\"><\/div>\n\n\n\n<h2 class=\"wp-block-heading\" id=\"h-vores-vaerdier\">Vores V\u00e6rdier<\/h2>\n\n\n\n<div style=\"height:100px\" aria-hidden=\"true\" class=\"wp-block-spacer\"><\/div>\n\n\n\n<div class=\"wp-block-media-text is-stacked-on-mobile is-image-fill has-pale-mauve-background-color has-background\" style=\"grid-template-columns:45% auto\"><figure class=\"wp-block-media-text__media\" style=\"background-image:url(https:\/\/www.systra.com\/denmark\/wp-content\/uploads\/sites\/26\/2024\/01\/kh-rg_drone_view-spor-og-motorvej-1_th-1024x682.jpg);background-position:50% 50%\"><img loading=\"lazy\" decoding=\"async\" width=\"1024\" height=\"682\" src=\"https:\/\/www.systra.com\/denmark\/wp-content\/uploads\/sites\/26\/2024\/01\/kh-rg_drone_view-spor-og-motorvej-1_th-1024x682.jpg\" alt=\"\" class=\"wp-image-1325 size-full\" srcset=\"https:\/\/www.systra.com\/denmark\/wp-content\/uploads\/sites\/26\/2024\/01\/kh-rg_drone_view-spor-og-motorvej-1_th-1024x682.jpg 1024w, https:\/\/www.systra.com\/denmark\/wp-content\/uploads\/sites\/26\/2024\/01\/kh-rg_drone_view-spor-og-motorvej-1_th-300x200.jpg 300w, https:\/\/www.systra.com\/denmark\/wp-content\/uploads\/sites\/26\/2024\/01\/kh-rg_drone_view-spor-og-motorvej-1_th-768x512.jpg 768w, https:\/\/www.systra.com\/denmark\/wp-content\/uploads\/sites\/26\/2024\/01\/kh-rg_drone_view-spor-og-motorvej-1_th-1536x1023.jpg 1536w, https:\/\/www.systra.com\/denmark\/wp-content\/uploads\/sites\/26\/2024\/01\/kh-rg_drone_view-spor-og-motorvej-1_th-2048x1364.jpg 2048w, https:\/\/www.systra.com\/denmark\/wp-content\/uploads\/sites\/26\/2024\/01\/kh-rg_drone_view-spor-og-motorvej-1_th-375x250.jpg 375w, https:\/\/www.systra.com\/denmark\/wp-content\/uploads\/sites\/26\/2024\/01\/kh-rg_drone_view-spor-og-motorvej-1_th-376x250.jpg 376w, https:\/\/www.systra.com\/denmark\/wp-content\/uploads\/sites\/26\/2024\/01\/kh-rg_drone_view-spor-og-motorvej-1_th-474x316.jpg 474w, https:\/\/www.systra.com\/denmark\/wp-content\/uploads\/sites\/26\/2024\/01\/kh-rg_drone_view-spor-og-motorvej-1_th-75x50.jpg 75w, https:\/\/www.systra.com\/denmark\/wp-content\/uploads\/sites\/26\/2024\/01\/kh-rg_drone_view-spor-og-motorvej-1_th-900x600.jpg 900w, https:\/\/www.systra.com\/denmark\/wp-content\/uploads\/sites\/26\/2024\/01\/kh-rg_drone_view-spor-og-motorvej-1_th-1700x1133.jpg 1700w, https:\/\/www.systra.com\/denmark\/wp-content\/uploads\/sites\/26\/2024\/01\/kh-rg_drone_view-spor-og-motorvej-1_th-1352x901.jpg 1352w, https:\/\/www.systra.com\/denmark\/wp-content\/uploads\/sites\/26\/2024\/01\/kh-rg_drone_view-spor-og-motorvej-1_th-800x533.jpg 800w, https:\/\/www.systra.com\/denmark\/wp-content\/uploads\/sites\/26\/2024\/01\/kh-rg_drone_view-spor-og-motorvej-1_th-180x120.jpg 180w, https:\/\/www.systra.com\/denmark\/wp-content\/uploads\/sites\/26\/2024\/01\/kh-rg_drone_view-spor-og-motorvej-1_th-153x102.jpg 153w, https:\/\/www.systra.com\/denmark\/wp-content\/uploads\/sites\/26\/2024\/01\/kh-rg_drone_view-spor-og-motorvej-1_th-230x153.jpg 230w\" sizes=\"auto, (max-width: 1024px) 100vw, 1024px\" \/><\/figure><div class=\"wp-block-media-text__content\">\n<p><\/p>\n\n\n\n<h2 class=\"wp-block-heading\" id=\"h-excellence\">EXCELLENCE<\/h2>\n\n\n\n<div style=\"height:20px\" aria-hidden=\"true\" class=\"wp-block-spacer\"><\/div>\n\n\n\n<p>For os er &#8216;excellence&#8217; ikke kun et m\u00e5l, men ogs\u00e5 en m\u00e5de at arbejde p\u00e5. Vores kunder er ambiti\u00f8se og stiller h\u00f8je krav, og de stoler p\u00e5, at vi udvikler og leverer avancerede tekniske og ingeni\u00f8rm\u00e6ssige l\u00f8sninger &#8211; med fokus p\u00e5 sikkerhed, ydeevne og b\u00e6redygtighed.<\/p>\n\n\n\n<div style=\"height:20px\" aria-hidden=\"true\" class=\"wp-block-spacer\"><\/div>\n<\/div><\/div>\n\n\n\n<div style=\"height:20px\" aria-hidden=\"true\" class=\"wp-block-spacer\"><\/div>\n\n\n\n<div style=\"height:100px\" aria-hidden=\"true\" class=\"wp-block-spacer\"><\/div>\n\n\n\n<div style=\"height:20px\" aria-hidden=\"true\" class=\"wp-block-spacer\"><\/div>\n\n\n\n<div class=\"wp-block-media-text has-media-on-the-right is-stacked-on-mobile is-image-fill\" style=\"grid-template-columns:auto 45%\"><div class=\"wp-block-media-text__content\">\n<h2 class=\"wp-block-heading\" id=\"h-connected-teams\">CONNECTED TEAMS<\/h2>\n\n\n\n<div style=\"height:20px\" aria-hidden=\"true\" class=\"wp-block-spacer\"><\/div>\n\n\n\n<p>Vi opn\u00e5r de bedste resultater gennem teamwork. Vi forbinder og koordinerer vores tv\u00e6rfaglige teams for at l\u00f8se komplekse udfordringer. Ved at g\u00e5 ud over kulturelle og tekniske forskelle, skaber vi teams, der arbejder sammen om et f\u00e6lles m\u00e5l og hvor hver enkeltpersons ekspertise eller talent bidrager til vores samlede succes.<\/p>\n\n\n\n<div style=\"height:20px\" aria-hidden=\"true\" class=\"wp-block-spacer\"><\/div>\n<\/div><figure class=\"wp-block-media-text__media\" style=\"background-image:url(https:\/\/www.systra.com\/denmark\/wp-content\/uploads\/sites\/26\/2024\/10\/troelsheien_8500775-1024x683.jpg);background-position:50% 50%\"><img loading=\"lazy\" decoding=\"async\" width=\"1024\" height=\"683\" src=\"https:\/\/www.systra.com\/denmark\/wp-content\/uploads\/sites\/26\/2024\/10\/troelsheien_8500775-1024x683.jpg\" alt=\"\" class=\"wp-image-12325 size-full\" srcset=\"https:\/\/www.systra.com\/denmark\/wp-content\/uploads\/sites\/26\/2024\/10\/troelsheien_8500775-1024x683.jpg 1024w, https:\/\/www.systra.com\/denmark\/wp-content\/uploads\/sites\/26\/2024\/10\/troelsheien_8500775-300x200.jpg 300w, https:\/\/www.systra.com\/denmark\/wp-content\/uploads\/sites\/26\/2024\/10\/troelsheien_8500775-768x512.jpg 768w, https:\/\/www.systra.com\/denmark\/wp-content\/uploads\/sites\/26\/2024\/10\/troelsheien_8500775-1536x1024.jpg 1536w, https:\/\/www.systra.com\/denmark\/wp-content\/uploads\/sites\/26\/2024\/10\/troelsheien_8500775-474x316.jpg 474w, https:\/\/www.systra.com\/denmark\/wp-content\/uploads\/sites\/26\/2024\/10\/troelsheien_8500775-1352x901.jpg 1352w, https:\/\/www.systra.com\/denmark\/wp-content\/uploads\/sites\/26\/2024\/10\/troelsheien_8500775-800x533.jpg 800w, https:\/\/www.systra.com\/denmark\/wp-content\/uploads\/sites\/26\/2024\/10\/troelsheien_8500775-180x120.jpg 180w, https:\/\/www.systra.com\/denmark\/wp-content\/uploads\/sites\/26\/2024\/10\/troelsheien_8500775-153x102.jpg 153w, https:\/\/www.systra.com\/denmark\/wp-content\/uploads\/sites\/26\/2024\/10\/troelsheien_8500775-230x153.jpg 230w\" sizes=\"auto, (max-width: 1024px) 100vw, 1024px\" \/><\/figure><\/div>\n\n\n\n<div style=\"height:20px\" aria-hidden=\"true\" class=\"wp-block-spacer\"><\/div>\n\n\n\n<div style=\"height:100px\" aria-hidden=\"true\" class=\"wp-block-spacer\"><\/div>\n\n\n\n<div style=\"height:20px\" aria-hidden=\"true\" class=\"wp-block-spacer\"><\/div>\n\n\n\n<div class=\"wp-block-media-text is-stacked-on-mobile is-image-fill has-pale-mauve-background-color has-background\" style=\"grid-template-columns:46% auto\"><figure class=\"wp-block-media-text__media\" style=\"background-image:url(https:\/\/www.systra.com\/denmark\/wp-content\/uploads\/sites\/26\/2024\/10\/bente-1024x769.jpg);background-position:50% 50%\"><img loading=\"lazy\" decoding=\"async\" width=\"1024\" height=\"769\" src=\"https:\/\/www.systra.com\/denmark\/wp-content\/uploads\/sites\/26\/2024\/10\/bente-1024x769.jpg\" alt=\"\" class=\"wp-image-12329 size-full\" srcset=\"https:\/\/www.systra.com\/denmark\/wp-content\/uploads\/sites\/26\/2024\/10\/bente-1024x769.jpg 1024w, https:\/\/www.systra.com\/denmark\/wp-content\/uploads\/sites\/26\/2024\/10\/bente-300x225.jpg 300w, https:\/\/www.systra.com\/denmark\/wp-content\/uploads\/sites\/26\/2024\/10\/bente-768x577.jpg 768w, https:\/\/www.systra.com\/denmark\/wp-content\/uploads\/sites\/26\/2024\/10\/bente-1536x1154.jpg 1536w, https:\/\/www.systra.com\/denmark\/wp-content\/uploads\/sites\/26\/2024\/10\/bente-2048x1539.jpg 2048w, https:\/\/www.systra.com\/denmark\/wp-content\/uploads\/sites\/26\/2024\/10\/bente-474x356.jpg 474w, https:\/\/www.systra.com\/denmark\/wp-content\/uploads\/sites\/26\/2024\/10\/bente-1700x1277.jpg 1700w, https:\/\/www.systra.com\/denmark\/wp-content\/uploads\/sites\/26\/2024\/10\/bente-1352x1016.jpg 1352w, https:\/\/www.systra.com\/denmark\/wp-content\/uploads\/sites\/26\/2024\/10\/bente-800x601.jpg 800w, https:\/\/www.systra.com\/denmark\/wp-content\/uploads\/sites\/26\/2024\/10\/bente-180x135.jpg 180w, https:\/\/www.systra.com\/denmark\/wp-content\/uploads\/sites\/26\/2024\/10\/bente-153x115.jpg 153w, https:\/\/www.systra.com\/denmark\/wp-content\/uploads\/sites\/26\/2024\/10\/bente-230x173.jpg 230w\" sizes=\"auto, (max-width: 1024px) 100vw, 1024px\" \/><\/figure><div class=\"wp-block-media-text__content\">\n<p><\/p>\n\n\n\n<h2 class=\"wp-block-heading\" id=\"h-bold-leadership\">BOLD LEADERSHIP<\/h2>\n\n\n\n<div style=\"height:20px\" aria-hidden=\"true\" class=\"wp-block-spacer\"><\/div>\n\n\n\n<p>Vi forudser og im\u00f8dekommer forandringer. Vores projekter har indvirkning p\u00e5 udviklingen af vores samfund. Baseret p\u00e5 vores evne til at t\u00e6nke innovativt, og vores ekspertise inden for projektledelse, finder vi l\u00f8sninger og leverer den n\u00f8dvendige ledelse for at implementere forandringer. Vores opgave er at overveje, designe og forestille os morgendagens infrastruktur.<\/p>\n\n\n\n<div style=\"height:20px\" aria-hidden=\"true\" class=\"wp-block-spacer\"><\/div>\n<\/div><\/div>\n\n\n\n<div style=\"height:150px\" aria-hidden=\"true\" class=\"wp-block-spacer\"><\/div>\n\n\n\n<h2 class=\"wp-block-heading\" id=\"h-se-mere-i-videoen-systra-keeps-the-world-moving\">Se mere i videoen &#8216;SYStra keeps the world moving&#8217;<\/h2>\n\n\n\n<div style=\"height:20px\" aria-hidden=\"true\" class=\"wp-block-spacer\"><\/div>\n\n\n\n<figure class=\"wp-block-embed is-type-video is-provider-youtube wp-block-embed-youtube wp-embed-aspect-16-9 wp-has-aspect-ratio\"><div class=\"wp-block-embed__wrapper\">\n<div class=\"youtube_wrapper\" videoID=\"8IctGQGpKj0\"><iframe loading=\"lazy\" title=\"SYSTRA keeps the world moving\" width=\"500\" height=\"281\" src=\"https:\/\/www.youtube-nocookie.com\/embed\/8IctGQGpKj0?feature=oembed\" frameborder=\"0\" allow=\"accelerometer; autoplay; clipboard-write; encrypted-media; gyroscope; picture-in-picture; web-share\" referrerpolicy=\"strict-origin-when-cross-origin\" allowfullscreen><\/iframe><\/div>\n<\/div><\/figure>\n","protected":false},"excerpt":{"rendered":"<p>At v\u00e6re i bev\u00e6gelse er hjertet og rygraden i et dynamisk samfund. De l\u00f8sninger, som vi leverer i SYSTRA , er med til at skubbe til den bev\u00e6gelse &#8211; uanset om det er i den fysiske form af et infrastrukturprojekt &#8211; en metro, en jernbane, vej eller bro &#8211; eller udvikling af innovative l\u00f8sninger &#8211; [&hellip;]<\/p>\n","protected":false},"author":101,"featured_media":984,"parent":363,"menu_order":0,"comment_status":"closed","ping_status":"closed","template":"","meta":{"_acf_changed":false,"_relevanssi_hide_post":"","_relevanssi_hide_content":"","_relevanssi_pin_for_all":"","_relevanssi_pin_keywords":"","_relevanssi_unpin_keywords":"","_relevanssi_related_keywords":"","_relevanssi_related_include_ids":"","_relevanssi_related_exclude_ids":"","_relevanssi_related_no_append":"","_relevanssi_related_not_related":"","_relevanssi_related_posts":"795,657,679,886,601,847","_relevanssi_noindex_reason":"","footnotes":""},"class_list":["post-1318","page","type-page","status-publish","has-post-thumbnail","hentry"],"acf":[],"yoast_head":"<!-- This site is optimized with the Yoast SEO Premium plugin v27.4 (Yoast SEO v27.4) - https:\/\/yoast.com\/product\/yoast-seo-premium-wordpress\/ -->\n<title>Ambitioner og v\u00e6rdier - SYSTRA Danmark<\/title>\n<meta name=\"description\" content=\"Ambitioner og v\u00e6rdier - SYSTRA er en af verdens f\u00f8rende ingeni\u00f8r- og r\u00e5dgivningskoncerner med speciale i offentlig transport og mobilitetsl\u00f8sninger.\" \/>\n<meta name=\"robots\" content=\"index, follow, max-snippet:-1, max-image-preview:large, max-video-preview:-1\" \/>\n<meta property=\"og:locale\" content=\"en_US\" \/>\n<meta property=\"og:type\" content=\"article\" \/>\n<meta property=\"og:title\" content=\"Ambitioner og v\u00e6rdier\" \/>\n<meta property=\"og:description\" content=\"Ambitioner og v\u00e6rdier - SYSTRA er en af verdens f\u00f8rende ingeni\u00f8r- og r\u00e5dgivningskoncerner med speciale i offentlig transport og mobilitetsl\u00f8sninger.\" \/>\n<meta property=\"og:url\" content=\"https:\/\/www.systra.com\/denmark\/hvem-vi-er\/ambitioner-og-vaerdier\/\" \/>\n<meta property=\"og:site_name\" content=\"Denmark\" \/>\n<meta property=\"article:modified_time\" content=\"2024-10-15T08:54:17+00:00\" \/>\n<meta property=\"og:image\" content=\"https:\/\/www.systra.com\/denmark\/wp-content\/uploads\/sites\/26\/2023\/12\/kh_passager-cykel-tog_th-3_mindre-res.jpg\" \/>\n\t<meta property=\"og:image:width\" content=\"2380\" \/>\n\t<meta property=\"og:image:height\" content=\"1500\" \/>\n\t<meta property=\"og:image:type\" content=\"image\/jpeg\" \/>\n<meta name=\"twitter:card\" content=\"summary_large_image\" \/>\n<meta name=\"twitter:label1\" content=\"Est. reading time\" \/>\n\t<meta name=\"twitter:data1\" content=\"3 minutes\" \/>\n<script type=\"application\/ld+json\" class=\"yoast-schema-graph\">{\"@context\":\"https:\\\/\\\/schema.org\",\"@graph\":[{\"@type\":\"WebPage\",\"@id\":\"https:\\\/\\\/www.systra.com\\\/denmark\\\/hvem-vi-er\\\/ambitioner-og-vaerdier\\\/\",\"url\":\"https:\\\/\\\/www.systra.com\\\/denmark\\\/hvem-vi-er\\\/ambitioner-og-vaerdier\\\/\",\"name\":\"Ambitioner og v\u00e6rdier - SYSTRA Danmark\",\"isPartOf\":{\"@id\":\"https:\\\/\\\/www.systra.com\\\/denmark\\\/#website\"},\"primaryImageOfPage\":{\"@id\":\"https:\\\/\\\/www.systra.com\\\/denmark\\\/hvem-vi-er\\\/ambitioner-og-vaerdier\\\/#primaryimage\"},\"image\":{\"@id\":\"https:\\\/\\\/www.systra.com\\\/denmark\\\/hvem-vi-er\\\/ambitioner-og-vaerdier\\\/#primaryimage\"},\"thumbnailUrl\":\"https:\\\/\\\/www.systra.com\\\/denmark\\\/wp-content\\\/uploads\\\/sites\\\/26\\\/2023\\\/12\\\/kh_passager-cykel-tog_th-3_mindre-res.jpg\",\"datePublished\":\"2024-01-20T11:54:44+00:00\",\"dateModified\":\"2024-10-15T08:54:17+00:00\",\"description\":\"Ambitioner og v\u00e6rdier - SYSTRA er en af verdens f\u00f8rende ingeni\u00f8r- og r\u00e5dgivningskoncerner med speciale i offentlig transport og mobilitetsl\u00f8sninger.\",\"breadcrumb\":{\"@id\":\"https:\\\/\\\/www.systra.com\\\/denmark\\\/hvem-vi-er\\\/ambitioner-og-vaerdier\\\/#breadcrumb\"},\"inLanguage\":\"en-US\",\"potentialAction\":[{\"@type\":\"ReadAction\",\"target\":[\"https:\\\/\\\/www.systra.com\\\/denmark\\\/hvem-vi-er\\\/ambitioner-og-vaerdier\\\/\"]}]},{\"@type\":\"ImageObject\",\"inLanguage\":\"en-US\",\"@id\":\"https:\\\/\\\/www.systra.com\\\/denmark\\\/hvem-vi-er\\\/ambitioner-og-vaerdier\\\/#primaryimage\",\"url\":\"https:\\\/\\\/www.systra.com\\\/denmark\\\/wp-content\\\/uploads\\\/sites\\\/26\\\/2023\\\/12\\\/kh_passager-cykel-tog_th-3_mindre-res.jpg\",\"contentUrl\":\"https:\\\/\\\/www.systra.com\\\/denmark\\\/wp-content\\\/uploads\\\/sites\\\/26\\\/2023\\\/12\\\/kh_passager-cykel-tog_th-3_mindre-res.jpg\",\"width\":2380,\"height\":1500},{\"@type\":\"BreadcrumbList\",\"@id\":\"https:\\\/\\\/www.systra.com\\\/denmark\\\/hvem-vi-er\\\/ambitioner-og-vaerdier\\\/#breadcrumb\",\"itemListElement\":[{\"@type\":\"ListItem\",\"position\":1,\"name\":\"Home\",\"item\":\"https:\\\/\\\/www.systra.com\\\/denmark\\\/\"},{\"@type\":\"ListItem\",\"position\":2,\"name\":\"Hvem vi er\",\"item\":\"https:\\\/\\\/www.systra.com\\\/denmark\\\/hvem-vi-er\\\/\"},{\"@type\":\"ListItem\",\"position\":3,\"name\":\"Ambitioner og v\u00e6rdier\"}]},{\"@type\":\"WebSite\",\"@id\":\"https:\\\/\\\/www.systra.com\\\/denmark\\\/#website\",\"url\":\"https:\\\/\\\/www.systra.com\\\/denmark\\\/\",\"name\":\"Denmark\",\"description\":\"Un site utilisant Les sites de Systra\",\"potentialAction\":[{\"@type\":\"SearchAction\",\"target\":{\"@type\":\"EntryPoint\",\"urlTemplate\":\"https:\\\/\\\/www.systra.com\\\/denmark\\\/?s={search_term_string}\"},\"query-input\":{\"@type\":\"PropertyValueSpecification\",\"valueRequired\":true,\"valueName\":\"search_term_string\"}}],\"inLanguage\":\"en-US\"}]}<\/script>\n<!-- \/ Yoast SEO Premium plugin. -->","yoast_head_json":{"title":"Ambitioner og v\u00e6rdier - SYSTRA Danmark","description":"Ambitioner og v\u00e6rdier - SYSTRA er en af verdens f\u00f8rende ingeni\u00f8r- og r\u00e5dgivningskoncerner med speciale i offentlig transport og mobilitetsl\u00f8sninger.","robots":{"index":"index","follow":"follow","max-snippet":"max-snippet:-1","max-image-preview":"max-image-preview:large","max-video-preview":"max-video-preview:-1"},"og_locale":"en_US","og_type":"article","og_title":"Ambitioner og v\u00e6rdier","og_description":"Ambitioner og v\u00e6rdier - SYSTRA er en af verdens f\u00f8rende ingeni\u00f8r- og r\u00e5dgivningskoncerner med speciale i offentlig transport og mobilitetsl\u00f8sninger.","og_url":"https:\/\/www.systra.com\/denmark\/hvem-vi-er\/ambitioner-og-vaerdier\/","og_site_name":"Denmark","article_modified_time":"2024-10-15T08:54:17+00:00","og_image":[{"width":2380,"height":1500,"url":"https:\/\/www.systra.com\/denmark\/wp-content\/uploads\/sites\/26\/2023\/12\/kh_passager-cykel-tog_th-3_mindre-res.jpg","type":"image\/jpeg"}],"twitter_card":"summary_large_image","twitter_misc":{"Est. reading time":"3 minutes"},"schema":{"@context":"https:\/\/schema.org","@graph":[{"@type":"WebPage","@id":"https:\/\/www.systra.com\/denmark\/hvem-vi-er\/ambitioner-og-vaerdier\/","url":"https:\/\/www.systra.com\/denmark\/hvem-vi-er\/ambitioner-og-vaerdier\/","name":"Ambitioner og v\u00e6rdier - SYSTRA Danmark","isPartOf":{"@id":"https:\/\/www.systra.com\/denmark\/#website"},"primaryImageOfPage":{"@id":"https:\/\/www.systra.com\/denmark\/hvem-vi-er\/ambitioner-og-vaerdier\/#primaryimage"},"image":{"@id":"https:\/\/www.systra.com\/denmark\/hvem-vi-er\/ambitioner-og-vaerdier\/#primaryimage"},"thumbnailUrl":"https:\/\/www.systra.com\/denmark\/wp-content\/uploads\/sites\/26\/2023\/12\/kh_passager-cykel-tog_th-3_mindre-res.jpg","datePublished":"2024-01-20T11:54:44+00:00","dateModified":"2024-10-15T08:54:17+00:00","description":"Ambitioner og v\u00e6rdier - SYSTRA er en af verdens f\u00f8rende ingeni\u00f8r- og r\u00e5dgivningskoncerner med speciale i offentlig transport og mobilitetsl\u00f8sninger.","breadcrumb":{"@id":"https:\/\/www.systra.com\/denmark\/hvem-vi-er\/ambitioner-og-vaerdier\/#breadcrumb"},"inLanguage":"en-US","potentialAction":[{"@type":"ReadAction","target":["https:\/\/www.systra.com\/denmark\/hvem-vi-er\/ambitioner-og-vaerdier\/"]}]},{"@type":"ImageObject","inLanguage":"en-US","@id":"https:\/\/www.systra.com\/denmark\/hvem-vi-er\/ambitioner-og-vaerdier\/#primaryimage","url":"https:\/\/www.systra.com\/denmark\/wp-content\/uploads\/sites\/26\/2023\/12\/kh_passager-cykel-tog_th-3_mindre-res.jpg","contentUrl":"https:\/\/www.systra.com\/denmark\/wp-content\/uploads\/sites\/26\/2023\/12\/kh_passager-cykel-tog_th-3_mindre-res.jpg","width":2380,"height":1500},{"@type":"BreadcrumbList","@id":"https:\/\/www.systra.com\/denmark\/hvem-vi-er\/ambitioner-og-vaerdier\/#breadcrumb","itemListElement":[{"@type":"ListItem","position":1,"name":"Home","item":"https:\/\/www.systra.com\/denmark\/"},{"@type":"ListItem","position":2,"name":"Hvem vi er","item":"https:\/\/www.systra.com\/denmark\/hvem-vi-er\/"},{"@type":"ListItem","position":3,"name":"Ambitioner og v\u00e6rdier"}]},{"@type":"WebSite","@id":"https:\/\/www.systra.com\/denmark\/#website","url":"https:\/\/www.systra.com\/denmark\/","name":"Denmark","description":"Un site utilisant Les sites de Systra","potentialAction":[{"@type":"SearchAction","target":{"@type":"EntryPoint","urlTemplate":"https:\/\/www.systra.com\/denmark\/?s={search_term_string}"},"query-input":{"@type":"PropertyValueSpecification","valueRequired":true,"valueName":"search_term_string"}}],"inLanguage":"en-US"}]}},"lang":"da","translations":{"da":1318,"en":13203},"pll_sync_post":[],"_links":{"self":[{"href":"https:\/\/www.systra.com\/denmark\/wp-json\/wp\/v2\/pages\/1318","targetHints":{"allow":["GET"]}}],"collection":[{"href":"https:\/\/www.systra.com\/denmark\/wp-json\/wp\/v2\/pages"}],"about":[{"href":"https:\/\/www.systra.com\/denmark\/wp-json\/wp\/v2\/types\/page"}],"author":[{"embeddable":true,"href":"https:\/\/www.systra.com\/denmark\/wp-json\/wp\/v2\/users\/101"}],"replies":[{"embeddable":true,"href":"https:\/\/www.systra.com\/denmark\/wp-json\/wp\/v2\/comments?post=1318"}],"version-history":[{"count":39,"href":"https:\/\/www.systra.com\/denmark\/wp-json\/wp\/v2\/pages\/1318\/revisions"}],"predecessor-version":[{"id":12333,"href":"https:\/\/www.systra.com\/denmark\/wp-json\/wp\/v2\/pages\/1318\/revisions\/12333"}],"up":[{"embeddable":true,"href":"https:\/\/www.systra.com\/denmark\/wp-json\/wp\/v2\/pages\/363"}],"wp:featuredmedia":[{"embeddable":true,"href":"https:\/\/www.systra.com\/denmark\/wp-json\/wp\/v2\/media\/984"}],"wp:attachment":[{"href":"https:\/\/www.systra.com\/denmark\/wp-json\/wp\/v2\/media?parent=1318"}],"curies":[{"name":"wp","href":"https:\/\/api.w.org\/{rel}","templated":true}]}}