{"id":1294,"date":"2024-01-20T11:34:24","date_gmt":"2024-01-20T10:34:24","guid":{"rendered":"https:\/\/www.systra.com\/denmark\/?page_id=1294"},"modified":"2025-07-10T14:57:21","modified_gmt":"2025-07-10T12:57:21","slug":"om-os","status":"publish","type":"page","link":"https:\/\/www.systra.com\/denmark\/hvem-vi-er\/om-os\/","title":{"rendered":"Om os"},"content":{"rendered":"\n<h2 class=\"wp-block-heading has-pale-mauve-background-color has-background\" id=\"h-systra-er-en-af-verdens-forende-ingenior-og-radgivervirksomheder-specialiseret-i-losninger-indenfor-mobilitet-i-danmark-har-systra-designet-forbedret-og-moderniseret-infrastruktur-i-mere-end-50-ar\">SYSTRA er en af verdens f\u00f8rende ingeni\u00f8r- og r\u00e5dgivervirksomheder specialiseret i l\u00f8sninger indenfor mobilitet.<br><br>I Danmark har SYSTRA designet, forbedret og moderniseret infrastruktur i mere end 50 \u00e5r.<\/h2>\n\n\n\n<div style=\"height:100px\" aria-hidden=\"true\" class=\"wp-block-spacer\"><\/div>\n\n\n\n<div class=\"wp-block-columns alignwide is-layout-flex wp-container-core-columns-is-layout-9d6595d7 wp-block-columns-is-layout-flex\">\n<div class=\"wp-block-column is-layout-flow wp-block-column-is-layout-flow\" style=\"flex-basis:100%\"><\/div>\n<\/div>\n\n\n\n<div class=\"wp-block-columns is-layout-flex wp-container-core-columns-is-layout-9d6595d7 wp-block-columns-is-layout-flex\">\n<div class=\"wp-block-column is-layout-flow wp-block-column-is-layout-flow\" style=\"flex-basis:33.33%\">\n<h2 class=\"wp-block-heading\" id=\"h-confidence-moves-the-world\">Confidence moves the world<\/h2>\n<\/div>\n\n\n\n<div class=\"wp-block-column is-layout-flow wp-block-column-is-layout-flow\" style=\"flex-basis:66.66%\">\n<p>Hvis vi skal sikre en verden i udvikling og bev\u00e6gelse, skal vi hele tiden tro p\u00e5, at det vi g\u00f8r, er med til at skubbe samfundet i en mere innovativ, b\u00e6redygtig og sikker retning. Og det g\u00f8r vi i SYSTRA.<\/p>\n\n\n\n<p>Bev\u00e6gelse er rygraden og hjertet af vores samfunds dynamik. Uanset om det er metro, jernbane, vej, energi, IT eller klimatilpasning, er vi hos SYSTRA stolte over at designe sikre, intelligente og b\u00e6redygtige infrastrukturl\u00f8sninger. <\/p>\n<\/div>\n<\/div>\n\n\n\n<div style=\"height:100px\" aria-hidden=\"true\" class=\"wp-block-spacer\"><\/div>\n\n\n\n<div class=\"wp-block-media-text alignfull has-media-on-the-right is-stacked-on-mobile has-pale-mauve-background-color has-background\" style=\"grid-template-columns:auto 44%\"><div class=\"wp-block-media-text__content\">\n<h2 class=\"wp-block-heading\" id=\"h-lokal-radgiver-med-et-stort-internationalt-bagland\">Lokal r\u00e5dgiver med et stort internationalt bagland<\/h2>\n\n\n\n<p>Som en del af SYSTRA Group er vi mere end 11.000 r\u00e5dgivere p\u00e5 verdensplan. I Danmark er vi omkring 350 projektledere, r\u00e5dgivere og specialister, som arbejder for at skabe, designe og sikre intelligente og b\u00e6redygtige infrastrukturl\u00f8sninger, der styrker et velfungerende og dynamisk samfund.<\/p>\n<\/div><figure class=\"wp-block-media-text__media\"><img decoding=\"async\" src=\"https:\/\/www.systra.com\/denmark\/wp-content\/uploads\/2023\/06\/systra_vignette_dpef.jpg\" alt=\"\" class=\"wp-image-10000013159576 size-full\" srcset=\"https:\/\/www.systra.com\/denmark\/wp-content\/uploads\/2023\/06\/systra_vignette_dpef.jpg 990w, https:\/\/www.systra.com\/denmark\/wp-content\/uploads\/2023\/06\/systra_vignette_dpef-300x200.jpg 300w, https:\/\/www.systra.com\/denmark\/wp-content\/uploads\/2023\/06\/systra_vignette_dpef-768x512.jpg 768w, https:\/\/www.systra.com\/denmark\/wp-content\/uploads\/2023\/06\/systra_vignette_dpef-375x250.jpg 375w, https:\/\/www.systra.com\/denmark\/wp-content\/uploads\/2023\/06\/systra_vignette_dpef-376x250.jpg 376w, https:\/\/www.systra.com\/denmark\/wp-content\/uploads\/2023\/06\/systra_vignette_dpef-474x316.jpg 474w, https:\/\/www.systra.com\/denmark\/wp-content\/uploads\/2023\/06\/systra_vignette_dpef-75x50.jpg 75w, https:\/\/www.systra.com\/denmark\/wp-content\/uploads\/2023\/06\/systra_vignette_dpef-900x600.jpg 900w, https:\/\/www.systra.com\/denmark\/wp-content\/uploads\/2023\/06\/systra_vignette_dpef-800x533.jpg 800w, https:\/\/www.systra.com\/denmark\/wp-content\/uploads\/2023\/06\/systra_vignette_dpef-180x120.jpg 180w, https:\/\/www.systra.com\/denmark\/wp-content\/uploads\/2023\/06\/systra_vignette_dpef-153x102.jpg 153w, https:\/\/www.systra.com\/denmark\/wp-content\/uploads\/2023\/06\/systra_vignette_dpef-230x153.jpg 230w\" sizes=\"(max-width: 990px) 100vw, 990px\" \/><\/figure><\/div>\n\n\n\n<div style=\"height:100px\" aria-hidden=\"true\" class=\"wp-block-spacer\"><\/div>\n\n\n\n<div class=\"wp-block-columns is-layout-flex wp-container-core-columns-is-layout-9d6595d7 wp-block-columns-is-layout-flex\">\n<div class=\"wp-block-column has-blanc-color has-light-eggplant-background-color has-text-color has-background has-link-color wp-elements-d29465d9863ce62c71e2481caba7bbcf is-layout-flow wp-block-column-is-layout-flow\" style=\"flex-basis:33.33%\">\n<h3 class=\"wp-block-heading has-blanc-color has-light-eggplant-background-color has-text-color has-background has-link-color wp-elements-49de0ac419a935e3a7abc9962460bde8\" id=\"h-partnerskab-med-vores-kunder-om-tidens-vigtigste-projekter\">Partnerskab med vores kunder om tidens vigtigste projekter<\/h3>\n<\/div>\n\n\n\n<div class=\"wp-block-column is-layout-flow wp-block-column-is-layout-flow\" style=\"flex-basis:66.66%\">\n<p>I partnerskab med vores kunder udvikler vi mange af tidens vigtigste infrastrukturprojekter. Samspillet med vores kunder er afg\u00f8rende for, at vi kan levere den bedste r\u00e5dgivning og de bedste resultatet &#8211; derfor kalder vi samarbejdet med vores kunder for et partnerskab. <\/p>\n\n\n\n<p>Typisk er de projekter, vi l\u00f8ser, multidisciplin\u00e6re, hvor mange af vores kompetencer er i spil, derfor er vores samarbejde internt ogs\u00e5 vigtigt for vores l\u00f8sninger. SYSTRA er en netv\u00e6rksorganisation, hvor vi arbejder i forbundne teams &#8211; det betyder, at vi samarbejder p\u00e5 tv\u00e6rs, uanset hvor vi er lokaliseret.<\/p>\n<\/div>\n<\/div>\n\n\n\n<div style=\"height:100px\" aria-hidden=\"true\" class=\"wp-block-spacer\"><\/div>\n\n\n\n<div class=\"wp-block-columns is-layout-flex wp-container-core-columns-is-layout-9d6595d7 wp-block-columns-is-layout-flex\">\n<div class=\"wp-block-column is-layout-flow wp-block-column-is-layout-flow\" style=\"flex-basis:66.66%\">\n<p>For os er hvert projekt enest\u00e5ende og tilpasset kundens s\u00e6rlige \u00f8nsker og udfordringer. Vi g\u00f8r os altid umage, og i vores l\u00f8sninger t\u00e6nker vi frem, s\u00e5 vi sikrer, at den r\u00e5dgivning vi yder og de l\u00f8sninger, vi leverer, ikke blot l\u00f8ser de nutidige udfordringer, men ogs\u00e5 er klar til fremtiden. Vores r\u00e5dgivning og l\u00f8sninger bygger p\u00e5 stor erfaring og viden fra st\u00f8rstedelen af landets vigtigste infrastrukturprojekter.<\/p>\n<\/div>\n\n\n\n<div class=\"wp-block-column has-pale-mauve-background-color has-background is-layout-flow wp-block-column-is-layout-flow\" style=\"flex-basis:33.33%\">\n<h3 class=\"wp-block-heading has-pale-mauve-background-color has-background\" id=\"h-ethvert-projekt-er-unikt-i-sit-specifikke-formal\">Ethvert projekt er unikt i sit specifikke form\u00e5l<\/h3>\n<\/div>\n<\/div>\n\n\n\n<div style=\"height:100px\" aria-hidden=\"true\" class=\"wp-block-spacer\"><\/div>\n\n\n\n<div class=\"wp-block-columns is-layout-flex wp-container-core-columns-is-layout-9d6595d7 wp-block-columns-is-layout-flex\">\n<div class=\"wp-block-column has-khaki-background-color has-background is-layout-flow wp-block-column-is-layout-flow\" style=\"flex-basis:33.33%\">\n<h3 class=\"wp-block-heading has-blanc-color has-khaki-background-color has-text-color has-background has-link-color wp-elements-0f7acbad9b6e7744d739c91c72ae01a3\" id=\"h-baeredygtighed-er-en-integreret-del-af-vores-tilgang-til-losninger\">B\u00e6redygtighed er en integreret del af vores tilgang til l\u00f8sninger<\/h3>\n<\/div>\n\n\n\n<div class=\"wp-block-column is-layout-flow wp-block-column-is-layout-flow\" style=\"flex-basis:66.66%\">\n<p>Det er i samspillet med vores kunder, vi g\u00f8r den st\u00f8rste forskel for kloden og for samfundet. I vores f\u00e6lles projekter r\u00e5dgiver vi om valg og fravalg , der sk\u00e5ner milj\u00f8et, skaber holdbarhed med omtanke og underst\u00f8tter f\u00e6llesskab og livskvalitet. B\u00e6redygtighed bliver p\u00e5 denne m\u00e5de naturligt en integreret del af vores tilgang til l\u00f8sninger i projekter.<\/p>\n<\/div>\n<\/div>\n\n\n\n<div style=\"height:100px\" aria-hidden=\"true\" class=\"wp-block-spacer\"><\/div>\n\n\n\n<div class=\"wp-block-columns is-layout-flex wp-container-core-columns-is-layout-9d6595d7 wp-block-columns-is-layout-flex\">\n<div class=\"wp-block-column is-layout-flow wp-block-column-is-layout-flow\" style=\"flex-basis:66.66%\">\n<p>Vi insisterer p\u00e5 at have et inkluderende f\u00e6llesskab, hvor alle med de rette kompetencer kan v\u00e6re med \u2013 og hvor alle stemmer bliver h\u00f8rt. Det har stor betydning for vores trivsel og arbejdsgl\u00e6de \u2013 men i h\u00f8j grad ogs\u00e5 for, at vi med vores forskellige perspektiver og indsigt kan skabe de bedste l\u00f8sninger p\u00e5 fremtidens problemer. <\/p>\n<\/div>\n\n\n\n<div class=\"wp-block-column has-dusty-blue-background-color has-background is-layout-flow wp-block-column-is-layout-flow\" style=\"flex-basis:33.33%\">\n<h3 class=\"wp-block-heading has-blanc-color has-dusty-blue-background-color has-text-color has-background has-link-color wp-elements-ad530937b506a4d9770dd216a0a24c1b\" id=\"h-forskel-gor-en-forskel\">Forskel g\u00f8r en forskel<\/h3>\n<\/div>\n<\/div>\n\n\n\n<div style=\"height:100px\" aria-hidden=\"true\" class=\"wp-block-spacer\"><\/div>\n\n\n\n<div class=\"wp-block-media-text alignwide is-stacked-on-mobile has-pale-mauve-background-color has-background\"><figure class=\"wp-block-media-text__media\"><img loading=\"lazy\" decoding=\"async\" width=\"600\" height=\"377\" src=\"https:\/\/www.systra.com\/denmark\/wp-content\/uploads\/sites\/26\/2023\/11\/eva-rindom.jpg\" alt=\"Eva Rindom, administrerende direkt\u00f8r\" class=\"wp-image-638 size-full\" srcset=\"https:\/\/www.systra.com\/denmark\/wp-content\/uploads\/sites\/26\/2023\/11\/eva-rindom.jpg 600w, https:\/\/www.systra.com\/denmark\/wp-content\/uploads\/sites\/26\/2023\/11\/eva-rindom-300x189.jpg 300w, https:\/\/www.systra.com\/denmark\/wp-content\/uploads\/sites\/26\/2023\/11\/eva-rindom-474x298.jpg 474w, https:\/\/www.systra.com\/denmark\/wp-content\/uploads\/sites\/26\/2023\/11\/eva-rindom-180x113.jpg 180w, https:\/\/www.systra.com\/denmark\/wp-content\/uploads\/sites\/26\/2023\/11\/eva-rindom-153x96.jpg 153w, https:\/\/www.systra.com\/denmark\/wp-content\/uploads\/sites\/26\/2023\/11\/eva-rindom-230x145.jpg 230w\" sizes=\"auto, (max-width: 600px) 100vw, 600px\" \/><\/figure><div class=\"wp-block-media-text__content\">\n<div style=\"height:20px\" aria-hidden=\"true\" class=\"wp-block-spacer\"><\/div>\n\n\n\n<blockquote class=\"wp-block-quote is-layout-flow wp-block-quote-is-layout-flow\">\n<p>Som en del af vores ambition om i h\u00f8jere grad at afspejle forskelligheden i samfundet, har vi i SYSTRA Danmark tilsluttet os DI&#8217;s strategi for k\u00f8nsdiversitet; Gender Diversity Pledge. Her er m\u00e5let, at vi sammen rykker dansk erhvervsliv mod en 40\/60- fordeling i 2030.<\/p>\n<cite>Eva Rindom, administrerende direkt\u00f8r, SYSTRA Danmark A\/S<\/cite><\/blockquote>\n\n\n\n<div style=\"height:20px\" aria-hidden=\"true\" class=\"wp-block-spacer\"><\/div>\n<\/div><\/div>\n\n\n\n<div style=\"height:100px\" aria-hidden=\"true\" class=\"wp-block-spacer\"><\/div>\n","protected":false},"excerpt":{"rendered":"<p>SYSTRA er en af verdens f\u00f8rende ingeni\u00f8r- og r\u00e5dgivervirksomheder specialiseret i l\u00f8sninger indenfor mobilitet. I Danmark har SYSTRA designet, forbedret og moderniseret infrastruktur i mere end 50 \u00e5r. Confidence moves the world Hvis vi skal sikre en verden i udvikling og bev\u00e6gelse, skal vi hele tiden tro p\u00e5, at det vi g\u00f8r, er med til [&hellip;]<\/p>\n","protected":false},"author":101,"featured_media":1295,"parent":363,"menu_order":0,"comment_status":"closed","ping_status":"closed","template":"","meta":{"_acf_changed":false,"_relevanssi_hide_post":"","_relevanssi_hide_content":"","_relevanssi_pin_for_all":"","_relevanssi_pin_keywords":"","_relevanssi_unpin_keywords":"","_relevanssi_related_keywords":"","_relevanssi_related_include_ids":"","_relevanssi_related_exclude_ids":"","_relevanssi_related_no_append":"","_relevanssi_related_not_related":"","_relevanssi_related_posts":"834,673,875,508,601,893","_relevanssi_noindex_reason":"","footnotes":""},"class_list":["post-1294","page","type-page","status-publish","has-post-thumbnail","hentry"],"acf":[],"yoast_head":"<!-- This site is optimized with the Yoast SEO Premium plugin v27.4 (Yoast SEO v27.4) - https:\/\/yoast.com\/product\/yoast-seo-premium-wordpress\/ -->\n<title>Om os - SYSTRA Danmark<\/title>\n<meta name=\"description\" content=\"Om os - SYSTRA er en af verdens f\u00f8rende ingeni\u00f8r- og r\u00e5dgivningskoncerner med speciale i offentlig transport og mobilitetsl\u00f8sninger.\" \/>\n<meta name=\"robots\" content=\"index, follow, max-snippet:-1, max-image-preview:large, max-video-preview:-1\" \/>\n<meta property=\"og:locale\" content=\"en_US\" \/>\n<meta property=\"og:type\" content=\"article\" \/>\n<meta property=\"og:title\" content=\"Om os\" \/>\n<meta property=\"og:description\" content=\"Om os - SYSTRA er en af verdens f\u00f8rende ingeni\u00f8r- og r\u00e5dgivningskoncerner med speciale i offentlig transport og mobilitetsl\u00f8sninger.\" \/>\n<meta property=\"og:url\" content=\"https:\/\/www.systra.com\/denmark\/hvem-vi-er\/om-os\/\" \/>\n<meta property=\"og:site_name\" content=\"Denmark\" \/>\n<meta property=\"article:modified_time\" content=\"2025-07-10T12:57:21+00:00\" \/>\n<meta property=\"og:image\" content=\"https:\/\/www.systra.com\/denmark\/wp-content\/uploads\/sites\/26\/2024\/01\/3.jpg\" \/>\n\t<meta property=\"og:image:width\" content=\"2016\" \/>\n\t<meta property=\"og:image:height\" content=\"1512\" \/>\n\t<meta property=\"og:image:type\" content=\"image\/jpeg\" \/>\n<meta name=\"twitter:card\" content=\"summary_large_image\" \/>\n<meta name=\"twitter:label1\" content=\"Est. reading time\" \/>\n\t<meta name=\"twitter:data1\" content=\"3 minutes\" \/>\n<script type=\"application\/ld+json\" class=\"yoast-schema-graph\">{\"@context\":\"https:\\\/\\\/schema.org\",\"@graph\":[{\"@type\":\"WebPage\",\"@id\":\"https:\\\/\\\/www.systra.com\\\/denmark\\\/hvem-vi-er\\\/om-os\\\/\",\"url\":\"https:\\\/\\\/www.systra.com\\\/denmark\\\/hvem-vi-er\\\/om-os\\\/\",\"name\":\"Om os - SYSTRA Danmark\",\"isPartOf\":{\"@id\":\"https:\\\/\\\/www.systra.com\\\/denmark\\\/#website\"},\"primaryImageOfPage\":{\"@id\":\"https:\\\/\\\/www.systra.com\\\/denmark\\\/hvem-vi-er\\\/om-os\\\/#primaryimage\"},\"image\":{\"@id\":\"https:\\\/\\\/www.systra.com\\\/denmark\\\/hvem-vi-er\\\/om-os\\\/#primaryimage\"},\"thumbnailUrl\":\"https:\\\/\\\/www.systra.com\\\/denmark\\\/wp-content\\\/uploads\\\/sites\\\/26\\\/2024\\\/01\\\/3.jpg\",\"datePublished\":\"2024-01-20T10:34:24+00:00\",\"dateModified\":\"2025-07-10T12:57:21+00:00\",\"description\":\"Om os - SYSTRA er en af verdens f\u00f8rende ingeni\u00f8r- og r\u00e5dgivningskoncerner med speciale i offentlig transport og mobilitetsl\u00f8sninger.\",\"breadcrumb\":{\"@id\":\"https:\\\/\\\/www.systra.com\\\/denmark\\\/hvem-vi-er\\\/om-os\\\/#breadcrumb\"},\"inLanguage\":\"en-US\",\"potentialAction\":[{\"@type\":\"ReadAction\",\"target\":[\"https:\\\/\\\/www.systra.com\\\/denmark\\\/hvem-vi-er\\\/om-os\\\/\"]}]},{\"@type\":\"ImageObject\",\"inLanguage\":\"en-US\",\"@id\":\"https:\\\/\\\/www.systra.com\\\/denmark\\\/hvem-vi-er\\\/om-os\\\/#primaryimage\",\"url\":\"https:\\\/\\\/www.systra.com\\\/denmark\\\/wp-content\\\/uploads\\\/sites\\\/26\\\/2024\\\/01\\\/3.jpg\",\"contentUrl\":\"https:\\\/\\\/www.systra.com\\\/denmark\\\/wp-content\\\/uploads\\\/sites\\\/26\\\/2024\\\/01\\\/3.jpg\",\"width\":2016,\"height\":1512},{\"@type\":\"BreadcrumbList\",\"@id\":\"https:\\\/\\\/www.systra.com\\\/denmark\\\/hvem-vi-er\\\/om-os\\\/#breadcrumb\",\"itemListElement\":[{\"@type\":\"ListItem\",\"position\":1,\"name\":\"Home\",\"item\":\"https:\\\/\\\/www.systra.com\\\/denmark\\\/\"},{\"@type\":\"ListItem\",\"position\":2,\"name\":\"Hvem vi er\",\"item\":\"https:\\\/\\\/www.systra.com\\\/denmark\\\/hvem-vi-er\\\/\"},{\"@type\":\"ListItem\",\"position\":3,\"name\":\"Om os\"}]},{\"@type\":\"WebSite\",\"@id\":\"https:\\\/\\\/www.systra.com\\\/denmark\\\/#website\",\"url\":\"https:\\\/\\\/www.systra.com\\\/denmark\\\/\",\"name\":\"Denmark\",\"description\":\"Un site utilisant Les sites de Systra\",\"potentialAction\":[{\"@type\":\"SearchAction\",\"target\":{\"@type\":\"EntryPoint\",\"urlTemplate\":\"https:\\\/\\\/www.systra.com\\\/denmark\\\/?s={search_term_string}\"},\"query-input\":{\"@type\":\"PropertyValueSpecification\",\"valueRequired\":true,\"valueName\":\"search_term_string\"}}],\"inLanguage\":\"en-US\"}]}<\/script>\n<!-- \/ Yoast SEO Premium plugin. -->","yoast_head_json":{"title":"Om os - SYSTRA Danmark","description":"Om os - SYSTRA er en af verdens f\u00f8rende ingeni\u00f8r- og r\u00e5dgivningskoncerner med speciale i offentlig transport og mobilitetsl\u00f8sninger.","robots":{"index":"index","follow":"follow","max-snippet":"max-snippet:-1","max-image-preview":"max-image-preview:large","max-video-preview":"max-video-preview:-1"},"og_locale":"en_US","og_type":"article","og_title":"Om os","og_description":"Om os - SYSTRA er en af verdens f\u00f8rende ingeni\u00f8r- og r\u00e5dgivningskoncerner med speciale i offentlig transport og mobilitetsl\u00f8sninger.","og_url":"https:\/\/www.systra.com\/denmark\/hvem-vi-er\/om-os\/","og_site_name":"Denmark","article_modified_time":"2025-07-10T12:57:21+00:00","og_image":[{"width":2016,"height":1512,"url":"https:\/\/www.systra.com\/denmark\/wp-content\/uploads\/sites\/26\/2024\/01\/3.jpg","type":"image\/jpeg"}],"twitter_card":"summary_large_image","twitter_misc":{"Est. reading time":"3 minutes"},"schema":{"@context":"https:\/\/schema.org","@graph":[{"@type":"WebPage","@id":"https:\/\/www.systra.com\/denmark\/hvem-vi-er\/om-os\/","url":"https:\/\/www.systra.com\/denmark\/hvem-vi-er\/om-os\/","name":"Om os - SYSTRA Danmark","isPartOf":{"@id":"https:\/\/www.systra.com\/denmark\/#website"},"primaryImageOfPage":{"@id":"https:\/\/www.systra.com\/denmark\/hvem-vi-er\/om-os\/#primaryimage"},"image":{"@id":"https:\/\/www.systra.com\/denmark\/hvem-vi-er\/om-os\/#primaryimage"},"thumbnailUrl":"https:\/\/www.systra.com\/denmark\/wp-content\/uploads\/sites\/26\/2024\/01\/3.jpg","datePublished":"2024-01-20T10:34:24+00:00","dateModified":"2025-07-10T12:57:21+00:00","description":"Om os - SYSTRA er en af verdens f\u00f8rende ingeni\u00f8r- og r\u00e5dgivningskoncerner med speciale i offentlig transport og mobilitetsl\u00f8sninger.","breadcrumb":{"@id":"https:\/\/www.systra.com\/denmark\/hvem-vi-er\/om-os\/#breadcrumb"},"inLanguage":"en-US","potentialAction":[{"@type":"ReadAction","target":["https:\/\/www.systra.com\/denmark\/hvem-vi-er\/om-os\/"]}]},{"@type":"ImageObject","inLanguage":"en-US","@id":"https:\/\/www.systra.com\/denmark\/hvem-vi-er\/om-os\/#primaryimage","url":"https:\/\/www.systra.com\/denmark\/wp-content\/uploads\/sites\/26\/2024\/01\/3.jpg","contentUrl":"https:\/\/www.systra.com\/denmark\/wp-content\/uploads\/sites\/26\/2024\/01\/3.jpg","width":2016,"height":1512},{"@type":"BreadcrumbList","@id":"https:\/\/www.systra.com\/denmark\/hvem-vi-er\/om-os\/#breadcrumb","itemListElement":[{"@type":"ListItem","position":1,"name":"Home","item":"https:\/\/www.systra.com\/denmark\/"},{"@type":"ListItem","position":2,"name":"Hvem vi er","item":"https:\/\/www.systra.com\/denmark\/hvem-vi-er\/"},{"@type":"ListItem","position":3,"name":"Om os"}]},{"@type":"WebSite","@id":"https:\/\/www.systra.com\/denmark\/#website","url":"https:\/\/www.systra.com\/denmark\/","name":"Denmark","description":"Un site utilisant Les sites de Systra","potentialAction":[{"@type":"SearchAction","target":{"@type":"EntryPoint","urlTemplate":"https:\/\/www.systra.com\/denmark\/?s={search_term_string}"},"query-input":{"@type":"PropertyValueSpecification","valueRequired":true,"valueName":"search_term_string"}}],"inLanguage":"en-US"}]}},"lang":"da","translations":{"da":1294,"en":13198},"pll_sync_post":[],"_links":{"self":[{"href":"https:\/\/www.systra.com\/denmark\/wp-json\/wp\/v2\/pages\/1294","targetHints":{"allow":["GET"]}}],"collection":[{"href":"https:\/\/www.systra.com\/denmark\/wp-json\/wp\/v2\/pages"}],"about":[{"href":"https:\/\/www.systra.com\/denmark\/wp-json\/wp\/v2\/types\/page"}],"author":[{"embeddable":true,"href":"https:\/\/www.systra.com\/denmark\/wp-json\/wp\/v2\/users\/101"}],"replies":[{"embeddable":true,"href":"https:\/\/www.systra.com\/denmark\/wp-json\/wp\/v2\/comments?post=1294"}],"version-history":[{"count":3,"href":"https:\/\/www.systra.com\/denmark\/wp-json\/wp\/v2\/pages\/1294\/revisions"}],"predecessor-version":[{"id":17175,"href":"https:\/\/www.systra.com\/denmark\/wp-json\/wp\/v2\/pages\/1294\/revisions\/17175"}],"up":[{"embeddable":true,"href":"https:\/\/www.systra.com\/denmark\/wp-json\/wp\/v2\/pages\/363"}],"wp:featuredmedia":[{"embeddable":true,"href":"https:\/\/www.systra.com\/denmark\/wp-json\/wp\/v2\/media\/1295"}],"wp:attachment":[{"href":"https:\/\/www.systra.com\/denmark\/wp-json\/wp\/v2\/media?parent=1294"}],"curies":[{"name":"wp","href":"https:\/\/api.w.org\/{rel}","templated":true}]}}