{"id":1250,"date":"2024-01-19T16:48:04","date_gmt":"2024-01-19T15:48:04","guid":{"rendered":"https:\/\/www.systra.com\/denmark\/?page_id=1250"},"modified":"2025-07-10T13:17:27","modified_gmt":"2025-07-10T11:17:27","slug":"pressekontakt","status":"publish","type":"page","link":"https:\/\/www.systra.com\/denmark\/nyheder\/pressekontakt\/","title":{"rendered":"Pressekontakt og sociale medier"},"content":{"rendered":"\n<p><\/p>\n\n\n\n<h2 class=\"wp-block-heading has-pale-mauve-background-color has-background\" id=\"h-i-systra-danmark-er-vi-omkring-350-projektledere-radgivere-og-specialister-med-stor-viden-om-infrastruktur-teknologi-baeredygtighed-og-samfundsudvikling-indenfor-vores-felt\">I SYSTRA DANMARK ER VI OMKRING 350 PROJEKTLEDERE, R\u00c5DGIVERE OG SPECIALISTER MED STOR VIDEN OM infrastruktur, TEKNOLOGI, B\u00c6REDYGTIGHED OG SAMFUNDSUDVIKLING indenfor vores felt.<\/h2>\n\n\n\n<div style=\"height:100px\" aria-hidden=\"true\" class=\"wp-block-spacer\"><\/div>\n\n\n\n<p>Vi deler gerne ud af vores viden og deltager aktivt i samfundsdebatten om udviklingen inden for mobilitet og infrastruktur. <\/p>\n\n\n\n<div style=\"height:20px\" aria-hidden=\"true\" class=\"wp-block-spacer\"><\/div>\n\n\n\n<p>Du er velkommen til at kontakte os, hvis du \u00f8nsker mere information, hvordan vi som r\u00e5dgivende ingeni\u00f8rer bidrager til nogle af landet st\u00f8rste infrastrukturprojekter eller er p\u00e5 udkig efter ekspertudtalelser fra nogle af vores mange specialister.<\/p>\n\n\n\n<div style=\"height:100px\" aria-hidden=\"true\" class=\"wp-block-spacer\"><\/div>\n\n\n\n<div class=\"wp-block-media-text has-media-on-the-right is-stacked-on-mobile is-style-default has-pale-mauve-background-color has-background has-large-font-size\" style=\"grid-template-columns:auto 28%\"><div class=\"wp-block-media-text__content\">\n<p class=\"has-text-align-right has-medium-font-size\"><strong>Maria Voss Virklund<\/strong><br>Afdelingsleder, Business Development<br>Tlf: +45 26 37 63 40<br>E-mail: <a href=\"mailto:mvirklund@systra.com\">mvirklund@systra.com<\/a><\/p>\n<\/div><figure class=\"wp-block-media-text__media\"><img loading=\"lazy\" decoding=\"async\" width=\"1024\" height=\"768\" src=\"https:\/\/www.systra.com\/denmark\/wp-content\/uploads\/sites\/26\/2024\/01\/virk3806-2-1024x768.jpg\" alt=\"\" class=\"wp-image-1977 size-full\" srcset=\"https:\/\/www.systra.com\/denmark\/wp-content\/uploads\/sites\/26\/2024\/01\/virk3806-2-1024x768.jpg 1024w, https:\/\/www.systra.com\/denmark\/wp-content\/uploads\/sites\/26\/2024\/01\/virk3806-2-300x225.jpg 300w, https:\/\/www.systra.com\/denmark\/wp-content\/uploads\/sites\/26\/2024\/01\/virk3806-2-768x576.jpg 768w, https:\/\/www.systra.com\/denmark\/wp-content\/uploads\/sites\/26\/2024\/01\/virk3806-2-1536x1152.jpg 1536w, https:\/\/www.systra.com\/denmark\/wp-content\/uploads\/sites\/26\/2024\/01\/virk3806-2-2048x1536.jpg 2048w, https:\/\/www.systra.com\/denmark\/wp-content\/uploads\/sites\/26\/2024\/01\/virk3806-2-474x356.jpg 474w, https:\/\/www.systra.com\/denmark\/wp-content\/uploads\/sites\/26\/2024\/01\/virk3806-2-1700x1275.jpg 1700w, https:\/\/www.systra.com\/denmark\/wp-content\/uploads\/sites\/26\/2024\/01\/virk3806-2-1352x1014.jpg 1352w, https:\/\/www.systra.com\/denmark\/wp-content\/uploads\/sites\/26\/2024\/01\/virk3806-2-800x600.jpg 800w, https:\/\/www.systra.com\/denmark\/wp-content\/uploads\/sites\/26\/2024\/01\/virk3806-2-180x135.jpg 180w, https:\/\/www.systra.com\/denmark\/wp-content\/uploads\/sites\/26\/2024\/01\/virk3806-2-153x115.jpg 153w, https:\/\/www.systra.com\/denmark\/wp-content\/uploads\/sites\/26\/2024\/01\/virk3806-2-230x173.jpg 230w\" sizes=\"auto, (max-width: 1024px) 100vw, 1024px\" \/><\/figure><\/div>\n\n\n\n<div style=\"height:100px\" aria-hidden=\"true\" class=\"wp-block-spacer\"><\/div>\n\n\n\n<h2 class=\"wp-block-heading\" id=\"h-ga-ikke-glip-af-noget-folg-os-pa-de-sociale-medier\">G\u00e5 ikke glip af noget &#8211; f\u00f8lg os p\u00e5 de sociale medier<\/h2>\n\n\n\n<div style=\"height:50px\" aria-hidden=\"true\" class=\"wp-block-spacer\"><\/div>\n\n\n\n<div class=\"wp-block-group\"><div class=\"wp-block-group__inner-container is-layout-constrained wp-block-group-is-layout-constrained\">\n<div class=\"wp-block-columns alignwide has-medium-font-size is-layout-flex wp-container-core-columns-is-layout-9d6595d7 wp-block-columns-is-layout-flex\">\n<div class=\"wp-block-column is-vertically-aligned-stretch is-layout-flow wp-block-column-is-layout-flow\" style=\"font-size:22px;flex-basis:75%\">\n<a href=\"https:\/\/www.linkedin.com\/company\/71811195\" class=\"cta-icon is-style-pale-mauve-background\"><svg aria-hidden=\"true\" focusable=\"false\" data-prefix=\"fab\" data-icon=\"linkedin\" class=\"svg-inline--fa fa-linkedin fa-w-14 icon-sprite Icon\" role=\"img\" xmlns=\"http:\/\/www.w3.org\/2000\/svg\" viewBox=\"0 0 448 512\" aria-label=\"linkedin\"><path fill=\"currentColor\" d=\"M416 32H31.9C14.3 32 0 46.5 0 64.3v383.4C0 465.5 14.3 480 31.9 480H416c17.6 0 32-14.5 32-32.3V64.3c0-17.8-14.4-32.3-32-32.3zM135.4 416H69V202.2h66.5V416zm-33.2-243c-21.3 0-38.5-17.3-38.5-38.5S80.9 96 102.2 96c21.2 0 38.5 17.3 38.5 38.5 0 21.3-17.2 38.5-38.5 38.5zm282.1 243h-66.4V312c0-24.8-.5-56.7-34.5-56.7-34.6 0-39.9 27-39.9 54.9V416h-66.4V202.2h63.7v29.2h.9c8.9-16.8 30.6-34.5 62.9-34.5 67.2 0 79.7 44.3 79.7 101.9V416z\"><\/path><\/svg><span>LinkedIn<\/span><\/a>\n<\/div>\n\n\n\n<div class=\"wp-block-column is-vertically-aligned-stretch is-layout-flow wp-block-column-is-layout-flow\" style=\"font-size:22px;flex-basis:75%\">\n<a href=\"https:\/\/www.youtube.com\/user\/SystraTV\" class=\"cta-icon is-style-light-eggplant-background\"><svg aria-hidden=\"true\" focusable=\"false\" data-prefix=\"fab\" data-icon=\"youtube-square\" class=\"svg-inline--fa fa-youtube-square fa-w-14 icon-sprite Icon\" role=\"img\" xmlns=\"http:\/\/www.w3.org\/2000\/svg\" viewBox=\"0 0 448 512\" aria-label=\"youtube-square\"><path fill=\"currentColor\" d=\"M186.8 202.1l95.2 54.1-95.2 54.1V202.1zM448 80v352c0 26.5-21.5 48-48 48H48c-26.5 0-48-21.5-48-48V80c0-26.5 21.5-48 48-48h352c26.5 0 48 21.5 48 48zm-42 176.3s0-59.6-7.6-88.2c-4.2-15.8-16.5-28.2-32.2-32.4C337.9 128 224 128 224 128s-113.9 0-142.2 7.7c-15.7 4.2-28 16.6-32.2 32.4-7.6 28.5-7.6 88.2-7.6 88.2s0 59.6 7.6 88.2c4.2 15.8 16.5 27.7 32.2 31.9C110.1 384 224 384 224 384s113.9 0 142.2-7.7c15.7-4.2 28-16.1 32.2-31.9 7.6-28.5 7.6-88.1 7.6-88.1z\"><\/path><\/svg><span>Youtube<\/span><\/a>\n<\/div>\n<\/div>\n<\/div><\/div>\n","protected":false},"excerpt":{"rendered":"<p>I SYSTRA DANMARK ER VI OMKRING 350 PROJEKTLEDERE, R\u00c5DGIVERE OG SPECIALISTER MED STOR VIDEN OM infrastruktur, TEKNOLOGI, B\u00c6REDYGTIGHED OG SAMFUNDSUDVIKLING indenfor vores felt. Vi deler gerne ud af vores viden og deltager aktivt i samfundsdebatten om udviklingen inden for mobilitet og infrastruktur. Du er velkommen til at kontakte os, hvis du \u00f8nsker mere information, hvordan [&hellip;]<\/p>\n","protected":false},"author":6,"featured_media":2593,"parent":410,"menu_order":0,"comment_status":"closed","ping_status":"closed","template":"","meta":{"_acf_changed":false,"_relevanssi_hide_post":"","_relevanssi_hide_content":"","_relevanssi_pin_for_all":"","_relevanssi_pin_keywords":"","_relevanssi_unpin_keywords":"","_relevanssi_related_keywords":"","_relevanssi_related_include_ids":"","_relevanssi_related_exclude_ids":"","_relevanssi_related_no_append":"","_relevanssi_related_not_related":"","_relevanssi_related_posts":"747,867,760,813,471,875","_relevanssi_noindex_reason":"","footnotes":""},"class_list":["post-1250","page","type-page","status-publish","has-post-thumbnail","hentry"],"acf":[],"yoast_head":"<!-- This site is optimized with the Yoast SEO Premium plugin v27.4 (Yoast SEO v27.4) - https:\/\/yoast.com\/product\/yoast-seo-premium-wordpress\/ -->\n<title>Pressekontakt og sociale medier - SYSTRA Danmark<\/title>\n<meta name=\"description\" content=\"Pressekontakt og sociale medier - SYSTRA er en af verdens f\u00f8rende ingeni\u00f8r- og r\u00e5dgivningskoncerner med speciale i offentlig transport og mobilitetsl\u00f8sninger.\" \/>\n<meta name=\"robots\" content=\"index, follow, max-snippet:-1, max-image-preview:large, max-video-preview:-1\" \/>\n<meta property=\"og:locale\" content=\"en_US\" \/>\n<meta property=\"og:type\" content=\"article\" \/>\n<meta property=\"og:title\" content=\"Pressekontakt og sociale medier\" \/>\n<meta property=\"og:description\" content=\"Pressekontakt og sociale medier - SYSTRA er en af verdens f\u00f8rende ingeni\u00f8r- og r\u00e5dgivningskoncerner med speciale i offentlig transport og mobilitetsl\u00f8sninger.\" \/>\n<meta property=\"og:url\" content=\"https:\/\/www.systra.com\/denmark\/nyheder\/pressekontakt\/\" \/>\n<meta property=\"og:site_name\" content=\"Denmark\" \/>\n<meta property=\"article:modified_time\" content=\"2025-07-10T11:17:27+00:00\" \/>\n<meta property=\"og:image\" content=\"https:\/\/www.systra.com\/denmark\/wp-content\/uploads\/sites\/26\/2024\/02\/gvzjxkad.png\" \/>\n\t<meta property=\"og:image:width\" content=\"2380\" \/>\n\t<meta property=\"og:image:height\" content=\"824\" \/>\n\t<meta property=\"og:image:type\" content=\"image\/png\" \/>\n<meta name=\"twitter:card\" content=\"summary_large_image\" \/>\n<meta name=\"twitter:label1\" content=\"Est. reading time\" \/>\n\t<meta name=\"twitter:data1\" content=\"1 minute\" \/>\n<script type=\"application\/ld+json\" class=\"yoast-schema-graph\">{\"@context\":\"https:\\\/\\\/schema.org\",\"@graph\":[{\"@type\":\"WebPage\",\"@id\":\"https:\\\/\\\/www.systra.com\\\/denmark\\\/nyheder\\\/pressekontakt\\\/\",\"url\":\"https:\\\/\\\/www.systra.com\\\/denmark\\\/nyheder\\\/pressekontakt\\\/\",\"name\":\"Pressekontakt og sociale medier - SYSTRA Danmark\",\"isPartOf\":{\"@id\":\"https:\\\/\\\/www.systra.com\\\/denmark\\\/#website\"},\"primaryImageOfPage\":{\"@id\":\"https:\\\/\\\/www.systra.com\\\/denmark\\\/nyheder\\\/pressekontakt\\\/#primaryimage\"},\"image\":{\"@id\":\"https:\\\/\\\/www.systra.com\\\/denmark\\\/nyheder\\\/pressekontakt\\\/#primaryimage\"},\"thumbnailUrl\":\"https:\\\/\\\/www.systra.com\\\/denmark\\\/wp-content\\\/uploads\\\/sites\\\/26\\\/2024\\\/02\\\/gvzjxkad.png\",\"datePublished\":\"2024-01-19T15:48:04+00:00\",\"dateModified\":\"2025-07-10T11:17:27+00:00\",\"description\":\"Pressekontakt og sociale medier - SYSTRA er en af verdens f\u00f8rende ingeni\u00f8r- og r\u00e5dgivningskoncerner med speciale i offentlig transport og mobilitetsl\u00f8sninger.\",\"breadcrumb\":{\"@id\":\"https:\\\/\\\/www.systra.com\\\/denmark\\\/nyheder\\\/pressekontakt\\\/#breadcrumb\"},\"inLanguage\":\"en-US\",\"potentialAction\":[{\"@type\":\"ReadAction\",\"target\":[\"https:\\\/\\\/www.systra.com\\\/denmark\\\/nyheder\\\/pressekontakt\\\/\"]}]},{\"@type\":\"ImageObject\",\"inLanguage\":\"en-US\",\"@id\":\"https:\\\/\\\/www.systra.com\\\/denmark\\\/nyheder\\\/pressekontakt\\\/#primaryimage\",\"url\":\"https:\\\/\\\/www.systra.com\\\/denmark\\\/wp-content\\\/uploads\\\/sites\\\/26\\\/2024\\\/02\\\/gvzjxkad.png\",\"contentUrl\":\"https:\\\/\\\/www.systra.com\\\/denmark\\\/wp-content\\\/uploads\\\/sites\\\/26\\\/2024\\\/02\\\/gvzjxkad.png\",\"width\":2380,\"height\":824},{\"@type\":\"BreadcrumbList\",\"@id\":\"https:\\\/\\\/www.systra.com\\\/denmark\\\/nyheder\\\/pressekontakt\\\/#breadcrumb\",\"itemListElement\":[{\"@type\":\"ListItem\",\"position\":1,\"name\":\"Home\",\"item\":\"https:\\\/\\\/www.systra.com\\\/denmark\\\/\"},{\"@type\":\"ListItem\",\"position\":2,\"name\":\"Nyheder\",\"item\":\"https:\\\/\\\/www.systra.com\\\/denmark\\\/nyheder\\\/\"},{\"@type\":\"ListItem\",\"position\":3,\"name\":\"Pressekontakt og sociale medier\"}]},{\"@type\":\"WebSite\",\"@id\":\"https:\\\/\\\/www.systra.com\\\/denmark\\\/#website\",\"url\":\"https:\\\/\\\/www.systra.com\\\/denmark\\\/\",\"name\":\"Denmark\",\"description\":\"Un site utilisant Les sites de Systra\",\"potentialAction\":[{\"@type\":\"SearchAction\",\"target\":{\"@type\":\"EntryPoint\",\"urlTemplate\":\"https:\\\/\\\/www.systra.com\\\/denmark\\\/?s={search_term_string}\"},\"query-input\":{\"@type\":\"PropertyValueSpecification\",\"valueRequired\":true,\"valueName\":\"search_term_string\"}}],\"inLanguage\":\"en-US\"}]}<\/script>\n<!-- \/ Yoast SEO Premium plugin. -->","yoast_head_json":{"title":"Pressekontakt og sociale medier - SYSTRA Danmark","description":"Pressekontakt og sociale medier - SYSTRA er en af verdens f\u00f8rende ingeni\u00f8r- og r\u00e5dgivningskoncerner med speciale i offentlig transport og mobilitetsl\u00f8sninger.","robots":{"index":"index","follow":"follow","max-snippet":"max-snippet:-1","max-image-preview":"max-image-preview:large","max-video-preview":"max-video-preview:-1"},"og_locale":"en_US","og_type":"article","og_title":"Pressekontakt og sociale medier","og_description":"Pressekontakt og sociale medier - SYSTRA er en af verdens f\u00f8rende ingeni\u00f8r- og r\u00e5dgivningskoncerner med speciale i offentlig transport og mobilitetsl\u00f8sninger.","og_url":"https:\/\/www.systra.com\/denmark\/nyheder\/pressekontakt\/","og_site_name":"Denmark","article_modified_time":"2025-07-10T11:17:27+00:00","og_image":[{"width":2380,"height":824,"url":"https:\/\/www.systra.com\/denmark\/wp-content\/uploads\/sites\/26\/2024\/02\/gvzjxkad.png","type":"image\/png"}],"twitter_card":"summary_large_image","twitter_misc":{"Est. reading time":"1 minute"},"schema":{"@context":"https:\/\/schema.org","@graph":[{"@type":"WebPage","@id":"https:\/\/www.systra.com\/denmark\/nyheder\/pressekontakt\/","url":"https:\/\/www.systra.com\/denmark\/nyheder\/pressekontakt\/","name":"Pressekontakt og sociale medier - SYSTRA Danmark","isPartOf":{"@id":"https:\/\/www.systra.com\/denmark\/#website"},"primaryImageOfPage":{"@id":"https:\/\/www.systra.com\/denmark\/nyheder\/pressekontakt\/#primaryimage"},"image":{"@id":"https:\/\/www.systra.com\/denmark\/nyheder\/pressekontakt\/#primaryimage"},"thumbnailUrl":"https:\/\/www.systra.com\/denmark\/wp-content\/uploads\/sites\/26\/2024\/02\/gvzjxkad.png","datePublished":"2024-01-19T15:48:04+00:00","dateModified":"2025-07-10T11:17:27+00:00","description":"Pressekontakt og sociale medier - SYSTRA er en af verdens f\u00f8rende ingeni\u00f8r- og r\u00e5dgivningskoncerner med speciale i offentlig transport og mobilitetsl\u00f8sninger.","breadcrumb":{"@id":"https:\/\/www.systra.com\/denmark\/nyheder\/pressekontakt\/#breadcrumb"},"inLanguage":"en-US","potentialAction":[{"@type":"ReadAction","target":["https:\/\/www.systra.com\/denmark\/nyheder\/pressekontakt\/"]}]},{"@type":"ImageObject","inLanguage":"en-US","@id":"https:\/\/www.systra.com\/denmark\/nyheder\/pressekontakt\/#primaryimage","url":"https:\/\/www.systra.com\/denmark\/wp-content\/uploads\/sites\/26\/2024\/02\/gvzjxkad.png","contentUrl":"https:\/\/www.systra.com\/denmark\/wp-content\/uploads\/sites\/26\/2024\/02\/gvzjxkad.png","width":2380,"height":824},{"@type":"BreadcrumbList","@id":"https:\/\/www.systra.com\/denmark\/nyheder\/pressekontakt\/#breadcrumb","itemListElement":[{"@type":"ListItem","position":1,"name":"Home","item":"https:\/\/www.systra.com\/denmark\/"},{"@type":"ListItem","position":2,"name":"Nyheder","item":"https:\/\/www.systra.com\/denmark\/nyheder\/"},{"@type":"ListItem","position":3,"name":"Pressekontakt og sociale medier"}]},{"@type":"WebSite","@id":"https:\/\/www.systra.com\/denmark\/#website","url":"https:\/\/www.systra.com\/denmark\/","name":"Denmark","description":"Un site utilisant Les sites de Systra","potentialAction":[{"@type":"SearchAction","target":{"@type":"EntryPoint","urlTemplate":"https:\/\/www.systra.com\/denmark\/?s={search_term_string}"},"query-input":{"@type":"PropertyValueSpecification","valueRequired":true,"valueName":"search_term_string"}}],"inLanguage":"en-US"}]}},"lang":"da","translations":{"da":1250,"en":13194},"pll_sync_post":[],"_links":{"self":[{"href":"https:\/\/www.systra.com\/denmark\/wp-json\/wp\/v2\/pages\/1250","targetHints":{"allow":["GET"]}}],"collection":[{"href":"https:\/\/www.systra.com\/denmark\/wp-json\/wp\/v2\/pages"}],"about":[{"href":"https:\/\/www.systra.com\/denmark\/wp-json\/wp\/v2\/types\/page"}],"author":[{"embeddable":true,"href":"https:\/\/www.systra.com\/denmark\/wp-json\/wp\/v2\/users\/6"}],"replies":[{"embeddable":true,"href":"https:\/\/www.systra.com\/denmark\/wp-json\/wp\/v2\/comments?post=1250"}],"version-history":[{"count":3,"href":"https:\/\/www.systra.com\/denmark\/wp-json\/wp\/v2\/pages\/1250\/revisions"}],"predecessor-version":[{"id":41301,"href":"https:\/\/www.systra.com\/denmark\/wp-json\/wp\/v2\/pages\/1250\/revisions\/41301"}],"up":[{"embeddable":true,"href":"https:\/\/www.systra.com\/denmark\/wp-json\/wp\/v2\/pages\/410"}],"wp:featuredmedia":[{"embeddable":true,"href":"https:\/\/www.systra.com\/denmark\/wp-json\/wp\/v2\/media\/2593"}],"wp:attachment":[{"href":"https:\/\/www.systra.com\/denmark\/wp-json\/wp\/v2\/media?parent=1250"}],"curies":[{"name":"wp","href":"https:\/\/api.w.org\/{rel}","templated":true}]}}