{"id":6446,"date":"2024-01-23T16:23:52","date_gmt":"2024-01-23T15:23:52","guid":{"rendered":"https:\/\/www.systra.com\/canada\/?page_id=6446"},"modified":"2024-01-23T16:26:47","modified_gmt":"2024-01-23T15:26:47","slug":"rafik-kaci-ing-directeur-3s-qualite-ethique-et-conformite","status":"publish","type":"page","link":"https:\/\/www.systra.com\/canada\/fr\/qui-nous-sommes\/gouvernance\/rafik-kaci-ing-directeur-3s-qualite-ethique-et-conformite\/","title":{"rendered":"Rafik KACI, ing., Directeur \u2013 3S, Qualit\u00e9, \u00c9thique et conformit\u00e9"},"content":{"rendered":"\n<div class=\"wp-block-columns is-layout-flex wp-container-core-columns-is-layout-9d6595d7 wp-block-columns-is-layout-flex\">\n<div class=\"wp-block-column is-layout-flow wp-block-column-is-layout-flow\">\n<figure class=\"wp-block-image size-large\"><img loading=\"lazy\" decoding=\"async\" width=\"1024\" height=\"1024\" src=\"https:\/\/www.systra.com\/canada\/wp-content\/uploads\/sites\/15\/2024\/01\/kaci_rafik_web-1024x1024.png\" alt=\"\" class=\"wp-image-6441\" srcset=\"https:\/\/www.systra.com\/canada\/wp-content\/uploads\/sites\/15\/2024\/01\/kaci_rafik_web-1024x1024.png 1024w, https:\/\/www.systra.com\/canada\/wp-content\/uploads\/sites\/15\/2024\/01\/kaci_rafik_web-300x300.png 300w, https:\/\/www.systra.com\/canada\/wp-content\/uploads\/sites\/15\/2024\/01\/kaci_rafik_web-150x150.png 150w, https:\/\/www.systra.com\/canada\/wp-content\/uploads\/sites\/15\/2024\/01\/kaci_rafik_web-768x768.png 768w, https:\/\/www.systra.com\/canada\/wp-content\/uploads\/sites\/15\/2024\/01\/kaci_rafik_web-1536x1536.png 1536w, https:\/\/www.systra.com\/canada\/wp-content\/uploads\/sites\/15\/2024\/01\/kaci_rafik_web-2048x2048.png 2048w, https:\/\/www.systra.com\/canada\/wp-content\/uploads\/sites\/15\/2024\/01\/kaci_rafik_web-376x376.png 376w, https:\/\/www.systra.com\/canada\/wp-content\/uploads\/sites\/15\/2024\/01\/kaci_rafik_web-474x474.png 474w, https:\/\/www.systra.com\/canada\/wp-content\/uploads\/sites\/15\/2024\/01\/kaci_rafik_web-660x660.png 660w, https:\/\/www.systra.com\/canada\/wp-content\/uploads\/sites\/15\/2024\/01\/kaci_rafik_web-1700x1700.png 1700w, https:\/\/www.systra.com\/canada\/wp-content\/uploads\/sites\/15\/2024\/01\/kaci_rafik_web-1352x1352.png 1352w, https:\/\/www.systra.com\/canada\/wp-content\/uploads\/sites\/15\/2024\/01\/kaci_rafik_web-800x800.png 800w, https:\/\/www.systra.com\/canada\/wp-content\/uploads\/sites\/15\/2024\/01\/kaci_rafik_web-180x180.png 180w, https:\/\/www.systra.com\/canada\/wp-content\/uploads\/sites\/15\/2024\/01\/kaci_rafik_web-153x153.png 153w, https:\/\/www.systra.com\/canada\/wp-content\/uploads\/sites\/15\/2024\/01\/kaci_rafik_web-230x230.png 230w\" sizes=\"auto, (max-width: 1024px) 100vw, 1024px\" \/><\/figure>\n<\/div>\n\n\n\n<div class=\"wp-block-column is-layout-flow wp-block-column-is-layout-flow\">\n<h2 class=\"wp-block-heading\" id=\"h-biographie\">BiographIE<\/h2>\n\n\n\n<div style=\"height:30px\" aria-hidden=\"true\" class=\"wp-block-spacer\"><\/div>\n\n\n\n<p>M. Rafik Kaci est responsable de <em>la Sant\u00e9, s\u00e9curit\u00e9 et s\u00fbret\u00e9<\/em> (3S), de la <em>Qualit\u00e9<\/em>, ainsi que de l\u2019<em>\u00c9thique<\/em> et <em>conformit\u00e9 <\/em>au sein de SYSTRA Canada. Fort de ses 30 ann\u00e9es d\u2019exp\u00e9rience, principalement dans les industries ferroviaire, de l\u2019\u00e9nergie et du c\u00e2ble, il a \u00e9t\u00e9 impliqu\u00e9 dans la r\u00e9alisation de plusieurs projets d\u2019infrastructure d\u2019envergure au Canada, d\u2019un oc\u00e9an \u00e0 l\u2019autre.<\/p>\n\n\n\n<div style=\"height:30px\" aria-hidden=\"true\" class=\"wp-block-spacer\"><\/div>\n\n\n\n<p>M. Kaci a d\u00e9velopp\u00e9 une expertise en gestion de projets et dans la mise en place de syst\u00e8mes de gestion en <em>sant\u00e9 et s\u00e9curit\u00e9<\/em> (ISO 45011 et COR), en <em>qualit\u00e9<\/em> (ISO 9001), et en <em>environnement<\/em> (ISO 14001).<\/p>\n\n\n\n<div style=\"height:30px\" aria-hidden=\"true\" class=\"wp-block-spacer\"><\/div>\n\n\n\n<p>Ing\u00e9nieur et d\u00e9tenteur d\u2019une ma\u00eetrise en g\u00e9nie \u00e9lectrique de la Facult\u00e9 des sciences et technologies \u2013 \u00a0Universit\u00e9 de Lille en France, M. Kaci poss\u00e8de \u00e9galement les certifications suivantes\u00a0:<\/p>\n\n\n\n<div style=\"height:15px\" aria-hidden=\"true\" class=\"wp-block-spacer\"><\/div>\n\n\n\n<ul class=\"wp-block-list\">\n<li>PMP \u2013 Professionnel en gestion de projets (<em>Project Management Professional<\/em>) du PMI<\/li>\n\n\n\n<li>PSAC \u2013 Professionnel en s\u00e9curit\u00e9 agr\u00e9\u00e9 du Canada du CCPSA<\/li>\n\n\n\n<li>CHSC \u2013 Consultant certifi\u00e9 en sant\u00e9 et s\u00e9curit\u00e9 (<em>Certified Health and Safety Consultant<\/em>) du CSSE<\/li>\n\n\n\n<li>CMQ\/OE \u2013 Directeur qualit\u00e9 certifi\u00e9 \/ Excellence organisationnelle de l\u2019ASQ (<em>Certified Manager of Quality\/Organizational Excellence by the American Society for Quality<\/em>)<\/li>\n\n\n\n<li>CQA \u2013 Auditeur qualit\u00e9 certifI\u00e9 de l&#8217;ASQ<\/li>\n\n\n\n<li>Six Sigma \u2013 Ceinture verte de Lean Sigma Corporation<\/li>\n<\/ul>\n<\/div>\n<\/div>\n\n\n\n<div style=\"height:100px\" aria-hidden=\"true\" class=\"wp-block-spacer\"><\/div>\n\n\n\n<div class=\"wp-block-buttons is-content-justification-center is-layout-flex wp-container-core-buttons-is-layout-16018d1d wp-block-buttons-is-layout-flex\">\n<div class=\"wp-block-button\"><a class=\"wp-block-button__link has-blanc-color has-dusty-blue-background-color has-text-color has-background wp-element-button\" href=\"https:\/\/www.systra.com\/canada\/fr\/qui-nous-sommes\/gouvernance\/\">DE RETOUR \u00c0 <em>GOUVERNANCE<\/em><\/a><\/div>\n<\/div>\n","protected":false},"excerpt":{"rendered":"<p>BiographIE M. Rafik Kaci est responsable de la Sant\u00e9, s\u00e9curit\u00e9 et s\u00fbret\u00e9 (3S), de la Qualit\u00e9, ainsi que de l\u2019\u00c9thique et conformit\u00e9 au sein de SYSTRA Canada. Fort de ses 30 ann\u00e9es d\u2019exp\u00e9rience, principalement dans les industries ferroviaire, de l\u2019\u00e9nergie et du c\u00e2ble, il a \u00e9t\u00e9 impliqu\u00e9 dans la r\u00e9alisation de plusieurs projets d\u2019infrastructure d\u2019envergure [&hellip;]<\/p>\n","protected":false},"author":65,"featured_media":662,"parent":2821,"menu_order":0,"comment_status":"closed","ping_status":"closed","template":"","meta":{"_acf_changed":false,"_relevanssi_hide_post":"","_relevanssi_hide_content":"","_relevanssi_pin_for_all":"","_relevanssi_pin_keywords":"","_relevanssi_unpin_keywords":"","_relevanssi_related_keywords":"","_relevanssi_related_include_ids":"","_relevanssi_related_exclude_ids":"","_relevanssi_related_no_append":"","_relevanssi_related_not_related":"","_relevanssi_related_posts":"808,907,1172,695,1079,1146","_relevanssi_noindex_reason":"","footnotes":""},"class_list":["post-6446","page","type-page","status-publish","has-post-thumbnail","hentry"],"acf":[],"yoast_head":"<!-- This site is optimized with the Yoast SEO Premium plugin v27.4 (Yoast SEO v27.4) - https:\/\/yoast.com\/product\/yoast-seo-premium-wordpress\/ -->\n<title>Rafik KACI, ing., Directeur \u2013 3S, Qualit\u00e9, \u00c9thique et conformit\u00e9 - SYSTRA Canada<\/title>\n<meta name=\"description\" content=\"SYSTRA Canada, consulting and engineering firm, world leader in public transport infrastructure engineering.\" \/>\n<meta name=\"robots\" content=\"index, follow, max-snippet:-1, max-image-preview:large, max-video-preview:-1\" \/>\n<meta property=\"og:locale\" content=\"fr_FR\" \/>\n<meta property=\"og:type\" content=\"article\" \/>\n<meta property=\"og:title\" content=\"Rafik KACI, ing., Directeur \u2013 3S, Qualit\u00e9, \u00c9thique et conformit\u00e9\" \/>\n<meta property=\"og:description\" content=\"SYSTRA Canada, consulting and engineering firm, world leader in public transport infrastructure engineering.\" \/>\n<meta property=\"og:url\" content=\"https:\/\/www.systra.com\/canada\/fr\/qui-nous-sommes\/gouvernance\/rafik-kaci-ing-directeur-3s-qualite-ethique-et-conformite\/\" \/>\n<meta property=\"og:site_name\" content=\"Canada\" \/>\n<meta property=\"article:modified_time\" content=\"2024-01-23T15:26:47+00:00\" \/>\n<meta property=\"og:image\" content=\"https:\/\/www.systra.com\/canada\/wp-content\/uploads\/sites\/15\/2023\/03\/main_about-us_mtl-office-building_2380x1500_v2.jpg\" \/>\n\t<meta property=\"og:image:width\" content=\"2380\" \/>\n\t<meta property=\"og:image:height\" content=\"1500\" \/>\n\t<meta property=\"og:image:type\" content=\"image\/jpeg\" \/>\n<meta name=\"twitter:card\" content=\"summary_large_image\" \/>\n<meta name=\"twitter:label1\" content=\"Dur\u00e9e de lecture estim\u00e9e\" \/>\n\t<meta name=\"twitter:data1\" content=\"2 minutes\" \/>\n<script type=\"application\/ld+json\" class=\"yoast-schema-graph\">{\"@context\":\"https:\\\/\\\/schema.org\",\"@graph\":[{\"@type\":\"WebPage\",\"@id\":\"https:\\\/\\\/www.systra.com\\\/canada\\\/fr\\\/qui-nous-sommes\\\/gouvernance\\\/rafik-kaci-ing-directeur-3s-qualite-ethique-et-conformite\\\/\",\"url\":\"https:\\\/\\\/www.systra.com\\\/canada\\\/fr\\\/qui-nous-sommes\\\/gouvernance\\\/rafik-kaci-ing-directeur-3s-qualite-ethique-et-conformite\\\/\",\"name\":\"Rafik KACI, ing., Directeur \u2013 3S, Qualit\u00e9, \u00c9thique et conformit\u00e9 - SYSTRA Canada\",\"isPartOf\":{\"@id\":\"https:\\\/\\\/www.systra.com\\\/canada\\\/#website\"},\"primaryImageOfPage\":{\"@id\":\"https:\\\/\\\/www.systra.com\\\/canada\\\/fr\\\/qui-nous-sommes\\\/gouvernance\\\/rafik-kaci-ing-directeur-3s-qualite-ethique-et-conformite\\\/#primaryimage\"},\"image\":{\"@id\":\"https:\\\/\\\/www.systra.com\\\/canada\\\/fr\\\/qui-nous-sommes\\\/gouvernance\\\/rafik-kaci-ing-directeur-3s-qualite-ethique-et-conformite\\\/#primaryimage\"},\"thumbnailUrl\":\"https:\\\/\\\/www.systra.com\\\/canada\\\/wp-content\\\/uploads\\\/sites\\\/15\\\/2023\\\/03\\\/main_about-us_mtl-office-building_2380x1500_v2.jpg\",\"datePublished\":\"2024-01-23T15:23:52+00:00\",\"dateModified\":\"2024-01-23T15:26:47+00:00\",\"description\":\"SYSTRA Canada, consulting and engineering firm, world leader in public transport infrastructure engineering.\",\"breadcrumb\":{\"@id\":\"https:\\\/\\\/www.systra.com\\\/canada\\\/fr\\\/qui-nous-sommes\\\/gouvernance\\\/rafik-kaci-ing-directeur-3s-qualite-ethique-et-conformite\\\/#breadcrumb\"},\"inLanguage\":\"fr-FR\",\"potentialAction\":[{\"@type\":\"ReadAction\",\"target\":[\"https:\\\/\\\/www.systra.com\\\/canada\\\/fr\\\/qui-nous-sommes\\\/gouvernance\\\/rafik-kaci-ing-directeur-3s-qualite-ethique-et-conformite\\\/\"]}]},{\"@type\":\"ImageObject\",\"inLanguage\":\"fr-FR\",\"@id\":\"https:\\\/\\\/www.systra.com\\\/canada\\\/fr\\\/qui-nous-sommes\\\/gouvernance\\\/rafik-kaci-ing-directeur-3s-qualite-ethique-et-conformite\\\/#primaryimage\",\"url\":\"https:\\\/\\\/www.systra.com\\\/canada\\\/wp-content\\\/uploads\\\/sites\\\/15\\\/2023\\\/03\\\/main_about-us_mtl-office-building_2380x1500_v2.jpg\",\"contentUrl\":\"https:\\\/\\\/www.systra.com\\\/canada\\\/wp-content\\\/uploads\\\/sites\\\/15\\\/2023\\\/03\\\/main_about-us_mtl-office-building_2380x1500_v2.jpg\",\"width\":2380,\"height\":1500},{\"@type\":\"BreadcrumbList\",\"@id\":\"https:\\\/\\\/www.systra.com\\\/canada\\\/fr\\\/qui-nous-sommes\\\/gouvernance\\\/rafik-kaci-ing-directeur-3s-qualite-ethique-et-conformite\\\/#breadcrumb\",\"itemListElement\":[{\"@type\":\"ListItem\",\"position\":1,\"name\":\"Accueil\",\"item\":\"https:\\\/\\\/www.systra.com\\\/canada\\\/fr\\\/\"},{\"@type\":\"ListItem\",\"position\":2,\"name\":\"Qui nous sommes\",\"item\":\"https:\\\/\\\/www.systra.com\\\/canada\\\/fr\\\/qui-nous-sommes\\\/\"},{\"@type\":\"ListItem\",\"position\":3,\"name\":\"Gouvernance\",\"item\":\"https:\\\/\\\/www.systra.com\\\/canada\\\/fr\\\/qui-nous-sommes\\\/gouvernance\\\/\"},{\"@type\":\"ListItem\",\"position\":4,\"name\":\"Rafik KACI, ing., Directeur \u2013 3S, Qualit\u00e9, \u00c9thique et conformit\u00e9\"}]},{\"@type\":\"WebSite\",\"@id\":\"https:\\\/\\\/www.systra.com\\\/canada\\\/#website\",\"url\":\"https:\\\/\\\/www.systra.com\\\/canada\\\/\",\"name\":\"Canada\",\"description\":\"Un site utilisant Les sites de Systra\",\"potentialAction\":[{\"@type\":\"SearchAction\",\"target\":{\"@type\":\"EntryPoint\",\"urlTemplate\":\"https:\\\/\\\/www.systra.com\\\/canada\\\/?s={search_term_string}\"},\"query-input\":{\"@type\":\"PropertyValueSpecification\",\"valueRequired\":true,\"valueName\":\"search_term_string\"}}],\"inLanguage\":\"fr-FR\"}]}<\/script>\n<!-- \/ Yoast SEO Premium plugin. -->","yoast_head_json":{"title":"Rafik KACI, ing., Directeur \u2013 3S, Qualit\u00e9, \u00c9thique et conformit\u00e9 - SYSTRA Canada","description":"SYSTRA Canada, consulting and engineering firm, world leader in public transport infrastructure engineering.","robots":{"index":"index","follow":"follow","max-snippet":"max-snippet:-1","max-image-preview":"max-image-preview:large","max-video-preview":"max-video-preview:-1"},"og_locale":"fr_FR","og_type":"article","og_title":"Rafik KACI, ing., Directeur \u2013 3S, Qualit\u00e9, \u00c9thique et conformit\u00e9","og_description":"SYSTRA Canada, consulting and engineering firm, world leader in public transport infrastructure engineering.","og_url":"https:\/\/www.systra.com\/canada\/fr\/qui-nous-sommes\/gouvernance\/rafik-kaci-ing-directeur-3s-qualite-ethique-et-conformite\/","og_site_name":"Canada","article_modified_time":"2024-01-23T15:26:47+00:00","og_image":[{"width":2380,"height":1500,"url":"https:\/\/www.systra.com\/canada\/wp-content\/uploads\/sites\/15\/2023\/03\/main_about-us_mtl-office-building_2380x1500_v2.jpg","type":"image\/jpeg"}],"twitter_card":"summary_large_image","twitter_misc":{"Dur\u00e9e de lecture estim\u00e9e":"2 minutes"},"schema":{"@context":"https:\/\/schema.org","@graph":[{"@type":"WebPage","@id":"https:\/\/www.systra.com\/canada\/fr\/qui-nous-sommes\/gouvernance\/rafik-kaci-ing-directeur-3s-qualite-ethique-et-conformite\/","url":"https:\/\/www.systra.com\/canada\/fr\/qui-nous-sommes\/gouvernance\/rafik-kaci-ing-directeur-3s-qualite-ethique-et-conformite\/","name":"Rafik KACI, ing., Directeur \u2013 3S, Qualit\u00e9, \u00c9thique et conformit\u00e9 - SYSTRA Canada","isPartOf":{"@id":"https:\/\/www.systra.com\/canada\/#website"},"primaryImageOfPage":{"@id":"https:\/\/www.systra.com\/canada\/fr\/qui-nous-sommes\/gouvernance\/rafik-kaci-ing-directeur-3s-qualite-ethique-et-conformite\/#primaryimage"},"image":{"@id":"https:\/\/www.systra.com\/canada\/fr\/qui-nous-sommes\/gouvernance\/rafik-kaci-ing-directeur-3s-qualite-ethique-et-conformite\/#primaryimage"},"thumbnailUrl":"https:\/\/www.systra.com\/canada\/wp-content\/uploads\/sites\/15\/2023\/03\/main_about-us_mtl-office-building_2380x1500_v2.jpg","datePublished":"2024-01-23T15:23:52+00:00","dateModified":"2024-01-23T15:26:47+00:00","description":"SYSTRA Canada, consulting and engineering firm, world leader in public transport infrastructure engineering.","breadcrumb":{"@id":"https:\/\/www.systra.com\/canada\/fr\/qui-nous-sommes\/gouvernance\/rafik-kaci-ing-directeur-3s-qualite-ethique-et-conformite\/#breadcrumb"},"inLanguage":"fr-FR","potentialAction":[{"@type":"ReadAction","target":["https:\/\/www.systra.com\/canada\/fr\/qui-nous-sommes\/gouvernance\/rafik-kaci-ing-directeur-3s-qualite-ethique-et-conformite\/"]}]},{"@type":"ImageObject","inLanguage":"fr-FR","@id":"https:\/\/www.systra.com\/canada\/fr\/qui-nous-sommes\/gouvernance\/rafik-kaci-ing-directeur-3s-qualite-ethique-et-conformite\/#primaryimage","url":"https:\/\/www.systra.com\/canada\/wp-content\/uploads\/sites\/15\/2023\/03\/main_about-us_mtl-office-building_2380x1500_v2.jpg","contentUrl":"https:\/\/www.systra.com\/canada\/wp-content\/uploads\/sites\/15\/2023\/03\/main_about-us_mtl-office-building_2380x1500_v2.jpg","width":2380,"height":1500},{"@type":"BreadcrumbList","@id":"https:\/\/www.systra.com\/canada\/fr\/qui-nous-sommes\/gouvernance\/rafik-kaci-ing-directeur-3s-qualite-ethique-et-conformite\/#breadcrumb","itemListElement":[{"@type":"ListItem","position":1,"name":"Accueil","item":"https:\/\/www.systra.com\/canada\/fr\/"},{"@type":"ListItem","position":2,"name":"Qui nous sommes","item":"https:\/\/www.systra.com\/canada\/fr\/qui-nous-sommes\/"},{"@type":"ListItem","position":3,"name":"Gouvernance","item":"https:\/\/www.systra.com\/canada\/fr\/qui-nous-sommes\/gouvernance\/"},{"@type":"ListItem","position":4,"name":"Rafik KACI, ing., Directeur \u2013 3S, Qualit\u00e9, \u00c9thique et conformit\u00e9"}]},{"@type":"WebSite","@id":"https:\/\/www.systra.com\/canada\/#website","url":"https:\/\/www.systra.com\/canada\/","name":"Canada","description":"Un site utilisant Les sites de Systra","potentialAction":[{"@type":"SearchAction","target":{"@type":"EntryPoint","urlTemplate":"https:\/\/www.systra.com\/canada\/?s={search_term_string}"},"query-input":{"@type":"PropertyValueSpecification","valueRequired":true,"valueName":"search_term_string"}}],"inLanguage":"fr-FR"}]}},"lang":"fr","translations":{"fr":6446,"en":6440},"pll_sync_post":[],"_links":{"self":[{"href":"https:\/\/www.systra.com\/canada\/wp-json\/wp\/v2\/pages\/6446","targetHints":{"allow":["GET"]}}],"collection":[{"href":"https:\/\/www.systra.com\/canada\/wp-json\/wp\/v2\/pages"}],"about":[{"href":"https:\/\/www.systra.com\/canada\/wp-json\/wp\/v2\/types\/page"}],"author":[{"embeddable":true,"href":"https:\/\/www.systra.com\/canada\/wp-json\/wp\/v2\/users\/65"}],"replies":[{"embeddable":true,"href":"https:\/\/www.systra.com\/canada\/wp-json\/wp\/v2\/comments?post=6446"}],"version-history":[{"count":3,"href":"https:\/\/www.systra.com\/canada\/wp-json\/wp\/v2\/pages\/6446\/revisions"}],"predecessor-version":[{"id":6450,"href":"https:\/\/www.systra.com\/canada\/wp-json\/wp\/v2\/pages\/6446\/revisions\/6450"}],"up":[{"embeddable":true,"href":"https:\/\/www.systra.com\/canada\/wp-json\/wp\/v2\/pages\/2821"}],"wp:featuredmedia":[{"embeddable":true,"href":"https:\/\/www.systra.com\/canada\/wp-json\/wp\/v2\/media\/662"}],"wp:attachment":[{"href":"https:\/\/www.systra.com\/canada\/wp-json\/wp\/v2\/media?parent=6446"}],"curies":[{"name":"wp","href":"https:\/\/api.w.org\/{rel}","templated":true}]}}